{"id":9340,"date":"2017-11-21T15:46:14","date_gmt":"2017-11-21T13:46:14","guid":{"rendered":"https:\/\/www.balther.net\/?page_id=9340\/"},"modified":"2017-11-21T15:55:17","modified_gmt":"2017-11-21T13:55:17","slug":"baltic-heritage-network-konference-2018-baltiesu-diasporas-jaunie-sakumi","status":"publish","type":"page","link":"https:\/\/www.balther.net\/lv\/sadarbiba\/konferences\/baltic-heritage-network-konference-2018-baltiesu-diasporas-jaunie-sakumi\/","title":{"rendered":"Baltic Heritage Network konference 2018 &#8220;Baltie\u0161u diasporas jaunie s\u0101kumi&#8221;"},"content":{"rendered":"<p><strong>Baltic Heritage Network konference &#8220;Baltie\u0161u diasporas jaunie s\u0101kumi&#8221;<\/strong><br \/>\n<strong>26.-29.06.2018<\/strong><br \/>\n<strong>Tartu, Igaunija<\/p>\n<p><\/strong><\/p>\n<p>LAS\u012aT T\u0100L\u0100K: https:\/\/www.balther.net\/cooperation-2\/conferences\/balthernet-conference-2018-new-beginnings-baltic-diaspora\/paper-call\/<\/p>\n<p>&nbsp;<\/p>\n<p><a href=\"https:\/\/www.balther.net\/wp-content\/uploads\/2017\/11\/2018Banner_LAT.png\" data-rel=\"lightbox-image-0\" data-rl_title=\"\" data-rl_caption=\"\" title=\"\"><img loading=\"lazy\" decoding=\"async\" class=\"aligncenter size-full wp-image-9347\" src=\"https:\/\/www.balther.net\/wp-content\/uploads\/2017\/11\/2018Banner_LAT.png\" alt=\"\" width=\"1612\" height=\"468\" srcset=\"https:\/\/www.balther.net\/wp-content\/uploads\/2017\/11\/2018Banner_LAT.png 1612w, https:\/\/www.balther.net\/wp-content\/uploads\/2017\/11\/2018Banner_LAT-300x87.png 300w, https:\/\/www.balther.net\/wp-content\/uploads\/2017\/11\/2018Banner_LAT-768x223.png 768w, https:\/\/www.balther.net\/wp-content\/uploads\/2017\/11\/2018Banner_LAT-1024x297.png 1024w, https:\/\/www.balther.net\/wp-content\/uploads\/2017\/11\/2018Banner_LAT-1116x324.png 1116w\" sizes=\"auto, (max-width: 1612px) 100vw, 1612px\" \/><\/a><\/p>\n","protected":false},"excerpt":{"rendered":"<p>Baltic Heritage Network konference &#8220;Baltie\u0161u diasporas jaunie s\u0101kumi&#8221; 26.-29.06.2018 Tartu, Igaunija LAS\u012aT T\u0100L\u0100K: https:\/\/www.balther.net\/cooperation-2\/conferences\/balthernet-conference-2018-new-beginnings-baltic-diaspora\/paper-call\/ &nbsp;<\/p>\n","protected":false},"author":5,"featured_media":0,"parent":7454,"menu_order":0,"comment_status":"closed","ping_status":"closed","template":"","meta":{"_acf_changed":false,"_monsterinsights_skip_tracking":false,"_monsterinsights_sitenote_active":false,"_monsterinsights_sitenote_note":"","_monsterinsights_sitenote_category":0,"ngg_post_thumbnail":0,"footnotes":""},"class_list":["post-9340","page","type-page","status-publish","hentry"],"acf":[],"yoast_head":"<!-- This site is optimized with the Yoast SEO plugin v24.2 - https:\/\/yoast.com\/wordpress\/plugins\/seo\/ -->\n<title>Baltic Heritage Network konference 2018 &quot;Baltie\u0161u diasporas jaunie s\u0101kumi&quot; - BaltHerNet<\/title>\n<meta name=\"robots\" content=\"index, follow, max-snippet:-1, max-image-preview:large, max-video-preview:-1\" \/>\n<link rel=\"canonical\" href=\"https:\/\/www.balther.net\/lv\/sadarbiba\/konferences\/baltic-heritage-network-konference-2018-baltiesu-diasporas-jaunie-sakumi\/\" \/>\n<meta property=\"og:locale\" content=\"lv_LV\" \/>\n<meta property=\"og:type\" content=\"article\" \/>\n<meta property=\"og:title\" content=\"Baltic Heritage Network konference 2018 &quot;Baltie\u0161u diasporas jaunie s\u0101kumi&quot; - BaltHerNet\" \/>\n<meta property=\"og:description\" content=\"Baltic Heritage Network konference &#8220;Baltie\u0161u diasporas jaunie s\u0101kumi&#8221; 26.-29.06.2018 Tartu, Igaunija LAS\u012aT T\u0100L\u0100K: https:\/\/www.balther.net\/cooperation-2\/conferences\/balthernet-conference-2018-new-beginnings-baltic-diaspora\/paper-call\/ &nbsp;\" \/>\n<meta property=\"og:url\" content=\"https:\/\/www.balther.net\/lv\/sadarbiba\/konferences\/baltic-heritage-network-konference-2018-baltiesu-diasporas-jaunie-sakumi\/\" \/>\n<meta property=\"og:site_name\" content=\"BaltHerNet\" \/>\n<meta property=\"article:modified_time\" content=\"2017-11-21T13:55:17+00:00\" \/>\n<meta property=\"og:image\" content=\"https:\/\/www.balther.net\/wp-content\/uploads\/2017\/11\/2018Banner_LAT.png\" \/>\n<meta name=\"twitter:card\" content=\"summary_large_image\" \/>\n<script type=\"application\/ld+json\" class=\"yoast-schema-graph\">{\"@context\":\"https:\/\/schema.org\",\"@graph\":[{\"@type\":\"WebPage\",\"@id\":\"https:\/\/www.balther.net\/lv\/sadarbiba\/konferences\/baltic-heritage-network-konference-2018-baltiesu-diasporas-jaunie-sakumi\/\",\"url\":\"https:\/\/www.balther.net\/lv\/sadarbiba\/konferences\/baltic-heritage-network-konference-2018-baltiesu-diasporas-jaunie-sakumi\/\",\"name\":\"Baltic Heritage Network konference 2018 \\\"Baltie\u0161u diasporas jaunie s\u0101kumi\\\" - BaltHerNet\",\"isPartOf\":{\"@id\":\"https:\/\/www.balther.net\/#website\"},\"primaryImageOfPage\":{\"@id\":\"https:\/\/www.balther.net\/lv\/sadarbiba\/konferences\/baltic-heritage-network-konference-2018-baltiesu-diasporas-jaunie-sakumi\/#primaryimage\"},\"image\":{\"@id\":\"https:\/\/www.balther.net\/lv\/sadarbiba\/konferences\/baltic-heritage-network-konference-2018-baltiesu-diasporas-jaunie-sakumi\/#primaryimage\"},\"thumbnailUrl\":\"https:\/\/www.balther.net\/wp-content\/uploads\/2017\/11\/2018Banner_LAT.png\",\"datePublished\":\"2017-11-21T13:46:14+00:00\",\"dateModified\":\"2017-11-21T13:55:17+00:00\",\"breadcrumb\":{\"@id\":\"https:\/\/www.balther.net\/lv\/sadarbiba\/konferences\/baltic-heritage-network-konference-2018-baltiesu-diasporas-jaunie-sakumi\/#breadcrumb\"},\"inLanguage\":\"lv-LV\",\"potentialAction\":[{\"@type\":\"ReadAction\",\"target\":[\"https:\/\/www.balther.net\/lv\/sadarbiba\/konferences\/baltic-heritage-network-konference-2018-baltiesu-diasporas-jaunie-sakumi\/\"]}]},{\"@type\":\"ImageObject\",\"inLanguage\":\"lv-LV\",\"@id\":\"https:\/\/www.balther.net\/lv\/sadarbiba\/konferences\/baltic-heritage-network-konference-2018-baltiesu-diasporas-jaunie-sakumi\/#primaryimage\",\"url\":\"https:\/\/www.balther.net\/wp-content\/uploads\/2017\/11\/2018Banner_LAT.png\",\"contentUrl\":\"https:\/\/www.balther.net\/wp-content\/uploads\/2017\/11\/2018Banner_LAT.png\"},{\"@type\":\"BreadcrumbList\",\"@id\":\"https:\/\/www.balther.net\/lv\/sadarbiba\/konferences\/baltic-heritage-network-konference-2018-baltiesu-diasporas-jaunie-sakumi\/#breadcrumb\",\"itemListElement\":[{\"@type\":\"ListItem\",\"position\":1,\"name\":\"Home\",\"item\":\"https:\/\/www.balther.net\/lv\/\"},{\"@type\":\"ListItem\",\"position\":2,\"name\":\"Sadarb\u012bba\",\"item\":\"https:\/\/www.balther.net\/lv\/sadarbiba\/\"},{\"@type\":\"ListItem\",\"position\":3,\"name\":\"Konferences\",\"item\":\"https:\/\/www.balther.net\/lv\/sadarbiba\/konferences\/\"},{\"@type\":\"ListItem\",\"position\":4,\"name\":\"Baltic Heritage Network konference 2018 &#8220;Baltie\u0161u diasporas jaunie s\u0101kumi&#8221;\"}]},{\"@type\":\"WebSite\",\"@id\":\"https:\/\/www.balther.net\/#website\",\"url\":\"https:\/\/www.balther.net\/\",\"name\":\"BaltHerNet\",\"description\":\"\",\"potentialAction\":[{\"@type\":\"SearchAction\",\"target\":{\"@type\":\"EntryPoint\",\"urlTemplate\":\"https:\/\/www.balther.net\/?s={search_term_string}\"},\"query-input\":{\"@type\":\"PropertyValueSpecification\",\"valueRequired\":true,\"valueName\":\"search_term_string\"}}],\"inLanguage\":\"lv-LV\"}]}<\/script>\n<!-- \/ Yoast SEO plugin. -->","yoast_head_json":{"title":"Baltic Heritage Network konference 2018 \"Baltie\u0161u diasporas jaunie s\u0101kumi\" - BaltHerNet","robots":{"index":"index","follow":"follow","max-snippet":"max-snippet:-1","max-image-preview":"max-image-preview:large","max-video-preview":"max-video-preview:-1"},"canonical":"https:\/\/www.balther.net\/lv\/sadarbiba\/konferences\/baltic-heritage-network-konference-2018-baltiesu-diasporas-jaunie-sakumi\/","og_locale":"lv_LV","og_type":"article","og_title":"Baltic Heritage Network konference 2018 \"Baltie\u0161u diasporas jaunie s\u0101kumi\" - BaltHerNet","og_description":"Baltic Heritage Network konference &#8220;Baltie\u0161u diasporas jaunie s\u0101kumi&#8221; 26.-29.06.2018 Tartu, Igaunija LAS\u012aT T\u0100L\u0100K: https:\/\/www.balther.net\/cooperation-2\/conferences\/balthernet-conference-2018-new-beginnings-baltic-diaspora\/paper-call\/ &nbsp;","og_url":"https:\/\/www.balther.net\/lv\/sadarbiba\/konferences\/baltic-heritage-network-konference-2018-baltiesu-diasporas-jaunie-sakumi\/","og_site_name":"BaltHerNet","article_modified_time":"2017-11-21T13:55:17+00:00","og_image":[{"url":"https:\/\/www.balther.net\/wp-content\/uploads\/2017\/11\/2018Banner_LAT.png","type":"","width":"","height":""}],"twitter_card":"summary_large_image","schema":{"@context":"https:\/\/schema.org","@graph":[{"@type":"WebPage","@id":"https:\/\/www.balther.net\/lv\/sadarbiba\/konferences\/baltic-heritage-network-konference-2018-baltiesu-diasporas-jaunie-sakumi\/","url":"https:\/\/www.balther.net\/lv\/sadarbiba\/konferences\/baltic-heritage-network-konference-2018-baltiesu-diasporas-jaunie-sakumi\/","name":"Baltic Heritage Network konference 2018 \"Baltie\u0161u diasporas jaunie s\u0101kumi\" - BaltHerNet","isPartOf":{"@id":"https:\/\/www.balther.net\/#website"},"primaryImageOfPage":{"@id":"https:\/\/www.balther.net\/lv\/sadarbiba\/konferences\/baltic-heritage-network-konference-2018-baltiesu-diasporas-jaunie-sakumi\/#primaryimage"},"image":{"@id":"https:\/\/www.balther.net\/lv\/sadarbiba\/konferences\/baltic-heritage-network-konference-2018-baltiesu-diasporas-jaunie-sakumi\/#primaryimage"},"thumbnailUrl":"https:\/\/www.balther.net\/wp-content\/uploads\/2017\/11\/2018Banner_LAT.png","datePublished":"2017-11-21T13:46:14+00:00","dateModified":"2017-11-21T13:55:17+00:00","breadcrumb":{"@id":"https:\/\/www.balther.net\/lv\/sadarbiba\/konferences\/baltic-heritage-network-konference-2018-baltiesu-diasporas-jaunie-sakumi\/#breadcrumb"},"inLanguage":"lv-LV","potentialAction":[{"@type":"ReadAction","target":["https:\/\/www.balther.net\/lv\/sadarbiba\/konferences\/baltic-heritage-network-konference-2018-baltiesu-diasporas-jaunie-sakumi\/"]}]},{"@type":"ImageObject","inLanguage":"lv-LV","@id":"https:\/\/www.balther.net\/lv\/sadarbiba\/konferences\/baltic-heritage-network-konference-2018-baltiesu-diasporas-jaunie-sakumi\/#primaryimage","url":"https:\/\/www.balther.net\/wp-content\/uploads\/2017\/11\/2018Banner_LAT.png","contentUrl":"https:\/\/www.balther.net\/wp-content\/uploads\/2017\/11\/2018Banner_LAT.png"},{"@type":"BreadcrumbList","@id":"https:\/\/www.balther.net\/lv\/sadarbiba\/konferences\/baltic-heritage-network-konference-2018-baltiesu-diasporas-jaunie-sakumi\/#breadcrumb","itemListElement":[{"@type":"ListItem","position":1,"name":"Home","item":"https:\/\/www.balther.net\/lv\/"},{"@type":"ListItem","position":2,"name":"Sadarb\u012bba","item":"https:\/\/www.balther.net\/lv\/sadarbiba\/"},{"@type":"ListItem","position":3,"name":"Konferences","item":"https:\/\/www.balther.net\/lv\/sadarbiba\/konferences\/"},{"@type":"ListItem","position":4,"name":"Baltic Heritage Network konference 2018 &#8220;Baltie\u0161u diasporas jaunie s\u0101kumi&#8221;"}]},{"@type":"WebSite","@id":"https:\/\/www.balther.net\/#website","url":"https:\/\/www.balther.net\/","name":"BaltHerNet","description":"","potentialAction":[{"@type":"SearchAction","target":{"@type":"EntryPoint","urlTemplate":"https:\/\/www.balther.net\/?s={search_term_string}"},"query-input":{"@type":"PropertyValueSpecification","valueRequired":true,"valueName":"search_term_string"}}],"inLanguage":"lv-LV"}]}},"_links":{"self":[{"href":"https:\/\/www.balther.net\/lv\/wp-json\/wp\/v2\/pages\/9340","targetHints":{"allow":["GET"]}}],"collection":[{"href":"https:\/\/www.balther.net\/lv\/wp-json\/wp\/v2\/pages"}],"about":[{"href":"https:\/\/www.balther.net\/lv\/wp-json\/wp\/v2\/types\/page"}],"author":[{"embeddable":true,"href":"https:\/\/www.balther.net\/lv\/wp-json\/wp\/v2\/users\/5"}],"replies":[{"embeddable":true,"href":"https:\/\/www.balther.net\/lv\/wp-json\/wp\/v2\/comments?post=9340"}],"version-history":[{"count":3,"href":"https:\/\/www.balther.net\/lv\/wp-json\/wp\/v2\/pages\/9340\/revisions"}],"predecessor-version":[{"id":9349,"href":"https:\/\/www.balther.net\/lv\/wp-json\/wp\/v2\/pages\/9340\/revisions\/9349"}],"up":[{"embeddable":true,"href":"https:\/\/www.balther.net\/lv\/wp-json\/wp\/v2\/pages\/7454"}],"wp:attachment":[{"href":"https:\/\/www.balther.net\/lv\/wp-json\/wp\/v2\/media?parent=9340"}],"curies":[{"name":"wp","href":"https:\/\/api.w.org\/{rel}","templated":true}]}}