{"id":8333,"date":"2016-12-03T14:35:03","date_gmt":"2016-12-03T14:35:03","guid":{"rendered":"http:\/\/uus.balther.net\/lv\/?page_id=8333"},"modified":"2016-12-03T14:39:22","modified_gmt":"2016-12-03T14:39:22","slug":"arhivi","status":"publish","type":"page","link":"https:\/\/www.balther.net\/lv\/atminas-institucijas\/latvija\/arhivi\/","title":{"rendered":"Arh\u012bvi"},"content":{"rendered":"<p><a href=\"http:\/\/www.arhivi.lv\" target=\"_blank\"><strong>Latvijas arh\u012bvi<\/strong><\/a><br \/>\nVisp\u0101r\u012bgu inform\u0101ciju par Latvijas arh\u012bviem sniedz Latvijas arh\u012bvu port\u0101ls.<\/p>\n<hr \/>\n<p><a href=\"http:\/\/www.lvarhivs.gov.lv\" target=\"_blank\"><strong>Latvijas valsts arh\u012bvs<\/strong><\/a><br \/>\nLatvijas valsts arh\u012bvs ir viena no noz\u012bm\u012bg\u0101kaj\u0101m latvie\u0161u diasporas dokumentu kr\u0101tuv\u0113m.<\/p>\n<p><a href=\"http:\/\/www.lvarhivs.gov.lv\/index.php?id=57\" target=\"_blank\">Digit\u0101l\u0101s publik\u0101cijas par latvie\u0161u diasporu, t\u0101s dokumentiem.<\/a><br \/>\n<a href=\"http:\/\/www.lvarhivs.gov.lv\/index.php?id=81\" target=\"_blank\">Dokumentu raksturojums.<\/a><\/p>\n<hr \/>\n<p>&nbsp;<\/p>\n","protected":false},"excerpt":{"rendered":"<p>Latvijas arh\u012bvi Visp\u0101r\u012bgu inform\u0101ciju par Latvijas arh\u012bviem sniedz Latvijas arh\u012bvu port\u0101ls. Latvijas valsts arh\u012bvs Latvijas valsts arh\u012bvs ir viena no noz\u012bm\u012bg\u0101kaj\u0101m latvie\u0161u diasporas dokumentu kr\u0101tuv\u0113m. Digit\u0101l\u0101s publik\u0101cijas par latvie\u0161u diasporu, t\u0101s dokumentiem. Dokumentu raksturojums. &nbsp;<\/p>\n","protected":false},"author":7,"featured_media":0,"parent":8331,"menu_order":1,"comment_status":"closed","ping_status":"closed","template":"","meta":{"_acf_changed":false,"_monsterinsights_skip_tracking":false,"_monsterinsights_sitenote_active":false,"_monsterinsights_sitenote_note":"","_monsterinsights_sitenote_category":0,"ngg_post_thumbnail":0,"footnotes":""},"class_list":["post-8333","page","type-page","status-publish","hentry"],"acf":[],"yoast_head":"<!-- This site is optimized with the Yoast SEO plugin v24.2 - https:\/\/yoast.com\/wordpress\/plugins\/seo\/ -->\n<title>Arh\u012bvi - BaltHerNet<\/title>\n<meta name=\"robots\" content=\"index, follow, max-snippet:-1, max-image-preview:large, max-video-preview:-1\" \/>\n<link rel=\"canonical\" href=\"https:\/\/www.balther.net\/lv\/atminas-institucijas\/latvija\/arhivi\/\" \/>\n<meta property=\"og:locale\" content=\"lv_LV\" \/>\n<meta property=\"og:type\" content=\"article\" \/>\n<meta property=\"og:title\" content=\"Arh\u012bvi - BaltHerNet\" \/>\n<meta property=\"og:description\" content=\"Latvijas arh\u012bvi Visp\u0101r\u012bgu inform\u0101ciju par Latvijas arh\u012bviem sniedz Latvijas arh\u012bvu port\u0101ls. Latvijas valsts arh\u012bvs Latvijas valsts arh\u012bvs ir viena no noz\u012bm\u012bg\u0101kaj\u0101m latvie\u0161u diasporas dokumentu kr\u0101tuv\u0113m. Digit\u0101l\u0101s publik\u0101cijas par latvie\u0161u diasporu, t\u0101s dokumentiem. Dokumentu raksturojums. &nbsp;\" \/>\n<meta property=\"og:url\" content=\"https:\/\/www.balther.net\/lv\/atminas-institucijas\/latvija\/arhivi\/\" \/>\n<meta property=\"og:site_name\" content=\"BaltHerNet\" \/>\n<meta property=\"article:modified_time\" content=\"2016-12-03T14:39:22+00:00\" \/>\n<meta name=\"twitter:card\" content=\"summary_large_image\" \/>\n<script type=\"application\/ld+json\" class=\"yoast-schema-graph\">{\"@context\":\"https:\/\/schema.org\",\"@graph\":[{\"@type\":\"WebPage\",\"@id\":\"https:\/\/www.balther.net\/lv\/atminas-institucijas\/latvija\/arhivi\/\",\"url\":\"https:\/\/www.balther.net\/lv\/atminas-institucijas\/latvija\/arhivi\/\",\"name\":\"Arh\u012bvi - BaltHerNet\",\"isPartOf\":{\"@id\":\"https:\/\/www.balther.net\/#website\"},\"datePublished\":\"2016-12-03T14:35:03+00:00\",\"dateModified\":\"2016-12-03T14:39:22+00:00\",\"breadcrumb\":{\"@id\":\"https:\/\/www.balther.net\/lv\/atminas-institucijas\/latvija\/arhivi\/#breadcrumb\"},\"inLanguage\":\"lv-LV\",\"potentialAction\":[{\"@type\":\"ReadAction\",\"target\":[\"https:\/\/www.balther.net\/lv\/atminas-institucijas\/latvija\/arhivi\/\"]}]},{\"@type\":\"BreadcrumbList\",\"@id\":\"https:\/\/www.balther.net\/lv\/atminas-institucijas\/latvija\/arhivi\/#breadcrumb\",\"itemListElement\":[{\"@type\":\"ListItem\",\"position\":1,\"name\":\"Home\",\"item\":\"https:\/\/www.balther.net\/lv\/\"},{\"@type\":\"ListItem\",\"position\":2,\"name\":\"Atmi\u0146as instit\u016bcijas\",\"item\":\"https:\/\/www.balther.net\/lv\/atminas-institucijas\/\"},{\"@type\":\"ListItem\",\"position\":3,\"name\":\"Latvija\",\"item\":\"https:\/\/www.balther.net\/lv\/atminas-institucijas\/latvija\/\"},{\"@type\":\"ListItem\",\"position\":4,\"name\":\"Arh\u012bvi\"}]},{\"@type\":\"WebSite\",\"@id\":\"https:\/\/www.balther.net\/#website\",\"url\":\"https:\/\/www.balther.net\/\",\"name\":\"BaltHerNet\",\"description\":\"\",\"potentialAction\":[{\"@type\":\"SearchAction\",\"target\":{\"@type\":\"EntryPoint\",\"urlTemplate\":\"https:\/\/www.balther.net\/?s={search_term_string}\"},\"query-input\":{\"@type\":\"PropertyValueSpecification\",\"valueRequired\":true,\"valueName\":\"search_term_string\"}}],\"inLanguage\":\"lv-LV\"}]}<\/script>\n<!-- \/ Yoast SEO plugin. -->","yoast_head_json":{"title":"Arh\u012bvi - BaltHerNet","robots":{"index":"index","follow":"follow","max-snippet":"max-snippet:-1","max-image-preview":"max-image-preview:large","max-video-preview":"max-video-preview:-1"},"canonical":"https:\/\/www.balther.net\/lv\/atminas-institucijas\/latvija\/arhivi\/","og_locale":"lv_LV","og_type":"article","og_title":"Arh\u012bvi - BaltHerNet","og_description":"Latvijas arh\u012bvi Visp\u0101r\u012bgu inform\u0101ciju par Latvijas arh\u012bviem sniedz Latvijas arh\u012bvu port\u0101ls. Latvijas valsts arh\u012bvs Latvijas valsts arh\u012bvs ir viena no noz\u012bm\u012bg\u0101kaj\u0101m latvie\u0161u diasporas dokumentu kr\u0101tuv\u0113m. Digit\u0101l\u0101s publik\u0101cijas par latvie\u0161u diasporu, t\u0101s dokumentiem. Dokumentu raksturojums. &nbsp;","og_url":"https:\/\/www.balther.net\/lv\/atminas-institucijas\/latvija\/arhivi\/","og_site_name":"BaltHerNet","article_modified_time":"2016-12-03T14:39:22+00:00","twitter_card":"summary_large_image","schema":{"@context":"https:\/\/schema.org","@graph":[{"@type":"WebPage","@id":"https:\/\/www.balther.net\/lv\/atminas-institucijas\/latvija\/arhivi\/","url":"https:\/\/www.balther.net\/lv\/atminas-institucijas\/latvija\/arhivi\/","name":"Arh\u012bvi - BaltHerNet","isPartOf":{"@id":"https:\/\/www.balther.net\/#website"},"datePublished":"2016-12-03T14:35:03+00:00","dateModified":"2016-12-03T14:39:22+00:00","breadcrumb":{"@id":"https:\/\/www.balther.net\/lv\/atminas-institucijas\/latvija\/arhivi\/#breadcrumb"},"inLanguage":"lv-LV","potentialAction":[{"@type":"ReadAction","target":["https:\/\/www.balther.net\/lv\/atminas-institucijas\/latvija\/arhivi\/"]}]},{"@type":"BreadcrumbList","@id":"https:\/\/www.balther.net\/lv\/atminas-institucijas\/latvija\/arhivi\/#breadcrumb","itemListElement":[{"@type":"ListItem","position":1,"name":"Home","item":"https:\/\/www.balther.net\/lv\/"},{"@type":"ListItem","position":2,"name":"Atmi\u0146as instit\u016bcijas","item":"https:\/\/www.balther.net\/lv\/atminas-institucijas\/"},{"@type":"ListItem","position":3,"name":"Latvija","item":"https:\/\/www.balther.net\/lv\/atminas-institucijas\/latvija\/"},{"@type":"ListItem","position":4,"name":"Arh\u012bvi"}]},{"@type":"WebSite","@id":"https:\/\/www.balther.net\/#website","url":"https:\/\/www.balther.net\/","name":"BaltHerNet","description":"","potentialAction":[{"@type":"SearchAction","target":{"@type":"EntryPoint","urlTemplate":"https:\/\/www.balther.net\/?s={search_term_string}"},"query-input":{"@type":"PropertyValueSpecification","valueRequired":true,"valueName":"search_term_string"}}],"inLanguage":"lv-LV"}]}},"_links":{"self":[{"href":"https:\/\/www.balther.net\/lv\/wp-json\/wp\/v2\/pages\/8333","targetHints":{"allow":["GET"]}}],"collection":[{"href":"https:\/\/www.balther.net\/lv\/wp-json\/wp\/v2\/pages"}],"about":[{"href":"https:\/\/www.balther.net\/lv\/wp-json\/wp\/v2\/types\/page"}],"author":[{"embeddable":true,"href":"https:\/\/www.balther.net\/lv\/wp-json\/wp\/v2\/users\/7"}],"replies":[{"embeddable":true,"href":"https:\/\/www.balther.net\/lv\/wp-json\/wp\/v2\/comments?post=8333"}],"version-history":[{"count":6,"href":"https:\/\/www.balther.net\/lv\/wp-json\/wp\/v2\/pages\/8333\/revisions"}],"predecessor-version":[{"id":8335,"href":"https:\/\/www.balther.net\/lv\/wp-json\/wp\/v2\/pages\/8333\/revisions\/8335"}],"up":[{"embeddable":true,"href":"https:\/\/www.balther.net\/lv\/wp-json\/wp\/v2\/pages\/8331"}],"wp:attachment":[{"href":"https:\/\/www.balther.net\/lv\/wp-json\/wp\/v2\/media?parent=8333"}],"curies":[{"name":"wp","href":"https:\/\/api.w.org\/{rel}","templated":true}]}}