{"id":7443,"date":"2016-10-04T08:10:13","date_gmt":"2016-10-04T08:10:13","guid":{"rendered":"http:\/\/uus.balther.net\/lv\/?page_id=7443"},"modified":"2018-11-07T00:02:22","modified_gmt":"2018-11-06T22:02:22","slug":"biedri-un-valde","status":"publish","type":"page","link":"https:\/\/www.balther.net\/lv\/balthernet\/statuti\/biedri-un-valde\/","title":{"rendered":"Biedri un valde"},"content":{"rendered":"<p><strong><span style=\"text-decoration: underline;\">BaltHerNet valde<\/span><\/strong><\/p>\n<p>Piret Noorhani (Prezidente, Igau\u0146u studiju centrs Toronto\/VEMU)<br \/>\nKrist\u012bne Be\u0137ere (Viceprezidente, Latvijas Zin\u0101t\u0146u akad\u0113mija)<br \/>\nJolanta Budri\u016bnien\u0117 (Viceprezidente, Martynas Ma\u017evydas Lietuvas Nacion\u0101l\u0101 bibliot\u0113ka)<br \/>\nKarin Kiisk (Sekret\u0101re, Igaunijas Nacion\u0101lais muzejs)<br \/>\nBirgit Kibal (Igaunijas Nacion\u0101lais arh\u012bvs)<br \/>\nMaarja Merivoo-Parro (Tallinnas Universit\u0101te)<\/p>\n<p>&nbsp;<\/p>\n<p><strong><span style=\"text-decoration: underline;\">Revizori<\/span><\/strong><\/p>\n<p>Riina Reinvelt (priek\u0161s\u0113d\u0113t\u0101js, Igaunijas Nacion\u0101lais muzejs)<br \/>\nMerike Kiipus<br \/>\nLiisi Esse (Stanford bibliot\u0113ka)<\/p>\n<p>&nbsp;<\/p>\n<hr \/>\n<p>&nbsp;<\/p>\n<p><span style=\"text-decoration: underline;\"><strong>Individu\u0101lie biedri<\/strong><\/span><\/p>\n<p>1. Inese Auzina-Smith \u2013 Latvian Documentation Centre and Archive<br \/>\n2. Maie Barrow \u2013 Estonian Archives in Australia<br \/>\n3. Kristine Bekere \u2013 Latvian Academy of Sciences<br \/>\n4. Jolanta Budri\u016bnien\u0117 \u2013 Martynas Ma\u017evydas National Library of Lithuania<br \/>\n5. Tim J. Douglas \u2013 Bibliography Club, Toronto<br \/>\n6. Malle Ermel \u2013 Tartu University Library<br \/>\n7. Liisi Esse \u2013 Stanford Libraries<br \/>\n8. Geert Franzenburg \u2013 DRAUDZIBA<br \/>\n9. Pauli Heikkil\u00e4 \u2013 University of Tartu<br \/>\n10. David Jacobs \u2013 Hoover Institution Archives<br \/>\n11. Aivar J\u00fcrgenson \u2013 Tallinn University<br \/>\n12. Sander J\u00fcrisson \u2013 Academic Library of Tallinn University<br \/>\n13. Andris \u0136esteris (lifetime member) \u2013 Latvian National Federation in Canada<br \/>\n14. Birgit Kibal \u2013 Estonian National Archives<br \/>\n15. Merike Kiipus \u2013 Estonian Literary Museum<br \/>\n16. Karin Kiisk \u2013 Estonian National Museum<br \/>\n17. Anu Korb \u2013 Estonian Literary Museum<br \/>\n18. Tiiu Kravtsev \u2013 Estonian National Archives<br \/>\n19. Lea Kreinin \u2013 Glasgow University<br \/>\n20. Kalju Kubits (lifetime member) \u2013 Estonian Archives in U.S.<br \/>\n21. Inga Kuljus \u2013 V\u00f5ru County Library<br \/>\n22. Kaja Kumer-Haukan\u00f5mm \u2013 Tartu University<br \/>\n23. Laura Lauru\u0161ait\u0117 \u2013 Lithuanian University of Educational Sciences<br \/>\n24. Maarja Merivoo-Parro \u2013 Tallinn University<br \/>\n25. Laura Neill \u2013 Estonian Archives in Sweden<br \/>\n26. Piret Noorhani \u2013 Estonian Studies Centre<br \/>\n27. Mariann Prooses \u2013 University of Tartu<br \/>\n28. Bart C. Pushaw \u2013 Maryland University<br \/>\n29. Raimo Raag (lifetime member) \u2013 Uppsala University<br \/>\n30. Mai Raud-P\u00e4hn \u2013 Estonian Archives in Sweden<br \/>\n31. Riina Reinvelt \u2013 Estonian National Museum<br \/>\n32. Tiiu Salasoo<br \/>\n33. Reet Sepp \u2013 Bibliography Club, Toronto<br \/>\n34. Guntis \u0160viti\u0146\u0161 \u2013 The National Archives of Latvia<br \/>\n35. Tiina Tamman<br \/>\n36. Villu Tari \u2013 Boston Estonian Society<br \/>\n37. Urve Toots \u2013 Estonian Archives in Sweden<br \/>\n38. Ann T\u00fcndern-Smith \u2013 Estonian Archives in Australia<br \/>\n39. Anne Valmas \u2013 Academic Library of Tallinn University<br \/>\n40. Inga Vilcane \u2013 Latvian Ministry of Economics<br \/>\n41. Zenija Vitols \u2013 Latvian Canadian Archive and Museum<br \/>\n42. Iivi Zajedova \u2013 Tallinn University<\/p>\n<p>&nbsp;<\/p>\n<p><strong><span style=\"text-decoration: underline;\">Organiz\u0101cijas<\/span><\/strong><\/p>\n<p>43. Alberta Estonian Heritage Society<br \/>\n44. Estonian Archives in U.S.<br \/>\n45. Estonian Studies Center\/ VEMU<br \/>\n46. Latvians Abroad &#8211; Museum and Research Center<br \/>\n47. M. Mazvydas National Library of Lithuania<\/p>\n<p>&nbsp;<\/p>\n","protected":false},"excerpt":{"rendered":"<p>BaltHerNet valde Piret Noorhani (Prezidente, Igau\u0146u studiju centrs Toronto\/VEMU) Krist\u012bne Be\u0137ere (Viceprezidente, Latvijas Zin\u0101t\u0146u akad\u0113mija) Jolanta Budri\u016bnien\u0117 (Viceprezidente, Martynas Ma\u017evydas Lietuvas Nacion\u0101l\u0101 bibliot\u0113ka) Karin Kiisk (Sekret\u0101re, Igaunijas Nacion\u0101lais muzejs) Birgit Kibal (Igaunijas Nacion\u0101lais arh\u012bvs) Maarja Merivoo-Parro (Tallinnas Universit\u0101te) &nbsp; Revizori Riina Reinvelt (priek\u0161s\u0113d\u0113t\u0101js, Igaunijas Nacion\u0101lais muzejs) Merike Kiipus Liisi Esse (Stanford bibliot\u0113ka) &nbsp; &nbsp; Individu\u0101lie biedri 1. Inese Auzina-Smith \u2013 Latvian Documentation Centre and Archive 2. Maie Barrow \u2013 Estonian Archives in Australia 3. Kristine Bekere \u2013 Latvian Academy of Sciences 4. Jolanta Budri\u016bnien\u0117 \u2013 Martynas Ma\u017evydas National Library of Lithuania 5. Tim J. Douglas \u2013 Bibliography Club, Toronto 6. Malle Ermel \u2013 Tartu University Library 7. Liisi Esse \u2013 Stanford Libraries 8. Geert Franzenburg \u2013 DRAUDZIBA 9. Pauli Heikkil\u00e4 \u2013 University of Tartu 10. David Jacobs \u2013 Hoover Institution Archives 11. Aivar J\u00fcrgenson \u2013 Tallinn University 12. Sander J\u00fcrisson \u2013 Academic Library of Tallinn University 13. Andris \u0136esteris (lifetime member) \u2013 Latvian National Federation in Canada 14. Birgit Kibal \u2013 Estonian National Archives 15. Merike Kiipus \u2013 Estonian Literary Museum 16. Karin Kiisk \u2013 Estonian National Museum 17. Anu Korb \u2013 Estonian Literary Museum 18. Tiiu Kravtsev \u2013 Estonian National Archives 19. Lea Kreinin \u2013 Glasgow University 20. Kalju Kubits (lifetime member) \u2013 Estonian Archives in U.S. 21. Inga Kuljus \u2013 V\u00f5ru County Library 22. Kaja Kumer-Haukan\u00f5mm \u2013 Tartu University 23. Laura Lauru\u0161ait\u0117 \u2013 Lithuanian University of Educational Sciences 24. Maarja Merivoo-Parro \u2013 Tallinn University 25. Laura Neill \u2013 Estonian Archives in Sweden 26. Piret Noorhani \u2013 Estonian Studies Centre 27. Mariann Prooses \u2013 University of Tartu 28. Bart C. Pushaw \u2013 Maryland University 29. Raimo Raag (lifetime member) \u2013 Uppsala University 30. Mai Raud-P\u00e4hn \u2013 Estonian Archives in Sweden 31. Riina Reinvelt \u2013 Estonian National Museum 32. Tiiu Salasoo 33. Reet Sepp \u2013 Bibliography Club, Toronto 34. Guntis \u0160viti\u0146\u0161 \u2013 The National Archives of Latvia 35. Tiina Tamman 36. Villu Tari \u2013 Boston Estonian Society 37. Urve Toots \u2013 Estonian Archives in Sweden 38. Ann T\u00fcndern-Smith \u2013 Estonian Archives in Australia 39. Anne Valmas \u2013 Academic Library of Tallinn University 40. Inga Vilcane \u2013 Latvian Ministry of Economics 41. Zenija Vitols \u2013 Latvian Canadian Archive and Museum 42. Iivi Zajedova \u2013 Tallinn University &nbsp; Organiz\u0101cijas 43. Alberta Estonian Heritage Society 44. Estonian Archives in U.S. 45. Estonian Studies Center\/ VEMU 46. Latvians Abroad &#8211; Museum and Research Center 47. M. Mazvydas National Library of Lithuania &nbsp;<\/p>\n","protected":false},"author":5,"featured_media":0,"parent":7433,"menu_order":2,"comment_status":"closed","ping_status":"closed","template":"","meta":{"_acf_changed":false,"_monsterinsights_skip_tracking":false,"_monsterinsights_sitenote_active":false,"_monsterinsights_sitenote_note":"","_monsterinsights_sitenote_category":0,"ngg_post_thumbnail":0,"footnotes":""},"class_list":["post-7443","page","type-page","status-publish","hentry"],"acf":[],"yoast_head":"<!-- This site is optimized with the Yoast SEO plugin v24.2 - https:\/\/yoast.com\/wordpress\/plugins\/seo\/ -->\n<title>Biedri un valde - BaltHerNet<\/title>\n<meta name=\"robots\" content=\"index, follow, max-snippet:-1, max-image-preview:large, max-video-preview:-1\" \/>\n<link rel=\"canonical\" href=\"https:\/\/www.balther.net\/lv\/balthernet\/statuti\/biedri-un-valde\/\" \/>\n<meta property=\"og:locale\" content=\"lv_LV\" \/>\n<meta property=\"og:type\" content=\"article\" \/>\n<meta property=\"og:title\" content=\"Biedri un valde - BaltHerNet\" \/>\n<meta property=\"og:description\" content=\"BaltHerNet valde Piret Noorhani (Prezidente, Igau\u0146u studiju centrs Toronto\/VEMU) Krist\u012bne Be\u0137ere (Viceprezidente, Latvijas Zin\u0101t\u0146u akad\u0113mija) Jolanta Budri\u016bnien\u0117 (Viceprezidente, Martynas Ma\u017evydas Lietuvas Nacion\u0101l\u0101 bibliot\u0113ka) Karin Kiisk (Sekret\u0101re, Igaunijas Nacion\u0101lais muzejs) Birgit Kibal (Igaunijas Nacion\u0101lais arh\u012bvs) Maarja Merivoo-Parro (Tallinnas Universit\u0101te) &nbsp; Revizori Riina Reinvelt (priek\u0161s\u0113d\u0113t\u0101js, Igaunijas Nacion\u0101lais muzejs) Merike Kiipus Liisi Esse (Stanford bibliot\u0113ka) &nbsp; &nbsp; Individu\u0101lie biedri 1. Inese Auzina-Smith \u2013 Latvian Documentation Centre and Archive 2. Maie Barrow \u2013 Estonian Archives in Australia 3. Kristine Bekere \u2013 Latvian Academy of Sciences 4. Jolanta Budri\u016bnien\u0117 \u2013 Martynas Ma\u017evydas National Library of Lithuania 5. Tim J. Douglas \u2013 Bibliography Club, Toronto 6. Malle Ermel \u2013 Tartu University Library 7. Liisi Esse \u2013 Stanford Libraries 8. Geert Franzenburg \u2013 DRAUDZIBA 9. Pauli Heikkil\u00e4 \u2013 University of Tartu 10. David Jacobs \u2013 Hoover Institution Archives 11. Aivar J\u00fcrgenson \u2013 Tallinn University 12. Sander J\u00fcrisson \u2013 Academic Library of Tallinn University 13. Andris \u0136esteris (lifetime member) \u2013 Latvian National Federation in Canada 14. Birgit Kibal \u2013 Estonian National Archives 15. Merike Kiipus \u2013 Estonian Literary Museum 16. Karin Kiisk \u2013 Estonian National Museum 17. Anu Korb \u2013 Estonian Literary Museum 18. Tiiu Kravtsev \u2013 Estonian National Archives 19. Lea Kreinin \u2013 Glasgow University 20. Kalju Kubits (lifetime member) \u2013 Estonian Archives in U.S. 21. Inga Kuljus \u2013 V\u00f5ru County Library 22. Kaja Kumer-Haukan\u00f5mm \u2013 Tartu University 23. Laura Lauru\u0161ait\u0117 \u2013 Lithuanian University of Educational Sciences 24. Maarja Merivoo-Parro \u2013 Tallinn University 25. Laura Neill \u2013 Estonian Archives in Sweden 26. Piret Noorhani \u2013 Estonian Studies Centre 27. Mariann Prooses \u2013 University of Tartu 28. Bart C. Pushaw \u2013 Maryland University 29. Raimo Raag (lifetime member) \u2013 Uppsala University 30. Mai Raud-P\u00e4hn \u2013 Estonian Archives in Sweden 31. Riina Reinvelt \u2013 Estonian National Museum 32. Tiiu Salasoo 33. Reet Sepp \u2013 Bibliography Club, Toronto 34. Guntis \u0160viti\u0146\u0161 \u2013 The National Archives of Latvia 35. Tiina Tamman 36. Villu Tari \u2013 Boston Estonian Society 37. Urve Toots \u2013 Estonian Archives in Sweden 38. Ann T\u00fcndern-Smith \u2013 Estonian Archives in Australia 39. Anne Valmas \u2013 Academic Library of Tallinn University 40. Inga Vilcane \u2013 Latvian Ministry of Economics 41. Zenija Vitols \u2013 Latvian Canadian Archive and Museum 42. Iivi Zajedova \u2013 Tallinn University &nbsp; Organiz\u0101cijas 43. Alberta Estonian Heritage Society 44. Estonian Archives in U.S. 45. Estonian Studies Center\/ VEMU 46. Latvians Abroad &#8211; Museum and Research Center 47. M. Mazvydas National Library of Lithuania &nbsp;\" \/>\n<meta property=\"og:url\" content=\"https:\/\/www.balther.net\/lv\/balthernet\/statuti\/biedri-un-valde\/\" \/>\n<meta property=\"og:site_name\" content=\"BaltHerNet\" \/>\n<meta property=\"article:modified_time\" content=\"2018-11-06T22:02:22+00:00\" \/>\n<meta name=\"twitter:card\" content=\"summary_large_image\" \/>\n<meta name=\"twitter:label1\" content=\"Est. reading time\" \/>\n\t<meta name=\"twitter:data1\" content=\"2 min\u016btes\" \/>\n<script type=\"application\/ld+json\" class=\"yoast-schema-graph\">{\"@context\":\"https:\/\/schema.org\",\"@graph\":[{\"@type\":\"WebPage\",\"@id\":\"https:\/\/www.balther.net\/lv\/balthernet\/statuti\/biedri-un-valde\/\",\"url\":\"https:\/\/www.balther.net\/lv\/balthernet\/statuti\/biedri-un-valde\/\",\"name\":\"Biedri un valde - BaltHerNet\",\"isPartOf\":{\"@id\":\"https:\/\/www.balther.net\/#website\"},\"datePublished\":\"2016-10-04T08:10:13+00:00\",\"dateModified\":\"2018-11-06T22:02:22+00:00\",\"breadcrumb\":{\"@id\":\"https:\/\/www.balther.net\/lv\/balthernet\/statuti\/biedri-un-valde\/#breadcrumb\"},\"inLanguage\":\"lv-LV\",\"potentialAction\":[{\"@type\":\"ReadAction\",\"target\":[\"https:\/\/www.balther.net\/lv\/balthernet\/statuti\/biedri-un-valde\/\"]}]},{\"@type\":\"BreadcrumbList\",\"@id\":\"https:\/\/www.balther.net\/lv\/balthernet\/statuti\/biedri-un-valde\/#breadcrumb\",\"itemListElement\":[{\"@type\":\"ListItem\",\"position\":1,\"name\":\"Home\",\"item\":\"https:\/\/www.balther.net\/lv\/\"},{\"@type\":\"ListItem\",\"position\":2,\"name\":\"BaltHerNet\",\"item\":\"https:\/\/www.balther.net\/lv\/balthernet\/\"},{\"@type\":\"ListItem\",\"position\":3,\"name\":\"BaltHerNet\",\"item\":\"https:\/\/www.balther.net\/lv\/balthernet\/statuti\/\"},{\"@type\":\"ListItem\",\"position\":4,\"name\":\"Biedri un valde\"}]},{\"@type\":\"WebSite\",\"@id\":\"https:\/\/www.balther.net\/#website\",\"url\":\"https:\/\/www.balther.net\/\",\"name\":\"BaltHerNet\",\"description\":\"\",\"potentialAction\":[{\"@type\":\"SearchAction\",\"target\":{\"@type\":\"EntryPoint\",\"urlTemplate\":\"https:\/\/www.balther.net\/?s={search_term_string}\"},\"query-input\":{\"@type\":\"PropertyValueSpecification\",\"valueRequired\":true,\"valueName\":\"search_term_string\"}}],\"inLanguage\":\"lv-LV\"}]}<\/script>\n<!-- \/ Yoast SEO plugin. -->","yoast_head_json":{"title":"Biedri un valde - BaltHerNet","robots":{"index":"index","follow":"follow","max-snippet":"max-snippet:-1","max-image-preview":"max-image-preview:large","max-video-preview":"max-video-preview:-1"},"canonical":"https:\/\/www.balther.net\/lv\/balthernet\/statuti\/biedri-un-valde\/","og_locale":"lv_LV","og_type":"article","og_title":"Biedri un valde - BaltHerNet","og_description":"BaltHerNet valde Piret Noorhani (Prezidente, Igau\u0146u studiju centrs Toronto\/VEMU) Krist\u012bne Be\u0137ere (Viceprezidente, Latvijas Zin\u0101t\u0146u akad\u0113mija) Jolanta Budri\u016bnien\u0117 (Viceprezidente, Martynas Ma\u017evydas Lietuvas Nacion\u0101l\u0101 bibliot\u0113ka) Karin Kiisk (Sekret\u0101re, Igaunijas Nacion\u0101lais muzejs) Birgit Kibal (Igaunijas Nacion\u0101lais arh\u012bvs) Maarja Merivoo-Parro (Tallinnas Universit\u0101te) &nbsp; Revizori Riina Reinvelt (priek\u0161s\u0113d\u0113t\u0101js, Igaunijas Nacion\u0101lais muzejs) Merike Kiipus Liisi Esse (Stanford bibliot\u0113ka) &nbsp; &nbsp; Individu\u0101lie biedri 1. Inese Auzina-Smith \u2013 Latvian Documentation Centre and Archive 2. Maie Barrow \u2013 Estonian Archives in Australia 3. Kristine Bekere \u2013 Latvian Academy of Sciences 4. Jolanta Budri\u016bnien\u0117 \u2013 Martynas Ma\u017evydas National Library of Lithuania 5. Tim J. Douglas \u2013 Bibliography Club, Toronto 6. Malle Ermel \u2013 Tartu University Library 7. Liisi Esse \u2013 Stanford Libraries 8. Geert Franzenburg \u2013 DRAUDZIBA 9. Pauli Heikkil\u00e4 \u2013 University of Tartu 10. David Jacobs \u2013 Hoover Institution Archives 11. Aivar J\u00fcrgenson \u2013 Tallinn University 12. Sander J\u00fcrisson \u2013 Academic Library of Tallinn University 13. Andris \u0136esteris (lifetime member) \u2013 Latvian National Federation in Canada 14. Birgit Kibal \u2013 Estonian National Archives 15. Merike Kiipus \u2013 Estonian Literary Museum 16. Karin Kiisk \u2013 Estonian National Museum 17. Anu Korb \u2013 Estonian Literary Museum 18. Tiiu Kravtsev \u2013 Estonian National Archives 19. Lea Kreinin \u2013 Glasgow University 20. Kalju Kubits (lifetime member) \u2013 Estonian Archives in U.S. 21. Inga Kuljus \u2013 V\u00f5ru County Library 22. Kaja Kumer-Haukan\u00f5mm \u2013 Tartu University 23. Laura Lauru\u0161ait\u0117 \u2013 Lithuanian University of Educational Sciences 24. Maarja Merivoo-Parro \u2013 Tallinn University 25. Laura Neill \u2013 Estonian Archives in Sweden 26. Piret Noorhani \u2013 Estonian Studies Centre 27. Mariann Prooses \u2013 University of Tartu 28. Bart C. Pushaw \u2013 Maryland University 29. Raimo Raag (lifetime member) \u2013 Uppsala University 30. Mai Raud-P\u00e4hn \u2013 Estonian Archives in Sweden 31. Riina Reinvelt \u2013 Estonian National Museum 32. Tiiu Salasoo 33. Reet Sepp \u2013 Bibliography Club, Toronto 34. Guntis \u0160viti\u0146\u0161 \u2013 The National Archives of Latvia 35. Tiina Tamman 36. Villu Tari \u2013 Boston Estonian Society 37. Urve Toots \u2013 Estonian Archives in Sweden 38. Ann T\u00fcndern-Smith \u2013 Estonian Archives in Australia 39. Anne Valmas \u2013 Academic Library of Tallinn University 40. Inga Vilcane \u2013 Latvian Ministry of Economics 41. Zenija Vitols \u2013 Latvian Canadian Archive and Museum 42. Iivi Zajedova \u2013 Tallinn University &nbsp; Organiz\u0101cijas 43. Alberta Estonian Heritage Society 44. Estonian Archives in U.S. 45. Estonian Studies Center\/ VEMU 46. Latvians Abroad &#8211; Museum and Research Center 47. M. Mazvydas National Library of Lithuania &nbsp;","og_url":"https:\/\/www.balther.net\/lv\/balthernet\/statuti\/biedri-un-valde\/","og_site_name":"BaltHerNet","article_modified_time":"2018-11-06T22:02:22+00:00","twitter_card":"summary_large_image","twitter_misc":{"Est. reading time":"2 min\u016btes"},"schema":{"@context":"https:\/\/schema.org","@graph":[{"@type":"WebPage","@id":"https:\/\/www.balther.net\/lv\/balthernet\/statuti\/biedri-un-valde\/","url":"https:\/\/www.balther.net\/lv\/balthernet\/statuti\/biedri-un-valde\/","name":"Biedri un valde - BaltHerNet","isPartOf":{"@id":"https:\/\/www.balther.net\/#website"},"datePublished":"2016-10-04T08:10:13+00:00","dateModified":"2018-11-06T22:02:22+00:00","breadcrumb":{"@id":"https:\/\/www.balther.net\/lv\/balthernet\/statuti\/biedri-un-valde\/#breadcrumb"},"inLanguage":"lv-LV","potentialAction":[{"@type":"ReadAction","target":["https:\/\/www.balther.net\/lv\/balthernet\/statuti\/biedri-un-valde\/"]}]},{"@type":"BreadcrumbList","@id":"https:\/\/www.balther.net\/lv\/balthernet\/statuti\/biedri-un-valde\/#breadcrumb","itemListElement":[{"@type":"ListItem","position":1,"name":"Home","item":"https:\/\/www.balther.net\/lv\/"},{"@type":"ListItem","position":2,"name":"BaltHerNet","item":"https:\/\/www.balther.net\/lv\/balthernet\/"},{"@type":"ListItem","position":3,"name":"BaltHerNet","item":"https:\/\/www.balther.net\/lv\/balthernet\/statuti\/"},{"@type":"ListItem","position":4,"name":"Biedri un valde"}]},{"@type":"WebSite","@id":"https:\/\/www.balther.net\/#website","url":"https:\/\/www.balther.net\/","name":"BaltHerNet","description":"","potentialAction":[{"@type":"SearchAction","target":{"@type":"EntryPoint","urlTemplate":"https:\/\/www.balther.net\/?s={search_term_string}"},"query-input":{"@type":"PropertyValueSpecification","valueRequired":true,"valueName":"search_term_string"}}],"inLanguage":"lv-LV"}]}},"_links":{"self":[{"href":"https:\/\/www.balther.net\/lv\/wp-json\/wp\/v2\/pages\/7443","targetHints":{"allow":["GET"]}}],"collection":[{"href":"https:\/\/www.balther.net\/lv\/wp-json\/wp\/v2\/pages"}],"about":[{"href":"https:\/\/www.balther.net\/lv\/wp-json\/wp\/v2\/types\/page"}],"author":[{"embeddable":true,"href":"https:\/\/www.balther.net\/lv\/wp-json\/wp\/v2\/users\/5"}],"replies":[{"embeddable":true,"href":"https:\/\/www.balther.net\/lv\/wp-json\/wp\/v2\/comments?post=7443"}],"version-history":[{"count":9,"href":"https:\/\/www.balther.net\/lv\/wp-json\/wp\/v2\/pages\/7443\/revisions"}],"predecessor-version":[{"id":9857,"href":"https:\/\/www.balther.net\/lv\/wp-json\/wp\/v2\/pages\/7443\/revisions\/9857"}],"up":[{"embeddable":true,"href":"https:\/\/www.balther.net\/lv\/wp-json\/wp\/v2\/pages\/7433"}],"wp:attachment":[{"href":"https:\/\/www.balther.net\/lv\/wp-json\/wp\/v2\/media?parent=7443"}],"curies":[{"name":"wp","href":"https:\/\/api.w.org\/{rel}","templated":true}]}}