{"id":7431,"date":"2016-10-04T07:52:50","date_gmt":"2016-10-04T07:52:50","guid":{"rendered":"http:\/\/uus.balther.net\/lv\/?page_id=7431"},"modified":"2017-02-05T21:00:56","modified_gmt":"2017-02-05T19:00:56","slug":"par-mums","status":"publish","type":"page","link":"https:\/\/www.balther.net\/lv\/balthernet\/par-mums\/","title":{"rendered":"Par mums"},"content":{"rendered":"<p><strong>Kas m\u0113s esam?<\/strong><\/p>\n<p>&nbsp;<\/p>\n<p><strong>Ko m\u0113s daram?<\/strong><\/p>\n<hr \/>\n<p>&nbsp;<\/p>\n<p><a id=\"igaunijas_arh\u012bvu_\u0101rzem\u0113s_darba_grupa\"><\/a><span style=\"text-decoration: underline;\"><strong>Igaunijas arh\u012bvu \u0101rzem\u0113s darba grupa:<\/strong><\/span><\/p>\n<p><strong>Piret Noorhani<\/strong>, Igau\u0146u studiju centrs Toronto\/VEMU<br \/>\n<a href=\"mailto:piretnoorhani@gmail.com\" target=\"_blank\">piretnoorhani@gmail.com<\/a>, t. +416 925 9405<\/p>\n<p><strong>Karin Kiisk<\/strong>, Igaunijas Nacion\u0101lais muzejs, koordinatore<br \/>\n<a href=\"mailto:karin.kiisk@gmail.com\" target=\"_blank\">karin.kiisk@gmail.com<\/a>, t. +372 55544269<\/p>\n<p><strong>Birgit Kibal<\/strong>, Igaunijas National Arch\u012bvs, noda\u013cas padomniece<br \/>\n<a href=\"mailto:Birgit.Kibal@ra.ee\" target=\"_blank\">Birgit.Kibal@ra.ee<\/a>, tel +372 7387562<\/p>\n<p><strong>Tiiu Kravtsev<\/strong>, Igaunijas Nacion\u0101lais Arch\u012bvs, State Archives, Kolekciju departamenta vad\u012bt\u0101ja<br \/>\n<a href=\"mailto:Tiiu.Kravtsev@ra.ee\" target=\"_blank\">Tiiu.Kravtsev@ra.ee<\/a>, tel +372 6938020<\/p>\n<p><strong>Anne Valmas<\/strong>, Tallinas Universit\u0101tes bibliot\u0113kas p\u0113tniece<br \/>\n<a href=\"mailto:Anne.Valmas@tlulib.ee\" target=\"_blank\">Anne.Valmas@tlulib.ee<\/a>, tel +372 6659451<\/p>\n<p><strong>Riina Reinvelt<\/strong>, Igaunijas Nacion\u0101lais Muzejs<br \/>\n<a href=\"mailto:Riina.Reinvelt@erm.ee\" target=\"_blank\">Riina.Reinvelt@erm.ee<\/a>, tel +372 7350406<\/p>\n<p><strong>Kaja Kumer-Haukan\u00f5mm<\/strong><br \/>\n<a href=\"mailto:echok@ut.ee\" target=\"_blank\">echok@ut.ee<\/a><\/p>\n<p><strong>Anu Korb<\/strong>, Igau\u0146u literat\u016bras muzeja vec\u0101k\u0101 p\u0113tniece<br \/>\n<a href=\"mailto:korb@folklore.ee\" target=\"_blank\">korb@folklore.ee<\/a>, tel +372 7377739<\/p>\n<p><strong>Merike Kiipus<\/strong>, Igau\u0146u literat\u016bras muzeja Arh\u012bvu bibliot\u0113kas vad\u012bt\u0101ja<br \/>\n<a href=\"mailto:merike@kirmus.ee\" target=\"_blank\">merike@kirmus.ee<\/a>, tel +372 7377712<\/p>\n<p><strong>Vilve Asmer<\/strong>, Igau\u0146u literat\u016bras muzeja<br \/>\n<a href=\"mailto:vilve@kirmus.ee\" target=\"_blank\">vilve@kirmus.ee<\/a><\/p>\n<p><strong>Maarja Merivoo-Parro<\/strong>, Tallinna Universit\u0101te<br \/>\n<a href=\"mailto:maarjamerivooparro@gmail.com\" target=\"_blank\">maarjamerivooparro@gmail.com<\/a><\/p>\n<p>&nbsp;<\/p>\n<p><a id=\"latvijas_arh\u012bvu_\u0101rzem\u0113s_darba_grupa\"><\/a><span style=\"text-decoration: underline;\"><strong>Latvijas arh\u012bvu \u0101rzem\u0113s darba grupa:<\/strong><\/span><\/p>\n<p><strong>Gatis Karlsons<\/strong>, Latvijas arh\u012bvistu biedr\u012bbas valdes priek\u0161s\u0113d\u0113t\u0101ja vietnieks<br \/>\n<a href=\"mailto:gatis.karlsons@arhivi.gov.lv\" target=\"_blank\">gatis.karlsons@arhivi.gov.lv<\/a><\/p>\n<p><strong>Kristine Bekere<\/strong>, Latvijas Zin\u0101t\u0146u akad\u0113mija<br \/>\n<a href=\"mailto:kribek@inbox.lv\" target=\"_blank\">kribek@inbox.lv<\/a><\/p>\n<p><strong>Guntis \u0160viti\u0146\u0161<\/strong>, Latvijas Nacion\u0101lais arh\u012bvs<br \/>\n<a href=\"mailto:gsvitins@gmail.com\" target=\"_blank\">gsvitins@gmail.com<\/a><\/p>\n<p>&nbsp;<\/p>\n<p><a id=\"lietuvas_arh\u012bvu_\u0101rzem\u0113s_darba_grupa\"><\/a><span style=\"text-decoration: underline;\"><strong>Lietuvas arh\u012bvu \u0101rzem\u0113s darba grupa:<\/strong><\/span><\/p>\n<p><strong>Jolanta Budri\u016bnien\u0117<\/strong>, Martynas Ma\u017evydas Lietuvas nacion\u0101l\u0101s bibliot\u0113kas Litu\u0101nikas noda\u013cas vad\u012bt\u0101ja vietniece,\u00a0BaltHerNet viceprezidents<br \/>\n<a href=\"mailto:j.budriuniene@lnb.lt\" target=\"_blank\">j.budriuniene@lnb.lt<\/a><\/p>\n<p><strong>Valdon\u0117 Budreckait\u0117<\/strong>, Martynas Ma\u017evydas Lietuvas nacion\u0101l\u0101s bibliot\u0113kas,\u00a0p\u0113tnieks<br \/>\n<a href=\"mailto:valdone.budreckaite@lnb.lt\" target=\"_blank\">valdone.budreckaite@lnb.lt<\/a><\/p>\n<p><strong>Dalia Cidzikait\u0117, dr.<\/strong>, Martynas Ma\u017evydas Lietuvas nacion\u0101l\u0101s bibliot\u0113kas,\u00a0p\u0113tnieks<br \/>\n<a href=\"mailto:dalia.cidzikaite@lnb.lt\" target=\"_blank\">dalia.cidzikaite@lnb.lt<\/a><\/p>\n<p><strong>Giedr\u0117 Mileryt\u0117-Japertien\u0117, dr.<\/strong>, Martynas Ma\u017evydas Lietuvas nacion\u0101l\u0101s bibliot\u0113kas,\u00a0p\u0113tnieks<br \/>\n<a href=\"mailto:giedre.mileryte@lnb.lt\" target=\"_blank\">giedre.mileryte@lnb.lt<\/a><\/p>\n<p><strong>Laura Lauru\u0161ait\u0117, dr.<\/strong>, Lietuvas literat\u016bras un folkloras instit\u016bts,\u00a0M\u016bsdienu literat\u016bras noda\u013ca, p\u0113tnieks<br \/>\n<a href=\"mailto:laura@llti.lt\" target=\"_blank\">laura@llti.lt<\/a><\/p>\n<p>&nbsp;<\/p>\n","protected":false},"excerpt":{"rendered":"<p>Kas m\u0113s esam? &nbsp; Ko m\u0113s daram? &nbsp; Igaunijas arh\u012bvu \u0101rzem\u0113s darba grupa: Piret Noorhani, Igau\u0146u studiju centrs Toronto\/VEMU piretnoorhani@gmail.com, t. +416 925 9405 Karin Kiisk, Igaunijas Nacion\u0101lais muzejs, koordinatore karin.kiisk@gmail.com, t. +372 55544269 Birgit Kibal, Igaunijas National Arch\u012bvs, noda\u013cas padomniece Birgit.Kibal@ra.ee, tel +372 7387562 Tiiu Kravtsev, Igaunijas Nacion\u0101lais Arch\u012bvs, State Archives, Kolekciju departamenta vad\u012bt\u0101ja Tiiu.Kravtsev@ra.ee, tel +372 6938020 Anne Valmas, Tallinas Universit\u0101tes bibliot\u0113kas p\u0113tniece Anne.Valmas@tlulib.ee, tel +372 6659451 Riina Reinvelt, Igaunijas Nacion\u0101lais Muzejs Riina.Reinvelt@erm.ee, tel +372 7350406 Kaja Kumer-Haukan\u00f5mm echok@ut.ee Anu Korb, Igau\u0146u literat\u016bras muzeja vec\u0101k\u0101 p\u0113tniece korb@folklore.ee, tel +372 7377739 Merike Kiipus, Igau\u0146u literat\u016bras muzeja Arh\u012bvu bibliot\u0113kas vad\u012bt\u0101ja merike@kirmus.ee, tel +372 7377712 Vilve Asmer, Igau\u0146u literat\u016bras muzeja vilve@kirmus.ee Maarja Merivoo-Parro, Tallinna Universit\u0101te maarjamerivooparro@gmail.com &nbsp; Latvijas arh\u012bvu \u0101rzem\u0113s darba grupa: Gatis Karlsons, Latvijas arh\u012bvistu biedr\u012bbas valdes priek\u0161s\u0113d\u0113t\u0101ja vietnieks gatis.karlsons@arhivi.gov.lv Kristine Bekere, Latvijas Zin\u0101t\u0146u akad\u0113mija kribek@inbox.lv Guntis \u0160viti\u0146\u0161, Latvijas Nacion\u0101lais arh\u012bvs gsvitins@gmail.com &nbsp; Lietuvas arh\u012bvu \u0101rzem\u0113s darba grupa: Jolanta Budri\u016bnien\u0117, Martynas Ma\u017evydas Lietuvas nacion\u0101l\u0101s bibliot\u0113kas Litu\u0101nikas noda\u013cas vad\u012bt\u0101ja vietniece,\u00a0BaltHerNet viceprezidents j.budriuniene@lnb.lt Valdon\u0117 Budreckait\u0117, Martynas Ma\u017evydas Lietuvas nacion\u0101l\u0101s bibliot\u0113kas,\u00a0p\u0113tnieks valdone.budreckaite@lnb.lt Dalia Cidzikait\u0117, dr., Martynas Ma\u017evydas Lietuvas nacion\u0101l\u0101s bibliot\u0113kas,\u00a0p\u0113tnieks dalia.cidzikaite@lnb.lt Giedr\u0117 Mileryt\u0117-Japertien\u0117, dr., Martynas Ma\u017evydas Lietuvas nacion\u0101l\u0101s bibliot\u0113kas,\u00a0p\u0113tnieks giedre.mileryte@lnb.lt Laura Lauru\u0161ait\u0117, dr., Lietuvas literat\u016bras un folkloras instit\u016bts,\u00a0M\u016bsdienu literat\u016bras noda\u013ca, p\u0113tnieks laura@llti.lt &nbsp;<\/p>\n","protected":false},"author":5,"featured_media":0,"parent":7415,"menu_order":1,"comment_status":"closed","ping_status":"closed","template":"","meta":{"_acf_changed":false,"_monsterinsights_skip_tracking":false,"_monsterinsights_sitenote_active":false,"_monsterinsights_sitenote_note":"","_monsterinsights_sitenote_category":0,"ngg_post_thumbnail":0,"footnotes":""},"class_list":["post-7431","page","type-page","status-publish","hentry"],"acf":[],"yoast_head":"<!-- This site is optimized with the Yoast SEO plugin v24.2 - https:\/\/yoast.com\/wordpress\/plugins\/seo\/ -->\n<title>Par mums - BaltHerNet<\/title>\n<meta name=\"robots\" content=\"index, follow, max-snippet:-1, max-image-preview:large, max-video-preview:-1\" \/>\n<link rel=\"canonical\" href=\"https:\/\/www.balther.net\/lv\/balthernet\/par-mums\/\" \/>\n<meta property=\"og:locale\" content=\"lv_LV\" \/>\n<meta property=\"og:type\" content=\"article\" \/>\n<meta property=\"og:title\" content=\"Par mums - BaltHerNet\" \/>\n<meta property=\"og:description\" content=\"Kas m\u0113s esam? &nbsp; Ko m\u0113s daram? &nbsp; Igaunijas arh\u012bvu \u0101rzem\u0113s darba grupa: Piret Noorhani, Igau\u0146u studiju centrs Toronto\/VEMU piretnoorhani@gmail.com, t. +416 925 9405 Karin Kiisk, Igaunijas Nacion\u0101lais muzejs, koordinatore karin.kiisk@gmail.com, t. +372 55544269 Birgit Kibal, Igaunijas National Arch\u012bvs, noda\u013cas padomniece Birgit.Kibal@ra.ee, tel +372 7387562 Tiiu Kravtsev, Igaunijas Nacion\u0101lais Arch\u012bvs, State Archives, Kolekciju departamenta vad\u012bt\u0101ja Tiiu.Kravtsev@ra.ee, tel +372 6938020 Anne Valmas, Tallinas Universit\u0101tes bibliot\u0113kas p\u0113tniece Anne.Valmas@tlulib.ee, tel +372 6659451 Riina Reinvelt, Igaunijas Nacion\u0101lais Muzejs Riina.Reinvelt@erm.ee, tel +372 7350406 Kaja Kumer-Haukan\u00f5mm echok@ut.ee Anu Korb, Igau\u0146u literat\u016bras muzeja vec\u0101k\u0101 p\u0113tniece korb@folklore.ee, tel +372 7377739 Merike Kiipus, Igau\u0146u literat\u016bras muzeja Arh\u012bvu bibliot\u0113kas vad\u012bt\u0101ja merike@kirmus.ee, tel +372 7377712 Vilve Asmer, Igau\u0146u literat\u016bras muzeja vilve@kirmus.ee Maarja Merivoo-Parro, Tallinna Universit\u0101te maarjamerivooparro@gmail.com &nbsp; Latvijas arh\u012bvu \u0101rzem\u0113s darba grupa: Gatis Karlsons, Latvijas arh\u012bvistu biedr\u012bbas valdes priek\u0161s\u0113d\u0113t\u0101ja vietnieks gatis.karlsons@arhivi.gov.lv Kristine Bekere, Latvijas Zin\u0101t\u0146u akad\u0113mija kribek@inbox.lv Guntis \u0160viti\u0146\u0161, Latvijas Nacion\u0101lais arh\u012bvs gsvitins@gmail.com &nbsp; Lietuvas arh\u012bvu \u0101rzem\u0113s darba grupa: Jolanta Budri\u016bnien\u0117, Martynas Ma\u017evydas Lietuvas nacion\u0101l\u0101s bibliot\u0113kas Litu\u0101nikas noda\u013cas vad\u012bt\u0101ja vietniece,\u00a0BaltHerNet viceprezidents j.budriuniene@lnb.lt Valdon\u0117 Budreckait\u0117, Martynas Ma\u017evydas Lietuvas nacion\u0101l\u0101s bibliot\u0113kas,\u00a0p\u0113tnieks valdone.budreckaite@lnb.lt Dalia Cidzikait\u0117, dr., Martynas Ma\u017evydas Lietuvas nacion\u0101l\u0101s bibliot\u0113kas,\u00a0p\u0113tnieks dalia.cidzikaite@lnb.lt Giedr\u0117 Mileryt\u0117-Japertien\u0117, dr., Martynas Ma\u017evydas Lietuvas nacion\u0101l\u0101s bibliot\u0113kas,\u00a0p\u0113tnieks giedre.mileryte@lnb.lt Laura Lauru\u0161ait\u0117, dr., Lietuvas literat\u016bras un folkloras instit\u016bts,\u00a0M\u016bsdienu literat\u016bras noda\u013ca, p\u0113tnieks laura@llti.lt &nbsp;\" \/>\n<meta property=\"og:url\" content=\"https:\/\/www.balther.net\/lv\/balthernet\/par-mums\/\" \/>\n<meta property=\"og:site_name\" content=\"BaltHerNet\" \/>\n<meta property=\"article:modified_time\" content=\"2017-02-05T19:00:56+00:00\" \/>\n<meta name=\"twitter:card\" content=\"summary_large_image\" \/>\n<meta name=\"twitter:label1\" content=\"Est. reading time\" \/>\n\t<meta name=\"twitter:data1\" content=\"2 min\u016btes\" \/>\n<script type=\"application\/ld+json\" class=\"yoast-schema-graph\">{\"@context\":\"https:\/\/schema.org\",\"@graph\":[{\"@type\":\"WebPage\",\"@id\":\"https:\/\/www.balther.net\/lv\/balthernet\/par-mums\/\",\"url\":\"https:\/\/www.balther.net\/lv\/balthernet\/par-mums\/\",\"name\":\"Par mums - BaltHerNet\",\"isPartOf\":{\"@id\":\"https:\/\/www.balther.net\/#website\"},\"datePublished\":\"2016-10-04T07:52:50+00:00\",\"dateModified\":\"2017-02-05T19:00:56+00:00\",\"breadcrumb\":{\"@id\":\"https:\/\/www.balther.net\/lv\/balthernet\/par-mums\/#breadcrumb\"},\"inLanguage\":\"lv-LV\",\"potentialAction\":[{\"@type\":\"ReadAction\",\"target\":[\"https:\/\/www.balther.net\/lv\/balthernet\/par-mums\/\"]}]},{\"@type\":\"BreadcrumbList\",\"@id\":\"https:\/\/www.balther.net\/lv\/balthernet\/par-mums\/#breadcrumb\",\"itemListElement\":[{\"@type\":\"ListItem\",\"position\":1,\"name\":\"Home\",\"item\":\"https:\/\/www.balther.net\/lv\/\"},{\"@type\":\"ListItem\",\"position\":2,\"name\":\"BaltHerNet\",\"item\":\"https:\/\/www.balther.net\/lv\/balthernet\/\"},{\"@type\":\"ListItem\",\"position\":3,\"name\":\"Par mums\"}]},{\"@type\":\"WebSite\",\"@id\":\"https:\/\/www.balther.net\/#website\",\"url\":\"https:\/\/www.balther.net\/\",\"name\":\"BaltHerNet\",\"description\":\"\",\"potentialAction\":[{\"@type\":\"SearchAction\",\"target\":{\"@type\":\"EntryPoint\",\"urlTemplate\":\"https:\/\/www.balther.net\/?s={search_term_string}\"},\"query-input\":{\"@type\":\"PropertyValueSpecification\",\"valueRequired\":true,\"valueName\":\"search_term_string\"}}],\"inLanguage\":\"lv-LV\"}]}<\/script>\n<!-- \/ Yoast SEO plugin. -->","yoast_head_json":{"title":"Par mums - BaltHerNet","robots":{"index":"index","follow":"follow","max-snippet":"max-snippet:-1","max-image-preview":"max-image-preview:large","max-video-preview":"max-video-preview:-1"},"canonical":"https:\/\/www.balther.net\/lv\/balthernet\/par-mums\/","og_locale":"lv_LV","og_type":"article","og_title":"Par mums - BaltHerNet","og_description":"Kas m\u0113s esam? &nbsp; Ko m\u0113s daram? &nbsp; Igaunijas arh\u012bvu \u0101rzem\u0113s darba grupa: Piret Noorhani, Igau\u0146u studiju centrs Toronto\/VEMU piretnoorhani@gmail.com, t. +416 925 9405 Karin Kiisk, Igaunijas Nacion\u0101lais muzejs, koordinatore karin.kiisk@gmail.com, t. +372 55544269 Birgit Kibal, Igaunijas National Arch\u012bvs, noda\u013cas padomniece Birgit.Kibal@ra.ee, tel +372 7387562 Tiiu Kravtsev, Igaunijas Nacion\u0101lais Arch\u012bvs, State Archives, Kolekciju departamenta vad\u012bt\u0101ja Tiiu.Kravtsev@ra.ee, tel +372 6938020 Anne Valmas, Tallinas Universit\u0101tes bibliot\u0113kas p\u0113tniece Anne.Valmas@tlulib.ee, tel +372 6659451 Riina Reinvelt, Igaunijas Nacion\u0101lais Muzejs Riina.Reinvelt@erm.ee, tel +372 7350406 Kaja Kumer-Haukan\u00f5mm echok@ut.ee Anu Korb, Igau\u0146u literat\u016bras muzeja vec\u0101k\u0101 p\u0113tniece korb@folklore.ee, tel +372 7377739 Merike Kiipus, Igau\u0146u literat\u016bras muzeja Arh\u012bvu bibliot\u0113kas vad\u012bt\u0101ja merike@kirmus.ee, tel +372 7377712 Vilve Asmer, Igau\u0146u literat\u016bras muzeja vilve@kirmus.ee Maarja Merivoo-Parro, Tallinna Universit\u0101te maarjamerivooparro@gmail.com &nbsp; Latvijas arh\u012bvu \u0101rzem\u0113s darba grupa: Gatis Karlsons, Latvijas arh\u012bvistu biedr\u012bbas valdes priek\u0161s\u0113d\u0113t\u0101ja vietnieks gatis.karlsons@arhivi.gov.lv Kristine Bekere, Latvijas Zin\u0101t\u0146u akad\u0113mija kribek@inbox.lv Guntis \u0160viti\u0146\u0161, Latvijas Nacion\u0101lais arh\u012bvs gsvitins@gmail.com &nbsp; Lietuvas arh\u012bvu \u0101rzem\u0113s darba grupa: Jolanta Budri\u016bnien\u0117, Martynas Ma\u017evydas Lietuvas nacion\u0101l\u0101s bibliot\u0113kas Litu\u0101nikas noda\u013cas vad\u012bt\u0101ja vietniece,\u00a0BaltHerNet viceprezidents j.budriuniene@lnb.lt Valdon\u0117 Budreckait\u0117, Martynas Ma\u017evydas Lietuvas nacion\u0101l\u0101s bibliot\u0113kas,\u00a0p\u0113tnieks valdone.budreckaite@lnb.lt Dalia Cidzikait\u0117, dr., Martynas Ma\u017evydas Lietuvas nacion\u0101l\u0101s bibliot\u0113kas,\u00a0p\u0113tnieks dalia.cidzikaite@lnb.lt Giedr\u0117 Mileryt\u0117-Japertien\u0117, dr., Martynas Ma\u017evydas Lietuvas nacion\u0101l\u0101s bibliot\u0113kas,\u00a0p\u0113tnieks giedre.mileryte@lnb.lt Laura Lauru\u0161ait\u0117, dr., Lietuvas literat\u016bras un folkloras instit\u016bts,\u00a0M\u016bsdienu literat\u016bras noda\u013ca, p\u0113tnieks laura@llti.lt &nbsp;","og_url":"https:\/\/www.balther.net\/lv\/balthernet\/par-mums\/","og_site_name":"BaltHerNet","article_modified_time":"2017-02-05T19:00:56+00:00","twitter_card":"summary_large_image","twitter_misc":{"Est. reading time":"2 min\u016btes"},"schema":{"@context":"https:\/\/schema.org","@graph":[{"@type":"WebPage","@id":"https:\/\/www.balther.net\/lv\/balthernet\/par-mums\/","url":"https:\/\/www.balther.net\/lv\/balthernet\/par-mums\/","name":"Par mums - BaltHerNet","isPartOf":{"@id":"https:\/\/www.balther.net\/#website"},"datePublished":"2016-10-04T07:52:50+00:00","dateModified":"2017-02-05T19:00:56+00:00","breadcrumb":{"@id":"https:\/\/www.balther.net\/lv\/balthernet\/par-mums\/#breadcrumb"},"inLanguage":"lv-LV","potentialAction":[{"@type":"ReadAction","target":["https:\/\/www.balther.net\/lv\/balthernet\/par-mums\/"]}]},{"@type":"BreadcrumbList","@id":"https:\/\/www.balther.net\/lv\/balthernet\/par-mums\/#breadcrumb","itemListElement":[{"@type":"ListItem","position":1,"name":"Home","item":"https:\/\/www.balther.net\/lv\/"},{"@type":"ListItem","position":2,"name":"BaltHerNet","item":"https:\/\/www.balther.net\/lv\/balthernet\/"},{"@type":"ListItem","position":3,"name":"Par mums"}]},{"@type":"WebSite","@id":"https:\/\/www.balther.net\/#website","url":"https:\/\/www.balther.net\/","name":"BaltHerNet","description":"","potentialAction":[{"@type":"SearchAction","target":{"@type":"EntryPoint","urlTemplate":"https:\/\/www.balther.net\/?s={search_term_string}"},"query-input":{"@type":"PropertyValueSpecification","valueRequired":true,"valueName":"search_term_string"}}],"inLanguage":"lv-LV"}]}},"_links":{"self":[{"href":"https:\/\/www.balther.net\/lv\/wp-json\/wp\/v2\/pages\/7431","targetHints":{"allow":["GET"]}}],"collection":[{"href":"https:\/\/www.balther.net\/lv\/wp-json\/wp\/v2\/pages"}],"about":[{"href":"https:\/\/www.balther.net\/lv\/wp-json\/wp\/v2\/types\/page"}],"author":[{"embeddable":true,"href":"https:\/\/www.balther.net\/lv\/wp-json\/wp\/v2\/users\/5"}],"replies":[{"embeddable":true,"href":"https:\/\/www.balther.net\/lv\/wp-json\/wp\/v2\/comments?post=7431"}],"version-history":[{"count":17,"href":"https:\/\/www.balther.net\/lv\/wp-json\/wp\/v2\/pages\/7431\/revisions"}],"predecessor-version":[{"id":8753,"href":"https:\/\/www.balther.net\/lv\/wp-json\/wp\/v2\/pages\/7431\/revisions\/8753"}],"up":[{"embeddable":true,"href":"https:\/\/www.balther.net\/lv\/wp-json\/wp\/v2\/pages\/7415"}],"wp:attachment":[{"href":"https:\/\/www.balther.net\/lv\/wp-json\/wp\/v2\/media?parent=7431"}],"curies":[{"name":"wp","href":"https:\/\/api.w.org\/{rel}","templated":true}]}}