{"id":7597,"date":"2016-10-07T08:15:28","date_gmt":"2016-10-07T08:15:28","guid":{"rendered":"http:\/\/uus.balther.net\/lt\/?page_id=7597"},"modified":"2016-12-01T14:15:47","modified_gmt":"2016-12-01T14:15:47","slug":"bibliografiniai-leidiniai","status":"publish","type":"page","link":"https:\/\/www.balther.net\/lt\/naudingos-nuorodos\/nuorodos\/bibliografiniai-leidiniai\/","title":{"rendered":"Bibliografiniai leidiniai"},"content":{"rendered":"<p style=\"text-align: justify;\"><strong>Tomas Venclova: bibliografijos rodykl\u0117 (1956-2011)<\/strong><\/p>\n<p style=\"text-align: justify;\"><a href=\"http:\/\/www.balther.net\/wp-content\/uploads\/2016\/10\/Venclova_sumazintas.jpg\" data-rel=\"lightbox-image-0\" data-rl_title=\"\" data-rl_caption=\"\" title=\"\"><img loading=\"lazy\" decoding=\"async\" class=\"alignleft wp-image-7606 size-medium\" src=\"http:\/\/www.balther.net\/wp-content\/uploads\/2016\/10\/Venclova_sumazintas-207x300.jpg\" alt=\"venclova_sumazintas\" width=\"207\" height=\"300\" srcset=\"https:\/\/www.balther.net\/wp-content\/uploads\/2016\/10\/Venclova_sumazintas-207x300.jpg 207w, https:\/\/www.balther.net\/wp-content\/uploads\/2016\/10\/Venclova_sumazintas-223x324.jpg 223w, https:\/\/www.balther.net\/wp-content\/uploads\/2016\/10\/Venclova_sumazintas.jpg 353w\" sizes=\"auto, (max-width: 207px) 100vw, 207px\" \/><\/a>Tomas Venclova: bibliografijos rodykl\u0117 = Bibliographic index = Bibliografija (1956-2011) \/ sudarytojos Jolanta Budri\u016bnien\u0117, Jolanta Garlait\u0117, dailinink\u0117 Elona Marija Lo\u017eyt\u0117. &#8211; Vilnius: Lietuvos nacionalin\u0117 Martyno Ma\u017evydo biblioteka, 2012.<\/p>\n<p style=\"text-align: justify;\">Leidinyje publikuojamas nepaprastai gausus ir \u012fvairialypis autoriaus darb\u0173 gro\u017ein\u0117s k\u016brybos, publicistikos, eseistikos, literat\u016bros kritikos baruose \u012frodymas. Tomas Venclova \u0161iandien yra vienas i\u0161 labiausiai pasaulyje \u017einom\u0173 lietuvi\u0173 autori\u0173. Jo k\u016brybos vertim\u0173 publikuota daugiau nei dvide\u0161im\u010dia u\u017esienio kalb\u0173. Visa \u0161i poetinio \u017eod\u017eio sklaida atsispindi pirmojoje bibliografijos dalyje T.Venclovos k\u016bryba. Ne ma\u017eiau \u012fdomus ir informatyvus knygos skyrius \u2013 Literat\u016bra apie T. Venclov\u0105 &#8211;\u00a0 pristato gausaus b\u016brio lietuvi\u0173 ir u\u017esienio autori\u0173 mintis, vertinimus, po\u017ei\u016br\u012f \u012f jo darbus, k\u016brybos refleksijas. Daug vietos \u0161ioje dalyje skirta ir T.Venclovos politin\u0117s, visuomenin\u0117s veiklos ap\u017evalgai. Knyg\u0105 puo\u0161ia autoriaus susitikim\u0173 su garsiais lietuvi\u0173 ir kit\u0173 \u0161ali\u0173 k\u016br\u0117jais akimirkas fiksuojan\u010dios nuotraukos. Leidinyje publikuojamos asmenvard\u017ei\u0173, leidimo viet\u0173 ir ab\u0117c\u0117lin\u0117 eil\u0117ra\u0161\u010di\u0173 rodykl\u0117s.<\/p>\n<hr \/>\n<p>&nbsp;<\/p>\n","protected":false},"excerpt":{"rendered":"<p>Tomas Venclova: bibliografijos rodykl\u0117 (1956-2011) Tomas Venclova: bibliografijos rodykl\u0117 = Bibliographic index = Bibliografija (1956-2011) \/ sudarytojos Jolanta Budri\u016bnien\u0117, Jolanta Garlait\u0117, dailinink\u0117 Elona Marija Lo\u017eyt\u0117. &#8211; Vilnius: Lietuvos nacionalin\u0117 Martyno Ma\u017evydo biblioteka, 2012. Leidinyje publikuojamas nepaprastai gausus ir \u012fvairialypis autoriaus darb\u0173 gro\u017ein\u0117s k\u016brybos, publicistikos, eseistikos, literat\u016bros kritikos baruose \u012frodymas. Tomas Venclova \u0161iandien yra vienas i\u0161 labiausiai pasaulyje \u017einom\u0173 lietuvi\u0173 autori\u0173. Jo k\u016brybos vertim\u0173 publikuota daugiau nei dvide\u0161im\u010dia u\u017esienio kalb\u0173. Visa \u0161i poetinio \u017eod\u017eio sklaida atsispindi pirmojoje bibliografijos dalyje T.Venclovos k\u016bryba. Ne ma\u017eiau \u012fdomus ir informatyvus knygos skyrius \u2013 Literat\u016bra apie T. Venclov\u0105 &#8211;\u00a0 pristato gausaus b\u016brio lietuvi\u0173 ir u\u017esienio autori\u0173 mintis, vertinimus, po\u017ei\u016br\u012f \u012f jo darbus, k\u016brybos refleksijas. Daug vietos \u0161ioje dalyje skirta ir T.Venclovos politin\u0117s, visuomenin\u0117s veiklos ap\u017evalgai. Knyg\u0105 puo\u0161ia autoriaus susitikim\u0173 su garsiais lietuvi\u0173 ir kit\u0173 \u0161ali\u0173 k\u016br\u0117jais akimirkas fiksuojan\u010dios nuotraukos. Leidinyje publikuojamos asmenvard\u017ei\u0173, leidimo viet\u0173 ir ab\u0117c\u0117lin\u0117 eil\u0117ra\u0161\u010di\u0173 rodykl\u0117s. &nbsp;<\/p>\n","protected":false},"author":5,"featured_media":0,"parent":6758,"menu_order":6,"comment_status":"closed","ping_status":"closed","template":"","meta":{"_acf_changed":false,"_monsterinsights_skip_tracking":false,"_monsterinsights_sitenote_active":false,"_monsterinsights_sitenote_note":"","_monsterinsights_sitenote_category":0,"ngg_post_thumbnail":0,"footnotes":""},"class_list":["post-7597","page","type-page","status-publish","hentry"],"acf":[],"yoast_head":"<!-- This site is optimized with the Yoast SEO plugin v24.2 - https:\/\/yoast.com\/wordpress\/plugins\/seo\/ -->\n<title>Bibliografiniai leidiniai - BaltHerNet<\/title>\n<meta name=\"robots\" content=\"index, follow, max-snippet:-1, max-image-preview:large, max-video-preview:-1\" \/>\n<link rel=\"canonical\" href=\"https:\/\/www.balther.net\/lt\/naudingos-nuorodos\/nuorodos\/bibliografiniai-leidiniai\/\" \/>\n<meta property=\"og:locale\" content=\"lt_LT\" \/>\n<meta property=\"og:type\" content=\"article\" \/>\n<meta property=\"og:title\" content=\"Bibliografiniai leidiniai - BaltHerNet\" \/>\n<meta property=\"og:description\" content=\"Tomas Venclova: bibliografijos rodykl\u0117 (1956-2011) Tomas Venclova: bibliografijos rodykl\u0117 = Bibliographic index = Bibliografija (1956-2011) \/ sudarytojos Jolanta Budri\u016bnien\u0117, Jolanta Garlait\u0117, dailinink\u0117 Elona Marija Lo\u017eyt\u0117. &#8211; Vilnius: Lietuvos nacionalin\u0117 Martyno Ma\u017evydo biblioteka, 2012. Leidinyje publikuojamas nepaprastai gausus ir \u012fvairialypis autoriaus darb\u0173 gro\u017ein\u0117s k\u016brybos, publicistikos, eseistikos, literat\u016bros kritikos baruose \u012frodymas. Tomas Venclova \u0161iandien yra vienas i\u0161 labiausiai pasaulyje \u017einom\u0173 lietuvi\u0173 autori\u0173. Jo k\u016brybos vertim\u0173 publikuota daugiau nei dvide\u0161im\u010dia u\u017esienio kalb\u0173. Visa \u0161i poetinio \u017eod\u017eio sklaida atsispindi pirmojoje bibliografijos dalyje T.Venclovos k\u016bryba. Ne ma\u017eiau \u012fdomus ir informatyvus knygos skyrius \u2013 Literat\u016bra apie T. Venclov\u0105 &#8211;\u00a0 pristato gausaus b\u016brio lietuvi\u0173 ir u\u017esienio autori\u0173 mintis, vertinimus, po\u017ei\u016br\u012f \u012f jo darbus, k\u016brybos refleksijas. Daug vietos \u0161ioje dalyje skirta ir T.Venclovos politin\u0117s, visuomenin\u0117s veiklos ap\u017evalgai. Knyg\u0105 puo\u0161ia autoriaus susitikim\u0173 su garsiais lietuvi\u0173 ir kit\u0173 \u0161ali\u0173 k\u016br\u0117jais akimirkas fiksuojan\u010dios nuotraukos. Leidinyje publikuojamos asmenvard\u017ei\u0173, leidimo viet\u0173 ir ab\u0117c\u0117lin\u0117 eil\u0117ra\u0161\u010di\u0173 rodykl\u0117s. &nbsp;\" \/>\n<meta property=\"og:url\" content=\"https:\/\/www.balther.net\/lt\/naudingos-nuorodos\/nuorodos\/bibliografiniai-leidiniai\/\" \/>\n<meta property=\"og:site_name\" content=\"BaltHerNet\" \/>\n<meta property=\"article:modified_time\" content=\"2016-12-01T14:15:47+00:00\" \/>\n<meta property=\"og:image\" content=\"http:\/\/www.balther.net\/wp-content\/uploads\/2016\/10\/Venclova_sumazintas-207x300.jpg\" \/>\n<meta name=\"twitter:card\" content=\"summary_large_image\" \/>\n<meta name=\"twitter:label1\" content=\"Est. reading time\" \/>\n\t<meta name=\"twitter:data1\" content=\"1 minute\" \/>\n<script type=\"application\/ld+json\" class=\"yoast-schema-graph\">{\"@context\":\"https:\/\/schema.org\",\"@graph\":[{\"@type\":\"WebPage\",\"@id\":\"https:\/\/www.balther.net\/lt\/naudingos-nuorodos\/nuorodos\/bibliografiniai-leidiniai\/\",\"url\":\"https:\/\/www.balther.net\/lt\/naudingos-nuorodos\/nuorodos\/bibliografiniai-leidiniai\/\",\"name\":\"Bibliografiniai leidiniai - BaltHerNet\",\"isPartOf\":{\"@id\":\"https:\/\/www.balther.net\/#website\"},\"primaryImageOfPage\":{\"@id\":\"https:\/\/www.balther.net\/lt\/naudingos-nuorodos\/nuorodos\/bibliografiniai-leidiniai\/#primaryimage\"},\"image\":{\"@id\":\"https:\/\/www.balther.net\/lt\/naudingos-nuorodos\/nuorodos\/bibliografiniai-leidiniai\/#primaryimage\"},\"thumbnailUrl\":\"http:\/\/www.balther.net\/wp-content\/uploads\/2016\/10\/Venclova_sumazintas-207x300.jpg\",\"datePublished\":\"2016-10-07T08:15:28+00:00\",\"dateModified\":\"2016-12-01T14:15:47+00:00\",\"breadcrumb\":{\"@id\":\"https:\/\/www.balther.net\/lt\/naudingos-nuorodos\/nuorodos\/bibliografiniai-leidiniai\/#breadcrumb\"},\"inLanguage\":\"lt\",\"potentialAction\":[{\"@type\":\"ReadAction\",\"target\":[\"https:\/\/www.balther.net\/lt\/naudingos-nuorodos\/nuorodos\/bibliografiniai-leidiniai\/\"]}]},{\"@type\":\"ImageObject\",\"inLanguage\":\"lt\",\"@id\":\"https:\/\/www.balther.net\/lt\/naudingos-nuorodos\/nuorodos\/bibliografiniai-leidiniai\/#primaryimage\",\"url\":\"http:\/\/www.balther.net\/wp-content\/uploads\/2016\/10\/Venclova_sumazintas-207x300.jpg\",\"contentUrl\":\"http:\/\/www.balther.net\/wp-content\/uploads\/2016\/10\/Venclova_sumazintas-207x300.jpg\"},{\"@type\":\"BreadcrumbList\",\"@id\":\"https:\/\/www.balther.net\/lt\/naudingos-nuorodos\/nuorodos\/bibliografiniai-leidiniai\/#breadcrumb\",\"itemListElement\":[{\"@type\":\"ListItem\",\"position\":1,\"name\":\"Home\",\"item\":\"https:\/\/www.balther.net\/lt\/\"},{\"@type\":\"ListItem\",\"position\":2,\"name\":\"Naudingos nuorodos\",\"item\":\"https:\/\/www.balther.net\/lt\/naudingos-nuorodos\/\"},{\"@type\":\"ListItem\",\"position\":3,\"name\":\"Nuorodos\",\"item\":\"https:\/\/www.balther.net\/lt\/naudingos-nuorodos\/nuorodos\/\"},{\"@type\":\"ListItem\",\"position\":4,\"name\":\"Bibliografiniai leidiniai\"}]},{\"@type\":\"WebSite\",\"@id\":\"https:\/\/www.balther.net\/#website\",\"url\":\"https:\/\/www.balther.net\/\",\"name\":\"BaltHerNet\",\"description\":\"\",\"potentialAction\":[{\"@type\":\"SearchAction\",\"target\":{\"@type\":\"EntryPoint\",\"urlTemplate\":\"https:\/\/www.balther.net\/?s={search_term_string}\"},\"query-input\":{\"@type\":\"PropertyValueSpecification\",\"valueRequired\":true,\"valueName\":\"search_term_string\"}}],\"inLanguage\":\"lt\"}]}<\/script>\n<!-- \/ Yoast SEO plugin. -->","yoast_head_json":{"title":"Bibliografiniai leidiniai - BaltHerNet","robots":{"index":"index","follow":"follow","max-snippet":"max-snippet:-1","max-image-preview":"max-image-preview:large","max-video-preview":"max-video-preview:-1"},"canonical":"https:\/\/www.balther.net\/lt\/naudingos-nuorodos\/nuorodos\/bibliografiniai-leidiniai\/","og_locale":"lt_LT","og_type":"article","og_title":"Bibliografiniai leidiniai - BaltHerNet","og_description":"Tomas Venclova: bibliografijos rodykl\u0117 (1956-2011) Tomas Venclova: bibliografijos rodykl\u0117 = Bibliographic index = Bibliografija (1956-2011) \/ sudarytojos Jolanta Budri\u016bnien\u0117, Jolanta Garlait\u0117, dailinink\u0117 Elona Marija Lo\u017eyt\u0117. &#8211; Vilnius: Lietuvos nacionalin\u0117 Martyno Ma\u017evydo biblioteka, 2012. Leidinyje publikuojamas nepaprastai gausus ir \u012fvairialypis autoriaus darb\u0173 gro\u017ein\u0117s k\u016brybos, publicistikos, eseistikos, literat\u016bros kritikos baruose \u012frodymas. Tomas Venclova \u0161iandien yra vienas i\u0161 labiausiai pasaulyje \u017einom\u0173 lietuvi\u0173 autori\u0173. Jo k\u016brybos vertim\u0173 publikuota daugiau nei dvide\u0161im\u010dia u\u017esienio kalb\u0173. Visa \u0161i poetinio \u017eod\u017eio sklaida atsispindi pirmojoje bibliografijos dalyje T.Venclovos k\u016bryba. Ne ma\u017eiau \u012fdomus ir informatyvus knygos skyrius \u2013 Literat\u016bra apie T. Venclov\u0105 &#8211;\u00a0 pristato gausaus b\u016brio lietuvi\u0173 ir u\u017esienio autori\u0173 mintis, vertinimus, po\u017ei\u016br\u012f \u012f jo darbus, k\u016brybos refleksijas. Daug vietos \u0161ioje dalyje skirta ir T.Venclovos politin\u0117s, visuomenin\u0117s veiklos ap\u017evalgai. Knyg\u0105 puo\u0161ia autoriaus susitikim\u0173 su garsiais lietuvi\u0173 ir kit\u0173 \u0161ali\u0173 k\u016br\u0117jais akimirkas fiksuojan\u010dios nuotraukos. Leidinyje publikuojamos asmenvard\u017ei\u0173, leidimo viet\u0173 ir ab\u0117c\u0117lin\u0117 eil\u0117ra\u0161\u010di\u0173 rodykl\u0117s. &nbsp;","og_url":"https:\/\/www.balther.net\/lt\/naudingos-nuorodos\/nuorodos\/bibliografiniai-leidiniai\/","og_site_name":"BaltHerNet","article_modified_time":"2016-12-01T14:15:47+00:00","og_image":[{"url":"http:\/\/www.balther.net\/wp-content\/uploads\/2016\/10\/Venclova_sumazintas-207x300.jpg","type":"","width":"","height":""}],"twitter_card":"summary_large_image","twitter_misc":{"Est. reading time":"1 minute"},"schema":{"@context":"https:\/\/schema.org","@graph":[{"@type":"WebPage","@id":"https:\/\/www.balther.net\/lt\/naudingos-nuorodos\/nuorodos\/bibliografiniai-leidiniai\/","url":"https:\/\/www.balther.net\/lt\/naudingos-nuorodos\/nuorodos\/bibliografiniai-leidiniai\/","name":"Bibliografiniai leidiniai - BaltHerNet","isPartOf":{"@id":"https:\/\/www.balther.net\/#website"},"primaryImageOfPage":{"@id":"https:\/\/www.balther.net\/lt\/naudingos-nuorodos\/nuorodos\/bibliografiniai-leidiniai\/#primaryimage"},"image":{"@id":"https:\/\/www.balther.net\/lt\/naudingos-nuorodos\/nuorodos\/bibliografiniai-leidiniai\/#primaryimage"},"thumbnailUrl":"http:\/\/www.balther.net\/wp-content\/uploads\/2016\/10\/Venclova_sumazintas-207x300.jpg","datePublished":"2016-10-07T08:15:28+00:00","dateModified":"2016-12-01T14:15:47+00:00","breadcrumb":{"@id":"https:\/\/www.balther.net\/lt\/naudingos-nuorodos\/nuorodos\/bibliografiniai-leidiniai\/#breadcrumb"},"inLanguage":"lt","potentialAction":[{"@type":"ReadAction","target":["https:\/\/www.balther.net\/lt\/naudingos-nuorodos\/nuorodos\/bibliografiniai-leidiniai\/"]}]},{"@type":"ImageObject","inLanguage":"lt","@id":"https:\/\/www.balther.net\/lt\/naudingos-nuorodos\/nuorodos\/bibliografiniai-leidiniai\/#primaryimage","url":"http:\/\/www.balther.net\/wp-content\/uploads\/2016\/10\/Venclova_sumazintas-207x300.jpg","contentUrl":"http:\/\/www.balther.net\/wp-content\/uploads\/2016\/10\/Venclova_sumazintas-207x300.jpg"},{"@type":"BreadcrumbList","@id":"https:\/\/www.balther.net\/lt\/naudingos-nuorodos\/nuorodos\/bibliografiniai-leidiniai\/#breadcrumb","itemListElement":[{"@type":"ListItem","position":1,"name":"Home","item":"https:\/\/www.balther.net\/lt\/"},{"@type":"ListItem","position":2,"name":"Naudingos nuorodos","item":"https:\/\/www.balther.net\/lt\/naudingos-nuorodos\/"},{"@type":"ListItem","position":3,"name":"Nuorodos","item":"https:\/\/www.balther.net\/lt\/naudingos-nuorodos\/nuorodos\/"},{"@type":"ListItem","position":4,"name":"Bibliografiniai leidiniai"}]},{"@type":"WebSite","@id":"https:\/\/www.balther.net\/#website","url":"https:\/\/www.balther.net\/","name":"BaltHerNet","description":"","potentialAction":[{"@type":"SearchAction","target":{"@type":"EntryPoint","urlTemplate":"https:\/\/www.balther.net\/?s={search_term_string}"},"query-input":{"@type":"PropertyValueSpecification","valueRequired":true,"valueName":"search_term_string"}}],"inLanguage":"lt"}]}},"_links":{"self":[{"href":"https:\/\/www.balther.net\/lt\/wp-json\/wp\/v2\/pages\/7597","targetHints":{"allow":["GET"]}}],"collection":[{"href":"https:\/\/www.balther.net\/lt\/wp-json\/wp\/v2\/pages"}],"about":[{"href":"https:\/\/www.balther.net\/lt\/wp-json\/wp\/v2\/types\/page"}],"author":[{"embeddable":true,"href":"https:\/\/www.balther.net\/lt\/wp-json\/wp\/v2\/users\/5"}],"replies":[{"embeddable":true,"href":"https:\/\/www.balther.net\/lt\/wp-json\/wp\/v2\/comments?post=7597"}],"version-history":[{"count":6,"href":"https:\/\/www.balther.net\/lt\/wp-json\/wp\/v2\/pages\/7597\/revisions"}],"predecessor-version":[{"id":8259,"href":"https:\/\/www.balther.net\/lt\/wp-json\/wp\/v2\/pages\/7597\/revisions\/8259"}],"up":[{"embeddable":true,"href":"https:\/\/www.balther.net\/lt\/wp-json\/wp\/v2\/pages\/6758"}],"wp:attachment":[{"href":"https:\/\/www.balther.net\/lt\/wp-json\/wp\/v2\/media?parent=7597"}],"curies":[{"name":"wp","href":"https:\/\/api.w.org\/{rel}","templated":true}]}}