{"id":7595,"date":"2016-10-07T08:14:48","date_gmt":"2016-10-07T08:14:48","guid":{"rendered":"http:\/\/uus.balther.net\/lt\/?page_id=7595"},"modified":"2016-12-01T14:14:44","modified_gmt":"2016-12-01T14:14:44","slug":"politikos-mokslai-diplomatija","status":"publish","type":"page","link":"https:\/\/www.balther.net\/lt\/naudingos-nuorodos\/nuorodos\/politikos-mokslai-diplomatija\/","title":{"rendered":"Politikos mokslai, diplomatija"},"content":{"rendered":"<p style=\"text-align: justify;\"><strong>Asta Petraityt\u0117 Briedien\u0117. Lietuvos diplomatijos tarnybos \u0161efas Stasys Lozoraitis (1940-1983)<\/strong><\/p>\n<p style=\"text-align: justify;\"><a href=\"http:\/\/www.balther.net\/wp-content\/uploads\/2016\/10\/Stasys_Lozoraitis.jpg\" data-rel=\"lightbox-image-0\" data-rl_title=\"\" data-rl_caption=\"\" title=\"\"><img loading=\"lazy\" decoding=\"async\" class=\"alignleft wp-image-7609 size-medium\" src=\"http:\/\/www.balther.net\/wp-content\/uploads\/2016\/10\/Stasys_Lozoraitis-202x300.jpg\" alt=\"stasys_lozoraitis\" width=\"202\" height=\"300\" srcset=\"https:\/\/www.balther.net\/wp-content\/uploads\/2016\/10\/Stasys_Lozoraitis-202x300.jpg 202w, https:\/\/www.balther.net\/wp-content\/uploads\/2016\/10\/Stasys_Lozoraitis-218x324.jpg 218w, https:\/\/www.balther.net\/wp-content\/uploads\/2016\/10\/Stasys_Lozoraitis.jpg 343w\" sizes=\"auto, (max-width: 202px) 100vw, 202px\" \/><\/a>Asta Petraityt\u0117 Briedien\u0117. Lietuvos diplomatijos tarnybos \u0161efas Stasys Lozoraitis (1940-1983): monografija. Vilnius: Versus aureus, 2012. &#8211; 408 p.<\/p>\n<p style=\"text-align: justify;\">Sovietams okupavus Lietuvos valstyb\u0119, u\u017esienyje liko ir iki kra\u0161to nepriklausomyb\u0117s atk\u016brimo dirbo Lietuvos diplomatin\u0117 tarnyba (LDT). Jos \u0161efu buvo Stasys Lozoraitis (1898-1983), kurias \u0161ias pareigas \u0117jo daugiau nei keturiasde\u0161imt met\u0173. Remiantis archyviniais \u0161altiniais bei moksline literat\u016bra, pristatomi svarbiausi diplomatin\u0117s tarnybos \u0161efo biografiniai momentai&#8221; LDT ir paties S. Lozorai\u010dio pad\u0117tis po Lietuvos okupacijos, \u0161efo veikimo ribos ir galimyb\u0117s, taip pat atskleid\u017eiamas pa\u010di\u0173 diplomat\u0173 po\u017ei\u016bris \u012f diplomatijos \u0161efo \u012fgaliojimus ir S. Lozorai\u010dio pozicijos, sprend\u017eiant personalo ir pasiuntinybi\u0173 i\u0161saugojimo klausimus. Kitas svarbus LDT \u0161efo biografijos momentas: jo paties santykiai ir bendradarbiavimas su lietuvi\u0173 i\u0161eivijos politin\u0117mis grup\u0117mis, kaip Vyriausiuoju Lietuvos I\u0161laisvinimo komitetu ir liberaliojo sparno atstovais. Tad \u010dia pristatomi ir analizuojami S. Lozorai\u010dio politiniai sprendimai, nuostatos, po\u017ei\u016briai \u012f Lietuvos laisv\u0117s byl\u0105 ir \u012f kov\u0105 u\u017e valstyb\u0117s nepriklausomyb\u0117s atstatym\u0105, kurie atskleid\u017eia jo \u012ftak\u0105 Lietuvos valstybingumo raidai ir i\u0161eivijos politiniam gyvenimui.<\/p>\n<hr \/>\n<p style=\"text-align: justify;\"><strong>Lietuvos diplomat\u0173 korespondencija (1940-1945 m.)<\/strong><\/p>\n<p style=\"text-align: justify;\"><a href=\"http:\/\/www.balther.net\/wp-content\/uploads\/2016\/10\/Lietuviu_diplomatu_korespondencija_virs.jpg\" data-rel=\"lightbox-image-1\" data-rl_title=\"\" data-rl_caption=\"\" title=\"\"><img loading=\"lazy\" decoding=\"async\" class=\"size-medium wp-image-7611 alignleft\" src=\"http:\/\/www.balther.net\/wp-content\/uploads\/2016\/10\/Lietuviu_diplomatu_korespondencija_virs-180x300.jpg\" alt=\"lietuviu_diplomatu_korespondencija_virs\" width=\"180\" height=\"300\" srcset=\"https:\/\/www.balther.net\/wp-content\/uploads\/2016\/10\/Lietuviu_diplomatu_korespondencija_virs-180x300.jpg 180w, https:\/\/www.balther.net\/wp-content\/uploads\/2016\/10\/Lietuviu_diplomatu_korespondencija_virs-194x324.jpg 194w, https:\/\/www.balther.net\/wp-content\/uploads\/2016\/10\/Lietuviu_diplomatu_korespondencija_virs.jpg 384w\" sizes=\"auto, (max-width: 180px) 100vw, 180px\" \/><\/a>Lietuvos diplomat\u0173 korespondencija (1940-1945 m.): \u0161altini\u0173 publikacija. Sudarytoja Asta Petraityt\u0117-Briedien\u0117. Vilnius: Versus aureus, 2012. \u2013 448 p.<\/p>\n<p style=\"text-align: justify;\">Dokument\u0173 rinkinyje skelbiamas 261 tekstas: lai\u0161kai, telegramos, dokumentai. Tai lietuvi\u0173 diplomat\u0173 korespondencija, ra\u0161yta Antrojo pasaulinio karo metais, i\u0161 karto po Lietuvos okupacijos. Diplomato E. Turausko archyve i\u0161lik\u0119 ir \u010dia publikuojami dokumentai atskleid\u017eia vien\u0105 sud\u0117tingiausi\u0173 Lietuvos diplomatin\u0117s tarnybos veiklos etap\u0173.<\/p>\n<hr \/>\n<p>&nbsp;<\/p>\n","protected":false},"excerpt":{"rendered":"<p>Asta Petraityt\u0117 Briedien\u0117. Lietuvos diplomatijos tarnybos \u0161efas Stasys Lozoraitis (1940-1983) Asta Petraityt\u0117 Briedien\u0117. Lietuvos diplomatijos tarnybos \u0161efas Stasys Lozoraitis (1940-1983): monografija. Vilnius: Versus aureus, 2012. &#8211; 408 p. Sovietams okupavus Lietuvos valstyb\u0119, u\u017esienyje liko ir iki kra\u0161to nepriklausomyb\u0117s atk\u016brimo dirbo Lietuvos diplomatin\u0117 tarnyba (LDT). Jos \u0161efu buvo Stasys Lozoraitis (1898-1983), kurias \u0161ias pareigas \u0117jo daugiau nei keturiasde\u0161imt met\u0173. Remiantis archyviniais \u0161altiniais bei moksline literat\u016bra, pristatomi svarbiausi diplomatin\u0117s tarnybos \u0161efo biografiniai momentai&#8221; LDT ir paties S. Lozorai\u010dio pad\u0117tis po Lietuvos okupacijos, \u0161efo veikimo ribos ir galimyb\u0117s, taip pat atskleid\u017eiamas pa\u010di\u0173 diplomat\u0173 po\u017ei\u016bris \u012f diplomatijos \u0161efo \u012fgaliojimus ir S. Lozorai\u010dio pozicijos, sprend\u017eiant personalo ir pasiuntinybi\u0173 i\u0161saugojimo klausimus. Kitas svarbus LDT \u0161efo biografijos momentas: jo paties santykiai ir bendradarbiavimas su lietuvi\u0173 i\u0161eivijos politin\u0117mis grup\u0117mis, kaip Vyriausiuoju Lietuvos I\u0161laisvinimo komitetu ir liberaliojo sparno atstovais. Tad \u010dia pristatomi ir analizuojami S. Lozorai\u010dio politiniai sprendimai, nuostatos, po\u017ei\u016briai \u012f Lietuvos laisv\u0117s byl\u0105 ir \u012f kov\u0105 u\u017e valstyb\u0117s nepriklausomyb\u0117s atstatym\u0105, kurie atskleid\u017eia jo \u012ftak\u0105 Lietuvos valstybingumo raidai ir i\u0161eivijos politiniam gyvenimui. Lietuvos diplomat\u0173 korespondencija (1940-1945 m.) Lietuvos diplomat\u0173 korespondencija (1940-1945 m.): \u0161altini\u0173 publikacija. Sudarytoja Asta Petraityt\u0117-Briedien\u0117. Vilnius: Versus aureus, 2012. \u2013 448 p. Dokument\u0173 rinkinyje skelbiamas 261 tekstas: lai\u0161kai, telegramos, dokumentai. Tai lietuvi\u0173 diplomat\u0173 korespondencija, ra\u0161yta Antrojo pasaulinio karo metais, i\u0161 karto po Lietuvos okupacijos. Diplomato E. Turausko archyve i\u0161lik\u0119 ir \u010dia publikuojami dokumentai atskleid\u017eia vien\u0105 sud\u0117tingiausi\u0173 Lietuvos diplomatin\u0117s tarnybos veiklos etap\u0173. &nbsp;<\/p>\n","protected":false},"author":5,"featured_media":0,"parent":6758,"menu_order":5,"comment_status":"closed","ping_status":"closed","template":"","meta":{"_acf_changed":false,"_monsterinsights_skip_tracking":false,"_monsterinsights_sitenote_active":false,"_monsterinsights_sitenote_note":"","_monsterinsights_sitenote_category":0,"ngg_post_thumbnail":0,"footnotes":""},"class_list":["post-7595","page","type-page","status-publish","hentry"],"acf":[],"yoast_head":"<!-- This site is optimized with the Yoast SEO plugin v24.2 - https:\/\/yoast.com\/wordpress\/plugins\/seo\/ -->\n<title>Politikos mokslai, diplomatija - BaltHerNet<\/title>\n<meta name=\"robots\" content=\"index, follow, max-snippet:-1, max-image-preview:large, max-video-preview:-1\" \/>\n<link rel=\"canonical\" href=\"https:\/\/www.balther.net\/lt\/naudingos-nuorodos\/nuorodos\/politikos-mokslai-diplomatija\/\" \/>\n<meta property=\"og:locale\" content=\"lt_LT\" \/>\n<meta property=\"og:type\" content=\"article\" \/>\n<meta property=\"og:title\" content=\"Politikos mokslai, diplomatija - BaltHerNet\" \/>\n<meta property=\"og:description\" content=\"Asta Petraityt\u0117 Briedien\u0117. Lietuvos diplomatijos tarnybos \u0161efas Stasys Lozoraitis (1940-1983) Asta Petraityt\u0117 Briedien\u0117. Lietuvos diplomatijos tarnybos \u0161efas Stasys Lozoraitis (1940-1983): monografija. Vilnius: Versus aureus, 2012. &#8211; 408 p. Sovietams okupavus Lietuvos valstyb\u0119, u\u017esienyje liko ir iki kra\u0161to nepriklausomyb\u0117s atk\u016brimo dirbo Lietuvos diplomatin\u0117 tarnyba (LDT). Jos \u0161efu buvo Stasys Lozoraitis (1898-1983), kurias \u0161ias pareigas \u0117jo daugiau nei keturiasde\u0161imt met\u0173. Remiantis archyviniais \u0161altiniais bei moksline literat\u016bra, pristatomi svarbiausi diplomatin\u0117s tarnybos \u0161efo biografiniai momentai&#8221; LDT ir paties S. Lozorai\u010dio pad\u0117tis po Lietuvos okupacijos, \u0161efo veikimo ribos ir galimyb\u0117s, taip pat atskleid\u017eiamas pa\u010di\u0173 diplomat\u0173 po\u017ei\u016bris \u012f diplomatijos \u0161efo \u012fgaliojimus ir S. Lozorai\u010dio pozicijos, sprend\u017eiant personalo ir pasiuntinybi\u0173 i\u0161saugojimo klausimus. Kitas svarbus LDT \u0161efo biografijos momentas: jo paties santykiai ir bendradarbiavimas su lietuvi\u0173 i\u0161eivijos politin\u0117mis grup\u0117mis, kaip Vyriausiuoju Lietuvos I\u0161laisvinimo komitetu ir liberaliojo sparno atstovais. Tad \u010dia pristatomi ir analizuojami S. Lozorai\u010dio politiniai sprendimai, nuostatos, po\u017ei\u016briai \u012f Lietuvos laisv\u0117s byl\u0105 ir \u012f kov\u0105 u\u017e valstyb\u0117s nepriklausomyb\u0117s atstatym\u0105, kurie atskleid\u017eia jo \u012ftak\u0105 Lietuvos valstybingumo raidai ir i\u0161eivijos politiniam gyvenimui. Lietuvos diplomat\u0173 korespondencija (1940-1945 m.) Lietuvos diplomat\u0173 korespondencija (1940-1945 m.): \u0161altini\u0173 publikacija. Sudarytoja Asta Petraityt\u0117-Briedien\u0117. Vilnius: Versus aureus, 2012. \u2013 448 p. Dokument\u0173 rinkinyje skelbiamas 261 tekstas: lai\u0161kai, telegramos, dokumentai. Tai lietuvi\u0173 diplomat\u0173 korespondencija, ra\u0161yta Antrojo pasaulinio karo metais, i\u0161 karto po Lietuvos okupacijos. Diplomato E. Turausko archyve i\u0161lik\u0119 ir \u010dia publikuojami dokumentai atskleid\u017eia vien\u0105 sud\u0117tingiausi\u0173 Lietuvos diplomatin\u0117s tarnybos veiklos etap\u0173. &nbsp;\" \/>\n<meta property=\"og:url\" content=\"https:\/\/www.balther.net\/lt\/naudingos-nuorodos\/nuorodos\/politikos-mokslai-diplomatija\/\" \/>\n<meta property=\"og:site_name\" content=\"BaltHerNet\" \/>\n<meta property=\"article:modified_time\" content=\"2016-12-01T14:14:44+00:00\" \/>\n<meta property=\"og:image\" content=\"http:\/\/www.balther.net\/wp-content\/uploads\/2016\/10\/Stasys_Lozoraitis-202x300.jpg\" \/>\n<meta name=\"twitter:card\" content=\"summary_large_image\" \/>\n<meta name=\"twitter:label1\" content=\"Est. reading time\" \/>\n\t<meta name=\"twitter:data1\" content=\"1 minute\" \/>\n<script type=\"application\/ld+json\" class=\"yoast-schema-graph\">{\"@context\":\"https:\/\/schema.org\",\"@graph\":[{\"@type\":\"WebPage\",\"@id\":\"https:\/\/www.balther.net\/lt\/naudingos-nuorodos\/nuorodos\/politikos-mokslai-diplomatija\/\",\"url\":\"https:\/\/www.balther.net\/lt\/naudingos-nuorodos\/nuorodos\/politikos-mokslai-diplomatija\/\",\"name\":\"Politikos mokslai, diplomatija - BaltHerNet\",\"isPartOf\":{\"@id\":\"https:\/\/www.balther.net\/#website\"},\"primaryImageOfPage\":{\"@id\":\"https:\/\/www.balther.net\/lt\/naudingos-nuorodos\/nuorodos\/politikos-mokslai-diplomatija\/#primaryimage\"},\"image\":{\"@id\":\"https:\/\/www.balther.net\/lt\/naudingos-nuorodos\/nuorodos\/politikos-mokslai-diplomatija\/#primaryimage\"},\"thumbnailUrl\":\"http:\/\/www.balther.net\/wp-content\/uploads\/2016\/10\/Stasys_Lozoraitis-202x300.jpg\",\"datePublished\":\"2016-10-07T08:14:48+00:00\",\"dateModified\":\"2016-12-01T14:14:44+00:00\",\"breadcrumb\":{\"@id\":\"https:\/\/www.balther.net\/lt\/naudingos-nuorodos\/nuorodos\/politikos-mokslai-diplomatija\/#breadcrumb\"},\"inLanguage\":\"lt\",\"potentialAction\":[{\"@type\":\"ReadAction\",\"target\":[\"https:\/\/www.balther.net\/lt\/naudingos-nuorodos\/nuorodos\/politikos-mokslai-diplomatija\/\"]}]},{\"@type\":\"ImageObject\",\"inLanguage\":\"lt\",\"@id\":\"https:\/\/www.balther.net\/lt\/naudingos-nuorodos\/nuorodos\/politikos-mokslai-diplomatija\/#primaryimage\",\"url\":\"http:\/\/www.balther.net\/wp-content\/uploads\/2016\/10\/Stasys_Lozoraitis-202x300.jpg\",\"contentUrl\":\"http:\/\/www.balther.net\/wp-content\/uploads\/2016\/10\/Stasys_Lozoraitis-202x300.jpg\"},{\"@type\":\"BreadcrumbList\",\"@id\":\"https:\/\/www.balther.net\/lt\/naudingos-nuorodos\/nuorodos\/politikos-mokslai-diplomatija\/#breadcrumb\",\"itemListElement\":[{\"@type\":\"ListItem\",\"position\":1,\"name\":\"Home\",\"item\":\"https:\/\/www.balther.net\/lt\/\"},{\"@type\":\"ListItem\",\"position\":2,\"name\":\"Naudingos nuorodos\",\"item\":\"https:\/\/www.balther.net\/lt\/naudingos-nuorodos\/\"},{\"@type\":\"ListItem\",\"position\":3,\"name\":\"Nuorodos\",\"item\":\"https:\/\/www.balther.net\/lt\/naudingos-nuorodos\/nuorodos\/\"},{\"@type\":\"ListItem\",\"position\":4,\"name\":\"Politikos mokslai, diplomatija\"}]},{\"@type\":\"WebSite\",\"@id\":\"https:\/\/www.balther.net\/#website\",\"url\":\"https:\/\/www.balther.net\/\",\"name\":\"BaltHerNet\",\"description\":\"\",\"potentialAction\":[{\"@type\":\"SearchAction\",\"target\":{\"@type\":\"EntryPoint\",\"urlTemplate\":\"https:\/\/www.balther.net\/?s={search_term_string}\"},\"query-input\":{\"@type\":\"PropertyValueSpecification\",\"valueRequired\":true,\"valueName\":\"search_term_string\"}}],\"inLanguage\":\"lt\"}]}<\/script>\n<!-- \/ Yoast SEO plugin. -->","yoast_head_json":{"title":"Politikos mokslai, diplomatija - BaltHerNet","robots":{"index":"index","follow":"follow","max-snippet":"max-snippet:-1","max-image-preview":"max-image-preview:large","max-video-preview":"max-video-preview:-1"},"canonical":"https:\/\/www.balther.net\/lt\/naudingos-nuorodos\/nuorodos\/politikos-mokslai-diplomatija\/","og_locale":"lt_LT","og_type":"article","og_title":"Politikos mokslai, diplomatija - BaltHerNet","og_description":"Asta Petraityt\u0117 Briedien\u0117. Lietuvos diplomatijos tarnybos \u0161efas Stasys Lozoraitis (1940-1983) Asta Petraityt\u0117 Briedien\u0117. Lietuvos diplomatijos tarnybos \u0161efas Stasys Lozoraitis (1940-1983): monografija. Vilnius: Versus aureus, 2012. &#8211; 408 p. Sovietams okupavus Lietuvos valstyb\u0119, u\u017esienyje liko ir iki kra\u0161to nepriklausomyb\u0117s atk\u016brimo dirbo Lietuvos diplomatin\u0117 tarnyba (LDT). Jos \u0161efu buvo Stasys Lozoraitis (1898-1983), kurias \u0161ias pareigas \u0117jo daugiau nei keturiasde\u0161imt met\u0173. Remiantis archyviniais \u0161altiniais bei moksline literat\u016bra, pristatomi svarbiausi diplomatin\u0117s tarnybos \u0161efo biografiniai momentai&#8221; LDT ir paties S. Lozorai\u010dio pad\u0117tis po Lietuvos okupacijos, \u0161efo veikimo ribos ir galimyb\u0117s, taip pat atskleid\u017eiamas pa\u010di\u0173 diplomat\u0173 po\u017ei\u016bris \u012f diplomatijos \u0161efo \u012fgaliojimus ir S. Lozorai\u010dio pozicijos, sprend\u017eiant personalo ir pasiuntinybi\u0173 i\u0161saugojimo klausimus. Kitas svarbus LDT \u0161efo biografijos momentas: jo paties santykiai ir bendradarbiavimas su lietuvi\u0173 i\u0161eivijos politin\u0117mis grup\u0117mis, kaip Vyriausiuoju Lietuvos I\u0161laisvinimo komitetu ir liberaliojo sparno atstovais. Tad \u010dia pristatomi ir analizuojami S. Lozorai\u010dio politiniai sprendimai, nuostatos, po\u017ei\u016briai \u012f Lietuvos laisv\u0117s byl\u0105 ir \u012f kov\u0105 u\u017e valstyb\u0117s nepriklausomyb\u0117s atstatym\u0105, kurie atskleid\u017eia jo \u012ftak\u0105 Lietuvos valstybingumo raidai ir i\u0161eivijos politiniam gyvenimui. Lietuvos diplomat\u0173 korespondencija (1940-1945 m.) Lietuvos diplomat\u0173 korespondencija (1940-1945 m.): \u0161altini\u0173 publikacija. Sudarytoja Asta Petraityt\u0117-Briedien\u0117. Vilnius: Versus aureus, 2012. \u2013 448 p. Dokument\u0173 rinkinyje skelbiamas 261 tekstas: lai\u0161kai, telegramos, dokumentai. Tai lietuvi\u0173 diplomat\u0173 korespondencija, ra\u0161yta Antrojo pasaulinio karo metais, i\u0161 karto po Lietuvos okupacijos. Diplomato E. Turausko archyve i\u0161lik\u0119 ir \u010dia publikuojami dokumentai atskleid\u017eia vien\u0105 sud\u0117tingiausi\u0173 Lietuvos diplomatin\u0117s tarnybos veiklos etap\u0173. &nbsp;","og_url":"https:\/\/www.balther.net\/lt\/naudingos-nuorodos\/nuorodos\/politikos-mokslai-diplomatija\/","og_site_name":"BaltHerNet","article_modified_time":"2016-12-01T14:14:44+00:00","og_image":[{"url":"http:\/\/www.balther.net\/wp-content\/uploads\/2016\/10\/Stasys_Lozoraitis-202x300.jpg","type":"","width":"","height":""}],"twitter_card":"summary_large_image","twitter_misc":{"Est. reading time":"1 minute"},"schema":{"@context":"https:\/\/schema.org","@graph":[{"@type":"WebPage","@id":"https:\/\/www.balther.net\/lt\/naudingos-nuorodos\/nuorodos\/politikos-mokslai-diplomatija\/","url":"https:\/\/www.balther.net\/lt\/naudingos-nuorodos\/nuorodos\/politikos-mokslai-diplomatija\/","name":"Politikos mokslai, diplomatija - BaltHerNet","isPartOf":{"@id":"https:\/\/www.balther.net\/#website"},"primaryImageOfPage":{"@id":"https:\/\/www.balther.net\/lt\/naudingos-nuorodos\/nuorodos\/politikos-mokslai-diplomatija\/#primaryimage"},"image":{"@id":"https:\/\/www.balther.net\/lt\/naudingos-nuorodos\/nuorodos\/politikos-mokslai-diplomatija\/#primaryimage"},"thumbnailUrl":"http:\/\/www.balther.net\/wp-content\/uploads\/2016\/10\/Stasys_Lozoraitis-202x300.jpg","datePublished":"2016-10-07T08:14:48+00:00","dateModified":"2016-12-01T14:14:44+00:00","breadcrumb":{"@id":"https:\/\/www.balther.net\/lt\/naudingos-nuorodos\/nuorodos\/politikos-mokslai-diplomatija\/#breadcrumb"},"inLanguage":"lt","potentialAction":[{"@type":"ReadAction","target":["https:\/\/www.balther.net\/lt\/naudingos-nuorodos\/nuorodos\/politikos-mokslai-diplomatija\/"]}]},{"@type":"ImageObject","inLanguage":"lt","@id":"https:\/\/www.balther.net\/lt\/naudingos-nuorodos\/nuorodos\/politikos-mokslai-diplomatija\/#primaryimage","url":"http:\/\/www.balther.net\/wp-content\/uploads\/2016\/10\/Stasys_Lozoraitis-202x300.jpg","contentUrl":"http:\/\/www.balther.net\/wp-content\/uploads\/2016\/10\/Stasys_Lozoraitis-202x300.jpg"},{"@type":"BreadcrumbList","@id":"https:\/\/www.balther.net\/lt\/naudingos-nuorodos\/nuorodos\/politikos-mokslai-diplomatija\/#breadcrumb","itemListElement":[{"@type":"ListItem","position":1,"name":"Home","item":"https:\/\/www.balther.net\/lt\/"},{"@type":"ListItem","position":2,"name":"Naudingos nuorodos","item":"https:\/\/www.balther.net\/lt\/naudingos-nuorodos\/"},{"@type":"ListItem","position":3,"name":"Nuorodos","item":"https:\/\/www.balther.net\/lt\/naudingos-nuorodos\/nuorodos\/"},{"@type":"ListItem","position":4,"name":"Politikos mokslai, diplomatija"}]},{"@type":"WebSite","@id":"https:\/\/www.balther.net\/#website","url":"https:\/\/www.balther.net\/","name":"BaltHerNet","description":"","potentialAction":[{"@type":"SearchAction","target":{"@type":"EntryPoint","urlTemplate":"https:\/\/www.balther.net\/?s={search_term_string}"},"query-input":{"@type":"PropertyValueSpecification","valueRequired":true,"valueName":"search_term_string"}}],"inLanguage":"lt"}]}},"_links":{"self":[{"href":"https:\/\/www.balther.net\/lt\/wp-json\/wp\/v2\/pages\/7595","targetHints":{"allow":["GET"]}}],"collection":[{"href":"https:\/\/www.balther.net\/lt\/wp-json\/wp\/v2\/pages"}],"about":[{"href":"https:\/\/www.balther.net\/lt\/wp-json\/wp\/v2\/types\/page"}],"author":[{"embeddable":true,"href":"https:\/\/www.balther.net\/lt\/wp-json\/wp\/v2\/users\/5"}],"replies":[{"embeddable":true,"href":"https:\/\/www.balther.net\/lt\/wp-json\/wp\/v2\/comments?post=7595"}],"version-history":[{"count":6,"href":"https:\/\/www.balther.net\/lt\/wp-json\/wp\/v2\/pages\/7595\/revisions"}],"predecessor-version":[{"id":8257,"href":"https:\/\/www.balther.net\/lt\/wp-json\/wp\/v2\/pages\/7595\/revisions\/8257"}],"up":[{"embeddable":true,"href":"https:\/\/www.balther.net\/lt\/wp-json\/wp\/v2\/pages\/6758"}],"wp:attachment":[{"href":"https:\/\/www.balther.net\/lt\/wp-json\/wp\/v2\/media?parent=7595"}],"curies":[{"name":"wp","href":"https:\/\/api.w.org\/{rel}","templated":true}]}}