{"id":6760,"date":"2016-09-05T08:06:28","date_gmt":"2016-09-05T08:06:28","guid":{"rendered":"http:\/\/uus.balther.net\/lt\/?page_id=6760"},"modified":"2016-10-07T07:58:54","modified_gmt":"2016-10-07T07:58:54","slug":"parodos","status":"publish","type":"page","link":"https:\/\/www.balther.net\/lt\/naudingos-nuorodos\/parodos\/","title":{"rendered":"Parodos"},"content":{"rendered":"<p><strong>\u201c<a href=\"http:\/\/parodos.lnb.lt\/en\/exhibits\/show\/paroda-kovo-11\" target=\"_blank\">No, My Friends, We Won\u2019t Go Slow<\/a>\u201d<\/strong>. The Restoration of Lithuania\u2019s Independence in the Pages of the World Press in 1990<\/p>\n<hr \/>\n<p>&nbsp;<\/p>\n<p><strong><a href=\"http:\/\/www.archiv.org.lv\/baltic_dp_germany\/?id=410&amp;lang=lt\" target=\"_blank\">Baltijos \u0161ali\u0173 i\u0161eiviai Vokietijoje<\/a><\/strong><\/p>\n<hr \/>\n<p>&nbsp;<\/p>\n","protected":false},"excerpt":{"rendered":"<p>\u201cNo, My Friends, We Won\u2019t Go Slow\u201d. The Restoration of Lithuania\u2019s Independence in the Pages of the World Press in 1990 &nbsp; Baltijos \u0161ali\u0173 i\u0161eiviai Vokietijoje &nbsp;<\/p>\n","protected":false},"author":5,"featured_media":0,"parent":6698,"menu_order":7,"comment_status":"closed","ping_status":"closed","template":"","meta":{"_acf_changed":false,"_monsterinsights_skip_tracking":false,"_monsterinsights_sitenote_active":false,"_monsterinsights_sitenote_note":"","_monsterinsights_sitenote_category":0,"ngg_post_thumbnail":0,"footnotes":""},"class_list":["post-6760","page","type-page","status-publish","hentry"],"acf":[],"yoast_head":"<!-- This site is optimized with the Yoast SEO plugin v24.2 - https:\/\/yoast.com\/wordpress\/plugins\/seo\/ -->\n<title>Parodos - BaltHerNet<\/title>\n<meta name=\"robots\" content=\"index, follow, max-snippet:-1, max-image-preview:large, max-video-preview:-1\" \/>\n<link rel=\"canonical\" href=\"https:\/\/www.balther.net\/lt\/naudingos-nuorodos\/parodos\/\" \/>\n<meta property=\"og:locale\" content=\"lt_LT\" \/>\n<meta property=\"og:type\" content=\"article\" \/>\n<meta property=\"og:title\" content=\"Parodos - BaltHerNet\" \/>\n<meta property=\"og:description\" content=\"\u201cNo, My Friends, We Won\u2019t Go Slow\u201d. The Restoration of Lithuania\u2019s Independence in the Pages of the World Press in 1990 &nbsp; Baltijos \u0161ali\u0173 i\u0161eiviai Vokietijoje &nbsp;\" \/>\n<meta property=\"og:url\" content=\"https:\/\/www.balther.net\/lt\/naudingos-nuorodos\/parodos\/\" \/>\n<meta property=\"og:site_name\" content=\"BaltHerNet\" \/>\n<meta property=\"article:modified_time\" content=\"2016-10-07T07:58:54+00:00\" \/>\n<meta name=\"twitter:card\" content=\"summary_large_image\" \/>\n<script type=\"application\/ld+json\" class=\"yoast-schema-graph\">{\"@context\":\"https:\/\/schema.org\",\"@graph\":[{\"@type\":\"WebPage\",\"@id\":\"https:\/\/www.balther.net\/lt\/naudingos-nuorodos\/parodos\/\",\"url\":\"https:\/\/www.balther.net\/lt\/naudingos-nuorodos\/parodos\/\",\"name\":\"Parodos - BaltHerNet\",\"isPartOf\":{\"@id\":\"https:\/\/www.balther.net\/#website\"},\"datePublished\":\"2016-09-05T08:06:28+00:00\",\"dateModified\":\"2016-10-07T07:58:54+00:00\",\"breadcrumb\":{\"@id\":\"https:\/\/www.balther.net\/lt\/naudingos-nuorodos\/parodos\/#breadcrumb\"},\"inLanguage\":\"lt\",\"potentialAction\":[{\"@type\":\"ReadAction\",\"target\":[\"https:\/\/www.balther.net\/lt\/naudingos-nuorodos\/parodos\/\"]}]},{\"@type\":\"BreadcrumbList\",\"@id\":\"https:\/\/www.balther.net\/lt\/naudingos-nuorodos\/parodos\/#breadcrumb\",\"itemListElement\":[{\"@type\":\"ListItem\",\"position\":1,\"name\":\"Home\",\"item\":\"https:\/\/www.balther.net\/lt\/\"},{\"@type\":\"ListItem\",\"position\":2,\"name\":\"Naudingos nuorodos\",\"item\":\"https:\/\/www.balther.net\/lt\/naudingos-nuorodos\/\"},{\"@type\":\"ListItem\",\"position\":3,\"name\":\"Parodos\"}]},{\"@type\":\"WebSite\",\"@id\":\"https:\/\/www.balther.net\/#website\",\"url\":\"https:\/\/www.balther.net\/\",\"name\":\"BaltHerNet\",\"description\":\"\",\"potentialAction\":[{\"@type\":\"SearchAction\",\"target\":{\"@type\":\"EntryPoint\",\"urlTemplate\":\"https:\/\/www.balther.net\/?s={search_term_string}\"},\"query-input\":{\"@type\":\"PropertyValueSpecification\",\"valueRequired\":true,\"valueName\":\"search_term_string\"}}],\"inLanguage\":\"lt\"}]}<\/script>\n<!-- \/ Yoast SEO plugin. -->","yoast_head_json":{"title":"Parodos - BaltHerNet","robots":{"index":"index","follow":"follow","max-snippet":"max-snippet:-1","max-image-preview":"max-image-preview:large","max-video-preview":"max-video-preview:-1"},"canonical":"https:\/\/www.balther.net\/lt\/naudingos-nuorodos\/parodos\/","og_locale":"lt_LT","og_type":"article","og_title":"Parodos - BaltHerNet","og_description":"\u201cNo, My Friends, We Won\u2019t Go Slow\u201d. The Restoration of Lithuania\u2019s Independence in the Pages of the World Press in 1990 &nbsp; Baltijos \u0161ali\u0173 i\u0161eiviai Vokietijoje &nbsp;","og_url":"https:\/\/www.balther.net\/lt\/naudingos-nuorodos\/parodos\/","og_site_name":"BaltHerNet","article_modified_time":"2016-10-07T07:58:54+00:00","twitter_card":"summary_large_image","schema":{"@context":"https:\/\/schema.org","@graph":[{"@type":"WebPage","@id":"https:\/\/www.balther.net\/lt\/naudingos-nuorodos\/parodos\/","url":"https:\/\/www.balther.net\/lt\/naudingos-nuorodos\/parodos\/","name":"Parodos - BaltHerNet","isPartOf":{"@id":"https:\/\/www.balther.net\/#website"},"datePublished":"2016-09-05T08:06:28+00:00","dateModified":"2016-10-07T07:58:54+00:00","breadcrumb":{"@id":"https:\/\/www.balther.net\/lt\/naudingos-nuorodos\/parodos\/#breadcrumb"},"inLanguage":"lt","potentialAction":[{"@type":"ReadAction","target":["https:\/\/www.balther.net\/lt\/naudingos-nuorodos\/parodos\/"]}]},{"@type":"BreadcrumbList","@id":"https:\/\/www.balther.net\/lt\/naudingos-nuorodos\/parodos\/#breadcrumb","itemListElement":[{"@type":"ListItem","position":1,"name":"Home","item":"https:\/\/www.balther.net\/lt\/"},{"@type":"ListItem","position":2,"name":"Naudingos nuorodos","item":"https:\/\/www.balther.net\/lt\/naudingos-nuorodos\/"},{"@type":"ListItem","position":3,"name":"Parodos"}]},{"@type":"WebSite","@id":"https:\/\/www.balther.net\/#website","url":"https:\/\/www.balther.net\/","name":"BaltHerNet","description":"","potentialAction":[{"@type":"SearchAction","target":{"@type":"EntryPoint","urlTemplate":"https:\/\/www.balther.net\/?s={search_term_string}"},"query-input":{"@type":"PropertyValueSpecification","valueRequired":true,"valueName":"search_term_string"}}],"inLanguage":"lt"}]}},"_links":{"self":[{"href":"https:\/\/www.balther.net\/lt\/wp-json\/wp\/v2\/pages\/6760","targetHints":{"allow":["GET"]}}],"collection":[{"href":"https:\/\/www.balther.net\/lt\/wp-json\/wp\/v2\/pages"}],"about":[{"href":"https:\/\/www.balther.net\/lt\/wp-json\/wp\/v2\/types\/page"}],"author":[{"embeddable":true,"href":"https:\/\/www.balther.net\/lt\/wp-json\/wp\/v2\/users\/5"}],"replies":[{"embeddable":true,"href":"https:\/\/www.balther.net\/lt\/wp-json\/wp\/v2\/comments?post=6760"}],"version-history":[{"count":3,"href":"https:\/\/www.balther.net\/lt\/wp-json\/wp\/v2\/pages\/6760\/revisions"}],"predecessor-version":[{"id":7586,"href":"https:\/\/www.balther.net\/lt\/wp-json\/wp\/v2\/pages\/6760\/revisions\/7586"}],"up":[{"embeddable":true,"href":"https:\/\/www.balther.net\/lt\/wp-json\/wp\/v2\/pages\/6698"}],"wp:attachment":[{"href":"https:\/\/www.balther.net\/lt\/wp-json\/wp\/v2\/media?parent=6760"}],"curies":[{"name":"wp","href":"https:\/\/api.w.org\/{rel}","templated":true}]}}