{"id":6706,"date":"2016-09-01T09:09:33","date_gmt":"2016-09-01T09:09:33","guid":{"rendered":"http:\/\/uus.balther.net\/lt\/?page_id=6706"},"modified":"2020-02-25T15:59:28","modified_gmt":"2020-02-25T13:59:28","slug":"apie-mus","status":"publish","type":"page","link":"https:\/\/www.balther.net\/lt\/balthernet\/apie-mus\/","title":{"rendered":"Apie mus"},"content":{"rendered":"<p><strong>Kas mes esame?<\/strong><\/p>\n<p>&nbsp;<\/p>\n<p><strong>K\u0105 mes veikiame?<br \/>\n<\/strong><\/p>\n<p>Lietuvi\u0173 i\u0161eivijos paveldo klausimus kuruojan\u010dios darbo grup\u0117s veikla:<\/p>\n<p>&#8211; teikti informacij\u0105 apie u\u017esienyje ir Lietuvoje esan\u010dius rankra\u0161tinius bei publikuotus i\u0161eivijos archyvus;<\/p>\n<p>&#8211; rengti lietuvi\u0173 i\u0161eivijos interneto svetaini\u0173 nuorod\u0173 katalog\u0105;<\/p>\n<p>&#8211; kaupti ir sisteminti informacij\u0105 apie lietuvi\u0173 egzodo mokslinius tyrimus;<\/p>\n<p>&#8211; informuoti apie publikuojamus lietuvi\u0173 i\u0161eivijos tematikos mokslo darbus;<\/p>\n<p>&#8211; teikti informacij\u0105 apie svarbiausius su lietuvi\u0173 i\u0161eivijos paveldu susijusius renginius, konkursus;<\/p>\n<p>&#8211; konsultuoti lietuvi\u0173 i\u0161eivijos archyv\u0173 tvarkymo, saugojimo bei gr\u0105\u017einimo klausimais;<\/p>\n<p>&#8211; pl\u0117sti ry\u0161ius su lietuvi\u0173 i\u0161eivijos organizacijomis ir bendruomeni\u0173 nariais u\u017esienyje;<\/p>\n<p>&#8211; bendradarbiauti su Estijos ir Latvijos i\u0161eivijos archyv\u0173 ekspert\u0173 darbo grup\u0117mis.<\/p>\n<p>&nbsp;<\/p>\n<p>\u0160\u012f portal\u0105 paskatino \u012fkurti 2006 m. vasar\u0105 Tartu vykusios tarptautin\u0117s konferencijos \u201eBaltijos archyvai u\u017esienyje\u201d metu priimtas memorandumas.<\/p>\n<hr \/>\n<p><strong><br \/>\n<span style=\"text-decoration: underline;\">Lietuvoje dirbanti, i\u0161eivijos paveldo klausimus kuruojanti darbo grup\u0117:<\/span><br \/>\n<\/strong><\/p>\n<p><strong>Jolanta Budri\u016bnien\u0117<\/strong>, Lietuvos nacionalin\u0117s Martyno Ma\u017evydo bibliotekos Dokumentinio paveldo tyrim\u0173 departamento direktor\u0117, nevyriausybin\u0117s organizacijos Baltijos \u0161ali\u0173 paveldo tinklas viceprezident\u0117<br \/>\n<a href=\"mailto:jolanta.budriuniene@lnb.lt\" target=\"_blank\" rel=\"noopener\">jolanta.budriuniene[at]lnb.lt<\/a><\/p>\n<p><strong>Valda Budreckait\u0117<\/strong>, Lietuvos nacionalin\u0117s Martyno Ma\u017evydo bibliotekos Dokumentinio paveldo tyrim\u0173 departamento Lituanistikos skyriaus vyriausioji metodinink\u0117-tyr\u0117ja<br \/>\n<a href=\"mailto:valdone.budreckaite@lnb.lt\" target=\"_blank\" rel=\"noopener\">valda.budreckaite[at]lnb.lt<\/a><\/p>\n<p><strong>Dalia Cidzikait\u0117,<\/strong>\u00a0<strong>dr.<\/strong>, Lietuvos nacionalin\u0117s Martyno Ma\u017evydo bibliotekos Dokumentinio paveldo tyrim\u0173 departamento Lituanistikos skyriaus vyriausioji metodinink\u0117-tyr\u0117ja<br \/>\n<a href=\"mailto:dalia.cidzikaite@lnb.lt\" target=\"_blank\" rel=\"noopener\">dalia.cidzikaite[at]lnb.lt<\/a><\/p>\n<p><strong>Ina \u0116mu\u017eien\u0117,<\/strong>\u00a0<strong>dr.<\/strong>, Lietuvos nacionalin\u0117s Martyno Ma\u017evydo bibliotekos Dokumentinio paveldo tyrim\u0173 departamento Lituanistikos skyriaus vyriausioji metodinink\u0117-tyr\u0117ja<br \/>\n<a href=\"ina.emuziene@lnb.lt\">ina.emuziene@lnb.lt<\/a><\/p>\n<p><strong>Laura Lauru\u0161ait\u0117,\u00a0dr.<\/strong>, Lietuvi\u0173 literat\u016bros ir tautosakos instituto Naujosios literat\u016bros skyriaus mokslo darbuotoja<br \/>\n<a href=\"mailto:laura@llti.lt\" target=\"_blank\" rel=\"noopener\">laura[at]llti.lt<\/a><\/p>\n<p><strong>Ilona Strumickien\u0117,<\/strong>\u00a0<strong>dr.<\/strong>, Lietuvos nacionalin\u0117s Martyno Ma\u017evydo bibliotekos Dokumentinio paveldo tyrim\u0173 departamento vyriausioji metodinink\u0117-tyr\u0117ja<br \/>\n<a href=\"ilona.strumickiene@lnb.lt\">ilona.strumickiene@lnb.lt<\/a><\/p>\n","protected":false},"excerpt":{"rendered":"<p>Kas mes esame? &nbsp; K\u0105 mes veikiame? Lietuvi\u0173 i\u0161eivijos paveldo klausimus kuruojan\u010dios darbo grup\u0117s veikla: &#8211; teikti informacij\u0105 apie u\u017esienyje ir Lietuvoje esan\u010dius rankra\u0161tinius bei publikuotus i\u0161eivijos archyvus; &#8211; rengti lietuvi\u0173 i\u0161eivijos interneto svetaini\u0173 nuorod\u0173 katalog\u0105; &#8211; kaupti ir sisteminti informacij\u0105 apie lietuvi\u0173 egzodo mokslinius tyrimus; &#8211; informuoti apie publikuojamus lietuvi\u0173 i\u0161eivijos tematikos mokslo darbus; &#8211; teikti informacij\u0105 apie svarbiausius su lietuvi\u0173 i\u0161eivijos paveldu susijusius renginius, konkursus; &#8211; konsultuoti lietuvi\u0173 i\u0161eivijos archyv\u0173 tvarkymo, saugojimo bei gr\u0105\u017einimo klausimais; &#8211; pl\u0117sti ry\u0161ius su lietuvi\u0173 i\u0161eivijos organizacijomis ir bendruomeni\u0173 nariais u\u017esienyje; &#8211; bendradarbiauti su Estijos ir Latvijos i\u0161eivijos archyv\u0173 ekspert\u0173 darbo grup\u0117mis. &nbsp; \u0160\u012f portal\u0105 paskatino \u012fkurti 2006 m. vasar\u0105 Tartu vykusios tarptautin\u0117s konferencijos \u201eBaltijos archyvai u\u017esienyje\u201d metu priimtas memorandumas. Lietuvoje dirbanti, i\u0161eivijos paveldo klausimus kuruojanti darbo grup\u0117: Jolanta Budri\u016bnien\u0117, Lietuvos nacionalin\u0117s Martyno Ma\u017evydo bibliotekos Dokumentinio paveldo tyrim\u0173 departamento direktor\u0117, nevyriausybin\u0117s organizacijos Baltijos \u0161ali\u0173 paveldo tinklas viceprezident\u0117 jolanta.budriuniene[at]lnb.lt Valda Budreckait\u0117, Lietuvos nacionalin\u0117s Martyno Ma\u017evydo bibliotekos Dokumentinio paveldo tyrim\u0173 departamento Lituanistikos skyriaus vyriausioji metodinink\u0117-tyr\u0117ja valda.budreckaite[at]lnb.lt Dalia Cidzikait\u0117,\u00a0dr., Lietuvos nacionalin\u0117s Martyno Ma\u017evydo bibliotekos Dokumentinio paveldo tyrim\u0173 departamento Lituanistikos skyriaus vyriausioji metodinink\u0117-tyr\u0117ja dalia.cidzikaite[at]lnb.lt Ina \u0116mu\u017eien\u0117,\u00a0dr., Lietuvos nacionalin\u0117s Martyno Ma\u017evydo bibliotekos Dokumentinio paveldo tyrim\u0173 departamento Lituanistikos skyriaus vyriausioji metodinink\u0117-tyr\u0117ja ina.emuziene@lnb.lt Laura Lauru\u0161ait\u0117,\u00a0dr., Lietuvi\u0173 literat\u016bros ir tautosakos instituto Naujosios literat\u016bros skyriaus mokslo darbuotoja laura[at]llti.lt Ilona Strumickien\u0117,\u00a0dr., Lietuvos nacionalin\u0117s Martyno Ma\u017evydo bibliotekos Dokumentinio paveldo tyrim\u0173 departamento vyriausioji metodinink\u0117-tyr\u0117ja ilona.strumickiene@lnb.lt<\/p>\n","protected":false},"author":5,"featured_media":0,"parent":6691,"menu_order":1,"comment_status":"closed","ping_status":"closed","template":"","meta":{"_acf_changed":false,"_monsterinsights_skip_tracking":false,"_monsterinsights_sitenote_active":false,"_monsterinsights_sitenote_note":"","_monsterinsights_sitenote_category":0,"ngg_post_thumbnail":0,"footnotes":""},"class_list":["post-6706","page","type-page","status-publish","hentry"],"acf":[],"yoast_head":"<!-- This site is optimized with the Yoast SEO plugin v24.2 - https:\/\/yoast.com\/wordpress\/plugins\/seo\/ -->\n<title>Apie mus - BaltHerNet<\/title>\n<meta name=\"robots\" content=\"index, follow, max-snippet:-1, max-image-preview:large, max-video-preview:-1\" \/>\n<link rel=\"canonical\" href=\"https:\/\/www.balther.net\/lt\/balthernet\/apie-mus\/\" \/>\n<meta property=\"og:locale\" content=\"lt_LT\" \/>\n<meta property=\"og:type\" content=\"article\" \/>\n<meta property=\"og:title\" content=\"Apie mus - BaltHerNet\" \/>\n<meta property=\"og:description\" content=\"Kas mes esame? &nbsp; K\u0105 mes veikiame? Lietuvi\u0173 i\u0161eivijos paveldo klausimus kuruojan\u010dios darbo grup\u0117s veikla: &#8211; teikti informacij\u0105 apie u\u017esienyje ir Lietuvoje esan\u010dius rankra\u0161tinius bei publikuotus i\u0161eivijos archyvus; &#8211; rengti lietuvi\u0173 i\u0161eivijos interneto svetaini\u0173 nuorod\u0173 katalog\u0105; &#8211; kaupti ir sisteminti informacij\u0105 apie lietuvi\u0173 egzodo mokslinius tyrimus; &#8211; informuoti apie publikuojamus lietuvi\u0173 i\u0161eivijos tematikos mokslo darbus; &#8211; teikti informacij\u0105 apie svarbiausius su lietuvi\u0173 i\u0161eivijos paveldu susijusius renginius, konkursus; &#8211; konsultuoti lietuvi\u0173 i\u0161eivijos archyv\u0173 tvarkymo, saugojimo bei gr\u0105\u017einimo klausimais; &#8211; pl\u0117sti ry\u0161ius su lietuvi\u0173 i\u0161eivijos organizacijomis ir bendruomeni\u0173 nariais u\u017esienyje; &#8211; bendradarbiauti su Estijos ir Latvijos i\u0161eivijos archyv\u0173 ekspert\u0173 darbo grup\u0117mis. &nbsp; \u0160\u012f portal\u0105 paskatino \u012fkurti 2006 m. vasar\u0105 Tartu vykusios tarptautin\u0117s konferencijos \u201eBaltijos archyvai u\u017esienyje\u201d metu priimtas memorandumas. Lietuvoje dirbanti, i\u0161eivijos paveldo klausimus kuruojanti darbo grup\u0117: Jolanta Budri\u016bnien\u0117, Lietuvos nacionalin\u0117s Martyno Ma\u017evydo bibliotekos Dokumentinio paveldo tyrim\u0173 departamento direktor\u0117, nevyriausybin\u0117s organizacijos Baltijos \u0161ali\u0173 paveldo tinklas viceprezident\u0117 jolanta.budriuniene[at]lnb.lt Valda Budreckait\u0117, Lietuvos nacionalin\u0117s Martyno Ma\u017evydo bibliotekos Dokumentinio paveldo tyrim\u0173 departamento Lituanistikos skyriaus vyriausioji metodinink\u0117-tyr\u0117ja valda.budreckaite[at]lnb.lt Dalia Cidzikait\u0117,\u00a0dr., Lietuvos nacionalin\u0117s Martyno Ma\u017evydo bibliotekos Dokumentinio paveldo tyrim\u0173 departamento Lituanistikos skyriaus vyriausioji metodinink\u0117-tyr\u0117ja dalia.cidzikaite[at]lnb.lt Ina \u0116mu\u017eien\u0117,\u00a0dr., Lietuvos nacionalin\u0117s Martyno Ma\u017evydo bibliotekos Dokumentinio paveldo tyrim\u0173 departamento Lituanistikos skyriaus vyriausioji metodinink\u0117-tyr\u0117ja ina.emuziene@lnb.lt Laura Lauru\u0161ait\u0117,\u00a0dr., Lietuvi\u0173 literat\u016bros ir tautosakos instituto Naujosios literat\u016bros skyriaus mokslo darbuotoja laura[at]llti.lt Ilona Strumickien\u0117,\u00a0dr., Lietuvos nacionalin\u0117s Martyno Ma\u017evydo bibliotekos Dokumentinio paveldo tyrim\u0173 departamento vyriausioji metodinink\u0117-tyr\u0117ja ilona.strumickiene@lnb.lt\" \/>\n<meta property=\"og:url\" content=\"https:\/\/www.balther.net\/lt\/balthernet\/apie-mus\/\" \/>\n<meta property=\"og:site_name\" content=\"BaltHerNet\" \/>\n<meta property=\"article:modified_time\" content=\"2020-02-25T13:59:28+00:00\" \/>\n<meta name=\"twitter:card\" content=\"summary_large_image\" \/>\n<meta name=\"twitter:label1\" content=\"Est. reading time\" \/>\n\t<meta name=\"twitter:data1\" content=\"1 minute\" \/>\n<script type=\"application\/ld+json\" class=\"yoast-schema-graph\">{\"@context\":\"https:\/\/schema.org\",\"@graph\":[{\"@type\":\"WebPage\",\"@id\":\"https:\/\/www.balther.net\/lt\/balthernet\/apie-mus\/\",\"url\":\"https:\/\/www.balther.net\/lt\/balthernet\/apie-mus\/\",\"name\":\"Apie mus - BaltHerNet\",\"isPartOf\":{\"@id\":\"https:\/\/www.balther.net\/#website\"},\"datePublished\":\"2016-09-01T09:09:33+00:00\",\"dateModified\":\"2020-02-25T13:59:28+00:00\",\"breadcrumb\":{\"@id\":\"https:\/\/www.balther.net\/lt\/balthernet\/apie-mus\/#breadcrumb\"},\"inLanguage\":\"lt\",\"potentialAction\":[{\"@type\":\"ReadAction\",\"target\":[\"https:\/\/www.balther.net\/lt\/balthernet\/apie-mus\/\"]}]},{\"@type\":\"BreadcrumbList\",\"@id\":\"https:\/\/www.balther.net\/lt\/balthernet\/apie-mus\/#breadcrumb\",\"itemListElement\":[{\"@type\":\"ListItem\",\"position\":1,\"name\":\"Home\",\"item\":\"https:\/\/www.balther.net\/lt\/\"},{\"@type\":\"ListItem\",\"position\":2,\"name\":\"BaltHerNet\",\"item\":\"https:\/\/www.balther.net\/lt\/balthernet\/\"},{\"@type\":\"ListItem\",\"position\":3,\"name\":\"Apie mus\"}]},{\"@type\":\"WebSite\",\"@id\":\"https:\/\/www.balther.net\/#website\",\"url\":\"https:\/\/www.balther.net\/\",\"name\":\"BaltHerNet\",\"description\":\"\",\"potentialAction\":[{\"@type\":\"SearchAction\",\"target\":{\"@type\":\"EntryPoint\",\"urlTemplate\":\"https:\/\/www.balther.net\/?s={search_term_string}\"},\"query-input\":{\"@type\":\"PropertyValueSpecification\",\"valueRequired\":true,\"valueName\":\"search_term_string\"}}],\"inLanguage\":\"lt\"}]}<\/script>\n<!-- \/ Yoast SEO plugin. -->","yoast_head_json":{"title":"Apie mus - BaltHerNet","robots":{"index":"index","follow":"follow","max-snippet":"max-snippet:-1","max-image-preview":"max-image-preview:large","max-video-preview":"max-video-preview:-1"},"canonical":"https:\/\/www.balther.net\/lt\/balthernet\/apie-mus\/","og_locale":"lt_LT","og_type":"article","og_title":"Apie mus - BaltHerNet","og_description":"Kas mes esame? &nbsp; K\u0105 mes veikiame? Lietuvi\u0173 i\u0161eivijos paveldo klausimus kuruojan\u010dios darbo grup\u0117s veikla: &#8211; teikti informacij\u0105 apie u\u017esienyje ir Lietuvoje esan\u010dius rankra\u0161tinius bei publikuotus i\u0161eivijos archyvus; &#8211; rengti lietuvi\u0173 i\u0161eivijos interneto svetaini\u0173 nuorod\u0173 katalog\u0105; &#8211; kaupti ir sisteminti informacij\u0105 apie lietuvi\u0173 egzodo mokslinius tyrimus; &#8211; informuoti apie publikuojamus lietuvi\u0173 i\u0161eivijos tematikos mokslo darbus; &#8211; teikti informacij\u0105 apie svarbiausius su lietuvi\u0173 i\u0161eivijos paveldu susijusius renginius, konkursus; &#8211; konsultuoti lietuvi\u0173 i\u0161eivijos archyv\u0173 tvarkymo, saugojimo bei gr\u0105\u017einimo klausimais; &#8211; pl\u0117sti ry\u0161ius su lietuvi\u0173 i\u0161eivijos organizacijomis ir bendruomeni\u0173 nariais u\u017esienyje; &#8211; bendradarbiauti su Estijos ir Latvijos i\u0161eivijos archyv\u0173 ekspert\u0173 darbo grup\u0117mis. &nbsp; \u0160\u012f portal\u0105 paskatino \u012fkurti 2006 m. vasar\u0105 Tartu vykusios tarptautin\u0117s konferencijos \u201eBaltijos archyvai u\u017esienyje\u201d metu priimtas memorandumas. Lietuvoje dirbanti, i\u0161eivijos paveldo klausimus kuruojanti darbo grup\u0117: Jolanta Budri\u016bnien\u0117, Lietuvos nacionalin\u0117s Martyno Ma\u017evydo bibliotekos Dokumentinio paveldo tyrim\u0173 departamento direktor\u0117, nevyriausybin\u0117s organizacijos Baltijos \u0161ali\u0173 paveldo tinklas viceprezident\u0117 jolanta.budriuniene[at]lnb.lt Valda Budreckait\u0117, Lietuvos nacionalin\u0117s Martyno Ma\u017evydo bibliotekos Dokumentinio paveldo tyrim\u0173 departamento Lituanistikos skyriaus vyriausioji metodinink\u0117-tyr\u0117ja valda.budreckaite[at]lnb.lt Dalia Cidzikait\u0117,\u00a0dr., Lietuvos nacionalin\u0117s Martyno Ma\u017evydo bibliotekos Dokumentinio paveldo tyrim\u0173 departamento Lituanistikos skyriaus vyriausioji metodinink\u0117-tyr\u0117ja dalia.cidzikaite[at]lnb.lt Ina \u0116mu\u017eien\u0117,\u00a0dr., Lietuvos nacionalin\u0117s Martyno Ma\u017evydo bibliotekos Dokumentinio paveldo tyrim\u0173 departamento Lituanistikos skyriaus vyriausioji metodinink\u0117-tyr\u0117ja ina.emuziene@lnb.lt Laura Lauru\u0161ait\u0117,\u00a0dr., Lietuvi\u0173 literat\u016bros ir tautosakos instituto Naujosios literat\u016bros skyriaus mokslo darbuotoja laura[at]llti.lt Ilona Strumickien\u0117,\u00a0dr., Lietuvos nacionalin\u0117s Martyno Ma\u017evydo bibliotekos Dokumentinio paveldo tyrim\u0173 departamento vyriausioji metodinink\u0117-tyr\u0117ja ilona.strumickiene@lnb.lt","og_url":"https:\/\/www.balther.net\/lt\/balthernet\/apie-mus\/","og_site_name":"BaltHerNet","article_modified_time":"2020-02-25T13:59:28+00:00","twitter_card":"summary_large_image","twitter_misc":{"Est. reading time":"1 minute"},"schema":{"@context":"https:\/\/schema.org","@graph":[{"@type":"WebPage","@id":"https:\/\/www.balther.net\/lt\/balthernet\/apie-mus\/","url":"https:\/\/www.balther.net\/lt\/balthernet\/apie-mus\/","name":"Apie mus - BaltHerNet","isPartOf":{"@id":"https:\/\/www.balther.net\/#website"},"datePublished":"2016-09-01T09:09:33+00:00","dateModified":"2020-02-25T13:59:28+00:00","breadcrumb":{"@id":"https:\/\/www.balther.net\/lt\/balthernet\/apie-mus\/#breadcrumb"},"inLanguage":"lt","potentialAction":[{"@type":"ReadAction","target":["https:\/\/www.balther.net\/lt\/balthernet\/apie-mus\/"]}]},{"@type":"BreadcrumbList","@id":"https:\/\/www.balther.net\/lt\/balthernet\/apie-mus\/#breadcrumb","itemListElement":[{"@type":"ListItem","position":1,"name":"Home","item":"https:\/\/www.balther.net\/lt\/"},{"@type":"ListItem","position":2,"name":"BaltHerNet","item":"https:\/\/www.balther.net\/lt\/balthernet\/"},{"@type":"ListItem","position":3,"name":"Apie mus"}]},{"@type":"WebSite","@id":"https:\/\/www.balther.net\/#website","url":"https:\/\/www.balther.net\/","name":"BaltHerNet","description":"","potentialAction":[{"@type":"SearchAction","target":{"@type":"EntryPoint","urlTemplate":"https:\/\/www.balther.net\/?s={search_term_string}"},"query-input":{"@type":"PropertyValueSpecification","valueRequired":true,"valueName":"search_term_string"}}],"inLanguage":"lt"}]}},"_links":{"self":[{"href":"https:\/\/www.balther.net\/lt\/wp-json\/wp\/v2\/pages\/6706","targetHints":{"allow":["GET"]}}],"collection":[{"href":"https:\/\/www.balther.net\/lt\/wp-json\/wp\/v2\/pages"}],"about":[{"href":"https:\/\/www.balther.net\/lt\/wp-json\/wp\/v2\/types\/page"}],"author":[{"embeddable":true,"href":"https:\/\/www.balther.net\/lt\/wp-json\/wp\/v2\/users\/5"}],"replies":[{"embeddable":true,"href":"https:\/\/www.balther.net\/lt\/wp-json\/wp\/v2\/comments?post=6706"}],"version-history":[{"count":24,"href":"https:\/\/www.balther.net\/lt\/wp-json\/wp\/v2\/pages\/6706\/revisions"}],"predecessor-version":[{"id":10696,"href":"https:\/\/www.balther.net\/lt\/wp-json\/wp\/v2\/pages\/6706\/revisions\/10696"}],"up":[{"embeddable":true,"href":"https:\/\/www.balther.net\/lt\/wp-json\/wp\/v2\/pages\/6691"}],"wp:attachment":[{"href":"https:\/\/www.balther.net\/lt\/wp-json\/wp\/v2\/media?parent=6706"}],"curies":[{"name":"wp","href":"https:\/\/api.w.org\/{rel}","templated":true}]}}