{"id":9165,"date":"2017-10-25T20:26:13","date_gmt":"2017-10-25T17:26:13","guid":{"rendered":"https:\/\/www.balther.net\/?page_id=9165\/"},"modified":"2021-05-21T16:52:13","modified_gmt":"2021-05-21T13:52:13","slug":"baltherneti-konverents-2018-balti-diasporaa-uued-algused","status":"publish","type":"page","link":"https:\/\/www.balther.net\/et\/koostoo\/konverentsid\/baltherneti-konverents-2018-balti-diasporaa-uued-algused\/","title":{"rendered":"2018 : Balti diasporaa uued algused"},"content":{"rendered":"<p style=\"text-align: center;\"><strong>Baltic Heritage Network\u00b4i konverents <\/strong><br \/>\n<strong> Balti diasporaa uued algused<\/strong><br \/>\n<strong> 26.-29.06.2018<\/strong><br \/>\n<strong> Tartu<\/strong><\/p>\n<p>&nbsp;<\/p>\n<p>Eest, L\u00e4ti ja Leedu Vabariigid t\u00e4histavad 2018. aastal oma 100. s\u00fcnnip\u00e4eva. Sel puhul vaatavad ajas tagasi mitte ainult Balti riigid vaid ka Balti diasporaakogukonnad. Taolised suured t\u00e4htp\u00e4evad annavad lisaks olnust kokkuv\u00f5tete tegemisele p\u00f5hjust ka ajas ettepoole vaadata, et seada sihte tulevikuks.<\/p>\n<p>Baltic Heritage Network t\u00e4histab Balti riikide 100. s\u00fcnnip\u00e4eva konverentsiga \u201cNew Beginnings of Baltic Diaspora\u201d Eesti Rahva Muuseumis Tartus. Balti diasporaa valikud nii kogukondade kui \u00fcksikisikute jaoks nii ajaloos kui t\u00e4nap\u00e4eval on nagu hargnevate teede aed: uued algused leiavad aset vaatamata sellele, kas me paneme seda t\u00e4hele v\u00f5i mitte. Konverents pakub v\u00f5imaluse vaadelda erinevate kogukondade ja nende arhiivide poolt kogetud l\u00f5ppe ja algusi n\u00fc\u00fcd ja minevikus. Olgu tegemist suulise ajaloo ja perekonnalugudega v\u00f5i muutlike migratsioonivoogudega, uute kogude tekkimise v\u00f5i olemasolevate&nbsp; edendamisega, t\u00e4htis on see, kuidas tunda \u00e4ra muutusi ja muuta l\u00f5pud uuteks algusteks. Kas ja kuidas suudame neid muutusi j\u00e4\u00e4dvustada arhiivi- jt kogudes? Kuidas peavad diasporaa m\u00e4luasutused vastu \u00fchiskonnas aset leidvatele muutustele?<\/p>\n<p>Konverentsile on oodatud esinema akadeemilised uurijad, m\u00e4luasutuste spetsialistid, diasporaakogukondade esindajad &#8211; k\u00f5ik, kellele Balti diasporaakogukondade p\u00fcsimine, ajaloo ja kaasaja j\u00e4\u00e4dvustamine, m\u00f5testamine t\u00e4htis on.<\/p>\n<p>MT\u00dc BaltHerNet eesm\u00e4rgiks on arendada koost\u00f6\u00f6d Balti diasporaa kultuuriv\u00e4\u00e4rtusi koguvate ja uurivate riiklike ja eraarhiivide, muuseumide ja raamatukogude, teadusasutuste, rahva\u00fchenduste ja organisatsioonide vahel, et tagada ajalooliselt v\u00e4\u00e4rtuslike Balti diasporaa kultuuriv\u00e4\u00e4rtuste s\u00e4ilimine, uurimine ja avalikkusele k\u00e4ttesaadavus. BaltHerNet arendab rahvusvahelisi ja siseriiklikke koost\u00f6\u00f6v\u00f5rgustikke, haldab ja arendab Balti diasporaa kultuurip\u00e4randi infoportaali balther.net, korraldab konverentse, seminare ja koolitusi.<\/p>\n<p>Konverentsi t\u00f6\u00f6keel on inglise keel ja konverentsi aitavad partnerasutustena korraldada Eesti Rahva Muuseum, Eesti Kirjandusmuuseum, Eesti-uuringute Tippkeskus ja Rahvusarhiiv.<\/p>\n<p>&nbsp;<\/p>\n<p>Rohkem informatsiooni www.balther.net ingliskeelsel lehel: <a href=\"https:\/\/www.balther.net\/cooperation-2\/conferences\/balthernet-conference-2018-new-beginnings-baltic-diaspora\/paper-call\/\">https:\/\/www.balther.net\/cooperation-2\/conferences\/balthernet-conference-2018-new-beginnings-baltic-diaspora\/paper-call\/<\/a><\/p>\n<p>&nbsp;<\/p>\n<p><a href=\"https:\/\/www.balther.net\/wp-content\/uploads\/2017\/10\/konverents2018_banner.png\" data-rel=\"lightbox-image-0\" data-rl_title=\"\" data-rl_caption=\"\" title=\"\"><img loading=\"lazy\" decoding=\"async\" class=\"aligncenter size-full wp-image-9334\" src=\"https:\/\/www.balther.net\/wp-content\/uploads\/2017\/10\/konverents2018_banner.png\" alt=\"\" width=\"1622\" height=\"473\" srcset=\"https:\/\/www.balther.net\/wp-content\/uploads\/2017\/10\/konverents2018_banner.png 1622w, https:\/\/www.balther.net\/wp-content\/uploads\/2017\/10\/konverents2018_banner-300x87.png 300w, https:\/\/www.balther.net\/wp-content\/uploads\/2017\/10\/konverents2018_banner-768x224.png 768w, https:\/\/www.balther.net\/wp-content\/uploads\/2017\/10\/konverents2018_banner-1024x299.png 1024w, https:\/\/www.balther.net\/wp-content\/uploads\/2017\/10\/konverents2018_banner-1111x324.png 1111w\" sizes=\"auto, (max-width: 1622px) 100vw, 1622px\" \/><\/a><\/p>\n","protected":false},"excerpt":{"rendered":"<p>Baltic Heritage Network\u00b4i konverents Balti diasporaa uued algused 26.-29.06.2018 Tartu &nbsp; Eest, L\u00e4ti ja Leedu Vabariigid t\u00e4histavad 2018. aastal oma 100. s\u00fcnnip\u00e4eva. Sel puhul vaatavad ajas tagasi mitte ainult Balti riigid vaid ka Balti diasporaakogukonnad. Taolised suured t\u00e4htp\u00e4evad annavad lisaks olnust kokkuv\u00f5tete tegemisele p\u00f5hjust ka ajas ettepoole vaadata, et seada sihte tulevikuks. Baltic Heritage Network t\u00e4histab Balti riikide 100. s\u00fcnnip\u00e4eva konverentsiga \u201cNew Beginnings of Baltic Diaspora\u201d Eesti Rahva Muuseumis Tartus. Balti diasporaa valikud nii kogukondade kui \u00fcksikisikute jaoks nii ajaloos kui t\u00e4nap\u00e4eval on nagu hargnevate teede aed: uued algused leiavad aset vaatamata sellele, kas me paneme seda t\u00e4hele v\u00f5i mitte. Konverents pakub v\u00f5imaluse vaadelda erinevate kogukondade ja nende arhiivide poolt kogetud l\u00f5ppe ja algusi n\u00fc\u00fcd ja minevikus. Olgu tegemist suulise ajaloo ja perekonnalugudega v\u00f5i muutlike migratsioonivoogudega, uute kogude tekkimise v\u00f5i olemasolevate&nbsp; edendamisega, t\u00e4htis on see, kuidas tunda \u00e4ra muutusi ja muuta l\u00f5pud uuteks algusteks. Kas ja kuidas suudame neid muutusi j\u00e4\u00e4dvustada arhiivi- jt kogudes? Kuidas peavad diasporaa m\u00e4luasutused vastu \u00fchiskonnas aset leidvatele muutustele? Konverentsile on oodatud esinema akadeemilised uurijad, m\u00e4luasutuste spetsialistid, diasporaakogukondade esindajad &#8211; k\u00f5ik, kellele Balti diasporaakogukondade p\u00fcsimine, ajaloo ja kaasaja j\u00e4\u00e4dvustamine, m\u00f5testamine t\u00e4htis on. MT\u00dc BaltHerNet eesm\u00e4rgiks on arendada koost\u00f6\u00f6d Balti diasporaa kultuuriv\u00e4\u00e4rtusi koguvate ja uurivate riiklike ja eraarhiivide, muuseumide ja raamatukogude, teadusasutuste, rahva\u00fchenduste ja organisatsioonide vahel, et tagada ajalooliselt v\u00e4\u00e4rtuslike Balti diasporaa kultuuriv\u00e4\u00e4rtuste s\u00e4ilimine, uurimine ja avalikkusele k\u00e4ttesaadavus. BaltHerNet arendab rahvusvahelisi ja siseriiklikke koost\u00f6\u00f6v\u00f5rgustikke, haldab ja arendab Balti diasporaa kultuurip\u00e4randi infoportaali balther.net, korraldab konverentse, seminare ja koolitusi. Konverentsi t\u00f6\u00f6keel on inglise keel ja konverentsi aitavad partnerasutustena korraldada Eesti Rahva Muuseum, Eesti Kirjandusmuuseum, Eesti-uuringute Tippkeskus ja Rahvusarhiiv. &nbsp; Rohkem informatsiooni www.balther.net ingliskeelsel lehel: https:\/\/www.balther.net\/cooperation-2\/conferences\/balthernet-conference-2018-new-beginnings-baltic-diaspora\/paper-call\/ &nbsp;<\/p>\n","protected":false},"author":5,"featured_media":0,"parent":444,"menu_order":5,"comment_status":"closed","ping_status":"closed","template":"","meta":{"_acf_changed":false,"_monsterinsights_skip_tracking":false,"_monsterinsights_sitenote_active":false,"_monsterinsights_sitenote_note":"","_monsterinsights_sitenote_category":0,"ngg_post_thumbnail":0,"footnotes":""},"class_list":["post-9165","page","type-page","status-publish","hentry"],"acf":[],"yoast_head":"<!-- This site is optimized with the Yoast SEO plugin v24.2 - https:\/\/yoast.com\/wordpress\/plugins\/seo\/ -->\n<title>2018 : Balti diasporaa uued algused - BaltHerNet<\/title>\n<meta name=\"robots\" content=\"index, follow, max-snippet:-1, max-image-preview:large, max-video-preview:-1\" \/>\n<link rel=\"canonical\" href=\"https:\/\/www.balther.net\/et\/koostoo\/konverentsid\/baltherneti-konverents-2018-balti-diasporaa-uued-algused\/\" \/>\n<meta property=\"og:locale\" content=\"et_EE\" \/>\n<meta property=\"og:type\" content=\"article\" \/>\n<meta property=\"og:title\" content=\"2018 : Balti diasporaa uued algused - BaltHerNet\" \/>\n<meta property=\"og:description\" content=\"Baltic Heritage Network\u00b4i konverents Balti diasporaa uued algused 26.-29.06.2018 Tartu &nbsp; Eest, L\u00e4ti ja Leedu Vabariigid t\u00e4histavad 2018. aastal oma 100. s\u00fcnnip\u00e4eva. Sel puhul vaatavad ajas tagasi mitte ainult Balti riigid vaid ka Balti diasporaakogukonnad. Taolised suured t\u00e4htp\u00e4evad annavad lisaks olnust kokkuv\u00f5tete tegemisele p\u00f5hjust ka ajas ettepoole vaadata, et seada sihte tulevikuks. Baltic Heritage Network t\u00e4histab Balti riikide 100. s\u00fcnnip\u00e4eva konverentsiga \u201cNew Beginnings of Baltic Diaspora\u201d Eesti Rahva Muuseumis Tartus. Balti diasporaa valikud nii kogukondade kui \u00fcksikisikute jaoks nii ajaloos kui t\u00e4nap\u00e4eval on nagu hargnevate teede aed: uued algused leiavad aset vaatamata sellele, kas me paneme seda t\u00e4hele v\u00f5i mitte. Konverents pakub v\u00f5imaluse vaadelda erinevate kogukondade ja nende arhiivide poolt kogetud l\u00f5ppe ja algusi n\u00fc\u00fcd ja minevikus. Olgu tegemist suulise ajaloo ja perekonnalugudega v\u00f5i muutlike migratsioonivoogudega, uute kogude tekkimise v\u00f5i olemasolevate&nbsp; edendamisega, t\u00e4htis on see, kuidas tunda \u00e4ra muutusi ja muuta l\u00f5pud uuteks algusteks. Kas ja kuidas suudame neid muutusi j\u00e4\u00e4dvustada arhiivi- jt kogudes? Kuidas peavad diasporaa m\u00e4luasutused vastu \u00fchiskonnas aset leidvatele muutustele? Konverentsile on oodatud esinema akadeemilised uurijad, m\u00e4luasutuste spetsialistid, diasporaakogukondade esindajad &#8211; k\u00f5ik, kellele Balti diasporaakogukondade p\u00fcsimine, ajaloo ja kaasaja j\u00e4\u00e4dvustamine, m\u00f5testamine t\u00e4htis on. MT\u00dc BaltHerNet eesm\u00e4rgiks on arendada koost\u00f6\u00f6d Balti diasporaa kultuuriv\u00e4\u00e4rtusi koguvate ja uurivate riiklike ja eraarhiivide, muuseumide ja raamatukogude, teadusasutuste, rahva\u00fchenduste ja organisatsioonide vahel, et tagada ajalooliselt v\u00e4\u00e4rtuslike Balti diasporaa kultuuriv\u00e4\u00e4rtuste s\u00e4ilimine, uurimine ja avalikkusele k\u00e4ttesaadavus. BaltHerNet arendab rahvusvahelisi ja siseriiklikke koost\u00f6\u00f6v\u00f5rgustikke, haldab ja arendab Balti diasporaa kultuurip\u00e4randi infoportaali balther.net, korraldab konverentse, seminare ja koolitusi. Konverentsi t\u00f6\u00f6keel on inglise keel ja konverentsi aitavad partnerasutustena korraldada Eesti Rahva Muuseum, Eesti Kirjandusmuuseum, Eesti-uuringute Tippkeskus ja Rahvusarhiiv. &nbsp; Rohkem informatsiooni www.balther.net ingliskeelsel lehel: https:\/\/www.balther.net\/cooperation-2\/conferences\/balthernet-conference-2018-new-beginnings-baltic-diaspora\/paper-call\/ &nbsp;\" \/>\n<meta property=\"og:url\" content=\"https:\/\/www.balther.net\/et\/koostoo\/konverentsid\/baltherneti-konverents-2018-balti-diasporaa-uued-algused\/\" \/>\n<meta property=\"og:site_name\" content=\"BaltHerNet\" \/>\n<meta property=\"article:modified_time\" content=\"2021-05-21T13:52:13+00:00\" \/>\n<meta property=\"og:image\" content=\"https:\/\/www.balther.net\/wp-content\/uploads\/2017\/10\/konverents2018_banner.png\" \/>\n<meta name=\"twitter:card\" content=\"summary_large_image\" \/>\n<meta name=\"twitter:label1\" content=\"Est. reading time\" \/>\n\t<meta name=\"twitter:data1\" content=\"2 minutit\" \/>\n<script type=\"application\/ld+json\" class=\"yoast-schema-graph\">{\"@context\":\"https:\/\/schema.org\",\"@graph\":[{\"@type\":\"WebPage\",\"@id\":\"https:\/\/www.balther.net\/et\/koostoo\/konverentsid\/baltherneti-konverents-2018-balti-diasporaa-uued-algused\/\",\"url\":\"https:\/\/www.balther.net\/et\/koostoo\/konverentsid\/baltherneti-konverents-2018-balti-diasporaa-uued-algused\/\",\"name\":\"2018 : Balti diasporaa uued algused - BaltHerNet\",\"isPartOf\":{\"@id\":\"https:\/\/www.balther.net\/#website\"},\"primaryImageOfPage\":{\"@id\":\"https:\/\/www.balther.net\/et\/koostoo\/konverentsid\/baltherneti-konverents-2018-balti-diasporaa-uued-algused\/#primaryimage\"},\"image\":{\"@id\":\"https:\/\/www.balther.net\/et\/koostoo\/konverentsid\/baltherneti-konverents-2018-balti-diasporaa-uued-algused\/#primaryimage\"},\"thumbnailUrl\":\"https:\/\/www.balther.net\/wp-content\/uploads\/2017\/10\/konverents2018_banner.png\",\"datePublished\":\"2017-10-25T17:26:13+00:00\",\"dateModified\":\"2021-05-21T13:52:13+00:00\",\"breadcrumb\":{\"@id\":\"https:\/\/www.balther.net\/et\/koostoo\/konverentsid\/baltherneti-konverents-2018-balti-diasporaa-uued-algused\/#breadcrumb\"},\"inLanguage\":\"et\",\"potentialAction\":[{\"@type\":\"ReadAction\",\"target\":[\"https:\/\/www.balther.net\/et\/koostoo\/konverentsid\/baltherneti-konverents-2018-balti-diasporaa-uued-algused\/\"]}]},{\"@type\":\"ImageObject\",\"inLanguage\":\"et\",\"@id\":\"https:\/\/www.balther.net\/et\/koostoo\/konverentsid\/baltherneti-konverents-2018-balti-diasporaa-uued-algused\/#primaryimage\",\"url\":\"https:\/\/www.balther.net\/wp-content\/uploads\/2017\/10\/konverents2018_banner.png\",\"contentUrl\":\"https:\/\/www.balther.net\/wp-content\/uploads\/2017\/10\/konverents2018_banner.png\"},{\"@type\":\"BreadcrumbList\",\"@id\":\"https:\/\/www.balther.net\/et\/koostoo\/konverentsid\/baltherneti-konverents-2018-balti-diasporaa-uued-algused\/#breadcrumb\",\"itemListElement\":[{\"@type\":\"ListItem\",\"position\":1,\"name\":\"Home\",\"item\":\"https:\/\/www.balther.net\/et\/\"},{\"@type\":\"ListItem\",\"position\":2,\"name\":\"Koost\u00f6\u00f6\",\"item\":\"https:\/\/www.balther.net\/et\/koostoo\/\"},{\"@type\":\"ListItem\",\"position\":3,\"name\":\"Konverentsid\",\"item\":\"https:\/\/www.balther.net\/et\/koostoo\/konverentsid\/\"},{\"@type\":\"ListItem\",\"position\":4,\"name\":\"2018 : Balti diasporaa uued algused\"}]},{\"@type\":\"WebSite\",\"@id\":\"https:\/\/www.balther.net\/#website\",\"url\":\"https:\/\/www.balther.net\/\",\"name\":\"BaltHerNet\",\"description\":\"\",\"potentialAction\":[{\"@type\":\"SearchAction\",\"target\":{\"@type\":\"EntryPoint\",\"urlTemplate\":\"https:\/\/www.balther.net\/?s={search_term_string}\"},\"query-input\":{\"@type\":\"PropertyValueSpecification\",\"valueRequired\":true,\"valueName\":\"search_term_string\"}}],\"inLanguage\":\"et\"}]}<\/script>\n<!-- \/ Yoast SEO plugin. -->","yoast_head_json":{"title":"2018 : Balti diasporaa uued algused - BaltHerNet","robots":{"index":"index","follow":"follow","max-snippet":"max-snippet:-1","max-image-preview":"max-image-preview:large","max-video-preview":"max-video-preview:-1"},"canonical":"https:\/\/www.balther.net\/et\/koostoo\/konverentsid\/baltherneti-konverents-2018-balti-diasporaa-uued-algused\/","og_locale":"et_EE","og_type":"article","og_title":"2018 : Balti diasporaa uued algused - BaltHerNet","og_description":"Baltic Heritage Network\u00b4i konverents Balti diasporaa uued algused 26.-29.06.2018 Tartu &nbsp; Eest, L\u00e4ti ja Leedu Vabariigid t\u00e4histavad 2018. aastal oma 100. s\u00fcnnip\u00e4eva. Sel puhul vaatavad ajas tagasi mitte ainult Balti riigid vaid ka Balti diasporaakogukonnad. Taolised suured t\u00e4htp\u00e4evad annavad lisaks olnust kokkuv\u00f5tete tegemisele p\u00f5hjust ka ajas ettepoole vaadata, et seada sihte tulevikuks. Baltic Heritage Network t\u00e4histab Balti riikide 100. s\u00fcnnip\u00e4eva konverentsiga \u201cNew Beginnings of Baltic Diaspora\u201d Eesti Rahva Muuseumis Tartus. Balti diasporaa valikud nii kogukondade kui \u00fcksikisikute jaoks nii ajaloos kui t\u00e4nap\u00e4eval on nagu hargnevate teede aed: uued algused leiavad aset vaatamata sellele, kas me paneme seda t\u00e4hele v\u00f5i mitte. Konverents pakub v\u00f5imaluse vaadelda erinevate kogukondade ja nende arhiivide poolt kogetud l\u00f5ppe ja algusi n\u00fc\u00fcd ja minevikus. Olgu tegemist suulise ajaloo ja perekonnalugudega v\u00f5i muutlike migratsioonivoogudega, uute kogude tekkimise v\u00f5i olemasolevate&nbsp; edendamisega, t\u00e4htis on see, kuidas tunda \u00e4ra muutusi ja muuta l\u00f5pud uuteks algusteks. Kas ja kuidas suudame neid muutusi j\u00e4\u00e4dvustada arhiivi- jt kogudes? Kuidas peavad diasporaa m\u00e4luasutused vastu \u00fchiskonnas aset leidvatele muutustele? Konverentsile on oodatud esinema akadeemilised uurijad, m\u00e4luasutuste spetsialistid, diasporaakogukondade esindajad &#8211; k\u00f5ik, kellele Balti diasporaakogukondade p\u00fcsimine, ajaloo ja kaasaja j\u00e4\u00e4dvustamine, m\u00f5testamine t\u00e4htis on. MT\u00dc BaltHerNet eesm\u00e4rgiks on arendada koost\u00f6\u00f6d Balti diasporaa kultuuriv\u00e4\u00e4rtusi koguvate ja uurivate riiklike ja eraarhiivide, muuseumide ja raamatukogude, teadusasutuste, rahva\u00fchenduste ja organisatsioonide vahel, et tagada ajalooliselt v\u00e4\u00e4rtuslike Balti diasporaa kultuuriv\u00e4\u00e4rtuste s\u00e4ilimine, uurimine ja avalikkusele k\u00e4ttesaadavus. BaltHerNet arendab rahvusvahelisi ja siseriiklikke koost\u00f6\u00f6v\u00f5rgustikke, haldab ja arendab Balti diasporaa kultuurip\u00e4randi infoportaali balther.net, korraldab konverentse, seminare ja koolitusi. Konverentsi t\u00f6\u00f6keel on inglise keel ja konverentsi aitavad partnerasutustena korraldada Eesti Rahva Muuseum, Eesti Kirjandusmuuseum, Eesti-uuringute Tippkeskus ja Rahvusarhiiv. &nbsp; Rohkem informatsiooni www.balther.net ingliskeelsel lehel: https:\/\/www.balther.net\/cooperation-2\/conferences\/balthernet-conference-2018-new-beginnings-baltic-diaspora\/paper-call\/ &nbsp;","og_url":"https:\/\/www.balther.net\/et\/koostoo\/konverentsid\/baltherneti-konverents-2018-balti-diasporaa-uued-algused\/","og_site_name":"BaltHerNet","article_modified_time":"2021-05-21T13:52:13+00:00","og_image":[{"url":"https:\/\/www.balther.net\/wp-content\/uploads\/2017\/10\/konverents2018_banner.png","type":"","width":"","height":""}],"twitter_card":"summary_large_image","twitter_misc":{"Est. reading time":"2 minutit"},"schema":{"@context":"https:\/\/schema.org","@graph":[{"@type":"WebPage","@id":"https:\/\/www.balther.net\/et\/koostoo\/konverentsid\/baltherneti-konverents-2018-balti-diasporaa-uued-algused\/","url":"https:\/\/www.balther.net\/et\/koostoo\/konverentsid\/baltherneti-konverents-2018-balti-diasporaa-uued-algused\/","name":"2018 : Balti diasporaa uued algused - BaltHerNet","isPartOf":{"@id":"https:\/\/www.balther.net\/#website"},"primaryImageOfPage":{"@id":"https:\/\/www.balther.net\/et\/koostoo\/konverentsid\/baltherneti-konverents-2018-balti-diasporaa-uued-algused\/#primaryimage"},"image":{"@id":"https:\/\/www.balther.net\/et\/koostoo\/konverentsid\/baltherneti-konverents-2018-balti-diasporaa-uued-algused\/#primaryimage"},"thumbnailUrl":"https:\/\/www.balther.net\/wp-content\/uploads\/2017\/10\/konverents2018_banner.png","datePublished":"2017-10-25T17:26:13+00:00","dateModified":"2021-05-21T13:52:13+00:00","breadcrumb":{"@id":"https:\/\/www.balther.net\/et\/koostoo\/konverentsid\/baltherneti-konverents-2018-balti-diasporaa-uued-algused\/#breadcrumb"},"inLanguage":"et","potentialAction":[{"@type":"ReadAction","target":["https:\/\/www.balther.net\/et\/koostoo\/konverentsid\/baltherneti-konverents-2018-balti-diasporaa-uued-algused\/"]}]},{"@type":"ImageObject","inLanguage":"et","@id":"https:\/\/www.balther.net\/et\/koostoo\/konverentsid\/baltherneti-konverents-2018-balti-diasporaa-uued-algused\/#primaryimage","url":"https:\/\/www.balther.net\/wp-content\/uploads\/2017\/10\/konverents2018_banner.png","contentUrl":"https:\/\/www.balther.net\/wp-content\/uploads\/2017\/10\/konverents2018_banner.png"},{"@type":"BreadcrumbList","@id":"https:\/\/www.balther.net\/et\/koostoo\/konverentsid\/baltherneti-konverents-2018-balti-diasporaa-uued-algused\/#breadcrumb","itemListElement":[{"@type":"ListItem","position":1,"name":"Home","item":"https:\/\/www.balther.net\/et\/"},{"@type":"ListItem","position":2,"name":"Koost\u00f6\u00f6","item":"https:\/\/www.balther.net\/et\/koostoo\/"},{"@type":"ListItem","position":3,"name":"Konverentsid","item":"https:\/\/www.balther.net\/et\/koostoo\/konverentsid\/"},{"@type":"ListItem","position":4,"name":"2018 : Balti diasporaa uued algused"}]},{"@type":"WebSite","@id":"https:\/\/www.balther.net\/#website","url":"https:\/\/www.balther.net\/","name":"BaltHerNet","description":"","potentialAction":[{"@type":"SearchAction","target":{"@type":"EntryPoint","urlTemplate":"https:\/\/www.balther.net\/?s={search_term_string}"},"query-input":{"@type":"PropertyValueSpecification","valueRequired":true,"valueName":"search_term_string"}}],"inLanguage":"et"}]}},"_links":{"self":[{"href":"https:\/\/www.balther.net\/et\/wp-json\/wp\/v2\/pages\/9165","targetHints":{"allow":["GET"]}}],"collection":[{"href":"https:\/\/www.balther.net\/et\/wp-json\/wp\/v2\/pages"}],"about":[{"href":"https:\/\/www.balther.net\/et\/wp-json\/wp\/v2\/types\/page"}],"author":[{"embeddable":true,"href":"https:\/\/www.balther.net\/et\/wp-json\/wp\/v2\/users\/5"}],"replies":[{"embeddable":true,"href":"https:\/\/www.balther.net\/et\/wp-json\/wp\/v2\/comments?post=9165"}],"version-history":[{"count":8,"href":"https:\/\/www.balther.net\/et\/wp-json\/wp\/v2\/pages\/9165\/revisions"}],"predecessor-version":[{"id":11727,"href":"https:\/\/www.balther.net\/et\/wp-json\/wp\/v2\/pages\/9165\/revisions\/11727"}],"up":[{"embeddable":true,"href":"https:\/\/www.balther.net\/et\/wp-json\/wp\/v2\/pages\/444"}],"wp:attachment":[{"href":"https:\/\/www.balther.net\/et\/wp-json\/wp\/v2\/media?parent=9165"}],"curies":[{"name":"wp","href":"https:\/\/api.w.org\/{rel}","templated":true}]}}