{"id":8788,"date":"2017-05-04T16:10:56","date_gmt":"2017-05-04T13:10:56","guid":{"rendered":"https:\/\/www.balther.net\/?page_id=8788\/"},"modified":"2017-05-04T16:10:56","modified_gmt":"2017-05-04T13:10:56","slug":"kaja-kumer-haukanomm","status":"publish","type":"page","link":"https:\/\/www.balther.net\/et\/balthernet\/meist\/kaja-kumer-haukanomm\/","title":{"rendered":"Kaja Kumer-Haukan\u00f5mm"},"content":{"rendered":"<p><strong>Kaja Kumer-Haukan\u00f5mm<\/strong> (s. 1975) on v\u00e4liseesti teema uurimisega tegelenud pea 20. aastat. 2012. aastal kaitses ta doktorit\u00f6\u00f6 teemal \u201cTeisest maailmas\u00f5jast tingitud Balti pagulaste problemaatika aastatel 1945\u20131952 Eesti pagulaste n\u00e4itel\u201d. Aastal 2008 s\u00fcgis \u2013 2011 kevad aitas vabatahtlikuna Stockholmi Eesti Majas tegutsevat arhiivigruppi Rootsi eestlaste materjale korrastada. Hetkel t\u00f6\u00f6tab vabakutselisena. Peamised uurimisvaldkonnad on Teisest maailmas\u00f5jast tingitud eestlaste p\u00f5genemine l\u00e4\u00e4nde, USA Teise maailmas\u00f5ja aegne ning -j\u00e4rgne v\u00e4lispoliitika Balti riikide suhtes l\u00e4bi Balti p\u00f5genike problemaatika, arengud Teise maailmas\u00f5ja j\u00e4rgsel ajal eestlaste kogukondades, v\u00e4liseestlus. Nendel teemadel on ta kirjutanud artikleid, pidanud loenguid ning ettekandeid. V\u00e4liseesti arhiivide t\u00f6\u00f6r\u00fchma liige, Baltic Heritage Network asutajaliige.<\/p>\n<p>&nbsp;<\/p>\n<p>&nbsp;<\/p>\n","protected":false},"excerpt":{"rendered":"<p>Kaja Kumer-Haukan\u00f5mm (s. 1975) on v\u00e4liseesti teema uurimisega tegelenud pea 20. aastat. 2012. aastal kaitses ta doktorit\u00f6\u00f6 teemal \u201cTeisest maailmas\u00f5jast tingitud Balti pagulaste problemaatika aastatel 1945\u20131952 Eesti pagulaste n\u00e4itel\u201d. Aastal 2008 s\u00fcgis \u2013 2011 kevad aitas vabatahtlikuna Stockholmi Eesti Majas tegutsevat arhiivigruppi Rootsi eestlaste materjale korrastada. Hetkel t\u00f6\u00f6tab vabakutselisena. Peamised uurimisvaldkonnad on Teisest maailmas\u00f5jast tingitud eestlaste p\u00f5genemine l\u00e4\u00e4nde, USA Teise maailmas\u00f5ja aegne ning -j\u00e4rgne v\u00e4lispoliitika Balti riikide suhtes l\u00e4bi Balti p\u00f5genike problemaatika, arengud Teise maailmas\u00f5ja j\u00e4rgsel ajal eestlaste kogukondades, v\u00e4liseestlus. Nendel teemadel on ta kirjutanud artikleid, pidanud loenguid ning ettekandeid. V\u00e4liseesti arhiivide t\u00f6\u00f6r\u00fchma liige, Baltic Heritage Network asutajaliige. &nbsp; &nbsp;<\/p>\n","protected":false},"author":5,"featured_media":0,"parent":417,"menu_order":3,"comment_status":"closed","ping_status":"closed","template":"","meta":{"_acf_changed":false,"_monsterinsights_skip_tracking":false,"_monsterinsights_sitenote_active":false,"_monsterinsights_sitenote_note":"","_monsterinsights_sitenote_category":0,"ngg_post_thumbnail":0,"footnotes":""},"class_list":["post-8788","page","type-page","status-publish","hentry"],"acf":[],"yoast_head":"<!-- This site is optimized with the Yoast SEO plugin v24.2 - https:\/\/yoast.com\/wordpress\/plugins\/seo\/ -->\n<title>Kaja Kumer-Haukan\u00f5mm - BaltHerNet<\/title>\n<meta name=\"robots\" content=\"index, follow, max-snippet:-1, max-image-preview:large, max-video-preview:-1\" \/>\n<link rel=\"canonical\" href=\"https:\/\/www.balther.net\/et\/balthernet\/meist\/kaja-kumer-haukanomm\/\" \/>\n<meta property=\"og:locale\" content=\"et_EE\" \/>\n<meta property=\"og:type\" content=\"article\" \/>\n<meta property=\"og:title\" content=\"Kaja Kumer-Haukan\u00f5mm - BaltHerNet\" \/>\n<meta property=\"og:description\" content=\"Kaja Kumer-Haukan\u00f5mm (s. 1975) on v\u00e4liseesti teema uurimisega tegelenud pea 20. aastat. 2012. aastal kaitses ta doktorit\u00f6\u00f6 teemal \u201cTeisest maailmas\u00f5jast tingitud Balti pagulaste problemaatika aastatel 1945\u20131952 Eesti pagulaste n\u00e4itel\u201d. Aastal 2008 s\u00fcgis \u2013 2011 kevad aitas vabatahtlikuna Stockholmi Eesti Majas tegutsevat arhiivigruppi Rootsi eestlaste materjale korrastada. Hetkel t\u00f6\u00f6tab vabakutselisena. Peamised uurimisvaldkonnad on Teisest maailmas\u00f5jast tingitud eestlaste p\u00f5genemine l\u00e4\u00e4nde, USA Teise maailmas\u00f5ja aegne ning -j\u00e4rgne v\u00e4lispoliitika Balti riikide suhtes l\u00e4bi Balti p\u00f5genike problemaatika, arengud Teise maailmas\u00f5ja j\u00e4rgsel ajal eestlaste kogukondades, v\u00e4liseestlus. Nendel teemadel on ta kirjutanud artikleid, pidanud loenguid ning ettekandeid. V\u00e4liseesti arhiivide t\u00f6\u00f6r\u00fchma liige, Baltic Heritage Network asutajaliige. &nbsp; &nbsp;\" \/>\n<meta property=\"og:url\" content=\"https:\/\/www.balther.net\/et\/balthernet\/meist\/kaja-kumer-haukanomm\/\" \/>\n<meta property=\"og:site_name\" content=\"BaltHerNet\" \/>\n<meta name=\"twitter:card\" content=\"summary_large_image\" \/>\n<meta name=\"twitter:label1\" content=\"Est. reading time\" \/>\n\t<meta name=\"twitter:data1\" content=\"1 minut\" \/>\n<script type=\"application\/ld+json\" class=\"yoast-schema-graph\">{\"@context\":\"https:\/\/schema.org\",\"@graph\":[{\"@type\":\"WebPage\",\"@id\":\"https:\/\/www.balther.net\/et\/balthernet\/meist\/kaja-kumer-haukanomm\/\",\"url\":\"https:\/\/www.balther.net\/et\/balthernet\/meist\/kaja-kumer-haukanomm\/\",\"name\":\"Kaja Kumer-Haukan\u00f5mm - BaltHerNet\",\"isPartOf\":{\"@id\":\"https:\/\/www.balther.net\/#website\"},\"datePublished\":\"2017-05-04T13:10:56+00:00\",\"dateModified\":\"2017-05-04T13:10:56+00:00\",\"breadcrumb\":{\"@id\":\"https:\/\/www.balther.net\/et\/balthernet\/meist\/kaja-kumer-haukanomm\/#breadcrumb\"},\"inLanguage\":\"et\",\"potentialAction\":[{\"@type\":\"ReadAction\",\"target\":[\"https:\/\/www.balther.net\/et\/balthernet\/meist\/kaja-kumer-haukanomm\/\"]}]},{\"@type\":\"BreadcrumbList\",\"@id\":\"https:\/\/www.balther.net\/et\/balthernet\/meist\/kaja-kumer-haukanomm\/#breadcrumb\",\"itemListElement\":[{\"@type\":\"ListItem\",\"position\":1,\"name\":\"Home\",\"item\":\"https:\/\/www.balther.net\/et\/\"},{\"@type\":\"ListItem\",\"position\":2,\"name\":\"BaltHerNet\",\"item\":\"https:\/\/www.balther.net\/et\/balthernet\/\"},{\"@type\":\"ListItem\",\"position\":3,\"name\":\"Meist\",\"item\":\"https:\/\/www.balther.net\/et\/balthernet\/meist\/\"},{\"@type\":\"ListItem\",\"position\":4,\"name\":\"Kaja Kumer-Haukan\u00f5mm\"}]},{\"@type\":\"WebSite\",\"@id\":\"https:\/\/www.balther.net\/#website\",\"url\":\"https:\/\/www.balther.net\/\",\"name\":\"BaltHerNet\",\"description\":\"\",\"potentialAction\":[{\"@type\":\"SearchAction\",\"target\":{\"@type\":\"EntryPoint\",\"urlTemplate\":\"https:\/\/www.balther.net\/?s={search_term_string}\"},\"query-input\":{\"@type\":\"PropertyValueSpecification\",\"valueRequired\":true,\"valueName\":\"search_term_string\"}}],\"inLanguage\":\"et\"}]}<\/script>\n<!-- \/ Yoast SEO plugin. -->","yoast_head_json":{"title":"Kaja Kumer-Haukan\u00f5mm - BaltHerNet","robots":{"index":"index","follow":"follow","max-snippet":"max-snippet:-1","max-image-preview":"max-image-preview:large","max-video-preview":"max-video-preview:-1"},"canonical":"https:\/\/www.balther.net\/et\/balthernet\/meist\/kaja-kumer-haukanomm\/","og_locale":"et_EE","og_type":"article","og_title":"Kaja Kumer-Haukan\u00f5mm - BaltHerNet","og_description":"Kaja Kumer-Haukan\u00f5mm (s. 1975) on v\u00e4liseesti teema uurimisega tegelenud pea 20. aastat. 2012. aastal kaitses ta doktorit\u00f6\u00f6 teemal \u201cTeisest maailmas\u00f5jast tingitud Balti pagulaste problemaatika aastatel 1945\u20131952 Eesti pagulaste n\u00e4itel\u201d. Aastal 2008 s\u00fcgis \u2013 2011 kevad aitas vabatahtlikuna Stockholmi Eesti Majas tegutsevat arhiivigruppi Rootsi eestlaste materjale korrastada. Hetkel t\u00f6\u00f6tab vabakutselisena. Peamised uurimisvaldkonnad on Teisest maailmas\u00f5jast tingitud eestlaste p\u00f5genemine l\u00e4\u00e4nde, USA Teise maailmas\u00f5ja aegne ning -j\u00e4rgne v\u00e4lispoliitika Balti riikide suhtes l\u00e4bi Balti p\u00f5genike problemaatika, arengud Teise maailmas\u00f5ja j\u00e4rgsel ajal eestlaste kogukondades, v\u00e4liseestlus. Nendel teemadel on ta kirjutanud artikleid, pidanud loenguid ning ettekandeid. V\u00e4liseesti arhiivide t\u00f6\u00f6r\u00fchma liige, Baltic Heritage Network asutajaliige. &nbsp; &nbsp;","og_url":"https:\/\/www.balther.net\/et\/balthernet\/meist\/kaja-kumer-haukanomm\/","og_site_name":"BaltHerNet","twitter_card":"summary_large_image","twitter_misc":{"Est. reading time":"1 minut"},"schema":{"@context":"https:\/\/schema.org","@graph":[{"@type":"WebPage","@id":"https:\/\/www.balther.net\/et\/balthernet\/meist\/kaja-kumer-haukanomm\/","url":"https:\/\/www.balther.net\/et\/balthernet\/meist\/kaja-kumer-haukanomm\/","name":"Kaja Kumer-Haukan\u00f5mm - BaltHerNet","isPartOf":{"@id":"https:\/\/www.balther.net\/#website"},"datePublished":"2017-05-04T13:10:56+00:00","dateModified":"2017-05-04T13:10:56+00:00","breadcrumb":{"@id":"https:\/\/www.balther.net\/et\/balthernet\/meist\/kaja-kumer-haukanomm\/#breadcrumb"},"inLanguage":"et","potentialAction":[{"@type":"ReadAction","target":["https:\/\/www.balther.net\/et\/balthernet\/meist\/kaja-kumer-haukanomm\/"]}]},{"@type":"BreadcrumbList","@id":"https:\/\/www.balther.net\/et\/balthernet\/meist\/kaja-kumer-haukanomm\/#breadcrumb","itemListElement":[{"@type":"ListItem","position":1,"name":"Home","item":"https:\/\/www.balther.net\/et\/"},{"@type":"ListItem","position":2,"name":"BaltHerNet","item":"https:\/\/www.balther.net\/et\/balthernet\/"},{"@type":"ListItem","position":3,"name":"Meist","item":"https:\/\/www.balther.net\/et\/balthernet\/meist\/"},{"@type":"ListItem","position":4,"name":"Kaja Kumer-Haukan\u00f5mm"}]},{"@type":"WebSite","@id":"https:\/\/www.balther.net\/#website","url":"https:\/\/www.balther.net\/","name":"BaltHerNet","description":"","potentialAction":[{"@type":"SearchAction","target":{"@type":"EntryPoint","urlTemplate":"https:\/\/www.balther.net\/?s={search_term_string}"},"query-input":{"@type":"PropertyValueSpecification","valueRequired":true,"valueName":"search_term_string"}}],"inLanguage":"et"}]}},"_links":{"self":[{"href":"https:\/\/www.balther.net\/et\/wp-json\/wp\/v2\/pages\/8788","targetHints":{"allow":["GET"]}}],"collection":[{"href":"https:\/\/www.balther.net\/et\/wp-json\/wp\/v2\/pages"}],"about":[{"href":"https:\/\/www.balther.net\/et\/wp-json\/wp\/v2\/types\/page"}],"author":[{"embeddable":true,"href":"https:\/\/www.balther.net\/et\/wp-json\/wp\/v2\/users\/5"}],"replies":[{"embeddable":true,"href":"https:\/\/www.balther.net\/et\/wp-json\/wp\/v2\/comments?post=8788"}],"version-history":[{"count":1,"href":"https:\/\/www.balther.net\/et\/wp-json\/wp\/v2\/pages\/8788\/revisions"}],"predecessor-version":[{"id":8789,"href":"https:\/\/www.balther.net\/et\/wp-json\/wp\/v2\/pages\/8788\/revisions\/8789"}],"up":[{"embeddable":true,"href":"https:\/\/www.balther.net\/et\/wp-json\/wp\/v2\/pages\/417"}],"wp:attachment":[{"href":"https:\/\/www.balther.net\/et\/wp-json\/wp\/v2\/media?parent=8788"}],"curies":[{"name":"wp","href":"https:\/\/api.w.org\/{rel}","templated":true}]}}