{"id":8786,"date":"2017-05-04T16:10:03","date_gmt":"2017-05-04T13:10:03","guid":{"rendered":"https:\/\/www.balther.net\/?page_id=8786\/"},"modified":"2017-05-04T16:10:03","modified_gmt":"2017-05-04T13:10:03","slug":"riina-reinvelt","status":"publish","type":"page","link":"https:\/\/www.balther.net\/et\/balthernet\/meist\/riina-reinvelt\/","title":{"rendered":"Riina Reinvelt"},"content":{"rendered":"<p><strong>Riina Reinvelt<\/strong> (s. 1971). Kaitsnud Tartu \u00dclikoolis magistrikraadi etnoloogias (2001). T\u00f6\u00f6tanud alates 1998. aastast Eesti Rahva Muuseumis, hetkel peavarahoidja ametikohal. Uurimisvaldkondadeks eluloolised m\u00e4lestused ja kodumaast eemal elavad rahvuskogukonnad (ingerisoomlased ja venelased Eestis, eestlased v\u00e4lismaal). Loeb Tartu \u00dclikooli Viljandi Kultuuriakadeemias kursust muuseumit\u00f6\u00f6 alused. Rahvuskaaslaste programmi v\u00e4liseesti arhiivide t\u00f6\u00f6r\u00fchma liige.<\/p>\n","protected":false},"excerpt":{"rendered":"<p>Riina Reinvelt (s. 1971). Kaitsnud Tartu \u00dclikoolis magistrikraadi etnoloogias (2001). T\u00f6\u00f6tanud alates 1998. aastast Eesti Rahva Muuseumis, hetkel peavarahoidja ametikohal. Uurimisvaldkondadeks eluloolised m\u00e4lestused ja kodumaast eemal elavad rahvuskogukonnad (ingerisoomlased ja venelased Eestis, eestlased v\u00e4lismaal). Loeb Tartu \u00dclikooli Viljandi Kultuuriakadeemias kursust muuseumit\u00f6\u00f6 alused. Rahvuskaaslaste programmi v\u00e4liseesti arhiivide t\u00f6\u00f6r\u00fchma liige.<\/p>\n","protected":false},"author":5,"featured_media":0,"parent":417,"menu_order":2,"comment_status":"closed","ping_status":"closed","template":"","meta":{"_acf_changed":false,"_monsterinsights_skip_tracking":false,"_monsterinsights_sitenote_active":false,"_monsterinsights_sitenote_note":"","_monsterinsights_sitenote_category":0,"ngg_post_thumbnail":0,"footnotes":""},"class_list":["post-8786","page","type-page","status-publish","hentry"],"acf":[],"yoast_head":"<!-- This site is optimized with the Yoast SEO plugin v24.2 - https:\/\/yoast.com\/wordpress\/plugins\/seo\/ -->\n<title>Riina Reinvelt - BaltHerNet<\/title>\n<meta name=\"robots\" content=\"index, follow, max-snippet:-1, max-image-preview:large, max-video-preview:-1\" \/>\n<link rel=\"canonical\" href=\"https:\/\/www.balther.net\/et\/balthernet\/meist\/riina-reinvelt\/\" \/>\n<meta property=\"og:locale\" content=\"et_EE\" \/>\n<meta property=\"og:type\" content=\"article\" \/>\n<meta property=\"og:title\" content=\"Riina Reinvelt - BaltHerNet\" \/>\n<meta property=\"og:description\" content=\"Riina Reinvelt (s. 1971). Kaitsnud Tartu \u00dclikoolis magistrikraadi etnoloogias (2001). T\u00f6\u00f6tanud alates 1998. aastast Eesti Rahva Muuseumis, hetkel peavarahoidja ametikohal. Uurimisvaldkondadeks eluloolised m\u00e4lestused ja kodumaast eemal elavad rahvuskogukonnad (ingerisoomlased ja venelased Eestis, eestlased v\u00e4lismaal). Loeb Tartu \u00dclikooli Viljandi Kultuuriakadeemias kursust muuseumit\u00f6\u00f6 alused. Rahvuskaaslaste programmi v\u00e4liseesti arhiivide t\u00f6\u00f6r\u00fchma liige.\" \/>\n<meta property=\"og:url\" content=\"https:\/\/www.balther.net\/et\/balthernet\/meist\/riina-reinvelt\/\" \/>\n<meta property=\"og:site_name\" content=\"BaltHerNet\" \/>\n<meta name=\"twitter:card\" content=\"summary_large_image\" \/>\n<script type=\"application\/ld+json\" class=\"yoast-schema-graph\">{\"@context\":\"https:\/\/schema.org\",\"@graph\":[{\"@type\":\"WebPage\",\"@id\":\"https:\/\/www.balther.net\/et\/balthernet\/meist\/riina-reinvelt\/\",\"url\":\"https:\/\/www.balther.net\/et\/balthernet\/meist\/riina-reinvelt\/\",\"name\":\"Riina Reinvelt - BaltHerNet\",\"isPartOf\":{\"@id\":\"https:\/\/www.balther.net\/#website\"},\"datePublished\":\"2017-05-04T13:10:03+00:00\",\"dateModified\":\"2017-05-04T13:10:03+00:00\",\"breadcrumb\":{\"@id\":\"https:\/\/www.balther.net\/et\/balthernet\/meist\/riina-reinvelt\/#breadcrumb\"},\"inLanguage\":\"et\",\"potentialAction\":[{\"@type\":\"ReadAction\",\"target\":[\"https:\/\/www.balther.net\/et\/balthernet\/meist\/riina-reinvelt\/\"]}]},{\"@type\":\"BreadcrumbList\",\"@id\":\"https:\/\/www.balther.net\/et\/balthernet\/meist\/riina-reinvelt\/#breadcrumb\",\"itemListElement\":[{\"@type\":\"ListItem\",\"position\":1,\"name\":\"Home\",\"item\":\"https:\/\/www.balther.net\/et\/\"},{\"@type\":\"ListItem\",\"position\":2,\"name\":\"BaltHerNet\",\"item\":\"https:\/\/www.balther.net\/et\/balthernet\/\"},{\"@type\":\"ListItem\",\"position\":3,\"name\":\"Meist\",\"item\":\"https:\/\/www.balther.net\/et\/balthernet\/meist\/\"},{\"@type\":\"ListItem\",\"position\":4,\"name\":\"Riina Reinvelt\"}]},{\"@type\":\"WebSite\",\"@id\":\"https:\/\/www.balther.net\/#website\",\"url\":\"https:\/\/www.balther.net\/\",\"name\":\"BaltHerNet\",\"description\":\"\",\"potentialAction\":[{\"@type\":\"SearchAction\",\"target\":{\"@type\":\"EntryPoint\",\"urlTemplate\":\"https:\/\/www.balther.net\/?s={search_term_string}\"},\"query-input\":{\"@type\":\"PropertyValueSpecification\",\"valueRequired\":true,\"valueName\":\"search_term_string\"}}],\"inLanguage\":\"et\"}]}<\/script>\n<!-- \/ Yoast SEO plugin. -->","yoast_head_json":{"title":"Riina Reinvelt - BaltHerNet","robots":{"index":"index","follow":"follow","max-snippet":"max-snippet:-1","max-image-preview":"max-image-preview:large","max-video-preview":"max-video-preview:-1"},"canonical":"https:\/\/www.balther.net\/et\/balthernet\/meist\/riina-reinvelt\/","og_locale":"et_EE","og_type":"article","og_title":"Riina Reinvelt - BaltHerNet","og_description":"Riina Reinvelt (s. 1971). Kaitsnud Tartu \u00dclikoolis magistrikraadi etnoloogias (2001). T\u00f6\u00f6tanud alates 1998. aastast Eesti Rahva Muuseumis, hetkel peavarahoidja ametikohal. Uurimisvaldkondadeks eluloolised m\u00e4lestused ja kodumaast eemal elavad rahvuskogukonnad (ingerisoomlased ja venelased Eestis, eestlased v\u00e4lismaal). Loeb Tartu \u00dclikooli Viljandi Kultuuriakadeemias kursust muuseumit\u00f6\u00f6 alused. Rahvuskaaslaste programmi v\u00e4liseesti arhiivide t\u00f6\u00f6r\u00fchma liige.","og_url":"https:\/\/www.balther.net\/et\/balthernet\/meist\/riina-reinvelt\/","og_site_name":"BaltHerNet","twitter_card":"summary_large_image","schema":{"@context":"https:\/\/schema.org","@graph":[{"@type":"WebPage","@id":"https:\/\/www.balther.net\/et\/balthernet\/meist\/riina-reinvelt\/","url":"https:\/\/www.balther.net\/et\/balthernet\/meist\/riina-reinvelt\/","name":"Riina Reinvelt - BaltHerNet","isPartOf":{"@id":"https:\/\/www.balther.net\/#website"},"datePublished":"2017-05-04T13:10:03+00:00","dateModified":"2017-05-04T13:10:03+00:00","breadcrumb":{"@id":"https:\/\/www.balther.net\/et\/balthernet\/meist\/riina-reinvelt\/#breadcrumb"},"inLanguage":"et","potentialAction":[{"@type":"ReadAction","target":["https:\/\/www.balther.net\/et\/balthernet\/meist\/riina-reinvelt\/"]}]},{"@type":"BreadcrumbList","@id":"https:\/\/www.balther.net\/et\/balthernet\/meist\/riina-reinvelt\/#breadcrumb","itemListElement":[{"@type":"ListItem","position":1,"name":"Home","item":"https:\/\/www.balther.net\/et\/"},{"@type":"ListItem","position":2,"name":"BaltHerNet","item":"https:\/\/www.balther.net\/et\/balthernet\/"},{"@type":"ListItem","position":3,"name":"Meist","item":"https:\/\/www.balther.net\/et\/balthernet\/meist\/"},{"@type":"ListItem","position":4,"name":"Riina Reinvelt"}]},{"@type":"WebSite","@id":"https:\/\/www.balther.net\/#website","url":"https:\/\/www.balther.net\/","name":"BaltHerNet","description":"","potentialAction":[{"@type":"SearchAction","target":{"@type":"EntryPoint","urlTemplate":"https:\/\/www.balther.net\/?s={search_term_string}"},"query-input":{"@type":"PropertyValueSpecification","valueRequired":true,"valueName":"search_term_string"}}],"inLanguage":"et"}]}},"_links":{"self":[{"href":"https:\/\/www.balther.net\/et\/wp-json\/wp\/v2\/pages\/8786","targetHints":{"allow":["GET"]}}],"collection":[{"href":"https:\/\/www.balther.net\/et\/wp-json\/wp\/v2\/pages"}],"about":[{"href":"https:\/\/www.balther.net\/et\/wp-json\/wp\/v2\/types\/page"}],"author":[{"embeddable":true,"href":"https:\/\/www.balther.net\/et\/wp-json\/wp\/v2\/users\/5"}],"replies":[{"embeddable":true,"href":"https:\/\/www.balther.net\/et\/wp-json\/wp\/v2\/comments?post=8786"}],"version-history":[{"count":1,"href":"https:\/\/www.balther.net\/et\/wp-json\/wp\/v2\/pages\/8786\/revisions"}],"predecessor-version":[{"id":8787,"href":"https:\/\/www.balther.net\/et\/wp-json\/wp\/v2\/pages\/8786\/revisions\/8787"}],"up":[{"embeddable":true,"href":"https:\/\/www.balther.net\/et\/wp-json\/wp\/v2\/pages\/417"}],"wp:attachment":[{"href":"https:\/\/www.balther.net\/et\/wp-json\/wp\/v2\/media?parent=8786"}],"curies":[{"name":"wp","href":"https:\/\/api.w.org\/{rel}","templated":true}]}}