{"id":8784,"date":"2017-05-04T16:09:23","date_gmt":"2017-05-04T13:09:23","guid":{"rendered":"https:\/\/www.balther.net\/?page_id=8784\/"},"modified":"2017-05-04T16:09:23","modified_gmt":"2017-05-04T13:09:23","slug":"tiiu-kravtsev","status":"publish","type":"page","link":"https:\/\/www.balther.net\/et\/balthernet\/meist\/tiiu-kravtsev\/","title":{"rendered":"Tiiu Kravtsev"},"content":{"rendered":"<p><strong>Tiiu Kravtsev<\/strong> on l\u00f5petanud Tartu \u00dclikooli ajaloolasena 1988 aastal, \u00f5pingute j\u00e4rgselt t\u00f6\u00f6tanud Eesti Ajaloomuuseumis tr\u00fckiste kogu hoidjana. Alates 1997. aastast t\u00f6\u00f6tab Rahvusarhiivis, 2000. aastast kogude osakonna juhatajana. Peamine vastutusala on arhiivi kogude t\u00e4iendamine nii riigiasutuste dokumentide kui ka eraarhivaalidega. V\u00e4liseesti arhiivide t\u00f6\u00f6r\u00fchma ja MT\u00dc BaltHerNet asutajaliige, Eesti Ajaloomuuseumi n\u00f5ukogu liige.<\/p>\n","protected":false},"excerpt":{"rendered":"<p>Tiiu Kravtsev on l\u00f5petanud Tartu \u00dclikooli ajaloolasena 1988 aastal, \u00f5pingute j\u00e4rgselt t\u00f6\u00f6tanud Eesti Ajaloomuuseumis tr\u00fckiste kogu hoidjana. Alates 1997. aastast t\u00f6\u00f6tab Rahvusarhiivis, 2000. aastast kogude osakonna juhatajana. Peamine vastutusala on arhiivi kogude t\u00e4iendamine nii riigiasutuste dokumentide kui ka eraarhivaalidega. V\u00e4liseesti arhiivide t\u00f6\u00f6r\u00fchma ja MT\u00dc BaltHerNet asutajaliige, Eesti Ajaloomuuseumi n\u00f5ukogu liige.<\/p>\n","protected":false},"author":5,"featured_media":0,"parent":417,"menu_order":1,"comment_status":"closed","ping_status":"closed","template":"","meta":{"_acf_changed":false,"_monsterinsights_skip_tracking":false,"_monsterinsights_sitenote_active":false,"_monsterinsights_sitenote_note":"","_monsterinsights_sitenote_category":0,"ngg_post_thumbnail":0,"footnotes":""},"class_list":["post-8784","page","type-page","status-publish","hentry"],"acf":[],"yoast_head":"<!-- This site is optimized with the Yoast SEO plugin v24.2 - https:\/\/yoast.com\/wordpress\/plugins\/seo\/ -->\n<title>Tiiu Kravtsev - BaltHerNet<\/title>\n<meta name=\"robots\" content=\"index, follow, max-snippet:-1, max-image-preview:large, max-video-preview:-1\" \/>\n<link rel=\"canonical\" href=\"https:\/\/www.balther.net\/et\/balthernet\/meist\/tiiu-kravtsev\/\" \/>\n<meta property=\"og:locale\" content=\"et_EE\" \/>\n<meta property=\"og:type\" content=\"article\" \/>\n<meta property=\"og:title\" content=\"Tiiu Kravtsev - BaltHerNet\" \/>\n<meta property=\"og:description\" content=\"Tiiu Kravtsev on l\u00f5petanud Tartu \u00dclikooli ajaloolasena 1988 aastal, \u00f5pingute j\u00e4rgselt t\u00f6\u00f6tanud Eesti Ajaloomuuseumis tr\u00fckiste kogu hoidjana. Alates 1997. aastast t\u00f6\u00f6tab Rahvusarhiivis, 2000. aastast kogude osakonna juhatajana. Peamine vastutusala on arhiivi kogude t\u00e4iendamine nii riigiasutuste dokumentide kui ka eraarhivaalidega. V\u00e4liseesti arhiivide t\u00f6\u00f6r\u00fchma ja MT\u00dc BaltHerNet asutajaliige, Eesti Ajaloomuuseumi n\u00f5ukogu liige.\" \/>\n<meta property=\"og:url\" content=\"https:\/\/www.balther.net\/et\/balthernet\/meist\/tiiu-kravtsev\/\" \/>\n<meta property=\"og:site_name\" content=\"BaltHerNet\" \/>\n<meta name=\"twitter:card\" content=\"summary_large_image\" \/>\n<script type=\"application\/ld+json\" class=\"yoast-schema-graph\">{\"@context\":\"https:\/\/schema.org\",\"@graph\":[{\"@type\":\"WebPage\",\"@id\":\"https:\/\/www.balther.net\/et\/balthernet\/meist\/tiiu-kravtsev\/\",\"url\":\"https:\/\/www.balther.net\/et\/balthernet\/meist\/tiiu-kravtsev\/\",\"name\":\"Tiiu Kravtsev - BaltHerNet\",\"isPartOf\":{\"@id\":\"https:\/\/www.balther.net\/#website\"},\"datePublished\":\"2017-05-04T13:09:23+00:00\",\"dateModified\":\"2017-05-04T13:09:23+00:00\",\"breadcrumb\":{\"@id\":\"https:\/\/www.balther.net\/et\/balthernet\/meist\/tiiu-kravtsev\/#breadcrumb\"},\"inLanguage\":\"et\",\"potentialAction\":[{\"@type\":\"ReadAction\",\"target\":[\"https:\/\/www.balther.net\/et\/balthernet\/meist\/tiiu-kravtsev\/\"]}]},{\"@type\":\"BreadcrumbList\",\"@id\":\"https:\/\/www.balther.net\/et\/balthernet\/meist\/tiiu-kravtsev\/#breadcrumb\",\"itemListElement\":[{\"@type\":\"ListItem\",\"position\":1,\"name\":\"Home\",\"item\":\"https:\/\/www.balther.net\/et\/\"},{\"@type\":\"ListItem\",\"position\":2,\"name\":\"BaltHerNet\",\"item\":\"https:\/\/www.balther.net\/et\/balthernet\/\"},{\"@type\":\"ListItem\",\"position\":3,\"name\":\"Meist\",\"item\":\"https:\/\/www.balther.net\/et\/balthernet\/meist\/\"},{\"@type\":\"ListItem\",\"position\":4,\"name\":\"Tiiu Kravtsev\"}]},{\"@type\":\"WebSite\",\"@id\":\"https:\/\/www.balther.net\/#website\",\"url\":\"https:\/\/www.balther.net\/\",\"name\":\"BaltHerNet\",\"description\":\"\",\"potentialAction\":[{\"@type\":\"SearchAction\",\"target\":{\"@type\":\"EntryPoint\",\"urlTemplate\":\"https:\/\/www.balther.net\/?s={search_term_string}\"},\"query-input\":{\"@type\":\"PropertyValueSpecification\",\"valueRequired\":true,\"valueName\":\"search_term_string\"}}],\"inLanguage\":\"et\"}]}<\/script>\n<!-- \/ Yoast SEO plugin. -->","yoast_head_json":{"title":"Tiiu Kravtsev - BaltHerNet","robots":{"index":"index","follow":"follow","max-snippet":"max-snippet:-1","max-image-preview":"max-image-preview:large","max-video-preview":"max-video-preview:-1"},"canonical":"https:\/\/www.balther.net\/et\/balthernet\/meist\/tiiu-kravtsev\/","og_locale":"et_EE","og_type":"article","og_title":"Tiiu Kravtsev - BaltHerNet","og_description":"Tiiu Kravtsev on l\u00f5petanud Tartu \u00dclikooli ajaloolasena 1988 aastal, \u00f5pingute j\u00e4rgselt t\u00f6\u00f6tanud Eesti Ajaloomuuseumis tr\u00fckiste kogu hoidjana. Alates 1997. aastast t\u00f6\u00f6tab Rahvusarhiivis, 2000. aastast kogude osakonna juhatajana. Peamine vastutusala on arhiivi kogude t\u00e4iendamine nii riigiasutuste dokumentide kui ka eraarhivaalidega. V\u00e4liseesti arhiivide t\u00f6\u00f6r\u00fchma ja MT\u00dc BaltHerNet asutajaliige, Eesti Ajaloomuuseumi n\u00f5ukogu liige.","og_url":"https:\/\/www.balther.net\/et\/balthernet\/meist\/tiiu-kravtsev\/","og_site_name":"BaltHerNet","twitter_card":"summary_large_image","schema":{"@context":"https:\/\/schema.org","@graph":[{"@type":"WebPage","@id":"https:\/\/www.balther.net\/et\/balthernet\/meist\/tiiu-kravtsev\/","url":"https:\/\/www.balther.net\/et\/balthernet\/meist\/tiiu-kravtsev\/","name":"Tiiu Kravtsev - BaltHerNet","isPartOf":{"@id":"https:\/\/www.balther.net\/#website"},"datePublished":"2017-05-04T13:09:23+00:00","dateModified":"2017-05-04T13:09:23+00:00","breadcrumb":{"@id":"https:\/\/www.balther.net\/et\/balthernet\/meist\/tiiu-kravtsev\/#breadcrumb"},"inLanguage":"et","potentialAction":[{"@type":"ReadAction","target":["https:\/\/www.balther.net\/et\/balthernet\/meist\/tiiu-kravtsev\/"]}]},{"@type":"BreadcrumbList","@id":"https:\/\/www.balther.net\/et\/balthernet\/meist\/tiiu-kravtsev\/#breadcrumb","itemListElement":[{"@type":"ListItem","position":1,"name":"Home","item":"https:\/\/www.balther.net\/et\/"},{"@type":"ListItem","position":2,"name":"BaltHerNet","item":"https:\/\/www.balther.net\/et\/balthernet\/"},{"@type":"ListItem","position":3,"name":"Meist","item":"https:\/\/www.balther.net\/et\/balthernet\/meist\/"},{"@type":"ListItem","position":4,"name":"Tiiu Kravtsev"}]},{"@type":"WebSite","@id":"https:\/\/www.balther.net\/#website","url":"https:\/\/www.balther.net\/","name":"BaltHerNet","description":"","potentialAction":[{"@type":"SearchAction","target":{"@type":"EntryPoint","urlTemplate":"https:\/\/www.balther.net\/?s={search_term_string}"},"query-input":{"@type":"PropertyValueSpecification","valueRequired":true,"valueName":"search_term_string"}}],"inLanguage":"et"}]}},"_links":{"self":[{"href":"https:\/\/www.balther.net\/et\/wp-json\/wp\/v2\/pages\/8784","targetHints":{"allow":["GET"]}}],"collection":[{"href":"https:\/\/www.balther.net\/et\/wp-json\/wp\/v2\/pages"}],"about":[{"href":"https:\/\/www.balther.net\/et\/wp-json\/wp\/v2\/types\/page"}],"author":[{"embeddable":true,"href":"https:\/\/www.balther.net\/et\/wp-json\/wp\/v2\/users\/5"}],"replies":[{"embeddable":true,"href":"https:\/\/www.balther.net\/et\/wp-json\/wp\/v2\/comments?post=8784"}],"version-history":[{"count":1,"href":"https:\/\/www.balther.net\/et\/wp-json\/wp\/v2\/pages\/8784\/revisions"}],"predecessor-version":[{"id":8785,"href":"https:\/\/www.balther.net\/et\/wp-json\/wp\/v2\/pages\/8784\/revisions\/8785"}],"up":[{"embeddable":true,"href":"https:\/\/www.balther.net\/et\/wp-json\/wp\/v2\/pages\/417"}],"wp:attachment":[{"href":"https:\/\/www.balther.net\/et\/wp-json\/wp\/v2\/media?parent=8784"}],"curies":[{"name":"wp","href":"https:\/\/api.w.org\/{rel}","templated":true}]}}