{"id":8779,"date":"2017-05-04T15:53:49","date_gmt":"2017-05-04T12:53:49","guid":{"rendered":"https:\/\/www.balther.net\/?page_id=8779\/"},"modified":"2017-05-04T15:56:38","modified_gmt":"2017-05-04T12:56:38","slug":"birgit-kibal","status":"publish","type":"page","link":"https:\/\/www.balther.net\/et\/balthernet\/meist\/birgit-kibal\/","title":{"rendered":"Birgit Kibal"},"content":{"rendered":"<p><strong>Birgit Kibal<\/strong> (s. 1976) on l\u00f5petanud Tartu \u00dclikooli ajaloolasena 1999. aastal ning on samast aastast t\u00f6\u00f6tanud Rahvusarhiivis: esialgu arhivaari ja klienditeenindajana Ajalooarhiivis ning alates 2004. aastast Rahvusarhiivi infojuhi ja n\u00f5unikuna. Birgit Kibali erialased huvid on seotud juurdep\u00e4\u00e4sutingimustega arhivaalidele ning arhivaari kutsen\u00f5uetega. MT\u00dc Baltic Heritage Network juhatuse liige.<\/p>\n","protected":false},"excerpt":{"rendered":"<p>Birgit Kibal (s. 1976) on l\u00f5petanud Tartu \u00dclikooli ajaloolasena 1999. aastal ning on samast aastast t\u00f6\u00f6tanud Rahvusarhiivis: esialgu arhivaari ja klienditeenindajana Ajalooarhiivis ning alates 2004. aastast Rahvusarhiivi infojuhi ja n\u00f5unikuna. Birgit Kibali erialased huvid on seotud juurdep\u00e4\u00e4sutingimustega arhivaalidele ning arhivaari kutsen\u00f5uetega. MT\u00dc Baltic Heritage Network juhatuse liige.<\/p>\n","protected":false},"author":5,"featured_media":0,"parent":417,"menu_order":0,"comment_status":"closed","ping_status":"closed","template":"","meta":{"_acf_changed":false,"_monsterinsights_skip_tracking":false,"_monsterinsights_sitenote_active":false,"_monsterinsights_sitenote_note":"","_monsterinsights_sitenote_category":0,"ngg_post_thumbnail":0,"footnotes":""},"class_list":["post-8779","page","type-page","status-publish","hentry"],"acf":[],"yoast_head":"<!-- This site is optimized with the Yoast SEO plugin v24.2 - https:\/\/yoast.com\/wordpress\/plugins\/seo\/ -->\n<title>Birgit Kibal - BaltHerNet<\/title>\n<meta name=\"robots\" content=\"index, follow, max-snippet:-1, max-image-preview:large, max-video-preview:-1\" \/>\n<link rel=\"canonical\" href=\"https:\/\/www.balther.net\/et\/balthernet\/meist\/birgit-kibal\/\" \/>\n<meta property=\"og:locale\" content=\"et_EE\" \/>\n<meta property=\"og:type\" content=\"article\" \/>\n<meta property=\"og:title\" content=\"Birgit Kibal - BaltHerNet\" \/>\n<meta property=\"og:description\" content=\"Birgit Kibal (s. 1976) on l\u00f5petanud Tartu \u00dclikooli ajaloolasena 1999. aastal ning on samast aastast t\u00f6\u00f6tanud Rahvusarhiivis: esialgu arhivaari ja klienditeenindajana Ajalooarhiivis ning alates 2004. aastast Rahvusarhiivi infojuhi ja n\u00f5unikuna. Birgit Kibali erialased huvid on seotud juurdep\u00e4\u00e4sutingimustega arhivaalidele ning arhivaari kutsen\u00f5uetega. MT\u00dc Baltic Heritage Network juhatuse liige.\" \/>\n<meta property=\"og:url\" content=\"https:\/\/www.balther.net\/et\/balthernet\/meist\/birgit-kibal\/\" \/>\n<meta property=\"og:site_name\" content=\"BaltHerNet\" \/>\n<meta property=\"article:modified_time\" content=\"2017-05-04T12:56:38+00:00\" \/>\n<meta name=\"twitter:card\" content=\"summary_large_image\" \/>\n<script type=\"application\/ld+json\" class=\"yoast-schema-graph\">{\"@context\":\"https:\/\/schema.org\",\"@graph\":[{\"@type\":\"WebPage\",\"@id\":\"https:\/\/www.balther.net\/et\/balthernet\/meist\/birgit-kibal\/\",\"url\":\"https:\/\/www.balther.net\/et\/balthernet\/meist\/birgit-kibal\/\",\"name\":\"Birgit Kibal - BaltHerNet\",\"isPartOf\":{\"@id\":\"https:\/\/www.balther.net\/#website\"},\"datePublished\":\"2017-05-04T12:53:49+00:00\",\"dateModified\":\"2017-05-04T12:56:38+00:00\",\"breadcrumb\":{\"@id\":\"https:\/\/www.balther.net\/et\/balthernet\/meist\/birgit-kibal\/#breadcrumb\"},\"inLanguage\":\"et\",\"potentialAction\":[{\"@type\":\"ReadAction\",\"target\":[\"https:\/\/www.balther.net\/et\/balthernet\/meist\/birgit-kibal\/\"]}]},{\"@type\":\"BreadcrumbList\",\"@id\":\"https:\/\/www.balther.net\/et\/balthernet\/meist\/birgit-kibal\/#breadcrumb\",\"itemListElement\":[{\"@type\":\"ListItem\",\"position\":1,\"name\":\"Home\",\"item\":\"https:\/\/www.balther.net\/et\/\"},{\"@type\":\"ListItem\",\"position\":2,\"name\":\"BaltHerNet\",\"item\":\"https:\/\/www.balther.net\/et\/balthernet\/\"},{\"@type\":\"ListItem\",\"position\":3,\"name\":\"Meist\",\"item\":\"https:\/\/www.balther.net\/et\/balthernet\/meist\/\"},{\"@type\":\"ListItem\",\"position\":4,\"name\":\"Birgit Kibal\"}]},{\"@type\":\"WebSite\",\"@id\":\"https:\/\/www.balther.net\/#website\",\"url\":\"https:\/\/www.balther.net\/\",\"name\":\"BaltHerNet\",\"description\":\"\",\"potentialAction\":[{\"@type\":\"SearchAction\",\"target\":{\"@type\":\"EntryPoint\",\"urlTemplate\":\"https:\/\/www.balther.net\/?s={search_term_string}\"},\"query-input\":{\"@type\":\"PropertyValueSpecification\",\"valueRequired\":true,\"valueName\":\"search_term_string\"}}],\"inLanguage\":\"et\"}]}<\/script>\n<!-- \/ Yoast SEO plugin. -->","yoast_head_json":{"title":"Birgit Kibal - BaltHerNet","robots":{"index":"index","follow":"follow","max-snippet":"max-snippet:-1","max-image-preview":"max-image-preview:large","max-video-preview":"max-video-preview:-1"},"canonical":"https:\/\/www.balther.net\/et\/balthernet\/meist\/birgit-kibal\/","og_locale":"et_EE","og_type":"article","og_title":"Birgit Kibal - BaltHerNet","og_description":"Birgit Kibal (s. 1976) on l\u00f5petanud Tartu \u00dclikooli ajaloolasena 1999. aastal ning on samast aastast t\u00f6\u00f6tanud Rahvusarhiivis: esialgu arhivaari ja klienditeenindajana Ajalooarhiivis ning alates 2004. aastast Rahvusarhiivi infojuhi ja n\u00f5unikuna. Birgit Kibali erialased huvid on seotud juurdep\u00e4\u00e4sutingimustega arhivaalidele ning arhivaari kutsen\u00f5uetega. MT\u00dc Baltic Heritage Network juhatuse liige.","og_url":"https:\/\/www.balther.net\/et\/balthernet\/meist\/birgit-kibal\/","og_site_name":"BaltHerNet","article_modified_time":"2017-05-04T12:56:38+00:00","twitter_card":"summary_large_image","schema":{"@context":"https:\/\/schema.org","@graph":[{"@type":"WebPage","@id":"https:\/\/www.balther.net\/et\/balthernet\/meist\/birgit-kibal\/","url":"https:\/\/www.balther.net\/et\/balthernet\/meist\/birgit-kibal\/","name":"Birgit Kibal - BaltHerNet","isPartOf":{"@id":"https:\/\/www.balther.net\/#website"},"datePublished":"2017-05-04T12:53:49+00:00","dateModified":"2017-05-04T12:56:38+00:00","breadcrumb":{"@id":"https:\/\/www.balther.net\/et\/balthernet\/meist\/birgit-kibal\/#breadcrumb"},"inLanguage":"et","potentialAction":[{"@type":"ReadAction","target":["https:\/\/www.balther.net\/et\/balthernet\/meist\/birgit-kibal\/"]}]},{"@type":"BreadcrumbList","@id":"https:\/\/www.balther.net\/et\/balthernet\/meist\/birgit-kibal\/#breadcrumb","itemListElement":[{"@type":"ListItem","position":1,"name":"Home","item":"https:\/\/www.balther.net\/et\/"},{"@type":"ListItem","position":2,"name":"BaltHerNet","item":"https:\/\/www.balther.net\/et\/balthernet\/"},{"@type":"ListItem","position":3,"name":"Meist","item":"https:\/\/www.balther.net\/et\/balthernet\/meist\/"},{"@type":"ListItem","position":4,"name":"Birgit Kibal"}]},{"@type":"WebSite","@id":"https:\/\/www.balther.net\/#website","url":"https:\/\/www.balther.net\/","name":"BaltHerNet","description":"","potentialAction":[{"@type":"SearchAction","target":{"@type":"EntryPoint","urlTemplate":"https:\/\/www.balther.net\/?s={search_term_string}"},"query-input":{"@type":"PropertyValueSpecification","valueRequired":true,"valueName":"search_term_string"}}],"inLanguage":"et"}]}},"_links":{"self":[{"href":"https:\/\/www.balther.net\/et\/wp-json\/wp\/v2\/pages\/8779","targetHints":{"allow":["GET"]}}],"collection":[{"href":"https:\/\/www.balther.net\/et\/wp-json\/wp\/v2\/pages"}],"about":[{"href":"https:\/\/www.balther.net\/et\/wp-json\/wp\/v2\/types\/page"}],"author":[{"embeddable":true,"href":"https:\/\/www.balther.net\/et\/wp-json\/wp\/v2\/users\/5"}],"replies":[{"embeddable":true,"href":"https:\/\/www.balther.net\/et\/wp-json\/wp\/v2\/comments?post=8779"}],"version-history":[{"count":2,"href":"https:\/\/www.balther.net\/et\/wp-json\/wp\/v2\/pages\/8779\/revisions"}],"predecessor-version":[{"id":8783,"href":"https:\/\/www.balther.net\/et\/wp-json\/wp\/v2\/pages\/8779\/revisions\/8783"}],"up":[{"embeddable":true,"href":"https:\/\/www.balther.net\/et\/wp-json\/wp\/v2\/pages\/417"}],"wp:attachment":[{"href":"https:\/\/www.balther.net\/et\/wp-json\/wp\/v2\/media?parent=8779"}],"curies":[{"name":"wp","href":"https:\/\/api.w.org\/{rel}","templated":true}]}}