{"id":4863,"date":"2016-03-06T14:27:13","date_gmt":"2016-03-06T14:27:13","guid":{"rendered":"http:\/\/uus.balther.net\/et\/?page_id=4863"},"modified":"2016-03-06T14:30:07","modified_gmt":"2016-03-06T14:30:07","slug":"hooveri-instituudi-raamatukogu-ja-arhiiv-stanfordi-ulikool","status":"publish","type":"page","link":"https:\/\/www.balther.net\/et\/maluasutused\/usa\/ar\/hooveri-instituudi-raamatukogu-ja-arhiiv-stanfordi-ulikool\/","title":{"rendered":"Hooveri Instituudi Raamatukogu ja Arhiiv (Stanfordi \u00dclikool)"},"content":{"rendered":"<h5><strong><a href=\"http:\/\/www.hoover.org\/library-archives\" target=\"_blank\">Hooveri Instituudi Raamatukogu ja Arhiiv<\/a><\/strong> (<a href=\"http:\/\/www.stanford.edu\/\" target=\"_blank\">Stanfordi \u00dclikool<\/a>)<\/h5>\n<p><strong>Loe veel:<\/strong><br \/>\nDavid Jacobs, <a href=\"http:\/\/www.balther.net\/wp-content\/uploads\/2016\/03\/David_Jacobs_2008_MH_PN.doc\" target=\"_blank\">San Fransisco lahelt L\u00e4\u00e4nemereni: side, mis kestab<\/a><\/p>\n<p><strong>Kontakt:<\/strong><br \/>\nMaciej Siekierski: <a href=\"mailto:siekierski@hoover.stanford.edu\"><span style=\"color: #403c94;\">siekierski@hoover.stanford.edu<\/span><\/a><br \/>\nDavid Jacobs: <a href=\"mailto:jacobs@hoover.stanford.edu\"><span style=\"color: #403c94;\">jacobs@hoover.stanford.edu<\/span><\/a><\/p>\n<p>&nbsp;<\/p>\n<p>&nbsp;<\/p>\n","protected":false},"excerpt":{"rendered":"<p>Hooveri Instituudi Raamatukogu ja Arhiiv (Stanfordi \u00dclikool) Loe veel: David Jacobs, San Fransisco lahelt L\u00e4\u00e4nemereni: side, mis kestab Kontakt: Maciej Siekierski: siekierski@hoover.stanford.edu David Jacobs: jacobs@hoover.stanford.edu &nbsp; &nbsp;<\/p>\n","protected":false},"author":7,"featured_media":0,"parent":1609,"menu_order":1,"comment_status":"closed","ping_status":"closed","template":"","meta":{"_acf_changed":false,"_monsterinsights_skip_tracking":false,"_monsterinsights_sitenote_active":false,"_monsterinsights_sitenote_note":"","_monsterinsights_sitenote_category":0,"ngg_post_thumbnail":0,"footnotes":""},"class_list":["post-4863","page","type-page","status-publish","hentry"],"acf":[],"yoast_head":"<!-- This site is optimized with the Yoast SEO plugin v24.2 - https:\/\/yoast.com\/wordpress\/plugins\/seo\/ -->\n<title>Hooveri Instituudi Raamatukogu ja Arhiiv (Stanfordi \u00dclikool) - BaltHerNet<\/title>\n<meta name=\"robots\" content=\"index, follow, max-snippet:-1, max-image-preview:large, max-video-preview:-1\" \/>\n<link rel=\"canonical\" href=\"https:\/\/www.balther.net\/et\/maluasutused\/usa\/ar\/hooveri-instituudi-raamatukogu-ja-arhiiv-stanfordi-ulikool\/\" \/>\n<meta property=\"og:locale\" content=\"et_EE\" \/>\n<meta property=\"og:type\" content=\"article\" \/>\n<meta property=\"og:title\" content=\"Hooveri Instituudi Raamatukogu ja Arhiiv (Stanfordi \u00dclikool) - BaltHerNet\" \/>\n<meta property=\"og:description\" content=\"Hooveri Instituudi Raamatukogu ja Arhiiv (Stanfordi \u00dclikool) Loe veel: David Jacobs, San Fransisco lahelt L\u00e4\u00e4nemereni: side, mis kestab Kontakt: Maciej Siekierski: siekierski@hoover.stanford.edu David Jacobs: jacobs@hoover.stanford.edu &nbsp; &nbsp;\" \/>\n<meta property=\"og:url\" content=\"https:\/\/www.balther.net\/et\/maluasutused\/usa\/ar\/hooveri-instituudi-raamatukogu-ja-arhiiv-stanfordi-ulikool\/\" \/>\n<meta property=\"og:site_name\" content=\"BaltHerNet\" \/>\n<meta property=\"article:modified_time\" content=\"2016-03-06T14:30:07+00:00\" \/>\n<meta name=\"twitter:card\" content=\"summary_large_image\" \/>\n<script type=\"application\/ld+json\" class=\"yoast-schema-graph\">{\"@context\":\"https:\/\/schema.org\",\"@graph\":[{\"@type\":\"WebPage\",\"@id\":\"https:\/\/www.balther.net\/et\/maluasutused\/usa\/ar\/hooveri-instituudi-raamatukogu-ja-arhiiv-stanfordi-ulikool\/\",\"url\":\"https:\/\/www.balther.net\/et\/maluasutused\/usa\/ar\/hooveri-instituudi-raamatukogu-ja-arhiiv-stanfordi-ulikool\/\",\"name\":\"Hooveri Instituudi Raamatukogu ja Arhiiv (Stanfordi \u00dclikool) - BaltHerNet\",\"isPartOf\":{\"@id\":\"https:\/\/www.balther.net\/#website\"},\"datePublished\":\"2016-03-06T14:27:13+00:00\",\"dateModified\":\"2016-03-06T14:30:07+00:00\",\"breadcrumb\":{\"@id\":\"https:\/\/www.balther.net\/et\/maluasutused\/usa\/ar\/hooveri-instituudi-raamatukogu-ja-arhiiv-stanfordi-ulikool\/#breadcrumb\"},\"inLanguage\":\"et\",\"potentialAction\":[{\"@type\":\"ReadAction\",\"target\":[\"https:\/\/www.balther.net\/et\/maluasutused\/usa\/ar\/hooveri-instituudi-raamatukogu-ja-arhiiv-stanfordi-ulikool\/\"]}]},{\"@type\":\"BreadcrumbList\",\"@id\":\"https:\/\/www.balther.net\/et\/maluasutused\/usa\/ar\/hooveri-instituudi-raamatukogu-ja-arhiiv-stanfordi-ulikool\/#breadcrumb\",\"itemListElement\":[{\"@type\":\"ListItem\",\"position\":1,\"name\":\"Home\",\"item\":\"https:\/\/www.balther.net\/et\/\"},{\"@type\":\"ListItem\",\"position\":2,\"name\":\"M\u00e4luasutused\",\"item\":\"https:\/\/www.balther.net\/et\/maluasutused\/\"},{\"@type\":\"ListItem\",\"position\":3,\"name\":\"USA\",\"item\":\"https:\/\/www.balther.net\/et\/maluasutused\/usa\/\"},{\"@type\":\"ListItem\",\"position\":4,\"name\":\"Arhiivid\",\"item\":\"https:\/\/www.balther.net\/et\/maluasutused\/usa\/ar\/\"},{\"@type\":\"ListItem\",\"position\":5,\"name\":\"Hooveri Instituudi Raamatukogu ja Arhiiv (Stanfordi \u00dclikool)\"}]},{\"@type\":\"WebSite\",\"@id\":\"https:\/\/www.balther.net\/#website\",\"url\":\"https:\/\/www.balther.net\/\",\"name\":\"BaltHerNet\",\"description\":\"\",\"potentialAction\":[{\"@type\":\"SearchAction\",\"target\":{\"@type\":\"EntryPoint\",\"urlTemplate\":\"https:\/\/www.balther.net\/?s={search_term_string}\"},\"query-input\":{\"@type\":\"PropertyValueSpecification\",\"valueRequired\":true,\"valueName\":\"search_term_string\"}}],\"inLanguage\":\"et\"}]}<\/script>\n<!-- \/ Yoast SEO plugin. -->","yoast_head_json":{"title":"Hooveri Instituudi Raamatukogu ja Arhiiv (Stanfordi \u00dclikool) - BaltHerNet","robots":{"index":"index","follow":"follow","max-snippet":"max-snippet:-1","max-image-preview":"max-image-preview:large","max-video-preview":"max-video-preview:-1"},"canonical":"https:\/\/www.balther.net\/et\/maluasutused\/usa\/ar\/hooveri-instituudi-raamatukogu-ja-arhiiv-stanfordi-ulikool\/","og_locale":"et_EE","og_type":"article","og_title":"Hooveri Instituudi Raamatukogu ja Arhiiv (Stanfordi \u00dclikool) - BaltHerNet","og_description":"Hooveri Instituudi Raamatukogu ja Arhiiv (Stanfordi \u00dclikool) Loe veel: David Jacobs, San Fransisco lahelt L\u00e4\u00e4nemereni: side, mis kestab Kontakt: Maciej Siekierski: siekierski@hoover.stanford.edu David Jacobs: jacobs@hoover.stanford.edu &nbsp; &nbsp;","og_url":"https:\/\/www.balther.net\/et\/maluasutused\/usa\/ar\/hooveri-instituudi-raamatukogu-ja-arhiiv-stanfordi-ulikool\/","og_site_name":"BaltHerNet","article_modified_time":"2016-03-06T14:30:07+00:00","twitter_card":"summary_large_image","schema":{"@context":"https:\/\/schema.org","@graph":[{"@type":"WebPage","@id":"https:\/\/www.balther.net\/et\/maluasutused\/usa\/ar\/hooveri-instituudi-raamatukogu-ja-arhiiv-stanfordi-ulikool\/","url":"https:\/\/www.balther.net\/et\/maluasutused\/usa\/ar\/hooveri-instituudi-raamatukogu-ja-arhiiv-stanfordi-ulikool\/","name":"Hooveri Instituudi Raamatukogu ja Arhiiv (Stanfordi \u00dclikool) - BaltHerNet","isPartOf":{"@id":"https:\/\/www.balther.net\/#website"},"datePublished":"2016-03-06T14:27:13+00:00","dateModified":"2016-03-06T14:30:07+00:00","breadcrumb":{"@id":"https:\/\/www.balther.net\/et\/maluasutused\/usa\/ar\/hooveri-instituudi-raamatukogu-ja-arhiiv-stanfordi-ulikool\/#breadcrumb"},"inLanguage":"et","potentialAction":[{"@type":"ReadAction","target":["https:\/\/www.balther.net\/et\/maluasutused\/usa\/ar\/hooveri-instituudi-raamatukogu-ja-arhiiv-stanfordi-ulikool\/"]}]},{"@type":"BreadcrumbList","@id":"https:\/\/www.balther.net\/et\/maluasutused\/usa\/ar\/hooveri-instituudi-raamatukogu-ja-arhiiv-stanfordi-ulikool\/#breadcrumb","itemListElement":[{"@type":"ListItem","position":1,"name":"Home","item":"https:\/\/www.balther.net\/et\/"},{"@type":"ListItem","position":2,"name":"M\u00e4luasutused","item":"https:\/\/www.balther.net\/et\/maluasutused\/"},{"@type":"ListItem","position":3,"name":"USA","item":"https:\/\/www.balther.net\/et\/maluasutused\/usa\/"},{"@type":"ListItem","position":4,"name":"Arhiivid","item":"https:\/\/www.balther.net\/et\/maluasutused\/usa\/ar\/"},{"@type":"ListItem","position":5,"name":"Hooveri Instituudi Raamatukogu ja Arhiiv (Stanfordi \u00dclikool)"}]},{"@type":"WebSite","@id":"https:\/\/www.balther.net\/#website","url":"https:\/\/www.balther.net\/","name":"BaltHerNet","description":"","potentialAction":[{"@type":"SearchAction","target":{"@type":"EntryPoint","urlTemplate":"https:\/\/www.balther.net\/?s={search_term_string}"},"query-input":{"@type":"PropertyValueSpecification","valueRequired":true,"valueName":"search_term_string"}}],"inLanguage":"et"}]}},"_links":{"self":[{"href":"https:\/\/www.balther.net\/et\/wp-json\/wp\/v2\/pages\/4863","targetHints":{"allow":["GET"]}}],"collection":[{"href":"https:\/\/www.balther.net\/et\/wp-json\/wp\/v2\/pages"}],"about":[{"href":"https:\/\/www.balther.net\/et\/wp-json\/wp\/v2\/types\/page"}],"author":[{"embeddable":true,"href":"https:\/\/www.balther.net\/et\/wp-json\/wp\/v2\/users\/7"}],"replies":[{"embeddable":true,"href":"https:\/\/www.balther.net\/et\/wp-json\/wp\/v2\/comments?post=4863"}],"version-history":[{"count":5,"href":"https:\/\/www.balther.net\/et\/wp-json\/wp\/v2\/pages\/4863\/revisions"}],"predecessor-version":[{"id":4871,"href":"https:\/\/www.balther.net\/et\/wp-json\/wp\/v2\/pages\/4863\/revisions\/4871"}],"up":[{"embeddable":true,"href":"https:\/\/www.balther.net\/et\/wp-json\/wp\/v2\/pages\/1609"}],"wp:attachment":[{"href":"https:\/\/www.balther.net\/et\/wp-json\/wp\/v2\/media?parent=4863"}],"curies":[{"name":"wp","href":"https:\/\/api.w.org\/{rel}","templated":true}]}}