{"id":4599,"date":"2016-02-25T23:00:45","date_gmt":"2016-02-25T23:00:45","guid":{"rendered":"http:\/\/uus.balther.net\/et\/?page_id=4599"},"modified":"2016-02-25T23:01:33","modified_gmt":"2016-02-25T23:01:33","slug":"baltherneti-infopaev-valiseesti-kultuuriparandi-sailitajatele-eestis-15-aprill-fotod-piret-noorhani","status":"publish","type":"page","link":"https:\/\/www.balther.net\/et\/kroonika\/fotogaleriid\/2008-2\/baltherneti-infopaev-valiseesti-kultuuriparandi-sailitajatele-eestis-15-aprill-fotod-piret-noorhani\/","title":{"rendered":"BaltHerNeti infop\u00e4ev v\u00e4liseesti kultuurip\u00e4randi s\u00e4ilitajatele Eestis (15.aprill). Fotod: Piret Noorhani"},"content":{"rendered":"<h5>BaltHerNeti infop\u00e4ev v\u00e4liseesti kultuurip\u00e4randi s\u00e4ilitajatele Eestis (15.aprill). Fotod: Piret Noorhani<\/h5>\n<p style=\"text-align: justify;\"><a href=\"http:\/\/www.balther.net\/wp-content\/uploads\/2016\/02\/imgp1876.jpg\" rel=\"attachment wp-att-4600\" data-rel=\"lightbox-image-0\" data-rl_title=\"\" data-rl_caption=\"\" title=\"\"><img loading=\"lazy\" decoding=\"async\" class=\"alignnone size-medium wp-image-4600\" src=\"http:\/\/www.balther.net\/wp-content\/uploads\/2016\/02\/imgp1876-225x300.jpg\" alt=\"imgp1876\" width=\"225\" height=\"300\" srcset=\"https:\/\/www.balther.net\/wp-content\/uploads\/2016\/02\/imgp1876-225x300.jpg 225w, https:\/\/www.balther.net\/wp-content\/uploads\/2016\/02\/imgp1876-243x324.jpg 243w, https:\/\/www.balther.net\/wp-content\/uploads\/2016\/02\/imgp1876.jpg 450w\" sizes=\"auto, (max-width: 225px) 100vw, 225px\" \/><\/a> <a href=\"http:\/\/www.balther.net\/wp-content\/uploads\/2016\/02\/imgp1878.jpg\" rel=\"attachment wp-att-4601\" data-rel=\"lightbox-image-1\" data-rl_title=\"\" data-rl_caption=\"\" title=\"\"><img loading=\"lazy\" decoding=\"async\" class=\"alignnone size-medium wp-image-4601\" src=\"http:\/\/www.balther.net\/wp-content\/uploads\/2016\/02\/imgp1878-300x225.jpg\" alt=\"imgp1878\" width=\"300\" height=\"225\" srcset=\"https:\/\/www.balther.net\/wp-content\/uploads\/2016\/02\/imgp1878-300x225.jpg 300w, https:\/\/www.balther.net\/wp-content\/uploads\/2016\/02\/imgp1878-432x324.jpg 432w, https:\/\/www.balther.net\/wp-content\/uploads\/2016\/02\/imgp1878.jpg 600w\" sizes=\"auto, (max-width: 300px) 100vw, 300px\" \/><\/a> <a href=\"http:\/\/www.balther.net\/wp-content\/uploads\/2016\/02\/imgp1879.jpg\" rel=\"attachment wp-att-4602\" data-rel=\"lightbox-image-2\" data-rl_title=\"\" data-rl_caption=\"\" title=\"\"><img loading=\"lazy\" decoding=\"async\" class=\"alignnone size-medium wp-image-4602\" src=\"http:\/\/www.balther.net\/wp-content\/uploads\/2016\/02\/imgp1879-300x225.jpg\" alt=\"imgp1879\" width=\"300\" height=\"225\" srcset=\"https:\/\/www.balther.net\/wp-content\/uploads\/2016\/02\/imgp1879-300x225.jpg 300w, https:\/\/www.balther.net\/wp-content\/uploads\/2016\/02\/imgp1879-432x324.jpg 432w, https:\/\/www.balther.net\/wp-content\/uploads\/2016\/02\/imgp1879.jpg 600w\" sizes=\"auto, (max-width: 300px) 100vw, 300px\" \/><\/a> <a href=\"http:\/\/www.balther.net\/wp-content\/uploads\/2016\/02\/imgp1881.jpg\" rel=\"attachment wp-att-4603\" data-rel=\"lightbox-image-3\" data-rl_title=\"\" data-rl_caption=\"\" title=\"\"><img loading=\"lazy\" decoding=\"async\" class=\"alignnone size-medium wp-image-4603\" src=\"http:\/\/www.balther.net\/wp-content\/uploads\/2016\/02\/imgp1881-225x300.jpg\" alt=\"imgp1881\" width=\"225\" height=\"300\" srcset=\"https:\/\/www.balther.net\/wp-content\/uploads\/2016\/02\/imgp1881-225x300.jpg 225w, https:\/\/www.balther.net\/wp-content\/uploads\/2016\/02\/imgp1881-243x324.jpg 243w, https:\/\/www.balther.net\/wp-content\/uploads\/2016\/02\/imgp1881.jpg 450w\" sizes=\"auto, (max-width: 225px) 100vw, 225px\" \/><\/a> <a href=\"http:\/\/www.balther.net\/wp-content\/uploads\/2016\/02\/imgp1882.jpg\" rel=\"attachment wp-att-4604\" data-rel=\"lightbox-image-4\" data-rl_title=\"\" data-rl_caption=\"\" title=\"\"><img loading=\"lazy\" decoding=\"async\" class=\"alignnone size-medium wp-image-4604\" src=\"http:\/\/www.balther.net\/wp-content\/uploads\/2016\/02\/imgp1882-225x300.jpg\" alt=\"imgp1882\" width=\"225\" height=\"300\" srcset=\"https:\/\/www.balther.net\/wp-content\/uploads\/2016\/02\/imgp1882-225x300.jpg 225w, https:\/\/www.balther.net\/wp-content\/uploads\/2016\/02\/imgp1882-243x324.jpg 243w, https:\/\/www.balther.net\/wp-content\/uploads\/2016\/02\/imgp1882.jpg 450w\" sizes=\"auto, (max-width: 225px) 100vw, 225px\" \/><\/a> <a href=\"http:\/\/www.balther.net\/wp-content\/uploads\/2016\/02\/imgp1884.jpg\" rel=\"attachment wp-att-4605\" data-rel=\"lightbox-image-5\" data-rl_title=\"\" data-rl_caption=\"\" title=\"\"><img loading=\"lazy\" decoding=\"async\" class=\"alignnone size-medium wp-image-4605\" src=\"http:\/\/www.balther.net\/wp-content\/uploads\/2016\/02\/imgp1884-225x300.jpg\" alt=\"imgp1884\" width=\"225\" height=\"300\" srcset=\"https:\/\/www.balther.net\/wp-content\/uploads\/2016\/02\/imgp1884-225x300.jpg 225w, https:\/\/www.balther.net\/wp-content\/uploads\/2016\/02\/imgp1884-243x324.jpg 243w, https:\/\/www.balther.net\/wp-content\/uploads\/2016\/02\/imgp1884.jpg 450w\" sizes=\"auto, (max-width: 225px) 100vw, 225px\" \/><\/a> <a href=\"http:\/\/www.balther.net\/wp-content\/uploads\/2016\/02\/imgp1886.jpg\" rel=\"attachment wp-att-4606\" data-rel=\"lightbox-image-6\" data-rl_title=\"\" data-rl_caption=\"\" title=\"\"><img loading=\"lazy\" decoding=\"async\" class=\"alignnone size-medium wp-image-4606\" src=\"http:\/\/www.balther.net\/wp-content\/uploads\/2016\/02\/imgp1886-225x300.jpg\" alt=\"imgp1886\" width=\"225\" height=\"300\" srcset=\"https:\/\/www.balther.net\/wp-content\/uploads\/2016\/02\/imgp1886-225x300.jpg 225w, https:\/\/www.balther.net\/wp-content\/uploads\/2016\/02\/imgp1886-243x324.jpg 243w, https:\/\/www.balther.net\/wp-content\/uploads\/2016\/02\/imgp1886.jpg 450w\" sizes=\"auto, (max-width: 225px) 100vw, 225px\" \/><\/a> <a href=\"http:\/\/www.balther.net\/wp-content\/uploads\/2016\/02\/imgp1891.jpg\" rel=\"attachment wp-att-4607\" data-rel=\"lightbox-image-7\" data-rl_title=\"\" data-rl_caption=\"\" title=\"\"><img loading=\"lazy\" decoding=\"async\" class=\"alignnone size-medium wp-image-4607\" src=\"http:\/\/www.balther.net\/wp-content\/uploads\/2016\/02\/imgp1891-300x225.jpg\" alt=\"imgp1891\" width=\"300\" height=\"225\" srcset=\"https:\/\/www.balther.net\/wp-content\/uploads\/2016\/02\/imgp1891-300x225.jpg 300w, https:\/\/www.balther.net\/wp-content\/uploads\/2016\/02\/imgp1891-432x324.jpg 432w, https:\/\/www.balther.net\/wp-content\/uploads\/2016\/02\/imgp1891.jpg 600w\" sizes=\"auto, (max-width: 300px) 100vw, 300px\" \/><\/a> <a href=\"http:\/\/www.balther.net\/wp-content\/uploads\/2016\/02\/imgp1892.jpg\" rel=\"attachment wp-att-4608\" data-rel=\"lightbox-image-8\" data-rl_title=\"\" data-rl_caption=\"\" title=\"\"><img loading=\"lazy\" decoding=\"async\" class=\"alignnone size-medium wp-image-4608\" src=\"http:\/\/www.balther.net\/wp-content\/uploads\/2016\/02\/imgp1892-225x300.jpg\" alt=\"imgp1892\" width=\"225\" height=\"300\" srcset=\"https:\/\/www.balther.net\/wp-content\/uploads\/2016\/02\/imgp1892-225x300.jpg 225w, https:\/\/www.balther.net\/wp-content\/uploads\/2016\/02\/imgp1892-243x324.jpg 243w, https:\/\/www.balther.net\/wp-content\/uploads\/2016\/02\/imgp1892.jpg 450w\" sizes=\"auto, (max-width: 225px) 100vw, 225px\" \/><\/a> <a href=\"http:\/\/www.balther.net\/wp-content\/uploads\/2016\/02\/imgp1893.jpg\" rel=\"attachment wp-att-4609\" data-rel=\"lightbox-image-9\" data-rl_title=\"\" data-rl_caption=\"\" title=\"\"><img loading=\"lazy\" decoding=\"async\" class=\"alignnone size-medium wp-image-4609\" src=\"http:\/\/www.balther.net\/wp-content\/uploads\/2016\/02\/imgp1893-300x225.jpg\" alt=\"imgp1893\" width=\"300\" height=\"225\" srcset=\"https:\/\/www.balther.net\/wp-content\/uploads\/2016\/02\/imgp1893-300x225.jpg 300w, https:\/\/www.balther.net\/wp-content\/uploads\/2016\/02\/imgp1893-432x324.jpg 432w, https:\/\/www.balther.net\/wp-content\/uploads\/2016\/02\/imgp1893.jpg 600w\" sizes=\"auto, (max-width: 300px) 100vw, 300px\" \/><\/a> <a href=\"http:\/\/www.balther.net\/wp-content\/uploads\/2016\/02\/imgp1894.jpg\" rel=\"attachment wp-att-4610\" data-rel=\"lightbox-image-10\" data-rl_title=\"\" data-rl_caption=\"\" title=\"\"><img loading=\"lazy\" decoding=\"async\" class=\"alignnone size-medium wp-image-4610\" src=\"http:\/\/www.balther.net\/wp-content\/uploads\/2016\/02\/imgp1894-300x225.jpg\" alt=\"imgp1894\" width=\"300\" height=\"225\" srcset=\"https:\/\/www.balther.net\/wp-content\/uploads\/2016\/02\/imgp1894-300x225.jpg 300w, https:\/\/www.balther.net\/wp-content\/uploads\/2016\/02\/imgp1894-432x324.jpg 432w, https:\/\/www.balther.net\/wp-content\/uploads\/2016\/02\/imgp1894.jpg 600w\" sizes=\"auto, (max-width: 300px) 100vw, 300px\" \/><\/a> <a href=\"http:\/\/www.balther.net\/wp-content\/uploads\/2016\/02\/imgp1896.jpg\" rel=\"attachment wp-att-4611\" data-rel=\"lightbox-image-11\" data-rl_title=\"\" data-rl_caption=\"\" title=\"\"><img loading=\"lazy\" decoding=\"async\" class=\"alignnone size-medium wp-image-4611\" src=\"http:\/\/www.balther.net\/wp-content\/uploads\/2016\/02\/imgp1896-300x225.jpg\" alt=\"imgp1896\" width=\"300\" height=\"225\" srcset=\"https:\/\/www.balther.net\/wp-content\/uploads\/2016\/02\/imgp1896-300x225.jpg 300w, https:\/\/www.balther.net\/wp-content\/uploads\/2016\/02\/imgp1896-432x324.jpg 432w, https:\/\/www.balther.net\/wp-content\/uploads\/2016\/02\/imgp1896.jpg 600w\" sizes=\"auto, (max-width: 300px) 100vw, 300px\" \/><\/a> <a href=\"http:\/\/www.balther.net\/wp-content\/uploads\/2016\/02\/imgp1898.jpg\" rel=\"attachment wp-att-4612\" data-rel=\"lightbox-image-12\" data-rl_title=\"\" data-rl_caption=\"\" title=\"\"><img loading=\"lazy\" decoding=\"async\" class=\"alignnone size-medium wp-image-4612\" src=\"http:\/\/www.balther.net\/wp-content\/uploads\/2016\/02\/imgp1898-300x225.jpg\" alt=\"imgp1898\" width=\"300\" height=\"225\" srcset=\"https:\/\/www.balther.net\/wp-content\/uploads\/2016\/02\/imgp1898-300x225.jpg 300w, https:\/\/www.balther.net\/wp-content\/uploads\/2016\/02\/imgp1898-432x324.jpg 432w, https:\/\/www.balther.net\/wp-content\/uploads\/2016\/02\/imgp1898.jpg 600w\" sizes=\"auto, (max-width: 300px) 100vw, 300px\" \/><\/a> <a href=\"http:\/\/www.balther.net\/wp-content\/uploads\/2016\/02\/imgp1900.jpg\" rel=\"attachment wp-att-4613\" data-rel=\"lightbox-image-13\" data-rl_title=\"\" data-rl_caption=\"\" title=\"\"><img loading=\"lazy\" decoding=\"async\" class=\"alignnone size-medium wp-image-4613\" src=\"http:\/\/www.balther.net\/wp-content\/uploads\/2016\/02\/imgp1900-300x225.jpg\" alt=\"imgp1900\" width=\"300\" height=\"225\" srcset=\"https:\/\/www.balther.net\/wp-content\/uploads\/2016\/02\/imgp1900-300x225.jpg 300w, https:\/\/www.balther.net\/wp-content\/uploads\/2016\/02\/imgp1900-432x324.jpg 432w, https:\/\/www.balther.net\/wp-content\/uploads\/2016\/02\/imgp1900.jpg 600w\" sizes=\"auto, (max-width: 300px) 100vw, 300px\" \/><\/a> <a href=\"http:\/\/www.balther.net\/wp-content\/uploads\/2016\/02\/imgp1901.jpg\" rel=\"attachment wp-att-4614\" data-rel=\"lightbox-image-14\" data-rl_title=\"\" data-rl_caption=\"\" title=\"\"><img loading=\"lazy\" decoding=\"async\" class=\"alignnone size-medium wp-image-4614\" src=\"http:\/\/www.balther.net\/wp-content\/uploads\/2016\/02\/imgp1901-300x225.jpg\" alt=\"imgp1901\" width=\"300\" height=\"225\" srcset=\"https:\/\/www.balther.net\/wp-content\/uploads\/2016\/02\/imgp1901-300x225.jpg 300w, https:\/\/www.balther.net\/wp-content\/uploads\/2016\/02\/imgp1901-432x324.jpg 432w, https:\/\/www.balther.net\/wp-content\/uploads\/2016\/02\/imgp1901.jpg 600w\" sizes=\"auto, (max-width: 300px) 100vw, 300px\" \/><\/a>\u00a0 \u00a0 \u00a0 \u00a0 \u00a0 \u00a0 \u00a0 \u00a0 \u00a0 \u00a0 \u00a0 \u00a0 \u00a0 \u00a0 \u00a0 \u00a0 \u00a0 \u00a0 \u00a0 \u00a0 \u00a0 \u00a0 \u00a0 \u00a0 \u00a0 \u00a0 \u00a0 \u00a0 \u00a0 \u00a0 \u00a0 \u00a0<a href=\"http:\/\/www.balther.net\/wp-content\/uploads\/2016\/02\/imgp1902.jpg\" rel=\"attachment wp-att-4615\" data-rel=\"lightbox-image-15\" data-rl_title=\"\" data-rl_caption=\"\" title=\"\"><img loading=\"lazy\" decoding=\"async\" class=\"alignnone size-medium wp-image-4615\" src=\"http:\/\/www.balther.net\/wp-content\/uploads\/2016\/02\/imgp1902-300x225.jpg\" alt=\"imgp1902\" width=\"300\" height=\"225\" srcset=\"https:\/\/www.balther.net\/wp-content\/uploads\/2016\/02\/imgp1902-300x225.jpg 300w, https:\/\/www.balther.net\/wp-content\/uploads\/2016\/02\/imgp1902-432x324.jpg 432w, https:\/\/www.balther.net\/wp-content\/uploads\/2016\/02\/imgp1902.jpg 600w\" sizes=\"auto, (max-width: 300px) 100vw, 300px\" \/><\/a><\/p>\n<p>&nbsp;<\/p>\n<p>&nbsp;<\/p>\n","protected":false},"excerpt":{"rendered":"<p>BaltHerNeti infop\u00e4ev v\u00e4liseesti kultuurip\u00e4randi s\u00e4ilitajatele Eestis (15.aprill). Fotod: Piret Noorhani \u00a0 \u00a0 \u00a0 \u00a0 \u00a0 \u00a0 \u00a0 \u00a0 \u00a0 \u00a0 \u00a0 \u00a0 \u00a0 \u00a0 \u00a0 \u00a0 \u00a0 \u00a0 \u00a0 \u00a0 \u00a0 \u00a0 \u00a0 \u00a0 \u00a0 \u00a0 \u00a0 \u00a0 \u00a0 \u00a0 \u00a0 \u00a0 &nbsp; &nbsp;<\/p>\n","protected":false},"author":7,"featured_media":0,"parent":4439,"menu_order":4,"comment_status":"closed","ping_status":"closed","template":"","meta":{"_acf_changed":false,"_monsterinsights_skip_tracking":false,"_monsterinsights_sitenote_active":false,"_monsterinsights_sitenote_note":"","_monsterinsights_sitenote_category":0,"ngg_post_thumbnail":0,"footnotes":""},"class_list":["post-4599","page","type-page","status-publish","hentry"],"acf":[],"yoast_head":"<!-- This site is optimized with the Yoast SEO plugin v24.2 - https:\/\/yoast.com\/wordpress\/plugins\/seo\/ -->\n<title>BaltHerNeti infop\u00e4ev v\u00e4liseesti kultuurip\u00e4randi s\u00e4ilitajatele Eestis (15.aprill). Fotod: Piret Noorhani - BaltHerNet<\/title>\n<meta name=\"robots\" content=\"index, follow, max-snippet:-1, max-image-preview:large, max-video-preview:-1\" \/>\n<link rel=\"canonical\" href=\"https:\/\/www.balther.net\/et\/kroonika\/fotogaleriid\/2008-2\/baltherneti-infopaev-valiseesti-kultuuriparandi-sailitajatele-eestis-15-aprill-fotod-piret-noorhani\/\" \/>\n<meta property=\"og:locale\" content=\"et_EE\" \/>\n<meta property=\"og:type\" content=\"article\" \/>\n<meta property=\"og:title\" content=\"BaltHerNeti infop\u00e4ev v\u00e4liseesti kultuurip\u00e4randi s\u00e4ilitajatele Eestis (15.aprill). Fotod: Piret Noorhani - BaltHerNet\" \/>\n<meta property=\"og:description\" content=\"BaltHerNeti infop\u00e4ev v\u00e4liseesti kultuurip\u00e4randi s\u00e4ilitajatele Eestis (15.aprill). Fotod: Piret Noorhani \u00a0 \u00a0 \u00a0 \u00a0 \u00a0 \u00a0 \u00a0 \u00a0 \u00a0 \u00a0 \u00a0 \u00a0 \u00a0 \u00a0 \u00a0 \u00a0 \u00a0 \u00a0 \u00a0 \u00a0 \u00a0 \u00a0 \u00a0 \u00a0 \u00a0 \u00a0 \u00a0 \u00a0 \u00a0 \u00a0 \u00a0 \u00a0 &nbsp; &nbsp;\" \/>\n<meta property=\"og:url\" content=\"https:\/\/www.balther.net\/et\/kroonika\/fotogaleriid\/2008-2\/baltherneti-infopaev-valiseesti-kultuuriparandi-sailitajatele-eestis-15-aprill-fotod-piret-noorhani\/\" \/>\n<meta property=\"og:site_name\" content=\"BaltHerNet\" \/>\n<meta property=\"article:modified_time\" content=\"2016-02-25T23:01:33+00:00\" \/>\n<meta property=\"og:image\" content=\"http:\/\/www.balther.net\/wp-content\/uploads\/2016\/02\/imgp1876-225x300.jpg\" \/>\n<meta name=\"twitter:card\" content=\"summary_large_image\" \/>\n<script type=\"application\/ld+json\" class=\"yoast-schema-graph\">{\"@context\":\"https:\/\/schema.org\",\"@graph\":[{\"@type\":\"WebPage\",\"@id\":\"https:\/\/www.balther.net\/et\/kroonika\/fotogaleriid\/2008-2\/baltherneti-infopaev-valiseesti-kultuuriparandi-sailitajatele-eestis-15-aprill-fotod-piret-noorhani\/\",\"url\":\"https:\/\/www.balther.net\/et\/kroonika\/fotogaleriid\/2008-2\/baltherneti-infopaev-valiseesti-kultuuriparandi-sailitajatele-eestis-15-aprill-fotod-piret-noorhani\/\",\"name\":\"BaltHerNeti infop\u00e4ev v\u00e4liseesti kultuurip\u00e4randi s\u00e4ilitajatele Eestis (15.aprill). Fotod: Piret Noorhani - BaltHerNet\",\"isPartOf\":{\"@id\":\"https:\/\/www.balther.net\/#website\"},\"primaryImageOfPage\":{\"@id\":\"https:\/\/www.balther.net\/et\/kroonika\/fotogaleriid\/2008-2\/baltherneti-infopaev-valiseesti-kultuuriparandi-sailitajatele-eestis-15-aprill-fotod-piret-noorhani\/#primaryimage\"},\"image\":{\"@id\":\"https:\/\/www.balther.net\/et\/kroonika\/fotogaleriid\/2008-2\/baltherneti-infopaev-valiseesti-kultuuriparandi-sailitajatele-eestis-15-aprill-fotod-piret-noorhani\/#primaryimage\"},\"thumbnailUrl\":\"http:\/\/www.balther.net\/wp-content\/uploads\/2016\/02\/imgp1876-225x300.jpg\",\"datePublished\":\"2016-02-25T23:00:45+00:00\",\"dateModified\":\"2016-02-25T23:01:33+00:00\",\"breadcrumb\":{\"@id\":\"https:\/\/www.balther.net\/et\/kroonika\/fotogaleriid\/2008-2\/baltherneti-infopaev-valiseesti-kultuuriparandi-sailitajatele-eestis-15-aprill-fotod-piret-noorhani\/#breadcrumb\"},\"inLanguage\":\"et\",\"potentialAction\":[{\"@type\":\"ReadAction\",\"target\":[\"https:\/\/www.balther.net\/et\/kroonika\/fotogaleriid\/2008-2\/baltherneti-infopaev-valiseesti-kultuuriparandi-sailitajatele-eestis-15-aprill-fotod-piret-noorhani\/\"]}]},{\"@type\":\"ImageObject\",\"inLanguage\":\"et\",\"@id\":\"https:\/\/www.balther.net\/et\/kroonika\/fotogaleriid\/2008-2\/baltherneti-infopaev-valiseesti-kultuuriparandi-sailitajatele-eestis-15-aprill-fotod-piret-noorhani\/#primaryimage\",\"url\":\"http:\/\/www.balther.net\/wp-content\/uploads\/2016\/02\/imgp1876-225x300.jpg\",\"contentUrl\":\"http:\/\/www.balther.net\/wp-content\/uploads\/2016\/02\/imgp1876-225x300.jpg\"},{\"@type\":\"BreadcrumbList\",\"@id\":\"https:\/\/www.balther.net\/et\/kroonika\/fotogaleriid\/2008-2\/baltherneti-infopaev-valiseesti-kultuuriparandi-sailitajatele-eestis-15-aprill-fotod-piret-noorhani\/#breadcrumb\",\"itemListElement\":[{\"@type\":\"ListItem\",\"position\":1,\"name\":\"Home\",\"item\":\"https:\/\/www.balther.net\/et\/\"},{\"@type\":\"ListItem\",\"position\":2,\"name\":\"Kroonika\",\"item\":\"https:\/\/www.balther.net\/et\/kroonika\/\"},{\"@type\":\"ListItem\",\"position\":3,\"name\":\"Fotogaleriid\",\"item\":\"https:\/\/www.balther.net\/et\/kroonika\/fotogaleriid\/\"},{\"@type\":\"ListItem\",\"position\":4,\"name\":\"2008\",\"item\":\"https:\/\/www.balther.net\/et\/kroonika\/fotogaleriid\/2008-2\/\"},{\"@type\":\"ListItem\",\"position\":5,\"name\":\"BaltHerNeti infop\u00e4ev v\u00e4liseesti kultuurip\u00e4randi s\u00e4ilitajatele Eestis (15.aprill). Fotod: Piret Noorhani\"}]},{\"@type\":\"WebSite\",\"@id\":\"https:\/\/www.balther.net\/#website\",\"url\":\"https:\/\/www.balther.net\/\",\"name\":\"BaltHerNet\",\"description\":\"\",\"potentialAction\":[{\"@type\":\"SearchAction\",\"target\":{\"@type\":\"EntryPoint\",\"urlTemplate\":\"https:\/\/www.balther.net\/?s={search_term_string}\"},\"query-input\":{\"@type\":\"PropertyValueSpecification\",\"valueRequired\":true,\"valueName\":\"search_term_string\"}}],\"inLanguage\":\"et\"}]}<\/script>\n<!-- \/ Yoast SEO plugin. -->","yoast_head_json":{"title":"BaltHerNeti infop\u00e4ev v\u00e4liseesti kultuurip\u00e4randi s\u00e4ilitajatele Eestis (15.aprill). Fotod: Piret Noorhani - BaltHerNet","robots":{"index":"index","follow":"follow","max-snippet":"max-snippet:-1","max-image-preview":"max-image-preview:large","max-video-preview":"max-video-preview:-1"},"canonical":"https:\/\/www.balther.net\/et\/kroonika\/fotogaleriid\/2008-2\/baltherneti-infopaev-valiseesti-kultuuriparandi-sailitajatele-eestis-15-aprill-fotod-piret-noorhani\/","og_locale":"et_EE","og_type":"article","og_title":"BaltHerNeti infop\u00e4ev v\u00e4liseesti kultuurip\u00e4randi s\u00e4ilitajatele Eestis (15.aprill). Fotod: Piret Noorhani - BaltHerNet","og_description":"BaltHerNeti infop\u00e4ev v\u00e4liseesti kultuurip\u00e4randi s\u00e4ilitajatele Eestis (15.aprill). Fotod: Piret Noorhani \u00a0 \u00a0 \u00a0 \u00a0 \u00a0 \u00a0 \u00a0 \u00a0 \u00a0 \u00a0 \u00a0 \u00a0 \u00a0 \u00a0 \u00a0 \u00a0 \u00a0 \u00a0 \u00a0 \u00a0 \u00a0 \u00a0 \u00a0 \u00a0 \u00a0 \u00a0 \u00a0 \u00a0 \u00a0 \u00a0 \u00a0 \u00a0 &nbsp; &nbsp;","og_url":"https:\/\/www.balther.net\/et\/kroonika\/fotogaleriid\/2008-2\/baltherneti-infopaev-valiseesti-kultuuriparandi-sailitajatele-eestis-15-aprill-fotod-piret-noorhani\/","og_site_name":"BaltHerNet","article_modified_time":"2016-02-25T23:01:33+00:00","og_image":[{"url":"http:\/\/www.balther.net\/wp-content\/uploads\/2016\/02\/imgp1876-225x300.jpg","type":"","width":"","height":""}],"twitter_card":"summary_large_image","schema":{"@context":"https:\/\/schema.org","@graph":[{"@type":"WebPage","@id":"https:\/\/www.balther.net\/et\/kroonika\/fotogaleriid\/2008-2\/baltherneti-infopaev-valiseesti-kultuuriparandi-sailitajatele-eestis-15-aprill-fotod-piret-noorhani\/","url":"https:\/\/www.balther.net\/et\/kroonika\/fotogaleriid\/2008-2\/baltherneti-infopaev-valiseesti-kultuuriparandi-sailitajatele-eestis-15-aprill-fotod-piret-noorhani\/","name":"BaltHerNeti infop\u00e4ev v\u00e4liseesti kultuurip\u00e4randi s\u00e4ilitajatele Eestis (15.aprill). Fotod: Piret Noorhani - BaltHerNet","isPartOf":{"@id":"https:\/\/www.balther.net\/#website"},"primaryImageOfPage":{"@id":"https:\/\/www.balther.net\/et\/kroonika\/fotogaleriid\/2008-2\/baltherneti-infopaev-valiseesti-kultuuriparandi-sailitajatele-eestis-15-aprill-fotod-piret-noorhani\/#primaryimage"},"image":{"@id":"https:\/\/www.balther.net\/et\/kroonika\/fotogaleriid\/2008-2\/baltherneti-infopaev-valiseesti-kultuuriparandi-sailitajatele-eestis-15-aprill-fotod-piret-noorhani\/#primaryimage"},"thumbnailUrl":"http:\/\/www.balther.net\/wp-content\/uploads\/2016\/02\/imgp1876-225x300.jpg","datePublished":"2016-02-25T23:00:45+00:00","dateModified":"2016-02-25T23:01:33+00:00","breadcrumb":{"@id":"https:\/\/www.balther.net\/et\/kroonika\/fotogaleriid\/2008-2\/baltherneti-infopaev-valiseesti-kultuuriparandi-sailitajatele-eestis-15-aprill-fotod-piret-noorhani\/#breadcrumb"},"inLanguage":"et","potentialAction":[{"@type":"ReadAction","target":["https:\/\/www.balther.net\/et\/kroonika\/fotogaleriid\/2008-2\/baltherneti-infopaev-valiseesti-kultuuriparandi-sailitajatele-eestis-15-aprill-fotod-piret-noorhani\/"]}]},{"@type":"ImageObject","inLanguage":"et","@id":"https:\/\/www.balther.net\/et\/kroonika\/fotogaleriid\/2008-2\/baltherneti-infopaev-valiseesti-kultuuriparandi-sailitajatele-eestis-15-aprill-fotod-piret-noorhani\/#primaryimage","url":"http:\/\/www.balther.net\/wp-content\/uploads\/2016\/02\/imgp1876-225x300.jpg","contentUrl":"http:\/\/www.balther.net\/wp-content\/uploads\/2016\/02\/imgp1876-225x300.jpg"},{"@type":"BreadcrumbList","@id":"https:\/\/www.balther.net\/et\/kroonika\/fotogaleriid\/2008-2\/baltherneti-infopaev-valiseesti-kultuuriparandi-sailitajatele-eestis-15-aprill-fotod-piret-noorhani\/#breadcrumb","itemListElement":[{"@type":"ListItem","position":1,"name":"Home","item":"https:\/\/www.balther.net\/et\/"},{"@type":"ListItem","position":2,"name":"Kroonika","item":"https:\/\/www.balther.net\/et\/kroonika\/"},{"@type":"ListItem","position":3,"name":"Fotogaleriid","item":"https:\/\/www.balther.net\/et\/kroonika\/fotogaleriid\/"},{"@type":"ListItem","position":4,"name":"2008","item":"https:\/\/www.balther.net\/et\/kroonika\/fotogaleriid\/2008-2\/"},{"@type":"ListItem","position":5,"name":"BaltHerNeti infop\u00e4ev v\u00e4liseesti kultuurip\u00e4randi s\u00e4ilitajatele Eestis (15.aprill). Fotod: Piret Noorhani"}]},{"@type":"WebSite","@id":"https:\/\/www.balther.net\/#website","url":"https:\/\/www.balther.net\/","name":"BaltHerNet","description":"","potentialAction":[{"@type":"SearchAction","target":{"@type":"EntryPoint","urlTemplate":"https:\/\/www.balther.net\/?s={search_term_string}"},"query-input":{"@type":"PropertyValueSpecification","valueRequired":true,"valueName":"search_term_string"}}],"inLanguage":"et"}]}},"_links":{"self":[{"href":"https:\/\/www.balther.net\/et\/wp-json\/wp\/v2\/pages\/4599","targetHints":{"allow":["GET"]}}],"collection":[{"href":"https:\/\/www.balther.net\/et\/wp-json\/wp\/v2\/pages"}],"about":[{"href":"https:\/\/www.balther.net\/et\/wp-json\/wp\/v2\/types\/page"}],"author":[{"embeddable":true,"href":"https:\/\/www.balther.net\/et\/wp-json\/wp\/v2\/users\/7"}],"replies":[{"embeddable":true,"href":"https:\/\/www.balther.net\/et\/wp-json\/wp\/v2\/comments?post=4599"}],"version-history":[{"count":3,"href":"https:\/\/www.balther.net\/et\/wp-json\/wp\/v2\/pages\/4599\/revisions"}],"predecessor-version":[{"id":4618,"href":"https:\/\/www.balther.net\/et\/wp-json\/wp\/v2\/pages\/4599\/revisions\/4618"}],"up":[{"embeddable":true,"href":"https:\/\/www.balther.net\/et\/wp-json\/wp\/v2\/pages\/4439"}],"wp:attachment":[{"href":"https:\/\/www.balther.net\/et\/wp-json\/wp\/v2\/media?parent=4599"}],"curies":[{"name":"wp","href":"https:\/\/api.w.org\/{rel}","templated":true}]}}