{"id":454,"date":"2015-12-22T22:19:43","date_gmt":"2015-12-22T22:19:43","guid":{"rendered":"http:\/\/uus.balther.net\/?page_id=454&#038;lang=et"},"modified":"2025-02-06T16:19:32","modified_gmt":"2025-02-06T14:19:32","slug":"stipendiumid","status":"publish","type":"page","link":"https:\/\/www.balther.net\/et\/koostoo\/stipendiumid\/","title":{"rendered":"Stipendiumid"},"content":{"rendered":"<p><strong><a href=\"http:\/\/ekkm.einst.ee\/sisu\/estophilus\/\" target=\"_blank\" rel=\"noopener\">Stipendium <\/a><\/strong><em><strong><a href=\"http:\/\/ekkm.estinst.ee\/sisu\/estophilus\/\" target=\"_blank\" rel=\"noopener\">Estophilus<\/a><\/strong><\/em><\/p>\n<hr>\n<p><span style=\"color: #000000;\"><strong><a href=\"http:\/\/www.eafund.org\/index.html\" target=\"_blank\" rel=\"noopener\">Eesti Ameerika Fond<\/a><\/strong><\/span><\/p>\n<hr>\n<p><span style=\"color: #000000;\"><strong><a href=\"http:\/\/www.kulka.ee\/taotlemine\" target=\"_blank\" rel=\"noopener\">Eesti Kultuurkapital<\/a><\/strong><\/span><\/p>\n<hr>\n<p><b><a href=\"http:\/\/www.erkf.ee\/index.php?nid=8\" target=\"_blank\" rel=\"noopener\">Eesti Rahvuskultuuri Fond<\/a>&nbsp;<\/b><\/p>\n<hr>\n<p><b><a href=\"http:\/\/www.esfusa.org\/\" target=\"_blank\" rel=\"noopener\">Eesti \u00dcli\u00f5pilaste Toetusfond USAs<\/a><\/b><\/p>\n<hr>\n<p><a href=\"http:\/\/cla.umn.edu\/ihrc\/grants-fellowships\/fellowships-scholarships\/estonian-american-studies\" target=\"_blank\" rel=\"noopener\"><b>Hildegard &amp; Gustav Must Graduate Fellowship in Estonian American Studies<\/b><\/a><\/p>\n<hr>\n<p><b>P\u00f5hja-Ameerika \u00dclikoolide Teabekeskus, V\u00e4lis-Eesti stipendium<\/b><\/p>\n<hr>\n<p><a href=\"http:\/\/www.ut.ee\/sihtasutus\" target=\"_blank\" rel=\"noopener\"><strong>Tartu \u00dclikooli Sihtasutus<\/strong><\/a><strong><u><br \/>\n<\/u><\/strong><\/p>\n<hr>\n<p><strong><a href=\"https:\/\/uekn.ee\/toetuste-taotlemine\/\" target=\"_blank\" rel=\"noopener\">\u00dclemaailmne Eesti Keskn\u00f5ukogu<\/a><\/strong><\/p>\n<hr>\n<p>&nbsp;<\/p>\n","protected":false},"excerpt":{"rendered":"<p>Stipendium Estophilus Eesti Ameerika Fond Eesti Kultuurkapital Eesti Rahvuskultuuri Fond&nbsp; Eesti \u00dcli\u00f5pilaste Toetusfond USAs Hildegard &amp; Gustav Must Graduate Fellowship in Estonian American Studies P\u00f5hja-Ameerika \u00dclikoolide Teabekeskus, V\u00e4lis-Eesti stipendium Tartu \u00dclikooli Sihtasutus \u00dclemaailmne Eesti Keskn\u00f5ukogu &nbsp;<\/p>\n","protected":false},"author":5,"featured_media":0,"parent":356,"menu_order":7,"comment_status":"closed","ping_status":"closed","template":"","meta":{"_acf_changed":false,"_monsterinsights_skip_tracking":false,"_monsterinsights_sitenote_active":false,"_monsterinsights_sitenote_note":"","_monsterinsights_sitenote_category":0,"ngg_post_thumbnail":0,"footnotes":""},"class_list":["post-454","page","type-page","status-publish","hentry"],"acf":[],"yoast_head":"<!-- This site is optimized with the Yoast SEO plugin v24.2 - https:\/\/yoast.com\/wordpress\/plugins\/seo\/ -->\n<title>Stipendiumid - BaltHerNet<\/title>\n<meta name=\"robots\" content=\"index, follow, max-snippet:-1, max-image-preview:large, max-video-preview:-1\" \/>\n<link rel=\"canonical\" href=\"https:\/\/www.balther.net\/et\/koostoo\/stipendiumid\/\" \/>\n<meta property=\"og:locale\" content=\"et_EE\" \/>\n<meta property=\"og:type\" content=\"article\" \/>\n<meta property=\"og:title\" content=\"Stipendiumid - BaltHerNet\" \/>\n<meta property=\"og:description\" content=\"Stipendium Estophilus Eesti Ameerika Fond Eesti Kultuurkapital Eesti Rahvuskultuuri Fond&nbsp; Eesti \u00dcli\u00f5pilaste Toetusfond USAs Hildegard &amp; Gustav Must Graduate Fellowship in Estonian American Studies P\u00f5hja-Ameerika \u00dclikoolide Teabekeskus, V\u00e4lis-Eesti stipendium Tartu \u00dclikooli Sihtasutus \u00dclemaailmne Eesti Keskn\u00f5ukogu &nbsp;\" \/>\n<meta property=\"og:url\" content=\"https:\/\/www.balther.net\/et\/koostoo\/stipendiumid\/\" \/>\n<meta property=\"og:site_name\" content=\"BaltHerNet\" \/>\n<meta property=\"article:modified_time\" content=\"2025-02-06T14:19:32+00:00\" \/>\n<meta name=\"twitter:card\" content=\"summary_large_image\" \/>\n<meta name=\"twitter:label1\" content=\"Est. reading time\" \/>\n\t<meta name=\"twitter:data1\" content=\"1 minut\" \/>\n<script type=\"application\/ld+json\" class=\"yoast-schema-graph\">{\"@context\":\"https:\/\/schema.org\",\"@graph\":[{\"@type\":\"WebPage\",\"@id\":\"https:\/\/www.balther.net\/et\/koostoo\/stipendiumid\/\",\"url\":\"https:\/\/www.balther.net\/et\/koostoo\/stipendiumid\/\",\"name\":\"Stipendiumid - BaltHerNet\",\"isPartOf\":{\"@id\":\"https:\/\/www.balther.net\/#website\"},\"datePublished\":\"2015-12-22T22:19:43+00:00\",\"dateModified\":\"2025-02-06T14:19:32+00:00\",\"breadcrumb\":{\"@id\":\"https:\/\/www.balther.net\/et\/koostoo\/stipendiumid\/#breadcrumb\"},\"inLanguage\":\"et\",\"potentialAction\":[{\"@type\":\"ReadAction\",\"target\":[\"https:\/\/www.balther.net\/et\/koostoo\/stipendiumid\/\"]}]},{\"@type\":\"BreadcrumbList\",\"@id\":\"https:\/\/www.balther.net\/et\/koostoo\/stipendiumid\/#breadcrumb\",\"itemListElement\":[{\"@type\":\"ListItem\",\"position\":1,\"name\":\"Home\",\"item\":\"https:\/\/www.balther.net\/et\/\"},{\"@type\":\"ListItem\",\"position\":2,\"name\":\"Koost\u00f6\u00f6\",\"item\":\"https:\/\/www.balther.net\/et\/koostoo\/\"},{\"@type\":\"ListItem\",\"position\":3,\"name\":\"Stipendiumid\"}]},{\"@type\":\"WebSite\",\"@id\":\"https:\/\/www.balther.net\/#website\",\"url\":\"https:\/\/www.balther.net\/\",\"name\":\"BaltHerNet\",\"description\":\"\",\"potentialAction\":[{\"@type\":\"SearchAction\",\"target\":{\"@type\":\"EntryPoint\",\"urlTemplate\":\"https:\/\/www.balther.net\/?s={search_term_string}\"},\"query-input\":{\"@type\":\"PropertyValueSpecification\",\"valueRequired\":true,\"valueName\":\"search_term_string\"}}],\"inLanguage\":\"et\"}]}<\/script>\n<!-- \/ Yoast SEO plugin. -->","yoast_head_json":{"title":"Stipendiumid - BaltHerNet","robots":{"index":"index","follow":"follow","max-snippet":"max-snippet:-1","max-image-preview":"max-image-preview:large","max-video-preview":"max-video-preview:-1"},"canonical":"https:\/\/www.balther.net\/et\/koostoo\/stipendiumid\/","og_locale":"et_EE","og_type":"article","og_title":"Stipendiumid - BaltHerNet","og_description":"Stipendium Estophilus Eesti Ameerika Fond Eesti Kultuurkapital Eesti Rahvuskultuuri Fond&nbsp; Eesti \u00dcli\u00f5pilaste Toetusfond USAs Hildegard &amp; Gustav Must Graduate Fellowship in Estonian American Studies P\u00f5hja-Ameerika \u00dclikoolide Teabekeskus, V\u00e4lis-Eesti stipendium Tartu \u00dclikooli Sihtasutus \u00dclemaailmne Eesti Keskn\u00f5ukogu &nbsp;","og_url":"https:\/\/www.balther.net\/et\/koostoo\/stipendiumid\/","og_site_name":"BaltHerNet","article_modified_time":"2025-02-06T14:19:32+00:00","twitter_card":"summary_large_image","twitter_misc":{"Est. reading time":"1 minut"},"schema":{"@context":"https:\/\/schema.org","@graph":[{"@type":"WebPage","@id":"https:\/\/www.balther.net\/et\/koostoo\/stipendiumid\/","url":"https:\/\/www.balther.net\/et\/koostoo\/stipendiumid\/","name":"Stipendiumid - BaltHerNet","isPartOf":{"@id":"https:\/\/www.balther.net\/#website"},"datePublished":"2015-12-22T22:19:43+00:00","dateModified":"2025-02-06T14:19:32+00:00","breadcrumb":{"@id":"https:\/\/www.balther.net\/et\/koostoo\/stipendiumid\/#breadcrumb"},"inLanguage":"et","potentialAction":[{"@type":"ReadAction","target":["https:\/\/www.balther.net\/et\/koostoo\/stipendiumid\/"]}]},{"@type":"BreadcrumbList","@id":"https:\/\/www.balther.net\/et\/koostoo\/stipendiumid\/#breadcrumb","itemListElement":[{"@type":"ListItem","position":1,"name":"Home","item":"https:\/\/www.balther.net\/et\/"},{"@type":"ListItem","position":2,"name":"Koost\u00f6\u00f6","item":"https:\/\/www.balther.net\/et\/koostoo\/"},{"@type":"ListItem","position":3,"name":"Stipendiumid"}]},{"@type":"WebSite","@id":"https:\/\/www.balther.net\/#website","url":"https:\/\/www.balther.net\/","name":"BaltHerNet","description":"","potentialAction":[{"@type":"SearchAction","target":{"@type":"EntryPoint","urlTemplate":"https:\/\/www.balther.net\/?s={search_term_string}"},"query-input":{"@type":"PropertyValueSpecification","valueRequired":true,"valueName":"search_term_string"}}],"inLanguage":"et"}]}},"_links":{"self":[{"href":"https:\/\/www.balther.net\/et\/wp-json\/wp\/v2\/pages\/454","targetHints":{"allow":["GET"]}}],"collection":[{"href":"https:\/\/www.balther.net\/et\/wp-json\/wp\/v2\/pages"}],"about":[{"href":"https:\/\/www.balther.net\/et\/wp-json\/wp\/v2\/types\/page"}],"author":[{"embeddable":true,"href":"https:\/\/www.balther.net\/et\/wp-json\/wp\/v2\/users\/5"}],"replies":[{"embeddable":true,"href":"https:\/\/www.balther.net\/et\/wp-json\/wp\/v2\/comments?post=454"}],"version-history":[{"count":11,"href":"https:\/\/www.balther.net\/et\/wp-json\/wp\/v2\/pages\/454\/revisions"}],"predecessor-version":[{"id":24270,"href":"https:\/\/www.balther.net\/et\/wp-json\/wp\/v2\/pages\/454\/revisions\/24270"}],"up":[{"embeddable":true,"href":"https:\/\/www.balther.net\/et\/wp-json\/wp\/v2\/pages\/356"}],"wp:attachment":[{"href":"https:\/\/www.balther.net\/et\/wp-json\/wp\/v2\/media?parent=454"}],"curies":[{"name":"wp","href":"https:\/\/api.w.org\/{rel}","templated":true}]}}