{"id":448,"date":"2015-12-22T22:18:13","date_gmt":"2015-12-22T22:18:13","guid":{"rendered":"http:\/\/uus.balther.net\/?page_id=448&#038;lang=et"},"modified":"2026-02-23T17:45:02","modified_gmt":"2026-02-23T15:45:02","slug":"projektid","status":"publish","type":"page","link":"https:\/\/www.balther.net\/et\/koostoo\/projektid\/","title":{"rendered":"Projektid"},"content":{"rendered":"\n<h1 class=\"wp-block-heading\">Projektid<\/h1>\n\n\n\n<div style=\"height:38px\" aria-hidden=\"true\" class=\"wp-block-spacer\"><\/div>\n\n\n\n<h4 class=\"wp-block-heading\"><span style=\"text-decoration: underline;\">V\u00e4liseesti kultuurip\u00e4randi arhiiviprojektid<\/span><\/h4>\n\n\n\n<p><\/p>\n\n\n\n<p>\u00dcleilmse eestluse tegevuskava (2022-2025) raames viib Rahvusarhiiv l\u00e4bi konkurssi, mille eesm\u00e4rk on soodustada v\u00e4liseesti vaimse ja ainelise kultuurip\u00e4randi kogumist, s\u00e4ilimist, avatust kasutajatele ja uurimist. See h\u00f5lmab nii suulist kui ka esemelist p\u00e4randit, sh rahvaluulet, elulugusid ja m\u00e4lestusi, muusikalist traditsiooni, dokumente, fotosid, auviseid, tr\u00fckiseid, kunstiteoseid jm.<\/p>\n\n\n\n<p>Konkursile v\u00f5ib esitada toetustaotlusi projektidele, mille eesm\u00e4rk on v\u00e4liseesti kultuurip\u00e4randi s\u00e4ilitamine, kogumine ja\/v\u00f5i k\u00e4ttesaadavaks tegemine ning mille tulemit saab avalikkus mitte\u00e4rilistel eesm\u00e4rkidel vabalt kasutada (mh laienevad sellisele tulemile m\u00e4luasutusse \u00fcleandmisel autori\u00f5iguse vabakasutuse s\u00e4tted).<\/p>\n\n\n\n<p>Toetust v\u00f5ivad taotleda nii juriidilised (sh era- ja avalik-\u00f5iguslikud juriidilised isikud) kui ka f\u00fc\u00fcsilised isikud (eraisikud) \u00fcle maailma.<\/p>\n\n\n\n<p>Konkurssi rahastab riigieelarvest Haridus- ja Teadusministeerium. <br><br>Lisainfo: <br><a href=\"https:\/\/www.ra.ee\/projektid-ja-koostoo\/valiseesti-taotlusvoor\/\" target=\"_blank\" rel=\"noreferrer noopener\">https:\/\/www.ra.ee\/projektid-ja-koostoo\/valiseesti-taotlusvoor\/<\/a><br><br><a href=\"mailto:Kristi.Ots@ra.ee\" target=\"_blank\" rel=\"noreferrer noopener\">Kristi.Ots[at]ra.ee<\/a>, tel +372 7387 511.<\/p>\n\n\n\n<p><\/p>\n\n\n\n<hr class=\"wp-block-separator has-alpha-channel-opacity\"\/>\n\n\n\n<p><\/p>\n\n\n\n<p><strong>Rahvuskaaslaste programmist<\/strong> (kuni 2020)<strong> ning \u00fcleilmse eestluse tegevuskava raames eraldatud toetused:<\/strong><\/p>\n\n\n\n<ul class=\"wp-block-list\">\n<li>2025. aastal toetati\u00a0<a href=\"https:\/\/www.ra.ee\/wp-content\/uploads\/2025\/10\/Toetuste-eraldused_2025_veebi.pdf\" target=\"_blank\" rel=\"noreferrer noopener\">48 projekti<\/a>.<\/li>\n\n\n\n<li>2024. aastal toetati\u00a0<a href=\"https:\/\/www.ra.ee\/wp-content\/uploads\/2024\/06\/Hindamiskomisjoni-ettepanek_Veebi.pdf\" target=\"_blank\" rel=\"noreferrer noopener\">40 projekti<\/a>.\u00a0<a href=\"https:\/\/www.ra.ee\/wp-content\/uploads\/2025\/10\/Projektid_2024_aruanded_veebi.xlsx\" target=\"_blank\" rel=\"noreferrer noopener\">Tutvu tulemustega<\/a>.<\/li>\n\n\n\n<li>2023. aastal toetati\u00a0<a href=\"https:\/\/www.ra.ee\/wp-content\/uploads\/2023\/09\/Arhiivikomisjoni-otsus-toetuste-eraldamise-kohta_veebruar-2023.pdf\" target=\"_blank\" rel=\"noreferrer noopener\">41 projekti<\/a>,\u00a0<a href=\"https:\/\/www.ra.ee\/wp-content\/uploads\/2024\/06\/VEEBI_Projektide-kokkuvote_2023.pdf\" target=\"_blank\" rel=\"noreferrer noopener\">tutvu tulemustega<\/a>.<\/li>\n\n\n\n<li>2022. aastal toetati\u00a0<a href=\"https:\/\/www.ra.ee\/wp-content\/uploads\/2023\/09\/Arhiivikomisjoni-18.02.2022-protokolli-nr-1-lisa-1_veebi.pdf\" target=\"_blank\" rel=\"noreferrer noopener\">37 projekti,<\/a>\u00a0<a href=\"https:\/\/www.ra.ee\/wp-content\/uploads\/2023\/09\/Projektide-kokkuvote_2022_veeb.pdf\" target=\"_blank\" rel=\"noreferrer noopener\">tutvu tulemustega<\/a>.<\/li>\n\n\n\n<li>2021. aastal toetati\u00a0<a href=\"https:\/\/www.ra.ee\/wp-content\/uploads\/2021\/04\/2021-konkursi-protokoll-nr-1-lisa-nr-1.pdf\" target=\"_blank\" rel=\"noreferrer noopener\">37 projekti<\/a>,\u00a0<a href=\"https:\/\/www.ra.ee\/wp-content\/uploads\/2022\/10\/Arhiiviprojektide_kokkuvote_2021_V.pdf\" target=\"_blank\" rel=\"noreferrer noopener\">tutvu tulemustega<\/a>.<\/li>\n\n\n\n<li>2020. aastal toetati\u00a0<a href=\"https:\/\/www.ra.ee\/wp-content\/uploads\/2021\/04\/RKP_rahaeraldused_pikendused_2020.pdf\" target=\"_blank\" rel=\"noreferrer noopener\">45 projekti,\u00a0<\/a><a href=\"https:\/\/www.ra.ee\/wp-content\/uploads\/2021\/04\/Arhiiviprojektide_kokkuvote_2020.pdf\" target=\"_blank\" rel=\"noreferrer noopener\">tutvu tulemustega<\/a><\/li>\n\n\n\n<li>2019. aastal\u00a0<a href=\"https:\/\/www.ra.ee\/wp-content\/uploads\/2020\/01\/RKP-2019_eraldused-veebi.pdf\" target=\"_blank\" rel=\"noreferrer noopener\">toetati 40 projekti<\/a>,\u00a0<a href=\"https:\/\/www.ra.ee\/wp-content\/uploads\/2020\/12\/Arhiiviprojektide_kokkuvote_2019_veebi.pdf\" target=\"_blank\" rel=\"noreferrer noopener\">tutvu tulemustega<\/a><\/li>\n\n\n\n<li>2018. aastal\u00a0<a href=\"https:\/\/www.ra.ee\/wp-content\/uploads\/2018\/03\/RKP-05.03.2018-protokolli-lisa-1.pdf\" target=\"_blank\" rel=\"noreferrer noopener\">toetati 53 projekti<\/a>,\u00a0<a href=\"https:\/\/www.ra.ee\/wp-content\/uploads\/2020\/01\/Arhiiviprojektide_kokkuv%C3%B5te_2018.pdf\" target=\"_blank\" rel=\"noreferrer noopener\">tutvu tulemustega<\/a><\/li>\n\n\n\n<li>2017. aastal\u00a0<a href=\"https:\/\/www.ra.ee\/wp-content\/uploads\/2017\/09\/RKP-2017-projektid.pdf\" target=\"_blank\" rel=\"noreferrer noopener\">toetati 40 projekti,<\/a><a href=\"https:\/\/www.ra.ee\/wp-content\/uploads\/2019\/01\/Arhiiviprojektide_kokkuv%C3%B5te_2017_veebi.pdf\" target=\"_blank\" rel=\"noreferrer noopener\">\u00a0tutvu tulemustega<\/a><\/li>\n\n\n\n<li>2016. aastal&nbsp;<a href=\"https:\/\/www.ra.ee\/wp-content\/uploads\/2018\/02\/Arhiiviprojektide_kokkuv%C3%B5te_2016_veebi.docx\" target=\"_blank\" rel=\"noreferrer noopener\">toetati 43. projekti, tutvu tulemustega<\/a><\/li>\n\n\n\n<li>2015. aastal toetati 42 projekti, tutvu&nbsp;<a href=\"https:\/\/www.ra.ee\/wp-content\/uploads\/2016\/06\/rkp_kokkuvote_2015-1.pdf\" target=\"_blank\" rel=\"noreferrer noopener\">tulemustega<\/a><\/li>\n\n\n\n<li>2014. aastal&nbsp;<a href=\"https:\/\/www.ra.ee\/wp-content\/uploads\/2016\/06\/rkp_toetused_2014-1.pdf\" target=\"_blank\" rel=\"noreferrer noopener\">toetati 53 projekti<\/a>, tutvu&nbsp;<a href=\"https:\/\/www.ra.ee\/wp-content\/uploads\/2016\/06\/rkp_tulemused_2014-1.pdf\" target=\"_blank\" rel=\"noreferrer noopener\">tulemustega<\/a><\/li>\n\n\n\n<li>2013. aastal toetati&nbsp;<a href=\"https:\/\/www.ra.ee\/wp-content\/uploads\/2016\/06\/rkp_koond_2013-1.xls\" target=\"_blank\" rel=\"noreferrer noopener\">40 arhiivit\u00f6\u00f6 projekti<\/a>, tutvu&nbsp;<a href=\"https:\/\/www.ra.ee\/wp-content\/uploads\/2016\/06\/rkp_tulemused_2013-1.pdf\" target=\"_blank\" rel=\"noreferrer noopener\">tulemustega<\/a><\/li>\n\n\n\n<li>2012. aastal toetati&nbsp;<a href=\"https:\/\/www.ra.ee\/wp-content\/uploads\/2016\/06\/rkp_koond_2012-1.xls\" target=\"_blank\" rel=\"noreferrer noopener\">34 arhiivit\u00f6\u00f6 projekti<\/a>, tutvu&nbsp;<a href=\"https:\/\/www.ra.ee\/wp-content\/uploads\/2016\/06\/rkp_tulemused_2012-1.pdf\" target=\"_blank\" rel=\"noreferrer noopener\">tulemustega<\/a><\/li>\n\n\n\n<li>2011. aastal toetati 22 arhiivit\u00f6\u00f6 projekti, tutvu\u00a0<a href=\"https:\/\/www.ra.ee\/wp-content\/uploads\/2016\/06\/rkp_tulemused_2011-1.pdf\" target=\"_blank\" rel=\"noreferrer noopener\">tulemustega<\/a><\/li>\n<\/ul>\n\n\n\n<p><\/p>\n\n\n\n<p><\/p>\n\n\n\n<p><\/p>\n\n\n\n<div style=\"height:100px\" aria-hidden=\"true\" class=\"wp-block-spacer\"><\/div>\n\n\n\n<p><\/p>\n","protected":false},"excerpt":{"rendered":"<p>Projektid V\u00e4liseesti kultuurip\u00e4randi arhiiviprojektid \u00dcleilmse eestluse tegevuskava (2022-2025) raames viib Rahvusarhiiv l\u00e4bi konkurssi, mille eesm\u00e4rk on soodustada v\u00e4liseesti vaimse ja ainelise kultuurip\u00e4randi kogumist, s\u00e4ilimist, avatust kasutajatele ja uurimist. See h\u00f5lmab nii suulist kui ka esemelist p\u00e4randit, sh rahvaluulet, elulugusid ja m\u00e4lestusi, muusikalist traditsiooni, dokumente, fotosid, auviseid, tr\u00fckiseid, kunstiteoseid jm. Konkursile v\u00f5ib esitada toetustaotlusi projektidele, mille eesm\u00e4rk on v\u00e4liseesti kultuurip\u00e4randi s\u00e4ilitamine, kogumine ja\/v\u00f5i k\u00e4ttesaadavaks tegemine ning mille tulemit saab avalikkus mitte\u00e4rilistel eesm\u00e4rkidel vabalt kasutada (mh laienevad sellisele tulemile m\u00e4luasutusse \u00fcleandmisel autori\u00f5iguse vabakasutuse s\u00e4tted). Toetust v\u00f5ivad taotleda nii juriidilised (sh era- ja avalik-\u00f5iguslikud juriidilised isikud) kui ka f\u00fc\u00fcsilised isikud (eraisikud) \u00fcle maailma. Konkurssi rahastab riigieelarvest Haridus- ja Teadusministeerium. Lisainfo: https:\/\/www.ra.ee\/projektid-ja-koostoo\/valiseesti-taotlusvoor\/ Kristi.Ots[at]ra.ee, tel +372 7387 511. Rahvuskaaslaste programmist (kuni 2020) ning \u00fcleilmse eestluse tegevuskava raames eraldatud toetused:<\/p>\n","protected":false},"author":5,"featured_media":0,"parent":356,"menu_order":3,"comment_status":"closed","ping_status":"closed","template":"","meta":{"_acf_changed":false,"_monsterinsights_skip_tracking":false,"_monsterinsights_sitenote_active":false,"_monsterinsights_sitenote_note":"","_monsterinsights_sitenote_category":0,"ngg_post_thumbnail":0,"footnotes":""},"class_list":["post-448","page","type-page","status-publish","hentry"],"acf":[],"yoast_head":"<!-- This site is optimized with the Yoast SEO plugin v24.2 - https:\/\/yoast.com\/wordpress\/plugins\/seo\/ -->\n<title>Projektid - BaltHerNet<\/title>\n<meta name=\"robots\" content=\"index, follow, max-snippet:-1, max-image-preview:large, max-video-preview:-1\" \/>\n<link rel=\"canonical\" href=\"https:\/\/www.balther.net\/et\/koostoo\/projektid\/\" \/>\n<meta property=\"og:locale\" content=\"et_EE\" \/>\n<meta property=\"og:type\" content=\"article\" \/>\n<meta property=\"og:title\" content=\"Projektid - BaltHerNet\" \/>\n<meta property=\"og:description\" content=\"Projektid V\u00e4liseesti kultuurip\u00e4randi arhiiviprojektid \u00dcleilmse eestluse tegevuskava (2022-2025) raames viib Rahvusarhiiv l\u00e4bi konkurssi, mille eesm\u00e4rk on soodustada v\u00e4liseesti vaimse ja ainelise kultuurip\u00e4randi kogumist, s\u00e4ilimist, avatust kasutajatele ja uurimist. See h\u00f5lmab nii suulist kui ka esemelist p\u00e4randit, sh rahvaluulet, elulugusid ja m\u00e4lestusi, muusikalist traditsiooni, dokumente, fotosid, auviseid, tr\u00fckiseid, kunstiteoseid jm. Konkursile v\u00f5ib esitada toetustaotlusi projektidele, mille eesm\u00e4rk on v\u00e4liseesti kultuurip\u00e4randi s\u00e4ilitamine, kogumine ja\/v\u00f5i k\u00e4ttesaadavaks tegemine ning mille tulemit saab avalikkus mitte\u00e4rilistel eesm\u00e4rkidel vabalt kasutada (mh laienevad sellisele tulemile m\u00e4luasutusse \u00fcleandmisel autori\u00f5iguse vabakasutuse s\u00e4tted). Toetust v\u00f5ivad taotleda nii juriidilised (sh era- ja avalik-\u00f5iguslikud juriidilised isikud) kui ka f\u00fc\u00fcsilised isikud (eraisikud) \u00fcle maailma. Konkurssi rahastab riigieelarvest Haridus- ja Teadusministeerium. Lisainfo: https:\/\/www.ra.ee\/projektid-ja-koostoo\/valiseesti-taotlusvoor\/ Kristi.Ots[at]ra.ee, tel +372 7387 511. Rahvuskaaslaste programmist (kuni 2020) ning \u00fcleilmse eestluse tegevuskava raames eraldatud toetused:\" \/>\n<meta property=\"og:url\" content=\"https:\/\/www.balther.net\/et\/koostoo\/projektid\/\" \/>\n<meta property=\"og:site_name\" content=\"BaltHerNet\" \/>\n<meta property=\"article:modified_time\" content=\"2026-02-23T15:45:02+00:00\" \/>\n<meta name=\"twitter:card\" content=\"summary_large_image\" \/>\n<meta name=\"twitter:label1\" content=\"Est. reading time\" \/>\n\t<meta name=\"twitter:data1\" content=\"2 minutit\" \/>\n<script type=\"application\/ld+json\" class=\"yoast-schema-graph\">{\"@context\":\"https:\/\/schema.org\",\"@graph\":[{\"@type\":\"WebPage\",\"@id\":\"https:\/\/www.balther.net\/et\/koostoo\/projektid\/\",\"url\":\"https:\/\/www.balther.net\/et\/koostoo\/projektid\/\",\"name\":\"Projektid - BaltHerNet\",\"isPartOf\":{\"@id\":\"https:\/\/www.balther.net\/#website\"},\"datePublished\":\"2015-12-22T22:18:13+00:00\",\"dateModified\":\"2026-02-23T15:45:02+00:00\",\"breadcrumb\":{\"@id\":\"https:\/\/www.balther.net\/et\/koostoo\/projektid\/#breadcrumb\"},\"inLanguage\":\"et\",\"potentialAction\":[{\"@type\":\"ReadAction\",\"target\":[\"https:\/\/www.balther.net\/et\/koostoo\/projektid\/\"]}]},{\"@type\":\"BreadcrumbList\",\"@id\":\"https:\/\/www.balther.net\/et\/koostoo\/projektid\/#breadcrumb\",\"itemListElement\":[{\"@type\":\"ListItem\",\"position\":1,\"name\":\"Home\",\"item\":\"https:\/\/www.balther.net\/et\/\"},{\"@type\":\"ListItem\",\"position\":2,\"name\":\"Koost\u00f6\u00f6\",\"item\":\"https:\/\/www.balther.net\/et\/koostoo\/\"},{\"@type\":\"ListItem\",\"position\":3,\"name\":\"Projektid\"}]},{\"@type\":\"WebSite\",\"@id\":\"https:\/\/www.balther.net\/#website\",\"url\":\"https:\/\/www.balther.net\/\",\"name\":\"BaltHerNet\",\"description\":\"\",\"potentialAction\":[{\"@type\":\"SearchAction\",\"target\":{\"@type\":\"EntryPoint\",\"urlTemplate\":\"https:\/\/www.balther.net\/?s={search_term_string}\"},\"query-input\":{\"@type\":\"PropertyValueSpecification\",\"valueRequired\":true,\"valueName\":\"search_term_string\"}}],\"inLanguage\":\"et\"}]}<\/script>\n<!-- \/ Yoast SEO plugin. -->","yoast_head_json":{"title":"Projektid - BaltHerNet","robots":{"index":"index","follow":"follow","max-snippet":"max-snippet:-1","max-image-preview":"max-image-preview:large","max-video-preview":"max-video-preview:-1"},"canonical":"https:\/\/www.balther.net\/et\/koostoo\/projektid\/","og_locale":"et_EE","og_type":"article","og_title":"Projektid - BaltHerNet","og_description":"Projektid V\u00e4liseesti kultuurip\u00e4randi arhiiviprojektid \u00dcleilmse eestluse tegevuskava (2022-2025) raames viib Rahvusarhiiv l\u00e4bi konkurssi, mille eesm\u00e4rk on soodustada v\u00e4liseesti vaimse ja ainelise kultuurip\u00e4randi kogumist, s\u00e4ilimist, avatust kasutajatele ja uurimist. See h\u00f5lmab nii suulist kui ka esemelist p\u00e4randit, sh rahvaluulet, elulugusid ja m\u00e4lestusi, muusikalist traditsiooni, dokumente, fotosid, auviseid, tr\u00fckiseid, kunstiteoseid jm. Konkursile v\u00f5ib esitada toetustaotlusi projektidele, mille eesm\u00e4rk on v\u00e4liseesti kultuurip\u00e4randi s\u00e4ilitamine, kogumine ja\/v\u00f5i k\u00e4ttesaadavaks tegemine ning mille tulemit saab avalikkus mitte\u00e4rilistel eesm\u00e4rkidel vabalt kasutada (mh laienevad sellisele tulemile m\u00e4luasutusse \u00fcleandmisel autori\u00f5iguse vabakasutuse s\u00e4tted). Toetust v\u00f5ivad taotleda nii juriidilised (sh era- ja avalik-\u00f5iguslikud juriidilised isikud) kui ka f\u00fc\u00fcsilised isikud (eraisikud) \u00fcle maailma. Konkurssi rahastab riigieelarvest Haridus- ja Teadusministeerium. Lisainfo: https:\/\/www.ra.ee\/projektid-ja-koostoo\/valiseesti-taotlusvoor\/ Kristi.Ots[at]ra.ee, tel +372 7387 511. Rahvuskaaslaste programmist (kuni 2020) ning \u00fcleilmse eestluse tegevuskava raames eraldatud toetused:","og_url":"https:\/\/www.balther.net\/et\/koostoo\/projektid\/","og_site_name":"BaltHerNet","article_modified_time":"2026-02-23T15:45:02+00:00","twitter_card":"summary_large_image","twitter_misc":{"Est. reading time":"2 minutit"},"schema":{"@context":"https:\/\/schema.org","@graph":[{"@type":"WebPage","@id":"https:\/\/www.balther.net\/et\/koostoo\/projektid\/","url":"https:\/\/www.balther.net\/et\/koostoo\/projektid\/","name":"Projektid - BaltHerNet","isPartOf":{"@id":"https:\/\/www.balther.net\/#website"},"datePublished":"2015-12-22T22:18:13+00:00","dateModified":"2026-02-23T15:45:02+00:00","breadcrumb":{"@id":"https:\/\/www.balther.net\/et\/koostoo\/projektid\/#breadcrumb"},"inLanguage":"et","potentialAction":[{"@type":"ReadAction","target":["https:\/\/www.balther.net\/et\/koostoo\/projektid\/"]}]},{"@type":"BreadcrumbList","@id":"https:\/\/www.balther.net\/et\/koostoo\/projektid\/#breadcrumb","itemListElement":[{"@type":"ListItem","position":1,"name":"Home","item":"https:\/\/www.balther.net\/et\/"},{"@type":"ListItem","position":2,"name":"Koost\u00f6\u00f6","item":"https:\/\/www.balther.net\/et\/koostoo\/"},{"@type":"ListItem","position":3,"name":"Projektid"}]},{"@type":"WebSite","@id":"https:\/\/www.balther.net\/#website","url":"https:\/\/www.balther.net\/","name":"BaltHerNet","description":"","potentialAction":[{"@type":"SearchAction","target":{"@type":"EntryPoint","urlTemplate":"https:\/\/www.balther.net\/?s={search_term_string}"},"query-input":{"@type":"PropertyValueSpecification","valueRequired":true,"valueName":"search_term_string"}}],"inLanguage":"et"}]}},"_links":{"self":[{"href":"https:\/\/www.balther.net\/et\/wp-json\/wp\/v2\/pages\/448","targetHints":{"allow":["GET"]}}],"collection":[{"href":"https:\/\/www.balther.net\/et\/wp-json\/wp\/v2\/pages"}],"about":[{"href":"https:\/\/www.balther.net\/et\/wp-json\/wp\/v2\/types\/page"}],"author":[{"embeddable":true,"href":"https:\/\/www.balther.net\/et\/wp-json\/wp\/v2\/users\/5"}],"replies":[{"embeddable":true,"href":"https:\/\/www.balther.net\/et\/wp-json\/wp\/v2\/comments?post=448"}],"version-history":[{"count":42,"href":"https:\/\/www.balther.net\/et\/wp-json\/wp\/v2\/pages\/448\/revisions"}],"predecessor-version":[{"id":26830,"href":"https:\/\/www.balther.net\/et\/wp-json\/wp\/v2\/pages\/448\/revisions\/26830"}],"up":[{"embeddable":true,"href":"https:\/\/www.balther.net\/et\/wp-json\/wp\/v2\/pages\/356"}],"wp:attachment":[{"href":"https:\/\/www.balther.net\/et\/wp-json\/wp\/v2\/media?parent=448"}],"curies":[{"name":"wp","href":"https:\/\/api.w.org\/{rel}","templated":true}]}}