{"id":446,"date":"2015-12-22T22:17:45","date_gmt":"2015-12-22T22:17:45","guid":{"rendered":"http:\/\/uus.balther.net\/?page_id=446&#038;lang=et"},"modified":"2025-04-10T13:50:05","modified_gmt":"2025-04-10T10:50:05","slug":"suvekoolid","status":"publish","type":"page","link":"https:\/\/www.balther.net\/et\/koostoo\/suvekoolid\/","title":{"rendered":"Suvekoolid"},"content":{"rendered":"<p><img loading=\"lazy\" decoding=\"async\" class=\"wp-image-12837\" src=\"https:\/\/www.balther.net\/wp-content\/uploads\/2023\/04\/pilt.png\" sizes=\"auto, (max-width: 840px) 100vw, 840px\" srcset=\"https:\/\/www.balther.net\/wp-content\/uploads\/2023\/04\/pilt.png 880w, https:\/\/www.balther.net\/wp-content\/uploads\/2023\/04\/pilt-300x58.png 300w, https:\/\/www.balther.net\/wp-content\/uploads\/2023\/04\/pilt-768x147.png 768w\" alt=\"\" width=\"840\" height=\"161\"><\/p>\n\n\n<div style=\"height:29px\" aria-hidden=\"true\" class=\"wp-block-spacer\"><\/div>\n\n\n\n<blockquote class=\"wp-block-quote is-layout-flow wp-block-quote-is-layout-flow\">\n<p>MT\u00dc Baltic Heritage Network suvekoolid on m\u00f5eldud v\u00f5\u00f5rsil elavatele eestlastele ja Eesti m\u00e4luasutuste t\u00f6\u00f6tajatele, kes tegelevad Eesti diasporaa kultuurip\u00e4randi kogumise, s\u00e4ilitamise, uurimise ja proageerimisega. Suvekoolide raames toimuvad loengud, koolitused ja praktilised \u00f5ppused, diskussioonid ja arutelud. Oma teadmisi arhiivindusest, raamatukogundusest ja museoloogiast jagavad spetsialistid erinevatest Eesti m\u00e4luasutustest.<\/p>\n\n\n\n<p>Esimene suvekool toimus 2007. aastal V\u00f5rumaal Kokel.<\/p>\n\n\n\n<p>Suvekoolide l\u00e4biviimist toetab EV Haridus ja Teadusministeerium \u00fcleilmse eestluse tegevuskava (2022-2025) kaudu.<\/p>\n<\/blockquote>\n\n\n\n<div style=\"height:20px\" aria-hidden=\"true\" class=\"wp-block-spacer\"><\/div>\n\n\n\n<div class=\"wp-block-buttons is-layout-flex wp-block-buttons-is-layout-flex\"><\/div>\n","protected":false},"excerpt":{"rendered":"<p>MT\u00dc Baltic Heritage Network suvekoolid on m\u00f5eldud v\u00f5\u00f5rsil elavatele eestlastele ja Eesti m\u00e4luasutuste t\u00f6\u00f6tajatele, kes tegelevad Eesti diasporaa kultuurip\u00e4randi kogumise, s\u00e4ilitamise, uurimise ja proageerimisega. Suvekoolide raames toimuvad loengud, koolitused ja praktilised \u00f5ppused, diskussioonid ja arutelud. Oma teadmisi arhiivindusest, raamatukogundusest ja museoloogiast jagavad spetsialistid erinevatest Eesti m\u00e4luasutustest. Esimene suvekool toimus 2007. aastal V\u00f5rumaal Kokel. Suvekoolide l\u00e4biviimist toetab EV Haridus ja Teadusministeerium \u00fcleilmse eestluse tegevuskava (2022-2025) kaudu.<\/p>\n","protected":false},"author":5,"featured_media":0,"parent":356,"menu_order":2,"comment_status":"closed","ping_status":"closed","template":"","meta":{"_acf_changed":false,"_monsterinsights_skip_tracking":false,"_monsterinsights_sitenote_active":false,"_monsterinsights_sitenote_note":"","_monsterinsights_sitenote_category":0,"ngg_post_thumbnail":0,"footnotes":""},"class_list":["post-446","page","type-page","status-publish","hentry"],"acf":[],"yoast_head":"<!-- This site is optimized with the Yoast SEO plugin v24.2 - https:\/\/yoast.com\/wordpress\/plugins\/seo\/ -->\n<title>Suvekoolid - BaltHerNet<\/title>\n<meta name=\"robots\" content=\"index, follow, max-snippet:-1, max-image-preview:large, max-video-preview:-1\" \/>\n<link rel=\"canonical\" href=\"https:\/\/www.balther.net\/et\/koostoo\/suvekoolid\/\" \/>\n<meta property=\"og:locale\" content=\"et_EE\" \/>\n<meta property=\"og:type\" content=\"article\" \/>\n<meta property=\"og:title\" content=\"Suvekoolid - BaltHerNet\" \/>\n<meta property=\"og:description\" content=\"MT\u00dc Baltic Heritage Network suvekoolid on m\u00f5eldud v\u00f5\u00f5rsil elavatele eestlastele ja Eesti m\u00e4luasutuste t\u00f6\u00f6tajatele, kes tegelevad Eesti diasporaa kultuurip\u00e4randi kogumise, s\u00e4ilitamise, uurimise ja proageerimisega. Suvekoolide raames toimuvad loengud, koolitused ja praktilised \u00f5ppused, diskussioonid ja arutelud. Oma teadmisi arhiivindusest, raamatukogundusest ja museoloogiast jagavad spetsialistid erinevatest Eesti m\u00e4luasutustest. Esimene suvekool toimus 2007. aastal V\u00f5rumaal Kokel. Suvekoolide l\u00e4biviimist toetab EV Haridus ja Teadusministeerium \u00fcleilmse eestluse tegevuskava (2022-2025) kaudu.\" \/>\n<meta property=\"og:url\" content=\"https:\/\/www.balther.net\/et\/koostoo\/suvekoolid\/\" \/>\n<meta property=\"og:site_name\" content=\"BaltHerNet\" \/>\n<meta property=\"article:modified_time\" content=\"2025-04-10T10:50:05+00:00\" \/>\n<meta property=\"og:image\" content=\"https:\/\/www.balther.net\/wp-content\/uploads\/2023\/04\/pilt.png\" \/>\n\t<meta property=\"og:image:width\" content=\"880\" \/>\n\t<meta property=\"og:image:height\" content=\"169\" \/>\n\t<meta property=\"og:image:type\" content=\"image\/png\" \/>\n<meta name=\"twitter:card\" content=\"summary_large_image\" \/>\n<meta name=\"twitter:label1\" content=\"Est. reading time\" \/>\n\t<meta name=\"twitter:data1\" content=\"1 minut\" \/>\n<script type=\"application\/ld+json\" class=\"yoast-schema-graph\">{\"@context\":\"https:\/\/schema.org\",\"@graph\":[{\"@type\":\"WebPage\",\"@id\":\"https:\/\/www.balther.net\/et\/koostoo\/suvekoolid\/\",\"url\":\"https:\/\/www.balther.net\/et\/koostoo\/suvekoolid\/\",\"name\":\"Suvekoolid - BaltHerNet\",\"isPartOf\":{\"@id\":\"https:\/\/www.balther.net\/#website\"},\"primaryImageOfPage\":{\"@id\":\"https:\/\/www.balther.net\/et\/koostoo\/suvekoolid\/#primaryimage\"},\"image\":{\"@id\":\"https:\/\/www.balther.net\/et\/koostoo\/suvekoolid\/#primaryimage\"},\"thumbnailUrl\":\"https:\/\/www.balther.net\/wp-content\/uploads\/2023\/04\/pilt.png\",\"datePublished\":\"2015-12-22T22:17:45+00:00\",\"dateModified\":\"2025-04-10T10:50:05+00:00\",\"breadcrumb\":{\"@id\":\"https:\/\/www.balther.net\/et\/koostoo\/suvekoolid\/#breadcrumb\"},\"inLanguage\":\"et\",\"potentialAction\":[{\"@type\":\"ReadAction\",\"target\":[\"https:\/\/www.balther.net\/et\/koostoo\/suvekoolid\/\"]}]},{\"@type\":\"ImageObject\",\"inLanguage\":\"et\",\"@id\":\"https:\/\/www.balther.net\/et\/koostoo\/suvekoolid\/#primaryimage\",\"url\":\"https:\/\/www.balther.net\/wp-content\/uploads\/2023\/04\/pilt.png\",\"contentUrl\":\"https:\/\/www.balther.net\/wp-content\/uploads\/2023\/04\/pilt.png\"},{\"@type\":\"BreadcrumbList\",\"@id\":\"https:\/\/www.balther.net\/et\/koostoo\/suvekoolid\/#breadcrumb\",\"itemListElement\":[{\"@type\":\"ListItem\",\"position\":1,\"name\":\"Home\",\"item\":\"https:\/\/www.balther.net\/et\/\"},{\"@type\":\"ListItem\",\"position\":2,\"name\":\"Koost\u00f6\u00f6\",\"item\":\"https:\/\/www.balther.net\/et\/koostoo\/\"},{\"@type\":\"ListItem\",\"position\":3,\"name\":\"Suvekoolid\"}]},{\"@type\":\"WebSite\",\"@id\":\"https:\/\/www.balther.net\/#website\",\"url\":\"https:\/\/www.balther.net\/\",\"name\":\"BaltHerNet\",\"description\":\"\",\"potentialAction\":[{\"@type\":\"SearchAction\",\"target\":{\"@type\":\"EntryPoint\",\"urlTemplate\":\"https:\/\/www.balther.net\/?s={search_term_string}\"},\"query-input\":{\"@type\":\"PropertyValueSpecification\",\"valueRequired\":true,\"valueName\":\"search_term_string\"}}],\"inLanguage\":\"et\"}]}<\/script>\n<!-- \/ Yoast SEO plugin. -->","yoast_head_json":{"title":"Suvekoolid - BaltHerNet","robots":{"index":"index","follow":"follow","max-snippet":"max-snippet:-1","max-image-preview":"max-image-preview:large","max-video-preview":"max-video-preview:-1"},"canonical":"https:\/\/www.balther.net\/et\/koostoo\/suvekoolid\/","og_locale":"et_EE","og_type":"article","og_title":"Suvekoolid - BaltHerNet","og_description":"MT\u00dc Baltic Heritage Network suvekoolid on m\u00f5eldud v\u00f5\u00f5rsil elavatele eestlastele ja Eesti m\u00e4luasutuste t\u00f6\u00f6tajatele, kes tegelevad Eesti diasporaa kultuurip\u00e4randi kogumise, s\u00e4ilitamise, uurimise ja proageerimisega. Suvekoolide raames toimuvad loengud, koolitused ja praktilised \u00f5ppused, diskussioonid ja arutelud. Oma teadmisi arhiivindusest, raamatukogundusest ja museoloogiast jagavad spetsialistid erinevatest Eesti m\u00e4luasutustest. Esimene suvekool toimus 2007. aastal V\u00f5rumaal Kokel. Suvekoolide l\u00e4biviimist toetab EV Haridus ja Teadusministeerium \u00fcleilmse eestluse tegevuskava (2022-2025) kaudu.","og_url":"https:\/\/www.balther.net\/et\/koostoo\/suvekoolid\/","og_site_name":"BaltHerNet","article_modified_time":"2025-04-10T10:50:05+00:00","og_image":[{"width":880,"height":169,"url":"https:\/\/www.balther.net\/wp-content\/uploads\/2023\/04\/pilt.png","type":"image\/png"}],"twitter_card":"summary_large_image","twitter_misc":{"Est. reading time":"1 minut"},"schema":{"@context":"https:\/\/schema.org","@graph":[{"@type":"WebPage","@id":"https:\/\/www.balther.net\/et\/koostoo\/suvekoolid\/","url":"https:\/\/www.balther.net\/et\/koostoo\/suvekoolid\/","name":"Suvekoolid - BaltHerNet","isPartOf":{"@id":"https:\/\/www.balther.net\/#website"},"primaryImageOfPage":{"@id":"https:\/\/www.balther.net\/et\/koostoo\/suvekoolid\/#primaryimage"},"image":{"@id":"https:\/\/www.balther.net\/et\/koostoo\/suvekoolid\/#primaryimage"},"thumbnailUrl":"https:\/\/www.balther.net\/wp-content\/uploads\/2023\/04\/pilt.png","datePublished":"2015-12-22T22:17:45+00:00","dateModified":"2025-04-10T10:50:05+00:00","breadcrumb":{"@id":"https:\/\/www.balther.net\/et\/koostoo\/suvekoolid\/#breadcrumb"},"inLanguage":"et","potentialAction":[{"@type":"ReadAction","target":["https:\/\/www.balther.net\/et\/koostoo\/suvekoolid\/"]}]},{"@type":"ImageObject","inLanguage":"et","@id":"https:\/\/www.balther.net\/et\/koostoo\/suvekoolid\/#primaryimage","url":"https:\/\/www.balther.net\/wp-content\/uploads\/2023\/04\/pilt.png","contentUrl":"https:\/\/www.balther.net\/wp-content\/uploads\/2023\/04\/pilt.png"},{"@type":"BreadcrumbList","@id":"https:\/\/www.balther.net\/et\/koostoo\/suvekoolid\/#breadcrumb","itemListElement":[{"@type":"ListItem","position":1,"name":"Home","item":"https:\/\/www.balther.net\/et\/"},{"@type":"ListItem","position":2,"name":"Koost\u00f6\u00f6","item":"https:\/\/www.balther.net\/et\/koostoo\/"},{"@type":"ListItem","position":3,"name":"Suvekoolid"}]},{"@type":"WebSite","@id":"https:\/\/www.balther.net\/#website","url":"https:\/\/www.balther.net\/","name":"BaltHerNet","description":"","potentialAction":[{"@type":"SearchAction","target":{"@type":"EntryPoint","urlTemplate":"https:\/\/www.balther.net\/?s={search_term_string}"},"query-input":{"@type":"PropertyValueSpecification","valueRequired":true,"valueName":"search_term_string"}}],"inLanguage":"et"}]}},"_links":{"self":[{"href":"https:\/\/www.balther.net\/et\/wp-json\/wp\/v2\/pages\/446","targetHints":{"allow":["GET"]}}],"collection":[{"href":"https:\/\/www.balther.net\/et\/wp-json\/wp\/v2\/pages"}],"about":[{"href":"https:\/\/www.balther.net\/et\/wp-json\/wp\/v2\/types\/page"}],"author":[{"embeddable":true,"href":"https:\/\/www.balther.net\/et\/wp-json\/wp\/v2\/users\/5"}],"replies":[{"embeddable":true,"href":"https:\/\/www.balther.net\/et\/wp-json\/wp\/v2\/comments?post=446"}],"version-history":[{"count":27,"href":"https:\/\/www.balther.net\/et\/wp-json\/wp\/v2\/pages\/446\/revisions"}],"predecessor-version":[{"id":24331,"href":"https:\/\/www.balther.net\/et\/wp-json\/wp\/v2\/pages\/446\/revisions\/24331"}],"up":[{"embeddable":true,"href":"https:\/\/www.balther.net\/et\/wp-json\/wp\/v2\/pages\/356"}],"wp:attachment":[{"href":"https:\/\/www.balther.net\/et\/wp-json\/wp\/v2\/media?parent=446"}],"curies":[{"name":"wp","href":"https:\/\/api.w.org\/{rel}","templated":true}]}}