{"id":425,"date":"2015-12-22T20:30:30","date_gmt":"2015-12-22T20:30:30","guid":{"rendered":"http:\/\/uus.balther.net\/?page_id=425&#038;lang=et"},"modified":"2023-09-28T16:17:11","modified_gmt":"2023-09-28T13:17:11","slug":"liitu-balthernetiga","status":"publish","type":"page","link":"https:\/\/www.balther.net\/et\/balthernet\/mtu-balthernet\/liitu-balthernetiga\/","title":{"rendered":"Liitu BaltHerNetiga"},"content":{"rendered":"<p><span style=\"text-decoration: underline;\"><strong>Liikmeks astumine<\/strong><\/span><\/p>\n<p>MT\u00dc-ga BaltHerNet liitumiseks tuleb t\u00e4ita avaldus (vt allpool) ja saata see MT\u00dc juhatusele. Enne avalduse t\u00e4itmist palume tutvuda <a href=\"https:\/\/www.balther.net\/et\/balthernet\/mtu-balthernet\/pohikiri\/\" target=\"_blank\" rel=\"noopener\">p\u00f5hikirja<\/a> peat\u00fckkidega III ja IV.<br \/>\nJuhatus teatab&nbsp;avalduse k\u00e4ttesaamisest, annab teada oma otsusest ja v\u00e4ljastab arve, mille alusel palutakse tasuda liikmemaks.<\/p>\n<p><strong>Liikmemaksud<\/strong> (m\u00e4\u00e4ratud \u00fcldkoosoleku otsusega 29. juunil 2022):<br \/>\n&#8211; individuaalliige&nbsp;&nbsp; 25 \u20ac aastas<br \/>\n&#8211; kollektiivliige&nbsp;&nbsp; &nbsp;&nbsp; 175 \u20ac aastas<br \/>\n&#8211; eluaegne liige &nbsp;&nbsp;&nbsp; 200 \u20ac<br \/>\n&#8211; toetajaliige&nbsp;&nbsp;&nbsp;&nbsp;&nbsp; &nbsp;&nbsp; 500 \u20ac (miinimum)<\/p>\n<p><span style=\"text-decoration: underline;\">Siseriiklik makse<\/span><br \/>\nMakse saaja: MT\u00dc Baltic Heritage Network<br \/>\nAadress: Vanemuise 42, 51003 Tartu, Eesti<br \/>\nReg nr: 80266215<br \/>\nPank: Swedbank, Liivalaia 8, 15040 Tallinn, Eesti<br \/>\nArveldusarve: EE 32 2200221040453810<br \/>\nPanga kood (SWIFT):&nbsp;HABA EE2X<\/p>\n<p><span style=\"text-decoration: underline;\">V\u00e4lismakse<\/span><br \/>\nMakse saaja: MT\u00dc Baltic Heritage Network<br \/>\nAadress: Vanemuise 42, 51003 Tartu, Eesti<br \/>\nReg nr: 80266215<br \/>\nPank: Swedbank, Liivalaia 8, 15040 Tallinn,<br \/>\nArveldusarve (IBAN): EE 32 2200221040453810<br \/>\nPanga kood (SWIFT):&nbsp;HABA EE2X<\/p>\n<hr>\n<div class=\"frm_forms  with_frm_style frm_style_formidable-style\" id=\"frm_form_9_container\" >\n<form enctype=\"multipart\/form-data\" method=\"post\" class=\"frm-show-form  frm_pro_form \" id=\"form_liikmeavaldus\" >\n<div class=\"frm_form_fields \">\n<fieldset>\n<legend class=\"frm_screen_reader\">BaltHerNeti liikmeks astumise avaldus<\/legend>\r\n<h3 class=\"frm_form_title\">BaltHerNeti liikmeks astumise avaldus<\/h3>\r\n<div class=\"frm_fields_container\">\n<input type=\"hidden\" name=\"frm_action\" value=\"create\" \/>\n<input type=\"hidden\" name=\"form_id\" value=\"9\" \/>\n<input type=\"hidden\" name=\"frm_hide_fields_9\" id=\"frm_hide_fields_9\" value=\"\" \/>\n<input type=\"hidden\" name=\"form_key\" value=\"liikmeavaldus\" \/>\n<input type=\"hidden\" name=\"item_meta[0]\" value=\"\" \/>\n<input type=\"hidden\" id=\"frm_submit_entry_9\" name=\"frm_submit_entry_9\" value=\"bf733c0ff7\" \/><input type=\"hidden\" name=\"_wp_http_referer\" value=\"\/et\/wp-json\/wp\/v2\/pages\/425\" \/><div id=\"frm_field_132_container\" class=\"frm_form_field form-field  frm_required_field frm_top_container\">\r\n    <label for=\"field_do2tw\" id=\"field_do2tw_label\" class=\"frm_primary_label\">Ma soovin\/minu asutus soovib liituda BaltHerNetiga kui:\r\n        <span class=\"frm_required\">*<\/span>\r\n    <\/label>\r\n    \t\t<select name=\"item_meta[132]\" id=\"field_do2tw\"  data-frmval=\"individuaalliige\" data-reqmsg=\"Ma soovin\/minu asutus soovib liituda BaltHerNetiga kui: cannot be blank.\" aria-required=\"true\" data-invmsg=\"Ma soovin\/minu asutus soovib liituda BaltHerNetiga kui: is invalid\" aria-invalid=\"false\"  >\n\t\t<option  value=\"individuaalliige\" selected='selected'>individuaalliige<\/option><option  value=\"kollektiivliige\">kollektiivliige<\/option><option  value=\"eluaegne liige\">eluaegne liige<\/option><option  value=\"toetajaliige\">toetajaliige<\/option>\t<\/select>\n\t\r\n    \r\n    \r\n<\/div>\n<div id=\"frm_field_133_container\" class=\"frm_form_field form-field  frm_top_container\">\r\n    <label for=\"field_3waki\" id=\"field_3waki_label\" class=\"frm_primary_label\">Institutsioon:\r\n        <span class=\"frm_required\"><\/span>\r\n    <\/label>\r\n    <input type=\"text\" id=\"field_3waki\" name=\"item_meta[133]\" value=\"\"  data-invmsg=\"Text is invalid\" aria-invalid=\"false\"  \/>\r\n    \r\n    \r\n<\/div>\n<div id=\"frm_field_136_container\" class=\"frm_form_field form-field  frm_required_field frm_top_container\">\r\n    <label for=\"field_1qn6z\" id=\"field_1qn6z_label\" class=\"frm_primary_label\">Nimi:\r\n        <span class=\"frm_required\">*<\/span>\r\n    <\/label>\r\n    <input type=\"text\" id=\"field_1qn6z\" name=\"item_meta[136]\" value=\"\"  placeholder=\"(individuaalliige\/kollektiivliikme kontaktisik)\" data-reqmsg=\"Nimi: cannot be blank.\" aria-required=\"true\" data-invmsg=\"Text is invalid\" aria-invalid=\"false\"  \/>\r\n    \r\n    \r\n<\/div>\n<div id=\"frm_field_135_container\" class=\"frm_form_field form-field  frm_top_container\">\r\n    <label for=\"field_8nu1c\" id=\"field_8nu1c_label\" class=\"frm_primary_label\">Amet:\r\n        <span class=\"frm_required\"><\/span>\r\n    <\/label>\r\n    <input type=\"text\" id=\"field_8nu1c\" name=\"item_meta[135]\" value=\"\"  data-invmsg=\"Text is invalid\" aria-invalid=\"false\"  \/>\r\n    \r\n    \r\n<\/div>\n<div id=\"frm_field_138_container\" class=\"frm_form_field form-field  frm_required_field frm_top_container\">\r\n    <label for=\"field_gq28u\" id=\"field_gq28u_label\" class=\"frm_primary_label\">Aadress:\r\n        <span class=\"frm_required\">*<\/span>\r\n    <\/label>\r\n    <input type=\"text\" id=\"field_gq28u\" name=\"item_meta[138]\" value=\"\"  maxlength=\"200\" data-reqmsg=\"Aadress: cannot be blank.\" aria-required=\"true\" data-invmsg=\"Text is invalid\" aria-invalid=\"false\"  \/>\r\n    \r\n    \r\n<\/div>\n<div id=\"frm_field_145_container\" class=\"frm_form_field form-field  frm_top_container\">\r\n    <label for=\"field_7mj2p\" id=\"field_7mj2p_label\" class=\"frm_primary_label\">Telefon:\r\n        <span class=\"frm_required\"><\/span>\r\n    <\/label>\r\n    <input type=\"text\" id=\"field_7mj2p\" name=\"item_meta[145]\" value=\"\"  data-invmsg=\"Text is invalid\" aria-invalid=\"false\"  \/>\r\n    \r\n    \r\n<\/div>\n<div id=\"frm_field_141_container\" class=\"frm_form_field form-field  frm_required_field frm_top_container\">\r\n    <label for=\"field_8izx0\" id=\"field_8izx0_label\" class=\"frm_primary_label\">E-post\r\n        <span class=\"frm_required\">*<\/span>\r\n    <\/label>\r\n    <input type=\"email\" id=\"field_8izx0\" name=\"item_meta[141]\" value=\"\"  data-reqmsg=\"E-post cannot be blank.\" aria-required=\"true\" data-invmsg=\"Email is invalid\" aria-invalid=\"false\"  \/>\r\n    \r\n    \r\n<\/div>\n<div id=\"frm_field_142_container\" class=\"frm_form_field form-field  frm_top_container\">\r\n    <label for=\"field_4d0k0\" id=\"field_4d0k0_label\" class=\"frm_primary_label\">BaltHerNetiga liitumise p\u00f5hjus:\r\n        <span class=\"frm_required\"><\/span>\r\n    <\/label>\r\n    <textarea name=\"item_meta[142]\" id=\"field_4d0k0\" rows=\"10\"  data-invmsg=\"BaltHerNetiga liitumise p\u00f5hjus: is invalid\" aria-invalid=\"false\"  ><\/textarea>\r\n    \r\n    \r\n<\/div>\n<div id=\"frm_field_143_container\" class=\"frm_form_field form-field  frm_required_field frm_top_container\">\r\n    <label for=\"field_nyssd\" id=\"field_nyssd_label\" class=\"frm_primary_label\">Kuup\u00e4ev: \r\n        <span class=\"frm_required\">*<\/span>\r\n    <\/label>\r\n    <input type=\"text\" id=\"field_nyssd\" name=\"item_meta[143]\" value=\"\"  maxlength=\"10\" data-reqmsg=\"Kuup\u00e4ev:  cannot be blank.\" aria-required=\"true\" data-invmsg=\"Date is invalid\" class=\"frm_date\" aria-invalid=\"false\"  \/>\r\n    \r\n    \r\n<\/div>\n<div id=\"frm_field_204_container\" class=\"frm_form_field form-field  frm_none_container\">\n    <label for=\"g-recaptcha-response\" id=\"field_krxgp_label\" class=\"frm_primary_label\">Captcha\n        <span class=\"frm_required\" aria-hidden=\"true\"><\/span>\n    <\/label>\n    <div  id=\"field_krxgp\" class=\"frm-g-recaptcha\" data-sitekey=\"6LddOBgmAAAAAArCE5NLCLuyiGoqFdU6O_qcq8W1\" data-size=\"invisible\" data-theme=\"light\"><\/div>\n    \n    \n<\/div>\n<div id=\"frm_field_263_container\" class=\"frm_form_field form-field \">\n\t<div class=\"frm_submit\">\r\n\r\n<button class=\"frm_button_submit frm_final_submit\" type=\"submit\"   formnovalidate=\"formnovalidate\">Saada<\/button>\r\n\r\n<\/div>\n<\/div>\n\t<input type=\"hidden\" name=\"item_key\" value=\"\" \/>\n\t<input name=\"frm_state\" type=\"hidden\" value=\"wyknxygpgV6azk7cNGZ5Eat8U1ad89uG2kd6X4oYJv6RcoE1DM8iATehjt5JUhUE\" \/><\/div>\n<\/fieldset>\n<\/div>\n\n<\/form>\n<\/div>\n\n","protected":false},"excerpt":{"rendered":"<p>Liikmeks astumine MT\u00dc-ga BaltHerNet liitumiseks tuleb t\u00e4ita avaldus (vt allpool) ja saata see MT\u00dc juhatusele. Enne avalduse t\u00e4itmist palume tutvuda p\u00f5hikirja peat\u00fckkidega III ja IV. Juhatus teatab&nbsp;avalduse k\u00e4ttesaamisest, annab teada oma otsusest ja v\u00e4ljastab arve, mille alusel palutakse tasuda liikmemaks. Liikmemaksud (m\u00e4\u00e4ratud \u00fcldkoosoleku otsusega 29. juunil 2022): &#8211; individuaalliige&nbsp;&nbsp; 25 \u20ac aastas &#8211; kollektiivliige&nbsp;&nbsp; &nbsp;&nbsp; 175 \u20ac aastas &#8211; eluaegne liige &nbsp;&nbsp;&nbsp; 200 \u20ac &#8211; toetajaliige&nbsp;&nbsp;&nbsp;&nbsp;&nbsp; &nbsp;&nbsp; 500 \u20ac (miinimum) Siseriiklik makse Makse saaja: MT\u00dc Baltic Heritage Network Aadress: Vanemuise 42, 51003 Tartu, Eesti Reg nr: 80266215 Pank: Swedbank, Liivalaia 8, 15040 Tallinn, Eesti Arveldusarve: EE 32 2200221040453810 Panga kood (SWIFT):&nbsp;HABA EE2X V\u00e4lismakse Makse saaja: MT\u00dc Baltic Heritage Network Aadress: Vanemuise 42, 51003 Tartu, Eesti Reg nr: 80266215 Pank: Swedbank, Liivalaia 8, 15040 Tallinn, Arveldusarve (IBAN): EE 32 2200221040453810 Panga kood (SWIFT):&nbsp;HABA EE2X<\/p>\n","protected":false},"author":5,"featured_media":0,"parent":419,"menu_order":0,"comment_status":"closed","ping_status":"closed","template":"","meta":{"_acf_changed":false,"_monsterinsights_skip_tracking":false,"_monsterinsights_sitenote_active":false,"_monsterinsights_sitenote_note":"","_monsterinsights_sitenote_category":0,"ngg_post_thumbnail":0,"footnotes":""},"class_list":["post-425","page","type-page","status-publish","hentry"],"acf":[],"yoast_head":"<!-- This site is optimized with the Yoast SEO plugin v24.2 - https:\/\/yoast.com\/wordpress\/plugins\/seo\/ -->\n<title>Liitu BaltHerNetiga - BaltHerNet<\/title>\n<meta name=\"robots\" content=\"index, follow, max-snippet:-1, max-image-preview:large, max-video-preview:-1\" \/>\n<link rel=\"canonical\" href=\"https:\/\/www.balther.net\/et\/balthernet\/mtu-balthernet\/liitu-balthernetiga\/\" \/>\n<meta property=\"og:locale\" content=\"et_EE\" \/>\n<meta property=\"og:type\" content=\"article\" \/>\n<meta property=\"og:title\" content=\"Liitu BaltHerNetiga - BaltHerNet\" \/>\n<meta property=\"og:description\" content=\"Liikmeks astumine MT\u00dc-ga BaltHerNet liitumiseks tuleb t\u00e4ita avaldus (vt allpool) ja saata see MT\u00dc juhatusele. Enne avalduse t\u00e4itmist palume tutvuda p\u00f5hikirja peat\u00fckkidega III ja IV. Juhatus teatab&nbsp;avalduse k\u00e4ttesaamisest, annab teada oma otsusest ja v\u00e4ljastab arve, mille alusel palutakse tasuda liikmemaks. Liikmemaksud (m\u00e4\u00e4ratud \u00fcldkoosoleku otsusega 29. juunil 2022): &#8211; individuaalliige&nbsp;&nbsp; 25 \u20ac aastas &#8211; kollektiivliige&nbsp;&nbsp; &nbsp;&nbsp; 175 \u20ac aastas &#8211; eluaegne liige &nbsp;&nbsp;&nbsp; 200 \u20ac &#8211; toetajaliige&nbsp;&nbsp;&nbsp;&nbsp;&nbsp; &nbsp;&nbsp; 500 \u20ac (miinimum) Siseriiklik makse Makse saaja: MT\u00dc Baltic Heritage Network Aadress: Vanemuise 42, 51003 Tartu, Eesti Reg nr: 80266215 Pank: Swedbank, Liivalaia 8, 15040 Tallinn, Eesti Arveldusarve: EE 32 2200221040453810 Panga kood (SWIFT):&nbsp;HABA EE2X V\u00e4lismakse Makse saaja: MT\u00dc Baltic Heritage Network Aadress: Vanemuise 42, 51003 Tartu, Eesti Reg nr: 80266215 Pank: Swedbank, Liivalaia 8, 15040 Tallinn, Arveldusarve (IBAN): EE 32 2200221040453810 Panga kood (SWIFT):&nbsp;HABA EE2X\" \/>\n<meta property=\"og:url\" content=\"https:\/\/www.balther.net\/et\/balthernet\/mtu-balthernet\/liitu-balthernetiga\/\" \/>\n<meta property=\"og:site_name\" content=\"BaltHerNet\" \/>\n<meta property=\"article:modified_time\" content=\"2023-09-28T13:17:11+00:00\" \/>\n<meta name=\"twitter:card\" content=\"summary_large_image\" \/>\n<meta name=\"twitter:label1\" content=\"Est. reading time\" \/>\n\t<meta name=\"twitter:data1\" content=\"1 minut\" \/>\n<script type=\"application\/ld+json\" class=\"yoast-schema-graph\">{\"@context\":\"https:\/\/schema.org\",\"@graph\":[{\"@type\":\"WebPage\",\"@id\":\"https:\/\/www.balther.net\/et\/balthernet\/mtu-balthernet\/liitu-balthernetiga\/\",\"url\":\"https:\/\/www.balther.net\/et\/balthernet\/mtu-balthernet\/liitu-balthernetiga\/\",\"name\":\"Liitu BaltHerNetiga - BaltHerNet\",\"isPartOf\":{\"@id\":\"https:\/\/www.balther.net\/#website\"},\"datePublished\":\"2015-12-22T20:30:30+00:00\",\"dateModified\":\"2023-09-28T13:17:11+00:00\",\"breadcrumb\":{\"@id\":\"https:\/\/www.balther.net\/et\/balthernet\/mtu-balthernet\/liitu-balthernetiga\/#breadcrumb\"},\"inLanguage\":\"et\",\"potentialAction\":[{\"@type\":\"ReadAction\",\"target\":[\"https:\/\/www.balther.net\/et\/balthernet\/mtu-balthernet\/liitu-balthernetiga\/\"]}]},{\"@type\":\"BreadcrumbList\",\"@id\":\"https:\/\/www.balther.net\/et\/balthernet\/mtu-balthernet\/liitu-balthernetiga\/#breadcrumb\",\"itemListElement\":[{\"@type\":\"ListItem\",\"position\":1,\"name\":\"Home\",\"item\":\"https:\/\/www.balther.net\/et\/\"},{\"@type\":\"ListItem\",\"position\":2,\"name\":\"BaltHerNet\",\"item\":\"https:\/\/www.balther.net\/et\/balthernet\/\"},{\"@type\":\"ListItem\",\"position\":3,\"name\":\"MT\u00dc BaltHerNet\",\"item\":\"https:\/\/www.balther.net\/et\/balthernet\/mtu-balthernet\/\"},{\"@type\":\"ListItem\",\"position\":4,\"name\":\"Liitu BaltHerNetiga\"}]},{\"@type\":\"WebSite\",\"@id\":\"https:\/\/www.balther.net\/#website\",\"url\":\"https:\/\/www.balther.net\/\",\"name\":\"BaltHerNet\",\"description\":\"\",\"potentialAction\":[{\"@type\":\"SearchAction\",\"target\":{\"@type\":\"EntryPoint\",\"urlTemplate\":\"https:\/\/www.balther.net\/?s={search_term_string}\"},\"query-input\":{\"@type\":\"PropertyValueSpecification\",\"valueRequired\":true,\"valueName\":\"search_term_string\"}}],\"inLanguage\":\"et\"}]}<\/script>\n<!-- \/ Yoast SEO plugin. -->","yoast_head_json":{"title":"Liitu BaltHerNetiga - BaltHerNet","robots":{"index":"index","follow":"follow","max-snippet":"max-snippet:-1","max-image-preview":"max-image-preview:large","max-video-preview":"max-video-preview:-1"},"canonical":"https:\/\/www.balther.net\/et\/balthernet\/mtu-balthernet\/liitu-balthernetiga\/","og_locale":"et_EE","og_type":"article","og_title":"Liitu BaltHerNetiga - BaltHerNet","og_description":"Liikmeks astumine MT\u00dc-ga BaltHerNet liitumiseks tuleb t\u00e4ita avaldus (vt allpool) ja saata see MT\u00dc juhatusele. Enne avalduse t\u00e4itmist palume tutvuda p\u00f5hikirja peat\u00fckkidega III ja IV. Juhatus teatab&nbsp;avalduse k\u00e4ttesaamisest, annab teada oma otsusest ja v\u00e4ljastab arve, mille alusel palutakse tasuda liikmemaks. Liikmemaksud (m\u00e4\u00e4ratud \u00fcldkoosoleku otsusega 29. juunil 2022): &#8211; individuaalliige&nbsp;&nbsp; 25 \u20ac aastas &#8211; kollektiivliige&nbsp;&nbsp; &nbsp;&nbsp; 175 \u20ac aastas &#8211; eluaegne liige &nbsp;&nbsp;&nbsp; 200 \u20ac &#8211; toetajaliige&nbsp;&nbsp;&nbsp;&nbsp;&nbsp; &nbsp;&nbsp; 500 \u20ac (miinimum) Siseriiklik makse Makse saaja: MT\u00dc Baltic Heritage Network Aadress: Vanemuise 42, 51003 Tartu, Eesti Reg nr: 80266215 Pank: Swedbank, Liivalaia 8, 15040 Tallinn, Eesti Arveldusarve: EE 32 2200221040453810 Panga kood (SWIFT):&nbsp;HABA EE2X V\u00e4lismakse Makse saaja: MT\u00dc Baltic Heritage Network Aadress: Vanemuise 42, 51003 Tartu, Eesti Reg nr: 80266215 Pank: Swedbank, Liivalaia 8, 15040 Tallinn, Arveldusarve (IBAN): EE 32 2200221040453810 Panga kood (SWIFT):&nbsp;HABA EE2X","og_url":"https:\/\/www.balther.net\/et\/balthernet\/mtu-balthernet\/liitu-balthernetiga\/","og_site_name":"BaltHerNet","article_modified_time":"2023-09-28T13:17:11+00:00","twitter_card":"summary_large_image","twitter_misc":{"Est. reading time":"1 minut"},"schema":{"@context":"https:\/\/schema.org","@graph":[{"@type":"WebPage","@id":"https:\/\/www.balther.net\/et\/balthernet\/mtu-balthernet\/liitu-balthernetiga\/","url":"https:\/\/www.balther.net\/et\/balthernet\/mtu-balthernet\/liitu-balthernetiga\/","name":"Liitu BaltHerNetiga - BaltHerNet","isPartOf":{"@id":"https:\/\/www.balther.net\/#website"},"datePublished":"2015-12-22T20:30:30+00:00","dateModified":"2023-09-28T13:17:11+00:00","breadcrumb":{"@id":"https:\/\/www.balther.net\/et\/balthernet\/mtu-balthernet\/liitu-balthernetiga\/#breadcrumb"},"inLanguage":"et","potentialAction":[{"@type":"ReadAction","target":["https:\/\/www.balther.net\/et\/balthernet\/mtu-balthernet\/liitu-balthernetiga\/"]}]},{"@type":"BreadcrumbList","@id":"https:\/\/www.balther.net\/et\/balthernet\/mtu-balthernet\/liitu-balthernetiga\/#breadcrumb","itemListElement":[{"@type":"ListItem","position":1,"name":"Home","item":"https:\/\/www.balther.net\/et\/"},{"@type":"ListItem","position":2,"name":"BaltHerNet","item":"https:\/\/www.balther.net\/et\/balthernet\/"},{"@type":"ListItem","position":3,"name":"MT\u00dc BaltHerNet","item":"https:\/\/www.balther.net\/et\/balthernet\/mtu-balthernet\/"},{"@type":"ListItem","position":4,"name":"Liitu BaltHerNetiga"}]},{"@type":"WebSite","@id":"https:\/\/www.balther.net\/#website","url":"https:\/\/www.balther.net\/","name":"BaltHerNet","description":"","potentialAction":[{"@type":"SearchAction","target":{"@type":"EntryPoint","urlTemplate":"https:\/\/www.balther.net\/?s={search_term_string}"},"query-input":{"@type":"PropertyValueSpecification","valueRequired":true,"valueName":"search_term_string"}}],"inLanguage":"et"}]}},"_links":{"self":[{"href":"https:\/\/www.balther.net\/et\/wp-json\/wp\/v2\/pages\/425","targetHints":{"allow":["GET"]}}],"collection":[{"href":"https:\/\/www.balther.net\/et\/wp-json\/wp\/v2\/pages"}],"about":[{"href":"https:\/\/www.balther.net\/et\/wp-json\/wp\/v2\/types\/page"}],"author":[{"embeddable":true,"href":"https:\/\/www.balther.net\/et\/wp-json\/wp\/v2\/users\/5"}],"replies":[{"embeddable":true,"href":"https:\/\/www.balther.net\/et\/wp-json\/wp\/v2\/comments?post=425"}],"version-history":[{"count":10,"href":"https:\/\/www.balther.net\/et\/wp-json\/wp\/v2\/pages\/425\/revisions"}],"predecessor-version":[{"id":22723,"href":"https:\/\/www.balther.net\/et\/wp-json\/wp\/v2\/pages\/425\/revisions\/22723"}],"up":[{"embeddable":true,"href":"https:\/\/www.balther.net\/et\/wp-json\/wp\/v2\/pages\/419"}],"wp:attachment":[{"href":"https:\/\/www.balther.net\/et\/wp-json\/wp\/v2\/media?parent=425"}],"curies":[{"name":"wp","href":"https:\/\/api.w.org\/{rel}","templated":true}]}}