{"id":423,"date":"2015-12-22T20:28:42","date_gmt":"2015-12-22T20:28:42","guid":{"rendered":"http:\/\/uus.balther.net\/?page_id=423&#038;lang=et"},"modified":"2025-06-10T16:24:07","modified_gmt":"2025-06-10T13:24:07","slug":"juhatus-ja-liikmed","status":"publish","type":"page","link":"https:\/\/www.balther.net\/et\/balthernet\/mtu-balthernet\/juhatus-ja-liikmed\/","title":{"rendered":"Juhatus ja liikmed"},"content":{"rendered":"<p><span style=\"text-decoration: underline;\"><strong>Baltic Heritage Networki juhatus<\/strong><\/span><\/p>\n<p>Piret Noorhani (president, Eesti \u00d5ppet\u00f6\u00f6 Keskus, Toronto\/ V\u00e4liseesti Muuseum VEMU)<br \/>\nInese Kalnina (asepresident, L\u00e4ti Rahvusarhiiv)<br \/>\nJolanta&nbsp;&nbsp;Budri\u016bnien\u0117 (asepresident, Martynas Ma\u017evydase nimeline Leedu Rahvusraamatukogu)<br \/>\nKarin Kiisk (sekret\u00e4r, Eesti Rahva Muuseum)<br \/>\nBirgit Kibal (Eesti Rahvusarhiiv)<\/p>\n<p>&nbsp;<\/p>\n<p><span style=\"text-decoration: underline;\"><strong>Revisjonikomisjon<\/strong><\/span><\/p>\n<p>Tiiu Kravtsev (esinaine, Eesti Rahvusarhiiv)<br \/>\nRiina Reinvelt (Eesti Rahva Muuseum)<br \/>\nGristel Ramler (Eesti Rahvusarhiiv)<\/p>\n<p>&nbsp;<\/p>\n<hr>\n<p><span style=\"text-decoration: underline;\"><strong>Individuaalliikmed<\/strong><\/span><\/p>\n<p>1. Inese Auzina-Smith \u2013 L\u00e4ti Dokumentide Keskus ja Arhiiv<br \/>\n2. Maie Barrow \u2013 Eesti Arhiiv Austraalias<br \/>\n3. Kristine Bekere \u2013 L\u00e4ti \u00dclikool<br \/>\n4. Jolanta Budri\u016bnien\u0117 \u2013 Martynas Ma\u017evydase nimeline Leedu Rahvusraamatukogu<br \/>\n5. Ram\u016bnas \u010ci\u010delis \u2013 Vytautas Magnuse \u00dclikool<br \/>\n6. Dalia Cidzikait\u0117 \u2013 Martynas Ma\u017evydase nimeline Leedu Rahvusraamatukogu<br \/>\n7. Tim J. Douglas \u2013 V\u00e4liseesti Muuseum VEMU, Bibliograafia Klubi<br \/>\n8. Liisi Esse \u2013 Stanfordi \u00dclikooli Raamatukogud<br \/>\n9. Geert Franzenburg \u2013 DRAUDZIBA<br \/>\n10. David Jacobs (auliige)<br \/>\n11. Sander J\u00fcrisson<br \/>\n12. Inese Kalni\u0146a \u2013 L\u00e4ti Rahvusarhiiv<br \/>\n13. Terry Kass \u2013 Eesti Arhiiv Austraalias<br \/>\n14. Andris \u0136esteris (eluaegne liige) \u2013 L\u00e4ti Rahvusn\u00f5ukogu Kanadas<br \/>\n15. Birgit Kibal \u2013 Eesti Rahvusarhiiv<br \/>\n16. Merike Kiipus \u2013 Eesti Kirjandusmuuseum<br \/>\n17. Karin Kiisk \u2013 Eesti Rahva Muuseum<br \/>\n18. \u017dydron\u0117 Kolevinskien\u0117 &#8211; Leedu Haridusteaduste \u00dclikool<br \/>\n19. Anu Korb \u2013 Eesti Kirjandusmuuseum<br \/>\n20. Tiiu Kravtsev \u2013 Eesti Rahvusarhiiv<br \/>\n21. Lea Kreinin<br \/>\n22. Inga Kuljus \u2013 V\u00f5rumaa Keskraamatukogu<br \/>\n23. Kaja Kumer-Haukan\u00f5mm \u2013 Berni \u00dclikool<br \/>\n24. Jolanta Kuznecovien\u0117 \u2013 Leedu Tervisetaduste \u00dclikool<br \/>\n25. Krislin K\u00e4m\u00e4r\u00e4<br \/>\n26. Marin Laak \u2013 Eesti Kirjandusmuuseum<br \/>\n27. Maarja Merivoo-Parro \u2013 Jyv\u00e4skyl\u00e4 \u00dclikool<br \/>\n28. Anneli Mihkelev \u2013 Tallinna \u00dclikool<br \/>\n29. Piret Noorhani \u2013 V\u00e4liseesti Muuseum VEMU<br \/>\n30. Daina Pocius \u2013 Leedu Arhiiv Austraalias<br \/>\n31. Eve Punder<br \/>\n32. Raimo Raag (eluaegne liige) \u2013 Uppsala \u00dclikool<br \/>\n33. Gristel Ramler \u2013 Eesti Rahvusarhiiv<br \/>\n34. Riina Reinvelt \u2013 Eesti Rahva Muuseum<br \/>\n35. Tiiu Salasoo<br \/>\n36. Reet Sepp \u2013 V\u00e4liseesti Muuseum VEMU, Bibliograafia Klubi<br \/>\n37. Laura Talvineva \u2013 Uppsala \u00dclikool<br \/>\n38. Tiina Tamman<br \/>\n39. Villu Tari \u2013 Bostoni Eesti Selts<br \/>\n40. Ivi Tomingas \u2013 Eesti Rahvusarhiiv<br \/>\n41. Urve Toots \u2013 Eesti Arhiiv Rootsis<br \/>\n42. Ann Traitor \u2013 <span class=\"HwtZe\" lang=\"et\"><span class=\"jCAhz ChMk0b\"><span class=\"ryNqvb\">New Yorgi osariigi \u00fclikool Oneontas<\/span><\/span><\/span><br \/>\n43. Lisa Trei \u2013 Tallinna \u00dclikool<br \/>\n44. Ann T\u00fcndern-Smith \u2013 Eesti Arhiiv Austraalias<br \/>\n45. Marcus Velke \u2013 Bonni \u00dclikool<br \/>\n46. Madli Wiiburg Walfridsson \u2013 Rootsi Eestlaste Liit<\/p>\n<p><span style=\"text-decoration: underline;\"><strong>Kollektiivliikmed<\/strong><\/span><\/p>\n<p>47. Alberta Eesti Kultuurip\u00e4randi Selts<br \/>\n48. Eesti Arhiiv \u00dchendriikides<br \/>\n49. Eesti M\u00e4lu Instituut<br \/>\n50. V\u00e4liseesti Muuseum VEMU<\/p>\n","protected":false},"excerpt":{"rendered":"<p>Baltic Heritage Networki juhatus Piret Noorhani (president, Eesti \u00d5ppet\u00f6\u00f6 Keskus, Toronto\/ V\u00e4liseesti Muuseum VEMU) Inese Kalnina (asepresident, L\u00e4ti Rahvusarhiiv) Jolanta&nbsp;&nbsp;Budri\u016bnien\u0117 (asepresident, Martynas Ma\u017evydase nimeline Leedu Rahvusraamatukogu) Karin Kiisk (sekret\u00e4r, Eesti Rahva Muuseum) Birgit Kibal (Eesti Rahvusarhiiv) &nbsp; Revisjonikomisjon Tiiu Kravtsev (esinaine, Eesti Rahvusarhiiv) Riina Reinvelt (Eesti Rahva Muuseum) Gristel Ramler (Eesti Rahvusarhiiv) &nbsp; Individuaalliikmed 1. Inese Auzina-Smith \u2013 L\u00e4ti Dokumentide Keskus ja Arhiiv 2. Maie Barrow \u2013 Eesti Arhiiv Austraalias 3. Kristine Bekere \u2013 L\u00e4ti \u00dclikool 4. Jolanta Budri\u016bnien\u0117 \u2013 Martynas Ma\u017evydase nimeline Leedu Rahvusraamatukogu 5. Ram\u016bnas \u010ci\u010delis \u2013 Vytautas Magnuse \u00dclikool 6. Dalia Cidzikait\u0117 \u2013 Martynas Ma\u017evydase nimeline Leedu Rahvusraamatukogu 7. Tim J. Douglas \u2013 V\u00e4liseesti Muuseum VEMU, Bibliograafia Klubi 8. Liisi Esse \u2013 Stanfordi \u00dclikooli Raamatukogud 9. Geert Franzenburg \u2013 DRAUDZIBA 10. David Jacobs (auliige) 11. Sander J\u00fcrisson 12. Inese Kalni\u0146a \u2013 L\u00e4ti Rahvusarhiiv 13. Terry Kass \u2013 Eesti Arhiiv Austraalias 14. Andris \u0136esteris (eluaegne liige) \u2013 L\u00e4ti Rahvusn\u00f5ukogu Kanadas 15. Birgit Kibal \u2013 Eesti Rahvusarhiiv 16. Merike Kiipus \u2013 Eesti Kirjandusmuuseum 17. Karin Kiisk \u2013 Eesti Rahva Muuseum 18. \u017dydron\u0117 Kolevinskien\u0117 &#8211; Leedu Haridusteaduste \u00dclikool 19. Anu Korb \u2013 Eesti Kirjandusmuuseum 20. Tiiu Kravtsev \u2013 Eesti Rahvusarhiiv 21. Lea Kreinin 22. Inga Kuljus \u2013 V\u00f5rumaa Keskraamatukogu 23. Kaja Kumer-Haukan\u00f5mm \u2013 Berni \u00dclikool 24. Jolanta Kuznecovien\u0117 \u2013 Leedu Tervisetaduste \u00dclikool 25. Krislin K\u00e4m\u00e4r\u00e4 26. Marin Laak \u2013 Eesti Kirjandusmuuseum 27. Maarja Merivoo-Parro \u2013 Jyv\u00e4skyl\u00e4 \u00dclikool 28. Anneli Mihkelev \u2013 Tallinna \u00dclikool 29. Piret Noorhani \u2013 V\u00e4liseesti Muuseum VEMU 30. Daina Pocius \u2013 Leedu Arhiiv Austraalias 31. Eve Punder 32. Raimo Raag (eluaegne liige) \u2013 Uppsala \u00dclikool 33. Gristel Ramler \u2013 Eesti Rahvusarhiiv 34. Riina Reinvelt \u2013 Eesti Rahva Muuseum 35. Tiiu Salasoo 36. Reet Sepp \u2013 V\u00e4liseesti Muuseum VEMU, Bibliograafia Klubi 37. Laura Talvineva \u2013 Uppsala \u00dclikool 38. Tiina Tamman 39. Villu Tari \u2013 Bostoni Eesti Selts 40. Ivi Tomingas \u2013 Eesti Rahvusarhiiv 41. Urve Toots \u2013 Eesti Arhiiv Rootsis 42. Ann Traitor \u2013 New Yorgi osariigi \u00fclikool Oneontas 43. Lisa Trei \u2013 Tallinna \u00dclikool 44. Ann T\u00fcndern-Smith \u2013 Eesti Arhiiv Austraalias 45. Marcus Velke \u2013 Bonni \u00dclikool 46. Madli Wiiburg Walfridsson \u2013 Rootsi Eestlaste Liit Kollektiivliikmed 47. Alberta Eesti Kultuurip\u00e4randi Selts 48. Eesti Arhiiv \u00dchendriikides 49. Eesti M\u00e4lu Instituut 50. V\u00e4liseesti Muuseum VEMU<\/p>\n","protected":false},"author":5,"featured_media":0,"parent":419,"menu_order":2,"comment_status":"closed","ping_status":"closed","template":"","meta":{"_acf_changed":false,"_monsterinsights_skip_tracking":false,"_monsterinsights_sitenote_active":false,"_monsterinsights_sitenote_note":"","_monsterinsights_sitenote_category":0,"ngg_post_thumbnail":0,"footnotes":""},"class_list":["post-423","page","type-page","status-publish","hentry"],"acf":[],"yoast_head":"<!-- This site is optimized with the Yoast SEO plugin v24.2 - https:\/\/yoast.com\/wordpress\/plugins\/seo\/ -->\n<title>Juhatus ja liikmed - BaltHerNet<\/title>\n<meta name=\"robots\" content=\"index, follow, max-snippet:-1, max-image-preview:large, max-video-preview:-1\" \/>\n<link rel=\"canonical\" href=\"https:\/\/www.balther.net\/et\/balthernet\/mtu-balthernet\/juhatus-ja-liikmed\/\" \/>\n<meta property=\"og:locale\" content=\"et_EE\" \/>\n<meta property=\"og:type\" content=\"article\" \/>\n<meta property=\"og:title\" content=\"Juhatus ja liikmed - BaltHerNet\" \/>\n<meta property=\"og:description\" content=\"Baltic Heritage Networki juhatus Piret Noorhani (president, Eesti \u00d5ppet\u00f6\u00f6 Keskus, Toronto\/ V\u00e4liseesti Muuseum VEMU) Inese Kalnina (asepresident, L\u00e4ti Rahvusarhiiv) Jolanta&nbsp;&nbsp;Budri\u016bnien\u0117 (asepresident, Martynas Ma\u017evydase nimeline Leedu Rahvusraamatukogu) Karin Kiisk (sekret\u00e4r, Eesti Rahva Muuseum) Birgit Kibal (Eesti Rahvusarhiiv) &nbsp; Revisjonikomisjon Tiiu Kravtsev (esinaine, Eesti Rahvusarhiiv) Riina Reinvelt (Eesti Rahva Muuseum) Gristel Ramler (Eesti Rahvusarhiiv) &nbsp; Individuaalliikmed 1. Inese Auzina-Smith \u2013 L\u00e4ti Dokumentide Keskus ja Arhiiv 2. Maie Barrow \u2013 Eesti Arhiiv Austraalias 3. Kristine Bekere \u2013 L\u00e4ti \u00dclikool 4. Jolanta Budri\u016bnien\u0117 \u2013 Martynas Ma\u017evydase nimeline Leedu Rahvusraamatukogu 5. Ram\u016bnas \u010ci\u010delis \u2013 Vytautas Magnuse \u00dclikool 6. Dalia Cidzikait\u0117 \u2013 Martynas Ma\u017evydase nimeline Leedu Rahvusraamatukogu 7. Tim J. Douglas \u2013 V\u00e4liseesti Muuseum VEMU, Bibliograafia Klubi 8. Liisi Esse \u2013 Stanfordi \u00dclikooli Raamatukogud 9. Geert Franzenburg \u2013 DRAUDZIBA 10. David Jacobs (auliige) 11. Sander J\u00fcrisson 12. Inese Kalni\u0146a \u2013 L\u00e4ti Rahvusarhiiv 13. Terry Kass \u2013 Eesti Arhiiv Austraalias 14. Andris \u0136esteris (eluaegne liige) \u2013 L\u00e4ti Rahvusn\u00f5ukogu Kanadas 15. Birgit Kibal \u2013 Eesti Rahvusarhiiv 16. Merike Kiipus \u2013 Eesti Kirjandusmuuseum 17. Karin Kiisk \u2013 Eesti Rahva Muuseum 18. \u017dydron\u0117 Kolevinskien\u0117 &#8211; Leedu Haridusteaduste \u00dclikool 19. Anu Korb \u2013 Eesti Kirjandusmuuseum 20. Tiiu Kravtsev \u2013 Eesti Rahvusarhiiv 21. Lea Kreinin 22. Inga Kuljus \u2013 V\u00f5rumaa Keskraamatukogu 23. Kaja Kumer-Haukan\u00f5mm \u2013 Berni \u00dclikool 24. Jolanta Kuznecovien\u0117 \u2013 Leedu Tervisetaduste \u00dclikool 25. Krislin K\u00e4m\u00e4r\u00e4 26. Marin Laak \u2013 Eesti Kirjandusmuuseum 27. Maarja Merivoo-Parro \u2013 Jyv\u00e4skyl\u00e4 \u00dclikool 28. Anneli Mihkelev \u2013 Tallinna \u00dclikool 29. Piret Noorhani \u2013 V\u00e4liseesti Muuseum VEMU 30. Daina Pocius \u2013 Leedu Arhiiv Austraalias 31. Eve Punder 32. Raimo Raag (eluaegne liige) \u2013 Uppsala \u00dclikool 33. Gristel Ramler \u2013 Eesti Rahvusarhiiv 34. Riina Reinvelt \u2013 Eesti Rahva Muuseum 35. Tiiu Salasoo 36. Reet Sepp \u2013 V\u00e4liseesti Muuseum VEMU, Bibliograafia Klubi 37. Laura Talvineva \u2013 Uppsala \u00dclikool 38. Tiina Tamman 39. Villu Tari \u2013 Bostoni Eesti Selts 40. Ivi Tomingas \u2013 Eesti Rahvusarhiiv 41. Urve Toots \u2013 Eesti Arhiiv Rootsis 42. Ann Traitor \u2013 New Yorgi osariigi \u00fclikool Oneontas 43. Lisa Trei \u2013 Tallinna \u00dclikool 44. Ann T\u00fcndern-Smith \u2013 Eesti Arhiiv Austraalias 45. Marcus Velke \u2013 Bonni \u00dclikool 46. Madli Wiiburg Walfridsson \u2013 Rootsi Eestlaste Liit Kollektiivliikmed 47. Alberta Eesti Kultuurip\u00e4randi Selts 48. Eesti Arhiiv \u00dchendriikides 49. Eesti M\u00e4lu Instituut 50. V\u00e4liseesti Muuseum VEMU\" \/>\n<meta property=\"og:url\" content=\"https:\/\/www.balther.net\/et\/balthernet\/mtu-balthernet\/juhatus-ja-liikmed\/\" \/>\n<meta property=\"og:site_name\" content=\"BaltHerNet\" \/>\n<meta property=\"article:modified_time\" content=\"2025-06-10T13:24:07+00:00\" \/>\n<meta name=\"twitter:card\" content=\"summary_large_image\" \/>\n<meta name=\"twitter:label1\" content=\"Est. reading time\" \/>\n\t<meta name=\"twitter:data1\" content=\"2 minutit\" \/>\n<script type=\"application\/ld+json\" class=\"yoast-schema-graph\">{\"@context\":\"https:\/\/schema.org\",\"@graph\":[{\"@type\":\"WebPage\",\"@id\":\"https:\/\/www.balther.net\/et\/balthernet\/mtu-balthernet\/juhatus-ja-liikmed\/\",\"url\":\"https:\/\/www.balther.net\/et\/balthernet\/mtu-balthernet\/juhatus-ja-liikmed\/\",\"name\":\"Juhatus ja liikmed - BaltHerNet\",\"isPartOf\":{\"@id\":\"https:\/\/www.balther.net\/#website\"},\"datePublished\":\"2015-12-22T20:28:42+00:00\",\"dateModified\":\"2025-06-10T13:24:07+00:00\",\"breadcrumb\":{\"@id\":\"https:\/\/www.balther.net\/et\/balthernet\/mtu-balthernet\/juhatus-ja-liikmed\/#breadcrumb\"},\"inLanguage\":\"et\",\"potentialAction\":[{\"@type\":\"ReadAction\",\"target\":[\"https:\/\/www.balther.net\/et\/balthernet\/mtu-balthernet\/juhatus-ja-liikmed\/\"]}]},{\"@type\":\"BreadcrumbList\",\"@id\":\"https:\/\/www.balther.net\/et\/balthernet\/mtu-balthernet\/juhatus-ja-liikmed\/#breadcrumb\",\"itemListElement\":[{\"@type\":\"ListItem\",\"position\":1,\"name\":\"Home\",\"item\":\"https:\/\/www.balther.net\/et\/\"},{\"@type\":\"ListItem\",\"position\":2,\"name\":\"BaltHerNet\",\"item\":\"https:\/\/www.balther.net\/et\/balthernet\/\"},{\"@type\":\"ListItem\",\"position\":3,\"name\":\"MT\u00dc BaltHerNet\",\"item\":\"https:\/\/www.balther.net\/et\/balthernet\/mtu-balthernet\/\"},{\"@type\":\"ListItem\",\"position\":4,\"name\":\"Juhatus ja liikmed\"}]},{\"@type\":\"WebSite\",\"@id\":\"https:\/\/www.balther.net\/#website\",\"url\":\"https:\/\/www.balther.net\/\",\"name\":\"BaltHerNet\",\"description\":\"\",\"potentialAction\":[{\"@type\":\"SearchAction\",\"target\":{\"@type\":\"EntryPoint\",\"urlTemplate\":\"https:\/\/www.balther.net\/?s={search_term_string}\"},\"query-input\":{\"@type\":\"PropertyValueSpecification\",\"valueRequired\":true,\"valueName\":\"search_term_string\"}}],\"inLanguage\":\"et\"}]}<\/script>\n<!-- \/ Yoast SEO plugin. -->","yoast_head_json":{"title":"Juhatus ja liikmed - BaltHerNet","robots":{"index":"index","follow":"follow","max-snippet":"max-snippet:-1","max-image-preview":"max-image-preview:large","max-video-preview":"max-video-preview:-1"},"canonical":"https:\/\/www.balther.net\/et\/balthernet\/mtu-balthernet\/juhatus-ja-liikmed\/","og_locale":"et_EE","og_type":"article","og_title":"Juhatus ja liikmed - BaltHerNet","og_description":"Baltic Heritage Networki juhatus Piret Noorhani (president, Eesti \u00d5ppet\u00f6\u00f6 Keskus, Toronto\/ V\u00e4liseesti Muuseum VEMU) Inese Kalnina (asepresident, L\u00e4ti Rahvusarhiiv) Jolanta&nbsp;&nbsp;Budri\u016bnien\u0117 (asepresident, Martynas Ma\u017evydase nimeline Leedu Rahvusraamatukogu) Karin Kiisk (sekret\u00e4r, Eesti Rahva Muuseum) Birgit Kibal (Eesti Rahvusarhiiv) &nbsp; Revisjonikomisjon Tiiu Kravtsev (esinaine, Eesti Rahvusarhiiv) Riina Reinvelt (Eesti Rahva Muuseum) Gristel Ramler (Eesti Rahvusarhiiv) &nbsp; Individuaalliikmed 1. Inese Auzina-Smith \u2013 L\u00e4ti Dokumentide Keskus ja Arhiiv 2. Maie Barrow \u2013 Eesti Arhiiv Austraalias 3. Kristine Bekere \u2013 L\u00e4ti \u00dclikool 4. Jolanta Budri\u016bnien\u0117 \u2013 Martynas Ma\u017evydase nimeline Leedu Rahvusraamatukogu 5. Ram\u016bnas \u010ci\u010delis \u2013 Vytautas Magnuse \u00dclikool 6. Dalia Cidzikait\u0117 \u2013 Martynas Ma\u017evydase nimeline Leedu Rahvusraamatukogu 7. Tim J. Douglas \u2013 V\u00e4liseesti Muuseum VEMU, Bibliograafia Klubi 8. Liisi Esse \u2013 Stanfordi \u00dclikooli Raamatukogud 9. Geert Franzenburg \u2013 DRAUDZIBA 10. David Jacobs (auliige) 11. Sander J\u00fcrisson 12. Inese Kalni\u0146a \u2013 L\u00e4ti Rahvusarhiiv 13. Terry Kass \u2013 Eesti Arhiiv Austraalias 14. Andris \u0136esteris (eluaegne liige) \u2013 L\u00e4ti Rahvusn\u00f5ukogu Kanadas 15. Birgit Kibal \u2013 Eesti Rahvusarhiiv 16. Merike Kiipus \u2013 Eesti Kirjandusmuuseum 17. Karin Kiisk \u2013 Eesti Rahva Muuseum 18. \u017dydron\u0117 Kolevinskien\u0117 &#8211; Leedu Haridusteaduste \u00dclikool 19. Anu Korb \u2013 Eesti Kirjandusmuuseum 20. Tiiu Kravtsev \u2013 Eesti Rahvusarhiiv 21. Lea Kreinin 22. Inga Kuljus \u2013 V\u00f5rumaa Keskraamatukogu 23. Kaja Kumer-Haukan\u00f5mm \u2013 Berni \u00dclikool 24. Jolanta Kuznecovien\u0117 \u2013 Leedu Tervisetaduste \u00dclikool 25. Krislin K\u00e4m\u00e4r\u00e4 26. Marin Laak \u2013 Eesti Kirjandusmuuseum 27. Maarja Merivoo-Parro \u2013 Jyv\u00e4skyl\u00e4 \u00dclikool 28. Anneli Mihkelev \u2013 Tallinna \u00dclikool 29. Piret Noorhani \u2013 V\u00e4liseesti Muuseum VEMU 30. Daina Pocius \u2013 Leedu Arhiiv Austraalias 31. Eve Punder 32. Raimo Raag (eluaegne liige) \u2013 Uppsala \u00dclikool 33. Gristel Ramler \u2013 Eesti Rahvusarhiiv 34. Riina Reinvelt \u2013 Eesti Rahva Muuseum 35. Tiiu Salasoo 36. Reet Sepp \u2013 V\u00e4liseesti Muuseum VEMU, Bibliograafia Klubi 37. Laura Talvineva \u2013 Uppsala \u00dclikool 38. Tiina Tamman 39. Villu Tari \u2013 Bostoni Eesti Selts 40. Ivi Tomingas \u2013 Eesti Rahvusarhiiv 41. Urve Toots \u2013 Eesti Arhiiv Rootsis 42. Ann Traitor \u2013 New Yorgi osariigi \u00fclikool Oneontas 43. Lisa Trei \u2013 Tallinna \u00dclikool 44. Ann T\u00fcndern-Smith \u2013 Eesti Arhiiv Austraalias 45. Marcus Velke \u2013 Bonni \u00dclikool 46. Madli Wiiburg Walfridsson \u2013 Rootsi Eestlaste Liit Kollektiivliikmed 47. Alberta Eesti Kultuurip\u00e4randi Selts 48. Eesti Arhiiv \u00dchendriikides 49. Eesti M\u00e4lu Instituut 50. V\u00e4liseesti Muuseum VEMU","og_url":"https:\/\/www.balther.net\/et\/balthernet\/mtu-balthernet\/juhatus-ja-liikmed\/","og_site_name":"BaltHerNet","article_modified_time":"2025-06-10T13:24:07+00:00","twitter_card":"summary_large_image","twitter_misc":{"Est. reading time":"2 minutit"},"schema":{"@context":"https:\/\/schema.org","@graph":[{"@type":"WebPage","@id":"https:\/\/www.balther.net\/et\/balthernet\/mtu-balthernet\/juhatus-ja-liikmed\/","url":"https:\/\/www.balther.net\/et\/balthernet\/mtu-balthernet\/juhatus-ja-liikmed\/","name":"Juhatus ja liikmed - BaltHerNet","isPartOf":{"@id":"https:\/\/www.balther.net\/#website"},"datePublished":"2015-12-22T20:28:42+00:00","dateModified":"2025-06-10T13:24:07+00:00","breadcrumb":{"@id":"https:\/\/www.balther.net\/et\/balthernet\/mtu-balthernet\/juhatus-ja-liikmed\/#breadcrumb"},"inLanguage":"et","potentialAction":[{"@type":"ReadAction","target":["https:\/\/www.balther.net\/et\/balthernet\/mtu-balthernet\/juhatus-ja-liikmed\/"]}]},{"@type":"BreadcrumbList","@id":"https:\/\/www.balther.net\/et\/balthernet\/mtu-balthernet\/juhatus-ja-liikmed\/#breadcrumb","itemListElement":[{"@type":"ListItem","position":1,"name":"Home","item":"https:\/\/www.balther.net\/et\/"},{"@type":"ListItem","position":2,"name":"BaltHerNet","item":"https:\/\/www.balther.net\/et\/balthernet\/"},{"@type":"ListItem","position":3,"name":"MT\u00dc BaltHerNet","item":"https:\/\/www.balther.net\/et\/balthernet\/mtu-balthernet\/"},{"@type":"ListItem","position":4,"name":"Juhatus ja liikmed"}]},{"@type":"WebSite","@id":"https:\/\/www.balther.net\/#website","url":"https:\/\/www.balther.net\/","name":"BaltHerNet","description":"","potentialAction":[{"@type":"SearchAction","target":{"@type":"EntryPoint","urlTemplate":"https:\/\/www.balther.net\/?s={search_term_string}"},"query-input":{"@type":"PropertyValueSpecification","valueRequired":true,"valueName":"search_term_string"}}],"inLanguage":"et"}]}},"_links":{"self":[{"href":"https:\/\/www.balther.net\/et\/wp-json\/wp\/v2\/pages\/423","targetHints":{"allow":["GET"]}}],"collection":[{"href":"https:\/\/www.balther.net\/et\/wp-json\/wp\/v2\/pages"}],"about":[{"href":"https:\/\/www.balther.net\/et\/wp-json\/wp\/v2\/types\/page"}],"author":[{"embeddable":true,"href":"https:\/\/www.balther.net\/et\/wp-json\/wp\/v2\/users\/5"}],"replies":[{"embeddable":true,"href":"https:\/\/www.balther.net\/et\/wp-json\/wp\/v2\/comments?post=423"}],"version-history":[{"count":28,"href":"https:\/\/www.balther.net\/et\/wp-json\/wp\/v2\/pages\/423\/revisions"}],"predecessor-version":[{"id":24448,"href":"https:\/\/www.balther.net\/et\/wp-json\/wp\/v2\/pages\/423\/revisions\/24448"}],"up":[{"embeddable":true,"href":"https:\/\/www.balther.net\/et\/wp-json\/wp\/v2\/pages\/419"}],"wp:attachment":[{"href":"https:\/\/www.balther.net\/et\/wp-json\/wp\/v2\/media?parent=423"}],"curies":[{"name":"wp","href":"https:\/\/api.w.org\/{rel}","templated":true}]}}