{"id":419,"date":"2015-12-22T20:26:23","date_gmt":"2015-12-22T20:26:23","guid":{"rendered":"http:\/\/uus.balther.net\/?page_id=419&#038;lang=et"},"modified":"2016-01-14T14:45:57","modified_gmt":"2016-01-14T14:45:57","slug":"mtu-balthernet","status":"publish","type":"page","link":"https:\/\/www.balther.net\/et\/balthernet\/mtu-balthernet\/","title":{"rendered":"MT\u00dc BaltHerNet"},"content":{"rendered":"<div id=\"ArticlesContainer\"><strong>MT\u00dc Baltic Heritage Network asutati Tartus 11. jaanuaril 2008<br \/>\n<\/strong><br \/>\nMT\u00dc BaltHerNet eesm\u00e4rgiks on arendada koost\u00f6\u00f6d Balti diasporaa kultuuriv\u00e4\u00e4rtusi koguvate ja uurivate riiklike ja eraarhiivide, muuseumide ja raamatukogude, teadusasutuste, rahva\u00fchenduste ja organisatsioonide vahel, et tagada ajalooliselt v\u00e4\u00e4rtuslike Balti diasporaa kultuuriv\u00e4\u00e4rtuste s\u00e4ilimine, uurimine ja avalikkusele k\u00e4ttesaadavus.MT\u00dc BaltHerNet arendab rahvusvahelisi ja siseriiklikke koost\u00f6\u00f6v\u00f5rgustikke, haldab ja arendab Balti diasporaa kultuurip\u00e4randi infoportaali Baltic Heritage Network, korraldab konverentse, seminare ja koolitusi.<\/p>\n<\/div>\n<p>&nbsp;<\/p>\n<p>&nbsp;<\/p>\n<div><\/div>\n<div><\/div>\n","protected":false},"excerpt":{"rendered":"<p>MT\u00dc Baltic Heritage Network asutati Tartus 11. jaanuaril 2008 MT\u00dc BaltHerNet eesm\u00e4rgiks on arendada koost\u00f6\u00f6d Balti diasporaa kultuuriv\u00e4\u00e4rtusi koguvate ja uurivate riiklike ja eraarhiivide, muuseumide ja raamatukogude, teadusasutuste, rahva\u00fchenduste ja organisatsioonide vahel, et tagada ajalooliselt v\u00e4\u00e4rtuslike Balti diasporaa kultuuriv\u00e4\u00e4rtuste s\u00e4ilimine, uurimine ja avalikkusele k\u00e4ttesaadavus.MT\u00dc BaltHerNet arendab rahvusvahelisi ja siseriiklikke koost\u00f6\u00f6v\u00f5rgustikke, haldab ja arendab Balti diasporaa kultuurip\u00e4randi infoportaali Baltic Heritage Network, korraldab konverentse, seminare ja koolitusi. &nbsp; &nbsp;<\/p>\n","protected":false},"author":5,"featured_media":0,"parent":354,"menu_order":2,"comment_status":"closed","ping_status":"closed","template":"","meta":{"_acf_changed":false,"_monsterinsights_skip_tracking":false,"_monsterinsights_sitenote_active":false,"_monsterinsights_sitenote_note":"","_monsterinsights_sitenote_category":0,"ngg_post_thumbnail":0,"footnotes":""},"class_list":["post-419","page","type-page","status-publish","hentry"],"acf":[],"yoast_head":"<!-- This site is optimized with the Yoast SEO plugin v24.2 - https:\/\/yoast.com\/wordpress\/plugins\/seo\/ -->\n<title>MT\u00dc BaltHerNet - BaltHerNet<\/title>\n<meta name=\"robots\" content=\"index, follow, max-snippet:-1, max-image-preview:large, max-video-preview:-1\" \/>\n<link rel=\"canonical\" href=\"https:\/\/www.balther.net\/et\/balthernet\/mtu-balthernet\/\" \/>\n<meta property=\"og:locale\" content=\"et_EE\" \/>\n<meta property=\"og:type\" content=\"article\" \/>\n<meta property=\"og:title\" content=\"MT\u00dc BaltHerNet - BaltHerNet\" \/>\n<meta property=\"og:description\" content=\"MT\u00dc Baltic Heritage Network asutati Tartus 11. jaanuaril 2008 MT\u00dc BaltHerNet eesm\u00e4rgiks on arendada koost\u00f6\u00f6d Balti diasporaa kultuuriv\u00e4\u00e4rtusi koguvate ja uurivate riiklike ja eraarhiivide, muuseumide ja raamatukogude, teadusasutuste, rahva\u00fchenduste ja organisatsioonide vahel, et tagada ajalooliselt v\u00e4\u00e4rtuslike Balti diasporaa kultuuriv\u00e4\u00e4rtuste s\u00e4ilimine, uurimine ja avalikkusele k\u00e4ttesaadavus.MT\u00dc BaltHerNet arendab rahvusvahelisi ja siseriiklikke koost\u00f6\u00f6v\u00f5rgustikke, haldab ja arendab Balti diasporaa kultuurip\u00e4randi infoportaali Baltic Heritage Network, korraldab konverentse, seminare ja koolitusi. &nbsp; &nbsp;\" \/>\n<meta property=\"og:url\" content=\"https:\/\/www.balther.net\/et\/balthernet\/mtu-balthernet\/\" \/>\n<meta property=\"og:site_name\" content=\"BaltHerNet\" \/>\n<meta property=\"article:modified_time\" content=\"2016-01-14T14:45:57+00:00\" \/>\n<meta name=\"twitter:card\" content=\"summary_large_image\" \/>\n<script type=\"application\/ld+json\" class=\"yoast-schema-graph\">{\"@context\":\"https:\/\/schema.org\",\"@graph\":[{\"@type\":\"WebPage\",\"@id\":\"https:\/\/www.balther.net\/et\/balthernet\/mtu-balthernet\/\",\"url\":\"https:\/\/www.balther.net\/et\/balthernet\/mtu-balthernet\/\",\"name\":\"MT\u00dc BaltHerNet - BaltHerNet\",\"isPartOf\":{\"@id\":\"https:\/\/www.balther.net\/#website\"},\"datePublished\":\"2015-12-22T20:26:23+00:00\",\"dateModified\":\"2016-01-14T14:45:57+00:00\",\"breadcrumb\":{\"@id\":\"https:\/\/www.balther.net\/et\/balthernet\/mtu-balthernet\/#breadcrumb\"},\"inLanguage\":\"et\",\"potentialAction\":[{\"@type\":\"ReadAction\",\"target\":[\"https:\/\/www.balther.net\/et\/balthernet\/mtu-balthernet\/\"]}]},{\"@type\":\"BreadcrumbList\",\"@id\":\"https:\/\/www.balther.net\/et\/balthernet\/mtu-balthernet\/#breadcrumb\",\"itemListElement\":[{\"@type\":\"ListItem\",\"position\":1,\"name\":\"Home\",\"item\":\"https:\/\/www.balther.net\/et\/\"},{\"@type\":\"ListItem\",\"position\":2,\"name\":\"BaltHerNet\",\"item\":\"https:\/\/www.balther.net\/et\/balthernet\/\"},{\"@type\":\"ListItem\",\"position\":3,\"name\":\"MT\u00dc BaltHerNet\"}]},{\"@type\":\"WebSite\",\"@id\":\"https:\/\/www.balther.net\/#website\",\"url\":\"https:\/\/www.balther.net\/\",\"name\":\"BaltHerNet\",\"description\":\"\",\"potentialAction\":[{\"@type\":\"SearchAction\",\"target\":{\"@type\":\"EntryPoint\",\"urlTemplate\":\"https:\/\/www.balther.net\/?s={search_term_string}\"},\"query-input\":{\"@type\":\"PropertyValueSpecification\",\"valueRequired\":true,\"valueName\":\"search_term_string\"}}],\"inLanguage\":\"et\"}]}<\/script>\n<!-- \/ Yoast SEO plugin. -->","yoast_head_json":{"title":"MT\u00dc BaltHerNet - BaltHerNet","robots":{"index":"index","follow":"follow","max-snippet":"max-snippet:-1","max-image-preview":"max-image-preview:large","max-video-preview":"max-video-preview:-1"},"canonical":"https:\/\/www.balther.net\/et\/balthernet\/mtu-balthernet\/","og_locale":"et_EE","og_type":"article","og_title":"MT\u00dc BaltHerNet - BaltHerNet","og_description":"MT\u00dc Baltic Heritage Network asutati Tartus 11. jaanuaril 2008 MT\u00dc BaltHerNet eesm\u00e4rgiks on arendada koost\u00f6\u00f6d Balti diasporaa kultuuriv\u00e4\u00e4rtusi koguvate ja uurivate riiklike ja eraarhiivide, muuseumide ja raamatukogude, teadusasutuste, rahva\u00fchenduste ja organisatsioonide vahel, et tagada ajalooliselt v\u00e4\u00e4rtuslike Balti diasporaa kultuuriv\u00e4\u00e4rtuste s\u00e4ilimine, uurimine ja avalikkusele k\u00e4ttesaadavus.MT\u00dc BaltHerNet arendab rahvusvahelisi ja siseriiklikke koost\u00f6\u00f6v\u00f5rgustikke, haldab ja arendab Balti diasporaa kultuurip\u00e4randi infoportaali Baltic Heritage Network, korraldab konverentse, seminare ja koolitusi. &nbsp; &nbsp;","og_url":"https:\/\/www.balther.net\/et\/balthernet\/mtu-balthernet\/","og_site_name":"BaltHerNet","article_modified_time":"2016-01-14T14:45:57+00:00","twitter_card":"summary_large_image","schema":{"@context":"https:\/\/schema.org","@graph":[{"@type":"WebPage","@id":"https:\/\/www.balther.net\/et\/balthernet\/mtu-balthernet\/","url":"https:\/\/www.balther.net\/et\/balthernet\/mtu-balthernet\/","name":"MT\u00dc BaltHerNet - BaltHerNet","isPartOf":{"@id":"https:\/\/www.balther.net\/#website"},"datePublished":"2015-12-22T20:26:23+00:00","dateModified":"2016-01-14T14:45:57+00:00","breadcrumb":{"@id":"https:\/\/www.balther.net\/et\/balthernet\/mtu-balthernet\/#breadcrumb"},"inLanguage":"et","potentialAction":[{"@type":"ReadAction","target":["https:\/\/www.balther.net\/et\/balthernet\/mtu-balthernet\/"]}]},{"@type":"BreadcrumbList","@id":"https:\/\/www.balther.net\/et\/balthernet\/mtu-balthernet\/#breadcrumb","itemListElement":[{"@type":"ListItem","position":1,"name":"Home","item":"https:\/\/www.balther.net\/et\/"},{"@type":"ListItem","position":2,"name":"BaltHerNet","item":"https:\/\/www.balther.net\/et\/balthernet\/"},{"@type":"ListItem","position":3,"name":"MT\u00dc BaltHerNet"}]},{"@type":"WebSite","@id":"https:\/\/www.balther.net\/#website","url":"https:\/\/www.balther.net\/","name":"BaltHerNet","description":"","potentialAction":[{"@type":"SearchAction","target":{"@type":"EntryPoint","urlTemplate":"https:\/\/www.balther.net\/?s={search_term_string}"},"query-input":{"@type":"PropertyValueSpecification","valueRequired":true,"valueName":"search_term_string"}}],"inLanguage":"et"}]}},"_links":{"self":[{"href":"https:\/\/www.balther.net\/et\/wp-json\/wp\/v2\/pages\/419","targetHints":{"allow":["GET"]}}],"collection":[{"href":"https:\/\/www.balther.net\/et\/wp-json\/wp\/v2\/pages"}],"about":[{"href":"https:\/\/www.balther.net\/et\/wp-json\/wp\/v2\/types\/page"}],"author":[{"embeddable":true,"href":"https:\/\/www.balther.net\/et\/wp-json\/wp\/v2\/users\/5"}],"replies":[{"embeddable":true,"href":"https:\/\/www.balther.net\/et\/wp-json\/wp\/v2\/comments?post=419"}],"version-history":[{"count":3,"href":"https:\/\/www.balther.net\/et\/wp-json\/wp\/v2\/pages\/419\/revisions"}],"predecessor-version":[{"id":2612,"href":"https:\/\/www.balther.net\/et\/wp-json\/wp\/v2\/pages\/419\/revisions\/2612"}],"up":[{"embeddable":true,"href":"https:\/\/www.balther.net\/et\/wp-json\/wp\/v2\/pages\/354"}],"wp:attachment":[{"href":"https:\/\/www.balther.net\/et\/wp-json\/wp\/v2\/media?parent=419"}],"curies":[{"name":"wp","href":"https:\/\/api.w.org\/{rel}","templated":true}]}}