{"id":4066,"date":"2016-02-24T20:57:29","date_gmt":"2016-02-24T20:57:29","guid":{"rendered":"http:\/\/uus.balther.net\/et\/?page_id=4066"},"modified":"2016-02-24T21:02:54","modified_gmt":"2016-02-24T21:02:54","slug":"infopaev-new-yorgis-30-oktoobril-2010-ja-eau-kulastus","status":"publish","type":"page","link":"https:\/\/www.balther.net\/et\/kroonika\/fotogaleriid\/2010-2\/infopaev-new-yorgis-30-oktoobril-2010-ja-eau-kulastus\/","title":{"rendered":"Infop\u00e4ev New Yorgis 30.oktoobril 2010 ja EA\u00dc k\u00fclastus"},"content":{"rendered":"<h5>Infop\u00e4ev New Yorgis 30.oktoobril 2010 ja EA\u00dc k\u00fclastus<\/h5>\n<p style=\"text-align: justify;\"><a href=\"http:\/\/www.balther.net\/wp-content\/uploads\/2016\/02\/IMGP8485.jpg\" rel=\"attachment wp-att-4071\" data-rel=\"lightbox-image-0\" data-rl_title=\"\" data-rl_caption=\"\" title=\"\"><img loading=\"lazy\" decoding=\"async\" class=\"alignnone size-medium wp-image-4071\" src=\"http:\/\/www.balther.net\/wp-content\/uploads\/2016\/02\/IMGP8485-225x300.jpg\" alt=\"IMGP8485\" width=\"225\" height=\"300\" srcset=\"https:\/\/www.balther.net\/wp-content\/uploads\/2016\/02\/IMGP8485-225x300.jpg 225w, https:\/\/www.balther.net\/wp-content\/uploads\/2016\/02\/IMGP8485-243x324.jpg 243w, https:\/\/www.balther.net\/wp-content\/uploads\/2016\/02\/IMGP8485.jpg 450w\" sizes=\"auto, (max-width: 225px) 100vw, 225px\" \/><\/a> <a href=\"http:\/\/www.balther.net\/wp-content\/uploads\/2016\/02\/IMGP8490.jpg\" rel=\"attachment wp-att-4072\" data-rel=\"lightbox-image-1\" data-rl_title=\"\" data-rl_caption=\"\" title=\"\"><img loading=\"lazy\" decoding=\"async\" class=\"alignnone size-medium wp-image-4072\" src=\"http:\/\/www.balther.net\/wp-content\/uploads\/2016\/02\/IMGP8490-300x225.jpg\" alt=\"IMGP8490\" width=\"300\" height=\"225\" srcset=\"https:\/\/www.balther.net\/wp-content\/uploads\/2016\/02\/IMGP8490-300x225.jpg 300w, https:\/\/www.balther.net\/wp-content\/uploads\/2016\/02\/IMGP8490-432x324.jpg 432w, https:\/\/www.balther.net\/wp-content\/uploads\/2016\/02\/IMGP8490.jpg 600w\" sizes=\"auto, (max-width: 300px) 100vw, 300px\" \/><\/a> <a href=\"http:\/\/www.balther.net\/wp-content\/uploads\/2016\/02\/IMGP8491.jpg\" rel=\"attachment wp-att-4073\" data-rel=\"lightbox-image-2\" data-rl_title=\"\" data-rl_caption=\"\" title=\"\"><img loading=\"lazy\" decoding=\"async\" class=\"alignnone size-medium wp-image-4073\" src=\"http:\/\/www.balther.net\/wp-content\/uploads\/2016\/02\/IMGP8491-300x225.jpg\" alt=\"IMGP8491\" width=\"300\" height=\"225\" srcset=\"https:\/\/www.balther.net\/wp-content\/uploads\/2016\/02\/IMGP8491-300x225.jpg 300w, https:\/\/www.balther.net\/wp-content\/uploads\/2016\/02\/IMGP8491-432x324.jpg 432w, https:\/\/www.balther.net\/wp-content\/uploads\/2016\/02\/IMGP8491.jpg 600w\" sizes=\"auto, (max-width: 300px) 100vw, 300px\" \/><\/a> <a href=\"http:\/\/www.balther.net\/wp-content\/uploads\/2016\/02\/IMGP8494.jpg\" rel=\"attachment wp-att-4074\" data-rel=\"lightbox-image-3\" data-rl_title=\"\" data-rl_caption=\"\" title=\"\"><img loading=\"lazy\" decoding=\"async\" class=\"alignnone size-medium wp-image-4074\" src=\"http:\/\/www.balther.net\/wp-content\/uploads\/2016\/02\/IMGP8494-300x225.jpg\" alt=\"IMGP8494\" width=\"300\" height=\"225\" srcset=\"https:\/\/www.balther.net\/wp-content\/uploads\/2016\/02\/IMGP8494-300x225.jpg 300w, https:\/\/www.balther.net\/wp-content\/uploads\/2016\/02\/IMGP8494-432x324.jpg 432w, https:\/\/www.balther.net\/wp-content\/uploads\/2016\/02\/IMGP8494.jpg 600w\" sizes=\"auto, (max-width: 300px) 100vw, 300px\" \/><\/a> <a href=\"http:\/\/www.balther.net\/wp-content\/uploads\/2016\/02\/IMGP8496.jpg\" rel=\"attachment wp-att-4075\" data-rel=\"lightbox-image-4\" data-rl_title=\"\" data-rl_caption=\"\" title=\"\"><img loading=\"lazy\" decoding=\"async\" class=\"alignnone size-medium wp-image-4075\" src=\"http:\/\/www.balther.net\/wp-content\/uploads\/2016\/02\/IMGP8496-300x225.jpg\" alt=\"IMGP8496\" width=\"300\" height=\"225\" srcset=\"https:\/\/www.balther.net\/wp-content\/uploads\/2016\/02\/IMGP8496-300x225.jpg 300w, https:\/\/www.balther.net\/wp-content\/uploads\/2016\/02\/IMGP8496-432x324.jpg 432w, https:\/\/www.balther.net\/wp-content\/uploads\/2016\/02\/IMGP8496.jpg 600w\" sizes=\"auto, (max-width: 300px) 100vw, 300px\" \/><\/a> <a href=\"http:\/\/www.balther.net\/wp-content\/uploads\/2016\/02\/IMGP8497.jpg\" rel=\"attachment wp-att-4076\" data-rel=\"lightbox-image-5\" data-rl_title=\"\" data-rl_caption=\"\" title=\"\"><img loading=\"lazy\" decoding=\"async\" class=\"alignnone size-medium wp-image-4076\" src=\"http:\/\/www.balther.net\/wp-content\/uploads\/2016\/02\/IMGP8497-300x225.jpg\" alt=\"IMGP8497\" width=\"300\" height=\"225\" srcset=\"https:\/\/www.balther.net\/wp-content\/uploads\/2016\/02\/IMGP8497-300x225.jpg 300w, https:\/\/www.balther.net\/wp-content\/uploads\/2016\/02\/IMGP8497-432x324.jpg 432w, https:\/\/www.balther.net\/wp-content\/uploads\/2016\/02\/IMGP8497.jpg 600w\" sizes=\"auto, (max-width: 300px) 100vw, 300px\" \/><\/a> <a href=\"http:\/\/www.balther.net\/wp-content\/uploads\/2016\/02\/IMGP8501.jpg\" rel=\"attachment wp-att-4077\" data-rel=\"lightbox-image-6\" data-rl_title=\"\" data-rl_caption=\"\" title=\"\"><img loading=\"lazy\" decoding=\"async\" class=\"alignnone size-medium wp-image-4077\" src=\"http:\/\/www.balther.net\/wp-content\/uploads\/2016\/02\/IMGP8501-300x225.jpg\" alt=\"IMGP8501\" width=\"300\" height=\"225\" srcset=\"https:\/\/www.balther.net\/wp-content\/uploads\/2016\/02\/IMGP8501-300x225.jpg 300w, https:\/\/www.balther.net\/wp-content\/uploads\/2016\/02\/IMGP8501-432x324.jpg 432w, https:\/\/www.balther.net\/wp-content\/uploads\/2016\/02\/IMGP8501.jpg 600w\" sizes=\"auto, (max-width: 300px) 100vw, 300px\" \/><\/a> <a href=\"http:\/\/www.balther.net\/wp-content\/uploads\/2016\/02\/IMGP8502.jpg\" rel=\"attachment wp-att-4078\" data-rel=\"lightbox-image-7\" data-rl_title=\"\" data-rl_caption=\"\" title=\"\"><img loading=\"lazy\" decoding=\"async\" class=\"alignnone size-medium wp-image-4078\" src=\"http:\/\/www.balther.net\/wp-content\/uploads\/2016\/02\/IMGP8502-300x225.jpg\" alt=\"IMGP8502\" width=\"300\" height=\"225\" srcset=\"https:\/\/www.balther.net\/wp-content\/uploads\/2016\/02\/IMGP8502-300x225.jpg 300w, https:\/\/www.balther.net\/wp-content\/uploads\/2016\/02\/IMGP8502-432x324.jpg 432w, https:\/\/www.balther.net\/wp-content\/uploads\/2016\/02\/IMGP8502.jpg 600w\" sizes=\"auto, (max-width: 300px) 100vw, 300px\" \/><\/a> <a href=\"http:\/\/www.balther.net\/wp-content\/uploads\/2016\/02\/IMGP8504.jpg\" rel=\"attachment wp-att-4079\" data-rel=\"lightbox-image-8\" data-rl_title=\"\" data-rl_caption=\"\" title=\"\"><img loading=\"lazy\" decoding=\"async\" class=\"alignnone size-medium wp-image-4079\" src=\"http:\/\/www.balther.net\/wp-content\/uploads\/2016\/02\/IMGP8504-300x225.jpg\" alt=\"IMGP8504\" width=\"300\" height=\"225\" srcset=\"https:\/\/www.balther.net\/wp-content\/uploads\/2016\/02\/IMGP8504-300x225.jpg 300w, https:\/\/www.balther.net\/wp-content\/uploads\/2016\/02\/IMGP8504-432x324.jpg 432w, https:\/\/www.balther.net\/wp-content\/uploads\/2016\/02\/IMGP8504.jpg 600w\" sizes=\"auto, (max-width: 300px) 100vw, 300px\" \/><\/a> <a href=\"http:\/\/www.balther.net\/wp-content\/uploads\/2016\/02\/IMGP8509.jpg\" rel=\"attachment wp-att-4080\" data-rel=\"lightbox-image-9\" data-rl_title=\"\" data-rl_caption=\"\" title=\"\"><img loading=\"lazy\" decoding=\"async\" class=\"alignnone size-medium wp-image-4080\" src=\"http:\/\/www.balther.net\/wp-content\/uploads\/2016\/02\/IMGP8509-225x300.jpg\" alt=\"IMGP8509\" width=\"225\" height=\"300\" srcset=\"https:\/\/www.balther.net\/wp-content\/uploads\/2016\/02\/IMGP8509-225x300.jpg 225w, https:\/\/www.balther.net\/wp-content\/uploads\/2016\/02\/IMGP8509-243x324.jpg 243w, https:\/\/www.balther.net\/wp-content\/uploads\/2016\/02\/IMGP8509.jpg 450w\" sizes=\"auto, (max-width: 225px) 100vw, 225px\" \/><\/a> <a href=\"http:\/\/www.balther.net\/wp-content\/uploads\/2016\/02\/IMGP8513.jpg\" rel=\"attachment wp-att-4081\" data-rel=\"lightbox-image-10\" data-rl_title=\"\" data-rl_caption=\"\" title=\"\"><img loading=\"lazy\" decoding=\"async\" class=\"alignnone size-medium wp-image-4081\" src=\"http:\/\/www.balther.net\/wp-content\/uploads\/2016\/02\/IMGP8513-300x225.jpg\" alt=\"IMGP8513\" width=\"300\" height=\"225\" srcset=\"https:\/\/www.balther.net\/wp-content\/uploads\/2016\/02\/IMGP8513-300x225.jpg 300w, https:\/\/www.balther.net\/wp-content\/uploads\/2016\/02\/IMGP8513-432x324.jpg 432w, https:\/\/www.balther.net\/wp-content\/uploads\/2016\/02\/IMGP8513.jpg 600w\" sizes=\"auto, (max-width: 300px) 100vw, 300px\" \/><\/a> <a href=\"http:\/\/www.balther.net\/wp-content\/uploads\/2016\/02\/IMGP8519.jpg\" rel=\"attachment wp-att-4082\" data-rel=\"lightbox-image-11\" data-rl_title=\"\" data-rl_caption=\"\" title=\"\"><img loading=\"lazy\" decoding=\"async\" class=\"alignnone size-medium wp-image-4082\" src=\"http:\/\/www.balther.net\/wp-content\/uploads\/2016\/02\/IMGP8519-300x225.jpg\" alt=\"IMGP8519\" width=\"300\" height=\"225\" srcset=\"https:\/\/www.balther.net\/wp-content\/uploads\/2016\/02\/IMGP8519-300x225.jpg 300w, https:\/\/www.balther.net\/wp-content\/uploads\/2016\/02\/IMGP8519-432x324.jpg 432w, https:\/\/www.balther.net\/wp-content\/uploads\/2016\/02\/IMGP8519.jpg 600w\" sizes=\"auto, (max-width: 300px) 100vw, 300px\" \/><\/a> <a href=\"http:\/\/www.balther.net\/wp-content\/uploads\/2016\/02\/IMGP8521.jpg\" rel=\"attachment wp-att-4083\" data-rel=\"lightbox-image-12\" data-rl_title=\"\" data-rl_caption=\"\" title=\"\"><img loading=\"lazy\" decoding=\"async\" class=\"alignnone size-medium wp-image-4083\" src=\"http:\/\/www.balther.net\/wp-content\/uploads\/2016\/02\/IMGP8521-300x225.jpg\" alt=\"IMGP8521\" width=\"300\" height=\"225\" srcset=\"https:\/\/www.balther.net\/wp-content\/uploads\/2016\/02\/IMGP8521-300x225.jpg 300w, https:\/\/www.balther.net\/wp-content\/uploads\/2016\/02\/IMGP8521-432x324.jpg 432w, https:\/\/www.balther.net\/wp-content\/uploads\/2016\/02\/IMGP8521.jpg 600w\" sizes=\"auto, (max-width: 300px) 100vw, 300px\" \/><\/a> <a href=\"http:\/\/www.balther.net\/wp-content\/uploads\/2016\/02\/IMGP8541.jpg\" rel=\"attachment wp-att-4084\" data-rel=\"lightbox-image-13\" data-rl_title=\"\" data-rl_caption=\"\" title=\"\"><img loading=\"lazy\" decoding=\"async\" class=\"alignnone size-medium wp-image-4084\" src=\"http:\/\/www.balther.net\/wp-content\/uploads\/2016\/02\/IMGP8541-300x225.jpg\" alt=\"IMGP8541\" width=\"300\" height=\"225\" srcset=\"https:\/\/www.balther.net\/wp-content\/uploads\/2016\/02\/IMGP8541-300x225.jpg 300w, https:\/\/www.balther.net\/wp-content\/uploads\/2016\/02\/IMGP8541-432x324.jpg 432w, https:\/\/www.balther.net\/wp-content\/uploads\/2016\/02\/IMGP8541.jpg 600w\" sizes=\"auto, (max-width: 300px) 100vw, 300px\" \/><\/a> <a href=\"http:\/\/www.balther.net\/wp-content\/uploads\/2016\/02\/IMGP8543.jpg\" rel=\"attachment wp-att-4085\" data-rel=\"lightbox-image-14\" data-rl_title=\"\" data-rl_caption=\"\" title=\"\"><img loading=\"lazy\" decoding=\"async\" class=\"alignnone size-medium wp-image-4085\" src=\"http:\/\/www.balther.net\/wp-content\/uploads\/2016\/02\/IMGP8543-300x225.jpg\" alt=\"IMGP8543\" width=\"300\" height=\"225\" srcset=\"https:\/\/www.balther.net\/wp-content\/uploads\/2016\/02\/IMGP8543-300x225.jpg 300w, https:\/\/www.balther.net\/wp-content\/uploads\/2016\/02\/IMGP8543-432x324.jpg 432w, https:\/\/www.balther.net\/wp-content\/uploads\/2016\/02\/IMGP8543.jpg 600w\" sizes=\"auto, (max-width: 300px) 100vw, 300px\" \/><\/a> <a href=\"http:\/\/www.balther.net\/wp-content\/uploads\/2016\/02\/IMGP8544.jpg\" rel=\"attachment wp-att-4086\" data-rel=\"lightbox-image-15\" data-rl_title=\"\" data-rl_caption=\"\" title=\"\"><img loading=\"lazy\" decoding=\"async\" class=\"alignnone size-medium wp-image-4086\" src=\"http:\/\/www.balther.net\/wp-content\/uploads\/2016\/02\/IMGP8544-300x225.jpg\" alt=\"IMGP8544\" width=\"300\" height=\"225\" srcset=\"https:\/\/www.balther.net\/wp-content\/uploads\/2016\/02\/IMGP8544-300x225.jpg 300w, https:\/\/www.balther.net\/wp-content\/uploads\/2016\/02\/IMGP8544-432x324.jpg 432w, https:\/\/www.balther.net\/wp-content\/uploads\/2016\/02\/IMGP8544.jpg 600w\" sizes=\"auto, (max-width: 300px) 100vw, 300px\" \/><\/a> <a href=\"http:\/\/www.balther.net\/wp-content\/uploads\/2016\/02\/IMGP8548.jpg\" rel=\"attachment wp-att-4087\" data-rel=\"lightbox-image-16\" data-rl_title=\"\" data-rl_caption=\"\" title=\"\"><img loading=\"lazy\" decoding=\"async\" class=\"alignnone size-medium wp-image-4087\" src=\"http:\/\/www.balther.net\/wp-content\/uploads\/2016\/02\/IMGP8548-300x225.jpg\" alt=\"IMGP8548\" width=\"300\" height=\"225\" srcset=\"https:\/\/www.balther.net\/wp-content\/uploads\/2016\/02\/IMGP8548-300x225.jpg 300w, https:\/\/www.balther.net\/wp-content\/uploads\/2016\/02\/IMGP8548-432x324.jpg 432w, https:\/\/www.balther.net\/wp-content\/uploads\/2016\/02\/IMGP8548.jpg 600w\" sizes=\"auto, (max-width: 300px) 100vw, 300px\" \/><\/a> <a href=\"http:\/\/www.balther.net\/wp-content\/uploads\/2016\/02\/IMGP8555.jpg\" rel=\"attachment wp-att-4088\" data-rel=\"lightbox-image-17\" data-rl_title=\"\" data-rl_caption=\"\" title=\"\"><img loading=\"lazy\" decoding=\"async\" class=\"alignnone size-medium wp-image-4088\" src=\"http:\/\/www.balther.net\/wp-content\/uploads\/2016\/02\/IMGP8555-300x225.jpg\" alt=\"IMGP8555\" width=\"300\" height=\"225\" srcset=\"https:\/\/www.balther.net\/wp-content\/uploads\/2016\/02\/IMGP8555-300x225.jpg 300w, https:\/\/www.balther.net\/wp-content\/uploads\/2016\/02\/IMGP8555-432x324.jpg 432w, https:\/\/www.balther.net\/wp-content\/uploads\/2016\/02\/IMGP8555.jpg 600w\" sizes=\"auto, (max-width: 300px) 100vw, 300px\" \/><\/a> <a href=\"http:\/\/www.balther.net\/wp-content\/uploads\/2016\/02\/IMGP8556.jpg\" rel=\"attachment wp-att-4089\" data-rel=\"lightbox-image-18\" data-rl_title=\"\" data-rl_caption=\"\" title=\"\"><img loading=\"lazy\" decoding=\"async\" class=\"alignnone size-medium wp-image-4089\" src=\"http:\/\/www.balther.net\/wp-content\/uploads\/2016\/02\/IMGP8556-300x225.jpg\" alt=\"IMGP8556\" width=\"300\" height=\"225\" srcset=\"https:\/\/www.balther.net\/wp-content\/uploads\/2016\/02\/IMGP8556-300x225.jpg 300w, https:\/\/www.balther.net\/wp-content\/uploads\/2016\/02\/IMGP8556-432x324.jpg 432w, https:\/\/www.balther.net\/wp-content\/uploads\/2016\/02\/IMGP8556.jpg 600w\" sizes=\"auto, (max-width: 300px) 100vw, 300px\" \/><\/a><\/p>\n<p>&nbsp;<\/p>\n","protected":false},"excerpt":{"rendered":"<p>Infop\u00e4ev New Yorgis 30.oktoobril 2010 ja EA\u00dc k\u00fclastus &nbsp;<\/p>\n","protected":false},"author":7,"featured_media":0,"parent":4067,"menu_order":1,"comment_status":"closed","ping_status":"closed","template":"","meta":{"_acf_changed":false,"_monsterinsights_skip_tracking":false,"_monsterinsights_sitenote_active":false,"_monsterinsights_sitenote_note":"","_monsterinsights_sitenote_category":0,"ngg_post_thumbnail":0,"footnotes":""},"class_list":["post-4066","page","type-page","status-publish","hentry"],"acf":[],"yoast_head":"<!-- This site is optimized with the Yoast SEO plugin v24.2 - https:\/\/yoast.com\/wordpress\/plugins\/seo\/ -->\n<title>Infop\u00e4ev New Yorgis 30.oktoobril 2010 ja EA\u00dc k\u00fclastus - BaltHerNet<\/title>\n<meta name=\"robots\" content=\"index, follow, max-snippet:-1, max-image-preview:large, max-video-preview:-1\" \/>\n<link rel=\"canonical\" href=\"https:\/\/www.balther.net\/et\/kroonika\/fotogaleriid\/2010-2\/infopaev-new-yorgis-30-oktoobril-2010-ja-eau-kulastus\/\" \/>\n<meta property=\"og:locale\" content=\"et_EE\" \/>\n<meta property=\"og:type\" content=\"article\" \/>\n<meta property=\"og:title\" content=\"Infop\u00e4ev New Yorgis 30.oktoobril 2010 ja EA\u00dc k\u00fclastus - BaltHerNet\" \/>\n<meta property=\"og:description\" content=\"Infop\u00e4ev New Yorgis 30.oktoobril 2010 ja EA\u00dc k\u00fclastus &nbsp;\" \/>\n<meta property=\"og:url\" content=\"https:\/\/www.balther.net\/et\/kroonika\/fotogaleriid\/2010-2\/infopaev-new-yorgis-30-oktoobril-2010-ja-eau-kulastus\/\" \/>\n<meta property=\"og:site_name\" content=\"BaltHerNet\" \/>\n<meta property=\"article:modified_time\" content=\"2016-02-24T21:02:54+00:00\" \/>\n<meta property=\"og:image\" content=\"http:\/\/www.balther.net\/wp-content\/uploads\/2016\/02\/IMGP8485-225x300.jpg\" \/>\n<meta name=\"twitter:card\" content=\"summary_large_image\" \/>\n<script type=\"application\/ld+json\" class=\"yoast-schema-graph\">{\"@context\":\"https:\/\/schema.org\",\"@graph\":[{\"@type\":\"WebPage\",\"@id\":\"https:\/\/www.balther.net\/et\/kroonika\/fotogaleriid\/2010-2\/infopaev-new-yorgis-30-oktoobril-2010-ja-eau-kulastus\/\",\"url\":\"https:\/\/www.balther.net\/et\/kroonika\/fotogaleriid\/2010-2\/infopaev-new-yorgis-30-oktoobril-2010-ja-eau-kulastus\/\",\"name\":\"Infop\u00e4ev New Yorgis 30.oktoobril 2010 ja EA\u00dc k\u00fclastus - BaltHerNet\",\"isPartOf\":{\"@id\":\"https:\/\/www.balther.net\/#website\"},\"primaryImageOfPage\":{\"@id\":\"https:\/\/www.balther.net\/et\/kroonika\/fotogaleriid\/2010-2\/infopaev-new-yorgis-30-oktoobril-2010-ja-eau-kulastus\/#primaryimage\"},\"image\":{\"@id\":\"https:\/\/www.balther.net\/et\/kroonika\/fotogaleriid\/2010-2\/infopaev-new-yorgis-30-oktoobril-2010-ja-eau-kulastus\/#primaryimage\"},\"thumbnailUrl\":\"http:\/\/www.balther.net\/wp-content\/uploads\/2016\/02\/IMGP8485-225x300.jpg\",\"datePublished\":\"2016-02-24T20:57:29+00:00\",\"dateModified\":\"2016-02-24T21:02:54+00:00\",\"breadcrumb\":{\"@id\":\"https:\/\/www.balther.net\/et\/kroonika\/fotogaleriid\/2010-2\/infopaev-new-yorgis-30-oktoobril-2010-ja-eau-kulastus\/#breadcrumb\"},\"inLanguage\":\"et\",\"potentialAction\":[{\"@type\":\"ReadAction\",\"target\":[\"https:\/\/www.balther.net\/et\/kroonika\/fotogaleriid\/2010-2\/infopaev-new-yorgis-30-oktoobril-2010-ja-eau-kulastus\/\"]}]},{\"@type\":\"ImageObject\",\"inLanguage\":\"et\",\"@id\":\"https:\/\/www.balther.net\/et\/kroonika\/fotogaleriid\/2010-2\/infopaev-new-yorgis-30-oktoobril-2010-ja-eau-kulastus\/#primaryimage\",\"url\":\"http:\/\/www.balther.net\/wp-content\/uploads\/2016\/02\/IMGP8485-225x300.jpg\",\"contentUrl\":\"http:\/\/www.balther.net\/wp-content\/uploads\/2016\/02\/IMGP8485-225x300.jpg\"},{\"@type\":\"BreadcrumbList\",\"@id\":\"https:\/\/www.balther.net\/et\/kroonika\/fotogaleriid\/2010-2\/infopaev-new-yorgis-30-oktoobril-2010-ja-eau-kulastus\/#breadcrumb\",\"itemListElement\":[{\"@type\":\"ListItem\",\"position\":1,\"name\":\"Home\",\"item\":\"https:\/\/www.balther.net\/et\/\"},{\"@type\":\"ListItem\",\"position\":2,\"name\":\"Kroonika\",\"item\":\"https:\/\/www.balther.net\/et\/kroonika\/\"},{\"@type\":\"ListItem\",\"position\":3,\"name\":\"Fotogaleriid\",\"item\":\"https:\/\/www.balther.net\/et\/kroonika\/fotogaleriid\/\"},{\"@type\":\"ListItem\",\"position\":4,\"name\":\"2010\",\"item\":\"https:\/\/www.balther.net\/et\/kroonika\/fotogaleriid\/2010-2\/\"},{\"@type\":\"ListItem\",\"position\":5,\"name\":\"Infop\u00e4ev New Yorgis 30.oktoobril 2010 ja EA\u00dc k\u00fclastus\"}]},{\"@type\":\"WebSite\",\"@id\":\"https:\/\/www.balther.net\/#website\",\"url\":\"https:\/\/www.balther.net\/\",\"name\":\"BaltHerNet\",\"description\":\"\",\"potentialAction\":[{\"@type\":\"SearchAction\",\"target\":{\"@type\":\"EntryPoint\",\"urlTemplate\":\"https:\/\/www.balther.net\/?s={search_term_string}\"},\"query-input\":{\"@type\":\"PropertyValueSpecification\",\"valueRequired\":true,\"valueName\":\"search_term_string\"}}],\"inLanguage\":\"et\"}]}<\/script>\n<!-- \/ Yoast SEO plugin. -->","yoast_head_json":{"title":"Infop\u00e4ev New Yorgis 30.oktoobril 2010 ja EA\u00dc k\u00fclastus - BaltHerNet","robots":{"index":"index","follow":"follow","max-snippet":"max-snippet:-1","max-image-preview":"max-image-preview:large","max-video-preview":"max-video-preview:-1"},"canonical":"https:\/\/www.balther.net\/et\/kroonika\/fotogaleriid\/2010-2\/infopaev-new-yorgis-30-oktoobril-2010-ja-eau-kulastus\/","og_locale":"et_EE","og_type":"article","og_title":"Infop\u00e4ev New Yorgis 30.oktoobril 2010 ja EA\u00dc k\u00fclastus - BaltHerNet","og_description":"Infop\u00e4ev New Yorgis 30.oktoobril 2010 ja EA\u00dc k\u00fclastus &nbsp;","og_url":"https:\/\/www.balther.net\/et\/kroonika\/fotogaleriid\/2010-2\/infopaev-new-yorgis-30-oktoobril-2010-ja-eau-kulastus\/","og_site_name":"BaltHerNet","article_modified_time":"2016-02-24T21:02:54+00:00","og_image":[{"url":"http:\/\/www.balther.net\/wp-content\/uploads\/2016\/02\/IMGP8485-225x300.jpg","type":"","width":"","height":""}],"twitter_card":"summary_large_image","schema":{"@context":"https:\/\/schema.org","@graph":[{"@type":"WebPage","@id":"https:\/\/www.balther.net\/et\/kroonika\/fotogaleriid\/2010-2\/infopaev-new-yorgis-30-oktoobril-2010-ja-eau-kulastus\/","url":"https:\/\/www.balther.net\/et\/kroonika\/fotogaleriid\/2010-2\/infopaev-new-yorgis-30-oktoobril-2010-ja-eau-kulastus\/","name":"Infop\u00e4ev New Yorgis 30.oktoobril 2010 ja EA\u00dc k\u00fclastus - BaltHerNet","isPartOf":{"@id":"https:\/\/www.balther.net\/#website"},"primaryImageOfPage":{"@id":"https:\/\/www.balther.net\/et\/kroonika\/fotogaleriid\/2010-2\/infopaev-new-yorgis-30-oktoobril-2010-ja-eau-kulastus\/#primaryimage"},"image":{"@id":"https:\/\/www.balther.net\/et\/kroonika\/fotogaleriid\/2010-2\/infopaev-new-yorgis-30-oktoobril-2010-ja-eau-kulastus\/#primaryimage"},"thumbnailUrl":"http:\/\/www.balther.net\/wp-content\/uploads\/2016\/02\/IMGP8485-225x300.jpg","datePublished":"2016-02-24T20:57:29+00:00","dateModified":"2016-02-24T21:02:54+00:00","breadcrumb":{"@id":"https:\/\/www.balther.net\/et\/kroonika\/fotogaleriid\/2010-2\/infopaev-new-yorgis-30-oktoobril-2010-ja-eau-kulastus\/#breadcrumb"},"inLanguage":"et","potentialAction":[{"@type":"ReadAction","target":["https:\/\/www.balther.net\/et\/kroonika\/fotogaleriid\/2010-2\/infopaev-new-yorgis-30-oktoobril-2010-ja-eau-kulastus\/"]}]},{"@type":"ImageObject","inLanguage":"et","@id":"https:\/\/www.balther.net\/et\/kroonika\/fotogaleriid\/2010-2\/infopaev-new-yorgis-30-oktoobril-2010-ja-eau-kulastus\/#primaryimage","url":"http:\/\/www.balther.net\/wp-content\/uploads\/2016\/02\/IMGP8485-225x300.jpg","contentUrl":"http:\/\/www.balther.net\/wp-content\/uploads\/2016\/02\/IMGP8485-225x300.jpg"},{"@type":"BreadcrumbList","@id":"https:\/\/www.balther.net\/et\/kroonika\/fotogaleriid\/2010-2\/infopaev-new-yorgis-30-oktoobril-2010-ja-eau-kulastus\/#breadcrumb","itemListElement":[{"@type":"ListItem","position":1,"name":"Home","item":"https:\/\/www.balther.net\/et\/"},{"@type":"ListItem","position":2,"name":"Kroonika","item":"https:\/\/www.balther.net\/et\/kroonika\/"},{"@type":"ListItem","position":3,"name":"Fotogaleriid","item":"https:\/\/www.balther.net\/et\/kroonika\/fotogaleriid\/"},{"@type":"ListItem","position":4,"name":"2010","item":"https:\/\/www.balther.net\/et\/kroonika\/fotogaleriid\/2010-2\/"},{"@type":"ListItem","position":5,"name":"Infop\u00e4ev New Yorgis 30.oktoobril 2010 ja EA\u00dc k\u00fclastus"}]},{"@type":"WebSite","@id":"https:\/\/www.balther.net\/#website","url":"https:\/\/www.balther.net\/","name":"BaltHerNet","description":"","potentialAction":[{"@type":"SearchAction","target":{"@type":"EntryPoint","urlTemplate":"https:\/\/www.balther.net\/?s={search_term_string}"},"query-input":{"@type":"PropertyValueSpecification","valueRequired":true,"valueName":"search_term_string"}}],"inLanguage":"et"}]}},"_links":{"self":[{"href":"https:\/\/www.balther.net\/et\/wp-json\/wp\/v2\/pages\/4066","targetHints":{"allow":["GET"]}}],"collection":[{"href":"https:\/\/www.balther.net\/et\/wp-json\/wp\/v2\/pages"}],"about":[{"href":"https:\/\/www.balther.net\/et\/wp-json\/wp\/v2\/types\/page"}],"author":[{"embeddable":true,"href":"https:\/\/www.balther.net\/et\/wp-json\/wp\/v2\/users\/7"}],"replies":[{"embeddable":true,"href":"https:\/\/www.balther.net\/et\/wp-json\/wp\/v2\/comments?post=4066"}],"version-history":[{"count":3,"href":"https:\/\/www.balther.net\/et\/wp-json\/wp\/v2\/pages\/4066\/revisions"}],"predecessor-version":[{"id":4070,"href":"https:\/\/www.balther.net\/et\/wp-json\/wp\/v2\/pages\/4066\/revisions\/4070"}],"up":[{"embeddable":true,"href":"https:\/\/www.balther.net\/et\/wp-json\/wp\/v2\/pages\/4067"}],"wp:attachment":[{"href":"https:\/\/www.balther.net\/et\/wp-json\/wp\/v2\/media?parent=4066"}],"curies":[{"name":"wp","href":"https:\/\/api.w.org\/{rel}","templated":true}]}}