{"id":2936,"date":"2016-01-24T18:33:59","date_gmt":"2016-01-24T18:33:59","guid":{"rendered":"http:\/\/uus.balther.net\/et\/?page_id=2936"},"modified":"2016-01-24T18:33:59","modified_gmt":"2016-01-24T18:33:59","slug":"suvekool-eesti-kultuuriparand-voorsil-ii","status":"publish","type":"page","link":"https:\/\/www.balther.net\/et\/koostoo\/koolitused\/suvekool-eesti-kultuuriparand-voorsil-ii\/","title":{"rendered":"Suvekool &#8220;Eesti kultuurip\u00e4rand v\u00f5\u00f5rsil. II&#8221;"},"content":{"rendered":"<h5><b>Suvekool &#8220;Eesti kultuurip\u00e4rand v\u00f5\u00f5rsil. II&#8221;<\/b><\/h5>\n<p style=\"text-align: justify;\">17.-22. juunini 2008 toimub K\u00e4smus suvekool v\u00e4liseesti arhiivide vabatahtlikele kaast\u00f6\u00f6listele ja diasporaa kogukondade liikmetele<strong>. <\/strong>Korraldajad MT\u00dc Baltic Heritage Network (v\u00e4liseesti arhiivide t\u00f6\u00f6r\u00fchm), Rahvusarhiiv, Eesti Rahva Muuseum, Eesti Kirjandusmuuseum. <strong>Registreerimist\u00e4htaeg 1. mai 2008.<\/strong><br \/>\n<u><\/u><\/p>\n<p><u><strong><br \/>\nSuvekooli registreerumine<\/p>\n<p><\/strong><\/u>T\u00e4itke ja saatke <a href=\"http:\/\/www.balther.net\/public\/documents\/reg_vorm.doc\" target=\"_blank\">registreerimisvorm<\/a>: <a href=\"mailto:karin.kiisk[at]gmail.com\">karin.kiisk@gmail.com<\/a><\/p>\n<p>Osav\u00f5tutasu:<br \/>\n1 p\u00e4ev\u00a0\u00a0\u00a0\u00a0\u00a0\u00a0\u00a0\u00a0\u00a0\u00a0\u00a0\u00a0 15 EUR<br \/>\n17.-22. juuni\u00a0\u00a0\u00a0 40 EUR<\/p>\n<p>Osav\u00f5tutasu\u00a0maksta \u00fclekandega arve alusel, mille v\u00e4ljastame registreerunutele<\/p>\n<p>Makse saaja:\u00a0\u00a0 MT\u00dc Baltic Heritage Network<br \/>\nAadress:\u00a0\u00a0\u00a0\u00a0\u00a0\u00a0\u00a0\u00a0\u00a0 Veski 32, 51014 Tartu, Eesti<br \/>\nReg nr:\u00a0\u00a0\u00a0\u00a0\u00a0\u00a0\u00a0\u00a0\u00a0\u00a0\u00a0\u00a080266215<br \/>\nPank:\u00a0\u00a0\u00a0\u00a0\u00a0\u00a0\u00a0\u00a0\u00a0\u00a0\u00a0\u00a0\u00a0\u00a0Hansapank, Liivalaia 8, 15040 Tallinn, Eesti<br \/>\nArveldusarve:\u00a0\u00a0221040453810 (Eestist makstes), EE 32 2200221040453810 (=IBAN, v\u00e4lismaalt makstes)<br \/>\nPanga kood:\u00a0\u00a0\u00a0\u00a0(SWIFT):\u00a0HABA EE2X<\/p>\n<p><strong><u><a href=\"http:\/\/www.balther.net\/public\/documents\/08suvekooli_teemad.doc\" target=\"_blank\">Teemade tutvustused<\/a><\/u><\/strong><\/p>\n<p><strong><u><a href=\"http:\/\/www.balther.net\/public\/documents\/ajakava.doc\" target=\"_blank\">Orienteeruv ajakava<\/a><\/u><\/strong><\/p>\n","protected":false},"excerpt":{"rendered":"<p>Suvekool &#8220;Eesti kultuurip\u00e4rand v\u00f5\u00f5rsil. II&#8221; 17.-22. juunini 2008 toimub K\u00e4smus suvekool v\u00e4liseesti arhiivide vabatahtlikele kaast\u00f6\u00f6listele ja diasporaa kogukondade liikmetele. Korraldajad MT\u00dc Baltic Heritage Network (v\u00e4liseesti arhiivide t\u00f6\u00f6r\u00fchm), Rahvusarhiiv, Eesti Rahva Muuseum, Eesti Kirjandusmuuseum. Registreerimist\u00e4htaeg 1. mai 2008. Suvekooli registreerumine T\u00e4itke ja saatke registreerimisvorm: karin.kiisk@gmail.com Osav\u00f5tutasu: 1 p\u00e4ev\u00a0\u00a0\u00a0\u00a0\u00a0\u00a0\u00a0\u00a0\u00a0\u00a0\u00a0\u00a0 15 EUR 17.-22. juuni\u00a0\u00a0\u00a0 40 EUR Osav\u00f5tutasu\u00a0maksta \u00fclekandega arve alusel, mille v\u00e4ljastame registreerunutele Makse saaja:\u00a0\u00a0 MT\u00dc Baltic Heritage Network Aadress:\u00a0\u00a0\u00a0\u00a0\u00a0\u00a0\u00a0\u00a0\u00a0 Veski 32, 51014 Tartu, Eesti Reg nr:\u00a0\u00a0\u00a0\u00a0\u00a0\u00a0\u00a0\u00a0\u00a0\u00a0\u00a0\u00a080266215 Pank:\u00a0\u00a0\u00a0\u00a0\u00a0\u00a0\u00a0\u00a0\u00a0\u00a0\u00a0\u00a0\u00a0\u00a0Hansapank, Liivalaia 8, 15040 Tallinn, Eesti Arveldusarve:\u00a0\u00a0221040453810 (Eestist makstes), EE 32 2200221040453810 (=IBAN, v\u00e4lismaalt makstes) Panga kood:\u00a0\u00a0\u00a0\u00a0(SWIFT):\u00a0HABA EE2X Teemade tutvustused Orienteeruv ajakava<\/p>\n","protected":false},"author":7,"featured_media":0,"parent":456,"menu_order":2,"comment_status":"closed","ping_status":"closed","template":"","meta":{"_acf_changed":false,"_monsterinsights_skip_tracking":false,"_monsterinsights_sitenote_active":false,"_monsterinsights_sitenote_note":"","_monsterinsights_sitenote_category":0,"ngg_post_thumbnail":0,"footnotes":""},"class_list":["post-2936","page","type-page","status-publish","hentry"],"acf":[],"yoast_head":"<!-- This site is optimized with the Yoast SEO plugin v24.2 - https:\/\/yoast.com\/wordpress\/plugins\/seo\/ -->\n<title>Suvekool &quot;Eesti kultuurip\u00e4rand v\u00f5\u00f5rsil. II&quot; - BaltHerNet<\/title>\n<meta name=\"robots\" content=\"index, follow, max-snippet:-1, max-image-preview:large, max-video-preview:-1\" \/>\n<link rel=\"canonical\" href=\"https:\/\/www.balther.net\/et\/koostoo\/koolitused\/suvekool-eesti-kultuuriparand-voorsil-ii\/\" \/>\n<meta property=\"og:locale\" content=\"et_EE\" \/>\n<meta property=\"og:type\" content=\"article\" \/>\n<meta property=\"og:title\" content=\"Suvekool &quot;Eesti kultuurip\u00e4rand v\u00f5\u00f5rsil. II&quot; - BaltHerNet\" \/>\n<meta property=\"og:description\" content=\"Suvekool &#8220;Eesti kultuurip\u00e4rand v\u00f5\u00f5rsil. II&#8221; 17.-22. juunini 2008 toimub K\u00e4smus suvekool v\u00e4liseesti arhiivide vabatahtlikele kaast\u00f6\u00f6listele ja diasporaa kogukondade liikmetele. Korraldajad MT\u00dc Baltic Heritage Network (v\u00e4liseesti arhiivide t\u00f6\u00f6r\u00fchm), Rahvusarhiiv, Eesti Rahva Muuseum, Eesti Kirjandusmuuseum. Registreerimist\u00e4htaeg 1. mai 2008. Suvekooli registreerumine T\u00e4itke ja saatke registreerimisvorm: karin.kiisk@gmail.com Osav\u00f5tutasu: 1 p\u00e4ev\u00a0\u00a0\u00a0\u00a0\u00a0\u00a0\u00a0\u00a0\u00a0\u00a0\u00a0\u00a0 15 EUR 17.-22. juuni\u00a0\u00a0\u00a0 40 EUR Osav\u00f5tutasu\u00a0maksta \u00fclekandega arve alusel, mille v\u00e4ljastame registreerunutele Makse saaja:\u00a0\u00a0 MT\u00dc Baltic Heritage Network Aadress:\u00a0\u00a0\u00a0\u00a0\u00a0\u00a0\u00a0\u00a0\u00a0 Veski 32, 51014 Tartu, Eesti Reg nr:\u00a0\u00a0\u00a0\u00a0\u00a0\u00a0\u00a0\u00a0\u00a0\u00a0\u00a0\u00a080266215 Pank:\u00a0\u00a0\u00a0\u00a0\u00a0\u00a0\u00a0\u00a0\u00a0\u00a0\u00a0\u00a0\u00a0\u00a0Hansapank, Liivalaia 8, 15040 Tallinn, Eesti Arveldusarve:\u00a0\u00a0221040453810 (Eestist makstes), EE 32 2200221040453810 (=IBAN, v\u00e4lismaalt makstes) Panga kood:\u00a0\u00a0\u00a0\u00a0(SWIFT):\u00a0HABA EE2X Teemade tutvustused Orienteeruv ajakava\" \/>\n<meta property=\"og:url\" content=\"https:\/\/www.balther.net\/et\/koostoo\/koolitused\/suvekool-eesti-kultuuriparand-voorsil-ii\/\" \/>\n<meta property=\"og:site_name\" content=\"BaltHerNet\" \/>\n<meta name=\"twitter:card\" content=\"summary_large_image\" \/>\n<meta name=\"twitter:label1\" content=\"Est. reading time\" \/>\n\t<meta name=\"twitter:data1\" content=\"1 minut\" \/>\n<script type=\"application\/ld+json\" class=\"yoast-schema-graph\">{\"@context\":\"https:\/\/schema.org\",\"@graph\":[{\"@type\":\"WebPage\",\"@id\":\"https:\/\/www.balther.net\/et\/koostoo\/koolitused\/suvekool-eesti-kultuuriparand-voorsil-ii\/\",\"url\":\"https:\/\/www.balther.net\/et\/koostoo\/koolitused\/suvekool-eesti-kultuuriparand-voorsil-ii\/\",\"name\":\"Suvekool \\\"Eesti kultuurip\u00e4rand v\u00f5\u00f5rsil. II\\\" - BaltHerNet\",\"isPartOf\":{\"@id\":\"https:\/\/www.balther.net\/#website\"},\"datePublished\":\"2016-01-24T18:33:59+00:00\",\"dateModified\":\"2016-01-24T18:33:59+00:00\",\"breadcrumb\":{\"@id\":\"https:\/\/www.balther.net\/et\/koostoo\/koolitused\/suvekool-eesti-kultuuriparand-voorsil-ii\/#breadcrumb\"},\"inLanguage\":\"et\",\"potentialAction\":[{\"@type\":\"ReadAction\",\"target\":[\"https:\/\/www.balther.net\/et\/koostoo\/koolitused\/suvekool-eesti-kultuuriparand-voorsil-ii\/\"]}]},{\"@type\":\"BreadcrumbList\",\"@id\":\"https:\/\/www.balther.net\/et\/koostoo\/koolitused\/suvekool-eesti-kultuuriparand-voorsil-ii\/#breadcrumb\",\"itemListElement\":[{\"@type\":\"ListItem\",\"position\":1,\"name\":\"Home\",\"item\":\"https:\/\/www.balther.net\/et\/\"},{\"@type\":\"ListItem\",\"position\":2,\"name\":\"Koost\u00f6\u00f6\",\"item\":\"https:\/\/www.balther.net\/et\/koostoo\/\"},{\"@type\":\"ListItem\",\"position\":3,\"name\":\"Koolitused\",\"item\":\"https:\/\/www.balther.net\/et\/koostoo\/koolitused\/\"},{\"@type\":\"ListItem\",\"position\":4,\"name\":\"Suvekool &#8220;Eesti kultuurip\u00e4rand v\u00f5\u00f5rsil. II&#8221;\"}]},{\"@type\":\"WebSite\",\"@id\":\"https:\/\/www.balther.net\/#website\",\"url\":\"https:\/\/www.balther.net\/\",\"name\":\"BaltHerNet\",\"description\":\"\",\"potentialAction\":[{\"@type\":\"SearchAction\",\"target\":{\"@type\":\"EntryPoint\",\"urlTemplate\":\"https:\/\/www.balther.net\/?s={search_term_string}\"},\"query-input\":{\"@type\":\"PropertyValueSpecification\",\"valueRequired\":true,\"valueName\":\"search_term_string\"}}],\"inLanguage\":\"et\"}]}<\/script>\n<!-- \/ Yoast SEO plugin. -->","yoast_head_json":{"title":"Suvekool \"Eesti kultuurip\u00e4rand v\u00f5\u00f5rsil. II\" - BaltHerNet","robots":{"index":"index","follow":"follow","max-snippet":"max-snippet:-1","max-image-preview":"max-image-preview:large","max-video-preview":"max-video-preview:-1"},"canonical":"https:\/\/www.balther.net\/et\/koostoo\/koolitused\/suvekool-eesti-kultuuriparand-voorsil-ii\/","og_locale":"et_EE","og_type":"article","og_title":"Suvekool \"Eesti kultuurip\u00e4rand v\u00f5\u00f5rsil. II\" - BaltHerNet","og_description":"Suvekool &#8220;Eesti kultuurip\u00e4rand v\u00f5\u00f5rsil. II&#8221; 17.-22. juunini 2008 toimub K\u00e4smus suvekool v\u00e4liseesti arhiivide vabatahtlikele kaast\u00f6\u00f6listele ja diasporaa kogukondade liikmetele. Korraldajad MT\u00dc Baltic Heritage Network (v\u00e4liseesti arhiivide t\u00f6\u00f6r\u00fchm), Rahvusarhiiv, Eesti Rahva Muuseum, Eesti Kirjandusmuuseum. Registreerimist\u00e4htaeg 1. mai 2008. Suvekooli registreerumine T\u00e4itke ja saatke registreerimisvorm: karin.kiisk@gmail.com Osav\u00f5tutasu: 1 p\u00e4ev\u00a0\u00a0\u00a0\u00a0\u00a0\u00a0\u00a0\u00a0\u00a0\u00a0\u00a0\u00a0 15 EUR 17.-22. juuni\u00a0\u00a0\u00a0 40 EUR Osav\u00f5tutasu\u00a0maksta \u00fclekandega arve alusel, mille v\u00e4ljastame registreerunutele Makse saaja:\u00a0\u00a0 MT\u00dc Baltic Heritage Network Aadress:\u00a0\u00a0\u00a0\u00a0\u00a0\u00a0\u00a0\u00a0\u00a0 Veski 32, 51014 Tartu, Eesti Reg nr:\u00a0\u00a0\u00a0\u00a0\u00a0\u00a0\u00a0\u00a0\u00a0\u00a0\u00a0\u00a080266215 Pank:\u00a0\u00a0\u00a0\u00a0\u00a0\u00a0\u00a0\u00a0\u00a0\u00a0\u00a0\u00a0\u00a0\u00a0Hansapank, Liivalaia 8, 15040 Tallinn, Eesti Arveldusarve:\u00a0\u00a0221040453810 (Eestist makstes), EE 32 2200221040453810 (=IBAN, v\u00e4lismaalt makstes) Panga kood:\u00a0\u00a0\u00a0\u00a0(SWIFT):\u00a0HABA EE2X Teemade tutvustused Orienteeruv ajakava","og_url":"https:\/\/www.balther.net\/et\/koostoo\/koolitused\/suvekool-eesti-kultuuriparand-voorsil-ii\/","og_site_name":"BaltHerNet","twitter_card":"summary_large_image","twitter_misc":{"Est. reading time":"1 minut"},"schema":{"@context":"https:\/\/schema.org","@graph":[{"@type":"WebPage","@id":"https:\/\/www.balther.net\/et\/koostoo\/koolitused\/suvekool-eesti-kultuuriparand-voorsil-ii\/","url":"https:\/\/www.balther.net\/et\/koostoo\/koolitused\/suvekool-eesti-kultuuriparand-voorsil-ii\/","name":"Suvekool \"Eesti kultuurip\u00e4rand v\u00f5\u00f5rsil. II\" - BaltHerNet","isPartOf":{"@id":"https:\/\/www.balther.net\/#website"},"datePublished":"2016-01-24T18:33:59+00:00","dateModified":"2016-01-24T18:33:59+00:00","breadcrumb":{"@id":"https:\/\/www.balther.net\/et\/koostoo\/koolitused\/suvekool-eesti-kultuuriparand-voorsil-ii\/#breadcrumb"},"inLanguage":"et","potentialAction":[{"@type":"ReadAction","target":["https:\/\/www.balther.net\/et\/koostoo\/koolitused\/suvekool-eesti-kultuuriparand-voorsil-ii\/"]}]},{"@type":"BreadcrumbList","@id":"https:\/\/www.balther.net\/et\/koostoo\/koolitused\/suvekool-eesti-kultuuriparand-voorsil-ii\/#breadcrumb","itemListElement":[{"@type":"ListItem","position":1,"name":"Home","item":"https:\/\/www.balther.net\/et\/"},{"@type":"ListItem","position":2,"name":"Koost\u00f6\u00f6","item":"https:\/\/www.balther.net\/et\/koostoo\/"},{"@type":"ListItem","position":3,"name":"Koolitused","item":"https:\/\/www.balther.net\/et\/koostoo\/koolitused\/"},{"@type":"ListItem","position":4,"name":"Suvekool &#8220;Eesti kultuurip\u00e4rand v\u00f5\u00f5rsil. II&#8221;"}]},{"@type":"WebSite","@id":"https:\/\/www.balther.net\/#website","url":"https:\/\/www.balther.net\/","name":"BaltHerNet","description":"","potentialAction":[{"@type":"SearchAction","target":{"@type":"EntryPoint","urlTemplate":"https:\/\/www.balther.net\/?s={search_term_string}"},"query-input":{"@type":"PropertyValueSpecification","valueRequired":true,"valueName":"search_term_string"}}],"inLanguage":"et"}]}},"_links":{"self":[{"href":"https:\/\/www.balther.net\/et\/wp-json\/wp\/v2\/pages\/2936","targetHints":{"allow":["GET"]}}],"collection":[{"href":"https:\/\/www.balther.net\/et\/wp-json\/wp\/v2\/pages"}],"about":[{"href":"https:\/\/www.balther.net\/et\/wp-json\/wp\/v2\/types\/page"}],"author":[{"embeddable":true,"href":"https:\/\/www.balther.net\/et\/wp-json\/wp\/v2\/users\/7"}],"replies":[{"embeddable":true,"href":"https:\/\/www.balther.net\/et\/wp-json\/wp\/v2\/comments?post=2936"}],"version-history":[{"count":1,"href":"https:\/\/www.balther.net\/et\/wp-json\/wp\/v2\/pages\/2936\/revisions"}],"predecessor-version":[{"id":2937,"href":"https:\/\/www.balther.net\/et\/wp-json\/wp\/v2\/pages\/2936\/revisions\/2937"}],"up":[{"embeddable":true,"href":"https:\/\/www.balther.net\/et\/wp-json\/wp\/v2\/pages\/456"}],"wp:attachment":[{"href":"https:\/\/www.balther.net\/et\/wp-json\/wp\/v2\/media?parent=2936"}],"curies":[{"name":"wp","href":"https:\/\/api.w.org\/{rel}","templated":true}]}}