{"id":2932,"date":"2016-01-24T18:32:20","date_gmt":"2016-01-24T18:32:20","guid":{"rendered":"http:\/\/uus.balther.net\/et\/?page_id=2932"},"modified":"2025-02-06T15:03:37","modified_gmt":"2025-02-06T13:03:37","slug":"praktika-riigiarhiivis","status":"publish","type":"page","link":"https:\/\/www.balther.net\/et\/koostoo\/koolitused\/praktika-riigiarhiivis\/","title":{"rendered":"Praktika Rahvusarhiivis"},"content":{"rendered":"<h5><b>Praktika Rahvusarhiivis<\/b><\/h5>\n<p style=\"text-align: justify;\">Rahvusarhiiv pakub v\u00e4liseesti kultuurip\u00e4randiga tegelevatele inimestele asukohamaadest v\u00f5imalust tulla omandama arhiivit\u00f6\u00f6 kogemusi.<\/p>\n<p style=\"text-align: justify;\">Konkreetse programmi koostame koost\u00f6\u00f6s kandidaadiga vastavalt tema huvidele ja vajadustele.<br \/>\nPraktika kestel on v\u00f5imalik kasutada Rahvusarhiivi k\u00fclalistuba.<\/p>\n<p>&nbsp;<\/p>\n<p>Info:<br \/>\nTiiu Kravtsev<br \/>\nRahvusarhiivi Tallinna kogumisosakonna juhataja<br \/>\n<a href=\"mailto:tiiu.kravtsev[at]ra.ee\">tiiu.kravtsev[at]ra.ee<\/a><br \/>\nTel. +372 693 8020<\/p>\n","protected":false},"excerpt":{"rendered":"<p>Praktika Rahvusarhiivis Rahvusarhiiv pakub v\u00e4liseesti kultuurip\u00e4randiga tegelevatele inimestele asukohamaadest v\u00f5imalust tulla omandama arhiivit\u00f6\u00f6 kogemusi. Konkreetse programmi koostame koost\u00f6\u00f6s kandidaadiga vastavalt tema huvidele ja vajadustele. Praktika kestel on v\u00f5imalik kasutada Rahvusarhiivi k\u00fclalistuba. &nbsp; Info: Tiiu Kravtsev Rahvusarhiivi Tallinna kogumisosakonna juhataja tiiu.kravtsev[at]ra.ee Tel. +372 693 8020<\/p>\n","protected":false},"author":7,"featured_media":0,"parent":456,"menu_order":1,"comment_status":"closed","ping_status":"closed","template":"","meta":{"_acf_changed":false,"_monsterinsights_skip_tracking":false,"_monsterinsights_sitenote_active":false,"_monsterinsights_sitenote_note":"","_monsterinsights_sitenote_category":0,"ngg_post_thumbnail":0,"footnotes":""},"class_list":["post-2932","page","type-page","status-publish","hentry"],"acf":[],"yoast_head":"<!-- This site is optimized with the Yoast SEO plugin v24.2 - https:\/\/yoast.com\/wordpress\/plugins\/seo\/ -->\n<title>Praktika Rahvusarhiivis - BaltHerNet<\/title>\n<meta name=\"robots\" content=\"index, follow, max-snippet:-1, max-image-preview:large, max-video-preview:-1\" \/>\n<link rel=\"canonical\" href=\"https:\/\/www.balther.net\/et\/koostoo\/koolitused\/praktika-riigiarhiivis\/\" \/>\n<meta property=\"og:locale\" content=\"et_EE\" \/>\n<meta property=\"og:type\" content=\"article\" \/>\n<meta property=\"og:title\" content=\"Praktika Rahvusarhiivis - BaltHerNet\" \/>\n<meta property=\"og:description\" content=\"Praktika Rahvusarhiivis Rahvusarhiiv pakub v\u00e4liseesti kultuurip\u00e4randiga tegelevatele inimestele asukohamaadest v\u00f5imalust tulla omandama arhiivit\u00f6\u00f6 kogemusi. Konkreetse programmi koostame koost\u00f6\u00f6s kandidaadiga vastavalt tema huvidele ja vajadustele. Praktika kestel on v\u00f5imalik kasutada Rahvusarhiivi k\u00fclalistuba. &nbsp; Info: Tiiu Kravtsev Rahvusarhiivi Tallinna kogumisosakonna juhataja tiiu.kravtsev[at]ra.ee Tel. +372 693 8020\" \/>\n<meta property=\"og:url\" content=\"https:\/\/www.balther.net\/et\/koostoo\/koolitused\/praktika-riigiarhiivis\/\" \/>\n<meta property=\"og:site_name\" content=\"BaltHerNet\" \/>\n<meta property=\"article:modified_time\" content=\"2025-02-06T13:03:37+00:00\" \/>\n<meta name=\"twitter:card\" content=\"summary_large_image\" \/>\n<meta name=\"twitter:label1\" content=\"Est. reading time\" \/>\n\t<meta name=\"twitter:data1\" content=\"1 minut\" \/>\n<script type=\"application\/ld+json\" class=\"yoast-schema-graph\">{\"@context\":\"https:\/\/schema.org\",\"@graph\":[{\"@type\":\"WebPage\",\"@id\":\"https:\/\/www.balther.net\/et\/koostoo\/koolitused\/praktika-riigiarhiivis\/\",\"url\":\"https:\/\/www.balther.net\/et\/koostoo\/koolitused\/praktika-riigiarhiivis\/\",\"name\":\"Praktika Rahvusarhiivis - BaltHerNet\",\"isPartOf\":{\"@id\":\"https:\/\/www.balther.net\/#website\"},\"datePublished\":\"2016-01-24T18:32:20+00:00\",\"dateModified\":\"2025-02-06T13:03:37+00:00\",\"breadcrumb\":{\"@id\":\"https:\/\/www.balther.net\/et\/koostoo\/koolitused\/praktika-riigiarhiivis\/#breadcrumb\"},\"inLanguage\":\"et\",\"potentialAction\":[{\"@type\":\"ReadAction\",\"target\":[\"https:\/\/www.balther.net\/et\/koostoo\/koolitused\/praktika-riigiarhiivis\/\"]}]},{\"@type\":\"BreadcrumbList\",\"@id\":\"https:\/\/www.balther.net\/et\/koostoo\/koolitused\/praktika-riigiarhiivis\/#breadcrumb\",\"itemListElement\":[{\"@type\":\"ListItem\",\"position\":1,\"name\":\"Home\",\"item\":\"https:\/\/www.balther.net\/et\/\"},{\"@type\":\"ListItem\",\"position\":2,\"name\":\"Koost\u00f6\u00f6\",\"item\":\"https:\/\/www.balther.net\/et\/koostoo\/\"},{\"@type\":\"ListItem\",\"position\":3,\"name\":\"Koolitused\",\"item\":\"https:\/\/www.balther.net\/et\/koostoo\/koolitused\/\"},{\"@type\":\"ListItem\",\"position\":4,\"name\":\"Praktika Rahvusarhiivis\"}]},{\"@type\":\"WebSite\",\"@id\":\"https:\/\/www.balther.net\/#website\",\"url\":\"https:\/\/www.balther.net\/\",\"name\":\"BaltHerNet\",\"description\":\"\",\"potentialAction\":[{\"@type\":\"SearchAction\",\"target\":{\"@type\":\"EntryPoint\",\"urlTemplate\":\"https:\/\/www.balther.net\/?s={search_term_string}\"},\"query-input\":{\"@type\":\"PropertyValueSpecification\",\"valueRequired\":true,\"valueName\":\"search_term_string\"}}],\"inLanguage\":\"et\"}]}<\/script>\n<!-- \/ Yoast SEO plugin. -->","yoast_head_json":{"title":"Praktika Rahvusarhiivis - BaltHerNet","robots":{"index":"index","follow":"follow","max-snippet":"max-snippet:-1","max-image-preview":"max-image-preview:large","max-video-preview":"max-video-preview:-1"},"canonical":"https:\/\/www.balther.net\/et\/koostoo\/koolitused\/praktika-riigiarhiivis\/","og_locale":"et_EE","og_type":"article","og_title":"Praktika Rahvusarhiivis - BaltHerNet","og_description":"Praktika Rahvusarhiivis Rahvusarhiiv pakub v\u00e4liseesti kultuurip\u00e4randiga tegelevatele inimestele asukohamaadest v\u00f5imalust tulla omandama arhiivit\u00f6\u00f6 kogemusi. Konkreetse programmi koostame koost\u00f6\u00f6s kandidaadiga vastavalt tema huvidele ja vajadustele. Praktika kestel on v\u00f5imalik kasutada Rahvusarhiivi k\u00fclalistuba. &nbsp; Info: Tiiu Kravtsev Rahvusarhiivi Tallinna kogumisosakonna juhataja tiiu.kravtsev[at]ra.ee Tel. +372 693 8020","og_url":"https:\/\/www.balther.net\/et\/koostoo\/koolitused\/praktika-riigiarhiivis\/","og_site_name":"BaltHerNet","article_modified_time":"2025-02-06T13:03:37+00:00","twitter_card":"summary_large_image","twitter_misc":{"Est. reading time":"1 minut"},"schema":{"@context":"https:\/\/schema.org","@graph":[{"@type":"WebPage","@id":"https:\/\/www.balther.net\/et\/koostoo\/koolitused\/praktika-riigiarhiivis\/","url":"https:\/\/www.balther.net\/et\/koostoo\/koolitused\/praktika-riigiarhiivis\/","name":"Praktika Rahvusarhiivis - BaltHerNet","isPartOf":{"@id":"https:\/\/www.balther.net\/#website"},"datePublished":"2016-01-24T18:32:20+00:00","dateModified":"2025-02-06T13:03:37+00:00","breadcrumb":{"@id":"https:\/\/www.balther.net\/et\/koostoo\/koolitused\/praktika-riigiarhiivis\/#breadcrumb"},"inLanguage":"et","potentialAction":[{"@type":"ReadAction","target":["https:\/\/www.balther.net\/et\/koostoo\/koolitused\/praktika-riigiarhiivis\/"]}]},{"@type":"BreadcrumbList","@id":"https:\/\/www.balther.net\/et\/koostoo\/koolitused\/praktika-riigiarhiivis\/#breadcrumb","itemListElement":[{"@type":"ListItem","position":1,"name":"Home","item":"https:\/\/www.balther.net\/et\/"},{"@type":"ListItem","position":2,"name":"Koost\u00f6\u00f6","item":"https:\/\/www.balther.net\/et\/koostoo\/"},{"@type":"ListItem","position":3,"name":"Koolitused","item":"https:\/\/www.balther.net\/et\/koostoo\/koolitused\/"},{"@type":"ListItem","position":4,"name":"Praktika Rahvusarhiivis"}]},{"@type":"WebSite","@id":"https:\/\/www.balther.net\/#website","url":"https:\/\/www.balther.net\/","name":"BaltHerNet","description":"","potentialAction":[{"@type":"SearchAction","target":{"@type":"EntryPoint","urlTemplate":"https:\/\/www.balther.net\/?s={search_term_string}"},"query-input":{"@type":"PropertyValueSpecification","valueRequired":true,"valueName":"search_term_string"}}],"inLanguage":"et"}]}},"_links":{"self":[{"href":"https:\/\/www.balther.net\/et\/wp-json\/wp\/v2\/pages\/2932","targetHints":{"allow":["GET"]}}],"collection":[{"href":"https:\/\/www.balther.net\/et\/wp-json\/wp\/v2\/pages"}],"about":[{"href":"https:\/\/www.balther.net\/et\/wp-json\/wp\/v2\/types\/page"}],"author":[{"embeddable":true,"href":"https:\/\/www.balther.net\/et\/wp-json\/wp\/v2\/users\/7"}],"replies":[{"embeddable":true,"href":"https:\/\/www.balther.net\/et\/wp-json\/wp\/v2\/comments?post=2932"}],"version-history":[{"count":4,"href":"https:\/\/www.balther.net\/et\/wp-json\/wp\/v2\/pages\/2932\/revisions"}],"predecessor-version":[{"id":24268,"href":"https:\/\/www.balther.net\/et\/wp-json\/wp\/v2\/pages\/2932\/revisions\/24268"}],"up":[{"embeddable":true,"href":"https:\/\/www.balther.net\/et\/wp-json\/wp\/v2\/pages\/456"}],"wp:attachment":[{"href":"https:\/\/www.balther.net\/et\/wp-json\/wp\/v2\/media?parent=2932"}],"curies":[{"name":"wp","href":"https:\/\/api.w.org\/{rel}","templated":true}]}}