{"id":2891,"date":"2016-01-19T18:11:56","date_gmt":"2016-01-19T18:11:56","guid":{"rendered":"http:\/\/uus.balther.net\/et\/?page_id=2891"},"modified":"2016-02-04T20:24:08","modified_gmt":"2016-02-04T20:24:08","slug":"registreerimine","status":"publish","type":"page","link":"https:\/\/www.balther.net\/et\/koostoo\/konverentsid\/baltherneti-2012-konverents-hidden-treasures-varjatud-varandused\/registreerimine\/","title":{"rendered":"Registreerimine"},"content":{"rendered":"<h5>Registreerimine<\/h5>\n<p><strong>NB!\u00a0Registreerumisvormi saatmise t\u00e4htaeg\u00a0on 10. juuni 2012<\/strong><\/p>\n<p><u>KONVERENTSI OSAV\u00d5TUTASU<br \/>\n<\/u><strong>BaltHerNeti liikmed<br \/>\n<\/strong>Varajane registreerumine ja maksmine kuni 9.maini:<br \/>\n60 EUR (sealhulgas konverentsimapp, l\u00f5unas\u00f6\u00f6gid, vastuv\u00f5tud ja kultuuriprogramm)<\/p>\n<p>Registreerumine ja maksmine\u00a0p\u00e4rast\u00a09. maid\u00a0(kuni 10. juunini):<br \/>\n75 EUR (sealhulgas konverentsimapp, l\u00f5unas\u00f6\u00f6gid, vastuv\u00f5tud ja kultuuriprogramm)<\/p>\n<p>\u00dche p\u00e4eva osav\u00f5tutasu:<br \/>\n15 EUR + 10 EUR l\u00f5una<\/p>\n<p><strong>BaltHerNeti mitteliikmed<br \/>\n<\/strong>Varajane registreerumine ja maksmine kuni 9. maini:<br \/>\n80 EUR (sealhulgas konverentsimapp, l\u00f5unas\u00f6\u00f6gid, vastuv\u00f5tud ja kultuuriprogramm)<\/p>\n<p>Registreerumine ja maksmine\u00a0p\u00e4rast\u00a09. maid\u00a0(kuni 10. juunini)<br \/>\n100 EUR (sealhulgas konverentsimapp, l\u00f5unas\u00f6\u00f6gid, vastuv\u00f5tud ja kultuuriprogramm)<\/p>\n<p>\u00dche p\u00e4eva osav\u00f5tutasu:<br \/>\n25 EUR + 10 EUR l\u00f5una<\/p>\n<p><u><strong>MAKSMINE<br \/>\n<\/strong><\/u><br \/>\n<strong>Siseriiklik makse<br \/>\n<\/strong>Makse saaja: MT\u00dc Baltic Heritage Network<br \/>\nAadress: Vanemuise 42, 51003 Tartu, Eesti<br \/>\nReg. number: 80266215<br \/>\nPank: Swedbank, Liivalaia 8, 15040 Tallinn, Eesti<br \/>\nArveldusarve: 221040453810<\/p>\n<p><strong>V\u00e4lismakse<br \/>\n<\/strong>Makse saaja:\u00a0MT\u00dc Baltic Heritage Network<br \/>\nAadress: Vanemuise\u00a042, 51003\u00a0Tartu, Eesti<br \/>\nReg. number: 80266215<br \/>\nPank: Swedbank, Liivalaia 8, 15040 Tallinn, Eesti<br \/>\nArveldusarve\u00a0(IBAN): EE 32 2200221040453810<br \/>\nPanga kood\u00a0(SWIFT): HABA EE2X<\/p>\n","protected":false},"excerpt":{"rendered":"<p>Registreerimine NB!\u00a0Registreerumisvormi saatmise t\u00e4htaeg\u00a0on 10. juuni 2012 KONVERENTSI OSAV\u00d5TUTASU BaltHerNeti liikmed Varajane registreerumine ja maksmine kuni 9.maini: 60 EUR (sealhulgas konverentsimapp, l\u00f5unas\u00f6\u00f6gid, vastuv\u00f5tud ja kultuuriprogramm) Registreerumine ja maksmine\u00a0p\u00e4rast\u00a09. maid\u00a0(kuni 10. juunini): 75 EUR (sealhulgas konverentsimapp, l\u00f5unas\u00f6\u00f6gid, vastuv\u00f5tud ja kultuuriprogramm) \u00dche p\u00e4eva osav\u00f5tutasu: 15 EUR + 10 EUR l\u00f5una BaltHerNeti mitteliikmed Varajane registreerumine ja maksmine kuni 9. maini: 80 EUR (sealhulgas konverentsimapp, l\u00f5unas\u00f6\u00f6gid, vastuv\u00f5tud ja kultuuriprogramm) Registreerumine ja maksmine\u00a0p\u00e4rast\u00a09. maid\u00a0(kuni 10. juunini) 100 EUR (sealhulgas konverentsimapp, l\u00f5unas\u00f6\u00f6gid, vastuv\u00f5tud ja kultuuriprogramm) \u00dche p\u00e4eva osav\u00f5tutasu: 25 EUR + 10 EUR l\u00f5una MAKSMINE Siseriiklik makse Makse saaja: MT\u00dc Baltic Heritage Network Aadress: Vanemuise 42, 51003 Tartu, Eesti Reg. number: 80266215 Pank: Swedbank, Liivalaia 8, 15040 Tallinn, Eesti Arveldusarve: 221040453810 V\u00e4lismakse Makse saaja:\u00a0MT\u00dc Baltic Heritage Network Aadress: Vanemuise\u00a042, 51003\u00a0Tartu, Eesti Reg. number: 80266215 Pank: Swedbank, Liivalaia 8, 15040 Tallinn, Eesti Arveldusarve\u00a0(IBAN): EE 32 2200221040453810 Panga kood\u00a0(SWIFT): HABA EE2X<\/p>\n","protected":false},"author":7,"featured_media":0,"parent":2884,"menu_order":2,"comment_status":"closed","ping_status":"closed","template":"","meta":{"_acf_changed":false,"_monsterinsights_skip_tracking":false,"_monsterinsights_sitenote_active":false,"_monsterinsights_sitenote_note":"","_monsterinsights_sitenote_category":0,"ngg_post_thumbnail":0,"footnotes":""},"class_list":["post-2891","page","type-page","status-publish","hentry"],"acf":[],"yoast_head":"<!-- This site is optimized with the Yoast SEO plugin v24.2 - https:\/\/yoast.com\/wordpress\/plugins\/seo\/ -->\n<title>Registreerimine - BaltHerNet<\/title>\n<meta name=\"robots\" content=\"index, follow, max-snippet:-1, max-image-preview:large, max-video-preview:-1\" \/>\n<link rel=\"canonical\" href=\"https:\/\/www.balther.net\/et\/koostoo\/konverentsid\/baltherneti-2012-konverents-hidden-treasures-varjatud-varandused\/registreerimine\/\" \/>\n<meta property=\"og:locale\" content=\"et_EE\" \/>\n<meta property=\"og:type\" content=\"article\" \/>\n<meta property=\"og:title\" content=\"Registreerimine - BaltHerNet\" \/>\n<meta property=\"og:description\" content=\"Registreerimine NB!\u00a0Registreerumisvormi saatmise t\u00e4htaeg\u00a0on 10. juuni 2012 KONVERENTSI OSAV\u00d5TUTASU BaltHerNeti liikmed Varajane registreerumine ja maksmine kuni 9.maini: 60 EUR (sealhulgas konverentsimapp, l\u00f5unas\u00f6\u00f6gid, vastuv\u00f5tud ja kultuuriprogramm) Registreerumine ja maksmine\u00a0p\u00e4rast\u00a09. maid\u00a0(kuni 10. juunini): 75 EUR (sealhulgas konverentsimapp, l\u00f5unas\u00f6\u00f6gid, vastuv\u00f5tud ja kultuuriprogramm) \u00dche p\u00e4eva osav\u00f5tutasu: 15 EUR + 10 EUR l\u00f5una BaltHerNeti mitteliikmed Varajane registreerumine ja maksmine kuni 9. maini: 80 EUR (sealhulgas konverentsimapp, l\u00f5unas\u00f6\u00f6gid, vastuv\u00f5tud ja kultuuriprogramm) Registreerumine ja maksmine\u00a0p\u00e4rast\u00a09. maid\u00a0(kuni 10. juunini) 100 EUR (sealhulgas konverentsimapp, l\u00f5unas\u00f6\u00f6gid, vastuv\u00f5tud ja kultuuriprogramm) \u00dche p\u00e4eva osav\u00f5tutasu: 25 EUR + 10 EUR l\u00f5una MAKSMINE Siseriiklik makse Makse saaja: MT\u00dc Baltic Heritage Network Aadress: Vanemuise 42, 51003 Tartu, Eesti Reg. number: 80266215 Pank: Swedbank, Liivalaia 8, 15040 Tallinn, Eesti Arveldusarve: 221040453810 V\u00e4lismakse Makse saaja:\u00a0MT\u00dc Baltic Heritage Network Aadress: Vanemuise\u00a042, 51003\u00a0Tartu, Eesti Reg. number: 80266215 Pank: Swedbank, Liivalaia 8, 15040 Tallinn, Eesti Arveldusarve\u00a0(IBAN): EE 32 2200221040453810 Panga kood\u00a0(SWIFT): HABA EE2X\" \/>\n<meta property=\"og:url\" content=\"https:\/\/www.balther.net\/et\/koostoo\/konverentsid\/baltherneti-2012-konverents-hidden-treasures-varjatud-varandused\/registreerimine\/\" \/>\n<meta property=\"og:site_name\" content=\"BaltHerNet\" \/>\n<meta property=\"article:modified_time\" content=\"2016-02-04T20:24:08+00:00\" \/>\n<meta name=\"twitter:card\" content=\"summary_large_image\" \/>\n<meta name=\"twitter:label1\" content=\"Est. reading time\" \/>\n\t<meta name=\"twitter:data1\" content=\"1 minut\" \/>\n<script type=\"application\/ld+json\" class=\"yoast-schema-graph\">{\"@context\":\"https:\/\/schema.org\",\"@graph\":[{\"@type\":\"WebPage\",\"@id\":\"https:\/\/www.balther.net\/et\/koostoo\/konverentsid\/baltherneti-2012-konverents-hidden-treasures-varjatud-varandused\/registreerimine\/\",\"url\":\"https:\/\/www.balther.net\/et\/koostoo\/konverentsid\/baltherneti-2012-konverents-hidden-treasures-varjatud-varandused\/registreerimine\/\",\"name\":\"Registreerimine - BaltHerNet\",\"isPartOf\":{\"@id\":\"https:\/\/www.balther.net\/#website\"},\"datePublished\":\"2016-01-19T18:11:56+00:00\",\"dateModified\":\"2016-02-04T20:24:08+00:00\",\"breadcrumb\":{\"@id\":\"https:\/\/www.balther.net\/et\/koostoo\/konverentsid\/baltherneti-2012-konverents-hidden-treasures-varjatud-varandused\/registreerimine\/#breadcrumb\"},\"inLanguage\":\"et\",\"potentialAction\":[{\"@type\":\"ReadAction\",\"target\":[\"https:\/\/www.balther.net\/et\/koostoo\/konverentsid\/baltherneti-2012-konverents-hidden-treasures-varjatud-varandused\/registreerimine\/\"]}]},{\"@type\":\"BreadcrumbList\",\"@id\":\"https:\/\/www.balther.net\/et\/koostoo\/konverentsid\/baltherneti-2012-konverents-hidden-treasures-varjatud-varandused\/registreerimine\/#breadcrumb\",\"itemListElement\":[{\"@type\":\"ListItem\",\"position\":1,\"name\":\"Home\",\"item\":\"https:\/\/www.balther.net\/et\/\"},{\"@type\":\"ListItem\",\"position\":2,\"name\":\"Koost\u00f6\u00f6\",\"item\":\"https:\/\/www.balther.net\/et\/koostoo\/\"},{\"@type\":\"ListItem\",\"position\":3,\"name\":\"Konverentsid\",\"item\":\"https:\/\/www.balther.net\/et\/koostoo\/konverentsid\/\"},{\"@type\":\"ListItem\",\"position\":4,\"name\":\"2012 : Hidden Treasures \/ Varjatud varandused\",\"item\":\"https:\/\/www.balther.net\/et\/koostoo\/konverentsid\/baltherneti-2012-konverents-hidden-treasures-varjatud-varandused\/\"},{\"@type\":\"ListItem\",\"position\":5,\"name\":\"Registreerimine\"}]},{\"@type\":\"WebSite\",\"@id\":\"https:\/\/www.balther.net\/#website\",\"url\":\"https:\/\/www.balther.net\/\",\"name\":\"BaltHerNet\",\"description\":\"\",\"potentialAction\":[{\"@type\":\"SearchAction\",\"target\":{\"@type\":\"EntryPoint\",\"urlTemplate\":\"https:\/\/www.balther.net\/?s={search_term_string}\"},\"query-input\":{\"@type\":\"PropertyValueSpecification\",\"valueRequired\":true,\"valueName\":\"search_term_string\"}}],\"inLanguage\":\"et\"}]}<\/script>\n<!-- \/ Yoast SEO plugin. -->","yoast_head_json":{"title":"Registreerimine - BaltHerNet","robots":{"index":"index","follow":"follow","max-snippet":"max-snippet:-1","max-image-preview":"max-image-preview:large","max-video-preview":"max-video-preview:-1"},"canonical":"https:\/\/www.balther.net\/et\/koostoo\/konverentsid\/baltherneti-2012-konverents-hidden-treasures-varjatud-varandused\/registreerimine\/","og_locale":"et_EE","og_type":"article","og_title":"Registreerimine - BaltHerNet","og_description":"Registreerimine NB!\u00a0Registreerumisvormi saatmise t\u00e4htaeg\u00a0on 10. juuni 2012 KONVERENTSI OSAV\u00d5TUTASU BaltHerNeti liikmed Varajane registreerumine ja maksmine kuni 9.maini: 60 EUR (sealhulgas konverentsimapp, l\u00f5unas\u00f6\u00f6gid, vastuv\u00f5tud ja kultuuriprogramm) Registreerumine ja maksmine\u00a0p\u00e4rast\u00a09. maid\u00a0(kuni 10. juunini): 75 EUR (sealhulgas konverentsimapp, l\u00f5unas\u00f6\u00f6gid, vastuv\u00f5tud ja kultuuriprogramm) \u00dche p\u00e4eva osav\u00f5tutasu: 15 EUR + 10 EUR l\u00f5una BaltHerNeti mitteliikmed Varajane registreerumine ja maksmine kuni 9. maini: 80 EUR (sealhulgas konverentsimapp, l\u00f5unas\u00f6\u00f6gid, vastuv\u00f5tud ja kultuuriprogramm) Registreerumine ja maksmine\u00a0p\u00e4rast\u00a09. maid\u00a0(kuni 10. juunini) 100 EUR (sealhulgas konverentsimapp, l\u00f5unas\u00f6\u00f6gid, vastuv\u00f5tud ja kultuuriprogramm) \u00dche p\u00e4eva osav\u00f5tutasu: 25 EUR + 10 EUR l\u00f5una MAKSMINE Siseriiklik makse Makse saaja: MT\u00dc Baltic Heritage Network Aadress: Vanemuise 42, 51003 Tartu, Eesti Reg. number: 80266215 Pank: Swedbank, Liivalaia 8, 15040 Tallinn, Eesti Arveldusarve: 221040453810 V\u00e4lismakse Makse saaja:\u00a0MT\u00dc Baltic Heritage Network Aadress: Vanemuise\u00a042, 51003\u00a0Tartu, Eesti Reg. number: 80266215 Pank: Swedbank, Liivalaia 8, 15040 Tallinn, Eesti Arveldusarve\u00a0(IBAN): EE 32 2200221040453810 Panga kood\u00a0(SWIFT): HABA EE2X","og_url":"https:\/\/www.balther.net\/et\/koostoo\/konverentsid\/baltherneti-2012-konverents-hidden-treasures-varjatud-varandused\/registreerimine\/","og_site_name":"BaltHerNet","article_modified_time":"2016-02-04T20:24:08+00:00","twitter_card":"summary_large_image","twitter_misc":{"Est. reading time":"1 minut"},"schema":{"@context":"https:\/\/schema.org","@graph":[{"@type":"WebPage","@id":"https:\/\/www.balther.net\/et\/koostoo\/konverentsid\/baltherneti-2012-konverents-hidden-treasures-varjatud-varandused\/registreerimine\/","url":"https:\/\/www.balther.net\/et\/koostoo\/konverentsid\/baltherneti-2012-konverents-hidden-treasures-varjatud-varandused\/registreerimine\/","name":"Registreerimine - BaltHerNet","isPartOf":{"@id":"https:\/\/www.balther.net\/#website"},"datePublished":"2016-01-19T18:11:56+00:00","dateModified":"2016-02-04T20:24:08+00:00","breadcrumb":{"@id":"https:\/\/www.balther.net\/et\/koostoo\/konverentsid\/baltherneti-2012-konverents-hidden-treasures-varjatud-varandused\/registreerimine\/#breadcrumb"},"inLanguage":"et","potentialAction":[{"@type":"ReadAction","target":["https:\/\/www.balther.net\/et\/koostoo\/konverentsid\/baltherneti-2012-konverents-hidden-treasures-varjatud-varandused\/registreerimine\/"]}]},{"@type":"BreadcrumbList","@id":"https:\/\/www.balther.net\/et\/koostoo\/konverentsid\/baltherneti-2012-konverents-hidden-treasures-varjatud-varandused\/registreerimine\/#breadcrumb","itemListElement":[{"@type":"ListItem","position":1,"name":"Home","item":"https:\/\/www.balther.net\/et\/"},{"@type":"ListItem","position":2,"name":"Koost\u00f6\u00f6","item":"https:\/\/www.balther.net\/et\/koostoo\/"},{"@type":"ListItem","position":3,"name":"Konverentsid","item":"https:\/\/www.balther.net\/et\/koostoo\/konverentsid\/"},{"@type":"ListItem","position":4,"name":"2012 : Hidden Treasures \/ Varjatud varandused","item":"https:\/\/www.balther.net\/et\/koostoo\/konverentsid\/baltherneti-2012-konverents-hidden-treasures-varjatud-varandused\/"},{"@type":"ListItem","position":5,"name":"Registreerimine"}]},{"@type":"WebSite","@id":"https:\/\/www.balther.net\/#website","url":"https:\/\/www.balther.net\/","name":"BaltHerNet","description":"","potentialAction":[{"@type":"SearchAction","target":{"@type":"EntryPoint","urlTemplate":"https:\/\/www.balther.net\/?s={search_term_string}"},"query-input":{"@type":"PropertyValueSpecification","valueRequired":true,"valueName":"search_term_string"}}],"inLanguage":"et"}]}},"_links":{"self":[{"href":"https:\/\/www.balther.net\/et\/wp-json\/wp\/v2\/pages\/2891","targetHints":{"allow":["GET"]}}],"collection":[{"href":"https:\/\/www.balther.net\/et\/wp-json\/wp\/v2\/pages"}],"about":[{"href":"https:\/\/www.balther.net\/et\/wp-json\/wp\/v2\/types\/page"}],"author":[{"embeddable":true,"href":"https:\/\/www.balther.net\/et\/wp-json\/wp\/v2\/users\/7"}],"replies":[{"embeddable":true,"href":"https:\/\/www.balther.net\/et\/wp-json\/wp\/v2\/comments?post=2891"}],"version-history":[{"count":3,"href":"https:\/\/www.balther.net\/et\/wp-json\/wp\/v2\/pages\/2891\/revisions"}],"predecessor-version":[{"id":3113,"href":"https:\/\/www.balther.net\/et\/wp-json\/wp\/v2\/pages\/2891\/revisions\/3113"}],"up":[{"embeddable":true,"href":"https:\/\/www.balther.net\/et\/wp-json\/wp\/v2\/pages\/2884"}],"wp:attachment":[{"href":"https:\/\/www.balther.net\/et\/wp-json\/wp\/v2\/media?parent=2891"}],"curies":[{"name":"wp","href":"https:\/\/api.w.org\/{rel}","templated":true}]}}