{"id":2839,"date":"2016-01-19T13:43:07","date_gmt":"2016-01-19T13:43:07","guid":{"rendered":"http:\/\/uus.balther.net\/et\/?page_id=2839"},"modified":"2016-01-19T13:45:15","modified_gmt":"2016-01-19T13:45:15","slug":"eesti-rahva-muuseum-kuulutab-valja-malestuste-kogumise-voistluse-valiseestlaste-reisid-noukogude-eestisse","status":"publish","type":"page","link":"https:\/\/www.balther.net\/et\/koostoo\/kogumisvoistlused\/eesti-rahva-muuseum-kuulutab-valja-malestuste-kogumise-voistluse-valiseestlaste-reisid-noukogude-eestisse\/","title":{"rendered":"Eesti Rahva Muuseum kuulutab v\u00e4lja m\u00e4lestuste kogumise v\u00f5istluse \u201eV\u00e4liseestlaste reisid N\u00f5ukogude Eestisse\u201c"},"content":{"rendered":"<h5 style=\"text-align: justify;\">Eesti Rahva Muuseum kuulutab v\u00e4lja m\u00e4lestuste kogumise v\u00f5istluse \u201eV\u00e4liseestlaste reisid N\u00f5ukogude Eestisse\u201c<\/h5>\n<p style=\"text-align: justify;\">P\u00e4rast Eesti sunniviisilist liitmist N\u00f5ukogude Liiduga eraldas Eestit muust maailmast \u201eraudne eesriie\u201c. Teise maailmas\u00f5ja j\u00e4rgseil aastail olid piirid sama h\u00e4sti kui kinni, hakates veidi paotuma 1950. aastate keskpaigas. V\u00e4listurism hakkas elavnema 1960. aastate teisel poolel, kuid j\u00e4i siiski v\u00e4ga piiratuks, olles totalitaarse re\u017eiimi tingimustes allutatud rangele kontrollile. 2008. aastal kutsus Eesti Rahva Muuseum Eesti inimesi meenutama oma v\u00e4lismaareise n\u00f5ukogude ajal.<\/p>\n<p style=\"text-align: justify;\">Samal ajal toimus ka teisesuunaline liikumine. M\u00f5ned v\u00e4lismaale p\u00f5genenud eestlased tulid Eestisse k\u00fclla juba esimesel v\u00f5imalusel \u2013 1950. aastate l\u00f5pus ja 1960. aastail. Palju oli neid, kes kunagi ei k\u00fclastanud okupeeritud kodumaad, samas oli 1970. ja 1980. aastail Eestisse s\u00f5itjate hulk juba m\u00e4rkimisv\u00e4\u00e4rne. N\u00fc\u00fcd palub muuseum v\u00e4lismaal elavaid eestlasi kirja panna oma m\u00e4lestusi reisidest Eestisse n\u00f5ukogude ajal, oma muljeid N\u00f5ukogude Eestist, siinsest elust ja inimestest ning n\u00f5ukogude s\u00fcsteemist.<\/p>\n<p style=\"text-align: justify;\">V\u00f5istlusele on oodatud nii pikemad kui l\u00fchemad vabas vormis kaast\u00f6\u00f6d. V\u00f5ite juhinduda <strong><a href=\"http:\/\/www.erm.ee\/et\/Osale\/Kaastoo\/Kysimuslehed\/Valiseestlaste-reisid-Noukogude-Eestisse\" target=\"_blank\">k\u00fcsimuslehest<\/a><\/strong>, vastates kas k\u00f5igile k\u00fcsimustele v\u00f5i osale neist. M\u00f5istagi ei suuda k\u00fcsimustik h\u00f5lmata k\u00f5iki erinevaid olukordi, selle eesm\u00e4rgiks on pigem m\u00f5tteid suunata. V\u00f5ite kirjutada ka t\u00e4iesti vabalt, etteantud k\u00fcsimusi j\u00e4rgimata. Oodatud on muudki asjakohased m\u00e4lestused, mis Teile olulised tunduvad. Kui k\u00e4isite n\u00f5ukogude ajal Eestis korduvalt, kirjutage neist reisidest eraldi v\u00f5i siis vaadelge erinevaid valdkondi aegade l\u00f5ikes. Kui m\u00f5ni kirjeldatav olukord on Teile v\u00e4ga tundlik, v\u00f5ite kasutada varjunime.<\/p>\n<p style=\"text-align: justify;\">Eesti Rahva Muuseum on t\u00e4nulik ka fotode eest, mis illustreerivad Teie poolt kirjutatut. Fotosid ja negatiive v\u00f5etakse vastu kingitusena v\u00f5i laenatakse koopiate tegemiseks (saadetises palume \u00e4ra m\u00e4rkida, kas neid soovitakse kinkida v\u00f5i laenata). Palume fotosid paberile mitte liimida. Andmed fotode kohta lisage eraldi lehel. Albumis olevaid fotosid poleks hea eraldada, saatke kogu album.<\/p>\n<p style=\"text-align: justify;\">T\u00f6\u00f6le lisage vastaja isikuandmed: nimi (soovi korral v\u00f5ite j\u00e4\u00e4da anon\u00fc\u00fcmseks, kuid m\u00e4rkige sel juhul oma sugu); kontaktandmed; s\u00fcnniaeg ja \u2013s\u00fcnnikoht; haridus, eriala; t\u00f6\u00f6koht ajal, kui k\u00e4isite Eestis.<\/p>\n<p style=\"text-align: justify;\">T\u00f6\u00f6de esitamise t\u00e4htaeg on <strong>30. september 2009<\/strong>. Kaast\u00f6\u00f6d palume saata elektroonselt (<a href=\"mailto:anu.jars[at]erm.ee\" target=\"_blank\">anu.jars@erm.ee<\/a>) v\u00f5i postiga (Eesti Rahva Muuseum, Veski 32, 51014 Tartu, Eesti).<\/p>\n<p style=\"text-align: justify;\">K\u00f5iki kaast\u00f6id s\u00e4ilitatakse Eesti Rahva Muuseumis.<\/p>\n<p style=\"text-align: justify;\">Parimatele kirjutajatele preemiad!<\/p>\n<p style=\"text-align: justify;\">Info: Anu J\u00e4rs, <a href=\"mailto:anu.jars[at]erm.ee\" target=\"_blank\">anu.jars@erm.ee<\/a>, t. +\u00a0372\u00a07350\u00a0440<\/p>\n","protected":false},"excerpt":{"rendered":"<p>Eesti Rahva Muuseum kuulutab v\u00e4lja m\u00e4lestuste kogumise v\u00f5istluse \u201eV\u00e4liseestlaste reisid N\u00f5ukogude Eestisse\u201c P\u00e4rast Eesti sunniviisilist liitmist N\u00f5ukogude Liiduga eraldas Eestit muust maailmast \u201eraudne eesriie\u201c. Teise maailmas\u00f5ja j\u00e4rgseil aastail olid piirid sama h\u00e4sti kui kinni, hakates veidi paotuma 1950. aastate keskpaigas. V\u00e4listurism hakkas elavnema 1960. aastate teisel poolel, kuid j\u00e4i siiski v\u00e4ga piiratuks, olles totalitaarse re\u017eiimi tingimustes allutatud rangele kontrollile. 2008. aastal kutsus Eesti Rahva Muuseum Eesti inimesi meenutama oma v\u00e4lismaareise n\u00f5ukogude ajal. Samal ajal toimus ka teisesuunaline liikumine. M\u00f5ned v\u00e4lismaale p\u00f5genenud eestlased tulid Eestisse k\u00fclla juba esimesel v\u00f5imalusel \u2013 1950. aastate l\u00f5pus ja 1960. aastail. Palju oli neid, kes kunagi ei k\u00fclastanud okupeeritud kodumaad, samas oli 1970. ja 1980. aastail Eestisse s\u00f5itjate hulk juba m\u00e4rkimisv\u00e4\u00e4rne. N\u00fc\u00fcd palub muuseum v\u00e4lismaal elavaid eestlasi kirja panna oma m\u00e4lestusi reisidest Eestisse n\u00f5ukogude ajal, oma muljeid N\u00f5ukogude Eestist, siinsest elust ja inimestest ning n\u00f5ukogude s\u00fcsteemist. V\u00f5istlusele on oodatud nii pikemad kui l\u00fchemad vabas vormis kaast\u00f6\u00f6d. V\u00f5ite juhinduda k\u00fcsimuslehest, vastates kas k\u00f5igile k\u00fcsimustele v\u00f5i osale neist. M\u00f5istagi ei suuda k\u00fcsimustik h\u00f5lmata k\u00f5iki erinevaid olukordi, selle eesm\u00e4rgiks on pigem m\u00f5tteid suunata. V\u00f5ite kirjutada ka t\u00e4iesti vabalt, etteantud k\u00fcsimusi j\u00e4rgimata. Oodatud on muudki asjakohased m\u00e4lestused, mis Teile olulised tunduvad. Kui k\u00e4isite n\u00f5ukogude ajal Eestis korduvalt, kirjutage neist reisidest eraldi v\u00f5i siis vaadelge erinevaid valdkondi aegade l\u00f5ikes. Kui m\u00f5ni kirjeldatav olukord on Teile v\u00e4ga tundlik, v\u00f5ite kasutada varjunime. Eesti Rahva Muuseum on t\u00e4nulik ka fotode eest, mis illustreerivad Teie poolt kirjutatut. Fotosid ja negatiive v\u00f5etakse vastu kingitusena v\u00f5i laenatakse koopiate tegemiseks (saadetises palume \u00e4ra m\u00e4rkida, kas neid soovitakse kinkida v\u00f5i laenata). Palume fotosid paberile mitte liimida. Andmed fotode kohta lisage eraldi lehel. Albumis olevaid fotosid poleks hea eraldada, saatke kogu album. T\u00f6\u00f6le lisage vastaja isikuandmed: nimi (soovi korral v\u00f5ite j\u00e4\u00e4da anon\u00fc\u00fcmseks, kuid m\u00e4rkige sel juhul oma sugu); kontaktandmed; s\u00fcnniaeg ja \u2013s\u00fcnnikoht; haridus, eriala; t\u00f6\u00f6koht ajal, kui k\u00e4isite Eestis. T\u00f6\u00f6de esitamise t\u00e4htaeg on 30. september 2009. Kaast\u00f6\u00f6d palume saata elektroonselt (anu.jars@erm.ee) v\u00f5i postiga (Eesti Rahva Muuseum, Veski 32, 51014 Tartu, Eesti). K\u00f5iki kaast\u00f6id s\u00e4ilitatakse Eesti Rahva Muuseumis. Parimatele kirjutajatele preemiad! Info: Anu J\u00e4rs, anu.jars@erm.ee, t. +\u00a0372\u00a07350\u00a0440<\/p>\n","protected":false},"author":7,"featured_media":0,"parent":452,"menu_order":2,"comment_status":"closed","ping_status":"closed","template":"","meta":{"_acf_changed":false,"_monsterinsights_skip_tracking":false,"_monsterinsights_sitenote_active":false,"_monsterinsights_sitenote_note":"","_monsterinsights_sitenote_category":0,"ngg_post_thumbnail":0,"footnotes":""},"class_list":["post-2839","page","type-page","status-publish","hentry"],"acf":[],"yoast_head":"<!-- This site is optimized with the Yoast SEO plugin v24.2 - https:\/\/yoast.com\/wordpress\/plugins\/seo\/ -->\n<title>Eesti Rahva Muuseum kuulutab v\u00e4lja m\u00e4lestuste kogumise v\u00f5istluse \u201eV\u00e4liseestlaste reisid N\u00f5ukogude Eestisse\u201c - BaltHerNet<\/title>\n<meta name=\"robots\" content=\"index, follow, max-snippet:-1, max-image-preview:large, max-video-preview:-1\" \/>\n<link rel=\"canonical\" href=\"https:\/\/www.balther.net\/et\/koostoo\/kogumisvoistlused\/eesti-rahva-muuseum-kuulutab-valja-malestuste-kogumise-voistluse-valiseestlaste-reisid-noukogude-eestisse\/\" \/>\n<meta property=\"og:locale\" content=\"et_EE\" \/>\n<meta property=\"og:type\" content=\"article\" \/>\n<meta property=\"og:title\" content=\"Eesti Rahva Muuseum kuulutab v\u00e4lja m\u00e4lestuste kogumise v\u00f5istluse \u201eV\u00e4liseestlaste reisid N\u00f5ukogude Eestisse\u201c - BaltHerNet\" \/>\n<meta property=\"og:description\" content=\"Eesti Rahva Muuseum kuulutab v\u00e4lja m\u00e4lestuste kogumise v\u00f5istluse \u201eV\u00e4liseestlaste reisid N\u00f5ukogude Eestisse\u201c P\u00e4rast Eesti sunniviisilist liitmist N\u00f5ukogude Liiduga eraldas Eestit muust maailmast \u201eraudne eesriie\u201c. Teise maailmas\u00f5ja j\u00e4rgseil aastail olid piirid sama h\u00e4sti kui kinni, hakates veidi paotuma 1950. aastate keskpaigas. V\u00e4listurism hakkas elavnema 1960. aastate teisel poolel, kuid j\u00e4i siiski v\u00e4ga piiratuks, olles totalitaarse re\u017eiimi tingimustes allutatud rangele kontrollile. 2008. aastal kutsus Eesti Rahva Muuseum Eesti inimesi meenutama oma v\u00e4lismaareise n\u00f5ukogude ajal. Samal ajal toimus ka teisesuunaline liikumine. M\u00f5ned v\u00e4lismaale p\u00f5genenud eestlased tulid Eestisse k\u00fclla juba esimesel v\u00f5imalusel \u2013 1950. aastate l\u00f5pus ja 1960. aastail. Palju oli neid, kes kunagi ei k\u00fclastanud okupeeritud kodumaad, samas oli 1970. ja 1980. aastail Eestisse s\u00f5itjate hulk juba m\u00e4rkimisv\u00e4\u00e4rne. N\u00fc\u00fcd palub muuseum v\u00e4lismaal elavaid eestlasi kirja panna oma m\u00e4lestusi reisidest Eestisse n\u00f5ukogude ajal, oma muljeid N\u00f5ukogude Eestist, siinsest elust ja inimestest ning n\u00f5ukogude s\u00fcsteemist. V\u00f5istlusele on oodatud nii pikemad kui l\u00fchemad vabas vormis kaast\u00f6\u00f6d. V\u00f5ite juhinduda k\u00fcsimuslehest, vastates kas k\u00f5igile k\u00fcsimustele v\u00f5i osale neist. M\u00f5istagi ei suuda k\u00fcsimustik h\u00f5lmata k\u00f5iki erinevaid olukordi, selle eesm\u00e4rgiks on pigem m\u00f5tteid suunata. V\u00f5ite kirjutada ka t\u00e4iesti vabalt, etteantud k\u00fcsimusi j\u00e4rgimata. Oodatud on muudki asjakohased m\u00e4lestused, mis Teile olulised tunduvad. Kui k\u00e4isite n\u00f5ukogude ajal Eestis korduvalt, kirjutage neist reisidest eraldi v\u00f5i siis vaadelge erinevaid valdkondi aegade l\u00f5ikes. Kui m\u00f5ni kirjeldatav olukord on Teile v\u00e4ga tundlik, v\u00f5ite kasutada varjunime. Eesti Rahva Muuseum on t\u00e4nulik ka fotode eest, mis illustreerivad Teie poolt kirjutatut. Fotosid ja negatiive v\u00f5etakse vastu kingitusena v\u00f5i laenatakse koopiate tegemiseks (saadetises palume \u00e4ra m\u00e4rkida, kas neid soovitakse kinkida v\u00f5i laenata). Palume fotosid paberile mitte liimida. Andmed fotode kohta lisage eraldi lehel. Albumis olevaid fotosid poleks hea eraldada, saatke kogu album. T\u00f6\u00f6le lisage vastaja isikuandmed: nimi (soovi korral v\u00f5ite j\u00e4\u00e4da anon\u00fc\u00fcmseks, kuid m\u00e4rkige sel juhul oma sugu); kontaktandmed; s\u00fcnniaeg ja \u2013s\u00fcnnikoht; haridus, eriala; t\u00f6\u00f6koht ajal, kui k\u00e4isite Eestis. T\u00f6\u00f6de esitamise t\u00e4htaeg on 30. september 2009. Kaast\u00f6\u00f6d palume saata elektroonselt (anu.jars@erm.ee) v\u00f5i postiga (Eesti Rahva Muuseum, Veski 32, 51014 Tartu, Eesti). K\u00f5iki kaast\u00f6id s\u00e4ilitatakse Eesti Rahva Muuseumis. Parimatele kirjutajatele preemiad! Info: Anu J\u00e4rs, anu.jars@erm.ee, t. +\u00a0372\u00a07350\u00a0440\" \/>\n<meta property=\"og:url\" content=\"https:\/\/www.balther.net\/et\/koostoo\/kogumisvoistlused\/eesti-rahva-muuseum-kuulutab-valja-malestuste-kogumise-voistluse-valiseestlaste-reisid-noukogude-eestisse\/\" \/>\n<meta property=\"og:site_name\" content=\"BaltHerNet\" \/>\n<meta property=\"article:modified_time\" content=\"2016-01-19T13:45:15+00:00\" \/>\n<meta name=\"twitter:card\" content=\"summary_large_image\" \/>\n<meta name=\"twitter:label1\" content=\"Est. reading time\" \/>\n\t<meta name=\"twitter:data1\" content=\"2 minutit\" \/>\n<script type=\"application\/ld+json\" class=\"yoast-schema-graph\">{\"@context\":\"https:\/\/schema.org\",\"@graph\":[{\"@type\":\"WebPage\",\"@id\":\"https:\/\/www.balther.net\/et\/koostoo\/kogumisvoistlused\/eesti-rahva-muuseum-kuulutab-valja-malestuste-kogumise-voistluse-valiseestlaste-reisid-noukogude-eestisse\/\",\"url\":\"https:\/\/www.balther.net\/et\/koostoo\/kogumisvoistlused\/eesti-rahva-muuseum-kuulutab-valja-malestuste-kogumise-voistluse-valiseestlaste-reisid-noukogude-eestisse\/\",\"name\":\"Eesti Rahva Muuseum kuulutab v\u00e4lja m\u00e4lestuste kogumise v\u00f5istluse \u201eV\u00e4liseestlaste reisid N\u00f5ukogude Eestisse\u201c - BaltHerNet\",\"isPartOf\":{\"@id\":\"https:\/\/www.balther.net\/#website\"},\"datePublished\":\"2016-01-19T13:43:07+00:00\",\"dateModified\":\"2016-01-19T13:45:15+00:00\",\"breadcrumb\":{\"@id\":\"https:\/\/www.balther.net\/et\/koostoo\/kogumisvoistlused\/eesti-rahva-muuseum-kuulutab-valja-malestuste-kogumise-voistluse-valiseestlaste-reisid-noukogude-eestisse\/#breadcrumb\"},\"inLanguage\":\"et\",\"potentialAction\":[{\"@type\":\"ReadAction\",\"target\":[\"https:\/\/www.balther.net\/et\/koostoo\/kogumisvoistlused\/eesti-rahva-muuseum-kuulutab-valja-malestuste-kogumise-voistluse-valiseestlaste-reisid-noukogude-eestisse\/\"]}]},{\"@type\":\"BreadcrumbList\",\"@id\":\"https:\/\/www.balther.net\/et\/koostoo\/kogumisvoistlused\/eesti-rahva-muuseum-kuulutab-valja-malestuste-kogumise-voistluse-valiseestlaste-reisid-noukogude-eestisse\/#breadcrumb\",\"itemListElement\":[{\"@type\":\"ListItem\",\"position\":1,\"name\":\"Home\",\"item\":\"https:\/\/www.balther.net\/et\/\"},{\"@type\":\"ListItem\",\"position\":2,\"name\":\"Koost\u00f6\u00f6\",\"item\":\"https:\/\/www.balther.net\/et\/koostoo\/\"},{\"@type\":\"ListItem\",\"position\":3,\"name\":\"Kogumisv\u00f5istlused\",\"item\":\"https:\/\/www.balther.net\/et\/koostoo\/kogumisvoistlused\/\"},{\"@type\":\"ListItem\",\"position\":4,\"name\":\"Eesti Rahva Muuseum kuulutab v\u00e4lja m\u00e4lestuste kogumise v\u00f5istluse \u201eV\u00e4liseestlaste reisid N\u00f5ukogude Eestisse\u201c\"}]},{\"@type\":\"WebSite\",\"@id\":\"https:\/\/www.balther.net\/#website\",\"url\":\"https:\/\/www.balther.net\/\",\"name\":\"BaltHerNet\",\"description\":\"\",\"potentialAction\":[{\"@type\":\"SearchAction\",\"target\":{\"@type\":\"EntryPoint\",\"urlTemplate\":\"https:\/\/www.balther.net\/?s={search_term_string}\"},\"query-input\":{\"@type\":\"PropertyValueSpecification\",\"valueRequired\":true,\"valueName\":\"search_term_string\"}}],\"inLanguage\":\"et\"}]}<\/script>\n<!-- \/ Yoast SEO plugin. -->","yoast_head_json":{"title":"Eesti Rahva Muuseum kuulutab v\u00e4lja m\u00e4lestuste kogumise v\u00f5istluse \u201eV\u00e4liseestlaste reisid N\u00f5ukogude Eestisse\u201c - BaltHerNet","robots":{"index":"index","follow":"follow","max-snippet":"max-snippet:-1","max-image-preview":"max-image-preview:large","max-video-preview":"max-video-preview:-1"},"canonical":"https:\/\/www.balther.net\/et\/koostoo\/kogumisvoistlused\/eesti-rahva-muuseum-kuulutab-valja-malestuste-kogumise-voistluse-valiseestlaste-reisid-noukogude-eestisse\/","og_locale":"et_EE","og_type":"article","og_title":"Eesti Rahva Muuseum kuulutab v\u00e4lja m\u00e4lestuste kogumise v\u00f5istluse \u201eV\u00e4liseestlaste reisid N\u00f5ukogude Eestisse\u201c - BaltHerNet","og_description":"Eesti Rahva Muuseum kuulutab v\u00e4lja m\u00e4lestuste kogumise v\u00f5istluse \u201eV\u00e4liseestlaste reisid N\u00f5ukogude Eestisse\u201c P\u00e4rast Eesti sunniviisilist liitmist N\u00f5ukogude Liiduga eraldas Eestit muust maailmast \u201eraudne eesriie\u201c. Teise maailmas\u00f5ja j\u00e4rgseil aastail olid piirid sama h\u00e4sti kui kinni, hakates veidi paotuma 1950. aastate keskpaigas. V\u00e4listurism hakkas elavnema 1960. aastate teisel poolel, kuid j\u00e4i siiski v\u00e4ga piiratuks, olles totalitaarse re\u017eiimi tingimustes allutatud rangele kontrollile. 2008. aastal kutsus Eesti Rahva Muuseum Eesti inimesi meenutama oma v\u00e4lismaareise n\u00f5ukogude ajal. Samal ajal toimus ka teisesuunaline liikumine. M\u00f5ned v\u00e4lismaale p\u00f5genenud eestlased tulid Eestisse k\u00fclla juba esimesel v\u00f5imalusel \u2013 1950. aastate l\u00f5pus ja 1960. aastail. Palju oli neid, kes kunagi ei k\u00fclastanud okupeeritud kodumaad, samas oli 1970. ja 1980. aastail Eestisse s\u00f5itjate hulk juba m\u00e4rkimisv\u00e4\u00e4rne. N\u00fc\u00fcd palub muuseum v\u00e4lismaal elavaid eestlasi kirja panna oma m\u00e4lestusi reisidest Eestisse n\u00f5ukogude ajal, oma muljeid N\u00f5ukogude Eestist, siinsest elust ja inimestest ning n\u00f5ukogude s\u00fcsteemist. V\u00f5istlusele on oodatud nii pikemad kui l\u00fchemad vabas vormis kaast\u00f6\u00f6d. V\u00f5ite juhinduda k\u00fcsimuslehest, vastates kas k\u00f5igile k\u00fcsimustele v\u00f5i osale neist. M\u00f5istagi ei suuda k\u00fcsimustik h\u00f5lmata k\u00f5iki erinevaid olukordi, selle eesm\u00e4rgiks on pigem m\u00f5tteid suunata. V\u00f5ite kirjutada ka t\u00e4iesti vabalt, etteantud k\u00fcsimusi j\u00e4rgimata. Oodatud on muudki asjakohased m\u00e4lestused, mis Teile olulised tunduvad. Kui k\u00e4isite n\u00f5ukogude ajal Eestis korduvalt, kirjutage neist reisidest eraldi v\u00f5i siis vaadelge erinevaid valdkondi aegade l\u00f5ikes. Kui m\u00f5ni kirjeldatav olukord on Teile v\u00e4ga tundlik, v\u00f5ite kasutada varjunime. Eesti Rahva Muuseum on t\u00e4nulik ka fotode eest, mis illustreerivad Teie poolt kirjutatut. Fotosid ja negatiive v\u00f5etakse vastu kingitusena v\u00f5i laenatakse koopiate tegemiseks (saadetises palume \u00e4ra m\u00e4rkida, kas neid soovitakse kinkida v\u00f5i laenata). Palume fotosid paberile mitte liimida. Andmed fotode kohta lisage eraldi lehel. Albumis olevaid fotosid poleks hea eraldada, saatke kogu album. T\u00f6\u00f6le lisage vastaja isikuandmed: nimi (soovi korral v\u00f5ite j\u00e4\u00e4da anon\u00fc\u00fcmseks, kuid m\u00e4rkige sel juhul oma sugu); kontaktandmed; s\u00fcnniaeg ja \u2013s\u00fcnnikoht; haridus, eriala; t\u00f6\u00f6koht ajal, kui k\u00e4isite Eestis. T\u00f6\u00f6de esitamise t\u00e4htaeg on 30. september 2009. Kaast\u00f6\u00f6d palume saata elektroonselt (anu.jars@erm.ee) v\u00f5i postiga (Eesti Rahva Muuseum, Veski 32, 51014 Tartu, Eesti). K\u00f5iki kaast\u00f6id s\u00e4ilitatakse Eesti Rahva Muuseumis. Parimatele kirjutajatele preemiad! Info: Anu J\u00e4rs, anu.jars@erm.ee, t. +\u00a0372\u00a07350\u00a0440","og_url":"https:\/\/www.balther.net\/et\/koostoo\/kogumisvoistlused\/eesti-rahva-muuseum-kuulutab-valja-malestuste-kogumise-voistluse-valiseestlaste-reisid-noukogude-eestisse\/","og_site_name":"BaltHerNet","article_modified_time":"2016-01-19T13:45:15+00:00","twitter_card":"summary_large_image","twitter_misc":{"Est. reading time":"2 minutit"},"schema":{"@context":"https:\/\/schema.org","@graph":[{"@type":"WebPage","@id":"https:\/\/www.balther.net\/et\/koostoo\/kogumisvoistlused\/eesti-rahva-muuseum-kuulutab-valja-malestuste-kogumise-voistluse-valiseestlaste-reisid-noukogude-eestisse\/","url":"https:\/\/www.balther.net\/et\/koostoo\/kogumisvoistlused\/eesti-rahva-muuseum-kuulutab-valja-malestuste-kogumise-voistluse-valiseestlaste-reisid-noukogude-eestisse\/","name":"Eesti Rahva Muuseum kuulutab v\u00e4lja m\u00e4lestuste kogumise v\u00f5istluse \u201eV\u00e4liseestlaste reisid N\u00f5ukogude Eestisse\u201c - BaltHerNet","isPartOf":{"@id":"https:\/\/www.balther.net\/#website"},"datePublished":"2016-01-19T13:43:07+00:00","dateModified":"2016-01-19T13:45:15+00:00","breadcrumb":{"@id":"https:\/\/www.balther.net\/et\/koostoo\/kogumisvoistlused\/eesti-rahva-muuseum-kuulutab-valja-malestuste-kogumise-voistluse-valiseestlaste-reisid-noukogude-eestisse\/#breadcrumb"},"inLanguage":"et","potentialAction":[{"@type":"ReadAction","target":["https:\/\/www.balther.net\/et\/koostoo\/kogumisvoistlused\/eesti-rahva-muuseum-kuulutab-valja-malestuste-kogumise-voistluse-valiseestlaste-reisid-noukogude-eestisse\/"]}]},{"@type":"BreadcrumbList","@id":"https:\/\/www.balther.net\/et\/koostoo\/kogumisvoistlused\/eesti-rahva-muuseum-kuulutab-valja-malestuste-kogumise-voistluse-valiseestlaste-reisid-noukogude-eestisse\/#breadcrumb","itemListElement":[{"@type":"ListItem","position":1,"name":"Home","item":"https:\/\/www.balther.net\/et\/"},{"@type":"ListItem","position":2,"name":"Koost\u00f6\u00f6","item":"https:\/\/www.balther.net\/et\/koostoo\/"},{"@type":"ListItem","position":3,"name":"Kogumisv\u00f5istlused","item":"https:\/\/www.balther.net\/et\/koostoo\/kogumisvoistlused\/"},{"@type":"ListItem","position":4,"name":"Eesti Rahva Muuseum kuulutab v\u00e4lja m\u00e4lestuste kogumise v\u00f5istluse \u201eV\u00e4liseestlaste reisid N\u00f5ukogude Eestisse\u201c"}]},{"@type":"WebSite","@id":"https:\/\/www.balther.net\/#website","url":"https:\/\/www.balther.net\/","name":"BaltHerNet","description":"","potentialAction":[{"@type":"SearchAction","target":{"@type":"EntryPoint","urlTemplate":"https:\/\/www.balther.net\/?s={search_term_string}"},"query-input":{"@type":"PropertyValueSpecification","valueRequired":true,"valueName":"search_term_string"}}],"inLanguage":"et"}]}},"_links":{"self":[{"href":"https:\/\/www.balther.net\/et\/wp-json\/wp\/v2\/pages\/2839","targetHints":{"allow":["GET"]}}],"collection":[{"href":"https:\/\/www.balther.net\/et\/wp-json\/wp\/v2\/pages"}],"about":[{"href":"https:\/\/www.balther.net\/et\/wp-json\/wp\/v2\/types\/page"}],"author":[{"embeddable":true,"href":"https:\/\/www.balther.net\/et\/wp-json\/wp\/v2\/users\/7"}],"replies":[{"embeddable":true,"href":"https:\/\/www.balther.net\/et\/wp-json\/wp\/v2\/comments?post=2839"}],"version-history":[{"count":5,"href":"https:\/\/www.balther.net\/et\/wp-json\/wp\/v2\/pages\/2839\/revisions"}],"predecessor-version":[{"id":2845,"href":"https:\/\/www.balther.net\/et\/wp-json\/wp\/v2\/pages\/2839\/revisions\/2845"}],"up":[{"embeddable":true,"href":"https:\/\/www.balther.net\/et\/wp-json\/wp\/v2\/pages\/452"}],"wp:attachment":[{"href":"https:\/\/www.balther.net\/et\/wp-json\/wp\/v2\/media?parent=2839"}],"curies":[{"name":"wp","href":"https:\/\/api.w.org\/{rel}","templated":true}]}}