{"id":2833,"date":"2016-01-19T13:35:35","date_gmt":"2016-01-19T13:35:35","guid":{"rendered":"http:\/\/uus.balther.net\/et\/?page_id=2833"},"modified":"2016-01-19T13:56:38","modified_gmt":"2016-01-19T13:56:38","slug":"eesti-rahva-muuseumi-malestuste-kogumise-voistluse-uued-valiseestlased-tahtaega-on-pikendatud-kuni-31-juulini-2009","status":"publish","type":"page","link":"https:\/\/www.balther.net\/et\/koostoo\/kogumisvoistlused\/eesti-rahva-muuseumi-malestuste-kogumise-voistluse-uued-valiseestlased-tahtaega-on-pikendatud-kuni-31-juulini-2009\/","title":{"rendered":"Eesti Rahva Muuseumi m\u00e4lestuste kogumise v\u00f5istluse &#8220;Uued v\u00e4liseestlased&#8221; t\u00e4htaega on pikendatud kuni 31. juulini 2009."},"content":{"rendered":"<h5 style=\"text-align: justify;\"><strong>Eesti Rahva Muuseumi m\u00e4lestuste kogumise v\u00f5istluse &#8220;Uued v\u00e4liseestlased&#8221;<\/strong> <strong>t\u00e4htaega on pikendatud kuni 31. juulini 2009<\/strong>. <strong>Kogumisv\u00f5istlus toimub koost\u00f6\u00f6s Postimees Online&#8217;i ja Delfi uudisteportaaliga.<\/strong><\/h5>\n<p style=\"text-align: justify;\">V\u00f5istlusele on oodatud vabas vormis pikemad ja l\u00fchemad kaast\u00f6\u00f6d inimestelt, kes lahkusid Eestist iseseisvumise taastamise eel ja j\u00e4rel t\u00f6\u00f6 t\u00f5ttu, perekondlikelt vm p\u00f5hjustel. Oodatud on t\u00f6\u00f6d nii nendelt, kes elavad siiani v\u00e4lismaal, kui ka nendelt, kes on tagasi Eestisse p\u00f6\u00f6rdunud.<\/p>\n<p style=\"text-align: justify;\">T\u00f6id kirjutades v\u00f5iks m\u00f5elda j\u00e4rgmistele k\u00fcsimustele: miks l\u00e4ksite v\u00e4lismaale elama, kas l\u00e4ksite \u00fcksi v\u00f5i perega,\u00a0kuidas toimus \u00fcmberasumine, kas teil oli tuttavaid\/abilisi uuel asukohamaal,\u00a0kuidas kulges sisseseadmine uues kohas, kuidas\/kas leidsite t\u00f6\u00f6d\/\u00f5ppimisv\u00f5imaluse, kuidas korraldasite laste haridustee j\u00e4tkamise, kuidas \u00f5nnestus v\u00f5\u00f5rasse keeleruumi sisseelamine , kas osalete eestlaste \u00fchiskondlikus tegevuses, millised on kontaktid Eestiga, kuidas tunnete ennast uuel asukohamaal, kuidas ennast m\u00e4\u00e4ratlete (v\u00e4liseestlane, Rootsi\/Kanada\/USA jne eestlane, eestlane vmt).<\/p>\n<p style=\"text-align: justify;\">Kirjutamisel v\u00f5ib kasutada <a href=\"http:\/\/www.erm.ee\/et\/Osale\/Kaastoo\/Kysimuslehed\/Uued-valiseestlased\" target=\"_blank\"><strong>k\u00fcsimustikku<\/strong><\/a>, kuid see pole h\u00e4davajalik. Kirjutaja peaks l\u00e4htuma eesk\u00e4tt sellest, mis on tema jaoks oluline.<\/p>\n<p style=\"text-align: justify;\">T\u00f6\u00f6le lisada: nimi (soovi korral v\u00f5ite kasutada varjunime v\u00f5i j\u00e4tta nime m\u00e4rkimata, sellisel juhul palun m\u00e4rkige kindlasti oma sugu); kontaktandmed; s\u00fcnniaeg, s\u00fcnnikoht; praegune elukoht; haridus, eriala, elukutse.<\/p>\n<p style=\"text-align: justify;\">L\u00fchemaid m\u00f5tteavaldusi v\u00f5ib kirjutada Postimees Online&#8217;is ja Delfis kommentaaridena. Pikemad kaast\u00f6\u00f6d palutakse saata elektroonselt (<a href=\"mailto:piret.noorhani[at]erm.ee\">piret.noorhani@erm.ee<\/a>) v\u00f5i postiga (Piret Noorhani, Eesti Rahva Muuseum, Veski 32, 51014 Tartu, Eesti).<\/p>\n<p style=\"text-align: justify;\">K\u00f5iki kaast\u00f6id s\u00e4ilitatakse Eesti Rahva Muuseumis.<\/p>\n<p style=\"text-align: justify;\">Parimatele autoritele preemiad!<\/p>\n<p style=\"text-align: justify;\">Info: <a href=\"mailto:piret.noorhani[at]erm.ee\">piret.noorhani@erm.ee<\/a>, t. +372\u00a07350\u00a0423<\/p>\n","protected":false},"excerpt":{"rendered":"<p>Eesti Rahva Muuseumi m\u00e4lestuste kogumise v\u00f5istluse &#8220;Uued v\u00e4liseestlased&#8221; t\u00e4htaega on pikendatud kuni 31. juulini 2009. Kogumisv\u00f5istlus toimub koost\u00f6\u00f6s Postimees Online&#8217;i ja Delfi uudisteportaaliga. V\u00f5istlusele on oodatud vabas vormis pikemad ja l\u00fchemad kaast\u00f6\u00f6d inimestelt, kes lahkusid Eestist iseseisvumise taastamise eel ja j\u00e4rel t\u00f6\u00f6 t\u00f5ttu, perekondlikelt vm p\u00f5hjustel. Oodatud on t\u00f6\u00f6d nii nendelt, kes elavad siiani v\u00e4lismaal, kui ka nendelt, kes on tagasi Eestisse p\u00f6\u00f6rdunud. T\u00f6id kirjutades v\u00f5iks m\u00f5elda j\u00e4rgmistele k\u00fcsimustele: miks l\u00e4ksite v\u00e4lismaale elama, kas l\u00e4ksite \u00fcksi v\u00f5i perega,\u00a0kuidas toimus \u00fcmberasumine, kas teil oli tuttavaid\/abilisi uuel asukohamaal,\u00a0kuidas kulges sisseseadmine uues kohas, kuidas\/kas leidsite t\u00f6\u00f6d\/\u00f5ppimisv\u00f5imaluse, kuidas korraldasite laste haridustee j\u00e4tkamise, kuidas \u00f5nnestus v\u00f5\u00f5rasse keeleruumi sisseelamine , kas osalete eestlaste \u00fchiskondlikus tegevuses, millised on kontaktid Eestiga, kuidas tunnete ennast uuel asukohamaal, kuidas ennast m\u00e4\u00e4ratlete (v\u00e4liseestlane, Rootsi\/Kanada\/USA jne eestlane, eestlane vmt). Kirjutamisel v\u00f5ib kasutada k\u00fcsimustikku, kuid see pole h\u00e4davajalik. Kirjutaja peaks l\u00e4htuma eesk\u00e4tt sellest, mis on tema jaoks oluline. T\u00f6\u00f6le lisada: nimi (soovi korral v\u00f5ite kasutada varjunime v\u00f5i j\u00e4tta nime m\u00e4rkimata, sellisel juhul palun m\u00e4rkige kindlasti oma sugu); kontaktandmed; s\u00fcnniaeg, s\u00fcnnikoht; praegune elukoht; haridus, eriala, elukutse. L\u00fchemaid m\u00f5tteavaldusi v\u00f5ib kirjutada Postimees Online&#8217;is ja Delfis kommentaaridena. Pikemad kaast\u00f6\u00f6d palutakse saata elektroonselt (piret.noorhani@erm.ee) v\u00f5i postiga (Piret Noorhani, Eesti Rahva Muuseum, Veski 32, 51014 Tartu, Eesti). K\u00f5iki kaast\u00f6id s\u00e4ilitatakse Eesti Rahva Muuseumis. Parimatele autoritele preemiad! Info: piret.noorhani@erm.ee, t. +372\u00a07350\u00a0423<\/p>\n","protected":false},"author":7,"featured_media":0,"parent":452,"menu_order":1,"comment_status":"closed","ping_status":"closed","template":"","meta":{"_acf_changed":false,"_monsterinsights_skip_tracking":false,"_monsterinsights_sitenote_active":false,"_monsterinsights_sitenote_note":"","_monsterinsights_sitenote_category":0,"ngg_post_thumbnail":0,"footnotes":""},"class_list":["post-2833","page","type-page","status-publish","hentry"],"acf":[],"yoast_head":"<!-- This site is optimized with the Yoast SEO plugin v24.2 - https:\/\/yoast.com\/wordpress\/plugins\/seo\/ -->\n<title>Eesti Rahva Muuseumi m\u00e4lestuste kogumise v\u00f5istluse &quot;Uued v\u00e4liseestlased&quot; t\u00e4htaega on pikendatud kuni 31. juulini 2009. - BaltHerNet<\/title>\n<meta name=\"robots\" content=\"index, follow, max-snippet:-1, max-image-preview:large, max-video-preview:-1\" \/>\n<link rel=\"canonical\" href=\"https:\/\/www.balther.net\/et\/koostoo\/kogumisvoistlused\/eesti-rahva-muuseumi-malestuste-kogumise-voistluse-uued-valiseestlased-tahtaega-on-pikendatud-kuni-31-juulini-2009\/\" \/>\n<meta property=\"og:locale\" content=\"et_EE\" \/>\n<meta property=\"og:type\" content=\"article\" \/>\n<meta property=\"og:title\" content=\"Eesti Rahva Muuseumi m\u00e4lestuste kogumise v\u00f5istluse &quot;Uued v\u00e4liseestlased&quot; t\u00e4htaega on pikendatud kuni 31. juulini 2009. - BaltHerNet\" \/>\n<meta property=\"og:description\" content=\"Eesti Rahva Muuseumi m\u00e4lestuste kogumise v\u00f5istluse &#8220;Uued v\u00e4liseestlased&#8221; t\u00e4htaega on pikendatud kuni 31. juulini 2009. Kogumisv\u00f5istlus toimub koost\u00f6\u00f6s Postimees Online&#8217;i ja Delfi uudisteportaaliga. V\u00f5istlusele on oodatud vabas vormis pikemad ja l\u00fchemad kaast\u00f6\u00f6d inimestelt, kes lahkusid Eestist iseseisvumise taastamise eel ja j\u00e4rel t\u00f6\u00f6 t\u00f5ttu, perekondlikelt vm p\u00f5hjustel. Oodatud on t\u00f6\u00f6d nii nendelt, kes elavad siiani v\u00e4lismaal, kui ka nendelt, kes on tagasi Eestisse p\u00f6\u00f6rdunud. T\u00f6id kirjutades v\u00f5iks m\u00f5elda j\u00e4rgmistele k\u00fcsimustele: miks l\u00e4ksite v\u00e4lismaale elama, kas l\u00e4ksite \u00fcksi v\u00f5i perega,\u00a0kuidas toimus \u00fcmberasumine, kas teil oli tuttavaid\/abilisi uuel asukohamaal,\u00a0kuidas kulges sisseseadmine uues kohas, kuidas\/kas leidsite t\u00f6\u00f6d\/\u00f5ppimisv\u00f5imaluse, kuidas korraldasite laste haridustee j\u00e4tkamise, kuidas \u00f5nnestus v\u00f5\u00f5rasse keeleruumi sisseelamine , kas osalete eestlaste \u00fchiskondlikus tegevuses, millised on kontaktid Eestiga, kuidas tunnete ennast uuel asukohamaal, kuidas ennast m\u00e4\u00e4ratlete (v\u00e4liseestlane, Rootsi\/Kanada\/USA jne eestlane, eestlane vmt). Kirjutamisel v\u00f5ib kasutada k\u00fcsimustikku, kuid see pole h\u00e4davajalik. Kirjutaja peaks l\u00e4htuma eesk\u00e4tt sellest, mis on tema jaoks oluline. T\u00f6\u00f6le lisada: nimi (soovi korral v\u00f5ite kasutada varjunime v\u00f5i j\u00e4tta nime m\u00e4rkimata, sellisel juhul palun m\u00e4rkige kindlasti oma sugu); kontaktandmed; s\u00fcnniaeg, s\u00fcnnikoht; praegune elukoht; haridus, eriala, elukutse. L\u00fchemaid m\u00f5tteavaldusi v\u00f5ib kirjutada Postimees Online&#8217;is ja Delfis kommentaaridena. Pikemad kaast\u00f6\u00f6d palutakse saata elektroonselt (piret.noorhani@erm.ee) v\u00f5i postiga (Piret Noorhani, Eesti Rahva Muuseum, Veski 32, 51014 Tartu, Eesti). K\u00f5iki kaast\u00f6id s\u00e4ilitatakse Eesti Rahva Muuseumis. Parimatele autoritele preemiad! Info: piret.noorhani@erm.ee, t. +372\u00a07350\u00a0423\" \/>\n<meta property=\"og:url\" content=\"https:\/\/www.balther.net\/et\/koostoo\/kogumisvoistlused\/eesti-rahva-muuseumi-malestuste-kogumise-voistluse-uued-valiseestlased-tahtaega-on-pikendatud-kuni-31-juulini-2009\/\" \/>\n<meta property=\"og:site_name\" content=\"BaltHerNet\" \/>\n<meta property=\"article:modified_time\" content=\"2016-01-19T13:56:38+00:00\" \/>\n<meta name=\"twitter:card\" content=\"summary_large_image\" \/>\n<meta name=\"twitter:label1\" content=\"Est. reading time\" \/>\n\t<meta name=\"twitter:data1\" content=\"1 minut\" \/>\n<script type=\"application\/ld+json\" class=\"yoast-schema-graph\">{\"@context\":\"https:\/\/schema.org\",\"@graph\":[{\"@type\":\"WebPage\",\"@id\":\"https:\/\/www.balther.net\/et\/koostoo\/kogumisvoistlused\/eesti-rahva-muuseumi-malestuste-kogumise-voistluse-uued-valiseestlased-tahtaega-on-pikendatud-kuni-31-juulini-2009\/\",\"url\":\"https:\/\/www.balther.net\/et\/koostoo\/kogumisvoistlused\/eesti-rahva-muuseumi-malestuste-kogumise-voistluse-uued-valiseestlased-tahtaega-on-pikendatud-kuni-31-juulini-2009\/\",\"name\":\"Eesti Rahva Muuseumi m\u00e4lestuste kogumise v\u00f5istluse \\\"Uued v\u00e4liseestlased\\\" t\u00e4htaega on pikendatud kuni 31. juulini 2009. - BaltHerNet\",\"isPartOf\":{\"@id\":\"https:\/\/www.balther.net\/#website\"},\"datePublished\":\"2016-01-19T13:35:35+00:00\",\"dateModified\":\"2016-01-19T13:56:38+00:00\",\"breadcrumb\":{\"@id\":\"https:\/\/www.balther.net\/et\/koostoo\/kogumisvoistlused\/eesti-rahva-muuseumi-malestuste-kogumise-voistluse-uued-valiseestlased-tahtaega-on-pikendatud-kuni-31-juulini-2009\/#breadcrumb\"},\"inLanguage\":\"et\",\"potentialAction\":[{\"@type\":\"ReadAction\",\"target\":[\"https:\/\/www.balther.net\/et\/koostoo\/kogumisvoistlused\/eesti-rahva-muuseumi-malestuste-kogumise-voistluse-uued-valiseestlased-tahtaega-on-pikendatud-kuni-31-juulini-2009\/\"]}]},{\"@type\":\"BreadcrumbList\",\"@id\":\"https:\/\/www.balther.net\/et\/koostoo\/kogumisvoistlused\/eesti-rahva-muuseumi-malestuste-kogumise-voistluse-uued-valiseestlased-tahtaega-on-pikendatud-kuni-31-juulini-2009\/#breadcrumb\",\"itemListElement\":[{\"@type\":\"ListItem\",\"position\":1,\"name\":\"Home\",\"item\":\"https:\/\/www.balther.net\/et\/\"},{\"@type\":\"ListItem\",\"position\":2,\"name\":\"Koost\u00f6\u00f6\",\"item\":\"https:\/\/www.balther.net\/et\/koostoo\/\"},{\"@type\":\"ListItem\",\"position\":3,\"name\":\"Kogumisv\u00f5istlused\",\"item\":\"https:\/\/www.balther.net\/et\/koostoo\/kogumisvoistlused\/\"},{\"@type\":\"ListItem\",\"position\":4,\"name\":\"Eesti Rahva Muuseumi m\u00e4lestuste kogumise v\u00f5istluse &#8220;Uued v\u00e4liseestlased&#8221; t\u00e4htaega on pikendatud kuni 31. juulini 2009.\"}]},{\"@type\":\"WebSite\",\"@id\":\"https:\/\/www.balther.net\/#website\",\"url\":\"https:\/\/www.balther.net\/\",\"name\":\"BaltHerNet\",\"description\":\"\",\"potentialAction\":[{\"@type\":\"SearchAction\",\"target\":{\"@type\":\"EntryPoint\",\"urlTemplate\":\"https:\/\/www.balther.net\/?s={search_term_string}\"},\"query-input\":{\"@type\":\"PropertyValueSpecification\",\"valueRequired\":true,\"valueName\":\"search_term_string\"}}],\"inLanguage\":\"et\"}]}<\/script>\n<!-- \/ Yoast SEO plugin. -->","yoast_head_json":{"title":"Eesti Rahva Muuseumi m\u00e4lestuste kogumise v\u00f5istluse \"Uued v\u00e4liseestlased\" t\u00e4htaega on pikendatud kuni 31. juulini 2009. - BaltHerNet","robots":{"index":"index","follow":"follow","max-snippet":"max-snippet:-1","max-image-preview":"max-image-preview:large","max-video-preview":"max-video-preview:-1"},"canonical":"https:\/\/www.balther.net\/et\/koostoo\/kogumisvoistlused\/eesti-rahva-muuseumi-malestuste-kogumise-voistluse-uued-valiseestlased-tahtaega-on-pikendatud-kuni-31-juulini-2009\/","og_locale":"et_EE","og_type":"article","og_title":"Eesti Rahva Muuseumi m\u00e4lestuste kogumise v\u00f5istluse \"Uued v\u00e4liseestlased\" t\u00e4htaega on pikendatud kuni 31. juulini 2009. - BaltHerNet","og_description":"Eesti Rahva Muuseumi m\u00e4lestuste kogumise v\u00f5istluse &#8220;Uued v\u00e4liseestlased&#8221; t\u00e4htaega on pikendatud kuni 31. juulini 2009. Kogumisv\u00f5istlus toimub koost\u00f6\u00f6s Postimees Online&#8217;i ja Delfi uudisteportaaliga. V\u00f5istlusele on oodatud vabas vormis pikemad ja l\u00fchemad kaast\u00f6\u00f6d inimestelt, kes lahkusid Eestist iseseisvumise taastamise eel ja j\u00e4rel t\u00f6\u00f6 t\u00f5ttu, perekondlikelt vm p\u00f5hjustel. Oodatud on t\u00f6\u00f6d nii nendelt, kes elavad siiani v\u00e4lismaal, kui ka nendelt, kes on tagasi Eestisse p\u00f6\u00f6rdunud. T\u00f6id kirjutades v\u00f5iks m\u00f5elda j\u00e4rgmistele k\u00fcsimustele: miks l\u00e4ksite v\u00e4lismaale elama, kas l\u00e4ksite \u00fcksi v\u00f5i perega,\u00a0kuidas toimus \u00fcmberasumine, kas teil oli tuttavaid\/abilisi uuel asukohamaal,\u00a0kuidas kulges sisseseadmine uues kohas, kuidas\/kas leidsite t\u00f6\u00f6d\/\u00f5ppimisv\u00f5imaluse, kuidas korraldasite laste haridustee j\u00e4tkamise, kuidas \u00f5nnestus v\u00f5\u00f5rasse keeleruumi sisseelamine , kas osalete eestlaste \u00fchiskondlikus tegevuses, millised on kontaktid Eestiga, kuidas tunnete ennast uuel asukohamaal, kuidas ennast m\u00e4\u00e4ratlete (v\u00e4liseestlane, Rootsi\/Kanada\/USA jne eestlane, eestlane vmt). Kirjutamisel v\u00f5ib kasutada k\u00fcsimustikku, kuid see pole h\u00e4davajalik. Kirjutaja peaks l\u00e4htuma eesk\u00e4tt sellest, mis on tema jaoks oluline. T\u00f6\u00f6le lisada: nimi (soovi korral v\u00f5ite kasutada varjunime v\u00f5i j\u00e4tta nime m\u00e4rkimata, sellisel juhul palun m\u00e4rkige kindlasti oma sugu); kontaktandmed; s\u00fcnniaeg, s\u00fcnnikoht; praegune elukoht; haridus, eriala, elukutse. L\u00fchemaid m\u00f5tteavaldusi v\u00f5ib kirjutada Postimees Online&#8217;is ja Delfis kommentaaridena. Pikemad kaast\u00f6\u00f6d palutakse saata elektroonselt (piret.noorhani@erm.ee) v\u00f5i postiga (Piret Noorhani, Eesti Rahva Muuseum, Veski 32, 51014 Tartu, Eesti). K\u00f5iki kaast\u00f6id s\u00e4ilitatakse Eesti Rahva Muuseumis. Parimatele autoritele preemiad! Info: piret.noorhani@erm.ee, t. +372\u00a07350\u00a0423","og_url":"https:\/\/www.balther.net\/et\/koostoo\/kogumisvoistlused\/eesti-rahva-muuseumi-malestuste-kogumise-voistluse-uued-valiseestlased-tahtaega-on-pikendatud-kuni-31-juulini-2009\/","og_site_name":"BaltHerNet","article_modified_time":"2016-01-19T13:56:38+00:00","twitter_card":"summary_large_image","twitter_misc":{"Est. reading time":"1 minut"},"schema":{"@context":"https:\/\/schema.org","@graph":[{"@type":"WebPage","@id":"https:\/\/www.balther.net\/et\/koostoo\/kogumisvoistlused\/eesti-rahva-muuseumi-malestuste-kogumise-voistluse-uued-valiseestlased-tahtaega-on-pikendatud-kuni-31-juulini-2009\/","url":"https:\/\/www.balther.net\/et\/koostoo\/kogumisvoistlused\/eesti-rahva-muuseumi-malestuste-kogumise-voistluse-uued-valiseestlased-tahtaega-on-pikendatud-kuni-31-juulini-2009\/","name":"Eesti Rahva Muuseumi m\u00e4lestuste kogumise v\u00f5istluse \"Uued v\u00e4liseestlased\" t\u00e4htaega on pikendatud kuni 31. juulini 2009. - BaltHerNet","isPartOf":{"@id":"https:\/\/www.balther.net\/#website"},"datePublished":"2016-01-19T13:35:35+00:00","dateModified":"2016-01-19T13:56:38+00:00","breadcrumb":{"@id":"https:\/\/www.balther.net\/et\/koostoo\/kogumisvoistlused\/eesti-rahva-muuseumi-malestuste-kogumise-voistluse-uued-valiseestlased-tahtaega-on-pikendatud-kuni-31-juulini-2009\/#breadcrumb"},"inLanguage":"et","potentialAction":[{"@type":"ReadAction","target":["https:\/\/www.balther.net\/et\/koostoo\/kogumisvoistlused\/eesti-rahva-muuseumi-malestuste-kogumise-voistluse-uued-valiseestlased-tahtaega-on-pikendatud-kuni-31-juulini-2009\/"]}]},{"@type":"BreadcrumbList","@id":"https:\/\/www.balther.net\/et\/koostoo\/kogumisvoistlused\/eesti-rahva-muuseumi-malestuste-kogumise-voistluse-uued-valiseestlased-tahtaega-on-pikendatud-kuni-31-juulini-2009\/#breadcrumb","itemListElement":[{"@type":"ListItem","position":1,"name":"Home","item":"https:\/\/www.balther.net\/et\/"},{"@type":"ListItem","position":2,"name":"Koost\u00f6\u00f6","item":"https:\/\/www.balther.net\/et\/koostoo\/"},{"@type":"ListItem","position":3,"name":"Kogumisv\u00f5istlused","item":"https:\/\/www.balther.net\/et\/koostoo\/kogumisvoistlused\/"},{"@type":"ListItem","position":4,"name":"Eesti Rahva Muuseumi m\u00e4lestuste kogumise v\u00f5istluse &#8220;Uued v\u00e4liseestlased&#8221; t\u00e4htaega on pikendatud kuni 31. juulini 2009."}]},{"@type":"WebSite","@id":"https:\/\/www.balther.net\/#website","url":"https:\/\/www.balther.net\/","name":"BaltHerNet","description":"","potentialAction":[{"@type":"SearchAction","target":{"@type":"EntryPoint","urlTemplate":"https:\/\/www.balther.net\/?s={search_term_string}"},"query-input":{"@type":"PropertyValueSpecification","valueRequired":true,"valueName":"search_term_string"}}],"inLanguage":"et"}]}},"_links":{"self":[{"href":"https:\/\/www.balther.net\/et\/wp-json\/wp\/v2\/pages\/2833","targetHints":{"allow":["GET"]}}],"collection":[{"href":"https:\/\/www.balther.net\/et\/wp-json\/wp\/v2\/pages"}],"about":[{"href":"https:\/\/www.balther.net\/et\/wp-json\/wp\/v2\/types\/page"}],"author":[{"embeddable":true,"href":"https:\/\/www.balther.net\/et\/wp-json\/wp\/v2\/users\/7"}],"replies":[{"embeddable":true,"href":"https:\/\/www.balther.net\/et\/wp-json\/wp\/v2\/comments?post=2833"}],"version-history":[{"count":9,"href":"https:\/\/www.balther.net\/et\/wp-json\/wp\/v2\/pages\/2833\/revisions"}],"predecessor-version":[{"id":2853,"href":"https:\/\/www.balther.net\/et\/wp-json\/wp\/v2\/pages\/2833\/revisions\/2853"}],"up":[{"embeddable":true,"href":"https:\/\/www.balther.net\/et\/wp-json\/wp\/v2\/pages\/452"}],"wp:attachment":[{"href":"https:\/\/www.balther.net\/et\/wp-json\/wp\/v2\/media?parent=2833"}],"curies":[{"name":"wp","href":"https:\/\/api.w.org\/{rel}","templated":true}]}}