{"id":2718,"date":"2016-01-17T13:23:54","date_gmt":"2016-01-17T13:23:54","guid":{"rendered":"http:\/\/uus.balther.net\/et\/?page_id=2718"},"modified":"2023-03-17T16:33:14","modified_gmt":"2023-03-17T14:33:14","slug":"tallinna-ulikooli-akadeemilise-raamatukogu-valiseesti-kirjanduse-keskuse-andmebaasid","status":"publish","type":"page","link":"https:\/\/www.balther.net\/et\/kasulikud-viited\/andmebaasid\/tallinna-ulikooli-akadeemilise-raamatukogu-valiseesti-kirjanduse-keskuse-andmebaasid\/","title":{"rendered":"Tallinna \u00dclikooli Akadeemilise Raamatukogu v\u00e4liseesti kirjanduse keskuse andmebaasid"},"content":{"rendered":"<h5 style=\"text-align: justify;\"><a href=\"https:\/\/www.tlulib.ee\/andmebaasid\/meie-digitaalsed-kogud\/\" target=\"_blank\" rel=\"noopener\"><strong>Tallinna \u00dclikooli Akadeemilise Raamatukogu v\u00e4liseesti<\/strong><\/a><strong> andmebaasid<\/strong><\/h5>\n<p style=\"text-align: justify;\">\u2022 <strong>V\u00e4liseesti bibliograafiline andmebaas<\/strong> <strong>(<\/strong><a href=\"http:\/\/veart.tlulib.ee\/\" target=\"_blank\" rel=\"noopener\"><strong>VEART<\/strong><\/a><strong>)<br \/>\n<\/strong>Andmebaas sisaldab \u00fcle maailma erinevates riikides ilmuvate v\u00e4liseesti ajalehtede ja olulisemate ajakirjade artiklite jooksvat anal\u00fc\u00fctilist bibliograafiat alates 1999. aasta aprillist. Sisult universaalse baasi koostamisel on valiku p\u00f5hiprintsiibiks v\u00e4liseestlaste elu kajastavate materjalide ning originaalartiklite kirjeldamine. Kodu-Eesti kohta avaldatud s\u00f5numid ning siinses perioodikas ilmunud artiklite kordustr\u00fckid baasis ei peegeldu. K\u00f5ik kirjed on m\u00e4rks\u00f5nastatud. 1999. aastal loodud andmebaas j\u00e4tkab kartoteeki, mis avab v\u00e4liseesti ajalehtede sisu aastatest 1990-1999 ning olulisemate v\u00e4liseesti ajakirjade sisu aastatest 1944-1999.<\/p>\n<p style=\"text-align: justify;\">\u2022 <strong>V\u00e4liseesti isikulooline andmebaas<\/strong> <strong>(<\/strong><a href=\"http:\/\/isik.tlulib.ee\/\" target=\"_blank\" rel=\"noopener\"><strong>VEPER<\/strong><\/a><strong>)<br \/>\n<\/strong>Andmebaas sisaldab eri tegevusvaldkondade silmapaistvamate v\u00e4liseestlaste isikuloolisi ja bibliograafilisi andmeid. Faktid p\u00f5hinevad v\u00e4liseesti ajakirjanduses ilmunud materjalidel viidetega konkreetsele allikale.<br \/>\nSeni kaartkartoteegina lugejateeninduses kohalkasutatavat andmebaasi hakati 2004. a. L\u00f5pul arendama elektroonilises vormis perspektiiviga teha see k\u00e4ttesaadavaks ka veebis. Andmeid uute isikute kohta lisatakse ning olemasolevat informatsiooni t\u00e4iendatakse pidevalt.<br \/>\nAndmebaasile VEPER annavad lisav\u00e4\u00e4rtust otselingid raamatukogus koostatavale v\u00e4liseesti perioodika artiklite andmebaasile VEART, samuti Eesti raamatukogude \u00fchiskataloogile ESTER ja Internetis leiduvale vastavasisulisele materjalile.<br \/>\nLisaks k\u00e4esolevale elektroonilisele andmebaasile on raamatukogu v\u00e4liseesti kirjanduse sektoris v\u00f5imalik kasutada mahukat kaartkartoteeki.<\/p>\n<p style=\"text-align: justify;\">\u2022 <strong>V\u00e4liseesti autorite ilukirjanduslikud teosed v\u00f5\u00f5rkeeltes<\/strong> <strong>(<\/strong><a href=\"http:\/\/veilu.tlulib.ee\/\" target=\"_blank\" rel=\"noopener\"><strong>VEILU<\/strong><\/a><strong>)\u00a0<\/strong><br \/>\nAndmebaas sisaldab v\u00e4lismaal alates 1944. aastast ilmunud v\u00e4liseesti autorite ilukirjanduslikke teoseid v\u00f5\u00f5rkeeltes. Andmebaasis on kajastatud nii 1944. aastal v\u00e4lismaale p\u00f5genenud ja seal elanud eesti kirjanike teoste t\u00f5lked kui ka algup\u00e4raselt v\u00f5\u00f5rkeeltes kirjutatud v\u00e4liseestlaste ja nende j\u00e4reltulijate ilukirjanduslikud raamatud. K\u00f5ik kirjed on m\u00e4rks\u00f5nastatud.<\/p>\n<p style=\"text-align: justify;\">\u2022 <strong>V\u00e4liseesti ajakiri &#8220;Eesti Kirik&#8221;<\/strong> <strong>(<\/strong><a href=\"http:\/\/kirik.tlulib.ee\/\" target=\"_blank\" rel=\"noopener\"><strong>www.tlulib.ee\/kirik<\/strong><\/a><strong>)<\/strong><br \/>\nAndmebaas sisaldab v\u00e4lismaal ilmunud ajakirja \u201eEesti Kirik\u201d sisu aastatest 1950-2000. Lisaks p\u00f5hiteemale on ajakirjas aastate jooksul leitud ruumi ka artiklitele kultuuri, ajaloo, kirjanduse ja kunsti vallast.<\/p>\n","protected":false},"excerpt":{"rendered":"<p>Tallinna \u00dclikooli Akadeemilise Raamatukogu v\u00e4liseesti andmebaasid \u2022 V\u00e4liseesti bibliograafiline andmebaas (VEART) Andmebaas sisaldab \u00fcle maailma erinevates riikides ilmuvate v\u00e4liseesti ajalehtede ja olulisemate ajakirjade artiklite jooksvat anal\u00fc\u00fctilist bibliograafiat alates 1999. aasta aprillist. Sisult universaalse baasi koostamisel on valiku p\u00f5hiprintsiibiks v\u00e4liseestlaste elu kajastavate materjalide ning originaalartiklite kirjeldamine. Kodu-Eesti kohta avaldatud s\u00f5numid ning siinses perioodikas ilmunud artiklite kordustr\u00fckid baasis ei peegeldu. K\u00f5ik kirjed on m\u00e4rks\u00f5nastatud. 1999. aastal loodud andmebaas j\u00e4tkab kartoteeki, mis avab v\u00e4liseesti ajalehtede sisu aastatest 1990-1999 ning olulisemate v\u00e4liseesti ajakirjade sisu aastatest 1944-1999. \u2022 V\u00e4liseesti isikulooline andmebaas (VEPER) Andmebaas sisaldab eri tegevusvaldkondade silmapaistvamate v\u00e4liseestlaste isikuloolisi ja bibliograafilisi andmeid. Faktid p\u00f5hinevad v\u00e4liseesti ajakirjanduses ilmunud materjalidel viidetega konkreetsele allikale. Seni kaartkartoteegina lugejateeninduses kohalkasutatavat andmebaasi hakati 2004. a. L\u00f5pul arendama elektroonilises vormis perspektiiviga teha see k\u00e4ttesaadavaks ka veebis. Andmeid uute isikute kohta lisatakse ning olemasolevat informatsiooni t\u00e4iendatakse pidevalt. Andmebaasile VEPER annavad lisav\u00e4\u00e4rtust otselingid raamatukogus koostatavale v\u00e4liseesti perioodika artiklite andmebaasile VEART, samuti Eesti raamatukogude \u00fchiskataloogile ESTER ja Internetis leiduvale vastavasisulisele materjalile. Lisaks k\u00e4esolevale elektroonilisele andmebaasile on raamatukogu v\u00e4liseesti kirjanduse sektoris v\u00f5imalik kasutada mahukat kaartkartoteeki. \u2022 V\u00e4liseesti autorite ilukirjanduslikud teosed v\u00f5\u00f5rkeeltes (VEILU)\u00a0 Andmebaas sisaldab v\u00e4lismaal alates 1944. aastast ilmunud v\u00e4liseesti autorite ilukirjanduslikke teoseid v\u00f5\u00f5rkeeltes. Andmebaasis on kajastatud nii 1944. aastal v\u00e4lismaale p\u00f5genenud ja seal elanud eesti kirjanike teoste t\u00f5lked kui ka algup\u00e4raselt v\u00f5\u00f5rkeeltes kirjutatud v\u00e4liseestlaste ja nende j\u00e4reltulijate ilukirjanduslikud raamatud. K\u00f5ik kirjed on m\u00e4rks\u00f5nastatud. \u2022 V\u00e4liseesti ajakiri &#8220;Eesti Kirik&#8221; (www.tlulib.ee\/kirik) Andmebaas sisaldab v\u00e4lismaal ilmunud ajakirja \u201eEesti Kirik\u201d sisu aastatest 1950-2000. Lisaks p\u00f5hiteemale on ajakirjas aastate jooksul leitud ruumi ka artiklitele kultuuri, ajaloo, kirjanduse ja kunsti vallast.<\/p>\n","protected":false},"author":7,"featured_media":0,"parent":1011,"menu_order":6,"comment_status":"closed","ping_status":"closed","template":"","meta":{"_acf_changed":false,"_monsterinsights_skip_tracking":false,"_monsterinsights_sitenote_active":false,"_monsterinsights_sitenote_note":"","_monsterinsights_sitenote_category":0,"ngg_post_thumbnail":0,"footnotes":""},"class_list":["post-2718","page","type-page","status-publish","hentry"],"acf":[],"yoast_head":"<!-- This site is optimized with the Yoast SEO plugin v24.2 - https:\/\/yoast.com\/wordpress\/plugins\/seo\/ -->\n<title>Tallinna \u00dclikooli Akadeemilise Raamatukogu v\u00e4liseesti kirjanduse keskuse andmebaasid - BaltHerNet<\/title>\n<meta name=\"robots\" content=\"index, follow, max-snippet:-1, max-image-preview:large, max-video-preview:-1\" \/>\n<link rel=\"canonical\" href=\"https:\/\/www.balther.net\/et\/kasulikud-viited\/andmebaasid\/tallinna-ulikooli-akadeemilise-raamatukogu-valiseesti-kirjanduse-keskuse-andmebaasid\/\" \/>\n<meta property=\"og:locale\" content=\"et_EE\" \/>\n<meta property=\"og:type\" content=\"article\" \/>\n<meta property=\"og:title\" content=\"Tallinna \u00dclikooli Akadeemilise Raamatukogu v\u00e4liseesti kirjanduse keskuse andmebaasid - BaltHerNet\" \/>\n<meta property=\"og:description\" content=\"Tallinna \u00dclikooli Akadeemilise Raamatukogu v\u00e4liseesti andmebaasid \u2022 V\u00e4liseesti bibliograafiline andmebaas (VEART) Andmebaas sisaldab \u00fcle maailma erinevates riikides ilmuvate v\u00e4liseesti ajalehtede ja olulisemate ajakirjade artiklite jooksvat anal\u00fc\u00fctilist bibliograafiat alates 1999. aasta aprillist. Sisult universaalse baasi koostamisel on valiku p\u00f5hiprintsiibiks v\u00e4liseestlaste elu kajastavate materjalide ning originaalartiklite kirjeldamine. Kodu-Eesti kohta avaldatud s\u00f5numid ning siinses perioodikas ilmunud artiklite kordustr\u00fckid baasis ei peegeldu. K\u00f5ik kirjed on m\u00e4rks\u00f5nastatud. 1999. aastal loodud andmebaas j\u00e4tkab kartoteeki, mis avab v\u00e4liseesti ajalehtede sisu aastatest 1990-1999 ning olulisemate v\u00e4liseesti ajakirjade sisu aastatest 1944-1999. \u2022 V\u00e4liseesti isikulooline andmebaas (VEPER) Andmebaas sisaldab eri tegevusvaldkondade silmapaistvamate v\u00e4liseestlaste isikuloolisi ja bibliograafilisi andmeid. Faktid p\u00f5hinevad v\u00e4liseesti ajakirjanduses ilmunud materjalidel viidetega konkreetsele allikale. Seni kaartkartoteegina lugejateeninduses kohalkasutatavat andmebaasi hakati 2004. a. L\u00f5pul arendama elektroonilises vormis perspektiiviga teha see k\u00e4ttesaadavaks ka veebis. Andmeid uute isikute kohta lisatakse ning olemasolevat informatsiooni t\u00e4iendatakse pidevalt. Andmebaasile VEPER annavad lisav\u00e4\u00e4rtust otselingid raamatukogus koostatavale v\u00e4liseesti perioodika artiklite andmebaasile VEART, samuti Eesti raamatukogude \u00fchiskataloogile ESTER ja Internetis leiduvale vastavasisulisele materjalile. Lisaks k\u00e4esolevale elektroonilisele andmebaasile on raamatukogu v\u00e4liseesti kirjanduse sektoris v\u00f5imalik kasutada mahukat kaartkartoteeki. \u2022 V\u00e4liseesti autorite ilukirjanduslikud teosed v\u00f5\u00f5rkeeltes (VEILU)\u00a0 Andmebaas sisaldab v\u00e4lismaal alates 1944. aastast ilmunud v\u00e4liseesti autorite ilukirjanduslikke teoseid v\u00f5\u00f5rkeeltes. Andmebaasis on kajastatud nii 1944. aastal v\u00e4lismaale p\u00f5genenud ja seal elanud eesti kirjanike teoste t\u00f5lked kui ka algup\u00e4raselt v\u00f5\u00f5rkeeltes kirjutatud v\u00e4liseestlaste ja nende j\u00e4reltulijate ilukirjanduslikud raamatud. K\u00f5ik kirjed on m\u00e4rks\u00f5nastatud. \u2022 V\u00e4liseesti ajakiri &#8220;Eesti Kirik&#8221; (www.tlulib.ee\/kirik) Andmebaas sisaldab v\u00e4lismaal ilmunud ajakirja \u201eEesti Kirik\u201d sisu aastatest 1950-2000. Lisaks p\u00f5hiteemale on ajakirjas aastate jooksul leitud ruumi ka artiklitele kultuuri, ajaloo, kirjanduse ja kunsti vallast.\" \/>\n<meta property=\"og:url\" content=\"https:\/\/www.balther.net\/et\/kasulikud-viited\/andmebaasid\/tallinna-ulikooli-akadeemilise-raamatukogu-valiseesti-kirjanduse-keskuse-andmebaasid\/\" \/>\n<meta property=\"og:site_name\" content=\"BaltHerNet\" \/>\n<meta property=\"article:modified_time\" content=\"2023-03-17T14:33:14+00:00\" \/>\n<meta name=\"twitter:card\" content=\"summary_large_image\" \/>\n<meta name=\"twitter:label1\" content=\"Est. reading time\" \/>\n\t<meta name=\"twitter:data1\" content=\"2 minutit\" \/>\n<script type=\"application\/ld+json\" class=\"yoast-schema-graph\">{\"@context\":\"https:\/\/schema.org\",\"@graph\":[{\"@type\":\"WebPage\",\"@id\":\"https:\/\/www.balther.net\/et\/kasulikud-viited\/andmebaasid\/tallinna-ulikooli-akadeemilise-raamatukogu-valiseesti-kirjanduse-keskuse-andmebaasid\/\",\"url\":\"https:\/\/www.balther.net\/et\/kasulikud-viited\/andmebaasid\/tallinna-ulikooli-akadeemilise-raamatukogu-valiseesti-kirjanduse-keskuse-andmebaasid\/\",\"name\":\"Tallinna \u00dclikooli Akadeemilise Raamatukogu v\u00e4liseesti kirjanduse keskuse andmebaasid - BaltHerNet\",\"isPartOf\":{\"@id\":\"https:\/\/www.balther.net\/#website\"},\"datePublished\":\"2016-01-17T13:23:54+00:00\",\"dateModified\":\"2023-03-17T14:33:14+00:00\",\"breadcrumb\":{\"@id\":\"https:\/\/www.balther.net\/et\/kasulikud-viited\/andmebaasid\/tallinna-ulikooli-akadeemilise-raamatukogu-valiseesti-kirjanduse-keskuse-andmebaasid\/#breadcrumb\"},\"inLanguage\":\"et\",\"potentialAction\":[{\"@type\":\"ReadAction\",\"target\":[\"https:\/\/www.balther.net\/et\/kasulikud-viited\/andmebaasid\/tallinna-ulikooli-akadeemilise-raamatukogu-valiseesti-kirjanduse-keskuse-andmebaasid\/\"]}]},{\"@type\":\"BreadcrumbList\",\"@id\":\"https:\/\/www.balther.net\/et\/kasulikud-viited\/andmebaasid\/tallinna-ulikooli-akadeemilise-raamatukogu-valiseesti-kirjanduse-keskuse-andmebaasid\/#breadcrumb\",\"itemListElement\":[{\"@type\":\"ListItem\",\"position\":1,\"name\":\"Home\",\"item\":\"https:\/\/www.balther.net\/et\/\"},{\"@type\":\"ListItem\",\"position\":2,\"name\":\"Kasulikud viited\",\"item\":\"https:\/\/www.balther.net\/et\/kasulikud-viited\/\"},{\"@type\":\"ListItem\",\"position\":3,\"name\":\"Andmebaasid\",\"item\":\"https:\/\/www.balther.net\/et\/kasulikud-viited\/andmebaasid\/\"},{\"@type\":\"ListItem\",\"position\":4,\"name\":\"Tallinna \u00dclikooli Akadeemilise Raamatukogu v\u00e4liseesti kirjanduse keskuse andmebaasid\"}]},{\"@type\":\"WebSite\",\"@id\":\"https:\/\/www.balther.net\/#website\",\"url\":\"https:\/\/www.balther.net\/\",\"name\":\"BaltHerNet\",\"description\":\"\",\"potentialAction\":[{\"@type\":\"SearchAction\",\"target\":{\"@type\":\"EntryPoint\",\"urlTemplate\":\"https:\/\/www.balther.net\/?s={search_term_string}\"},\"query-input\":{\"@type\":\"PropertyValueSpecification\",\"valueRequired\":true,\"valueName\":\"search_term_string\"}}],\"inLanguage\":\"et\"}]}<\/script>\n<!-- \/ Yoast SEO plugin. -->","yoast_head_json":{"title":"Tallinna \u00dclikooli Akadeemilise Raamatukogu v\u00e4liseesti kirjanduse keskuse andmebaasid - BaltHerNet","robots":{"index":"index","follow":"follow","max-snippet":"max-snippet:-1","max-image-preview":"max-image-preview:large","max-video-preview":"max-video-preview:-1"},"canonical":"https:\/\/www.balther.net\/et\/kasulikud-viited\/andmebaasid\/tallinna-ulikooli-akadeemilise-raamatukogu-valiseesti-kirjanduse-keskuse-andmebaasid\/","og_locale":"et_EE","og_type":"article","og_title":"Tallinna \u00dclikooli Akadeemilise Raamatukogu v\u00e4liseesti kirjanduse keskuse andmebaasid - BaltHerNet","og_description":"Tallinna \u00dclikooli Akadeemilise Raamatukogu v\u00e4liseesti andmebaasid \u2022 V\u00e4liseesti bibliograafiline andmebaas (VEART) Andmebaas sisaldab \u00fcle maailma erinevates riikides ilmuvate v\u00e4liseesti ajalehtede ja olulisemate ajakirjade artiklite jooksvat anal\u00fc\u00fctilist bibliograafiat alates 1999. aasta aprillist. Sisult universaalse baasi koostamisel on valiku p\u00f5hiprintsiibiks v\u00e4liseestlaste elu kajastavate materjalide ning originaalartiklite kirjeldamine. Kodu-Eesti kohta avaldatud s\u00f5numid ning siinses perioodikas ilmunud artiklite kordustr\u00fckid baasis ei peegeldu. K\u00f5ik kirjed on m\u00e4rks\u00f5nastatud. 1999. aastal loodud andmebaas j\u00e4tkab kartoteeki, mis avab v\u00e4liseesti ajalehtede sisu aastatest 1990-1999 ning olulisemate v\u00e4liseesti ajakirjade sisu aastatest 1944-1999. \u2022 V\u00e4liseesti isikulooline andmebaas (VEPER) Andmebaas sisaldab eri tegevusvaldkondade silmapaistvamate v\u00e4liseestlaste isikuloolisi ja bibliograafilisi andmeid. Faktid p\u00f5hinevad v\u00e4liseesti ajakirjanduses ilmunud materjalidel viidetega konkreetsele allikale. Seni kaartkartoteegina lugejateeninduses kohalkasutatavat andmebaasi hakati 2004. a. L\u00f5pul arendama elektroonilises vormis perspektiiviga teha see k\u00e4ttesaadavaks ka veebis. Andmeid uute isikute kohta lisatakse ning olemasolevat informatsiooni t\u00e4iendatakse pidevalt. Andmebaasile VEPER annavad lisav\u00e4\u00e4rtust otselingid raamatukogus koostatavale v\u00e4liseesti perioodika artiklite andmebaasile VEART, samuti Eesti raamatukogude \u00fchiskataloogile ESTER ja Internetis leiduvale vastavasisulisele materjalile. Lisaks k\u00e4esolevale elektroonilisele andmebaasile on raamatukogu v\u00e4liseesti kirjanduse sektoris v\u00f5imalik kasutada mahukat kaartkartoteeki. \u2022 V\u00e4liseesti autorite ilukirjanduslikud teosed v\u00f5\u00f5rkeeltes (VEILU)\u00a0 Andmebaas sisaldab v\u00e4lismaal alates 1944. aastast ilmunud v\u00e4liseesti autorite ilukirjanduslikke teoseid v\u00f5\u00f5rkeeltes. Andmebaasis on kajastatud nii 1944. aastal v\u00e4lismaale p\u00f5genenud ja seal elanud eesti kirjanike teoste t\u00f5lked kui ka algup\u00e4raselt v\u00f5\u00f5rkeeltes kirjutatud v\u00e4liseestlaste ja nende j\u00e4reltulijate ilukirjanduslikud raamatud. K\u00f5ik kirjed on m\u00e4rks\u00f5nastatud. \u2022 V\u00e4liseesti ajakiri &#8220;Eesti Kirik&#8221; (www.tlulib.ee\/kirik) Andmebaas sisaldab v\u00e4lismaal ilmunud ajakirja \u201eEesti Kirik\u201d sisu aastatest 1950-2000. Lisaks p\u00f5hiteemale on ajakirjas aastate jooksul leitud ruumi ka artiklitele kultuuri, ajaloo, kirjanduse ja kunsti vallast.","og_url":"https:\/\/www.balther.net\/et\/kasulikud-viited\/andmebaasid\/tallinna-ulikooli-akadeemilise-raamatukogu-valiseesti-kirjanduse-keskuse-andmebaasid\/","og_site_name":"BaltHerNet","article_modified_time":"2023-03-17T14:33:14+00:00","twitter_card":"summary_large_image","twitter_misc":{"Est. reading time":"2 minutit"},"schema":{"@context":"https:\/\/schema.org","@graph":[{"@type":"WebPage","@id":"https:\/\/www.balther.net\/et\/kasulikud-viited\/andmebaasid\/tallinna-ulikooli-akadeemilise-raamatukogu-valiseesti-kirjanduse-keskuse-andmebaasid\/","url":"https:\/\/www.balther.net\/et\/kasulikud-viited\/andmebaasid\/tallinna-ulikooli-akadeemilise-raamatukogu-valiseesti-kirjanduse-keskuse-andmebaasid\/","name":"Tallinna \u00dclikooli Akadeemilise Raamatukogu v\u00e4liseesti kirjanduse keskuse andmebaasid - BaltHerNet","isPartOf":{"@id":"https:\/\/www.balther.net\/#website"},"datePublished":"2016-01-17T13:23:54+00:00","dateModified":"2023-03-17T14:33:14+00:00","breadcrumb":{"@id":"https:\/\/www.balther.net\/et\/kasulikud-viited\/andmebaasid\/tallinna-ulikooli-akadeemilise-raamatukogu-valiseesti-kirjanduse-keskuse-andmebaasid\/#breadcrumb"},"inLanguage":"et","potentialAction":[{"@type":"ReadAction","target":["https:\/\/www.balther.net\/et\/kasulikud-viited\/andmebaasid\/tallinna-ulikooli-akadeemilise-raamatukogu-valiseesti-kirjanduse-keskuse-andmebaasid\/"]}]},{"@type":"BreadcrumbList","@id":"https:\/\/www.balther.net\/et\/kasulikud-viited\/andmebaasid\/tallinna-ulikooli-akadeemilise-raamatukogu-valiseesti-kirjanduse-keskuse-andmebaasid\/#breadcrumb","itemListElement":[{"@type":"ListItem","position":1,"name":"Home","item":"https:\/\/www.balther.net\/et\/"},{"@type":"ListItem","position":2,"name":"Kasulikud viited","item":"https:\/\/www.balther.net\/et\/kasulikud-viited\/"},{"@type":"ListItem","position":3,"name":"Andmebaasid","item":"https:\/\/www.balther.net\/et\/kasulikud-viited\/andmebaasid\/"},{"@type":"ListItem","position":4,"name":"Tallinna \u00dclikooli Akadeemilise Raamatukogu v\u00e4liseesti kirjanduse keskuse andmebaasid"}]},{"@type":"WebSite","@id":"https:\/\/www.balther.net\/#website","url":"https:\/\/www.balther.net\/","name":"BaltHerNet","description":"","potentialAction":[{"@type":"SearchAction","target":{"@type":"EntryPoint","urlTemplate":"https:\/\/www.balther.net\/?s={search_term_string}"},"query-input":{"@type":"PropertyValueSpecification","valueRequired":true,"valueName":"search_term_string"}}],"inLanguage":"et"}]}},"_links":{"self":[{"href":"https:\/\/www.balther.net\/et\/wp-json\/wp\/v2\/pages\/2718","targetHints":{"allow":["GET"]}}],"collection":[{"href":"https:\/\/www.balther.net\/et\/wp-json\/wp\/v2\/pages"}],"about":[{"href":"https:\/\/www.balther.net\/et\/wp-json\/wp\/v2\/types\/page"}],"author":[{"embeddable":true,"href":"https:\/\/www.balther.net\/et\/wp-json\/wp\/v2\/users\/7"}],"replies":[{"embeddable":true,"href":"https:\/\/www.balther.net\/et\/wp-json\/wp\/v2\/comments?post=2718"}],"version-history":[{"count":9,"href":"https:\/\/www.balther.net\/et\/wp-json\/wp\/v2\/pages\/2718\/revisions"}],"predecessor-version":[{"id":12762,"href":"https:\/\/www.balther.net\/et\/wp-json\/wp\/v2\/pages\/2718\/revisions\/12762"}],"up":[{"embeddable":true,"href":"https:\/\/www.balther.net\/et\/wp-json\/wp\/v2\/pages\/1011"}],"wp:attachment":[{"href":"https:\/\/www.balther.net\/et\/wp-json\/wp\/v2\/media?parent=2718"}],"curies":[{"name":"wp","href":"https:\/\/api.w.org\/{rel}","templated":true}]}}