{"id":2714,"date":"2016-01-17T13:21:12","date_gmt":"2016-01-17T13:21:12","guid":{"rendered":"http:\/\/uus.balther.net\/et\/?page_id=2714"},"modified":"2016-02-01T21:03:24","modified_gmt":"2016-02-01T21:03:24","slug":"rahvusarhiivi-andmebaas-fis","status":"publish","type":"page","link":"https:\/\/www.balther.net\/et\/kasulikud-viited\/andmebaasid\/rahvusarhiivi-andmebaas-fis\/","title":{"rendered":"Rahvusarhiivi andmebaas FIS"},"content":{"rendered":"<h5 style=\"text-align: justify;\"><a href=\"http:\/\/www.filmi.arhiiv.ee\/fis\/\" target=\"_blank\"><strong>Rahvusarhiivi andmebaas\u00a0FIS<\/strong><\/a><strong>\u00a0<\/strong><\/h5>\n<p style=\"text-align: justify;\">Filmiarhiivi infos\u00fcsteem ehk FIS on Rahvusarhiivi andmebaas, kus on teave Filmiarhiivis hoitavate videofilmide ja helisalvestiste kohta. P\u00e4ringuid saab teostada vabateksti otsingu p\u00f5him\u00f5ttel, sisestades otsiv\u00e4ljale video- v\u00f5i helisalvestist puudutava m\u00e4rks\u00f5na, pealkirja, autori v\u00f5i aasta. Otsingu abil leitud heli- ja videosalvestisega saab tutvuda Filmiarhiivis Tallinnas.<\/p>\n<p>T\u00e4psema \u00fclevaate otsingute teostamisest FISis leiate Filmiarhiivi kodulehe rubriigist <a href=\"http:\/\/www.filmi.arhiiv.ee\/index.php?show=teenused&amp;lang=est\" target=\"_blank\">Teenused<\/a>.<\/p>\n","protected":false},"excerpt":{"rendered":"<p>Rahvusarhiivi andmebaas\u00a0FIS\u00a0 Filmiarhiivi infos\u00fcsteem ehk FIS on Rahvusarhiivi andmebaas, kus on teave Filmiarhiivis hoitavate videofilmide ja helisalvestiste kohta. P\u00e4ringuid saab teostada vabateksti otsingu p\u00f5him\u00f5ttel, sisestades otsiv\u00e4ljale video- v\u00f5i helisalvestist puudutava m\u00e4rks\u00f5na, pealkirja, autori v\u00f5i aasta. Otsingu abil leitud heli- ja videosalvestisega saab tutvuda Filmiarhiivis Tallinnas. T\u00e4psema \u00fclevaate otsingute teostamisest FISis leiate Filmiarhiivi kodulehe rubriigist Teenused.<\/p>\n","protected":false},"author":7,"featured_media":0,"parent":1011,"menu_order":5,"comment_status":"closed","ping_status":"closed","template":"","meta":{"_acf_changed":false,"_monsterinsights_skip_tracking":false,"_monsterinsights_sitenote_active":false,"_monsterinsights_sitenote_note":"","_monsterinsights_sitenote_category":0,"ngg_post_thumbnail":0,"footnotes":""},"class_list":["post-2714","page","type-page","status-publish","hentry"],"acf":[],"yoast_head":"<!-- This site is optimized with the Yoast SEO plugin v24.2 - https:\/\/yoast.com\/wordpress\/plugins\/seo\/ -->\n<title>Rahvusarhiivi andmebaas FIS - BaltHerNet<\/title>\n<meta name=\"robots\" content=\"index, follow, max-snippet:-1, max-image-preview:large, max-video-preview:-1\" \/>\n<link rel=\"canonical\" href=\"https:\/\/www.balther.net\/et\/kasulikud-viited\/andmebaasid\/rahvusarhiivi-andmebaas-fis\/\" \/>\n<meta property=\"og:locale\" content=\"et_EE\" \/>\n<meta property=\"og:type\" content=\"article\" \/>\n<meta property=\"og:title\" content=\"Rahvusarhiivi andmebaas FIS - BaltHerNet\" \/>\n<meta property=\"og:description\" content=\"Rahvusarhiivi andmebaas\u00a0FIS\u00a0 Filmiarhiivi infos\u00fcsteem ehk FIS on Rahvusarhiivi andmebaas, kus on teave Filmiarhiivis hoitavate videofilmide ja helisalvestiste kohta. P\u00e4ringuid saab teostada vabateksti otsingu p\u00f5him\u00f5ttel, sisestades otsiv\u00e4ljale video- v\u00f5i helisalvestist puudutava m\u00e4rks\u00f5na, pealkirja, autori v\u00f5i aasta. Otsingu abil leitud heli- ja videosalvestisega saab tutvuda Filmiarhiivis Tallinnas. T\u00e4psema \u00fclevaate otsingute teostamisest FISis leiate Filmiarhiivi kodulehe rubriigist Teenused.\" \/>\n<meta property=\"og:url\" content=\"https:\/\/www.balther.net\/et\/kasulikud-viited\/andmebaasid\/rahvusarhiivi-andmebaas-fis\/\" \/>\n<meta property=\"og:site_name\" content=\"BaltHerNet\" \/>\n<meta property=\"article:modified_time\" content=\"2016-02-01T21:03:24+00:00\" \/>\n<meta name=\"twitter:card\" content=\"summary_large_image\" \/>\n<script type=\"application\/ld+json\" class=\"yoast-schema-graph\">{\"@context\":\"https:\/\/schema.org\",\"@graph\":[{\"@type\":\"WebPage\",\"@id\":\"https:\/\/www.balther.net\/et\/kasulikud-viited\/andmebaasid\/rahvusarhiivi-andmebaas-fis\/\",\"url\":\"https:\/\/www.balther.net\/et\/kasulikud-viited\/andmebaasid\/rahvusarhiivi-andmebaas-fis\/\",\"name\":\"Rahvusarhiivi andmebaas FIS - BaltHerNet\",\"isPartOf\":{\"@id\":\"https:\/\/www.balther.net\/#website\"},\"datePublished\":\"2016-01-17T13:21:12+00:00\",\"dateModified\":\"2016-02-01T21:03:24+00:00\",\"breadcrumb\":{\"@id\":\"https:\/\/www.balther.net\/et\/kasulikud-viited\/andmebaasid\/rahvusarhiivi-andmebaas-fis\/#breadcrumb\"},\"inLanguage\":\"et\",\"potentialAction\":[{\"@type\":\"ReadAction\",\"target\":[\"https:\/\/www.balther.net\/et\/kasulikud-viited\/andmebaasid\/rahvusarhiivi-andmebaas-fis\/\"]}]},{\"@type\":\"BreadcrumbList\",\"@id\":\"https:\/\/www.balther.net\/et\/kasulikud-viited\/andmebaasid\/rahvusarhiivi-andmebaas-fis\/#breadcrumb\",\"itemListElement\":[{\"@type\":\"ListItem\",\"position\":1,\"name\":\"Home\",\"item\":\"https:\/\/www.balther.net\/et\/\"},{\"@type\":\"ListItem\",\"position\":2,\"name\":\"Kasulikud viited\",\"item\":\"https:\/\/www.balther.net\/et\/kasulikud-viited\/\"},{\"@type\":\"ListItem\",\"position\":3,\"name\":\"Andmebaasid\",\"item\":\"https:\/\/www.balther.net\/et\/kasulikud-viited\/andmebaasid\/\"},{\"@type\":\"ListItem\",\"position\":4,\"name\":\"Rahvusarhiivi andmebaas FIS\"}]},{\"@type\":\"WebSite\",\"@id\":\"https:\/\/www.balther.net\/#website\",\"url\":\"https:\/\/www.balther.net\/\",\"name\":\"BaltHerNet\",\"description\":\"\",\"potentialAction\":[{\"@type\":\"SearchAction\",\"target\":{\"@type\":\"EntryPoint\",\"urlTemplate\":\"https:\/\/www.balther.net\/?s={search_term_string}\"},\"query-input\":{\"@type\":\"PropertyValueSpecification\",\"valueRequired\":true,\"valueName\":\"search_term_string\"}}],\"inLanguage\":\"et\"}]}<\/script>\n<!-- \/ Yoast SEO plugin. -->","yoast_head_json":{"title":"Rahvusarhiivi andmebaas FIS - BaltHerNet","robots":{"index":"index","follow":"follow","max-snippet":"max-snippet:-1","max-image-preview":"max-image-preview:large","max-video-preview":"max-video-preview:-1"},"canonical":"https:\/\/www.balther.net\/et\/kasulikud-viited\/andmebaasid\/rahvusarhiivi-andmebaas-fis\/","og_locale":"et_EE","og_type":"article","og_title":"Rahvusarhiivi andmebaas FIS - BaltHerNet","og_description":"Rahvusarhiivi andmebaas\u00a0FIS\u00a0 Filmiarhiivi infos\u00fcsteem ehk FIS on Rahvusarhiivi andmebaas, kus on teave Filmiarhiivis hoitavate videofilmide ja helisalvestiste kohta. P\u00e4ringuid saab teostada vabateksti otsingu p\u00f5him\u00f5ttel, sisestades otsiv\u00e4ljale video- v\u00f5i helisalvestist puudutava m\u00e4rks\u00f5na, pealkirja, autori v\u00f5i aasta. Otsingu abil leitud heli- ja videosalvestisega saab tutvuda Filmiarhiivis Tallinnas. T\u00e4psema \u00fclevaate otsingute teostamisest FISis leiate Filmiarhiivi kodulehe rubriigist Teenused.","og_url":"https:\/\/www.balther.net\/et\/kasulikud-viited\/andmebaasid\/rahvusarhiivi-andmebaas-fis\/","og_site_name":"BaltHerNet","article_modified_time":"2016-02-01T21:03:24+00:00","twitter_card":"summary_large_image","schema":{"@context":"https:\/\/schema.org","@graph":[{"@type":"WebPage","@id":"https:\/\/www.balther.net\/et\/kasulikud-viited\/andmebaasid\/rahvusarhiivi-andmebaas-fis\/","url":"https:\/\/www.balther.net\/et\/kasulikud-viited\/andmebaasid\/rahvusarhiivi-andmebaas-fis\/","name":"Rahvusarhiivi andmebaas FIS - BaltHerNet","isPartOf":{"@id":"https:\/\/www.balther.net\/#website"},"datePublished":"2016-01-17T13:21:12+00:00","dateModified":"2016-02-01T21:03:24+00:00","breadcrumb":{"@id":"https:\/\/www.balther.net\/et\/kasulikud-viited\/andmebaasid\/rahvusarhiivi-andmebaas-fis\/#breadcrumb"},"inLanguage":"et","potentialAction":[{"@type":"ReadAction","target":["https:\/\/www.balther.net\/et\/kasulikud-viited\/andmebaasid\/rahvusarhiivi-andmebaas-fis\/"]}]},{"@type":"BreadcrumbList","@id":"https:\/\/www.balther.net\/et\/kasulikud-viited\/andmebaasid\/rahvusarhiivi-andmebaas-fis\/#breadcrumb","itemListElement":[{"@type":"ListItem","position":1,"name":"Home","item":"https:\/\/www.balther.net\/et\/"},{"@type":"ListItem","position":2,"name":"Kasulikud viited","item":"https:\/\/www.balther.net\/et\/kasulikud-viited\/"},{"@type":"ListItem","position":3,"name":"Andmebaasid","item":"https:\/\/www.balther.net\/et\/kasulikud-viited\/andmebaasid\/"},{"@type":"ListItem","position":4,"name":"Rahvusarhiivi andmebaas FIS"}]},{"@type":"WebSite","@id":"https:\/\/www.balther.net\/#website","url":"https:\/\/www.balther.net\/","name":"BaltHerNet","description":"","potentialAction":[{"@type":"SearchAction","target":{"@type":"EntryPoint","urlTemplate":"https:\/\/www.balther.net\/?s={search_term_string}"},"query-input":{"@type":"PropertyValueSpecification","valueRequired":true,"valueName":"search_term_string"}}],"inLanguage":"et"}]}},"_links":{"self":[{"href":"https:\/\/www.balther.net\/et\/wp-json\/wp\/v2\/pages\/2714","targetHints":{"allow":["GET"]}}],"collection":[{"href":"https:\/\/www.balther.net\/et\/wp-json\/wp\/v2\/pages"}],"about":[{"href":"https:\/\/www.balther.net\/et\/wp-json\/wp\/v2\/types\/page"}],"author":[{"embeddable":true,"href":"https:\/\/www.balther.net\/et\/wp-json\/wp\/v2\/users\/7"}],"replies":[{"embeddable":true,"href":"https:\/\/www.balther.net\/et\/wp-json\/wp\/v2\/comments?post=2714"}],"version-history":[{"count":3,"href":"https:\/\/www.balther.net\/et\/wp-json\/wp\/v2\/pages\/2714\/revisions"}],"predecessor-version":[{"id":3025,"href":"https:\/\/www.balther.net\/et\/wp-json\/wp\/v2\/pages\/2714\/revisions\/3025"}],"up":[{"embeddable":true,"href":"https:\/\/www.balther.net\/et\/wp-json\/wp\/v2\/pages\/1011"}],"wp:attachment":[{"href":"https:\/\/www.balther.net\/et\/wp-json\/wp\/v2\/media?parent=2714"}],"curies":[{"name":"wp","href":"https:\/\/api.w.org\/{rel}","templated":true}]}}