{"id":2710,"date":"2016-01-17T13:19:28","date_gmt":"2016-01-17T13:19:28","guid":{"rendered":"http:\/\/uus.balther.net\/et\/?page_id=2710"},"modified":"2016-02-01T21:00:13","modified_gmt":"2016-02-01T21:00:13","slug":"rahvusarhiivi-andmebaas-ais","status":"publish","type":"page","link":"https:\/\/www.balther.net\/et\/kasulikud-viited\/andmebaasid\/rahvusarhiivi-andmebaas-ais\/","title":{"rendered":"Rahvusarhiivi andmebaas AIS"},"content":{"rendered":"<h5><a href=\"http:\/\/ais.ra.ee\/\" target=\"_blank\"><strong>Rahvusarhiivi andmebaas AIS<\/strong><\/a><\/h5>\n<p style=\"text-align: justify;\">Arhiivi infos\u00fcsteem ehk AIS on Rahvusarhiivi andmebaas, kus on teave arhiivis hoitavate dokumentide kohta. Olemuselt on AIS sarnane raamatukogude elektrooniliste andmebaasidega, mille abil saab raamatuid \u00fcles leida. AISi andmebaas on niisamasugune &#8211; otsis\u00f5nade abil saab \u00fcles leida dokumente ehk arhiivikeeli arhivaale, mille sisuga tutvumiseks tuleb aga enamjaolt tulla arhiivi. Arhivaalidele, mille digiteeritud kujutisi saab otse veebist n\u00e4ha, avaneb AISis vastav link.<\/p>\n<p>Otsinguid saab teostada kas otsis\u00f5na v\u00f5i detailsema kirjeldus\u00fcksuse andmete sisestamisel. T\u00e4pse \u00fclevaate otsingute teostamisest AISis leiate avalehelt pealkirja <a href=\"http:\/\/ais.ra.ee\/static\/misonais.html\" target=\"_blank\">&#8220;Mis on AIS&#8221;<\/a> alt.<\/p>\n","protected":false},"excerpt":{"rendered":"<p>Rahvusarhiivi andmebaas AIS Arhiivi infos\u00fcsteem ehk AIS on Rahvusarhiivi andmebaas, kus on teave arhiivis hoitavate dokumentide kohta. Olemuselt on AIS sarnane raamatukogude elektrooniliste andmebaasidega, mille abil saab raamatuid \u00fcles leida. AISi andmebaas on niisamasugune &#8211; otsis\u00f5nade abil saab \u00fcles leida dokumente ehk arhiivikeeli arhivaale, mille sisuga tutvumiseks tuleb aga enamjaolt tulla arhiivi. Arhivaalidele, mille digiteeritud kujutisi saab otse veebist n\u00e4ha, avaneb AISis vastav link. Otsinguid saab teostada kas otsis\u00f5na v\u00f5i detailsema kirjeldus\u00fcksuse andmete sisestamisel. T\u00e4pse \u00fclevaate otsingute teostamisest AISis leiate avalehelt pealkirja &#8220;Mis on AIS&#8221; alt.<\/p>\n","protected":false},"author":7,"featured_media":0,"parent":1011,"menu_order":4,"comment_status":"closed","ping_status":"closed","template":"","meta":{"_acf_changed":false,"_monsterinsights_skip_tracking":false,"_monsterinsights_sitenote_active":false,"_monsterinsights_sitenote_note":"","_monsterinsights_sitenote_category":0,"ngg_post_thumbnail":0,"footnotes":""},"class_list":["post-2710","page","type-page","status-publish","hentry"],"acf":[],"yoast_head":"<!-- This site is optimized with the Yoast SEO plugin v24.2 - https:\/\/yoast.com\/wordpress\/plugins\/seo\/ -->\n<title>Rahvusarhiivi andmebaas AIS - BaltHerNet<\/title>\n<meta name=\"robots\" content=\"index, follow, max-snippet:-1, max-image-preview:large, max-video-preview:-1\" \/>\n<link rel=\"canonical\" href=\"https:\/\/www.balther.net\/et\/kasulikud-viited\/andmebaasid\/rahvusarhiivi-andmebaas-ais\/\" \/>\n<meta property=\"og:locale\" content=\"et_EE\" \/>\n<meta property=\"og:type\" content=\"article\" \/>\n<meta property=\"og:title\" content=\"Rahvusarhiivi andmebaas AIS - BaltHerNet\" \/>\n<meta property=\"og:description\" content=\"Rahvusarhiivi andmebaas AIS Arhiivi infos\u00fcsteem ehk AIS on Rahvusarhiivi andmebaas, kus on teave arhiivis hoitavate dokumentide kohta. Olemuselt on AIS sarnane raamatukogude elektrooniliste andmebaasidega, mille abil saab raamatuid \u00fcles leida. AISi andmebaas on niisamasugune &#8211; otsis\u00f5nade abil saab \u00fcles leida dokumente ehk arhiivikeeli arhivaale, mille sisuga tutvumiseks tuleb aga enamjaolt tulla arhiivi. Arhivaalidele, mille digiteeritud kujutisi saab otse veebist n\u00e4ha, avaneb AISis vastav link. Otsinguid saab teostada kas otsis\u00f5na v\u00f5i detailsema kirjeldus\u00fcksuse andmete sisestamisel. T\u00e4pse \u00fclevaate otsingute teostamisest AISis leiate avalehelt pealkirja &#8220;Mis on AIS&#8221; alt.\" \/>\n<meta property=\"og:url\" content=\"https:\/\/www.balther.net\/et\/kasulikud-viited\/andmebaasid\/rahvusarhiivi-andmebaas-ais\/\" \/>\n<meta property=\"og:site_name\" content=\"BaltHerNet\" \/>\n<meta property=\"article:modified_time\" content=\"2016-02-01T21:00:13+00:00\" \/>\n<meta name=\"twitter:card\" content=\"summary_large_image\" \/>\n<script type=\"application\/ld+json\" class=\"yoast-schema-graph\">{\"@context\":\"https:\/\/schema.org\",\"@graph\":[{\"@type\":\"WebPage\",\"@id\":\"https:\/\/www.balther.net\/et\/kasulikud-viited\/andmebaasid\/rahvusarhiivi-andmebaas-ais\/\",\"url\":\"https:\/\/www.balther.net\/et\/kasulikud-viited\/andmebaasid\/rahvusarhiivi-andmebaas-ais\/\",\"name\":\"Rahvusarhiivi andmebaas AIS - BaltHerNet\",\"isPartOf\":{\"@id\":\"https:\/\/www.balther.net\/#website\"},\"datePublished\":\"2016-01-17T13:19:28+00:00\",\"dateModified\":\"2016-02-01T21:00:13+00:00\",\"breadcrumb\":{\"@id\":\"https:\/\/www.balther.net\/et\/kasulikud-viited\/andmebaasid\/rahvusarhiivi-andmebaas-ais\/#breadcrumb\"},\"inLanguage\":\"et\",\"potentialAction\":[{\"@type\":\"ReadAction\",\"target\":[\"https:\/\/www.balther.net\/et\/kasulikud-viited\/andmebaasid\/rahvusarhiivi-andmebaas-ais\/\"]}]},{\"@type\":\"BreadcrumbList\",\"@id\":\"https:\/\/www.balther.net\/et\/kasulikud-viited\/andmebaasid\/rahvusarhiivi-andmebaas-ais\/#breadcrumb\",\"itemListElement\":[{\"@type\":\"ListItem\",\"position\":1,\"name\":\"Home\",\"item\":\"https:\/\/www.balther.net\/et\/\"},{\"@type\":\"ListItem\",\"position\":2,\"name\":\"Kasulikud viited\",\"item\":\"https:\/\/www.balther.net\/et\/kasulikud-viited\/\"},{\"@type\":\"ListItem\",\"position\":3,\"name\":\"Andmebaasid\",\"item\":\"https:\/\/www.balther.net\/et\/kasulikud-viited\/andmebaasid\/\"},{\"@type\":\"ListItem\",\"position\":4,\"name\":\"Rahvusarhiivi andmebaas AIS\"}]},{\"@type\":\"WebSite\",\"@id\":\"https:\/\/www.balther.net\/#website\",\"url\":\"https:\/\/www.balther.net\/\",\"name\":\"BaltHerNet\",\"description\":\"\",\"potentialAction\":[{\"@type\":\"SearchAction\",\"target\":{\"@type\":\"EntryPoint\",\"urlTemplate\":\"https:\/\/www.balther.net\/?s={search_term_string}\"},\"query-input\":{\"@type\":\"PropertyValueSpecification\",\"valueRequired\":true,\"valueName\":\"search_term_string\"}}],\"inLanguage\":\"et\"}]}<\/script>\n<!-- \/ Yoast SEO plugin. -->","yoast_head_json":{"title":"Rahvusarhiivi andmebaas AIS - BaltHerNet","robots":{"index":"index","follow":"follow","max-snippet":"max-snippet:-1","max-image-preview":"max-image-preview:large","max-video-preview":"max-video-preview:-1"},"canonical":"https:\/\/www.balther.net\/et\/kasulikud-viited\/andmebaasid\/rahvusarhiivi-andmebaas-ais\/","og_locale":"et_EE","og_type":"article","og_title":"Rahvusarhiivi andmebaas AIS - BaltHerNet","og_description":"Rahvusarhiivi andmebaas AIS Arhiivi infos\u00fcsteem ehk AIS on Rahvusarhiivi andmebaas, kus on teave arhiivis hoitavate dokumentide kohta. Olemuselt on AIS sarnane raamatukogude elektrooniliste andmebaasidega, mille abil saab raamatuid \u00fcles leida. AISi andmebaas on niisamasugune &#8211; otsis\u00f5nade abil saab \u00fcles leida dokumente ehk arhiivikeeli arhivaale, mille sisuga tutvumiseks tuleb aga enamjaolt tulla arhiivi. Arhivaalidele, mille digiteeritud kujutisi saab otse veebist n\u00e4ha, avaneb AISis vastav link. Otsinguid saab teostada kas otsis\u00f5na v\u00f5i detailsema kirjeldus\u00fcksuse andmete sisestamisel. T\u00e4pse \u00fclevaate otsingute teostamisest AISis leiate avalehelt pealkirja &#8220;Mis on AIS&#8221; alt.","og_url":"https:\/\/www.balther.net\/et\/kasulikud-viited\/andmebaasid\/rahvusarhiivi-andmebaas-ais\/","og_site_name":"BaltHerNet","article_modified_time":"2016-02-01T21:00:13+00:00","twitter_card":"summary_large_image","schema":{"@context":"https:\/\/schema.org","@graph":[{"@type":"WebPage","@id":"https:\/\/www.balther.net\/et\/kasulikud-viited\/andmebaasid\/rahvusarhiivi-andmebaas-ais\/","url":"https:\/\/www.balther.net\/et\/kasulikud-viited\/andmebaasid\/rahvusarhiivi-andmebaas-ais\/","name":"Rahvusarhiivi andmebaas AIS - BaltHerNet","isPartOf":{"@id":"https:\/\/www.balther.net\/#website"},"datePublished":"2016-01-17T13:19:28+00:00","dateModified":"2016-02-01T21:00:13+00:00","breadcrumb":{"@id":"https:\/\/www.balther.net\/et\/kasulikud-viited\/andmebaasid\/rahvusarhiivi-andmebaas-ais\/#breadcrumb"},"inLanguage":"et","potentialAction":[{"@type":"ReadAction","target":["https:\/\/www.balther.net\/et\/kasulikud-viited\/andmebaasid\/rahvusarhiivi-andmebaas-ais\/"]}]},{"@type":"BreadcrumbList","@id":"https:\/\/www.balther.net\/et\/kasulikud-viited\/andmebaasid\/rahvusarhiivi-andmebaas-ais\/#breadcrumb","itemListElement":[{"@type":"ListItem","position":1,"name":"Home","item":"https:\/\/www.balther.net\/et\/"},{"@type":"ListItem","position":2,"name":"Kasulikud viited","item":"https:\/\/www.balther.net\/et\/kasulikud-viited\/"},{"@type":"ListItem","position":3,"name":"Andmebaasid","item":"https:\/\/www.balther.net\/et\/kasulikud-viited\/andmebaasid\/"},{"@type":"ListItem","position":4,"name":"Rahvusarhiivi andmebaas AIS"}]},{"@type":"WebSite","@id":"https:\/\/www.balther.net\/#website","url":"https:\/\/www.balther.net\/","name":"BaltHerNet","description":"","potentialAction":[{"@type":"SearchAction","target":{"@type":"EntryPoint","urlTemplate":"https:\/\/www.balther.net\/?s={search_term_string}"},"query-input":{"@type":"PropertyValueSpecification","valueRequired":true,"valueName":"search_term_string"}}],"inLanguage":"et"}]}},"_links":{"self":[{"href":"https:\/\/www.balther.net\/et\/wp-json\/wp\/v2\/pages\/2710","targetHints":{"allow":["GET"]}}],"collection":[{"href":"https:\/\/www.balther.net\/et\/wp-json\/wp\/v2\/pages"}],"about":[{"href":"https:\/\/www.balther.net\/et\/wp-json\/wp\/v2\/types\/page"}],"author":[{"embeddable":true,"href":"https:\/\/www.balther.net\/et\/wp-json\/wp\/v2\/users\/7"}],"replies":[{"embeddable":true,"href":"https:\/\/www.balther.net\/et\/wp-json\/wp\/v2\/comments?post=2710"}],"version-history":[{"count":4,"href":"https:\/\/www.balther.net\/et\/wp-json\/wp\/v2\/pages\/2710\/revisions"}],"predecessor-version":[{"id":3024,"href":"https:\/\/www.balther.net\/et\/wp-json\/wp\/v2\/pages\/2710\/revisions\/3024"}],"up":[{"embeddable":true,"href":"https:\/\/www.balther.net\/et\/wp-json\/wp\/v2\/pages\/1011"}],"wp:attachment":[{"href":"https:\/\/www.balther.net\/et\/wp-json\/wp\/v2\/media?parent=2710"}],"curies":[{"name":"wp","href":"https:\/\/api.w.org\/{rel}","templated":true}]}}