{"id":2696,"date":"2016-01-17T13:10:52","date_gmt":"2016-01-17T13:10:52","guid":{"rendered":"http:\/\/uus.balther.net\/et\/?page_id=2696"},"modified":"2016-02-04T18:38:14","modified_gmt":"2016-02-04T18:38:14","slug":"e-kataloog-ester","status":"publish","type":"page","link":"https:\/\/www.balther.net\/et\/kasulikud-viited\/andmebaasid\/e-kataloog-ester\/","title":{"rendered":"E-KATALOOG ESTER"},"content":{"rendered":"<h5><strong><a href=\"https:\/\/www.ester.ee\/search~S1*est\" target=\"_blank\">E-KATALOOG ESTER<\/a><\/strong><\/h5>\n<p style=\"text-align: justify;\">E-KATALOOG ESTER on 16 Eesti suurema raamatukogu \u00fchiskataloog. Kataloogis on andmed ka \u00fclikoolide kolled\u017eite ja erialaraamatukogudes leiduvate teavikute kohta. E-kataloogi koostamist alustati 1. jaanuaril 1999 ja seda t\u00e4iendatakse pidevalt, kuid k\u00f5ike raamatukogudes leiduvat see veel ei sisalda. E-kataloog ESTER sisaldab kirjeid raamatute, perioodikav\u00e4ljaannete, nootide, helisalvestiste, e-ressursside jms kohta. Eesti ajakirjanduses ja kogumikes avaldatud artikleid otsi <a href=\"http:\/\/ise.elnet.ee\/\" target=\"_blank\">Eesti artiklite andmebaasist ISE<\/a>.<\/p>\n<p style=\"text-align: justify;\">Osalevad raamatukogud ja e-kataloogis kasutatavad raamatukogude t\u00e4hised.<\/p>\n<table cellspacing=\"0\" cellpadding=\"4\">\n<tbody>\n<tr>\n<td>EHR<\/td>\n<td><a href=\"http:\/\/www.hoiuraamatukogu.ee\/\" target=\"_blank\">Eesti Hoiuraamatukogu<\/a><\/td>\n<\/tr>\n<tr>\n<td>EKAR<\/td>\n<td><a href=\"http:\/\/www.artun.ee\/oppimine\/raamatukogu\/ulevaade\/\" target=\"_blank\">Eesti Kunstiakadeemia raamatukogu<\/a><\/td>\n<\/tr>\n<tr>\n<td>EKMR<\/td>\n<td><a href=\"http:\/\/kunstimuuseum.ekm.ee\/raamatukogu\/raamatukogu\/\" target=\"_blank\">Eesti Kunstimuuseumi raamatukogu<\/a><\/td>\n<\/tr>\n<tr>\n<td>EMTAR<\/td>\n<td><a href=\"http:\/\/www.ema.edu.ee\/index.php?main=321\" target=\"_blank\">Eesti Muusika- ja Teatriakadeemia raamatukogu<\/a><\/td>\n<\/tr>\n<tr>\n<td>EM\u00dcR<\/td>\n<td><a href=\"http:\/\/www.emu.ee\/library\" target=\"_blank\">Eesti Maa\u00fclikooli raamatukogu<\/a><\/td>\n<\/tr>\n<tr>\n<td>EPR<\/td>\n<td><a href=\"http:\/\/www.eestipank.ee\/uuringud\/raamatukogu\" target=\"_blank\">Eesti Panga raamatukogu<\/a><\/td>\n<\/tr>\n<tr>\n<td>ERM<\/td>\n<td><a href=\"http:\/\/www.erm.ee\/et\/kylasta\/Lugemissaal\" target=\"_blank\">Eesti Rahva Muuseumi raamatukogu<\/a><\/td>\n<\/tr>\n<tr>\n<td>KMAR<\/td>\n<td><a href=\"http:\/\/www.kirmus.ee\/est\/teenused\/arhiivraamatukogu\/\" target=\"_blank\">Eesti Kirjandusmuuseumi Arhiivraamatukogu<\/a><\/td>\n<\/tr>\n<tr>\n<td>KV<\/td>\n<td><a href=\"http:\/\/www.mil.ee\/et\/kaitsevagi\/organisatsioon\/kaitsevae-raamatukogu\" target=\"_blank\">Kaitsev\u00e4e raamatukogud<\/a><\/td>\n<\/tr>\n<tr>\n<td>LR<\/td>\n<td><a href=\"http:\/\/www.luts.ee\/\" target=\"_blank\">Tartu Oskar Lutsu nimeline Linnaraamatukogu<\/a><\/td>\n<\/tr>\n<tr>\n<td>RR<\/td>\n<td><a href=\"http:\/\/www.nlib.ee\/\" target=\"_blank\">Eesti Rahvusraamatukogu<\/a><\/td>\n<\/tr>\n<tr>\n<td>TlnKR<\/td>\n<td><a href=\"http:\/\/www.keskraamatukogu.ee\/\" target=\"_blank\">Tallinna Keskraamatukogu<\/a><\/td>\n<\/tr>\n<tr>\n<td>TL\u00dcAR<\/td>\n<td><a href=\"http:\/\/www.tlulib.ee\/\" target=\"_blank\">Tallinna \u00dclikooli Akadeemiline Raamatukogu<\/a><\/td>\n<\/tr>\n<tr>\n<td>TTKR<\/td>\n<td><a href=\"http:\/\/www.tktk.ee\/uliopilasele\/raamatukogu\/\" target=\"_blank\">Tallinna Tehnikak\u00f5rgkooli raamatukogu<\/a><\/td>\n<\/tr>\n<tr>\n<td>TT\u00dcR<\/td>\n<td><a href=\"http:\/\/www.ttu.ee\/raamatukogu\/\" target=\"_blank\">Tallinna Tehnika\u00fclikooli raamatukogu<\/a><\/td>\n<\/tr>\n<tr>\n<td>T\u00dcR<\/td>\n<td><a href=\"https:\/\/utlib.ut.ee\/\" target=\"_blank\">Tartu \u00dclikooli Raamatukogu<\/a><\/td>\n<\/tr>\n<\/tbody>\n<\/table>\n<p>&nbsp;<\/p>\n","protected":false},"excerpt":{"rendered":"<p>E-KATALOOG ESTER E-KATALOOG ESTER on 16 Eesti suurema raamatukogu \u00fchiskataloog. Kataloogis on andmed ka \u00fclikoolide kolled\u017eite ja erialaraamatukogudes leiduvate teavikute kohta. E-kataloogi koostamist alustati 1. jaanuaril 1999 ja seda t\u00e4iendatakse pidevalt, kuid k\u00f5ike raamatukogudes leiduvat see veel ei sisalda. E-kataloog ESTER sisaldab kirjeid raamatute, perioodikav\u00e4ljaannete, nootide, helisalvestiste, e-ressursside jms kohta. Eesti ajakirjanduses ja kogumikes avaldatud artikleid otsi Eesti artiklite andmebaasist ISE. Osalevad raamatukogud ja e-kataloogis kasutatavad raamatukogude t\u00e4hised. EHR Eesti Hoiuraamatukogu EKAR Eesti Kunstiakadeemia raamatukogu EKMR Eesti Kunstimuuseumi raamatukogu EMTAR Eesti Muusika- ja Teatriakadeemia raamatukogu EM\u00dcR Eesti Maa\u00fclikooli raamatukogu EPR Eesti Panga raamatukogu ERM Eesti Rahva Muuseumi raamatukogu KMAR Eesti Kirjandusmuuseumi Arhiivraamatukogu KV Kaitsev\u00e4e raamatukogud LR Tartu Oskar Lutsu nimeline Linnaraamatukogu RR Eesti Rahvusraamatukogu TlnKR Tallinna Keskraamatukogu TL\u00dcAR Tallinna \u00dclikooli Akadeemiline Raamatukogu TTKR Tallinna Tehnikak\u00f5rgkooli raamatukogu TT\u00dcR Tallinna Tehnika\u00fclikooli raamatukogu T\u00dcR Tartu \u00dclikooli Raamatukogu &nbsp;<\/p>\n","protected":false},"author":7,"featured_media":0,"parent":1011,"menu_order":3,"comment_status":"closed","ping_status":"closed","template":"","meta":{"_acf_changed":false,"_monsterinsights_skip_tracking":false,"_monsterinsights_sitenote_active":false,"_monsterinsights_sitenote_note":"","_monsterinsights_sitenote_category":0,"ngg_post_thumbnail":0,"footnotes":""},"class_list":["post-2696","page","type-page","status-publish","hentry"],"acf":[],"yoast_head":"<!-- This site is optimized with the Yoast SEO plugin v24.2 - https:\/\/yoast.com\/wordpress\/plugins\/seo\/ -->\n<title>E-KATALOOG ESTER - BaltHerNet<\/title>\n<meta name=\"robots\" content=\"index, follow, max-snippet:-1, max-image-preview:large, max-video-preview:-1\" \/>\n<link rel=\"canonical\" href=\"https:\/\/www.balther.net\/et\/kasulikud-viited\/andmebaasid\/e-kataloog-ester\/\" \/>\n<meta property=\"og:locale\" content=\"et_EE\" \/>\n<meta property=\"og:type\" content=\"article\" \/>\n<meta property=\"og:title\" content=\"E-KATALOOG ESTER - BaltHerNet\" \/>\n<meta property=\"og:description\" content=\"E-KATALOOG ESTER E-KATALOOG ESTER on 16 Eesti suurema raamatukogu \u00fchiskataloog. Kataloogis on andmed ka \u00fclikoolide kolled\u017eite ja erialaraamatukogudes leiduvate teavikute kohta. E-kataloogi koostamist alustati 1. jaanuaril 1999 ja seda t\u00e4iendatakse pidevalt, kuid k\u00f5ike raamatukogudes leiduvat see veel ei sisalda. E-kataloog ESTER sisaldab kirjeid raamatute, perioodikav\u00e4ljaannete, nootide, helisalvestiste, e-ressursside jms kohta. Eesti ajakirjanduses ja kogumikes avaldatud artikleid otsi Eesti artiklite andmebaasist ISE. Osalevad raamatukogud ja e-kataloogis kasutatavad raamatukogude t\u00e4hised. EHR Eesti Hoiuraamatukogu EKAR Eesti Kunstiakadeemia raamatukogu EKMR Eesti Kunstimuuseumi raamatukogu EMTAR Eesti Muusika- ja Teatriakadeemia raamatukogu EM\u00dcR Eesti Maa\u00fclikooli raamatukogu EPR Eesti Panga raamatukogu ERM Eesti Rahva Muuseumi raamatukogu KMAR Eesti Kirjandusmuuseumi Arhiivraamatukogu KV Kaitsev\u00e4e raamatukogud LR Tartu Oskar Lutsu nimeline Linnaraamatukogu RR Eesti Rahvusraamatukogu TlnKR Tallinna Keskraamatukogu TL\u00dcAR Tallinna \u00dclikooli Akadeemiline Raamatukogu TTKR Tallinna Tehnikak\u00f5rgkooli raamatukogu TT\u00dcR Tallinna Tehnika\u00fclikooli raamatukogu T\u00dcR Tartu \u00dclikooli Raamatukogu &nbsp;\" \/>\n<meta property=\"og:url\" content=\"https:\/\/www.balther.net\/et\/kasulikud-viited\/andmebaasid\/e-kataloog-ester\/\" \/>\n<meta property=\"og:site_name\" content=\"BaltHerNet\" \/>\n<meta property=\"article:modified_time\" content=\"2016-02-04T18:38:14+00:00\" \/>\n<meta name=\"twitter:card\" content=\"summary_large_image\" \/>\n<meta name=\"twitter:label1\" content=\"Est. reading time\" \/>\n\t<meta name=\"twitter:data1\" content=\"1 minut\" \/>\n<script type=\"application\/ld+json\" class=\"yoast-schema-graph\">{\"@context\":\"https:\/\/schema.org\",\"@graph\":[{\"@type\":\"WebPage\",\"@id\":\"https:\/\/www.balther.net\/et\/kasulikud-viited\/andmebaasid\/e-kataloog-ester\/\",\"url\":\"https:\/\/www.balther.net\/et\/kasulikud-viited\/andmebaasid\/e-kataloog-ester\/\",\"name\":\"E-KATALOOG ESTER - BaltHerNet\",\"isPartOf\":{\"@id\":\"https:\/\/www.balther.net\/#website\"},\"datePublished\":\"2016-01-17T13:10:52+00:00\",\"dateModified\":\"2016-02-04T18:38:14+00:00\",\"breadcrumb\":{\"@id\":\"https:\/\/www.balther.net\/et\/kasulikud-viited\/andmebaasid\/e-kataloog-ester\/#breadcrumb\"},\"inLanguage\":\"et\",\"potentialAction\":[{\"@type\":\"ReadAction\",\"target\":[\"https:\/\/www.balther.net\/et\/kasulikud-viited\/andmebaasid\/e-kataloog-ester\/\"]}]},{\"@type\":\"BreadcrumbList\",\"@id\":\"https:\/\/www.balther.net\/et\/kasulikud-viited\/andmebaasid\/e-kataloog-ester\/#breadcrumb\",\"itemListElement\":[{\"@type\":\"ListItem\",\"position\":1,\"name\":\"Home\",\"item\":\"https:\/\/www.balther.net\/et\/\"},{\"@type\":\"ListItem\",\"position\":2,\"name\":\"Kasulikud viited\",\"item\":\"https:\/\/www.balther.net\/et\/kasulikud-viited\/\"},{\"@type\":\"ListItem\",\"position\":3,\"name\":\"Andmebaasid\",\"item\":\"https:\/\/www.balther.net\/et\/kasulikud-viited\/andmebaasid\/\"},{\"@type\":\"ListItem\",\"position\":4,\"name\":\"E-KATALOOG ESTER\"}]},{\"@type\":\"WebSite\",\"@id\":\"https:\/\/www.balther.net\/#website\",\"url\":\"https:\/\/www.balther.net\/\",\"name\":\"BaltHerNet\",\"description\":\"\",\"potentialAction\":[{\"@type\":\"SearchAction\",\"target\":{\"@type\":\"EntryPoint\",\"urlTemplate\":\"https:\/\/www.balther.net\/?s={search_term_string}\"},\"query-input\":{\"@type\":\"PropertyValueSpecification\",\"valueRequired\":true,\"valueName\":\"search_term_string\"}}],\"inLanguage\":\"et\"}]}<\/script>\n<!-- \/ Yoast SEO plugin. -->","yoast_head_json":{"title":"E-KATALOOG ESTER - BaltHerNet","robots":{"index":"index","follow":"follow","max-snippet":"max-snippet:-1","max-image-preview":"max-image-preview:large","max-video-preview":"max-video-preview:-1"},"canonical":"https:\/\/www.balther.net\/et\/kasulikud-viited\/andmebaasid\/e-kataloog-ester\/","og_locale":"et_EE","og_type":"article","og_title":"E-KATALOOG ESTER - BaltHerNet","og_description":"E-KATALOOG ESTER E-KATALOOG ESTER on 16 Eesti suurema raamatukogu \u00fchiskataloog. Kataloogis on andmed ka \u00fclikoolide kolled\u017eite ja erialaraamatukogudes leiduvate teavikute kohta. E-kataloogi koostamist alustati 1. jaanuaril 1999 ja seda t\u00e4iendatakse pidevalt, kuid k\u00f5ike raamatukogudes leiduvat see veel ei sisalda. E-kataloog ESTER sisaldab kirjeid raamatute, perioodikav\u00e4ljaannete, nootide, helisalvestiste, e-ressursside jms kohta. Eesti ajakirjanduses ja kogumikes avaldatud artikleid otsi Eesti artiklite andmebaasist ISE. Osalevad raamatukogud ja e-kataloogis kasutatavad raamatukogude t\u00e4hised. EHR Eesti Hoiuraamatukogu EKAR Eesti Kunstiakadeemia raamatukogu EKMR Eesti Kunstimuuseumi raamatukogu EMTAR Eesti Muusika- ja Teatriakadeemia raamatukogu EM\u00dcR Eesti Maa\u00fclikooli raamatukogu EPR Eesti Panga raamatukogu ERM Eesti Rahva Muuseumi raamatukogu KMAR Eesti Kirjandusmuuseumi Arhiivraamatukogu KV Kaitsev\u00e4e raamatukogud LR Tartu Oskar Lutsu nimeline Linnaraamatukogu RR Eesti Rahvusraamatukogu TlnKR Tallinna Keskraamatukogu TL\u00dcAR Tallinna \u00dclikooli Akadeemiline Raamatukogu TTKR Tallinna Tehnikak\u00f5rgkooli raamatukogu TT\u00dcR Tallinna Tehnika\u00fclikooli raamatukogu T\u00dcR Tartu \u00dclikooli Raamatukogu &nbsp;","og_url":"https:\/\/www.balther.net\/et\/kasulikud-viited\/andmebaasid\/e-kataloog-ester\/","og_site_name":"BaltHerNet","article_modified_time":"2016-02-04T18:38:14+00:00","twitter_card":"summary_large_image","twitter_misc":{"Est. reading time":"1 minut"},"schema":{"@context":"https:\/\/schema.org","@graph":[{"@type":"WebPage","@id":"https:\/\/www.balther.net\/et\/kasulikud-viited\/andmebaasid\/e-kataloog-ester\/","url":"https:\/\/www.balther.net\/et\/kasulikud-viited\/andmebaasid\/e-kataloog-ester\/","name":"E-KATALOOG ESTER - BaltHerNet","isPartOf":{"@id":"https:\/\/www.balther.net\/#website"},"datePublished":"2016-01-17T13:10:52+00:00","dateModified":"2016-02-04T18:38:14+00:00","breadcrumb":{"@id":"https:\/\/www.balther.net\/et\/kasulikud-viited\/andmebaasid\/e-kataloog-ester\/#breadcrumb"},"inLanguage":"et","potentialAction":[{"@type":"ReadAction","target":["https:\/\/www.balther.net\/et\/kasulikud-viited\/andmebaasid\/e-kataloog-ester\/"]}]},{"@type":"BreadcrumbList","@id":"https:\/\/www.balther.net\/et\/kasulikud-viited\/andmebaasid\/e-kataloog-ester\/#breadcrumb","itemListElement":[{"@type":"ListItem","position":1,"name":"Home","item":"https:\/\/www.balther.net\/et\/"},{"@type":"ListItem","position":2,"name":"Kasulikud viited","item":"https:\/\/www.balther.net\/et\/kasulikud-viited\/"},{"@type":"ListItem","position":3,"name":"Andmebaasid","item":"https:\/\/www.balther.net\/et\/kasulikud-viited\/andmebaasid\/"},{"@type":"ListItem","position":4,"name":"E-KATALOOG ESTER"}]},{"@type":"WebSite","@id":"https:\/\/www.balther.net\/#website","url":"https:\/\/www.balther.net\/","name":"BaltHerNet","description":"","potentialAction":[{"@type":"SearchAction","target":{"@type":"EntryPoint","urlTemplate":"https:\/\/www.balther.net\/?s={search_term_string}"},"query-input":{"@type":"PropertyValueSpecification","valueRequired":true,"valueName":"search_term_string"}}],"inLanguage":"et"}]}},"_links":{"self":[{"href":"https:\/\/www.balther.net\/et\/wp-json\/wp\/v2\/pages\/2696","targetHints":{"allow":["GET"]}}],"collection":[{"href":"https:\/\/www.balther.net\/et\/wp-json\/wp\/v2\/pages"}],"about":[{"href":"https:\/\/www.balther.net\/et\/wp-json\/wp\/v2\/types\/page"}],"author":[{"embeddable":true,"href":"https:\/\/www.balther.net\/et\/wp-json\/wp\/v2\/users\/7"}],"replies":[{"embeddable":true,"href":"https:\/\/www.balther.net\/et\/wp-json\/wp\/v2\/comments?post=2696"}],"version-history":[{"count":9,"href":"https:\/\/www.balther.net\/et\/wp-json\/wp\/v2\/pages\/2696\/revisions"}],"predecessor-version":[{"id":3080,"href":"https:\/\/www.balther.net\/et\/wp-json\/wp\/v2\/pages\/2696\/revisions\/3080"}],"up":[{"embeddable":true,"href":"https:\/\/www.balther.net\/et\/wp-json\/wp\/v2\/pages\/1011"}],"wp:attachment":[{"href":"https:\/\/www.balther.net\/et\/wp-json\/wp\/v2\/media?parent=2696"}],"curies":[{"name":"wp","href":"https:\/\/api.w.org\/{rel}","templated":true}]}}