{"id":2690,"date":"2016-01-17T12:54:03","date_gmt":"2016-01-17T12:54:03","guid":{"rendered":"http:\/\/uus.balther.net\/et\/?page_id=2690"},"modified":"2016-02-01T20:58:16","modified_gmt":"2016-02-01T20:58:16","slug":"eesti-kirjandusmuuseumi-andmebaasid","status":"publish","type":"page","link":"https:\/\/www.balther.net\/et\/kasulikud-viited\/andmebaasid\/eesti-kirjandusmuuseumi-andmebaasid\/","title":{"rendered":"Eesti Kirjandusmuuseumi andmebaasid"},"content":{"rendered":"<h5><strong>Eesti Kirjandusmuuseumi andmebaasid\u00a0<\/strong><\/h5>\n<p style=\"text-align: justify;\"><a href=\"http:\/\/www2.kirmus.ee\/biblioserver\/\" target=\"_blank\"><strong>BIBIS<\/strong><\/a> &#8211;\u00a0vanema eestikeelse ajakirjanduse \u00fcldise anal\u00fc\u00fctilise retrospektiivse bibliograafia andmebaasi koostatakse 1930-ndate aastate perioodikav\u00e4ljaannete p\u00f5hjal. Andmebaasi on sisestatud 114000 kirjet. BIBISe kirjed on seotud Digiteeritud Eesti Ajalehtede (<a href=\"http:\/\/dea.nlib.ee\/\" target=\"_blank\">DEA<\/a>) andmebaasi pildifailidega.<\/p>\n<p style=\"text-align: justify;\"><strong><a href=\"http:\/\/dea.nlib.ee\/\" target=\"_blank\">DEA<\/a> <\/strong>&#8211;\u00a0Digiteeritud Eesti Ajalehtede andmebaasi (DEA) on Arhiivraamatukogu poolt lisatud ca 700 mikrofilmirulli 440 000 pildifaili. Andmebaasi koostatakse koost\u00f6\u00f6s Eesti Rahvusraamatukoguga ja Tallinna \u00dclikooli Akadeemilise Raamatukoguga alates 2003. a.<\/p>\n<p style=\"text-align: justify;\"><a href=\"http:\/\/tartu.ester.ee\/\" target=\"_blank\"><strong>ESTER<\/strong><\/a> &#8211;\u00a0Arhiivraamatukogu on Eesti Raamatukoguv\u00f5rgu Konsortsiumi (ELNET) liige. Alates 1999 a koostatakse \u00fchist elektrinkataloogi ESTER. Jooksvalt sisestatakse elektronkataloogi kogu saabuv kirjandus. Retrospektiivselt sisestatakse raamatukogu leidumus alates 1543. a. ilmunud tr\u00fckistest. Arhiivraamatukogu poolt on kataloogi ESTER lisatud ca 580 000 eksemplari.Arhiivraamatukogu kogude suurus on ca 990000 eksemplari, millest on elektronkataloogi lisatud 58,5 %.<\/p>\n<p style=\"text-align: justify;\"><a href=\"http:\/\/ise.elnet.ee\/search*est\" target=\"_blank\"><strong>ISE<\/strong><\/a> &#8211; \u00a0Arhiivraamatukogu v\u00f5tab osa Eesti Ajakirjanduse artiklite \u00fchisandmebaasi koostamisest. Arhiivraamatukogu bibliografeerib Eesti Kirjandusmuuseumi kogumike sisu.<\/p>\n<p style=\"text-align: justify;\"><a href=\"http:\/\/www2.kirmus.ee\/biblioserver\/isik\/\" target=\"_blank\"><strong>ISIK<\/strong><\/a> &#8211; \u00a0 pseudon\u00fc\u00fcmide andmebaas \u2013 ca 28,000 kirjet.<\/p>\n<p style=\"text-align: justify;\"><a href=\"http:\/\/www2.kirmus.ee\/memoriaal\/\" target=\"_blank\"><strong>Memoriaalkogude andmebaas<\/strong><\/a> &#8211; . Andmebaasi on lisatud ca 33500 kirjet.<\/p>\n<p style=\"text-align: justify;\"><a href=\"http:\/\/www2.kirmus.ee\/grafo\/\" target=\"_blank\"><strong>GRAFO<\/strong><\/a> &#8211; \u00a0Arhiivraamatukogu digitaalraamatukogu GRAFO, kuhu on lisatud \u00fcle 400 digiteeritud v\u00e4ljaande (peamiselt kalendrid) pildifaild.<\/p>\n<p style=\"text-align: justify;\"><a href=\"http:\/\/kivike.kirmus.ee\/\" target=\"_blank\"><strong>KIVIKE<\/strong><\/a> &#8211; \u00a0Failirepositooriumisse Kivike on lisatud digiteeritud tr\u00fckiste (peamiselt Eesti tr\u00fckise Punase Raamatu kollektsiooni (1632-1917) kuuluvad raamatud) arhiivifailid ja kasutuskoopiad. KIVIKE on Eesti Kirjandusmuuseumi peamine digitaalne repositoorium ja arhiivide (ERA ja EKLA) metaandmete andmebaas. KIVIKEsest v\u00f5ib leida k\u00e4sikirju, fotosid jt. materjale kultuuriloo ja folkloori alalt. KIVIKE on liidestatud andmebaasidega <a href=\"http:\/\/galerii.kirmus.ee:8888\/ellen\" target=\"_blank\">ELLEN<\/a>, <a href=\"http:\/\/kreutzwald.kirmus.ee\/\" target=\"_blank\">Kreutzwaldi sajand<\/a>, <a href=\"http:\/\/www2.kirmus.ee\/grafo\" target=\"_blank\">GRAFO<\/a>. 2014. a. lisatakse KIVIKEsse ka <a href=\"http:\/\/www.folklore.ee\/ebaas\/\" target=\"_blank\">Folkloristika Osakonna andmebaaside<\/a>\u00a0metaandmestik.<\/p>\n","protected":false},"excerpt":{"rendered":"<p>Eesti Kirjandusmuuseumi andmebaasid\u00a0 BIBIS &#8211;\u00a0vanema eestikeelse ajakirjanduse \u00fcldise anal\u00fc\u00fctilise retrospektiivse bibliograafia andmebaasi koostatakse 1930-ndate aastate perioodikav\u00e4ljaannete p\u00f5hjal. Andmebaasi on sisestatud 114000 kirjet. BIBISe kirjed on seotud Digiteeritud Eesti Ajalehtede (DEA) andmebaasi pildifailidega. DEA &#8211;\u00a0Digiteeritud Eesti Ajalehtede andmebaasi (DEA) on Arhiivraamatukogu poolt lisatud ca 700 mikrofilmirulli 440 000 pildifaili. Andmebaasi koostatakse koost\u00f6\u00f6s Eesti Rahvusraamatukoguga ja Tallinna \u00dclikooli Akadeemilise Raamatukoguga alates 2003. a. ESTER &#8211;\u00a0Arhiivraamatukogu on Eesti Raamatukoguv\u00f5rgu Konsortsiumi (ELNET) liige. Alates 1999 a koostatakse \u00fchist elektrinkataloogi ESTER. Jooksvalt sisestatakse elektronkataloogi kogu saabuv kirjandus. Retrospektiivselt sisestatakse raamatukogu leidumus alates 1543. a. ilmunud tr\u00fckistest. Arhiivraamatukogu poolt on kataloogi ESTER lisatud ca 580 000 eksemplari.Arhiivraamatukogu kogude suurus on ca 990000 eksemplari, millest on elektronkataloogi lisatud 58,5 %. ISE &#8211; \u00a0Arhiivraamatukogu v\u00f5tab osa Eesti Ajakirjanduse artiklite \u00fchisandmebaasi koostamisest. Arhiivraamatukogu bibliografeerib Eesti Kirjandusmuuseumi kogumike sisu. ISIK &#8211; \u00a0 pseudon\u00fc\u00fcmide andmebaas \u2013 ca 28,000 kirjet. Memoriaalkogude andmebaas &#8211; . Andmebaasi on lisatud ca 33500 kirjet. GRAFO &#8211; \u00a0Arhiivraamatukogu digitaalraamatukogu GRAFO, kuhu on lisatud \u00fcle 400 digiteeritud v\u00e4ljaande (peamiselt kalendrid) pildifaild. KIVIKE &#8211; \u00a0Failirepositooriumisse Kivike on lisatud digiteeritud tr\u00fckiste (peamiselt Eesti tr\u00fckise Punase Raamatu kollektsiooni (1632-1917) kuuluvad raamatud) arhiivifailid ja kasutuskoopiad. KIVIKE on Eesti Kirjandusmuuseumi peamine digitaalne repositoorium ja arhiivide (ERA ja EKLA) metaandmete andmebaas. KIVIKEsest v\u00f5ib leida k\u00e4sikirju, fotosid jt. materjale kultuuriloo ja folkloori alalt. KIVIKE on liidestatud andmebaasidega ELLEN, Kreutzwaldi sajand, GRAFO. 2014. a. lisatakse KIVIKEsse ka Folkloristika Osakonna andmebaaside\u00a0metaandmestik.<\/p>\n","protected":false},"author":7,"featured_media":0,"parent":1011,"menu_order":2,"comment_status":"closed","ping_status":"closed","template":"","meta":{"_acf_changed":false,"_monsterinsights_skip_tracking":false,"_monsterinsights_sitenote_active":false,"_monsterinsights_sitenote_note":"","_monsterinsights_sitenote_category":0,"ngg_post_thumbnail":0,"footnotes":""},"class_list":["post-2690","page","type-page","status-publish","hentry"],"acf":[],"yoast_head":"<!-- This site is optimized with the Yoast SEO plugin v24.2 - https:\/\/yoast.com\/wordpress\/plugins\/seo\/ -->\n<title>Eesti Kirjandusmuuseumi andmebaasid - BaltHerNet<\/title>\n<meta name=\"robots\" content=\"index, follow, max-snippet:-1, max-image-preview:large, max-video-preview:-1\" \/>\n<link rel=\"canonical\" href=\"https:\/\/www.balther.net\/et\/kasulikud-viited\/andmebaasid\/eesti-kirjandusmuuseumi-andmebaasid\/\" \/>\n<meta property=\"og:locale\" content=\"et_EE\" \/>\n<meta property=\"og:type\" content=\"article\" \/>\n<meta property=\"og:title\" content=\"Eesti Kirjandusmuuseumi andmebaasid - BaltHerNet\" \/>\n<meta property=\"og:description\" content=\"Eesti Kirjandusmuuseumi andmebaasid\u00a0 BIBIS &#8211;\u00a0vanema eestikeelse ajakirjanduse \u00fcldise anal\u00fc\u00fctilise retrospektiivse bibliograafia andmebaasi koostatakse 1930-ndate aastate perioodikav\u00e4ljaannete p\u00f5hjal. Andmebaasi on sisestatud 114000 kirjet. BIBISe kirjed on seotud Digiteeritud Eesti Ajalehtede (DEA) andmebaasi pildifailidega. DEA &#8211;\u00a0Digiteeritud Eesti Ajalehtede andmebaasi (DEA) on Arhiivraamatukogu poolt lisatud ca 700 mikrofilmirulli 440 000 pildifaili. Andmebaasi koostatakse koost\u00f6\u00f6s Eesti Rahvusraamatukoguga ja Tallinna \u00dclikooli Akadeemilise Raamatukoguga alates 2003. a. ESTER &#8211;\u00a0Arhiivraamatukogu on Eesti Raamatukoguv\u00f5rgu Konsortsiumi (ELNET) liige. Alates 1999 a koostatakse \u00fchist elektrinkataloogi ESTER. Jooksvalt sisestatakse elektronkataloogi kogu saabuv kirjandus. Retrospektiivselt sisestatakse raamatukogu leidumus alates 1543. a. ilmunud tr\u00fckistest. Arhiivraamatukogu poolt on kataloogi ESTER lisatud ca 580 000 eksemplari.Arhiivraamatukogu kogude suurus on ca 990000 eksemplari, millest on elektronkataloogi lisatud 58,5 %. ISE &#8211; \u00a0Arhiivraamatukogu v\u00f5tab osa Eesti Ajakirjanduse artiklite \u00fchisandmebaasi koostamisest. Arhiivraamatukogu bibliografeerib Eesti Kirjandusmuuseumi kogumike sisu. ISIK &#8211; \u00a0 pseudon\u00fc\u00fcmide andmebaas \u2013 ca 28,000 kirjet. Memoriaalkogude andmebaas &#8211; . Andmebaasi on lisatud ca 33500 kirjet. GRAFO &#8211; \u00a0Arhiivraamatukogu digitaalraamatukogu GRAFO, kuhu on lisatud \u00fcle 400 digiteeritud v\u00e4ljaande (peamiselt kalendrid) pildifaild. KIVIKE &#8211; \u00a0Failirepositooriumisse Kivike on lisatud digiteeritud tr\u00fckiste (peamiselt Eesti tr\u00fckise Punase Raamatu kollektsiooni (1632-1917) kuuluvad raamatud) arhiivifailid ja kasutuskoopiad. KIVIKE on Eesti Kirjandusmuuseumi peamine digitaalne repositoorium ja arhiivide (ERA ja EKLA) metaandmete andmebaas. KIVIKEsest v\u00f5ib leida k\u00e4sikirju, fotosid jt. materjale kultuuriloo ja folkloori alalt. KIVIKE on liidestatud andmebaasidega ELLEN, Kreutzwaldi sajand, GRAFO. 2014. a. lisatakse KIVIKEsse ka Folkloristika Osakonna andmebaaside\u00a0metaandmestik.\" \/>\n<meta property=\"og:url\" content=\"https:\/\/www.balther.net\/et\/kasulikud-viited\/andmebaasid\/eesti-kirjandusmuuseumi-andmebaasid\/\" \/>\n<meta property=\"og:site_name\" content=\"BaltHerNet\" \/>\n<meta property=\"article:modified_time\" content=\"2016-02-01T20:58:16+00:00\" \/>\n<meta name=\"twitter:card\" content=\"summary_large_image\" \/>\n<meta name=\"twitter:label1\" content=\"Est. reading time\" \/>\n\t<meta name=\"twitter:data1\" content=\"1 minut\" \/>\n<script type=\"application\/ld+json\" class=\"yoast-schema-graph\">{\"@context\":\"https:\/\/schema.org\",\"@graph\":[{\"@type\":\"WebPage\",\"@id\":\"https:\/\/www.balther.net\/et\/kasulikud-viited\/andmebaasid\/eesti-kirjandusmuuseumi-andmebaasid\/\",\"url\":\"https:\/\/www.balther.net\/et\/kasulikud-viited\/andmebaasid\/eesti-kirjandusmuuseumi-andmebaasid\/\",\"name\":\"Eesti Kirjandusmuuseumi andmebaasid - BaltHerNet\",\"isPartOf\":{\"@id\":\"https:\/\/www.balther.net\/#website\"},\"datePublished\":\"2016-01-17T12:54:03+00:00\",\"dateModified\":\"2016-02-01T20:58:16+00:00\",\"breadcrumb\":{\"@id\":\"https:\/\/www.balther.net\/et\/kasulikud-viited\/andmebaasid\/eesti-kirjandusmuuseumi-andmebaasid\/#breadcrumb\"},\"inLanguage\":\"et\",\"potentialAction\":[{\"@type\":\"ReadAction\",\"target\":[\"https:\/\/www.balther.net\/et\/kasulikud-viited\/andmebaasid\/eesti-kirjandusmuuseumi-andmebaasid\/\"]}]},{\"@type\":\"BreadcrumbList\",\"@id\":\"https:\/\/www.balther.net\/et\/kasulikud-viited\/andmebaasid\/eesti-kirjandusmuuseumi-andmebaasid\/#breadcrumb\",\"itemListElement\":[{\"@type\":\"ListItem\",\"position\":1,\"name\":\"Home\",\"item\":\"https:\/\/www.balther.net\/et\/\"},{\"@type\":\"ListItem\",\"position\":2,\"name\":\"Kasulikud viited\",\"item\":\"https:\/\/www.balther.net\/et\/kasulikud-viited\/\"},{\"@type\":\"ListItem\",\"position\":3,\"name\":\"Andmebaasid\",\"item\":\"https:\/\/www.balther.net\/et\/kasulikud-viited\/andmebaasid\/\"},{\"@type\":\"ListItem\",\"position\":4,\"name\":\"Eesti Kirjandusmuuseumi andmebaasid\"}]},{\"@type\":\"WebSite\",\"@id\":\"https:\/\/www.balther.net\/#website\",\"url\":\"https:\/\/www.balther.net\/\",\"name\":\"BaltHerNet\",\"description\":\"\",\"potentialAction\":[{\"@type\":\"SearchAction\",\"target\":{\"@type\":\"EntryPoint\",\"urlTemplate\":\"https:\/\/www.balther.net\/?s={search_term_string}\"},\"query-input\":{\"@type\":\"PropertyValueSpecification\",\"valueRequired\":true,\"valueName\":\"search_term_string\"}}],\"inLanguage\":\"et\"}]}<\/script>\n<!-- \/ Yoast SEO plugin. -->","yoast_head_json":{"title":"Eesti Kirjandusmuuseumi andmebaasid - BaltHerNet","robots":{"index":"index","follow":"follow","max-snippet":"max-snippet:-1","max-image-preview":"max-image-preview:large","max-video-preview":"max-video-preview:-1"},"canonical":"https:\/\/www.balther.net\/et\/kasulikud-viited\/andmebaasid\/eesti-kirjandusmuuseumi-andmebaasid\/","og_locale":"et_EE","og_type":"article","og_title":"Eesti Kirjandusmuuseumi andmebaasid - BaltHerNet","og_description":"Eesti Kirjandusmuuseumi andmebaasid\u00a0 BIBIS &#8211;\u00a0vanema eestikeelse ajakirjanduse \u00fcldise anal\u00fc\u00fctilise retrospektiivse bibliograafia andmebaasi koostatakse 1930-ndate aastate perioodikav\u00e4ljaannete p\u00f5hjal. Andmebaasi on sisestatud 114000 kirjet. BIBISe kirjed on seotud Digiteeritud Eesti Ajalehtede (DEA) andmebaasi pildifailidega. DEA &#8211;\u00a0Digiteeritud Eesti Ajalehtede andmebaasi (DEA) on Arhiivraamatukogu poolt lisatud ca 700 mikrofilmirulli 440 000 pildifaili. Andmebaasi koostatakse koost\u00f6\u00f6s Eesti Rahvusraamatukoguga ja Tallinna \u00dclikooli Akadeemilise Raamatukoguga alates 2003. a. ESTER &#8211;\u00a0Arhiivraamatukogu on Eesti Raamatukoguv\u00f5rgu Konsortsiumi (ELNET) liige. Alates 1999 a koostatakse \u00fchist elektrinkataloogi ESTER. Jooksvalt sisestatakse elektronkataloogi kogu saabuv kirjandus. Retrospektiivselt sisestatakse raamatukogu leidumus alates 1543. a. ilmunud tr\u00fckistest. Arhiivraamatukogu poolt on kataloogi ESTER lisatud ca 580 000 eksemplari.Arhiivraamatukogu kogude suurus on ca 990000 eksemplari, millest on elektronkataloogi lisatud 58,5 %. ISE &#8211; \u00a0Arhiivraamatukogu v\u00f5tab osa Eesti Ajakirjanduse artiklite \u00fchisandmebaasi koostamisest. Arhiivraamatukogu bibliografeerib Eesti Kirjandusmuuseumi kogumike sisu. ISIK &#8211; \u00a0 pseudon\u00fc\u00fcmide andmebaas \u2013 ca 28,000 kirjet. Memoriaalkogude andmebaas &#8211; . Andmebaasi on lisatud ca 33500 kirjet. GRAFO &#8211; \u00a0Arhiivraamatukogu digitaalraamatukogu GRAFO, kuhu on lisatud \u00fcle 400 digiteeritud v\u00e4ljaande (peamiselt kalendrid) pildifaild. KIVIKE &#8211; \u00a0Failirepositooriumisse Kivike on lisatud digiteeritud tr\u00fckiste (peamiselt Eesti tr\u00fckise Punase Raamatu kollektsiooni (1632-1917) kuuluvad raamatud) arhiivifailid ja kasutuskoopiad. KIVIKE on Eesti Kirjandusmuuseumi peamine digitaalne repositoorium ja arhiivide (ERA ja EKLA) metaandmete andmebaas. KIVIKEsest v\u00f5ib leida k\u00e4sikirju, fotosid jt. materjale kultuuriloo ja folkloori alalt. KIVIKE on liidestatud andmebaasidega ELLEN, Kreutzwaldi sajand, GRAFO. 2014. a. lisatakse KIVIKEsse ka Folkloristika Osakonna andmebaaside\u00a0metaandmestik.","og_url":"https:\/\/www.balther.net\/et\/kasulikud-viited\/andmebaasid\/eesti-kirjandusmuuseumi-andmebaasid\/","og_site_name":"BaltHerNet","article_modified_time":"2016-02-01T20:58:16+00:00","twitter_card":"summary_large_image","twitter_misc":{"Est. reading time":"1 minut"},"schema":{"@context":"https:\/\/schema.org","@graph":[{"@type":"WebPage","@id":"https:\/\/www.balther.net\/et\/kasulikud-viited\/andmebaasid\/eesti-kirjandusmuuseumi-andmebaasid\/","url":"https:\/\/www.balther.net\/et\/kasulikud-viited\/andmebaasid\/eesti-kirjandusmuuseumi-andmebaasid\/","name":"Eesti Kirjandusmuuseumi andmebaasid - BaltHerNet","isPartOf":{"@id":"https:\/\/www.balther.net\/#website"},"datePublished":"2016-01-17T12:54:03+00:00","dateModified":"2016-02-01T20:58:16+00:00","breadcrumb":{"@id":"https:\/\/www.balther.net\/et\/kasulikud-viited\/andmebaasid\/eesti-kirjandusmuuseumi-andmebaasid\/#breadcrumb"},"inLanguage":"et","potentialAction":[{"@type":"ReadAction","target":["https:\/\/www.balther.net\/et\/kasulikud-viited\/andmebaasid\/eesti-kirjandusmuuseumi-andmebaasid\/"]}]},{"@type":"BreadcrumbList","@id":"https:\/\/www.balther.net\/et\/kasulikud-viited\/andmebaasid\/eesti-kirjandusmuuseumi-andmebaasid\/#breadcrumb","itemListElement":[{"@type":"ListItem","position":1,"name":"Home","item":"https:\/\/www.balther.net\/et\/"},{"@type":"ListItem","position":2,"name":"Kasulikud viited","item":"https:\/\/www.balther.net\/et\/kasulikud-viited\/"},{"@type":"ListItem","position":3,"name":"Andmebaasid","item":"https:\/\/www.balther.net\/et\/kasulikud-viited\/andmebaasid\/"},{"@type":"ListItem","position":4,"name":"Eesti Kirjandusmuuseumi andmebaasid"}]},{"@type":"WebSite","@id":"https:\/\/www.balther.net\/#website","url":"https:\/\/www.balther.net\/","name":"BaltHerNet","description":"","potentialAction":[{"@type":"SearchAction","target":{"@type":"EntryPoint","urlTemplate":"https:\/\/www.balther.net\/?s={search_term_string}"},"query-input":{"@type":"PropertyValueSpecification","valueRequired":true,"valueName":"search_term_string"}}],"inLanguage":"et"}]}},"_links":{"self":[{"href":"https:\/\/www.balther.net\/et\/wp-json\/wp\/v2\/pages\/2690","targetHints":{"allow":["GET"]}}],"collection":[{"href":"https:\/\/www.balther.net\/et\/wp-json\/wp\/v2\/pages"}],"about":[{"href":"https:\/\/www.balther.net\/et\/wp-json\/wp\/v2\/types\/page"}],"author":[{"embeddable":true,"href":"https:\/\/www.balther.net\/et\/wp-json\/wp\/v2\/users\/7"}],"replies":[{"embeddable":true,"href":"https:\/\/www.balther.net\/et\/wp-json\/wp\/v2\/comments?post=2690"}],"version-history":[{"count":5,"href":"https:\/\/www.balther.net\/et\/wp-json\/wp\/v2\/pages\/2690\/revisions"}],"predecessor-version":[{"id":3020,"href":"https:\/\/www.balther.net\/et\/wp-json\/wp\/v2\/pages\/2690\/revisions\/3020"}],"up":[{"embeddable":true,"href":"https:\/\/www.balther.net\/et\/wp-json\/wp\/v2\/pages\/1011"}],"wp:attachment":[{"href":"https:\/\/www.balther.net\/et\/wp-json\/wp\/v2\/media?parent=2690"}],"curies":[{"name":"wp","href":"https:\/\/api.w.org\/{rel}","templated":true}]}}