{"id":24304,"date":"2025-04-10T13:24:39","date_gmt":"2025-04-10T10:24:39","guid":{"rendered":"https:\/\/www.balther.net\/?page_id=24304"},"modified":"2025-04-10T13:41:59","modified_gmt":"2025-04-10T10:41:59","slug":"suvekool-2025","status":"publish","type":"page","link":"https:\/\/www.balther.net\/et\/koostoo\/suvekoolid\/suvekool-2025\/","title":{"rendered":"Suvekool 2025"},"content":{"rendered":"\n<figure class=\"wp-block-image size-full\"><a href=\"https:\/\/www.balther.net\/wp-content\/uploads\/2025\/04\/pilt.png\" data-rel=\"lightbox-image-0\" data-rl_title=\"\" data-rl_caption=\"\" title=\"\"><img loading=\"lazy\" decoding=\"async\" width=\"880\" height=\"169\" src=\"https:\/\/www.balther.net\/wp-content\/uploads\/2025\/04\/pilt.png\" alt=\"\" class=\"wp-image-24307\" srcset=\"https:\/\/www.balther.net\/wp-content\/uploads\/2025\/04\/pilt.png 880w, https:\/\/www.balther.net\/wp-content\/uploads\/2025\/04\/pilt-300x58.png 300w, https:\/\/www.balther.net\/wp-content\/uploads\/2025\/04\/pilt-768x147.png 768w\" sizes=\"auto, (max-width: 880px) 100vw, 880px\" \/><\/a><\/figure>\n\n\n\n<div style=\"height:49px\" aria-hidden=\"true\" class=\"wp-block-spacer\"><\/div>\n\n\n\n<p><strong>BaltHerNeti XII suvekool \u201cV\u00e4liseesti kultuurip\u00e4rand v\u00f5\u00f5rsil. XII. Kuidas jutustada v\u00e4liseesti lugu?\u201c toimub 16.-19. juunil 2025 Tallinnas, Viinistus ja Rakveres.<\/strong><br><br>T\u00e4navune suvekool on p\u00fchendatud v\u00e4liseesti lugude kogumisele ja jutustamisele. Teemade valikul peame silmas ka Eesti Raamatu Aastat. Kuidas r\u00e4\u00e4kida v\u00e4liseestlase lugu kodueestlasele? Aga multikultuursele publikule? Kuidas k\u00e4sitleda meie ajalugu hoogustuva infos\u00f5ja tingimustes. Millist rolli t\u00e4idab selles missioonis (eestikeelne) raamat? Tutvustatakse projekte, mis tegelevad lugude kogumisega ja nende laiema publikuni toomisega l\u00e4bi suunatud kogumkisaktsioonide, teadust\u00f6\u00f6de, raamatute, n\u00e4ituste, kunsti- ja filmiprojektide, digilahenduste ja meedia. Lisaks v\u00e4liseesti kogukondade esindajatele astuvad \u00fcles Eesti m\u00e4luasutuste t\u00f6\u00f6tajad, kes oma igap\u00e4evat\u00f6\u00f6s nimetatud teemadega tegelevad, aga ka akadeemilised uurijad, kunstnikud, filmitegijad, n\u00e4ituste kuraaatorid, raamatute autorid, kirjastajad, ajakirjanikud, meediaeksperdid jt.<br><br>Osav\u00f5tjad kogunevad 16. juunil Tallinnas, kus k\u00fclastame Vabamu n\u00e4itust \u201eVabaduse tuuled\u201c. Seej\u00e4rel s\u00f5idetakse tellitud bussiga Viinistusse. 17.-18. juunil toimuvad loengud ja seminarid Viinistus, kus tutvume ka Jaan Manitski kunstikoguga. 19. juuni hommikul s\u00f5idame tellitud bussiga Sagadi m\u00f5isa, seej\u00e4rel Rakverre, kus k\u00fclastame kohalikke muuseume. \u00d5htuks tuuakse suvekoolist osav\u00f5tjad Tallinnasse.<br><br>Suvekooli korraldab BaltHerNeti v\u00e4liseesti arhiivide t\u00f6\u00f6r\u00fchm, kuhu kuuluvad Rahvusarhiivi, Eesti Rahva Muuseumi, Eesti Kirjandusmuuseumi ja VEMU t\u00f6\u00f6tajad.<br>Partneriteks on Vabamu, Viinistu Kunstisadam ja AS Virumaa Muuseumid.<br><br>Suvekooli ajal peetakse ka MT\u00dc aastakoosolek.<\/p>\n\n\n\n<p>Registreerimine suvekooli algab 10. aprillil. <\/p>\n\n\n\n<p><br><strong>T\u00e4psem info ja registreerimine suvekooli kodulehel:<\/strong><br>>> <a href=\"https:\/\/suvekool.balther.net\/suvekool-2025\/registreerumine\/\">https:\/\/suvekool.balther.net\/suvekool-2025\/registreerumine\/<\/a> .<\/p>\n\n\n\n<div style=\"height:45px\" aria-hidden=\"true\" class=\"wp-block-spacer\"><\/div>\n\n\n\n<div style=\"height:100px\" aria-hidden=\"true\" class=\"wp-block-spacer\"><\/div>\n","protected":false},"excerpt":{"rendered":"<p>BaltHerNeti XII suvekool \u201cV\u00e4liseesti kultuurip\u00e4rand v\u00f5\u00f5rsil. XII. Kuidas jutustada v\u00e4liseesti lugu?\u201c toimub 16.-19. juunil 2025 Tallinnas, Viinistus ja Rakveres. T\u00e4navune suvekool on p\u00fchendatud v\u00e4liseesti lugude kogumisele ja jutustamisele. Teemade valikul peame silmas ka Eesti Raamatu Aastat. Kuidas r\u00e4\u00e4kida v\u00e4liseestlase lugu kodueestlasele? Aga multikultuursele publikule? Kuidas k\u00e4sitleda meie ajalugu hoogustuva infos\u00f5ja tingimustes. Millist rolli t\u00e4idab selles missioonis (eestikeelne) raamat? Tutvustatakse projekte, mis tegelevad lugude kogumisega ja nende laiema publikuni toomisega l\u00e4bi suunatud kogumkisaktsioonide, teadust\u00f6\u00f6de, raamatute, n\u00e4ituste, kunsti- ja filmiprojektide, digilahenduste ja meedia. Lisaks v\u00e4liseesti kogukondade esindajatele astuvad \u00fcles Eesti m\u00e4luasutuste t\u00f6\u00f6tajad, kes oma igap\u00e4evat\u00f6\u00f6s nimetatud teemadega tegelevad, aga ka akadeemilised uurijad, kunstnikud, filmitegijad, n\u00e4ituste kuraaatorid, raamatute autorid, kirjastajad, ajakirjanikud, meediaeksperdid jt. Osav\u00f5tjad kogunevad 16. juunil Tallinnas, kus k\u00fclastame Vabamu n\u00e4itust \u201eVabaduse tuuled\u201c. Seej\u00e4rel s\u00f5idetakse tellitud bussiga Viinistusse. 17.-18. juunil toimuvad loengud ja seminarid Viinistus, kus tutvume ka Jaan Manitski kunstikoguga. 19. juuni hommikul s\u00f5idame tellitud bussiga Sagadi m\u00f5isa, seej\u00e4rel Rakverre, kus k\u00fclastame kohalikke muuseume. \u00d5htuks tuuakse suvekoolist osav\u00f5tjad Tallinnasse. Suvekooli korraldab BaltHerNeti v\u00e4liseesti arhiivide t\u00f6\u00f6r\u00fchm, kuhu kuuluvad Rahvusarhiivi, Eesti Rahva Muuseumi, Eesti Kirjandusmuuseumi ja VEMU t\u00f6\u00f6tajad.Partneriteks on Vabamu, Viinistu Kunstisadam ja AS Virumaa Muuseumid. Suvekooli ajal peetakse ka MT\u00dc aastakoosolek. Registreerimine suvekooli algab 10. aprillil. T\u00e4psem info ja registreerimine suvekooli kodulehel:>> https:\/\/suvekool.balther.net\/suvekool-2025\/registreerumine\/ .<\/p>\n","protected":false},"author":5,"featured_media":0,"parent":446,"menu_order":0,"comment_status":"closed","ping_status":"closed","template":"","meta":{"_acf_changed":false,"_monsterinsights_skip_tracking":false,"_monsterinsights_sitenote_active":false,"_monsterinsights_sitenote_note":"","_monsterinsights_sitenote_category":0,"ngg_post_thumbnail":0,"footnotes":""},"class_list":["post-24304","page","type-page","status-publish","hentry"],"acf":[],"yoast_head":"<!-- This site is optimized with the Yoast SEO plugin v24.2 - https:\/\/yoast.com\/wordpress\/plugins\/seo\/ -->\n<title>Suvekool 2025 - BaltHerNet<\/title>\n<meta name=\"robots\" content=\"index, follow, max-snippet:-1, max-image-preview:large, max-video-preview:-1\" \/>\n<link rel=\"canonical\" href=\"https:\/\/www.balther.net\/et\/koostoo\/suvekoolid\/suvekool-2025\/\" \/>\n<meta property=\"og:locale\" content=\"et_EE\" \/>\n<meta property=\"og:type\" content=\"article\" \/>\n<meta property=\"og:title\" content=\"Suvekool 2025 - BaltHerNet\" \/>\n<meta property=\"og:description\" content=\"BaltHerNeti XII suvekool \u201cV\u00e4liseesti kultuurip\u00e4rand v\u00f5\u00f5rsil. XII. Kuidas jutustada v\u00e4liseesti lugu?\u201c toimub 16.-19. juunil 2025 Tallinnas, Viinistus ja Rakveres. T\u00e4navune suvekool on p\u00fchendatud v\u00e4liseesti lugude kogumisele ja jutustamisele. Teemade valikul peame silmas ka Eesti Raamatu Aastat. Kuidas r\u00e4\u00e4kida v\u00e4liseestlase lugu kodueestlasele? Aga multikultuursele publikule? Kuidas k\u00e4sitleda meie ajalugu hoogustuva infos\u00f5ja tingimustes. Millist rolli t\u00e4idab selles missioonis (eestikeelne) raamat? Tutvustatakse projekte, mis tegelevad lugude kogumisega ja nende laiema publikuni toomisega l\u00e4bi suunatud kogumkisaktsioonide, teadust\u00f6\u00f6de, raamatute, n\u00e4ituste, kunsti- ja filmiprojektide, digilahenduste ja meedia. Lisaks v\u00e4liseesti kogukondade esindajatele astuvad \u00fcles Eesti m\u00e4luasutuste t\u00f6\u00f6tajad, kes oma igap\u00e4evat\u00f6\u00f6s nimetatud teemadega tegelevad, aga ka akadeemilised uurijad, kunstnikud, filmitegijad, n\u00e4ituste kuraaatorid, raamatute autorid, kirjastajad, ajakirjanikud, meediaeksperdid jt. Osav\u00f5tjad kogunevad 16. juunil Tallinnas, kus k\u00fclastame Vabamu n\u00e4itust \u201eVabaduse tuuled\u201c. Seej\u00e4rel s\u00f5idetakse tellitud bussiga Viinistusse. 17.-18. juunil toimuvad loengud ja seminarid Viinistus, kus tutvume ka Jaan Manitski kunstikoguga. 19. juuni hommikul s\u00f5idame tellitud bussiga Sagadi m\u00f5isa, seej\u00e4rel Rakverre, kus k\u00fclastame kohalikke muuseume. \u00d5htuks tuuakse suvekoolist osav\u00f5tjad Tallinnasse. Suvekooli korraldab BaltHerNeti v\u00e4liseesti arhiivide t\u00f6\u00f6r\u00fchm, kuhu kuuluvad Rahvusarhiivi, Eesti Rahva Muuseumi, Eesti Kirjandusmuuseumi ja VEMU t\u00f6\u00f6tajad.Partneriteks on Vabamu, Viinistu Kunstisadam ja AS Virumaa Muuseumid. Suvekooli ajal peetakse ka MT\u00dc aastakoosolek. Registreerimine suvekooli algab 10. aprillil. T\u00e4psem info ja registreerimine suvekooli kodulehel:&gt;&gt; https:\/\/suvekool.balther.net\/suvekool-2025\/registreerumine\/ .\" \/>\n<meta property=\"og:url\" content=\"https:\/\/www.balther.net\/et\/koostoo\/suvekoolid\/suvekool-2025\/\" \/>\n<meta property=\"og:site_name\" content=\"BaltHerNet\" \/>\n<meta property=\"article:modified_time\" content=\"2025-04-10T10:41:59+00:00\" \/>\n<meta property=\"og:image\" content=\"https:\/\/www.balther.net\/wp-content\/uploads\/2025\/04\/pilt.png\" \/>\n\t<meta property=\"og:image:width\" content=\"880\" \/>\n\t<meta property=\"og:image:height\" content=\"169\" \/>\n\t<meta property=\"og:image:type\" content=\"image\/png\" \/>\n<meta name=\"twitter:card\" content=\"summary_large_image\" \/>\n<meta name=\"twitter:label1\" content=\"Est. reading time\" \/>\n\t<meta name=\"twitter:data1\" content=\"2 minutit\" \/>\n<script type=\"application\/ld+json\" class=\"yoast-schema-graph\">{\"@context\":\"https:\/\/schema.org\",\"@graph\":[{\"@type\":\"WebPage\",\"@id\":\"https:\/\/www.balther.net\/et\/koostoo\/suvekoolid\/suvekool-2025\/\",\"url\":\"https:\/\/www.balther.net\/et\/koostoo\/suvekoolid\/suvekool-2025\/\",\"name\":\"Suvekool 2025 - BaltHerNet\",\"isPartOf\":{\"@id\":\"https:\/\/www.balther.net\/#website\"},\"primaryImageOfPage\":{\"@id\":\"https:\/\/www.balther.net\/et\/koostoo\/suvekoolid\/suvekool-2025\/#primaryimage\"},\"image\":{\"@id\":\"https:\/\/www.balther.net\/et\/koostoo\/suvekoolid\/suvekool-2025\/#primaryimage\"},\"thumbnailUrl\":\"https:\/\/www.balther.net\/wp-content\/uploads\/2025\/04\/pilt.png\",\"datePublished\":\"2025-04-10T10:24:39+00:00\",\"dateModified\":\"2025-04-10T10:41:59+00:00\",\"breadcrumb\":{\"@id\":\"https:\/\/www.balther.net\/et\/koostoo\/suvekoolid\/suvekool-2025\/#breadcrumb\"},\"inLanguage\":\"et\",\"potentialAction\":[{\"@type\":\"ReadAction\",\"target\":[\"https:\/\/www.balther.net\/et\/koostoo\/suvekoolid\/suvekool-2025\/\"]}]},{\"@type\":\"ImageObject\",\"inLanguage\":\"et\",\"@id\":\"https:\/\/www.balther.net\/et\/koostoo\/suvekoolid\/suvekool-2025\/#primaryimage\",\"url\":\"https:\/\/www.balther.net\/wp-content\/uploads\/2025\/04\/pilt.png\",\"contentUrl\":\"https:\/\/www.balther.net\/wp-content\/uploads\/2025\/04\/pilt.png\"},{\"@type\":\"BreadcrumbList\",\"@id\":\"https:\/\/www.balther.net\/et\/koostoo\/suvekoolid\/suvekool-2025\/#breadcrumb\",\"itemListElement\":[{\"@type\":\"ListItem\",\"position\":1,\"name\":\"Home\",\"item\":\"https:\/\/www.balther.net\/et\/\"},{\"@type\":\"ListItem\",\"position\":2,\"name\":\"Koost\u00f6\u00f6\",\"item\":\"https:\/\/www.balther.net\/et\/koostoo\/\"},{\"@type\":\"ListItem\",\"position\":3,\"name\":\"Suvekoolid\",\"item\":\"https:\/\/www.balther.net\/et\/koostoo\/suvekoolid\/\"},{\"@type\":\"ListItem\",\"position\":4,\"name\":\"Suvekool 2025\"}]},{\"@type\":\"WebSite\",\"@id\":\"https:\/\/www.balther.net\/#website\",\"url\":\"https:\/\/www.balther.net\/\",\"name\":\"BaltHerNet\",\"description\":\"\",\"potentialAction\":[{\"@type\":\"SearchAction\",\"target\":{\"@type\":\"EntryPoint\",\"urlTemplate\":\"https:\/\/www.balther.net\/?s={search_term_string}\"},\"query-input\":{\"@type\":\"PropertyValueSpecification\",\"valueRequired\":true,\"valueName\":\"search_term_string\"}}],\"inLanguage\":\"et\"}]}<\/script>\n<!-- \/ Yoast SEO plugin. -->","yoast_head_json":{"title":"Suvekool 2025 - BaltHerNet","robots":{"index":"index","follow":"follow","max-snippet":"max-snippet:-1","max-image-preview":"max-image-preview:large","max-video-preview":"max-video-preview:-1"},"canonical":"https:\/\/www.balther.net\/et\/koostoo\/suvekoolid\/suvekool-2025\/","og_locale":"et_EE","og_type":"article","og_title":"Suvekool 2025 - BaltHerNet","og_description":"BaltHerNeti XII suvekool \u201cV\u00e4liseesti kultuurip\u00e4rand v\u00f5\u00f5rsil. XII. Kuidas jutustada v\u00e4liseesti lugu?\u201c toimub 16.-19. juunil 2025 Tallinnas, Viinistus ja Rakveres. T\u00e4navune suvekool on p\u00fchendatud v\u00e4liseesti lugude kogumisele ja jutustamisele. Teemade valikul peame silmas ka Eesti Raamatu Aastat. Kuidas r\u00e4\u00e4kida v\u00e4liseestlase lugu kodueestlasele? Aga multikultuursele publikule? Kuidas k\u00e4sitleda meie ajalugu hoogustuva infos\u00f5ja tingimustes. Millist rolli t\u00e4idab selles missioonis (eestikeelne) raamat? Tutvustatakse projekte, mis tegelevad lugude kogumisega ja nende laiema publikuni toomisega l\u00e4bi suunatud kogumkisaktsioonide, teadust\u00f6\u00f6de, raamatute, n\u00e4ituste, kunsti- ja filmiprojektide, digilahenduste ja meedia. Lisaks v\u00e4liseesti kogukondade esindajatele astuvad \u00fcles Eesti m\u00e4luasutuste t\u00f6\u00f6tajad, kes oma igap\u00e4evat\u00f6\u00f6s nimetatud teemadega tegelevad, aga ka akadeemilised uurijad, kunstnikud, filmitegijad, n\u00e4ituste kuraaatorid, raamatute autorid, kirjastajad, ajakirjanikud, meediaeksperdid jt. Osav\u00f5tjad kogunevad 16. juunil Tallinnas, kus k\u00fclastame Vabamu n\u00e4itust \u201eVabaduse tuuled\u201c. Seej\u00e4rel s\u00f5idetakse tellitud bussiga Viinistusse. 17.-18. juunil toimuvad loengud ja seminarid Viinistus, kus tutvume ka Jaan Manitski kunstikoguga. 19. juuni hommikul s\u00f5idame tellitud bussiga Sagadi m\u00f5isa, seej\u00e4rel Rakverre, kus k\u00fclastame kohalikke muuseume. \u00d5htuks tuuakse suvekoolist osav\u00f5tjad Tallinnasse. Suvekooli korraldab BaltHerNeti v\u00e4liseesti arhiivide t\u00f6\u00f6r\u00fchm, kuhu kuuluvad Rahvusarhiivi, Eesti Rahva Muuseumi, Eesti Kirjandusmuuseumi ja VEMU t\u00f6\u00f6tajad.Partneriteks on Vabamu, Viinistu Kunstisadam ja AS Virumaa Muuseumid. Suvekooli ajal peetakse ka MT\u00dc aastakoosolek. Registreerimine suvekooli algab 10. aprillil. T\u00e4psem info ja registreerimine suvekooli kodulehel:>> https:\/\/suvekool.balther.net\/suvekool-2025\/registreerumine\/ .","og_url":"https:\/\/www.balther.net\/et\/koostoo\/suvekoolid\/suvekool-2025\/","og_site_name":"BaltHerNet","article_modified_time":"2025-04-10T10:41:59+00:00","og_image":[{"width":880,"height":169,"url":"https:\/\/www.balther.net\/wp-content\/uploads\/2025\/04\/pilt.png","type":"image\/png"}],"twitter_card":"summary_large_image","twitter_misc":{"Est. reading time":"2 minutit"},"schema":{"@context":"https:\/\/schema.org","@graph":[{"@type":"WebPage","@id":"https:\/\/www.balther.net\/et\/koostoo\/suvekoolid\/suvekool-2025\/","url":"https:\/\/www.balther.net\/et\/koostoo\/suvekoolid\/suvekool-2025\/","name":"Suvekool 2025 - BaltHerNet","isPartOf":{"@id":"https:\/\/www.balther.net\/#website"},"primaryImageOfPage":{"@id":"https:\/\/www.balther.net\/et\/koostoo\/suvekoolid\/suvekool-2025\/#primaryimage"},"image":{"@id":"https:\/\/www.balther.net\/et\/koostoo\/suvekoolid\/suvekool-2025\/#primaryimage"},"thumbnailUrl":"https:\/\/www.balther.net\/wp-content\/uploads\/2025\/04\/pilt.png","datePublished":"2025-04-10T10:24:39+00:00","dateModified":"2025-04-10T10:41:59+00:00","breadcrumb":{"@id":"https:\/\/www.balther.net\/et\/koostoo\/suvekoolid\/suvekool-2025\/#breadcrumb"},"inLanguage":"et","potentialAction":[{"@type":"ReadAction","target":["https:\/\/www.balther.net\/et\/koostoo\/suvekoolid\/suvekool-2025\/"]}]},{"@type":"ImageObject","inLanguage":"et","@id":"https:\/\/www.balther.net\/et\/koostoo\/suvekoolid\/suvekool-2025\/#primaryimage","url":"https:\/\/www.balther.net\/wp-content\/uploads\/2025\/04\/pilt.png","contentUrl":"https:\/\/www.balther.net\/wp-content\/uploads\/2025\/04\/pilt.png"},{"@type":"BreadcrumbList","@id":"https:\/\/www.balther.net\/et\/koostoo\/suvekoolid\/suvekool-2025\/#breadcrumb","itemListElement":[{"@type":"ListItem","position":1,"name":"Home","item":"https:\/\/www.balther.net\/et\/"},{"@type":"ListItem","position":2,"name":"Koost\u00f6\u00f6","item":"https:\/\/www.balther.net\/et\/koostoo\/"},{"@type":"ListItem","position":3,"name":"Suvekoolid","item":"https:\/\/www.balther.net\/et\/koostoo\/suvekoolid\/"},{"@type":"ListItem","position":4,"name":"Suvekool 2025"}]},{"@type":"WebSite","@id":"https:\/\/www.balther.net\/#website","url":"https:\/\/www.balther.net\/","name":"BaltHerNet","description":"","potentialAction":[{"@type":"SearchAction","target":{"@type":"EntryPoint","urlTemplate":"https:\/\/www.balther.net\/?s={search_term_string}"},"query-input":{"@type":"PropertyValueSpecification","valueRequired":true,"valueName":"search_term_string"}}],"inLanguage":"et"}]}},"_links":{"self":[{"href":"https:\/\/www.balther.net\/et\/wp-json\/wp\/v2\/pages\/24304","targetHints":{"allow":["GET"]}}],"collection":[{"href":"https:\/\/www.balther.net\/et\/wp-json\/wp\/v2\/pages"}],"about":[{"href":"https:\/\/www.balther.net\/et\/wp-json\/wp\/v2\/types\/page"}],"author":[{"embeddable":true,"href":"https:\/\/www.balther.net\/et\/wp-json\/wp\/v2\/users\/5"}],"replies":[{"embeddable":true,"href":"https:\/\/www.balther.net\/et\/wp-json\/wp\/v2\/comments?post=24304"}],"version-history":[{"count":9,"href":"https:\/\/www.balther.net\/et\/wp-json\/wp\/v2\/pages\/24304\/revisions"}],"predecessor-version":[{"id":24324,"href":"https:\/\/www.balther.net\/et\/wp-json\/wp\/v2\/pages\/24304\/revisions\/24324"}],"up":[{"embeddable":true,"href":"https:\/\/www.balther.net\/et\/wp-json\/wp\/v2\/pages\/446"}],"wp:attachment":[{"href":"https:\/\/www.balther.net\/et\/wp-json\/wp\/v2\/media?parent=24304"}],"curies":[{"name":"wp","href":"https:\/\/api.w.org\/{rel}","templated":true}]}}