{"id":23956,"date":"2025-01-16T00:13:46","date_gmt":"2025-01-15T22:13:46","guid":{"rendered":"https:\/\/www.balther.net\/?page_id=23956"},"modified":"2026-01-13T22:16:24","modified_gmt":"2026-01-13T20:16:24","slug":"arhiiviprojektid","status":"publish","type":"page","link":"https:\/\/www.balther.net\/et\/koostoo\/projektid\/arhiiviprojektid\/","title":{"rendered":"Arhiiviprojektid"},"content":{"rendered":"\n<h2 class=\"wp-block-heading\">Arhiiviprojektid<\/h2>\n\n\n\n<p>V\u00e4liseesti kultuurip\u00e4randi kogumise, talletamise ja k\u00e4ttesaadavaks tegemisega seotud projektid.<\/p>\n\n\n\n<p>Rahvuskaaslaste programmist (kuni 2020) ning \u00fcleilmse eestluse tegevuskava raames eraldatud toetused:<\/p>\n\n\n\n<div class=\"wp-block-group is-nowrap is-layout-flex wp-container-core-group-is-layout-1 wp-block-group-is-layout-flex\">\n<p><a href=\"https:\/\/www.balther.net\/wp-admin\/edit.php?post_type=page\"><\/a><\/p>\n\n\n\n<ul class=\"wp-block-list\">\n<li>2025. aastal toetati <a href=\"https:\/\/www.ra.ee\/wp-content\/uploads\/2025\/10\/Toetuste-eraldused_2025_veebi.pdf\" target=\"_blank\" rel=\"noreferrer noopener\">48 projekti<\/a>.<\/li>\n\n\n\n<li>2024. aastal toetati <a href=\"https:\/\/www.ra.ee\/wp-content\/uploads\/2024\/06\/Hindamiskomisjoni-ettepanek_Veebi.pdf\" target=\"_blank\" rel=\"noreferrer noopener\">40 projekti<\/a>, tutvu <a href=\"https:\/\/www.balther.net\/wp-content\/uploads\/2026\/01\/Projektid_2024_aruanded_veebi.xlsx\" target=\"_blank\" rel=\"noreferrer noopener\">tulemustega<\/a>.<\/li>\n\n\n\n<li>2023. aastal toetati <a href=\"https:\/\/www.ra.ee\/wp-content\/uploads\/2023\/09\/Arhiivikomisjoni-otsus-toetuste-eraldamise-kohta_veebruar-2023.pdf\" target=\"_blank\" rel=\"noreferrer noopener\">41 projekti<\/a>, tutvu <a href=\"https:\/\/www.ra.ee\/wp-content\/uploads\/2024\/06\/VEEBI_Projektide-kokkuvote_2023.pdf\" target=\"_blank\" rel=\"noreferrer noopener\">tulemustega<\/a>.<\/li>\n\n\n\n<li>2022. aastal toetati <a href=\"https:\/\/www.ra.ee\/wp-content\/uploads\/2023\/09\/Arhiivikomisjoni-18.02.2022-protokolli-nr-1-lisa-1_veebi.pdf\" target=\"_blank\" rel=\"noreferrer noopener\">37 projekti<\/a>, tutvu <a href=\"https:\/\/www.ra.ee\/wp-content\/uploads\/2023\/09\/Projektide-kokkuvote_2022_veeb.pdf\" target=\"_blank\" rel=\"noreferrer noopener\">tulemustega<\/a>.<\/li>\n\n\n\n<li>2021. aastal toetati <a href=\"https:\/\/www.ra.ee\/wp-content\/uploads\/2021\/04\/2021-konkursi-protokoll-nr-1-lisa-nr-1.pdf\" target=\"_blank\" rel=\"noreferrer noopener\">37 projekti<\/a>, tutvu <a href=\"https:\/\/www.ra.ee\/wp-content\/uploads\/2022\/10\/Arhiiviprojektide_kokkuvote_2021_V.pdf\" target=\"_blank\" rel=\"noreferrer noopener\">tulemustega<\/a>.<\/li>\n\n\n\n<li>2020. aastal toetati <a href=\"https:\/\/www.ra.ee\/wp-content\/uploads\/2021\/04\/RKP_rahaeraldused_pikendused_2020.pdf\" target=\"_blank\" rel=\"noreferrer noopener\">45 projekti<\/a>, tutvu <a href=\"https:\/\/www.ra.ee\/wp-content\/uploads\/2021\/04\/Arhiiviprojektide_kokkuvote_2020.pdf\" target=\"_blank\" rel=\"noreferrer noopener\">tulemustega<\/a>.<\/li>\n\n\n\n<li>2019. aastal toetati <a href=\"https:\/\/www.ra.ee\/wp-content\/uploads\/2020\/01\/RKP-2019_eraldused-veebi.pdf\" target=\"_blank\" rel=\"noreferrer noopener\">40 projekti<\/a>, tutvu <a href=\"https:\/\/www.ra.ee\/wp-content\/uploads\/2020\/12\/Arhiiviprojektide_kokkuvote_2019_veebi.pdf\" target=\"_blank\" rel=\"noreferrer noopener\">tulemustega<\/a>.<\/li>\n\n\n\n<li>2018. aastal toetati&nbsp;<a href=\"https:\/\/www.ra.ee\/wp-content\/uploads\/2018\/03\/RKP-05.03.2018-protokolli-lisa-1.pdf\" target=\"_blank\" rel=\"noreferrer noopener\">53 projekti<\/a>, tutvu <a href=\"https:\/\/www.ra.ee\/wp-content\/uploads\/2020\/01\/Arhiiviprojektide_kokkuv\u00f5te_2018.pdf\" target=\"_blank\" rel=\"noreferrer noopener\">tulemustega<\/a>.<\/li>\n\n\n\n<li>2017. aastal toetati&nbsp;<a href=\"https:\/\/www.ra.ee\/wp-content\/uploads\/2017\/09\/RKP-2017-projektid.pdf\" target=\"_blank\" rel=\"noreferrer noopener\">40 projekti<\/a>, tutvu <a href=\"https:\/\/www.ra.ee\/wp-content\/uploads\/2019\/01\/Arhiiviprojektide_kokkuv\u00f5te_2017_veebi.pdf\" target=\"_blank\" rel=\"noreferrer noopener\">tulemustega<\/a>.<\/li>\n\n\n\n<li>2016. aastal toetati <a href=\"https:\/\/www.ra.ee\/wp-content\/uploads\/2018\/02\/Arhiiviprojektide_kokkuv\u00f5te_2016_veebi.docx\" target=\"_blank\" rel=\"noreferrer noopener\">43. projekti<\/a>, tutvu <a href=\"https:\/\/www.balther.net\/wp-content\/uploads\/2026\/01\/Arhiiviprojektide_kokkuvote_2016_veebi.docx\" target=\"_blank\" rel=\"noreferrer noopener\">tulemustega<\/a>.<\/li>\n\n\n\n<li>2015. aastal toetati 42 projekti, tutvu <a href=\"https:\/\/www.ra.ee\/wp-content\/uploads\/2016\/06\/rkp_kokkuvote_2015-1.pdf\" target=\"_blank\" rel=\"noreferrer noopener\">tulemustega<\/a>.<\/li>\n\n\n\n<li>2014. aastal toetati <a href=\"https:\/\/www.ra.ee\/wp-content\/uploads\/2016\/06\/rkp_toetused_2014-1.pdf\" target=\"_blank\" rel=\"noreferrer noopener\">53 projekti<\/a>, tutvu <a href=\"https:\/\/www.ra.ee\/wp-content\/uploads\/2016\/06\/rkp_tulemused_2014-1.pdf\" target=\"_blank\" rel=\"noreferrer noopener\">tulemustega<\/a>.<\/li>\n\n\n\n<li>2013. aastal toetati <a href=\"https:\/\/www.ra.ee\/wp-content\/uploads\/2016\/06\/rkp_koond_2013-1.xls\" target=\"_blank\" rel=\"noreferrer noopener\">40 projekti<\/a>, tutvu <a href=\"https:\/\/www.ra.ee\/wp-content\/uploads\/2016\/06\/rkp_tulemused_2013-1.pdf\" target=\"_blank\" rel=\"noreferrer noopener\">tulemustega<\/a>.<\/li>\n\n\n\n<li>2012. aastal toetati <a href=\"https:\/\/www.ra.ee\/wp-content\/uploads\/2016\/06\/rkp_koond_2012-1.xls\" target=\"_blank\" rel=\"noreferrer noopener\">34 projekti<\/a>, tutvu <a href=\"https:\/\/www.ra.ee\/wp-content\/uploads\/2016\/06\/rkp_tulemused_2012-1.pdf\" target=\"_blank\" rel=\"noreferrer noopener\">tulemustega<\/a>.<\/li>\n\n\n\n<li>2011. aastal toetati 22 projekti, tutvu <a href=\"https:\/\/www.ra.ee\/wp-content\/uploads\/2016\/06\/rkp_tulemused_2011-1.pdf\" target=\"_blank\" rel=\"noreferrer noopener\">tulemustega<\/a>.<\/li>\n\n\n\n<li>2010. aastal toetati <a href=\"https:\/\/www.balther.net\/wp-content\/uploads\/2025\/01\/RKP_arhiiviprojektid_2010.pdf\" target=\"_blank\" rel=\"noreferrer noopener\">38 projekti<\/a>.<\/li>\n\n\n\n<li>2009. aastal toetati <a href=\"https:\/\/www.balther.net\/wp-content\/uploads\/2025\/01\/RKP_arhiiviprojektid_2009.pdf\" target=\"_blank\" rel=\"noreferrer noopener\">23 projekti<\/a>.<\/li>\n\n\n\n<li>2008. aastal toetati <a href=\"https:\/\/www.balther.net\/wp-content\/uploads\/2025\/01\/RKP_arhiiviprojektid_2008.pdf\" target=\"_blank\" rel=\"noreferrer noopener\">31 projekti<\/a>.<\/li>\n\n\n\n<li>2007. aastal toetati <a href=\"https:\/\/www.balther.net\/wp-content\/uploads\/2025\/01\/RKP_arhiiviprojektid_2007.pdf\" target=\"_blank\" rel=\"noreferrer noopener\">33 projekti<\/a>.<\/li>\n<\/ul>\n<\/div>\n\n\n\n<div style=\"height:28px\" aria-hidden=\"true\" class=\"wp-block-spacer\"><\/div>\n\n\n\n<p>T\u00e4psem info projektitaotluse kohta: <a href=\"https:\/\/www.ra.ee\/projektid-ja-koostoo\/valiseesti-taotlusvoor\/\" target=\"_blank\" rel=\"noreferrer noopener\">https:\/\/ www.ra.ee\/projektid-ja-koostoo\/valiseesti-taotlusvoor\/<\/a><\/p>\n\n\n\n<div style=\"height:100px\" aria-hidden=\"true\" class=\"wp-block-spacer\"><\/div>\n","protected":false},"excerpt":{"rendered":"<p>Arhiiviprojektid V\u00e4liseesti kultuurip\u00e4randi kogumise, talletamise ja k\u00e4ttesaadavaks tegemisega seotud projektid. Rahvuskaaslaste programmist (kuni 2020) ning \u00fcleilmse eestluse tegevuskava raames eraldatud toetused: T\u00e4psem info projektitaotluse kohta: https:\/\/ www.ra.ee\/projektid-ja-koostoo\/valiseesti-taotlusvoor\/<\/p>\n","protected":false},"author":5,"featured_media":0,"parent":448,"menu_order":0,"comment_status":"closed","ping_status":"closed","template":"","meta":{"_acf_changed":false,"_monsterinsights_skip_tracking":false,"_monsterinsights_sitenote_active":false,"_monsterinsights_sitenote_note":"","_monsterinsights_sitenote_category":0,"ngg_post_thumbnail":0,"footnotes":""},"class_list":["post-23956","page","type-page","status-publish","hentry"],"acf":[],"yoast_head":"<!-- This site is optimized with the Yoast SEO plugin v24.2 - https:\/\/yoast.com\/wordpress\/plugins\/seo\/ -->\n<title>Arhiiviprojektid - BaltHerNet<\/title>\n<meta name=\"robots\" content=\"index, follow, max-snippet:-1, max-image-preview:large, max-video-preview:-1\" \/>\n<link rel=\"canonical\" href=\"https:\/\/www.balther.net\/et\/koostoo\/projektid\/arhiiviprojektid\/\" \/>\n<meta property=\"og:locale\" content=\"et_EE\" \/>\n<meta property=\"og:type\" content=\"article\" \/>\n<meta property=\"og:title\" content=\"Arhiiviprojektid - BaltHerNet\" \/>\n<meta property=\"og:description\" content=\"Arhiiviprojektid V\u00e4liseesti kultuurip\u00e4randi kogumise, talletamise ja k\u00e4ttesaadavaks tegemisega seotud projektid. Rahvuskaaslaste programmist (kuni 2020) ning \u00fcleilmse eestluse tegevuskava raames eraldatud toetused: T\u00e4psem info projektitaotluse kohta: https:\/\/ www.ra.ee\/projektid-ja-koostoo\/valiseesti-taotlusvoor\/\" \/>\n<meta property=\"og:url\" content=\"https:\/\/www.balther.net\/et\/koostoo\/projektid\/arhiiviprojektid\/\" \/>\n<meta property=\"og:site_name\" content=\"BaltHerNet\" \/>\n<meta property=\"article:modified_time\" content=\"2026-01-13T20:16:24+00:00\" \/>\n<meta name=\"twitter:card\" content=\"summary_large_image\" \/>\n<meta name=\"twitter:label1\" content=\"Est. reading time\" \/>\n\t<meta name=\"twitter:data1\" content=\"1 minut\" \/>\n<script type=\"application\/ld+json\" class=\"yoast-schema-graph\">{\"@context\":\"https:\/\/schema.org\",\"@graph\":[{\"@type\":\"WebPage\",\"@id\":\"https:\/\/www.balther.net\/et\/koostoo\/projektid\/arhiiviprojektid\/\",\"url\":\"https:\/\/www.balther.net\/et\/koostoo\/projektid\/arhiiviprojektid\/\",\"name\":\"Arhiiviprojektid - BaltHerNet\",\"isPartOf\":{\"@id\":\"https:\/\/www.balther.net\/#website\"},\"datePublished\":\"2025-01-15T22:13:46+00:00\",\"dateModified\":\"2026-01-13T20:16:24+00:00\",\"breadcrumb\":{\"@id\":\"https:\/\/www.balther.net\/et\/koostoo\/projektid\/arhiiviprojektid\/#breadcrumb\"},\"inLanguage\":\"et\",\"potentialAction\":[{\"@type\":\"ReadAction\",\"target\":[\"https:\/\/www.balther.net\/et\/koostoo\/projektid\/arhiiviprojektid\/\"]}]},{\"@type\":\"BreadcrumbList\",\"@id\":\"https:\/\/www.balther.net\/et\/koostoo\/projektid\/arhiiviprojektid\/#breadcrumb\",\"itemListElement\":[{\"@type\":\"ListItem\",\"position\":1,\"name\":\"Home\",\"item\":\"https:\/\/www.balther.net\/et\/\"},{\"@type\":\"ListItem\",\"position\":2,\"name\":\"Koost\u00f6\u00f6\",\"item\":\"https:\/\/www.balther.net\/et\/koostoo\/\"},{\"@type\":\"ListItem\",\"position\":3,\"name\":\"Projektid\",\"item\":\"https:\/\/www.balther.net\/et\/koostoo\/projektid\/\"},{\"@type\":\"ListItem\",\"position\":4,\"name\":\"Arhiiviprojektid\"}]},{\"@type\":\"WebSite\",\"@id\":\"https:\/\/www.balther.net\/#website\",\"url\":\"https:\/\/www.balther.net\/\",\"name\":\"BaltHerNet\",\"description\":\"\",\"potentialAction\":[{\"@type\":\"SearchAction\",\"target\":{\"@type\":\"EntryPoint\",\"urlTemplate\":\"https:\/\/www.balther.net\/?s={search_term_string}\"},\"query-input\":{\"@type\":\"PropertyValueSpecification\",\"valueRequired\":true,\"valueName\":\"search_term_string\"}}],\"inLanguage\":\"et\"}]}<\/script>\n<!-- \/ Yoast SEO plugin. -->","yoast_head_json":{"title":"Arhiiviprojektid - BaltHerNet","robots":{"index":"index","follow":"follow","max-snippet":"max-snippet:-1","max-image-preview":"max-image-preview:large","max-video-preview":"max-video-preview:-1"},"canonical":"https:\/\/www.balther.net\/et\/koostoo\/projektid\/arhiiviprojektid\/","og_locale":"et_EE","og_type":"article","og_title":"Arhiiviprojektid - BaltHerNet","og_description":"Arhiiviprojektid V\u00e4liseesti kultuurip\u00e4randi kogumise, talletamise ja k\u00e4ttesaadavaks tegemisega seotud projektid. Rahvuskaaslaste programmist (kuni 2020) ning \u00fcleilmse eestluse tegevuskava raames eraldatud toetused: T\u00e4psem info projektitaotluse kohta: https:\/\/ www.ra.ee\/projektid-ja-koostoo\/valiseesti-taotlusvoor\/","og_url":"https:\/\/www.balther.net\/et\/koostoo\/projektid\/arhiiviprojektid\/","og_site_name":"BaltHerNet","article_modified_time":"2026-01-13T20:16:24+00:00","twitter_card":"summary_large_image","twitter_misc":{"Est. reading time":"1 minut"},"schema":{"@context":"https:\/\/schema.org","@graph":[{"@type":"WebPage","@id":"https:\/\/www.balther.net\/et\/koostoo\/projektid\/arhiiviprojektid\/","url":"https:\/\/www.balther.net\/et\/koostoo\/projektid\/arhiiviprojektid\/","name":"Arhiiviprojektid - BaltHerNet","isPartOf":{"@id":"https:\/\/www.balther.net\/#website"},"datePublished":"2025-01-15T22:13:46+00:00","dateModified":"2026-01-13T20:16:24+00:00","breadcrumb":{"@id":"https:\/\/www.balther.net\/et\/koostoo\/projektid\/arhiiviprojektid\/#breadcrumb"},"inLanguage":"et","potentialAction":[{"@type":"ReadAction","target":["https:\/\/www.balther.net\/et\/koostoo\/projektid\/arhiiviprojektid\/"]}]},{"@type":"BreadcrumbList","@id":"https:\/\/www.balther.net\/et\/koostoo\/projektid\/arhiiviprojektid\/#breadcrumb","itemListElement":[{"@type":"ListItem","position":1,"name":"Home","item":"https:\/\/www.balther.net\/et\/"},{"@type":"ListItem","position":2,"name":"Koost\u00f6\u00f6","item":"https:\/\/www.balther.net\/et\/koostoo\/"},{"@type":"ListItem","position":3,"name":"Projektid","item":"https:\/\/www.balther.net\/et\/koostoo\/projektid\/"},{"@type":"ListItem","position":4,"name":"Arhiiviprojektid"}]},{"@type":"WebSite","@id":"https:\/\/www.balther.net\/#website","url":"https:\/\/www.balther.net\/","name":"BaltHerNet","description":"","potentialAction":[{"@type":"SearchAction","target":{"@type":"EntryPoint","urlTemplate":"https:\/\/www.balther.net\/?s={search_term_string}"},"query-input":{"@type":"PropertyValueSpecification","valueRequired":true,"valueName":"search_term_string"}}],"inLanguage":"et"}]}},"_links":{"self":[{"href":"https:\/\/www.balther.net\/et\/wp-json\/wp\/v2\/pages\/23956","targetHints":{"allow":["GET"]}}],"collection":[{"href":"https:\/\/www.balther.net\/et\/wp-json\/wp\/v2\/pages"}],"about":[{"href":"https:\/\/www.balther.net\/et\/wp-json\/wp\/v2\/types\/page"}],"author":[{"embeddable":true,"href":"https:\/\/www.balther.net\/et\/wp-json\/wp\/v2\/users\/5"}],"replies":[{"embeddable":true,"href":"https:\/\/www.balther.net\/et\/wp-json\/wp\/v2\/comments?post=23956"}],"version-history":[{"count":18,"href":"https:\/\/www.balther.net\/et\/wp-json\/wp\/v2\/pages\/23956\/revisions"}],"predecessor-version":[{"id":26594,"href":"https:\/\/www.balther.net\/et\/wp-json\/wp\/v2\/pages\/23956\/revisions\/26594"}],"up":[{"embeddable":true,"href":"https:\/\/www.balther.net\/et\/wp-json\/wp\/v2\/pages\/448"}],"wp:attachment":[{"href":"https:\/\/www.balther.net\/et\/wp-json\/wp\/v2\/media?parent=23956"}],"curies":[{"name":"wp","href":"https:\/\/api.w.org\/{rel}","templated":true}]}}