{"id":1998,"date":"2016-01-03T20:12:51","date_gmt":"2016-01-03T20:12:51","guid":{"rendered":"http:\/\/uus.balther.net\/?page_id=1998&#038;lang=et"},"modified":"2016-01-03T20:24:21","modified_gmt":"2016-01-03T20:24:21","slug":"rootsi-televisiooni-audiovisuaalne-arhiiv-svt-bild","status":"publish","type":"page","link":"https:\/\/www.balther.net\/et\/maluasutused\/rootsi\/arhiivid\/rootsi-televisiooni-audiovisuaalne-arhiiv-svt-bild\/","title":{"rendered":"Rootsi Televisiooni audiovisuaalne arhiiv (SVT-Bild)"},"content":{"rendered":"<h5 style=\"text-align: justify;\" align=\"left\"><strong><a href=\"http:\/\/www.svt.se\/\" target=\"_blank\">Rootsi Televisiooni<\/a> <a href=\"http:\/\/www.svtbild.se\/Login.jsp\" target=\"_blank\">audiovisuaalne arhiiv (SVT-Bild)<\/a><\/strong><\/h5>\n<p style=\"text-align: justify;\"><strong>Rootsi rahvustelevisiooon<\/strong> (<em>Sveriges Television<\/em>, SVT) alustas saadete regulaarset edastamist 1956. aastal, kuid SVT audiovisuaalse arhiivi kogud on m\u00e4rksa vanemad. SVT on omandanud mitmed vanemad arhiivid, nagu n\u00e4iteks <em>SF-arkivet<\/em> vanade rootsi kinoringvaadetega. Sealhulgas on m\u00f5ned esimestest, 100 aastat vanadest Path\u00e9 filmidest, mida filmiajaloo raamatutes peeti igavesti kadunuks, kuni need m\u00f5ne aasta eest SVT hiiglaslikust arhiivist taasavastati.<\/p>\n<p style=\"text-align: justify;\"><strong>Pressifoto kogud<br \/>\n<\/strong><br \/>\nRahvusvahelise pressifoto kollektsioon <em>SVT-Bild<\/em> sisaldab rohkem kui 5 miljonit pilti, mis on algselt p\u00e4rit Stockholmi rahvusvahelisest uudisteagentuurist <em>Text och Bilder<\/em> (Tekst ja Pildid). Aastatel 1914\u20131967 oli<em>Text och Bilder<\/em> enamiku juhtivate rahvusvaheliste uudisfotoagentuuride kohalikuks esindajaks. Rootsis tehtud fotode v\u00e4lismaiste tellijate seas olid sellised igan\u00e4dalased uudiskirjad nagu <em>Time <\/em>ja <em>Life<\/em>.<\/p>\n<p style=\"text-align: justify;\"><em>Text och Bilder<\/em>\u2019il olid ka kohalikud kliendid, kes tundsid huvi rahvusvahelise pressifoto vastu, nende seas sellised Rootsi v\u00e4ljaanded nagu <em>Se<\/em> ja <em>FIB-aktuellt.<\/em> Kord n\u00e4dalas ilmuvad uudisajakirjad olid tollal rahvusvahelise uudisfotoajakirjanduse esirinnas t\u00e4htsa missiooniga tuua Rootsi publikuni parimad palad uudisfotode seast.<\/p>\n<p style=\"text-align: justify;\">Kuid n\u00e4dalalehed kaotasid oma turu 1950. aastate keskel seoses uue meediumi \u2013 televisiooni \u2013 saabumisega ning p\u00e4eva uudispildid edastati otse inimeste elutuppa. \u00dchtlasi l\u00f5petas see ka ajastu, mil kinos enne filmi algust ringvaateid n\u00e4idati. Seega oli ajal, mil televisioon tegi oma l\u00e4bimurde, SVT jaoks loomulik vanade audiovisuaalsete arhiivide omandamine, enda kogudega liitmine ja s\u00e4ilitamine.<\/p>\n<p style=\"text-align: justify;\"><em>SVT-Blid<\/em>\u2019i fotoarhiivi kogud on t\u00e4nap\u00e4eval ainulaadsed. Enamik teistest rahvusvahelistest fotoarhiividest Euroopas l\u00e4ksid Teise maailmas\u00f5ja keerises kaduma. Neist v\u00e4hestest, mis s\u00f5ja j\u00e4rel s\u00e4ilinud olid, h\u00e4vis enamik hiljem tules, kehva haldamise v\u00f5i m\u00f5ne \u00f5nnetuse tulemusena.<\/p>\n<p style=\"text-align: justify;\">Samas kui s\u00f5da enamiku Euroopa linnu h\u00e4vitas, \u00f5nnestus Rootsit ning <em>Text och Bilder<\/em>\u2019it eemal hoida s\u00f5jategevusest ja kogu kahjust, mida okupatsiooniarmee v\u00f5inuks tekitada.<\/p>\n<p style=\"text-align: justify;\"><em>Text och Bilder<\/em> t administreeriti v\u00e4ga h\u00e4sti. Neil oli p\u00f5him\u00f5te s\u00e4ilitada oma arhiivis tuleviku tarvis \u00fcks koopia igast pildist, mis kliendile saadeti. Need fotod talletati koos originaaltekstiga ning kataloogiti korralikult.<\/p>\n<p style=\"text-align: justify;\">Veel \u00fcks oluline m\u00e4rkus: <em>Text och Bilder\/SVT-Bild<\/em> on alati olnud &#8211; ning on ka t\u00e4nap\u00e4eval &#8211; \u201eelav arhiiv\u201c, t\u00e4ielik pidevalt uuenev kollektsioon 1914. aastast t\u00e4naseni, kuna sajandivanuse ainesega fotokollektsiooni lisatakse SVT p\u00e4evauudiste materjali iga p\u00e4ev.<\/p>\n<p style=\"text-align: justify;\">Seega on <em>SVT-Bild<\/em> t\u00e4na \u00fcks v\u00e4hestest s\u00e4ilinud 20. sajandi maailma ajaloo t\u00e4ielikest fotodokumentatsioonidest ning SVTs s\u00e4ilitatakse ka suurt osa Balti p\u00e4randist. Lood peapiiskop Johann Pommeri m\u00f5rvamisest Riias v\u00f5i paadip\u00f5genikest, kes lahkusid Baltimaadest Rootsi ja Soome, on arhiivis olemas. Niisamuti on palju pilte arhiivi toonud uudisartiklid igap\u00e4evaelust, spordist ning kultuuris\u00fcndmustest Baltikumis. Poliitikauudised ja uudised Teise maailmas\u00f5ja kohta on teised olulised teemad ajalehtedes ning k\u00f5ik fotod ja pildiallkirjad on SVT arhiivis hoiul.<\/p>\n<p style=\"text-align: justify;\">Suur osa sellest materjalist, eriti uudisfotod Teise maailmas\u00f5ja idarindelt on ainukesed t\u00e4naseni s\u00e4ilinud eksemplarid maailmas.<\/p>\n<p style=\"text-align: justify;\">K\u00f5ik vana ainesega fotokollektsioonid ja kogu uus materjal on uurijatele saadaval digitaalsel kujul internetiaadressil <a href=\"http:\/\/www.svtbild.se\/\" target=\"_blank\">www.svtbild.se<\/a>. Kui soovitut ei ole veel j\u00f5utud digiteerida, tehakse seda kohe, kui klient selleks soovi avaldab.<\/p>\n<p style=\"text-align: justify;\">Kontakt: <a href=\"mailto:svtbild[at]svt.se\">svtbild@svt.se<\/a><\/p>\n<p style=\"text-align: justify;\">Lars-Gunnar Bengtsson,<br \/>\nSVT MALM\u00d6, SVT meediajuht<br \/>\nBAACi juhatuse liige<\/p>\n","protected":false},"excerpt":{"rendered":"<p>Rootsi Televisiooni audiovisuaalne arhiiv (SVT-Bild) Rootsi rahvustelevisiooon (Sveriges Television, SVT) alustas saadete regulaarset edastamist 1956. aastal, kuid SVT audiovisuaalse arhiivi kogud on m\u00e4rksa vanemad. SVT on omandanud mitmed vanemad arhiivid, nagu n\u00e4iteks SF-arkivet vanade rootsi kinoringvaadetega. Sealhulgas on m\u00f5ned esimestest, 100 aastat vanadest Path\u00e9 filmidest, mida filmiajaloo raamatutes peeti igavesti kadunuks, kuni need m\u00f5ne aasta eest SVT hiiglaslikust arhiivist taasavastati. Pressifoto kogud Rahvusvahelise pressifoto kollektsioon SVT-Bild sisaldab rohkem kui 5 miljonit pilti, mis on algselt p\u00e4rit Stockholmi rahvusvahelisest uudisteagentuurist Text och Bilder (Tekst ja Pildid). Aastatel 1914\u20131967 oliText och Bilder enamiku juhtivate rahvusvaheliste uudisfotoagentuuride kohalikuks esindajaks. Rootsis tehtud fotode v\u00e4lismaiste tellijate seas olid sellised igan\u00e4dalased uudiskirjad nagu Time ja Life. Text och Bilder\u2019il olid ka kohalikud kliendid, kes tundsid huvi rahvusvahelise pressifoto vastu, nende seas sellised Rootsi v\u00e4ljaanded nagu Se ja FIB-aktuellt. Kord n\u00e4dalas ilmuvad uudisajakirjad olid tollal rahvusvahelise uudisfotoajakirjanduse esirinnas t\u00e4htsa missiooniga tuua Rootsi publikuni parimad palad uudisfotode seast. Kuid n\u00e4dalalehed kaotasid oma turu 1950. aastate keskel seoses uue meediumi \u2013 televisiooni \u2013 saabumisega ning p\u00e4eva uudispildid edastati otse inimeste elutuppa. \u00dchtlasi l\u00f5petas see ka ajastu, mil kinos enne filmi algust ringvaateid n\u00e4idati. Seega oli ajal, mil televisioon tegi oma l\u00e4bimurde, SVT jaoks loomulik vanade audiovisuaalsete arhiivide omandamine, enda kogudega liitmine ja s\u00e4ilitamine. SVT-Blid\u2019i fotoarhiivi kogud on t\u00e4nap\u00e4eval ainulaadsed. Enamik teistest rahvusvahelistest fotoarhiividest Euroopas l\u00e4ksid Teise maailmas\u00f5ja keerises kaduma. Neist v\u00e4hestest, mis s\u00f5ja j\u00e4rel s\u00e4ilinud olid, h\u00e4vis enamik hiljem tules, kehva haldamise v\u00f5i m\u00f5ne \u00f5nnetuse tulemusena. Samas kui s\u00f5da enamiku Euroopa linnu h\u00e4vitas, \u00f5nnestus Rootsit ning Text och Bilder\u2019it eemal hoida s\u00f5jategevusest ja kogu kahjust, mida okupatsiooniarmee v\u00f5inuks tekitada. Text och Bilder t administreeriti v\u00e4ga h\u00e4sti. Neil oli p\u00f5him\u00f5te s\u00e4ilitada oma arhiivis tuleviku tarvis \u00fcks koopia igast pildist, mis kliendile saadeti. Need fotod talletati koos originaaltekstiga ning kataloogiti korralikult. Veel \u00fcks oluline m\u00e4rkus: Text och Bilder\/SVT-Bild on alati olnud &#8211; ning on ka t\u00e4nap\u00e4eval &#8211; \u201eelav arhiiv\u201c, t\u00e4ielik pidevalt uuenev kollektsioon 1914. aastast t\u00e4naseni, kuna sajandivanuse ainesega fotokollektsiooni lisatakse SVT p\u00e4evauudiste materjali iga p\u00e4ev. Seega on SVT-Bild t\u00e4na \u00fcks v\u00e4hestest s\u00e4ilinud 20. sajandi maailma ajaloo t\u00e4ielikest fotodokumentatsioonidest ning SVTs s\u00e4ilitatakse ka suurt osa Balti p\u00e4randist. Lood peapiiskop Johann Pommeri m\u00f5rvamisest Riias v\u00f5i paadip\u00f5genikest, kes lahkusid Baltimaadest Rootsi ja Soome, on arhiivis olemas. Niisamuti on palju pilte arhiivi toonud uudisartiklid igap\u00e4evaelust, spordist ning kultuuris\u00fcndmustest Baltikumis. Poliitikauudised ja uudised Teise maailmas\u00f5ja kohta on teised olulised teemad ajalehtedes ning k\u00f5ik fotod ja pildiallkirjad on SVT arhiivis hoiul. Suur osa sellest materjalist, eriti uudisfotod Teise maailmas\u00f5ja idarindelt on ainukesed t\u00e4naseni s\u00e4ilinud eksemplarid maailmas. K\u00f5ik vana ainesega fotokollektsioonid ja kogu uus materjal on uurijatele saadaval digitaalsel kujul internetiaadressil www.svtbild.se. Kui soovitut ei ole veel j\u00f5utud digiteerida, tehakse seda kohe, kui klient selleks soovi avaldab. Kontakt: svtbild@svt.se Lars-Gunnar Bengtsson, SVT MALM\u00d6, SVT meediajuht BAACi juhatuse liige<\/p>\n","protected":false},"author":7,"featured_media":0,"parent":1544,"menu_order":2,"comment_status":"closed","ping_status":"closed","template":"","meta":{"_acf_changed":false,"_monsterinsights_skip_tracking":false,"_monsterinsights_sitenote_active":false,"_monsterinsights_sitenote_note":"","_monsterinsights_sitenote_category":0,"ngg_post_thumbnail":0,"footnotes":""},"class_list":["post-1998","page","type-page","status-publish","hentry"],"acf":[],"yoast_head":"<!-- This site is optimized with the Yoast SEO plugin v24.2 - https:\/\/yoast.com\/wordpress\/plugins\/seo\/ -->\n<title>Rootsi Televisiooni audiovisuaalne arhiiv (SVT-Bild) - BaltHerNet<\/title>\n<meta name=\"robots\" content=\"index, follow, max-snippet:-1, max-image-preview:large, max-video-preview:-1\" \/>\n<link rel=\"canonical\" href=\"https:\/\/www.balther.net\/et\/maluasutused\/rootsi\/arhiivid\/rootsi-televisiooni-audiovisuaalne-arhiiv-svt-bild\/\" \/>\n<meta property=\"og:locale\" content=\"et_EE\" \/>\n<meta property=\"og:type\" content=\"article\" \/>\n<meta property=\"og:title\" content=\"Rootsi Televisiooni audiovisuaalne arhiiv (SVT-Bild) - BaltHerNet\" \/>\n<meta property=\"og:description\" content=\"Rootsi Televisiooni audiovisuaalne arhiiv (SVT-Bild) Rootsi rahvustelevisiooon (Sveriges Television, SVT) alustas saadete regulaarset edastamist 1956. aastal, kuid SVT audiovisuaalse arhiivi kogud on m\u00e4rksa vanemad. SVT on omandanud mitmed vanemad arhiivid, nagu n\u00e4iteks SF-arkivet vanade rootsi kinoringvaadetega. Sealhulgas on m\u00f5ned esimestest, 100 aastat vanadest Path\u00e9 filmidest, mida filmiajaloo raamatutes peeti igavesti kadunuks, kuni need m\u00f5ne aasta eest SVT hiiglaslikust arhiivist taasavastati. Pressifoto kogud Rahvusvahelise pressifoto kollektsioon SVT-Bild sisaldab rohkem kui 5 miljonit pilti, mis on algselt p\u00e4rit Stockholmi rahvusvahelisest uudisteagentuurist Text och Bilder (Tekst ja Pildid). Aastatel 1914\u20131967 oliText och Bilder enamiku juhtivate rahvusvaheliste uudisfotoagentuuride kohalikuks esindajaks. Rootsis tehtud fotode v\u00e4lismaiste tellijate seas olid sellised igan\u00e4dalased uudiskirjad nagu Time ja Life. Text och Bilder\u2019il olid ka kohalikud kliendid, kes tundsid huvi rahvusvahelise pressifoto vastu, nende seas sellised Rootsi v\u00e4ljaanded nagu Se ja FIB-aktuellt. Kord n\u00e4dalas ilmuvad uudisajakirjad olid tollal rahvusvahelise uudisfotoajakirjanduse esirinnas t\u00e4htsa missiooniga tuua Rootsi publikuni parimad palad uudisfotode seast. Kuid n\u00e4dalalehed kaotasid oma turu 1950. aastate keskel seoses uue meediumi \u2013 televisiooni \u2013 saabumisega ning p\u00e4eva uudispildid edastati otse inimeste elutuppa. \u00dchtlasi l\u00f5petas see ka ajastu, mil kinos enne filmi algust ringvaateid n\u00e4idati. Seega oli ajal, mil televisioon tegi oma l\u00e4bimurde, SVT jaoks loomulik vanade audiovisuaalsete arhiivide omandamine, enda kogudega liitmine ja s\u00e4ilitamine. SVT-Blid\u2019i fotoarhiivi kogud on t\u00e4nap\u00e4eval ainulaadsed. Enamik teistest rahvusvahelistest fotoarhiividest Euroopas l\u00e4ksid Teise maailmas\u00f5ja keerises kaduma. Neist v\u00e4hestest, mis s\u00f5ja j\u00e4rel s\u00e4ilinud olid, h\u00e4vis enamik hiljem tules, kehva haldamise v\u00f5i m\u00f5ne \u00f5nnetuse tulemusena. Samas kui s\u00f5da enamiku Euroopa linnu h\u00e4vitas, \u00f5nnestus Rootsit ning Text och Bilder\u2019it eemal hoida s\u00f5jategevusest ja kogu kahjust, mida okupatsiooniarmee v\u00f5inuks tekitada. Text och Bilder t administreeriti v\u00e4ga h\u00e4sti. Neil oli p\u00f5him\u00f5te s\u00e4ilitada oma arhiivis tuleviku tarvis \u00fcks koopia igast pildist, mis kliendile saadeti. Need fotod talletati koos originaaltekstiga ning kataloogiti korralikult. Veel \u00fcks oluline m\u00e4rkus: Text och Bilder\/SVT-Bild on alati olnud &#8211; ning on ka t\u00e4nap\u00e4eval &#8211; \u201eelav arhiiv\u201c, t\u00e4ielik pidevalt uuenev kollektsioon 1914. aastast t\u00e4naseni, kuna sajandivanuse ainesega fotokollektsiooni lisatakse SVT p\u00e4evauudiste materjali iga p\u00e4ev. Seega on SVT-Bild t\u00e4na \u00fcks v\u00e4hestest s\u00e4ilinud 20. sajandi maailma ajaloo t\u00e4ielikest fotodokumentatsioonidest ning SVTs s\u00e4ilitatakse ka suurt osa Balti p\u00e4randist. Lood peapiiskop Johann Pommeri m\u00f5rvamisest Riias v\u00f5i paadip\u00f5genikest, kes lahkusid Baltimaadest Rootsi ja Soome, on arhiivis olemas. Niisamuti on palju pilte arhiivi toonud uudisartiklid igap\u00e4evaelust, spordist ning kultuuris\u00fcndmustest Baltikumis. Poliitikauudised ja uudised Teise maailmas\u00f5ja kohta on teised olulised teemad ajalehtedes ning k\u00f5ik fotod ja pildiallkirjad on SVT arhiivis hoiul. Suur osa sellest materjalist, eriti uudisfotod Teise maailmas\u00f5ja idarindelt on ainukesed t\u00e4naseni s\u00e4ilinud eksemplarid maailmas. K\u00f5ik vana ainesega fotokollektsioonid ja kogu uus materjal on uurijatele saadaval digitaalsel kujul internetiaadressil www.svtbild.se. Kui soovitut ei ole veel j\u00f5utud digiteerida, tehakse seda kohe, kui klient selleks soovi avaldab. Kontakt: svtbild@svt.se Lars-Gunnar Bengtsson, SVT MALM\u00d6, SVT meediajuht BAACi juhatuse liige\" \/>\n<meta property=\"og:url\" content=\"https:\/\/www.balther.net\/et\/maluasutused\/rootsi\/arhiivid\/rootsi-televisiooni-audiovisuaalne-arhiiv-svt-bild\/\" \/>\n<meta property=\"og:site_name\" content=\"BaltHerNet\" \/>\n<meta property=\"article:modified_time\" content=\"2016-01-03T20:24:21+00:00\" \/>\n<meta name=\"twitter:card\" content=\"summary_large_image\" \/>\n<meta name=\"twitter:label1\" content=\"Est. reading time\" \/>\n\t<meta name=\"twitter:data1\" content=\"3 minutit\" \/>\n<script type=\"application\/ld+json\" class=\"yoast-schema-graph\">{\"@context\":\"https:\/\/schema.org\",\"@graph\":[{\"@type\":\"WebPage\",\"@id\":\"https:\/\/www.balther.net\/et\/maluasutused\/rootsi\/arhiivid\/rootsi-televisiooni-audiovisuaalne-arhiiv-svt-bild\/\",\"url\":\"https:\/\/www.balther.net\/et\/maluasutused\/rootsi\/arhiivid\/rootsi-televisiooni-audiovisuaalne-arhiiv-svt-bild\/\",\"name\":\"Rootsi Televisiooni audiovisuaalne arhiiv (SVT-Bild) - BaltHerNet\",\"isPartOf\":{\"@id\":\"https:\/\/www.balther.net\/#website\"},\"datePublished\":\"2016-01-03T20:12:51+00:00\",\"dateModified\":\"2016-01-03T20:24:21+00:00\",\"breadcrumb\":{\"@id\":\"https:\/\/www.balther.net\/et\/maluasutused\/rootsi\/arhiivid\/rootsi-televisiooni-audiovisuaalne-arhiiv-svt-bild\/#breadcrumb\"},\"inLanguage\":\"et\",\"potentialAction\":[{\"@type\":\"ReadAction\",\"target\":[\"https:\/\/www.balther.net\/et\/maluasutused\/rootsi\/arhiivid\/rootsi-televisiooni-audiovisuaalne-arhiiv-svt-bild\/\"]}]},{\"@type\":\"BreadcrumbList\",\"@id\":\"https:\/\/www.balther.net\/et\/maluasutused\/rootsi\/arhiivid\/rootsi-televisiooni-audiovisuaalne-arhiiv-svt-bild\/#breadcrumb\",\"itemListElement\":[{\"@type\":\"ListItem\",\"position\":1,\"name\":\"Home\",\"item\":\"https:\/\/www.balther.net\/et\/\"},{\"@type\":\"ListItem\",\"position\":2,\"name\":\"M\u00e4luasutused\",\"item\":\"https:\/\/www.balther.net\/et\/maluasutused\/\"},{\"@type\":\"ListItem\",\"position\":3,\"name\":\"Rootsi\",\"item\":\"https:\/\/www.balther.net\/et\/maluasutused\/rootsi\/\"},{\"@type\":\"ListItem\",\"position\":4,\"name\":\"Arhiivid\",\"item\":\"https:\/\/www.balther.net\/et\/maluasutused\/rootsi\/arhiivid\/\"},{\"@type\":\"ListItem\",\"position\":5,\"name\":\"Rootsi Televisiooni audiovisuaalne arhiiv (SVT-Bild)\"}]},{\"@type\":\"WebSite\",\"@id\":\"https:\/\/www.balther.net\/#website\",\"url\":\"https:\/\/www.balther.net\/\",\"name\":\"BaltHerNet\",\"description\":\"\",\"potentialAction\":[{\"@type\":\"SearchAction\",\"target\":{\"@type\":\"EntryPoint\",\"urlTemplate\":\"https:\/\/www.balther.net\/?s={search_term_string}\"},\"query-input\":{\"@type\":\"PropertyValueSpecification\",\"valueRequired\":true,\"valueName\":\"search_term_string\"}}],\"inLanguage\":\"et\"}]}<\/script>\n<!-- \/ Yoast SEO plugin. -->","yoast_head_json":{"title":"Rootsi Televisiooni audiovisuaalne arhiiv (SVT-Bild) - BaltHerNet","robots":{"index":"index","follow":"follow","max-snippet":"max-snippet:-1","max-image-preview":"max-image-preview:large","max-video-preview":"max-video-preview:-1"},"canonical":"https:\/\/www.balther.net\/et\/maluasutused\/rootsi\/arhiivid\/rootsi-televisiooni-audiovisuaalne-arhiiv-svt-bild\/","og_locale":"et_EE","og_type":"article","og_title":"Rootsi Televisiooni audiovisuaalne arhiiv (SVT-Bild) - BaltHerNet","og_description":"Rootsi Televisiooni audiovisuaalne arhiiv (SVT-Bild) Rootsi rahvustelevisiooon (Sveriges Television, SVT) alustas saadete regulaarset edastamist 1956. aastal, kuid SVT audiovisuaalse arhiivi kogud on m\u00e4rksa vanemad. SVT on omandanud mitmed vanemad arhiivid, nagu n\u00e4iteks SF-arkivet vanade rootsi kinoringvaadetega. Sealhulgas on m\u00f5ned esimestest, 100 aastat vanadest Path\u00e9 filmidest, mida filmiajaloo raamatutes peeti igavesti kadunuks, kuni need m\u00f5ne aasta eest SVT hiiglaslikust arhiivist taasavastati. Pressifoto kogud Rahvusvahelise pressifoto kollektsioon SVT-Bild sisaldab rohkem kui 5 miljonit pilti, mis on algselt p\u00e4rit Stockholmi rahvusvahelisest uudisteagentuurist Text och Bilder (Tekst ja Pildid). Aastatel 1914\u20131967 oliText och Bilder enamiku juhtivate rahvusvaheliste uudisfotoagentuuride kohalikuks esindajaks. Rootsis tehtud fotode v\u00e4lismaiste tellijate seas olid sellised igan\u00e4dalased uudiskirjad nagu Time ja Life. Text och Bilder\u2019il olid ka kohalikud kliendid, kes tundsid huvi rahvusvahelise pressifoto vastu, nende seas sellised Rootsi v\u00e4ljaanded nagu Se ja FIB-aktuellt. Kord n\u00e4dalas ilmuvad uudisajakirjad olid tollal rahvusvahelise uudisfotoajakirjanduse esirinnas t\u00e4htsa missiooniga tuua Rootsi publikuni parimad palad uudisfotode seast. Kuid n\u00e4dalalehed kaotasid oma turu 1950. aastate keskel seoses uue meediumi \u2013 televisiooni \u2013 saabumisega ning p\u00e4eva uudispildid edastati otse inimeste elutuppa. \u00dchtlasi l\u00f5petas see ka ajastu, mil kinos enne filmi algust ringvaateid n\u00e4idati. Seega oli ajal, mil televisioon tegi oma l\u00e4bimurde, SVT jaoks loomulik vanade audiovisuaalsete arhiivide omandamine, enda kogudega liitmine ja s\u00e4ilitamine. SVT-Blid\u2019i fotoarhiivi kogud on t\u00e4nap\u00e4eval ainulaadsed. Enamik teistest rahvusvahelistest fotoarhiividest Euroopas l\u00e4ksid Teise maailmas\u00f5ja keerises kaduma. Neist v\u00e4hestest, mis s\u00f5ja j\u00e4rel s\u00e4ilinud olid, h\u00e4vis enamik hiljem tules, kehva haldamise v\u00f5i m\u00f5ne \u00f5nnetuse tulemusena. Samas kui s\u00f5da enamiku Euroopa linnu h\u00e4vitas, \u00f5nnestus Rootsit ning Text och Bilder\u2019it eemal hoida s\u00f5jategevusest ja kogu kahjust, mida okupatsiooniarmee v\u00f5inuks tekitada. Text och Bilder t administreeriti v\u00e4ga h\u00e4sti. Neil oli p\u00f5him\u00f5te s\u00e4ilitada oma arhiivis tuleviku tarvis \u00fcks koopia igast pildist, mis kliendile saadeti. Need fotod talletati koos originaaltekstiga ning kataloogiti korralikult. Veel \u00fcks oluline m\u00e4rkus: Text och Bilder\/SVT-Bild on alati olnud &#8211; ning on ka t\u00e4nap\u00e4eval &#8211; \u201eelav arhiiv\u201c, t\u00e4ielik pidevalt uuenev kollektsioon 1914. aastast t\u00e4naseni, kuna sajandivanuse ainesega fotokollektsiooni lisatakse SVT p\u00e4evauudiste materjali iga p\u00e4ev. Seega on SVT-Bild t\u00e4na \u00fcks v\u00e4hestest s\u00e4ilinud 20. sajandi maailma ajaloo t\u00e4ielikest fotodokumentatsioonidest ning SVTs s\u00e4ilitatakse ka suurt osa Balti p\u00e4randist. Lood peapiiskop Johann Pommeri m\u00f5rvamisest Riias v\u00f5i paadip\u00f5genikest, kes lahkusid Baltimaadest Rootsi ja Soome, on arhiivis olemas. Niisamuti on palju pilte arhiivi toonud uudisartiklid igap\u00e4evaelust, spordist ning kultuuris\u00fcndmustest Baltikumis. Poliitikauudised ja uudised Teise maailmas\u00f5ja kohta on teised olulised teemad ajalehtedes ning k\u00f5ik fotod ja pildiallkirjad on SVT arhiivis hoiul. Suur osa sellest materjalist, eriti uudisfotod Teise maailmas\u00f5ja idarindelt on ainukesed t\u00e4naseni s\u00e4ilinud eksemplarid maailmas. K\u00f5ik vana ainesega fotokollektsioonid ja kogu uus materjal on uurijatele saadaval digitaalsel kujul internetiaadressil www.svtbild.se. Kui soovitut ei ole veel j\u00f5utud digiteerida, tehakse seda kohe, kui klient selleks soovi avaldab. Kontakt: svtbild@svt.se Lars-Gunnar Bengtsson, SVT MALM\u00d6, SVT meediajuht BAACi juhatuse liige","og_url":"https:\/\/www.balther.net\/et\/maluasutused\/rootsi\/arhiivid\/rootsi-televisiooni-audiovisuaalne-arhiiv-svt-bild\/","og_site_name":"BaltHerNet","article_modified_time":"2016-01-03T20:24:21+00:00","twitter_card":"summary_large_image","twitter_misc":{"Est. reading time":"3 minutit"},"schema":{"@context":"https:\/\/schema.org","@graph":[{"@type":"WebPage","@id":"https:\/\/www.balther.net\/et\/maluasutused\/rootsi\/arhiivid\/rootsi-televisiooni-audiovisuaalne-arhiiv-svt-bild\/","url":"https:\/\/www.balther.net\/et\/maluasutused\/rootsi\/arhiivid\/rootsi-televisiooni-audiovisuaalne-arhiiv-svt-bild\/","name":"Rootsi Televisiooni audiovisuaalne arhiiv (SVT-Bild) - BaltHerNet","isPartOf":{"@id":"https:\/\/www.balther.net\/#website"},"datePublished":"2016-01-03T20:12:51+00:00","dateModified":"2016-01-03T20:24:21+00:00","breadcrumb":{"@id":"https:\/\/www.balther.net\/et\/maluasutused\/rootsi\/arhiivid\/rootsi-televisiooni-audiovisuaalne-arhiiv-svt-bild\/#breadcrumb"},"inLanguage":"et","potentialAction":[{"@type":"ReadAction","target":["https:\/\/www.balther.net\/et\/maluasutused\/rootsi\/arhiivid\/rootsi-televisiooni-audiovisuaalne-arhiiv-svt-bild\/"]}]},{"@type":"BreadcrumbList","@id":"https:\/\/www.balther.net\/et\/maluasutused\/rootsi\/arhiivid\/rootsi-televisiooni-audiovisuaalne-arhiiv-svt-bild\/#breadcrumb","itemListElement":[{"@type":"ListItem","position":1,"name":"Home","item":"https:\/\/www.balther.net\/et\/"},{"@type":"ListItem","position":2,"name":"M\u00e4luasutused","item":"https:\/\/www.balther.net\/et\/maluasutused\/"},{"@type":"ListItem","position":3,"name":"Rootsi","item":"https:\/\/www.balther.net\/et\/maluasutused\/rootsi\/"},{"@type":"ListItem","position":4,"name":"Arhiivid","item":"https:\/\/www.balther.net\/et\/maluasutused\/rootsi\/arhiivid\/"},{"@type":"ListItem","position":5,"name":"Rootsi Televisiooni audiovisuaalne arhiiv (SVT-Bild)"}]},{"@type":"WebSite","@id":"https:\/\/www.balther.net\/#website","url":"https:\/\/www.balther.net\/","name":"BaltHerNet","description":"","potentialAction":[{"@type":"SearchAction","target":{"@type":"EntryPoint","urlTemplate":"https:\/\/www.balther.net\/?s={search_term_string}"},"query-input":{"@type":"PropertyValueSpecification","valueRequired":true,"valueName":"search_term_string"}}],"inLanguage":"et"}]}},"_links":{"self":[{"href":"https:\/\/www.balther.net\/et\/wp-json\/wp\/v2\/pages\/1998","targetHints":{"allow":["GET"]}}],"collection":[{"href":"https:\/\/www.balther.net\/et\/wp-json\/wp\/v2\/pages"}],"about":[{"href":"https:\/\/www.balther.net\/et\/wp-json\/wp\/v2\/types\/page"}],"author":[{"embeddable":true,"href":"https:\/\/www.balther.net\/et\/wp-json\/wp\/v2\/users\/7"}],"replies":[{"embeddable":true,"href":"https:\/\/www.balther.net\/et\/wp-json\/wp\/v2\/comments?post=1998"}],"version-history":[{"count":4,"href":"https:\/\/www.balther.net\/et\/wp-json\/wp\/v2\/pages\/1998\/revisions"}],"predecessor-version":[{"id":2002,"href":"https:\/\/www.balther.net\/et\/wp-json\/wp\/v2\/pages\/1998\/revisions\/2002"}],"up":[{"embeddable":true,"href":"https:\/\/www.balther.net\/et\/wp-json\/wp\/v2\/pages\/1544"}],"wp:attachment":[{"href":"https:\/\/www.balther.net\/et\/wp-json\/wp\/v2\/media?parent=1998"}],"curies":[{"name":"wp","href":"https:\/\/api.w.org\/{rel}","templated":true}]}}