{"id":19632,"date":"2023-06-12T00:17:26","date_gmt":"2023-06-11T21:17:26","guid":{"rendered":"https:\/\/www.balther.net\/?page_id=19632"},"modified":"2023-06-23T16:21:08","modified_gmt":"2023-06-23T13:21:08","slug":"kava","status":"publish","type":"page","link":"https:\/\/www.balther.net\/et\/koostoo\/suvekoolid\/suvekool-2023\/kava\/","title":{"rendered":"Kava"},"content":{"rendered":"\n<p> <\/p>\n\n\n<h3 style=\"text-align: center;\"><strong><u>V\u00e4liseesti kultuurip\u00e4rand v\u00f5\u00f5rsil. XI. Minu eesti juured<\/u><\/strong><\/h3>\n<p style=\"text-align: center;\">BaltHerNeti suvekool<\/p>\n<p style=\"text-align: center;\">26.-29. juuni, V\u00e4rska<\/p>\n<p><strong>\u00a0<\/strong><\/p>\n<p><strong><u>Esmasp\u00e4ev, 26. juuni<\/u><\/strong><\/p>\n<p>14:00-16:00 Eesti Rahvusarhiivi hoone Noora k\u00fclastus (Nooruse 3, Tartu)<\/p>\n<ul>\n<li>T\u00f5nis T\u00fcrna (Rahvusarhiiv), Pereloo uurimine ja juurdep\u00e4\u00e4supiirangud<\/li>\n<li>Ekskursioon ja tutvumine n\u00e4itustega<\/li>\n<li>Kohvipaus<\/li>\n<\/ul>\n<p>16:00 Tellitud buss Setomaale<\/p>\n<p>17:30 Saabumine V\u00e4rska kuurortravikeskusse<\/p>\n<p>18:00-19:00 \u00d5htus\u00f6\u00f6k<\/p>\n<p>19:30-20:30 Vaatame v\u00e4lieestlastele p\u00fchendatud ETV2 saadet \u201c8 mm elu\u201d ja r\u00e4\u00e4gime juttu saate toimetaja Maarja Merivoo-Parroga<\/p>\n<p>\u00a0<\/p>\n<p><strong><u>Teisip\u00e4ev, 27. juuni<\/u><\/strong><\/p>\n<p>8:00-10:00 Hommikus\u00f6\u00f6k<\/p>\n<p>10:00-10:50 MT\u00dc Baltic Heritage Network aastakoosolek<\/p>\n<p><u>11:00-12:30 1. sessioon<\/u><\/p>\n<ul>\n<li>Maie Barrow (Eesti Arhiiv Austraalias), \u2026 (Zoomis)<\/li>\n<li>Keila Kopvillem, Piret Noorhani (V\u00e4liseesti Muuseum), V\u00e4liseestlaste elud VEMU arhiivides<\/li>\n<li>Madli Wiiburg Walfridsson (Rootsi Eestlaste Liidu Arhiivigrupp), RELi arhiivir\u00fchma t\u00f6\u00f6st<\/li>\n<\/ul>\n<p>12:30-13:30 L\u00f5una<\/p>\n<p><u>13:30-15:30 2. sessioon<\/u><\/p>\n<ul>\n<li>Fred Puss (Eesti Isikuloo Keskus), Pereloo uurimisest n\u00e4idete p\u00f5hjal<\/li>\n<li>Tiina Tael (Eesti Rahva Muuseum), Setumaa kirjasaatjate lood ERMis<\/li>\n<li>Marin Laak (Eesti Kirjandusmuuseum), Leiunurk EKLA: \u00fclevaade v\u00e4liseesti fondidest n\u00e4idetega Ilmar Laabani ja Gunnar Neeme kogust<\/li>\n<li>Janis Tobreluts (EELK arhiiv), V\u00e4liseesti kirikuarhivaalide kirjeldamine ja &#8220;saagastamine&#8221;<\/li>\n<\/ul>\n<p>15:30-16:00 Kohvipaus<\/p>\n<p><u>16:00-17:00 3. sessioon<\/u><\/p>\n<ul>\n<li>Arutelu v\u00e4liseesti kultuurip\u00e4randi alase koost\u00f6\u00f6 suundadest<br \/>Marin M\u00f5ttus, Kadri Linnas (V\u00e4lisministeerium, \u00dcleilmse eestluse programm)<br \/>Heidy Eskor (Eesti Instituut)<br \/>Piret Noorhani (BaltHerNet)<\/li>\n<\/ul>\n<p>17:30-19:00 \u00d5htus\u00f6\u00f6k<\/p>\n<p>20:00-21:00 Vaatame ETV saadet \u201cSinu uus sugulane\u201d ja vestleme saate konsultandi Fred Pussiga<\/p>\n<p>\u00a0<\/p>\n<p><strong><u>Kolmap\u00e4ev, 28. juuni<\/u><\/strong><strong><br \/><\/strong><br \/>8:00-10:00 Hommikus\u00f6\u00f6k<\/p>\n<p><u>10:00-12:00 4. sessioon<\/u><\/p>\n<ul>\n<li>Mari-Ann Remmel (Eesti Kirjandusmuuseum), Kohap\u00e4rimusest ja identiteedist<\/li>\n<li>Tiina Kirss (Eesti Elulugude \u00dchendus), Elulugudest ja nende kogumisest<\/li>\n<li>Marju Meschin (Eesti M\u00e4lu Instituut), Suurp\u00f5genemine\u00a01944\u00a0\u2013 80. aastap\u00e4ev<\/li>\n<li>Piret Voolaid (Eesti Kirjandusmuuseum), Kanada eestlaste koolip\u00e4rimus &#8211; p\u00f5lvkondade dialoog<\/li>\n<\/ul>\n<p>12:30-13:30 L\u00f5una<\/p>\n<p><u>13:30-15:00 5. sessioon<\/u><\/p>\n<ul>\n<li>Film \u201cMeie Tartu: Tartu College\u00b4i 50 aastat\u201d<\/li>\n<li>Piret Noorhani, VEMU uuest majast ja p\u00fcsiekspositsioonist<\/li>\n<\/ul>\n<p>15:00-15:30 Kohvipaus<\/p>\n<p><u>15:30-17:00 6. sessioon<\/u><\/p>\n<ul>\n<li>Aune Valk (Tartu \u00dclikool), Eestlaste identiteedist<\/li>\n<li>Diskussioon: Riina Kindlam, Aili Vahtla, Tiina Kirss, Lea Kreinin. Diskussiooni juhib Aune Valk<\/li>\n<\/ul>\n<p>17:30-18:30 \u00d5htus\u00f6\u00f6k<\/p>\n<p>18:30 Jalutusk\u00e4ik Ahto Raudojaga V\u00e4rska surnuaial ja Seto Kultuurikeskuse k\u00fclastus<\/p>\n<p>\u00a0<\/p>\n<p><strong><u>Neljap\u00e4ev, 29. juuni<\/u><\/strong><strong><br \/><\/strong><br \/>8:00-10:00 Hommikus\u00f6\u00f6k<\/p>\n<p>10:10-12:30 V\u00e4rska \u00f5igeusu kiriku ja Seto Talumuuseumi k\u00fclastus<\/p>\n<p>12:30-13:45 L\u00f5una Seto ts\u00e4imajas<\/p>\n<p>13:45-16:45 S\u00f5it l\u00e4bi Saatse saapa, Vana J\u00fcri seebikoja ja Obinitsa ateljee-galerii (Evar Riitsaar ja Kauksi \u00dclle) k\u00fclastus, Leelokoori kontsert<\/p>\n<p>16:45 Start Tartu poole<\/p>\n<p>18:00 Tartusse j\u00f5udmine<\/p>\n<p>\u00a0<\/p>\n\n\n<p>&#8212;&#8212;&#8212;&#8212;&#8212;&#8212;&#8212;&#8212;&#8212;&#8212;&#8212;&#8212;&#8212;&#8212;&#8212;&#8212;&#8212;&#8212;&#8212;&#8212;&#8212;&#8212;&#8212;&#8212;&#8212;&#8212;&#8212;&#8212;&#8212;-<br><strong>Lae kava alla: <\/strong><\/p>\n\n\n\n<div class=\"wp-block-file\"><a href=\"https:\/\/www.balther.net\/wp-content\/uploads\/2023\/06\/BHN_suvekool_2023_kava-3.docx\">Suvekooli kava 2023<\/a><a href=\"https:\/\/www.balther.net\/wp-content\/uploads\/2023\/06\/BHN_suvekool_2023_kava-3.docx\" class=\"wp-block-file__button\" download>Download<\/a><\/div>\n\n\n\n<p><\/p>\n\n\n\n<div style=\"height:100px\" aria-hidden=\"true\" class=\"wp-block-spacer\"><\/div>\n\n\n\n<p><\/p>\n","protected":false},"excerpt":{"rendered":"<p>V\u00e4liseesti kultuurip\u00e4rand v\u00f5\u00f5rsil. XI. Minu eesti juured BaltHerNeti suvekool 26.-29. juuni, V\u00e4rska \u00a0 Esmasp\u00e4ev, 26. juuni 14:00-16:00 Eesti Rahvusarhiivi hoone Noora k\u00fclastus (Nooruse 3, Tartu) T\u00f5nis T\u00fcrna (Rahvusarhiiv), Pereloo uurimine ja juurdep\u00e4\u00e4supiirangud Ekskursioon ja tutvumine n\u00e4itustega Kohvipaus 16:00 Tellitud buss Setomaale 17:30 Saabumine V\u00e4rska kuurortravikeskusse 18:00-19:00 \u00d5htus\u00f6\u00f6k 19:30-20:30 Vaatame v\u00e4lieestlastele p\u00fchendatud ETV2 saadet \u201c8 mm elu\u201d ja r\u00e4\u00e4gime juttu saate toimetaja Maarja Merivoo-Parroga \u00a0 Teisip\u00e4ev, 27. juuni 8:00-10:00 Hommikus\u00f6\u00f6k 10:00-10:50 MT\u00dc Baltic Heritage Network aastakoosolek 11:00-12:30 1. sessioon Maie Barrow (Eesti Arhiiv Austraalias), \u2026 (Zoomis) Keila Kopvillem, Piret Noorhani (V\u00e4liseesti Muuseum), V\u00e4liseestlaste elud VEMU arhiivides Madli Wiiburg Walfridsson (Rootsi Eestlaste Liidu Arhiivigrupp), RELi arhiivir\u00fchma t\u00f6\u00f6st 12:30-13:30 L\u00f5una 13:30-15:30 2. sessioon Fred Puss (Eesti Isikuloo Keskus), Pereloo uurimisest n\u00e4idete p\u00f5hjal Tiina Tael (Eesti Rahva Muuseum), Setumaa kirjasaatjate lood ERMis Marin Laak (Eesti Kirjandusmuuseum), Leiunurk EKLA: \u00fclevaade v\u00e4liseesti fondidest n\u00e4idetega Ilmar Laabani ja Gunnar Neeme kogust Janis Tobreluts (EELK arhiiv), V\u00e4liseesti kirikuarhivaalide kirjeldamine ja &#8220;saagastamine&#8221; 15:30-16:00 Kohvipaus 16:00-17:00 3. sessioon Arutelu v\u00e4liseesti kultuurip\u00e4randi alase koost\u00f6\u00f6 suundadestMarin M\u00f5ttus, Kadri Linnas (V\u00e4lisministeerium, \u00dcleilmse eestluse programm)Heidy Eskor (Eesti Instituut)Piret Noorhani (BaltHerNet) 17:30-19:00 \u00d5htus\u00f6\u00f6k 20:00-21:00 Vaatame ETV saadet \u201cSinu uus sugulane\u201d ja vestleme saate konsultandi Fred Pussiga \u00a0 Kolmap\u00e4ev, 28. juuni8:00-10:00 Hommikus\u00f6\u00f6k 10:00-12:00 4. sessioon Mari-Ann Remmel (Eesti Kirjandusmuuseum), Kohap\u00e4rimusest ja identiteedist Tiina Kirss (Eesti Elulugude \u00dchendus), Elulugudest ja nende kogumisest Marju Meschin (Eesti M\u00e4lu Instituut), Suurp\u00f5genemine\u00a01944\u00a0\u2013 80. aastap\u00e4ev Piret Voolaid (Eesti Kirjandusmuuseum), Kanada eestlaste koolip\u00e4rimus &#8211; p\u00f5lvkondade dialoog 12:30-13:30 L\u00f5una 13:30-15:00 5. sessioon Film \u201cMeie Tartu: Tartu College\u00b4i 50 aastat\u201d Piret Noorhani, VEMU uuest majast ja p\u00fcsiekspositsioonist 15:00-15:30 Kohvipaus 15:30-17:00 6. sessioon Aune Valk (Tartu \u00dclikool), Eestlaste identiteedist Diskussioon: Riina Kindlam, Aili Vahtla, Tiina Kirss, Lea Kreinin. Diskussiooni juhib Aune Valk 17:30-18:30 \u00d5htus\u00f6\u00f6k 18:30 Jalutusk\u00e4ik Ahto Raudojaga V\u00e4rska surnuaial ja Seto Kultuurikeskuse k\u00fclastus \u00a0 Neljap\u00e4ev, 29. juuni8:00-10:00 Hommikus\u00f6\u00f6k 10:10-12:30 V\u00e4rska \u00f5igeusu kiriku ja Seto Talumuuseumi k\u00fclastus 12:30-13:45 L\u00f5una Seto ts\u00e4imajas 13:45-16:45 S\u00f5it l\u00e4bi Saatse saapa, Vana J\u00fcri seebikoja ja Obinitsa ateljee-galerii (Evar Riitsaar ja Kauksi \u00dclle) k\u00fclastus, Leelokoori kontsert 16:45 Start Tartu poole 18:00 Tartusse j\u00f5udmine \u00a0 &#8212;&#8212;&#8212;&#8212;&#8212;&#8212;&#8212;&#8212;&#8212;&#8212;&#8212;&#8212;&#8212;&#8212;&#8212;&#8212;&#8212;&#8212;&#8212;&#8212;&#8212;&#8212;&#8212;&#8212;&#8212;&#8212;&#8212;&#8212;&#8212;-Lae kava alla:<\/p>\n","protected":false},"author":5,"featured_media":0,"parent":12827,"menu_order":0,"comment_status":"closed","ping_status":"closed","template":"","meta":{"_acf_changed":false,"_monsterinsights_skip_tracking":false,"_monsterinsights_sitenote_active":false,"_monsterinsights_sitenote_note":"","_monsterinsights_sitenote_category":0,"ngg_post_thumbnail":0,"footnotes":""},"class_list":["post-19632","page","type-page","status-publish","hentry"],"acf":[],"yoast_head":"<!-- This site is optimized with the Yoast SEO plugin v24.2 - https:\/\/yoast.com\/wordpress\/plugins\/seo\/ -->\n<title>Kava - BaltHerNet<\/title>\n<meta name=\"robots\" content=\"index, follow, max-snippet:-1, max-image-preview:large, max-video-preview:-1\" \/>\n<link rel=\"canonical\" href=\"https:\/\/www.balther.net\/et\/koostoo\/suvekoolid\/suvekool-2023\/kava\/\" \/>\n<meta property=\"og:locale\" content=\"et_EE\" \/>\n<meta property=\"og:type\" content=\"article\" \/>\n<meta property=\"og:title\" content=\"Kava - BaltHerNet\" \/>\n<meta property=\"og:description\" content=\"V\u00e4liseesti kultuurip\u00e4rand v\u00f5\u00f5rsil. XI. Minu eesti juured BaltHerNeti suvekool 26.-29. juuni, V\u00e4rska \u00a0 Esmasp\u00e4ev, 26. juuni 14:00-16:00 Eesti Rahvusarhiivi hoone Noora k\u00fclastus (Nooruse 3, Tartu) T\u00f5nis T\u00fcrna (Rahvusarhiiv), Pereloo uurimine ja juurdep\u00e4\u00e4supiirangud Ekskursioon ja tutvumine n\u00e4itustega Kohvipaus 16:00 Tellitud buss Setomaale 17:30 Saabumine V\u00e4rska kuurortravikeskusse 18:00-19:00 \u00d5htus\u00f6\u00f6k 19:30-20:30 Vaatame v\u00e4lieestlastele p\u00fchendatud ETV2 saadet \u201c8 mm elu\u201d ja r\u00e4\u00e4gime juttu saate toimetaja Maarja Merivoo-Parroga \u00a0 Teisip\u00e4ev, 27. juuni 8:00-10:00 Hommikus\u00f6\u00f6k 10:00-10:50 MT\u00dc Baltic Heritage Network aastakoosolek 11:00-12:30 1. sessioon Maie Barrow (Eesti Arhiiv Austraalias), \u2026 (Zoomis) Keila Kopvillem, Piret Noorhani (V\u00e4liseesti Muuseum), V\u00e4liseestlaste elud VEMU arhiivides Madli Wiiburg Walfridsson (Rootsi Eestlaste Liidu Arhiivigrupp), RELi arhiivir\u00fchma t\u00f6\u00f6st 12:30-13:30 L\u00f5una 13:30-15:30 2. sessioon Fred Puss (Eesti Isikuloo Keskus), Pereloo uurimisest n\u00e4idete p\u00f5hjal Tiina Tael (Eesti Rahva Muuseum), Setumaa kirjasaatjate lood ERMis Marin Laak (Eesti Kirjandusmuuseum), Leiunurk EKLA: \u00fclevaade v\u00e4liseesti fondidest n\u00e4idetega Ilmar Laabani ja Gunnar Neeme kogust Janis Tobreluts (EELK arhiiv), V\u00e4liseesti kirikuarhivaalide kirjeldamine ja &#8220;saagastamine&#8221; 15:30-16:00 Kohvipaus 16:00-17:00 3. sessioon Arutelu v\u00e4liseesti kultuurip\u00e4randi alase koost\u00f6\u00f6 suundadestMarin M\u00f5ttus, Kadri Linnas (V\u00e4lisministeerium, \u00dcleilmse eestluse programm)Heidy Eskor (Eesti Instituut)Piret Noorhani (BaltHerNet) 17:30-19:00 \u00d5htus\u00f6\u00f6k 20:00-21:00 Vaatame ETV saadet \u201cSinu uus sugulane\u201d ja vestleme saate konsultandi Fred Pussiga \u00a0 Kolmap\u00e4ev, 28. juuni8:00-10:00 Hommikus\u00f6\u00f6k 10:00-12:00 4. sessioon Mari-Ann Remmel (Eesti Kirjandusmuuseum), Kohap\u00e4rimusest ja identiteedist Tiina Kirss (Eesti Elulugude \u00dchendus), Elulugudest ja nende kogumisest Marju Meschin (Eesti M\u00e4lu Instituut), Suurp\u00f5genemine\u00a01944\u00a0\u2013 80. aastap\u00e4ev Piret Voolaid (Eesti Kirjandusmuuseum), Kanada eestlaste koolip\u00e4rimus &#8211; p\u00f5lvkondade dialoog 12:30-13:30 L\u00f5una 13:30-15:00 5. sessioon Film \u201cMeie Tartu: Tartu College\u00b4i 50 aastat\u201d Piret Noorhani, VEMU uuest majast ja p\u00fcsiekspositsioonist 15:00-15:30 Kohvipaus 15:30-17:00 6. sessioon Aune Valk (Tartu \u00dclikool), Eestlaste identiteedist Diskussioon: Riina Kindlam, Aili Vahtla, Tiina Kirss, Lea Kreinin. Diskussiooni juhib Aune Valk 17:30-18:30 \u00d5htus\u00f6\u00f6k 18:30 Jalutusk\u00e4ik Ahto Raudojaga V\u00e4rska surnuaial ja Seto Kultuurikeskuse k\u00fclastus \u00a0 Neljap\u00e4ev, 29. juuni8:00-10:00 Hommikus\u00f6\u00f6k 10:10-12:30 V\u00e4rska \u00f5igeusu kiriku ja Seto Talumuuseumi k\u00fclastus 12:30-13:45 L\u00f5una Seto ts\u00e4imajas 13:45-16:45 S\u00f5it l\u00e4bi Saatse saapa, Vana J\u00fcri seebikoja ja Obinitsa ateljee-galerii (Evar Riitsaar ja Kauksi \u00dclle) k\u00fclastus, Leelokoori kontsert 16:45 Start Tartu poole 18:00 Tartusse j\u00f5udmine \u00a0 &#8212;&#8212;&#8212;&#8212;&#8212;&#8212;&#8212;&#8212;&#8212;&#8212;&#8212;&#8212;&#8212;&#8212;&#8212;&#8212;&#8212;&#8212;&#8212;&#8212;&#8212;&#8212;&#8212;&#8212;&#8212;&#8212;&#8212;&#8212;&#8212;-Lae kava alla:\" \/>\n<meta property=\"og:url\" content=\"https:\/\/www.balther.net\/et\/koostoo\/suvekoolid\/suvekool-2023\/kava\/\" \/>\n<meta property=\"og:site_name\" content=\"BaltHerNet\" \/>\n<meta property=\"article:modified_time\" content=\"2023-06-23T13:21:08+00:00\" \/>\n<meta name=\"twitter:card\" content=\"summary_large_image\" \/>\n<meta name=\"twitter:label1\" content=\"Est. reading time\" \/>\n\t<meta name=\"twitter:data1\" content=\"2 minutit\" \/>\n<script type=\"application\/ld+json\" class=\"yoast-schema-graph\">{\"@context\":\"https:\/\/schema.org\",\"@graph\":[{\"@type\":\"WebPage\",\"@id\":\"https:\/\/www.balther.net\/et\/koostoo\/suvekoolid\/suvekool-2023\/kava\/\",\"url\":\"https:\/\/www.balther.net\/et\/koostoo\/suvekoolid\/suvekool-2023\/kava\/\",\"name\":\"Kava - BaltHerNet\",\"isPartOf\":{\"@id\":\"https:\/\/www.balther.net\/#website\"},\"datePublished\":\"2023-06-11T21:17:26+00:00\",\"dateModified\":\"2023-06-23T13:21:08+00:00\",\"breadcrumb\":{\"@id\":\"https:\/\/www.balther.net\/et\/koostoo\/suvekoolid\/suvekool-2023\/kava\/#breadcrumb\"},\"inLanguage\":\"et\",\"potentialAction\":[{\"@type\":\"ReadAction\",\"target\":[\"https:\/\/www.balther.net\/et\/koostoo\/suvekoolid\/suvekool-2023\/kava\/\"]}]},{\"@type\":\"BreadcrumbList\",\"@id\":\"https:\/\/www.balther.net\/et\/koostoo\/suvekoolid\/suvekool-2023\/kava\/#breadcrumb\",\"itemListElement\":[{\"@type\":\"ListItem\",\"position\":1,\"name\":\"Home\",\"item\":\"https:\/\/www.balther.net\/et\/\"},{\"@type\":\"ListItem\",\"position\":2,\"name\":\"Koost\u00f6\u00f6\",\"item\":\"https:\/\/www.balther.net\/et\/koostoo\/\"},{\"@type\":\"ListItem\",\"position\":3,\"name\":\"Suvekoolid\",\"item\":\"https:\/\/www.balther.net\/et\/koostoo\/suvekoolid\/\"},{\"@type\":\"ListItem\",\"position\":4,\"name\":\"Suvekool 2023\",\"item\":\"https:\/\/www.balther.net\/et\/koostoo\/suvekoolid\/suvekool-2023\/\"},{\"@type\":\"ListItem\",\"position\":5,\"name\":\"Kava\"}]},{\"@type\":\"WebSite\",\"@id\":\"https:\/\/www.balther.net\/#website\",\"url\":\"https:\/\/www.balther.net\/\",\"name\":\"BaltHerNet\",\"description\":\"\",\"potentialAction\":[{\"@type\":\"SearchAction\",\"target\":{\"@type\":\"EntryPoint\",\"urlTemplate\":\"https:\/\/www.balther.net\/?s={search_term_string}\"},\"query-input\":{\"@type\":\"PropertyValueSpecification\",\"valueRequired\":true,\"valueName\":\"search_term_string\"}}],\"inLanguage\":\"et\"}]}<\/script>\n<!-- \/ Yoast SEO plugin. -->","yoast_head_json":{"title":"Kava - BaltHerNet","robots":{"index":"index","follow":"follow","max-snippet":"max-snippet:-1","max-image-preview":"max-image-preview:large","max-video-preview":"max-video-preview:-1"},"canonical":"https:\/\/www.balther.net\/et\/koostoo\/suvekoolid\/suvekool-2023\/kava\/","og_locale":"et_EE","og_type":"article","og_title":"Kava - BaltHerNet","og_description":"V\u00e4liseesti kultuurip\u00e4rand v\u00f5\u00f5rsil. XI. Minu eesti juured BaltHerNeti suvekool 26.-29. juuni, V\u00e4rska \u00a0 Esmasp\u00e4ev, 26. juuni 14:00-16:00 Eesti Rahvusarhiivi hoone Noora k\u00fclastus (Nooruse 3, Tartu) T\u00f5nis T\u00fcrna (Rahvusarhiiv), Pereloo uurimine ja juurdep\u00e4\u00e4supiirangud Ekskursioon ja tutvumine n\u00e4itustega Kohvipaus 16:00 Tellitud buss Setomaale 17:30 Saabumine V\u00e4rska kuurortravikeskusse 18:00-19:00 \u00d5htus\u00f6\u00f6k 19:30-20:30 Vaatame v\u00e4lieestlastele p\u00fchendatud ETV2 saadet \u201c8 mm elu\u201d ja r\u00e4\u00e4gime juttu saate toimetaja Maarja Merivoo-Parroga \u00a0 Teisip\u00e4ev, 27. juuni 8:00-10:00 Hommikus\u00f6\u00f6k 10:00-10:50 MT\u00dc Baltic Heritage Network aastakoosolek 11:00-12:30 1. sessioon Maie Barrow (Eesti Arhiiv Austraalias), \u2026 (Zoomis) Keila Kopvillem, Piret Noorhani (V\u00e4liseesti Muuseum), V\u00e4liseestlaste elud VEMU arhiivides Madli Wiiburg Walfridsson (Rootsi Eestlaste Liidu Arhiivigrupp), RELi arhiivir\u00fchma t\u00f6\u00f6st 12:30-13:30 L\u00f5una 13:30-15:30 2. sessioon Fred Puss (Eesti Isikuloo Keskus), Pereloo uurimisest n\u00e4idete p\u00f5hjal Tiina Tael (Eesti Rahva Muuseum), Setumaa kirjasaatjate lood ERMis Marin Laak (Eesti Kirjandusmuuseum), Leiunurk EKLA: \u00fclevaade v\u00e4liseesti fondidest n\u00e4idetega Ilmar Laabani ja Gunnar Neeme kogust Janis Tobreluts (EELK arhiiv), V\u00e4liseesti kirikuarhivaalide kirjeldamine ja &#8220;saagastamine&#8221; 15:30-16:00 Kohvipaus 16:00-17:00 3. sessioon Arutelu v\u00e4liseesti kultuurip\u00e4randi alase koost\u00f6\u00f6 suundadestMarin M\u00f5ttus, Kadri Linnas (V\u00e4lisministeerium, \u00dcleilmse eestluse programm)Heidy Eskor (Eesti Instituut)Piret Noorhani (BaltHerNet) 17:30-19:00 \u00d5htus\u00f6\u00f6k 20:00-21:00 Vaatame ETV saadet \u201cSinu uus sugulane\u201d ja vestleme saate konsultandi Fred Pussiga \u00a0 Kolmap\u00e4ev, 28. juuni8:00-10:00 Hommikus\u00f6\u00f6k 10:00-12:00 4. sessioon Mari-Ann Remmel (Eesti Kirjandusmuuseum), Kohap\u00e4rimusest ja identiteedist Tiina Kirss (Eesti Elulugude \u00dchendus), Elulugudest ja nende kogumisest Marju Meschin (Eesti M\u00e4lu Instituut), Suurp\u00f5genemine\u00a01944\u00a0\u2013 80. aastap\u00e4ev Piret Voolaid (Eesti Kirjandusmuuseum), Kanada eestlaste koolip\u00e4rimus &#8211; p\u00f5lvkondade dialoog 12:30-13:30 L\u00f5una 13:30-15:00 5. sessioon Film \u201cMeie Tartu: Tartu College\u00b4i 50 aastat\u201d Piret Noorhani, VEMU uuest majast ja p\u00fcsiekspositsioonist 15:00-15:30 Kohvipaus 15:30-17:00 6. sessioon Aune Valk (Tartu \u00dclikool), Eestlaste identiteedist Diskussioon: Riina Kindlam, Aili Vahtla, Tiina Kirss, Lea Kreinin. Diskussiooni juhib Aune Valk 17:30-18:30 \u00d5htus\u00f6\u00f6k 18:30 Jalutusk\u00e4ik Ahto Raudojaga V\u00e4rska surnuaial ja Seto Kultuurikeskuse k\u00fclastus \u00a0 Neljap\u00e4ev, 29. juuni8:00-10:00 Hommikus\u00f6\u00f6k 10:10-12:30 V\u00e4rska \u00f5igeusu kiriku ja Seto Talumuuseumi k\u00fclastus 12:30-13:45 L\u00f5una Seto ts\u00e4imajas 13:45-16:45 S\u00f5it l\u00e4bi Saatse saapa, Vana J\u00fcri seebikoja ja Obinitsa ateljee-galerii (Evar Riitsaar ja Kauksi \u00dclle) k\u00fclastus, Leelokoori kontsert 16:45 Start Tartu poole 18:00 Tartusse j\u00f5udmine \u00a0 &#8212;&#8212;&#8212;&#8212;&#8212;&#8212;&#8212;&#8212;&#8212;&#8212;&#8212;&#8212;&#8212;&#8212;&#8212;&#8212;&#8212;&#8212;&#8212;&#8212;&#8212;&#8212;&#8212;&#8212;&#8212;&#8212;&#8212;&#8212;&#8212;-Lae kava alla:","og_url":"https:\/\/www.balther.net\/et\/koostoo\/suvekoolid\/suvekool-2023\/kava\/","og_site_name":"BaltHerNet","article_modified_time":"2023-06-23T13:21:08+00:00","twitter_card":"summary_large_image","twitter_misc":{"Est. reading time":"2 minutit"},"schema":{"@context":"https:\/\/schema.org","@graph":[{"@type":"WebPage","@id":"https:\/\/www.balther.net\/et\/koostoo\/suvekoolid\/suvekool-2023\/kava\/","url":"https:\/\/www.balther.net\/et\/koostoo\/suvekoolid\/suvekool-2023\/kava\/","name":"Kava - BaltHerNet","isPartOf":{"@id":"https:\/\/www.balther.net\/#website"},"datePublished":"2023-06-11T21:17:26+00:00","dateModified":"2023-06-23T13:21:08+00:00","breadcrumb":{"@id":"https:\/\/www.balther.net\/et\/koostoo\/suvekoolid\/suvekool-2023\/kava\/#breadcrumb"},"inLanguage":"et","potentialAction":[{"@type":"ReadAction","target":["https:\/\/www.balther.net\/et\/koostoo\/suvekoolid\/suvekool-2023\/kava\/"]}]},{"@type":"BreadcrumbList","@id":"https:\/\/www.balther.net\/et\/koostoo\/suvekoolid\/suvekool-2023\/kava\/#breadcrumb","itemListElement":[{"@type":"ListItem","position":1,"name":"Home","item":"https:\/\/www.balther.net\/et\/"},{"@type":"ListItem","position":2,"name":"Koost\u00f6\u00f6","item":"https:\/\/www.balther.net\/et\/koostoo\/"},{"@type":"ListItem","position":3,"name":"Suvekoolid","item":"https:\/\/www.balther.net\/et\/koostoo\/suvekoolid\/"},{"@type":"ListItem","position":4,"name":"Suvekool 2023","item":"https:\/\/www.balther.net\/et\/koostoo\/suvekoolid\/suvekool-2023\/"},{"@type":"ListItem","position":5,"name":"Kava"}]},{"@type":"WebSite","@id":"https:\/\/www.balther.net\/#website","url":"https:\/\/www.balther.net\/","name":"BaltHerNet","description":"","potentialAction":[{"@type":"SearchAction","target":{"@type":"EntryPoint","urlTemplate":"https:\/\/www.balther.net\/?s={search_term_string}"},"query-input":{"@type":"PropertyValueSpecification","valueRequired":true,"valueName":"search_term_string"}}],"inLanguage":"et"}]}},"_links":{"self":[{"href":"https:\/\/www.balther.net\/et\/wp-json\/wp\/v2\/pages\/19632","targetHints":{"allow":["GET"]}}],"collection":[{"href":"https:\/\/www.balther.net\/et\/wp-json\/wp\/v2\/pages"}],"about":[{"href":"https:\/\/www.balther.net\/et\/wp-json\/wp\/v2\/types\/page"}],"author":[{"embeddable":true,"href":"https:\/\/www.balther.net\/et\/wp-json\/wp\/v2\/users\/5"}],"replies":[{"embeddable":true,"href":"https:\/\/www.balther.net\/et\/wp-json\/wp\/v2\/comments?post=19632"}],"version-history":[{"count":23,"href":"https:\/\/www.balther.net\/et\/wp-json\/wp\/v2\/pages\/19632\/revisions"}],"predecessor-version":[{"id":19699,"href":"https:\/\/www.balther.net\/et\/wp-json\/wp\/v2\/pages\/19632\/revisions\/19699"}],"up":[{"embeddable":true,"href":"https:\/\/www.balther.net\/et\/wp-json\/wp\/v2\/pages\/12827"}],"wp:attachment":[{"href":"https:\/\/www.balther.net\/et\/wp-json\/wp\/v2\/media?parent=19632"}],"curies":[{"name":"wp","href":"https:\/\/api.w.org\/{rel}","templated":true}]}}