{"id":1893,"date":"2016-01-03T17:16:25","date_gmt":"2016-01-03T17:16:25","guid":{"rendered":"http:\/\/uus.balther.net\/?page_id=1893&#038;lang=et"},"modified":"2016-01-03T17:28:30","modified_gmt":"2016-01-03T17:28:30","slug":"valis-eesti-uuringute-keskus","status":"publish","type":"page","link":"https:\/\/www.balther.net\/et\/maluasutused\/eesti\/uurimiskeskused\/valis-eesti-uuringute-keskus\/","title":{"rendered":"V\u00e4lis-Eesti Uuringute Keskus"},"content":{"rendered":"<p style=\"text-align: justify;\"><a href=\"http:\/\/www.geograafia.ut.ee\/et\/valis-eesti-uuringute-keskus\" target=\"_blank\"><strong>V\u00e4lis-Eesti Uuringute Keskus<\/strong><\/a> (<a href=\"http:\/\/www.ut.ee\/\" target=\"_blank\">Tartu \u00dclikool<\/a>)<\/p>\n<p style=\"text-align: justify;\">V\u00e4lis-Eesti uuringute keskus on interdistsiplinaarne teaduslik uurimis\u00fcksus, mille eesm\u00e4rgiks on eestlaste r\u00e4nde, v\u00e4liseestlaste ajaloo, identiteedi, keele ja kirjanduse uurimine. Lisaks tegeleb keskus v\u00e4liseestlastega seotud teadusinformatsiooni kogumise ja s\u00e4ilitamisega. Lisaks uurimistegevusele osaleb V\u00e4lis-Eesti uuringute keskus ka vastavateemalise \u00f5ppet\u00f6\u00f6 korraldamisel &#8211; nimelt toimub iga kahe v\u00f5i kolme aasta tagant \u00fcle\u00fclikooliline interdistsiplinaarne loengukursus &#8220;V\u00e4liseestlased&#8221;.<\/p>\n","protected":false},"excerpt":{"rendered":"<p>V\u00e4lis-Eesti Uuringute Keskus (Tartu \u00dclikool) V\u00e4lis-Eesti uuringute keskus on interdistsiplinaarne teaduslik uurimis\u00fcksus, mille eesm\u00e4rgiks on eestlaste r\u00e4nde, v\u00e4liseestlaste ajaloo, identiteedi, keele ja kirjanduse uurimine. Lisaks tegeleb keskus v\u00e4liseestlastega seotud teadusinformatsiooni kogumise ja s\u00e4ilitamisega. Lisaks uurimistegevusele osaleb V\u00e4lis-Eesti uuringute keskus ka vastavateemalise \u00f5ppet\u00f6\u00f6 korraldamisel &#8211; nimelt toimub iga kahe v\u00f5i kolme aasta tagant \u00fcle\u00fclikooliline interdistsiplinaarne loengukursus &#8220;V\u00e4liseestlased&#8221;.<\/p>\n","protected":false},"author":7,"featured_media":0,"parent":1481,"menu_order":3,"comment_status":"closed","ping_status":"closed","template":"","meta":{"_acf_changed":false,"_monsterinsights_skip_tracking":false,"_monsterinsights_sitenote_active":false,"_monsterinsights_sitenote_note":"","_monsterinsights_sitenote_category":0,"ngg_post_thumbnail":0,"footnotes":""},"class_list":["post-1893","page","type-page","status-publish","hentry"],"acf":[],"yoast_head":"<!-- This site is optimized with the Yoast SEO plugin v24.2 - https:\/\/yoast.com\/wordpress\/plugins\/seo\/ -->\n<title>V\u00e4lis-Eesti Uuringute Keskus - BaltHerNet<\/title>\n<meta name=\"robots\" content=\"index, follow, max-snippet:-1, max-image-preview:large, max-video-preview:-1\" \/>\n<link rel=\"canonical\" href=\"https:\/\/www.balther.net\/et\/maluasutused\/eesti\/uurimiskeskused\/valis-eesti-uuringute-keskus\/\" \/>\n<meta property=\"og:locale\" content=\"et_EE\" \/>\n<meta property=\"og:type\" content=\"article\" \/>\n<meta property=\"og:title\" content=\"V\u00e4lis-Eesti Uuringute Keskus - BaltHerNet\" \/>\n<meta property=\"og:description\" content=\"V\u00e4lis-Eesti Uuringute Keskus (Tartu \u00dclikool) V\u00e4lis-Eesti uuringute keskus on interdistsiplinaarne teaduslik uurimis\u00fcksus, mille eesm\u00e4rgiks on eestlaste r\u00e4nde, v\u00e4liseestlaste ajaloo, identiteedi, keele ja kirjanduse uurimine. Lisaks tegeleb keskus v\u00e4liseestlastega seotud teadusinformatsiooni kogumise ja s\u00e4ilitamisega. Lisaks uurimistegevusele osaleb V\u00e4lis-Eesti uuringute keskus ka vastavateemalise \u00f5ppet\u00f6\u00f6 korraldamisel &#8211; nimelt toimub iga kahe v\u00f5i kolme aasta tagant \u00fcle\u00fclikooliline interdistsiplinaarne loengukursus &#8220;V\u00e4liseestlased&#8221;.\" \/>\n<meta property=\"og:url\" content=\"https:\/\/www.balther.net\/et\/maluasutused\/eesti\/uurimiskeskused\/valis-eesti-uuringute-keskus\/\" \/>\n<meta property=\"og:site_name\" content=\"BaltHerNet\" \/>\n<meta property=\"article:modified_time\" content=\"2016-01-03T17:28:30+00:00\" \/>\n<meta name=\"twitter:card\" content=\"summary_large_image\" \/>\n<script type=\"application\/ld+json\" class=\"yoast-schema-graph\">{\"@context\":\"https:\/\/schema.org\",\"@graph\":[{\"@type\":\"WebPage\",\"@id\":\"https:\/\/www.balther.net\/et\/maluasutused\/eesti\/uurimiskeskused\/valis-eesti-uuringute-keskus\/\",\"url\":\"https:\/\/www.balther.net\/et\/maluasutused\/eesti\/uurimiskeskused\/valis-eesti-uuringute-keskus\/\",\"name\":\"V\u00e4lis-Eesti Uuringute Keskus - BaltHerNet\",\"isPartOf\":{\"@id\":\"https:\/\/www.balther.net\/#website\"},\"datePublished\":\"2016-01-03T17:16:25+00:00\",\"dateModified\":\"2016-01-03T17:28:30+00:00\",\"breadcrumb\":{\"@id\":\"https:\/\/www.balther.net\/et\/maluasutused\/eesti\/uurimiskeskused\/valis-eesti-uuringute-keskus\/#breadcrumb\"},\"inLanguage\":\"et\",\"potentialAction\":[{\"@type\":\"ReadAction\",\"target\":[\"https:\/\/www.balther.net\/et\/maluasutused\/eesti\/uurimiskeskused\/valis-eesti-uuringute-keskus\/\"]}]},{\"@type\":\"BreadcrumbList\",\"@id\":\"https:\/\/www.balther.net\/et\/maluasutused\/eesti\/uurimiskeskused\/valis-eesti-uuringute-keskus\/#breadcrumb\",\"itemListElement\":[{\"@type\":\"ListItem\",\"position\":1,\"name\":\"Home\",\"item\":\"https:\/\/www.balther.net\/et\/\"},{\"@type\":\"ListItem\",\"position\":2,\"name\":\"M\u00e4luasutused\",\"item\":\"https:\/\/www.balther.net\/et\/maluasutused\/\"},{\"@type\":\"ListItem\",\"position\":3,\"name\":\"Eesti\",\"item\":\"https:\/\/www.balther.net\/et\/maluasutused\/eesti\/\"},{\"@type\":\"ListItem\",\"position\":4,\"name\":\"Uurimiskeskused\",\"item\":\"https:\/\/www.balther.net\/et\/maluasutused\/eesti\/uurimiskeskused\/\"},{\"@type\":\"ListItem\",\"position\":5,\"name\":\"V\u00e4lis-Eesti Uuringute Keskus\"}]},{\"@type\":\"WebSite\",\"@id\":\"https:\/\/www.balther.net\/#website\",\"url\":\"https:\/\/www.balther.net\/\",\"name\":\"BaltHerNet\",\"description\":\"\",\"potentialAction\":[{\"@type\":\"SearchAction\",\"target\":{\"@type\":\"EntryPoint\",\"urlTemplate\":\"https:\/\/www.balther.net\/?s={search_term_string}\"},\"query-input\":{\"@type\":\"PropertyValueSpecification\",\"valueRequired\":true,\"valueName\":\"search_term_string\"}}],\"inLanguage\":\"et\"}]}<\/script>\n<!-- \/ Yoast SEO plugin. -->","yoast_head_json":{"title":"V\u00e4lis-Eesti Uuringute Keskus - BaltHerNet","robots":{"index":"index","follow":"follow","max-snippet":"max-snippet:-1","max-image-preview":"max-image-preview:large","max-video-preview":"max-video-preview:-1"},"canonical":"https:\/\/www.balther.net\/et\/maluasutused\/eesti\/uurimiskeskused\/valis-eesti-uuringute-keskus\/","og_locale":"et_EE","og_type":"article","og_title":"V\u00e4lis-Eesti Uuringute Keskus - BaltHerNet","og_description":"V\u00e4lis-Eesti Uuringute Keskus (Tartu \u00dclikool) V\u00e4lis-Eesti uuringute keskus on interdistsiplinaarne teaduslik uurimis\u00fcksus, mille eesm\u00e4rgiks on eestlaste r\u00e4nde, v\u00e4liseestlaste ajaloo, identiteedi, keele ja kirjanduse uurimine. Lisaks tegeleb keskus v\u00e4liseestlastega seotud teadusinformatsiooni kogumise ja s\u00e4ilitamisega. Lisaks uurimistegevusele osaleb V\u00e4lis-Eesti uuringute keskus ka vastavateemalise \u00f5ppet\u00f6\u00f6 korraldamisel &#8211; nimelt toimub iga kahe v\u00f5i kolme aasta tagant \u00fcle\u00fclikooliline interdistsiplinaarne loengukursus &#8220;V\u00e4liseestlased&#8221;.","og_url":"https:\/\/www.balther.net\/et\/maluasutused\/eesti\/uurimiskeskused\/valis-eesti-uuringute-keskus\/","og_site_name":"BaltHerNet","article_modified_time":"2016-01-03T17:28:30+00:00","twitter_card":"summary_large_image","schema":{"@context":"https:\/\/schema.org","@graph":[{"@type":"WebPage","@id":"https:\/\/www.balther.net\/et\/maluasutused\/eesti\/uurimiskeskused\/valis-eesti-uuringute-keskus\/","url":"https:\/\/www.balther.net\/et\/maluasutused\/eesti\/uurimiskeskused\/valis-eesti-uuringute-keskus\/","name":"V\u00e4lis-Eesti Uuringute Keskus - BaltHerNet","isPartOf":{"@id":"https:\/\/www.balther.net\/#website"},"datePublished":"2016-01-03T17:16:25+00:00","dateModified":"2016-01-03T17:28:30+00:00","breadcrumb":{"@id":"https:\/\/www.balther.net\/et\/maluasutused\/eesti\/uurimiskeskused\/valis-eesti-uuringute-keskus\/#breadcrumb"},"inLanguage":"et","potentialAction":[{"@type":"ReadAction","target":["https:\/\/www.balther.net\/et\/maluasutused\/eesti\/uurimiskeskused\/valis-eesti-uuringute-keskus\/"]}]},{"@type":"BreadcrumbList","@id":"https:\/\/www.balther.net\/et\/maluasutused\/eesti\/uurimiskeskused\/valis-eesti-uuringute-keskus\/#breadcrumb","itemListElement":[{"@type":"ListItem","position":1,"name":"Home","item":"https:\/\/www.balther.net\/et\/"},{"@type":"ListItem","position":2,"name":"M\u00e4luasutused","item":"https:\/\/www.balther.net\/et\/maluasutused\/"},{"@type":"ListItem","position":3,"name":"Eesti","item":"https:\/\/www.balther.net\/et\/maluasutused\/eesti\/"},{"@type":"ListItem","position":4,"name":"Uurimiskeskused","item":"https:\/\/www.balther.net\/et\/maluasutused\/eesti\/uurimiskeskused\/"},{"@type":"ListItem","position":5,"name":"V\u00e4lis-Eesti Uuringute Keskus"}]},{"@type":"WebSite","@id":"https:\/\/www.balther.net\/#website","url":"https:\/\/www.balther.net\/","name":"BaltHerNet","description":"","potentialAction":[{"@type":"SearchAction","target":{"@type":"EntryPoint","urlTemplate":"https:\/\/www.balther.net\/?s={search_term_string}"},"query-input":{"@type":"PropertyValueSpecification","valueRequired":true,"valueName":"search_term_string"}}],"inLanguage":"et"}]}},"_links":{"self":[{"href":"https:\/\/www.balther.net\/et\/wp-json\/wp\/v2\/pages\/1893","targetHints":{"allow":["GET"]}}],"collection":[{"href":"https:\/\/www.balther.net\/et\/wp-json\/wp\/v2\/pages"}],"about":[{"href":"https:\/\/www.balther.net\/et\/wp-json\/wp\/v2\/types\/page"}],"author":[{"embeddable":true,"href":"https:\/\/www.balther.net\/et\/wp-json\/wp\/v2\/users\/7"}],"replies":[{"embeddable":true,"href":"https:\/\/www.balther.net\/et\/wp-json\/wp\/v2\/comments?post=1893"}],"version-history":[{"count":3,"href":"https:\/\/www.balther.net\/et\/wp-json\/wp\/v2\/pages\/1893\/revisions"}],"predecessor-version":[{"id":1897,"href":"https:\/\/www.balther.net\/et\/wp-json\/wp\/v2\/pages\/1893\/revisions\/1897"}],"up":[{"embeddable":true,"href":"https:\/\/www.balther.net\/et\/wp-json\/wp\/v2\/pages\/1481"}],"wp:attachment":[{"href":"https:\/\/www.balther.net\/et\/wp-json\/wp\/v2\/media?parent=1893"}],"curies":[{"name":"wp","href":"https:\/\/api.w.org\/{rel}","templated":true}]}}