{"id":1889,"date":"2016-01-03T17:13:25","date_gmt":"2016-01-03T17:13:25","guid":{"rendered":"http:\/\/uus.balther.net\/?page_id=1889&#038;lang=et"},"modified":"2016-01-17T18:37:57","modified_gmt":"2016-01-17T18:37:57","slug":"valiseesti-kirjanduse-keskus","status":"publish","type":"page","link":"https:\/\/www.balther.net\/et\/maluasutused\/eesti\/uurimiskeskused\/valiseesti-kirjanduse-keskus\/","title":{"rendered":"V\u00e4liseesti kirjanduse keskus"},"content":{"rendered":"<h5 style=\"text-align: justify;\"><strong>V\u00e4liseesti kirjanduse keskus<\/strong> (<a href=\"http:\/\/www.tlulib.ee\/\" target=\"_blank\">Tallinna \u00dclikooli Akadeemiline Raamatukogu<\/a>)<\/h5>\n<p style=\"text-align: justify;\">Tallinna \u00dclikooli Akadeemilise Raamatukogu v\u00e4liseesti kirjanduse keskuses on k\u00f5ige t\u00e4ielikum v\u00e4liseesti kirjanduse kogu Eestis. 2009. aasta l\u00f5puks sisaldasid v\u00e4liseesti kirjanduse keskuse kogud \u00fcle 36 tuhande tr\u00fckise, sh ligi 6000 nimetust raamatuid ja \u00fcle 700 nimetuse perioodikat.<\/p>\n<p style=\"text-align: justify;\">Keskuses koostatakse mitmeid olulisi andmebaase \u2013veebis k\u00e4ttesaadav v\u00e4liseestlaste isikulooline andmebaas <a href=\"http:\/\/isik.tlulib.ee\/\" target=\"_blank\"><strong>VEPER<\/strong><\/a>, mis sisaldab \u00fcle 1000 isiku eluloolisi andmeid. Andmebaas <strong><a href=\"http:\/\/veart.tlulib.ee\/\" target=\"_blank\">VEART<\/a><\/strong>\u00a0on abiks v\u00e4liseesti perioodikas ilmunud artiklite leidmisel. Andmebaas <strong><a href=\"http:\/\/veilu.tlulib.ee\/\" target=\"_blank\">VEILU<\/a>\u00a0<\/strong>sisaldab v\u00e4liseesti autorite v\u00f5\u00f5rkeeltesse t\u00f5lgitud ja v\u00f5\u00f5rkeeltes kirjutatud ilukirjanduslikke teoseid. K\u00f5ik nimetatud andmebaasid on k\u00e4ttesaadavad ka <strong><a href=\"http:\/\/www.tlulib.ee\/\" target=\"_blank\">TL\u00dc Akadeemilise Raamatukogu kodulehek\u00fcljelt<\/a><\/strong>\u00a0ja v\u00f5imaldavad infot otsida autorite ja m\u00e4rks\u00f5nade j\u00e4rgi.<\/p>\n<p>Digiteeritud kujul (<a href=\"http:\/\/dea.nlib.ee\/\" target=\"_blank\">http:\/\/dea.nlib.ee<\/a>)\u00a0on k\u00e4ttesaadavad 9 v\u00e4liseesti ajalehte:<br \/>\nEesti Post (Saksamaa)<br \/>\nEesti P\u00e4evaleht (Rootsi)<br \/>\nEesti Teataja (Rootsi)<br \/>\nMeie Kodu (Austraalia)<br \/>\nStockholms- Tidiningen Eestlastele (Rootsi)<br \/>\nTeataja (Rootsi)<br \/>\nVaba Eestlane (Kanada)<br \/>\nV\u00f5itleja (Kanada)<br \/>\nV\u00e4lis-Eesti (Rootsi)<\/p>\n<p>Digiteerimisel on USAs ilmuv ajaleht Vaba Eesti S\u00f5na.<\/p>\n<p>Keskus tegeleb ka uurimist\u00f6\u00f6ga, avaldades artikleid ja kogusid tutvustavaid v\u00e4ljaandeid.<\/p>\n<p>V\u00e4liseesti kirjanduse keskuses laenutatakse kirjandust ja vastatakse lugejate p\u00e4ringutele esmasp\u00e4evast reedeni kella 10.00-18.00 aadressil Tallinn, R\u00e4vala pst 10, 3. korrus. E-post:\u00a0<a href=\"mailto:valiseesti[at]tlulib.ee\">valiseesti@tlulib.ee<\/a> , tel +372 6659437.<\/p>\n","protected":false},"excerpt":{"rendered":"<p>V\u00e4liseesti kirjanduse keskus (Tallinna \u00dclikooli Akadeemiline Raamatukogu) Tallinna \u00dclikooli Akadeemilise Raamatukogu v\u00e4liseesti kirjanduse keskuses on k\u00f5ige t\u00e4ielikum v\u00e4liseesti kirjanduse kogu Eestis. 2009. aasta l\u00f5puks sisaldasid v\u00e4liseesti kirjanduse keskuse kogud \u00fcle 36 tuhande tr\u00fckise, sh ligi 6000 nimetust raamatuid ja \u00fcle 700 nimetuse perioodikat. Keskuses koostatakse mitmeid olulisi andmebaase \u2013veebis k\u00e4ttesaadav v\u00e4liseestlaste isikulooline andmebaas VEPER, mis sisaldab \u00fcle 1000 isiku eluloolisi andmeid. Andmebaas VEART\u00a0on abiks v\u00e4liseesti perioodikas ilmunud artiklite leidmisel. Andmebaas VEILU\u00a0sisaldab v\u00e4liseesti autorite v\u00f5\u00f5rkeeltesse t\u00f5lgitud ja v\u00f5\u00f5rkeeltes kirjutatud ilukirjanduslikke teoseid. K\u00f5ik nimetatud andmebaasid on k\u00e4ttesaadavad ka TL\u00dc Akadeemilise Raamatukogu kodulehek\u00fcljelt\u00a0ja v\u00f5imaldavad infot otsida autorite ja m\u00e4rks\u00f5nade j\u00e4rgi. Digiteeritud kujul (http:\/\/dea.nlib.ee)\u00a0on k\u00e4ttesaadavad 9 v\u00e4liseesti ajalehte: Eesti Post (Saksamaa) Eesti P\u00e4evaleht (Rootsi) Eesti Teataja (Rootsi) Meie Kodu (Austraalia) Stockholms- Tidiningen Eestlastele (Rootsi) Teataja (Rootsi) Vaba Eestlane (Kanada) V\u00f5itleja (Kanada) V\u00e4lis-Eesti (Rootsi) Digiteerimisel on USAs ilmuv ajaleht Vaba Eesti S\u00f5na. Keskus tegeleb ka uurimist\u00f6\u00f6ga, avaldades artikleid ja kogusid tutvustavaid v\u00e4ljaandeid. V\u00e4liseesti kirjanduse keskuses laenutatakse kirjandust ja vastatakse lugejate p\u00e4ringutele esmasp\u00e4evast reedeni kella 10.00-18.00 aadressil Tallinn, R\u00e4vala pst 10, 3. korrus. E-post:\u00a0valiseesti@tlulib.ee , tel +372 6659437.<\/p>\n","protected":false},"author":7,"featured_media":0,"parent":1481,"menu_order":2,"comment_status":"closed","ping_status":"closed","template":"","meta":{"_acf_changed":false,"_monsterinsights_skip_tracking":false,"_monsterinsights_sitenote_active":false,"_monsterinsights_sitenote_note":"","_monsterinsights_sitenote_category":0,"ngg_post_thumbnail":0,"footnotes":""},"class_list":["post-1889","page","type-page","status-publish","hentry"],"acf":[],"yoast_head":"<!-- This site is optimized with the Yoast SEO plugin v24.2 - https:\/\/yoast.com\/wordpress\/plugins\/seo\/ -->\n<title>V\u00e4liseesti kirjanduse keskus - BaltHerNet<\/title>\n<meta name=\"robots\" content=\"index, follow, max-snippet:-1, max-image-preview:large, max-video-preview:-1\" \/>\n<link rel=\"canonical\" href=\"https:\/\/www.balther.net\/et\/maluasutused\/eesti\/uurimiskeskused\/valiseesti-kirjanduse-keskus\/\" \/>\n<meta property=\"og:locale\" content=\"et_EE\" \/>\n<meta property=\"og:type\" content=\"article\" \/>\n<meta property=\"og:title\" content=\"V\u00e4liseesti kirjanduse keskus - BaltHerNet\" \/>\n<meta property=\"og:description\" content=\"V\u00e4liseesti kirjanduse keskus (Tallinna \u00dclikooli Akadeemiline Raamatukogu) Tallinna \u00dclikooli Akadeemilise Raamatukogu v\u00e4liseesti kirjanduse keskuses on k\u00f5ige t\u00e4ielikum v\u00e4liseesti kirjanduse kogu Eestis. 2009. aasta l\u00f5puks sisaldasid v\u00e4liseesti kirjanduse keskuse kogud \u00fcle 36 tuhande tr\u00fckise, sh ligi 6000 nimetust raamatuid ja \u00fcle 700 nimetuse perioodikat. Keskuses koostatakse mitmeid olulisi andmebaase \u2013veebis k\u00e4ttesaadav v\u00e4liseestlaste isikulooline andmebaas VEPER, mis sisaldab \u00fcle 1000 isiku eluloolisi andmeid. Andmebaas VEART\u00a0on abiks v\u00e4liseesti perioodikas ilmunud artiklite leidmisel. Andmebaas VEILU\u00a0sisaldab v\u00e4liseesti autorite v\u00f5\u00f5rkeeltesse t\u00f5lgitud ja v\u00f5\u00f5rkeeltes kirjutatud ilukirjanduslikke teoseid. K\u00f5ik nimetatud andmebaasid on k\u00e4ttesaadavad ka TL\u00dc Akadeemilise Raamatukogu kodulehek\u00fcljelt\u00a0ja v\u00f5imaldavad infot otsida autorite ja m\u00e4rks\u00f5nade j\u00e4rgi. Digiteeritud kujul (http:\/\/dea.nlib.ee)\u00a0on k\u00e4ttesaadavad 9 v\u00e4liseesti ajalehte: Eesti Post (Saksamaa) Eesti P\u00e4evaleht (Rootsi) Eesti Teataja (Rootsi) Meie Kodu (Austraalia) Stockholms- Tidiningen Eestlastele (Rootsi) Teataja (Rootsi) Vaba Eestlane (Kanada) V\u00f5itleja (Kanada) V\u00e4lis-Eesti (Rootsi) Digiteerimisel on USAs ilmuv ajaleht Vaba Eesti S\u00f5na. Keskus tegeleb ka uurimist\u00f6\u00f6ga, avaldades artikleid ja kogusid tutvustavaid v\u00e4ljaandeid. V\u00e4liseesti kirjanduse keskuses laenutatakse kirjandust ja vastatakse lugejate p\u00e4ringutele esmasp\u00e4evast reedeni kella 10.00-18.00 aadressil Tallinn, R\u00e4vala pst 10, 3. korrus. E-post:\u00a0valiseesti@tlulib.ee , tel +372 6659437.\" \/>\n<meta property=\"og:url\" content=\"https:\/\/www.balther.net\/et\/maluasutused\/eesti\/uurimiskeskused\/valiseesti-kirjanduse-keskus\/\" \/>\n<meta property=\"og:site_name\" content=\"BaltHerNet\" \/>\n<meta property=\"article:modified_time\" content=\"2016-01-17T18:37:57+00:00\" \/>\n<meta name=\"twitter:card\" content=\"summary_large_image\" \/>\n<meta name=\"twitter:label1\" content=\"Est. reading time\" \/>\n\t<meta name=\"twitter:data1\" content=\"1 minut\" \/>\n<script type=\"application\/ld+json\" class=\"yoast-schema-graph\">{\"@context\":\"https:\/\/schema.org\",\"@graph\":[{\"@type\":\"WebPage\",\"@id\":\"https:\/\/www.balther.net\/et\/maluasutused\/eesti\/uurimiskeskused\/valiseesti-kirjanduse-keskus\/\",\"url\":\"https:\/\/www.balther.net\/et\/maluasutused\/eesti\/uurimiskeskused\/valiseesti-kirjanduse-keskus\/\",\"name\":\"V\u00e4liseesti kirjanduse keskus - BaltHerNet\",\"isPartOf\":{\"@id\":\"https:\/\/www.balther.net\/#website\"},\"datePublished\":\"2016-01-03T17:13:25+00:00\",\"dateModified\":\"2016-01-17T18:37:57+00:00\",\"breadcrumb\":{\"@id\":\"https:\/\/www.balther.net\/et\/maluasutused\/eesti\/uurimiskeskused\/valiseesti-kirjanduse-keskus\/#breadcrumb\"},\"inLanguage\":\"et\",\"potentialAction\":[{\"@type\":\"ReadAction\",\"target\":[\"https:\/\/www.balther.net\/et\/maluasutused\/eesti\/uurimiskeskused\/valiseesti-kirjanduse-keskus\/\"]}]},{\"@type\":\"BreadcrumbList\",\"@id\":\"https:\/\/www.balther.net\/et\/maluasutused\/eesti\/uurimiskeskused\/valiseesti-kirjanduse-keskus\/#breadcrumb\",\"itemListElement\":[{\"@type\":\"ListItem\",\"position\":1,\"name\":\"Home\",\"item\":\"https:\/\/www.balther.net\/et\/\"},{\"@type\":\"ListItem\",\"position\":2,\"name\":\"M\u00e4luasutused\",\"item\":\"https:\/\/www.balther.net\/et\/maluasutused\/\"},{\"@type\":\"ListItem\",\"position\":3,\"name\":\"Eesti\",\"item\":\"https:\/\/www.balther.net\/et\/maluasutused\/eesti\/\"},{\"@type\":\"ListItem\",\"position\":4,\"name\":\"Uurimiskeskused\",\"item\":\"https:\/\/www.balther.net\/et\/maluasutused\/eesti\/uurimiskeskused\/\"},{\"@type\":\"ListItem\",\"position\":5,\"name\":\"V\u00e4liseesti kirjanduse keskus\"}]},{\"@type\":\"WebSite\",\"@id\":\"https:\/\/www.balther.net\/#website\",\"url\":\"https:\/\/www.balther.net\/\",\"name\":\"BaltHerNet\",\"description\":\"\",\"potentialAction\":[{\"@type\":\"SearchAction\",\"target\":{\"@type\":\"EntryPoint\",\"urlTemplate\":\"https:\/\/www.balther.net\/?s={search_term_string}\"},\"query-input\":{\"@type\":\"PropertyValueSpecification\",\"valueRequired\":true,\"valueName\":\"search_term_string\"}}],\"inLanguage\":\"et\"}]}<\/script>\n<!-- \/ Yoast SEO plugin. -->","yoast_head_json":{"title":"V\u00e4liseesti kirjanduse keskus - BaltHerNet","robots":{"index":"index","follow":"follow","max-snippet":"max-snippet:-1","max-image-preview":"max-image-preview:large","max-video-preview":"max-video-preview:-1"},"canonical":"https:\/\/www.balther.net\/et\/maluasutused\/eesti\/uurimiskeskused\/valiseesti-kirjanduse-keskus\/","og_locale":"et_EE","og_type":"article","og_title":"V\u00e4liseesti kirjanduse keskus - BaltHerNet","og_description":"V\u00e4liseesti kirjanduse keskus (Tallinna \u00dclikooli Akadeemiline Raamatukogu) Tallinna \u00dclikooli Akadeemilise Raamatukogu v\u00e4liseesti kirjanduse keskuses on k\u00f5ige t\u00e4ielikum v\u00e4liseesti kirjanduse kogu Eestis. 2009. aasta l\u00f5puks sisaldasid v\u00e4liseesti kirjanduse keskuse kogud \u00fcle 36 tuhande tr\u00fckise, sh ligi 6000 nimetust raamatuid ja \u00fcle 700 nimetuse perioodikat. Keskuses koostatakse mitmeid olulisi andmebaase \u2013veebis k\u00e4ttesaadav v\u00e4liseestlaste isikulooline andmebaas VEPER, mis sisaldab \u00fcle 1000 isiku eluloolisi andmeid. Andmebaas VEART\u00a0on abiks v\u00e4liseesti perioodikas ilmunud artiklite leidmisel. Andmebaas VEILU\u00a0sisaldab v\u00e4liseesti autorite v\u00f5\u00f5rkeeltesse t\u00f5lgitud ja v\u00f5\u00f5rkeeltes kirjutatud ilukirjanduslikke teoseid. K\u00f5ik nimetatud andmebaasid on k\u00e4ttesaadavad ka TL\u00dc Akadeemilise Raamatukogu kodulehek\u00fcljelt\u00a0ja v\u00f5imaldavad infot otsida autorite ja m\u00e4rks\u00f5nade j\u00e4rgi. Digiteeritud kujul (http:\/\/dea.nlib.ee)\u00a0on k\u00e4ttesaadavad 9 v\u00e4liseesti ajalehte: Eesti Post (Saksamaa) Eesti P\u00e4evaleht (Rootsi) Eesti Teataja (Rootsi) Meie Kodu (Austraalia) Stockholms- Tidiningen Eestlastele (Rootsi) Teataja (Rootsi) Vaba Eestlane (Kanada) V\u00f5itleja (Kanada) V\u00e4lis-Eesti (Rootsi) Digiteerimisel on USAs ilmuv ajaleht Vaba Eesti S\u00f5na. Keskus tegeleb ka uurimist\u00f6\u00f6ga, avaldades artikleid ja kogusid tutvustavaid v\u00e4ljaandeid. V\u00e4liseesti kirjanduse keskuses laenutatakse kirjandust ja vastatakse lugejate p\u00e4ringutele esmasp\u00e4evast reedeni kella 10.00-18.00 aadressil Tallinn, R\u00e4vala pst 10, 3. korrus. E-post:\u00a0valiseesti@tlulib.ee , tel +372 6659437.","og_url":"https:\/\/www.balther.net\/et\/maluasutused\/eesti\/uurimiskeskused\/valiseesti-kirjanduse-keskus\/","og_site_name":"BaltHerNet","article_modified_time":"2016-01-17T18:37:57+00:00","twitter_card":"summary_large_image","twitter_misc":{"Est. reading time":"1 minut"},"schema":{"@context":"https:\/\/schema.org","@graph":[{"@type":"WebPage","@id":"https:\/\/www.balther.net\/et\/maluasutused\/eesti\/uurimiskeskused\/valiseesti-kirjanduse-keskus\/","url":"https:\/\/www.balther.net\/et\/maluasutused\/eesti\/uurimiskeskused\/valiseesti-kirjanduse-keskus\/","name":"V\u00e4liseesti kirjanduse keskus - BaltHerNet","isPartOf":{"@id":"https:\/\/www.balther.net\/#website"},"datePublished":"2016-01-03T17:13:25+00:00","dateModified":"2016-01-17T18:37:57+00:00","breadcrumb":{"@id":"https:\/\/www.balther.net\/et\/maluasutused\/eesti\/uurimiskeskused\/valiseesti-kirjanduse-keskus\/#breadcrumb"},"inLanguage":"et","potentialAction":[{"@type":"ReadAction","target":["https:\/\/www.balther.net\/et\/maluasutused\/eesti\/uurimiskeskused\/valiseesti-kirjanduse-keskus\/"]}]},{"@type":"BreadcrumbList","@id":"https:\/\/www.balther.net\/et\/maluasutused\/eesti\/uurimiskeskused\/valiseesti-kirjanduse-keskus\/#breadcrumb","itemListElement":[{"@type":"ListItem","position":1,"name":"Home","item":"https:\/\/www.balther.net\/et\/"},{"@type":"ListItem","position":2,"name":"M\u00e4luasutused","item":"https:\/\/www.balther.net\/et\/maluasutused\/"},{"@type":"ListItem","position":3,"name":"Eesti","item":"https:\/\/www.balther.net\/et\/maluasutused\/eesti\/"},{"@type":"ListItem","position":4,"name":"Uurimiskeskused","item":"https:\/\/www.balther.net\/et\/maluasutused\/eesti\/uurimiskeskused\/"},{"@type":"ListItem","position":5,"name":"V\u00e4liseesti kirjanduse keskus"}]},{"@type":"WebSite","@id":"https:\/\/www.balther.net\/#website","url":"https:\/\/www.balther.net\/","name":"BaltHerNet","description":"","potentialAction":[{"@type":"SearchAction","target":{"@type":"EntryPoint","urlTemplate":"https:\/\/www.balther.net\/?s={search_term_string}"},"query-input":{"@type":"PropertyValueSpecification","valueRequired":true,"valueName":"search_term_string"}}],"inLanguage":"et"}]}},"_links":{"self":[{"href":"https:\/\/www.balther.net\/et\/wp-json\/wp\/v2\/pages\/1889","targetHints":{"allow":["GET"]}}],"collection":[{"href":"https:\/\/www.balther.net\/et\/wp-json\/wp\/v2\/pages"}],"about":[{"href":"https:\/\/www.balther.net\/et\/wp-json\/wp\/v2\/types\/page"}],"author":[{"embeddable":true,"href":"https:\/\/www.balther.net\/et\/wp-json\/wp\/v2\/users\/7"}],"replies":[{"embeddable":true,"href":"https:\/\/www.balther.net\/et\/wp-json\/wp\/v2\/comments?post=1889"}],"version-history":[{"count":6,"href":"https:\/\/www.balther.net\/et\/wp-json\/wp\/v2\/pages\/1889\/revisions"}],"predecessor-version":[{"id":2810,"href":"https:\/\/www.balther.net\/et\/wp-json\/wp\/v2\/pages\/1889\/revisions\/2810"}],"up":[{"embeddable":true,"href":"https:\/\/www.balther.net\/et\/wp-json\/wp\/v2\/pages\/1481"}],"wp:attachment":[{"href":"https:\/\/www.balther.net\/et\/wp-json\/wp\/v2\/media?parent=1889"}],"curies":[{"name":"wp","href":"https:\/\/api.w.org\/{rel}","templated":true}]}}