{"id":1866,"date":"2016-01-03T16:39:42","date_gmt":"2016-01-03T16:39:42","guid":{"rendered":"http:\/\/uus.balther.net\/?page_id=1866&#038;lang=et"},"modified":"2016-01-03T18:39:05","modified_gmt":"2016-01-03T18:39:05","slug":"eesti-kirjandusmuuseum","status":"publish","type":"page","link":"https:\/\/www.balther.net\/et\/maluasutused\/eesti\/muuseumid\/eesti-kirjandusmuuseum\/","title":{"rendered":"Eesti Kirjandusmuuseum"},"content":{"rendered":"<h5><a href=\"http:\/\/www.kirmus.ee\/\" target=\"_blank\"><strong>Eesti Kirjandusmuuseum<\/strong><\/a><\/h5>\n<p style=\"text-align: justify;\">Eesti Kirjandusmuuseum on ajaooliselt kujunenud kolme arhiivi kooslusena: Arhiivraamatukogu (asutatud 1909), Eesti Rahvaluule Arhiiv (1927) ja Eesti Kultuurilooline Arhiiv (1929). Arhiivid s\u00fcndisid omaaegse Eesti Rahva Muuseumi koosseisus eesm\u00e4rgiga koguda eestikeelseid ja eesti ainelisi tr\u00fckiseid, rahvaluulet ja kultuuriloolisi dokumente. Seda \u00fclesannet on arhiivid t\u00e4itnud alates nende loomisest kuni t\u00e4nase p\u00e4evani. J\u00e4rjepideva kogumist\u00f6\u00f6 tulemusel leidub Kirjandusmuuseumi arhiivides suur ja mitmekesine valik Eesti diasporaa ajalugu kajastavaid materjale: tr\u00fckised, dokumendid, k\u00e4sikirjad, kirjavahetused, fotod, heli- ja filmilindid.<\/p>\n<p>Teadus- ja arendusasutusena tegeleb Kirjandusmuuseum eesti fokloristika, kirjanduse ja kultuuri (sh Eesti diasporaa) uurimisega, v\u00e4ljaannnete publitseerimisega.<\/p>\n<p>Kirjandusmuuseumi juures tegutseb <a href=\"http:\/\/www.folklore.ee\/tippkeskus\/\" target=\"_blank\">Eesti Kultuuriloo ja Folkloristika Keskus<\/a>.<\/p>\n","protected":false},"excerpt":{"rendered":"<p>Eesti Kirjandusmuuseum Eesti Kirjandusmuuseum on ajaooliselt kujunenud kolme arhiivi kooslusena: Arhiivraamatukogu (asutatud 1909), Eesti Rahvaluule Arhiiv (1927) ja Eesti Kultuurilooline Arhiiv (1929). Arhiivid s\u00fcndisid omaaegse Eesti Rahva Muuseumi koosseisus eesm\u00e4rgiga koguda eestikeelseid ja eesti ainelisi tr\u00fckiseid, rahvaluulet ja kultuuriloolisi dokumente. Seda \u00fclesannet on arhiivid t\u00e4itnud alates nende loomisest kuni t\u00e4nase p\u00e4evani. J\u00e4rjepideva kogumist\u00f6\u00f6 tulemusel leidub Kirjandusmuuseumi arhiivides suur ja mitmekesine valik Eesti diasporaa ajalugu kajastavaid materjale: tr\u00fckised, dokumendid, k\u00e4sikirjad, kirjavahetused, fotod, heli- ja filmilindid. Teadus- ja arendusasutusena tegeleb Kirjandusmuuseum eesti fokloristika, kirjanduse ja kultuuri (sh Eesti diasporaa) uurimisega, v\u00e4ljaannnete publitseerimisega. Kirjandusmuuseumi juures tegutseb Eesti Kultuuriloo ja Folkloristika Keskus.<\/p>\n","protected":false},"author":7,"featured_media":0,"parent":1479,"menu_order":1,"comment_status":"closed","ping_status":"closed","template":"","meta":{"_acf_changed":false,"_monsterinsights_skip_tracking":false,"_monsterinsights_sitenote_active":false,"_monsterinsights_sitenote_note":"","_monsterinsights_sitenote_category":0,"ngg_post_thumbnail":0,"footnotes":""},"class_list":["post-1866","page","type-page","status-publish","hentry"],"acf":[],"yoast_head":"<!-- This site is optimized with the Yoast SEO plugin v24.2 - https:\/\/yoast.com\/wordpress\/plugins\/seo\/ -->\n<title>Eesti Kirjandusmuuseum - BaltHerNet<\/title>\n<meta name=\"robots\" content=\"index, follow, max-snippet:-1, max-image-preview:large, max-video-preview:-1\" \/>\n<link rel=\"canonical\" href=\"https:\/\/www.balther.net\/et\/maluasutused\/eesti\/muuseumid\/eesti-kirjandusmuuseum\/\" \/>\n<meta property=\"og:locale\" content=\"et_EE\" \/>\n<meta property=\"og:type\" content=\"article\" \/>\n<meta property=\"og:title\" content=\"Eesti Kirjandusmuuseum - BaltHerNet\" \/>\n<meta property=\"og:description\" content=\"Eesti Kirjandusmuuseum Eesti Kirjandusmuuseum on ajaooliselt kujunenud kolme arhiivi kooslusena: Arhiivraamatukogu (asutatud 1909), Eesti Rahvaluule Arhiiv (1927) ja Eesti Kultuurilooline Arhiiv (1929). Arhiivid s\u00fcndisid omaaegse Eesti Rahva Muuseumi koosseisus eesm\u00e4rgiga koguda eestikeelseid ja eesti ainelisi tr\u00fckiseid, rahvaluulet ja kultuuriloolisi dokumente. Seda \u00fclesannet on arhiivid t\u00e4itnud alates nende loomisest kuni t\u00e4nase p\u00e4evani. J\u00e4rjepideva kogumist\u00f6\u00f6 tulemusel leidub Kirjandusmuuseumi arhiivides suur ja mitmekesine valik Eesti diasporaa ajalugu kajastavaid materjale: tr\u00fckised, dokumendid, k\u00e4sikirjad, kirjavahetused, fotod, heli- ja filmilindid. Teadus- ja arendusasutusena tegeleb Kirjandusmuuseum eesti fokloristika, kirjanduse ja kultuuri (sh Eesti diasporaa) uurimisega, v\u00e4ljaannnete publitseerimisega. Kirjandusmuuseumi juures tegutseb Eesti Kultuuriloo ja Folkloristika Keskus.\" \/>\n<meta property=\"og:url\" content=\"https:\/\/www.balther.net\/et\/maluasutused\/eesti\/muuseumid\/eesti-kirjandusmuuseum\/\" \/>\n<meta property=\"og:site_name\" content=\"BaltHerNet\" \/>\n<meta property=\"article:modified_time\" content=\"2016-01-03T18:39:05+00:00\" \/>\n<meta name=\"twitter:card\" content=\"summary_large_image\" \/>\n<meta name=\"twitter:label1\" content=\"Est. reading time\" \/>\n\t<meta name=\"twitter:data1\" content=\"1 minut\" \/>\n<script type=\"application\/ld+json\" class=\"yoast-schema-graph\">{\"@context\":\"https:\/\/schema.org\",\"@graph\":[{\"@type\":\"WebPage\",\"@id\":\"https:\/\/www.balther.net\/et\/maluasutused\/eesti\/muuseumid\/eesti-kirjandusmuuseum\/\",\"url\":\"https:\/\/www.balther.net\/et\/maluasutused\/eesti\/muuseumid\/eesti-kirjandusmuuseum\/\",\"name\":\"Eesti Kirjandusmuuseum - BaltHerNet\",\"isPartOf\":{\"@id\":\"https:\/\/www.balther.net\/#website\"},\"datePublished\":\"2016-01-03T16:39:42+00:00\",\"dateModified\":\"2016-01-03T18:39:05+00:00\",\"breadcrumb\":{\"@id\":\"https:\/\/www.balther.net\/et\/maluasutused\/eesti\/muuseumid\/eesti-kirjandusmuuseum\/#breadcrumb\"},\"inLanguage\":\"et\",\"potentialAction\":[{\"@type\":\"ReadAction\",\"target\":[\"https:\/\/www.balther.net\/et\/maluasutused\/eesti\/muuseumid\/eesti-kirjandusmuuseum\/\"]}]},{\"@type\":\"BreadcrumbList\",\"@id\":\"https:\/\/www.balther.net\/et\/maluasutused\/eesti\/muuseumid\/eesti-kirjandusmuuseum\/#breadcrumb\",\"itemListElement\":[{\"@type\":\"ListItem\",\"position\":1,\"name\":\"Home\",\"item\":\"https:\/\/www.balther.net\/et\/\"},{\"@type\":\"ListItem\",\"position\":2,\"name\":\"M\u00e4luasutused\",\"item\":\"https:\/\/www.balther.net\/et\/maluasutused\/\"},{\"@type\":\"ListItem\",\"position\":3,\"name\":\"Eesti\",\"item\":\"https:\/\/www.balther.net\/et\/maluasutused\/eesti\/\"},{\"@type\":\"ListItem\",\"position\":4,\"name\":\"Muuseumid\",\"item\":\"https:\/\/www.balther.net\/et\/maluasutused\/eesti\/muuseumid\/\"},{\"@type\":\"ListItem\",\"position\":5,\"name\":\"Eesti Kirjandusmuuseum\"}]},{\"@type\":\"WebSite\",\"@id\":\"https:\/\/www.balther.net\/#website\",\"url\":\"https:\/\/www.balther.net\/\",\"name\":\"BaltHerNet\",\"description\":\"\",\"potentialAction\":[{\"@type\":\"SearchAction\",\"target\":{\"@type\":\"EntryPoint\",\"urlTemplate\":\"https:\/\/www.balther.net\/?s={search_term_string}\"},\"query-input\":{\"@type\":\"PropertyValueSpecification\",\"valueRequired\":true,\"valueName\":\"search_term_string\"}}],\"inLanguage\":\"et\"}]}<\/script>\n<!-- \/ Yoast SEO plugin. -->","yoast_head_json":{"title":"Eesti Kirjandusmuuseum - BaltHerNet","robots":{"index":"index","follow":"follow","max-snippet":"max-snippet:-1","max-image-preview":"max-image-preview:large","max-video-preview":"max-video-preview:-1"},"canonical":"https:\/\/www.balther.net\/et\/maluasutused\/eesti\/muuseumid\/eesti-kirjandusmuuseum\/","og_locale":"et_EE","og_type":"article","og_title":"Eesti Kirjandusmuuseum - BaltHerNet","og_description":"Eesti Kirjandusmuuseum Eesti Kirjandusmuuseum on ajaooliselt kujunenud kolme arhiivi kooslusena: Arhiivraamatukogu (asutatud 1909), Eesti Rahvaluule Arhiiv (1927) ja Eesti Kultuurilooline Arhiiv (1929). Arhiivid s\u00fcndisid omaaegse Eesti Rahva Muuseumi koosseisus eesm\u00e4rgiga koguda eestikeelseid ja eesti ainelisi tr\u00fckiseid, rahvaluulet ja kultuuriloolisi dokumente. Seda \u00fclesannet on arhiivid t\u00e4itnud alates nende loomisest kuni t\u00e4nase p\u00e4evani. J\u00e4rjepideva kogumist\u00f6\u00f6 tulemusel leidub Kirjandusmuuseumi arhiivides suur ja mitmekesine valik Eesti diasporaa ajalugu kajastavaid materjale: tr\u00fckised, dokumendid, k\u00e4sikirjad, kirjavahetused, fotod, heli- ja filmilindid. Teadus- ja arendusasutusena tegeleb Kirjandusmuuseum eesti fokloristika, kirjanduse ja kultuuri (sh Eesti diasporaa) uurimisega, v\u00e4ljaannnete publitseerimisega. Kirjandusmuuseumi juures tegutseb Eesti Kultuuriloo ja Folkloristika Keskus.","og_url":"https:\/\/www.balther.net\/et\/maluasutused\/eesti\/muuseumid\/eesti-kirjandusmuuseum\/","og_site_name":"BaltHerNet","article_modified_time":"2016-01-03T18:39:05+00:00","twitter_card":"summary_large_image","twitter_misc":{"Est. reading time":"1 minut"},"schema":{"@context":"https:\/\/schema.org","@graph":[{"@type":"WebPage","@id":"https:\/\/www.balther.net\/et\/maluasutused\/eesti\/muuseumid\/eesti-kirjandusmuuseum\/","url":"https:\/\/www.balther.net\/et\/maluasutused\/eesti\/muuseumid\/eesti-kirjandusmuuseum\/","name":"Eesti Kirjandusmuuseum - BaltHerNet","isPartOf":{"@id":"https:\/\/www.balther.net\/#website"},"datePublished":"2016-01-03T16:39:42+00:00","dateModified":"2016-01-03T18:39:05+00:00","breadcrumb":{"@id":"https:\/\/www.balther.net\/et\/maluasutused\/eesti\/muuseumid\/eesti-kirjandusmuuseum\/#breadcrumb"},"inLanguage":"et","potentialAction":[{"@type":"ReadAction","target":["https:\/\/www.balther.net\/et\/maluasutused\/eesti\/muuseumid\/eesti-kirjandusmuuseum\/"]}]},{"@type":"BreadcrumbList","@id":"https:\/\/www.balther.net\/et\/maluasutused\/eesti\/muuseumid\/eesti-kirjandusmuuseum\/#breadcrumb","itemListElement":[{"@type":"ListItem","position":1,"name":"Home","item":"https:\/\/www.balther.net\/et\/"},{"@type":"ListItem","position":2,"name":"M\u00e4luasutused","item":"https:\/\/www.balther.net\/et\/maluasutused\/"},{"@type":"ListItem","position":3,"name":"Eesti","item":"https:\/\/www.balther.net\/et\/maluasutused\/eesti\/"},{"@type":"ListItem","position":4,"name":"Muuseumid","item":"https:\/\/www.balther.net\/et\/maluasutused\/eesti\/muuseumid\/"},{"@type":"ListItem","position":5,"name":"Eesti Kirjandusmuuseum"}]},{"@type":"WebSite","@id":"https:\/\/www.balther.net\/#website","url":"https:\/\/www.balther.net\/","name":"BaltHerNet","description":"","potentialAction":[{"@type":"SearchAction","target":{"@type":"EntryPoint","urlTemplate":"https:\/\/www.balther.net\/?s={search_term_string}"},"query-input":{"@type":"PropertyValueSpecification","valueRequired":true,"valueName":"search_term_string"}}],"inLanguage":"et"}]}},"_links":{"self":[{"href":"https:\/\/www.balther.net\/et\/wp-json\/wp\/v2\/pages\/1866","targetHints":{"allow":["GET"]}}],"collection":[{"href":"https:\/\/www.balther.net\/et\/wp-json\/wp\/v2\/pages"}],"about":[{"href":"https:\/\/www.balther.net\/et\/wp-json\/wp\/v2\/types\/page"}],"author":[{"embeddable":true,"href":"https:\/\/www.balther.net\/et\/wp-json\/wp\/v2\/users\/7"}],"replies":[{"embeddable":true,"href":"https:\/\/www.balther.net\/et\/wp-json\/wp\/v2\/comments?post=1866"}],"version-history":[{"count":4,"href":"https:\/\/www.balther.net\/et\/wp-json\/wp\/v2\/pages\/1866\/revisions"}],"predecessor-version":[{"id":1942,"href":"https:\/\/www.balther.net\/et\/wp-json\/wp\/v2\/pages\/1866\/revisions\/1942"}],"up":[{"embeddable":true,"href":"https:\/\/www.balther.net\/et\/wp-json\/wp\/v2\/pages\/1479"}],"wp:attachment":[{"href":"https:\/\/www.balther.net\/et\/wp-json\/wp\/v2\/media?parent=1866"}],"curies":[{"name":"wp","href":"https:\/\/api.w.org\/{rel}","templated":true}]}}