{"id":1839,"date":"2016-01-03T16:07:31","date_gmt":"2016-01-03T16:07:31","guid":{"rendered":"http:\/\/uus.balther.net\/?page_id=1839&#038;lang=et"},"modified":"2023-03-17T16:26:36","modified_gmt":"2023-03-17T14:26:36","slug":"1839-2","status":"publish","type":"page","link":"https:\/\/www.balther.net\/et\/maluasutused\/eesti\/raamatukogud\/1839-2\/","title":{"rendered":"Tallinna \u00dclikooli Akadeemiline Raamatukogu"},"content":{"rendered":"<h5 style=\"text-align: justify;\"><a href=\"http:\/\/www.tlulib.ee\/\" target=\"_blank\" rel=\"noopener\"><strong>Tallinna \u00dclikooli Akadeemiline Raamatukogu<\/strong><\/a><\/h5>\n<p style=\"text-align: justify;\">Tallinna \u00dclikooli Akadeemilise Raamatukogu <strong><a href=\"https:\/\/www.tlulib.ee\/lugejale\/keskused\/valiseesti-kirjanduse-keskus\/\" target=\"_blank\" rel=\"noopener\">v\u00e4liseesti kirjanduse keskuses <\/a><\/strong>on k\u00f5ige t\u00e4ielikum v\u00e4liseesti kirjanduse kogu Eestis. 2015. aasta alguseks on keskuse kogudes \u00fcle 38 tuhande tr\u00fckise, sh raamatuid \u00fcle 6000 nimetuse ja perioodikat ligi 800 nimetust, lisaks pisitr\u00fckised ja teadusseparaadid.<\/p>\n<p>Keskuses koostatakse mitmeid olulisi andmebaase \u2013veebis k\u00e4ttesaadav v\u00e4liseestlaste isikulooline andmebaas <a href=\"http:\/\/isik.tlulib.ee\/\" target=\"_blank\" rel=\"noopener\"><strong>VEPER<\/strong><\/a>, mis sisaldab \u00fcle 1000 isiku eluloolisi andmeid. Andmebaas <a href=\"http:\/\/veart.tlulib.ee\/\" target=\"_blank\" rel=\"noopener\"><strong>VEART<\/strong><\/a> on abiks v\u00e4liseesti perioodikas ilmunud artiklite leidmisel. Andmebaas <a href=\"http:\/\/veilu.tlulib.ee\/\" target=\"_blank\" rel=\"noopener\"><strong>VEILU<\/strong><\/a> sisaldab v\u00e4liseesti autorite v\u00f5\u00f5rkeeltesse t\u00f5lgitud ja v\u00f5\u00f5rkeeltes kirjutatud ilukirjanduslikke teoseid. K\u00f5ik nimetatud andmebaasid on k\u00e4ttesaadavad ka TL\u00dc Akadeemilise Raamatukogu kodulehek\u00fcljelt (<a href=\"https:\/\/www.tlulib.ee\/andmebaasid\/meie-digitaalsed-kogud\/\" target=\"_blank\" rel=\"noopener\">https:\/\/www.tlulib.ee\/andmebaasid\/meie-digitaalsed-kogud\/<\/a>) ja v\u00f5imaldavad infot otsida autorite ja m\u00e4rks\u00f5nade j\u00e4rgi.<\/p>\n<p>Digiteeritud kujul (<a href=\"https:\/\/dea.digar.ee\/\" target=\"_blank\" rel=\"noopener\">https:\/\/dea.digar.ee\/<\/a>)\u00a0on k\u00e4ttesaadavad 9 v\u00e4liseesti ajalehte:<br \/>\nEesti Post (Saksamaa)<br \/>\nEesti P\u00e4evaleht (Rootsi)<br \/>\nEesti Teataja (Rootsi)<br \/>\nMeie Kodu (Austraalia)<br \/>\nStockholms- Tidiningen Eestlastele (Rootsi)<br \/>\nTeataja (Rootsi)<br \/>\nVaba Eesti S\u00f5na (USA)<br \/>\nVaba Eestlane (Kanada)<br \/>\nV\u00f5itleja (Kanada)<br \/>\nV\u00e4lis-Eesti (Rootsi)<\/p>\n<p>Keskus tegeleb ka uurimist\u00f6\u00f6ga, avaldades artikleid ja kogusid tutvustavaid v\u00e4ljaandeid.<\/p>\n<p>Tallinna \u00dclikooli Akadeemilises Raamatukogus laenutatakse kirjandust ja vastatakse lugejate p\u00e4ringutele esmasp\u00e4evast reedeni kella 10.00-18.00 aadressil Tallinn, R\u00e4vala pst 10, 3. korrus. E-post: <a href=\"mailto:tlulib@tlulib.ee\">tlulib@tlulib.ee<\/a>, tel +372 6659 439.<\/p>\n","protected":false},"excerpt":{"rendered":"<p>Tallinna \u00dclikooli Akadeemiline Raamatukogu Tallinna \u00dclikooli Akadeemilise Raamatukogu v\u00e4liseesti kirjanduse keskuses on k\u00f5ige t\u00e4ielikum v\u00e4liseesti kirjanduse kogu Eestis. 2015. aasta alguseks on keskuse kogudes \u00fcle 38 tuhande tr\u00fckise, sh raamatuid \u00fcle 6000 nimetuse ja perioodikat ligi 800 nimetust, lisaks pisitr\u00fckised ja teadusseparaadid. Keskuses koostatakse mitmeid olulisi andmebaase \u2013veebis k\u00e4ttesaadav v\u00e4liseestlaste isikulooline andmebaas VEPER, mis sisaldab \u00fcle 1000 isiku eluloolisi andmeid. Andmebaas VEART on abiks v\u00e4liseesti perioodikas ilmunud artiklite leidmisel. Andmebaas VEILU sisaldab v\u00e4liseesti autorite v\u00f5\u00f5rkeeltesse t\u00f5lgitud ja v\u00f5\u00f5rkeeltes kirjutatud ilukirjanduslikke teoseid. K\u00f5ik nimetatud andmebaasid on k\u00e4ttesaadavad ka TL\u00dc Akadeemilise Raamatukogu kodulehek\u00fcljelt (https:\/\/www.tlulib.ee\/andmebaasid\/meie-digitaalsed-kogud\/) ja v\u00f5imaldavad infot otsida autorite ja m\u00e4rks\u00f5nade j\u00e4rgi. Digiteeritud kujul (https:\/\/dea.digar.ee\/)\u00a0on k\u00e4ttesaadavad 9 v\u00e4liseesti ajalehte: Eesti Post (Saksamaa) Eesti P\u00e4evaleht (Rootsi) Eesti Teataja (Rootsi) Meie Kodu (Austraalia) Stockholms- Tidiningen Eestlastele (Rootsi) Teataja (Rootsi) Vaba Eesti S\u00f5na (USA) Vaba Eestlane (Kanada) V\u00f5itleja (Kanada) V\u00e4lis-Eesti (Rootsi) Keskus tegeleb ka uurimist\u00f6\u00f6ga, avaldades artikleid ja kogusid tutvustavaid v\u00e4ljaandeid. Tallinna \u00dclikooli Akadeemilises Raamatukogus laenutatakse kirjandust ja vastatakse lugejate p\u00e4ringutele esmasp\u00e4evast reedeni kella 10.00-18.00 aadressil Tallinn, R\u00e4vala pst 10, 3. korrus. E-post: tlulib@tlulib.ee, tel +372 6659 439.<\/p>\n","protected":false},"author":7,"featured_media":0,"parent":1477,"menu_order":1,"comment_status":"closed","ping_status":"closed","template":"","meta":{"_acf_changed":false,"_monsterinsights_skip_tracking":false,"_monsterinsights_sitenote_active":false,"_monsterinsights_sitenote_note":"","_monsterinsights_sitenote_category":0,"ngg_post_thumbnail":0,"footnotes":""},"class_list":["post-1839","page","type-page","status-publish","hentry"],"acf":[],"yoast_head":"<!-- This site is optimized with the Yoast SEO plugin v24.2 - https:\/\/yoast.com\/wordpress\/plugins\/seo\/ -->\n<title>Tallinna \u00dclikooli Akadeemiline Raamatukogu - BaltHerNet<\/title>\n<meta name=\"robots\" content=\"index, follow, max-snippet:-1, max-image-preview:large, max-video-preview:-1\" \/>\n<link rel=\"canonical\" href=\"https:\/\/www.balther.net\/et\/maluasutused\/eesti\/raamatukogud\/1839-2\/\" \/>\n<meta property=\"og:locale\" content=\"et_EE\" \/>\n<meta property=\"og:type\" content=\"article\" \/>\n<meta property=\"og:title\" content=\"Tallinna \u00dclikooli Akadeemiline Raamatukogu - BaltHerNet\" \/>\n<meta property=\"og:description\" content=\"Tallinna \u00dclikooli Akadeemiline Raamatukogu Tallinna \u00dclikooli Akadeemilise Raamatukogu v\u00e4liseesti kirjanduse keskuses on k\u00f5ige t\u00e4ielikum v\u00e4liseesti kirjanduse kogu Eestis. 2015. aasta alguseks on keskuse kogudes \u00fcle 38 tuhande tr\u00fckise, sh raamatuid \u00fcle 6000 nimetuse ja perioodikat ligi 800 nimetust, lisaks pisitr\u00fckised ja teadusseparaadid. Keskuses koostatakse mitmeid olulisi andmebaase \u2013veebis k\u00e4ttesaadav v\u00e4liseestlaste isikulooline andmebaas VEPER, mis sisaldab \u00fcle 1000 isiku eluloolisi andmeid. Andmebaas VEART on abiks v\u00e4liseesti perioodikas ilmunud artiklite leidmisel. Andmebaas VEILU sisaldab v\u00e4liseesti autorite v\u00f5\u00f5rkeeltesse t\u00f5lgitud ja v\u00f5\u00f5rkeeltes kirjutatud ilukirjanduslikke teoseid. K\u00f5ik nimetatud andmebaasid on k\u00e4ttesaadavad ka TL\u00dc Akadeemilise Raamatukogu kodulehek\u00fcljelt (https:\/\/www.tlulib.ee\/andmebaasid\/meie-digitaalsed-kogud\/) ja v\u00f5imaldavad infot otsida autorite ja m\u00e4rks\u00f5nade j\u00e4rgi. Digiteeritud kujul (https:\/\/dea.digar.ee\/)\u00a0on k\u00e4ttesaadavad 9 v\u00e4liseesti ajalehte: Eesti Post (Saksamaa) Eesti P\u00e4evaleht (Rootsi) Eesti Teataja (Rootsi) Meie Kodu (Austraalia) Stockholms- Tidiningen Eestlastele (Rootsi) Teataja (Rootsi) Vaba Eesti S\u00f5na (USA) Vaba Eestlane (Kanada) V\u00f5itleja (Kanada) V\u00e4lis-Eesti (Rootsi) Keskus tegeleb ka uurimist\u00f6\u00f6ga, avaldades artikleid ja kogusid tutvustavaid v\u00e4ljaandeid. Tallinna \u00dclikooli Akadeemilises Raamatukogus laenutatakse kirjandust ja vastatakse lugejate p\u00e4ringutele esmasp\u00e4evast reedeni kella 10.00-18.00 aadressil Tallinn, R\u00e4vala pst 10, 3. korrus. E-post: tlulib@tlulib.ee, tel +372 6659 439.\" \/>\n<meta property=\"og:url\" content=\"https:\/\/www.balther.net\/et\/maluasutused\/eesti\/raamatukogud\/1839-2\/\" \/>\n<meta property=\"og:site_name\" content=\"BaltHerNet\" \/>\n<meta property=\"article:modified_time\" content=\"2023-03-17T14:26:36+00:00\" \/>\n<meta name=\"twitter:card\" content=\"summary_large_image\" \/>\n<meta name=\"twitter:label1\" content=\"Est. reading time\" \/>\n\t<meta name=\"twitter:data1\" content=\"1 minut\" \/>\n<script type=\"application\/ld+json\" class=\"yoast-schema-graph\">{\"@context\":\"https:\/\/schema.org\",\"@graph\":[{\"@type\":\"WebPage\",\"@id\":\"https:\/\/www.balther.net\/et\/maluasutused\/eesti\/raamatukogud\/1839-2\/\",\"url\":\"https:\/\/www.balther.net\/et\/maluasutused\/eesti\/raamatukogud\/1839-2\/\",\"name\":\"Tallinna \u00dclikooli Akadeemiline Raamatukogu - BaltHerNet\",\"isPartOf\":{\"@id\":\"https:\/\/www.balther.net\/#website\"},\"datePublished\":\"2016-01-03T16:07:31+00:00\",\"dateModified\":\"2023-03-17T14:26:36+00:00\",\"breadcrumb\":{\"@id\":\"https:\/\/www.balther.net\/et\/maluasutused\/eesti\/raamatukogud\/1839-2\/#breadcrumb\"},\"inLanguage\":\"et\",\"potentialAction\":[{\"@type\":\"ReadAction\",\"target\":[\"https:\/\/www.balther.net\/et\/maluasutused\/eesti\/raamatukogud\/1839-2\/\"]}]},{\"@type\":\"BreadcrumbList\",\"@id\":\"https:\/\/www.balther.net\/et\/maluasutused\/eesti\/raamatukogud\/1839-2\/#breadcrumb\",\"itemListElement\":[{\"@type\":\"ListItem\",\"position\":1,\"name\":\"Home\",\"item\":\"https:\/\/www.balther.net\/et\/\"},{\"@type\":\"ListItem\",\"position\":2,\"name\":\"M\u00e4luasutused\",\"item\":\"https:\/\/www.balther.net\/et\/maluasutused\/\"},{\"@type\":\"ListItem\",\"position\":3,\"name\":\"Eesti\",\"item\":\"https:\/\/www.balther.net\/et\/maluasutused\/eesti\/\"},{\"@type\":\"ListItem\",\"position\":4,\"name\":\"Raamatukogud\",\"item\":\"https:\/\/www.balther.net\/et\/maluasutused\/eesti\/raamatukogud\/\"},{\"@type\":\"ListItem\",\"position\":5,\"name\":\"Tallinna \u00dclikooli Akadeemiline Raamatukogu\"}]},{\"@type\":\"WebSite\",\"@id\":\"https:\/\/www.balther.net\/#website\",\"url\":\"https:\/\/www.balther.net\/\",\"name\":\"BaltHerNet\",\"description\":\"\",\"potentialAction\":[{\"@type\":\"SearchAction\",\"target\":{\"@type\":\"EntryPoint\",\"urlTemplate\":\"https:\/\/www.balther.net\/?s={search_term_string}\"},\"query-input\":{\"@type\":\"PropertyValueSpecification\",\"valueRequired\":true,\"valueName\":\"search_term_string\"}}],\"inLanguage\":\"et\"}]}<\/script>\n<!-- \/ Yoast SEO plugin. -->","yoast_head_json":{"title":"Tallinna \u00dclikooli Akadeemiline Raamatukogu - BaltHerNet","robots":{"index":"index","follow":"follow","max-snippet":"max-snippet:-1","max-image-preview":"max-image-preview:large","max-video-preview":"max-video-preview:-1"},"canonical":"https:\/\/www.balther.net\/et\/maluasutused\/eesti\/raamatukogud\/1839-2\/","og_locale":"et_EE","og_type":"article","og_title":"Tallinna \u00dclikooli Akadeemiline Raamatukogu - BaltHerNet","og_description":"Tallinna \u00dclikooli Akadeemiline Raamatukogu Tallinna \u00dclikooli Akadeemilise Raamatukogu v\u00e4liseesti kirjanduse keskuses on k\u00f5ige t\u00e4ielikum v\u00e4liseesti kirjanduse kogu Eestis. 2015. aasta alguseks on keskuse kogudes \u00fcle 38 tuhande tr\u00fckise, sh raamatuid \u00fcle 6000 nimetuse ja perioodikat ligi 800 nimetust, lisaks pisitr\u00fckised ja teadusseparaadid. Keskuses koostatakse mitmeid olulisi andmebaase \u2013veebis k\u00e4ttesaadav v\u00e4liseestlaste isikulooline andmebaas VEPER, mis sisaldab \u00fcle 1000 isiku eluloolisi andmeid. Andmebaas VEART on abiks v\u00e4liseesti perioodikas ilmunud artiklite leidmisel. Andmebaas VEILU sisaldab v\u00e4liseesti autorite v\u00f5\u00f5rkeeltesse t\u00f5lgitud ja v\u00f5\u00f5rkeeltes kirjutatud ilukirjanduslikke teoseid. K\u00f5ik nimetatud andmebaasid on k\u00e4ttesaadavad ka TL\u00dc Akadeemilise Raamatukogu kodulehek\u00fcljelt (https:\/\/www.tlulib.ee\/andmebaasid\/meie-digitaalsed-kogud\/) ja v\u00f5imaldavad infot otsida autorite ja m\u00e4rks\u00f5nade j\u00e4rgi. Digiteeritud kujul (https:\/\/dea.digar.ee\/)\u00a0on k\u00e4ttesaadavad 9 v\u00e4liseesti ajalehte: Eesti Post (Saksamaa) Eesti P\u00e4evaleht (Rootsi) Eesti Teataja (Rootsi) Meie Kodu (Austraalia) Stockholms- Tidiningen Eestlastele (Rootsi) Teataja (Rootsi) Vaba Eesti S\u00f5na (USA) Vaba Eestlane (Kanada) V\u00f5itleja (Kanada) V\u00e4lis-Eesti (Rootsi) Keskus tegeleb ka uurimist\u00f6\u00f6ga, avaldades artikleid ja kogusid tutvustavaid v\u00e4ljaandeid. Tallinna \u00dclikooli Akadeemilises Raamatukogus laenutatakse kirjandust ja vastatakse lugejate p\u00e4ringutele esmasp\u00e4evast reedeni kella 10.00-18.00 aadressil Tallinn, R\u00e4vala pst 10, 3. korrus. E-post: tlulib@tlulib.ee, tel +372 6659 439.","og_url":"https:\/\/www.balther.net\/et\/maluasutused\/eesti\/raamatukogud\/1839-2\/","og_site_name":"BaltHerNet","article_modified_time":"2023-03-17T14:26:36+00:00","twitter_card":"summary_large_image","twitter_misc":{"Est. reading time":"1 minut"},"schema":{"@context":"https:\/\/schema.org","@graph":[{"@type":"WebPage","@id":"https:\/\/www.balther.net\/et\/maluasutused\/eesti\/raamatukogud\/1839-2\/","url":"https:\/\/www.balther.net\/et\/maluasutused\/eesti\/raamatukogud\/1839-2\/","name":"Tallinna \u00dclikooli Akadeemiline Raamatukogu - BaltHerNet","isPartOf":{"@id":"https:\/\/www.balther.net\/#website"},"datePublished":"2016-01-03T16:07:31+00:00","dateModified":"2023-03-17T14:26:36+00:00","breadcrumb":{"@id":"https:\/\/www.balther.net\/et\/maluasutused\/eesti\/raamatukogud\/1839-2\/#breadcrumb"},"inLanguage":"et","potentialAction":[{"@type":"ReadAction","target":["https:\/\/www.balther.net\/et\/maluasutused\/eesti\/raamatukogud\/1839-2\/"]}]},{"@type":"BreadcrumbList","@id":"https:\/\/www.balther.net\/et\/maluasutused\/eesti\/raamatukogud\/1839-2\/#breadcrumb","itemListElement":[{"@type":"ListItem","position":1,"name":"Home","item":"https:\/\/www.balther.net\/et\/"},{"@type":"ListItem","position":2,"name":"M\u00e4luasutused","item":"https:\/\/www.balther.net\/et\/maluasutused\/"},{"@type":"ListItem","position":3,"name":"Eesti","item":"https:\/\/www.balther.net\/et\/maluasutused\/eesti\/"},{"@type":"ListItem","position":4,"name":"Raamatukogud","item":"https:\/\/www.balther.net\/et\/maluasutused\/eesti\/raamatukogud\/"},{"@type":"ListItem","position":5,"name":"Tallinna \u00dclikooli Akadeemiline Raamatukogu"}]},{"@type":"WebSite","@id":"https:\/\/www.balther.net\/#website","url":"https:\/\/www.balther.net\/","name":"BaltHerNet","description":"","potentialAction":[{"@type":"SearchAction","target":{"@type":"EntryPoint","urlTemplate":"https:\/\/www.balther.net\/?s={search_term_string}"},"query-input":{"@type":"PropertyValueSpecification","valueRequired":true,"valueName":"search_term_string"}}],"inLanguage":"et"}]}},"_links":{"self":[{"href":"https:\/\/www.balther.net\/et\/wp-json\/wp\/v2\/pages\/1839","targetHints":{"allow":["GET"]}}],"collection":[{"href":"https:\/\/www.balther.net\/et\/wp-json\/wp\/v2\/pages"}],"about":[{"href":"https:\/\/www.balther.net\/et\/wp-json\/wp\/v2\/types\/page"}],"author":[{"embeddable":true,"href":"https:\/\/www.balther.net\/et\/wp-json\/wp\/v2\/users\/7"}],"replies":[{"embeddable":true,"href":"https:\/\/www.balther.net\/et\/wp-json\/wp\/v2\/comments?post=1839"}],"version-history":[{"count":4,"href":"https:\/\/www.balther.net\/et\/wp-json\/wp\/v2\/pages\/1839\/revisions"}],"predecessor-version":[{"id":12760,"href":"https:\/\/www.balther.net\/et\/wp-json\/wp\/v2\/pages\/1839\/revisions\/12760"}],"up":[{"embeddable":true,"href":"https:\/\/www.balther.net\/et\/wp-json\/wp\/v2\/pages\/1477"}],"wp:attachment":[{"href":"https:\/\/www.balther.net\/et\/wp-json\/wp\/v2\/media?parent=1839"}],"curies":[{"name":"wp","href":"https:\/\/api.w.org\/{rel}","templated":true}]}}