{"id":1810,"date":"2016-01-03T14:52:07","date_gmt":"2016-01-03T14:52:07","guid":{"rendered":"http:\/\/uus.balther.net\/?page_id=1810&#038;lang=et"},"modified":"2019-11-14T16:43:09","modified_gmt":"2019-11-14T14:43:09","slug":"sport","status":"publish","type":"page","link":"https:\/\/www.balther.net\/et\/kasulikud-viited\/bibliograafiad\/sport\/","title":{"rendered":"Sport"},"content":{"rendered":"<h5>Sport<\/h5>\n<p style=\"text-align: justify;\"><strong>Raamatud <\/strong><br \/>\n\u2022 Eesti mastersport 1975\u20131990 = Estonian masters athletics \/ koost. Ermo Kulmar ; kaasautorid: Aarand Roos ja Alfred Skonberg. New York, 1991. 192 lk.<\/p>\n<p>\u2022 Eesti Noorte Meeste Kristlik \u00dching : \u00fclevaade NMK\u00dc-liikumisest Eestis aastail 1920\u22121940 ja seej\u00e4rel eksiilis. Toimetanud Herbert Niiler [et al.]. Zelienople (PA); Oregon (ILL); Stockholm : [s. n.], 1982 (Stockholm : Repro Print, 1987). 128 lk. : ill., portr.<\/p>\n<p style=\"text-align: justify;\">\u2022 Eesti Spordiliit USA&#8217;s : 1964-2004. USA, 2004. 40 lk.<\/p>\n<p style=\"text-align: justify;\">\u2022 L\u00e4\u00e4ne, Tiit. V\u00e4lis-Eesti spordielu 1940\u20131991 : Austraalias ja Uus-Meremaal, Saksamaal, Rootsis, Kanadas, USAs ja teistes riikides. Tallinn, 2000. 375 lk.<\/p>\n<p>\u2022 Niiler, Herbert. Herbert Niiler : Eesti korvpalli teerajaja lugu. Koostajad ja toimetajad Kalle Voolaid, Siim Randoja. Tartu : Eesti Spordi- ja Ol\u00fcmpiamuuseum ; [Tallinn] : Jutulind, 2019. 200 lk. : ill., portr.<\/p>\n<p>\u2022 Niiler, Herbert A. Estonia to America : my town, my work, my journey through chaotic times. Marshfield, Vermont : Niiler Family Publishing, 2015. xiii, 220 lk. : ill., portr.<\/p>\n<p style=\"text-align: justify;\">\u2022 Rahvuslik spordiajalooline juubel : Eesti Spordiselts Kalev Torontos 50 aastat 24. mai (28. aprill) 1951\u201324. mai 2001 \/ koost. Elmar Hermann. Toronto, 2002. 280 lk.<\/p>\n<p style=\"text-align: justify;\">\u2022 Roos, Aarand. Eesti kergej\u00f5ustiku pool sajandit paguluses. Tallinn, 1998 167 lk.<\/p>\n<p style=\"text-align: justify;\"><strong>Artiklid<\/strong><br \/>\n\u2022\u00a0Antons, Kaarel. Fantoommusket\u00e4r : vehkleja Jaan Veanes Eesti spordiloos. \u2013 Sport &amp; Muuseum, 2015 (5), 61-75.<\/p>\n<p>\u2022\u00a0Antons, Kaarel. V\u00e4lis-Eesti sport. &#8211; Antons, Kaarel; Voolaid, Kalle. Eesti spordi lugu. Toim. Kalle Voolaid. [Tartu] : Eesti Spordi- ja Ol\u00fcmpiamuuseum, [2018]. Lk. 281-289.<\/p>\n<p style=\"text-align: justify;\">\u2022\u00a0Randoja, Siim. Ol\u00fcmpias\u00f5udja Hugo Kuusiku elu keerdk\u00e4igud. \u2013 Sport &amp; Muuseum, 2015 (5), 3-16.<\/p>\n","protected":false},"excerpt":{"rendered":"<p>Sport Raamatud \u2022 Eesti mastersport 1975\u20131990 = Estonian masters athletics \/ koost. Ermo Kulmar ; kaasautorid: Aarand Roos ja Alfred Skonberg. New York, 1991. 192 lk. \u2022 Eesti Noorte Meeste Kristlik \u00dching : \u00fclevaade NMK\u00dc-liikumisest Eestis aastail 1920\u22121940 ja seej\u00e4rel eksiilis. Toimetanud Herbert Niiler [et al.]. Zelienople (PA); Oregon (ILL); Stockholm : [s. n.], 1982 (Stockholm : Repro Print, 1987). 128 lk. : ill., portr. \u2022 Eesti Spordiliit USA&#8217;s : 1964-2004. USA, 2004. 40 lk. \u2022 L\u00e4\u00e4ne, Tiit. V\u00e4lis-Eesti spordielu 1940\u20131991 : Austraalias ja Uus-Meremaal, Saksamaal, Rootsis, Kanadas, USAs ja teistes riikides. Tallinn, 2000. 375 lk. \u2022 Niiler, Herbert. Herbert Niiler : Eesti korvpalli teerajaja lugu. Koostajad ja toimetajad Kalle Voolaid, Siim Randoja. Tartu : Eesti Spordi- ja Ol\u00fcmpiamuuseum ; [Tallinn] : Jutulind, 2019. 200 lk. : ill., portr. \u2022 Niiler, Herbert A. Estonia to America : my town, my work, my journey through chaotic times. Marshfield, Vermont : Niiler Family Publishing, 2015. xiii, 220 lk. : ill., portr. \u2022 Rahvuslik spordiajalooline juubel : Eesti Spordiselts Kalev Torontos 50 aastat 24. mai (28. aprill) 1951\u201324. mai 2001 \/ koost. Elmar Hermann. Toronto, 2002. 280 lk. \u2022 Roos, Aarand. Eesti kergej\u00f5ustiku pool sajandit paguluses. Tallinn, 1998 167 lk. Artiklid \u2022\u00a0Antons, Kaarel. Fantoommusket\u00e4r : vehkleja Jaan Veanes Eesti spordiloos. \u2013 Sport &amp; Muuseum, 2015 (5), 61-75. \u2022\u00a0Antons, Kaarel. V\u00e4lis-Eesti sport. &#8211; Antons, Kaarel; Voolaid, Kalle. Eesti spordi lugu. Toim. Kalle Voolaid. [Tartu] : Eesti Spordi- ja Ol\u00fcmpiamuuseum, [2018]. Lk. 281-289. \u2022\u00a0Randoja, Siim. Ol\u00fcmpias\u00f5udja Hugo Kuusiku elu keerdk\u00e4igud. \u2013 Sport &amp; Muuseum, 2015 (5), 3-16.<\/p>\n","protected":false},"author":5,"featured_media":0,"parent":1019,"menu_order":12,"comment_status":"closed","ping_status":"closed","template":"","meta":{"_acf_changed":false,"_monsterinsights_skip_tracking":false,"_monsterinsights_sitenote_active":false,"_monsterinsights_sitenote_note":"","_monsterinsights_sitenote_category":0,"ngg_post_thumbnail":0,"footnotes":""},"class_list":["post-1810","page","type-page","status-publish","hentry"],"acf":[],"yoast_head":"<!-- This site is optimized with the Yoast SEO plugin v24.2 - https:\/\/yoast.com\/wordpress\/plugins\/seo\/ -->\n<title>Sport - BaltHerNet<\/title>\n<meta name=\"robots\" content=\"index, follow, max-snippet:-1, max-image-preview:large, max-video-preview:-1\" \/>\n<link rel=\"canonical\" href=\"https:\/\/www.balther.net\/et\/kasulikud-viited\/bibliograafiad\/sport\/\" \/>\n<meta property=\"og:locale\" content=\"et_EE\" \/>\n<meta property=\"og:type\" content=\"article\" \/>\n<meta property=\"og:title\" content=\"Sport - BaltHerNet\" \/>\n<meta property=\"og:description\" content=\"Sport Raamatud \u2022 Eesti mastersport 1975\u20131990 = Estonian masters athletics \/ koost. Ermo Kulmar ; kaasautorid: Aarand Roos ja Alfred Skonberg. New York, 1991. 192 lk. \u2022 Eesti Noorte Meeste Kristlik \u00dching : \u00fclevaade NMK\u00dc-liikumisest Eestis aastail 1920\u22121940 ja seej\u00e4rel eksiilis. Toimetanud Herbert Niiler [et al.]. Zelienople (PA); Oregon (ILL); Stockholm : [s. n.], 1982 (Stockholm : Repro Print, 1987). 128 lk. : ill., portr. \u2022 Eesti Spordiliit USA&#8217;s : 1964-2004. USA, 2004. 40 lk. \u2022 L\u00e4\u00e4ne, Tiit. V\u00e4lis-Eesti spordielu 1940\u20131991 : Austraalias ja Uus-Meremaal, Saksamaal, Rootsis, Kanadas, USAs ja teistes riikides. Tallinn, 2000. 375 lk. \u2022 Niiler, Herbert. Herbert Niiler : Eesti korvpalli teerajaja lugu. Koostajad ja toimetajad Kalle Voolaid, Siim Randoja. Tartu : Eesti Spordi- ja Ol\u00fcmpiamuuseum ; [Tallinn] : Jutulind, 2019. 200 lk. : ill., portr. \u2022 Niiler, Herbert A. Estonia to America : my town, my work, my journey through chaotic times. Marshfield, Vermont : Niiler Family Publishing, 2015. xiii, 220 lk. : ill., portr. \u2022 Rahvuslik spordiajalooline juubel : Eesti Spordiselts Kalev Torontos 50 aastat 24. mai (28. aprill) 1951\u201324. mai 2001 \/ koost. Elmar Hermann. Toronto, 2002. 280 lk. \u2022 Roos, Aarand. Eesti kergej\u00f5ustiku pool sajandit paguluses. Tallinn, 1998 167 lk. Artiklid \u2022\u00a0Antons, Kaarel. Fantoommusket\u00e4r : vehkleja Jaan Veanes Eesti spordiloos. \u2013 Sport &amp; Muuseum, 2015 (5), 61-75. \u2022\u00a0Antons, Kaarel. V\u00e4lis-Eesti sport. &#8211; Antons, Kaarel; Voolaid, Kalle. Eesti spordi lugu. Toim. Kalle Voolaid. [Tartu] : Eesti Spordi- ja Ol\u00fcmpiamuuseum, [2018]. Lk. 281-289. \u2022\u00a0Randoja, Siim. Ol\u00fcmpias\u00f5udja Hugo Kuusiku elu keerdk\u00e4igud. \u2013 Sport &amp; Muuseum, 2015 (5), 3-16.\" \/>\n<meta property=\"og:url\" content=\"https:\/\/www.balther.net\/et\/kasulikud-viited\/bibliograafiad\/sport\/\" \/>\n<meta property=\"og:site_name\" content=\"BaltHerNet\" \/>\n<meta property=\"article:modified_time\" content=\"2019-11-14T14:43:09+00:00\" \/>\n<meta name=\"twitter:card\" content=\"summary_large_image\" \/>\n<meta name=\"twitter:label1\" content=\"Est. reading time\" \/>\n\t<meta name=\"twitter:data1\" content=\"1 minut\" \/>\n<script type=\"application\/ld+json\" class=\"yoast-schema-graph\">{\"@context\":\"https:\/\/schema.org\",\"@graph\":[{\"@type\":\"WebPage\",\"@id\":\"https:\/\/www.balther.net\/et\/kasulikud-viited\/bibliograafiad\/sport\/\",\"url\":\"https:\/\/www.balther.net\/et\/kasulikud-viited\/bibliograafiad\/sport\/\",\"name\":\"Sport - BaltHerNet\",\"isPartOf\":{\"@id\":\"https:\/\/www.balther.net\/#website\"},\"datePublished\":\"2016-01-03T14:52:07+00:00\",\"dateModified\":\"2019-11-14T14:43:09+00:00\",\"breadcrumb\":{\"@id\":\"https:\/\/www.balther.net\/et\/kasulikud-viited\/bibliograafiad\/sport\/#breadcrumb\"},\"inLanguage\":\"et\",\"potentialAction\":[{\"@type\":\"ReadAction\",\"target\":[\"https:\/\/www.balther.net\/et\/kasulikud-viited\/bibliograafiad\/sport\/\"]}]},{\"@type\":\"BreadcrumbList\",\"@id\":\"https:\/\/www.balther.net\/et\/kasulikud-viited\/bibliograafiad\/sport\/#breadcrumb\",\"itemListElement\":[{\"@type\":\"ListItem\",\"position\":1,\"name\":\"Home\",\"item\":\"https:\/\/www.balther.net\/et\/\"},{\"@type\":\"ListItem\",\"position\":2,\"name\":\"Kasulikud viited\",\"item\":\"https:\/\/www.balther.net\/et\/kasulikud-viited\/\"},{\"@type\":\"ListItem\",\"position\":3,\"name\":\"Bibliograafiad\",\"item\":\"https:\/\/www.balther.net\/et\/kasulikud-viited\/bibliograafiad\/\"},{\"@type\":\"ListItem\",\"position\":4,\"name\":\"Sport\"}]},{\"@type\":\"WebSite\",\"@id\":\"https:\/\/www.balther.net\/#website\",\"url\":\"https:\/\/www.balther.net\/\",\"name\":\"BaltHerNet\",\"description\":\"\",\"potentialAction\":[{\"@type\":\"SearchAction\",\"target\":{\"@type\":\"EntryPoint\",\"urlTemplate\":\"https:\/\/www.balther.net\/?s={search_term_string}\"},\"query-input\":{\"@type\":\"PropertyValueSpecification\",\"valueRequired\":true,\"valueName\":\"search_term_string\"}}],\"inLanguage\":\"et\"}]}<\/script>\n<!-- \/ Yoast SEO plugin. -->","yoast_head_json":{"title":"Sport - BaltHerNet","robots":{"index":"index","follow":"follow","max-snippet":"max-snippet:-1","max-image-preview":"max-image-preview:large","max-video-preview":"max-video-preview:-1"},"canonical":"https:\/\/www.balther.net\/et\/kasulikud-viited\/bibliograafiad\/sport\/","og_locale":"et_EE","og_type":"article","og_title":"Sport - BaltHerNet","og_description":"Sport Raamatud \u2022 Eesti mastersport 1975\u20131990 = Estonian masters athletics \/ koost. Ermo Kulmar ; kaasautorid: Aarand Roos ja Alfred Skonberg. New York, 1991. 192 lk. \u2022 Eesti Noorte Meeste Kristlik \u00dching : \u00fclevaade NMK\u00dc-liikumisest Eestis aastail 1920\u22121940 ja seej\u00e4rel eksiilis. Toimetanud Herbert Niiler [et al.]. Zelienople (PA); Oregon (ILL); Stockholm : [s. n.], 1982 (Stockholm : Repro Print, 1987). 128 lk. : ill., portr. \u2022 Eesti Spordiliit USA&#8217;s : 1964-2004. USA, 2004. 40 lk. \u2022 L\u00e4\u00e4ne, Tiit. V\u00e4lis-Eesti spordielu 1940\u20131991 : Austraalias ja Uus-Meremaal, Saksamaal, Rootsis, Kanadas, USAs ja teistes riikides. Tallinn, 2000. 375 lk. \u2022 Niiler, Herbert. Herbert Niiler : Eesti korvpalli teerajaja lugu. Koostajad ja toimetajad Kalle Voolaid, Siim Randoja. Tartu : Eesti Spordi- ja Ol\u00fcmpiamuuseum ; [Tallinn] : Jutulind, 2019. 200 lk. : ill., portr. \u2022 Niiler, Herbert A. Estonia to America : my town, my work, my journey through chaotic times. Marshfield, Vermont : Niiler Family Publishing, 2015. xiii, 220 lk. : ill., portr. \u2022 Rahvuslik spordiajalooline juubel : Eesti Spordiselts Kalev Torontos 50 aastat 24. mai (28. aprill) 1951\u201324. mai 2001 \/ koost. Elmar Hermann. Toronto, 2002. 280 lk. \u2022 Roos, Aarand. Eesti kergej\u00f5ustiku pool sajandit paguluses. Tallinn, 1998 167 lk. Artiklid \u2022\u00a0Antons, Kaarel. Fantoommusket\u00e4r : vehkleja Jaan Veanes Eesti spordiloos. \u2013 Sport &amp; Muuseum, 2015 (5), 61-75. \u2022\u00a0Antons, Kaarel. V\u00e4lis-Eesti sport. &#8211; Antons, Kaarel; Voolaid, Kalle. Eesti spordi lugu. Toim. Kalle Voolaid. [Tartu] : Eesti Spordi- ja Ol\u00fcmpiamuuseum, [2018]. Lk. 281-289. \u2022\u00a0Randoja, Siim. Ol\u00fcmpias\u00f5udja Hugo Kuusiku elu keerdk\u00e4igud. \u2013 Sport &amp; Muuseum, 2015 (5), 3-16.","og_url":"https:\/\/www.balther.net\/et\/kasulikud-viited\/bibliograafiad\/sport\/","og_site_name":"BaltHerNet","article_modified_time":"2019-11-14T14:43:09+00:00","twitter_card":"summary_large_image","twitter_misc":{"Est. reading time":"1 minut"},"schema":{"@context":"https:\/\/schema.org","@graph":[{"@type":"WebPage","@id":"https:\/\/www.balther.net\/et\/kasulikud-viited\/bibliograafiad\/sport\/","url":"https:\/\/www.balther.net\/et\/kasulikud-viited\/bibliograafiad\/sport\/","name":"Sport - BaltHerNet","isPartOf":{"@id":"https:\/\/www.balther.net\/#website"},"datePublished":"2016-01-03T14:52:07+00:00","dateModified":"2019-11-14T14:43:09+00:00","breadcrumb":{"@id":"https:\/\/www.balther.net\/et\/kasulikud-viited\/bibliograafiad\/sport\/#breadcrumb"},"inLanguage":"et","potentialAction":[{"@type":"ReadAction","target":["https:\/\/www.balther.net\/et\/kasulikud-viited\/bibliograafiad\/sport\/"]}]},{"@type":"BreadcrumbList","@id":"https:\/\/www.balther.net\/et\/kasulikud-viited\/bibliograafiad\/sport\/#breadcrumb","itemListElement":[{"@type":"ListItem","position":1,"name":"Home","item":"https:\/\/www.balther.net\/et\/"},{"@type":"ListItem","position":2,"name":"Kasulikud viited","item":"https:\/\/www.balther.net\/et\/kasulikud-viited\/"},{"@type":"ListItem","position":3,"name":"Bibliograafiad","item":"https:\/\/www.balther.net\/et\/kasulikud-viited\/bibliograafiad\/"},{"@type":"ListItem","position":4,"name":"Sport"}]},{"@type":"WebSite","@id":"https:\/\/www.balther.net\/#website","url":"https:\/\/www.balther.net\/","name":"BaltHerNet","description":"","potentialAction":[{"@type":"SearchAction","target":{"@type":"EntryPoint","urlTemplate":"https:\/\/www.balther.net\/?s={search_term_string}"},"query-input":{"@type":"PropertyValueSpecification","valueRequired":true,"valueName":"search_term_string"}}],"inLanguage":"et"}]}},"_links":{"self":[{"href":"https:\/\/www.balther.net\/et\/wp-json\/wp\/v2\/pages\/1810","targetHints":{"allow":["GET"]}}],"collection":[{"href":"https:\/\/www.balther.net\/et\/wp-json\/wp\/v2\/pages"}],"about":[{"href":"https:\/\/www.balther.net\/et\/wp-json\/wp\/v2\/types\/page"}],"author":[{"embeddable":true,"href":"https:\/\/www.balther.net\/et\/wp-json\/wp\/v2\/users\/5"}],"replies":[{"embeddable":true,"href":"https:\/\/www.balther.net\/et\/wp-json\/wp\/v2\/comments?post=1810"}],"version-history":[{"count":8,"href":"https:\/\/www.balther.net\/et\/wp-json\/wp\/v2\/pages\/1810\/revisions"}],"predecessor-version":[{"id":10412,"href":"https:\/\/www.balther.net\/et\/wp-json\/wp\/v2\/pages\/1810\/revisions\/10412"}],"up":[{"embeddable":true,"href":"https:\/\/www.balther.net\/et\/wp-json\/wp\/v2\/pages\/1019"}],"wp:attachment":[{"href":"https:\/\/www.balther.net\/et\/wp-json\/wp\/v2\/media?parent=1810"}],"curies":[{"name":"wp","href":"https:\/\/api.w.org\/{rel}","templated":true}]}}