{"id":1808,"date":"2016-01-03T14:51:24","date_gmt":"2016-01-03T14:51:24","guid":{"rendered":"http:\/\/uus.balther.net\/?page_id=1808&#038;lang=et"},"modified":"2016-01-14T22:07:22","modified_gmt":"2016-01-14T22:07:22","slug":"teater","status":"publish","type":"page","link":"https:\/\/www.balther.net\/et\/kasulikud-viited\/bibliograafiad\/teater\/","title":{"rendered":"Teater"},"content":{"rendered":"<h5>Teater<\/h5>\n<p><strong>Raamatud <\/strong><br \/>\n\u2022 Eesti Rahvusteater [Kanadas] 1945-1970. [Kanada], 1970. 32 lk.<\/p>\n<p>\u2022 Els Vaarmann : m\u00e4lestusteos. Stockholm, 1976. 288 lk.<\/p>\n<p>\u2022 J\u00e4rv, Ants. V\u00e4liseestlaste teater ja draama. Tartu, 1991. 199 lk.<\/p>\n<p>\u2022 J\u00e4rv, Ants. V\u00e4liseesti teater : v\u00e4liseestlaste seltsi- ja teatritegevuse p\u00f5hijooni. Tartu : Vanemuise Seltsi Kirjastus, 2009. 536 lk., ill.<\/p>\n<p>\u2022 Mikk, Arne. Katkenud laulukaar. Tallinn, 2000. 155 lk.<\/p>\n<p>\u2022 Saarsen, Karin. Eesriie t\u00f5usis siiski : Lensi R\u00f6mmer-Kuus ja Eesti pagulasteater Rootsis 1945\u20131987. Tallinn : Faatum, 2000. 280 lk.<\/p>\n","protected":false},"excerpt":{"rendered":"<p>Teater Raamatud \u2022 Eesti Rahvusteater [Kanadas] 1945-1970. [Kanada], 1970. 32 lk. \u2022 Els Vaarmann : m\u00e4lestusteos. Stockholm, 1976. 288 lk. \u2022 J\u00e4rv, Ants. V\u00e4liseestlaste teater ja draama. Tartu, 1991. 199 lk. \u2022 J\u00e4rv, Ants. V\u00e4liseesti teater : v\u00e4liseestlaste seltsi- ja teatritegevuse p\u00f5hijooni. Tartu : Vanemuise Seltsi Kirjastus, 2009. 536 lk., ill. \u2022 Mikk, Arne. Katkenud laulukaar. Tallinn, 2000. 155 lk. \u2022 Saarsen, Karin. Eesriie t\u00f5usis siiski : Lensi R\u00f6mmer-Kuus ja Eesti pagulasteater Rootsis 1945\u20131987. Tallinn : Faatum, 2000. 280 lk.<\/p>\n","protected":false},"author":5,"featured_media":0,"parent":1019,"menu_order":11,"comment_status":"closed","ping_status":"closed","template":"","meta":{"_acf_changed":false,"_monsterinsights_skip_tracking":false,"_monsterinsights_sitenote_active":false,"_monsterinsights_sitenote_note":"","_monsterinsights_sitenote_category":0,"ngg_post_thumbnail":0,"footnotes":""},"class_list":["post-1808","page","type-page","status-publish","hentry"],"acf":[],"yoast_head":"<!-- This site is optimized with the Yoast SEO plugin v24.2 - https:\/\/yoast.com\/wordpress\/plugins\/seo\/ -->\n<title>Teater - BaltHerNet<\/title>\n<meta name=\"robots\" content=\"index, follow, max-snippet:-1, max-image-preview:large, max-video-preview:-1\" \/>\n<link rel=\"canonical\" href=\"https:\/\/www.balther.net\/et\/kasulikud-viited\/bibliograafiad\/teater\/\" \/>\n<meta property=\"og:locale\" content=\"et_EE\" \/>\n<meta property=\"og:type\" content=\"article\" \/>\n<meta property=\"og:title\" content=\"Teater - BaltHerNet\" \/>\n<meta property=\"og:description\" content=\"Teater Raamatud \u2022 Eesti Rahvusteater [Kanadas] 1945-1970. [Kanada], 1970. 32 lk. \u2022 Els Vaarmann : m\u00e4lestusteos. Stockholm, 1976. 288 lk. \u2022 J\u00e4rv, Ants. V\u00e4liseestlaste teater ja draama. Tartu, 1991. 199 lk. \u2022 J\u00e4rv, Ants. V\u00e4liseesti teater : v\u00e4liseestlaste seltsi- ja teatritegevuse p\u00f5hijooni. Tartu : Vanemuise Seltsi Kirjastus, 2009. 536 lk., ill. \u2022 Mikk, Arne. Katkenud laulukaar. Tallinn, 2000. 155 lk. \u2022 Saarsen, Karin. Eesriie t\u00f5usis siiski : Lensi R\u00f6mmer-Kuus ja Eesti pagulasteater Rootsis 1945\u20131987. Tallinn : Faatum, 2000. 280 lk.\" \/>\n<meta property=\"og:url\" content=\"https:\/\/www.balther.net\/et\/kasulikud-viited\/bibliograafiad\/teater\/\" \/>\n<meta property=\"og:site_name\" content=\"BaltHerNet\" \/>\n<meta property=\"article:modified_time\" content=\"2016-01-14T22:07:22+00:00\" \/>\n<meta name=\"twitter:card\" content=\"summary_large_image\" \/>\n<script type=\"application\/ld+json\" class=\"yoast-schema-graph\">{\"@context\":\"https:\/\/schema.org\",\"@graph\":[{\"@type\":\"WebPage\",\"@id\":\"https:\/\/www.balther.net\/et\/kasulikud-viited\/bibliograafiad\/teater\/\",\"url\":\"https:\/\/www.balther.net\/et\/kasulikud-viited\/bibliograafiad\/teater\/\",\"name\":\"Teater - BaltHerNet\",\"isPartOf\":{\"@id\":\"https:\/\/www.balther.net\/#website\"},\"datePublished\":\"2016-01-03T14:51:24+00:00\",\"dateModified\":\"2016-01-14T22:07:22+00:00\",\"breadcrumb\":{\"@id\":\"https:\/\/www.balther.net\/et\/kasulikud-viited\/bibliograafiad\/teater\/#breadcrumb\"},\"inLanguage\":\"et\",\"potentialAction\":[{\"@type\":\"ReadAction\",\"target\":[\"https:\/\/www.balther.net\/et\/kasulikud-viited\/bibliograafiad\/teater\/\"]}]},{\"@type\":\"BreadcrumbList\",\"@id\":\"https:\/\/www.balther.net\/et\/kasulikud-viited\/bibliograafiad\/teater\/#breadcrumb\",\"itemListElement\":[{\"@type\":\"ListItem\",\"position\":1,\"name\":\"Home\",\"item\":\"https:\/\/www.balther.net\/et\/\"},{\"@type\":\"ListItem\",\"position\":2,\"name\":\"Kasulikud viited\",\"item\":\"https:\/\/www.balther.net\/et\/kasulikud-viited\/\"},{\"@type\":\"ListItem\",\"position\":3,\"name\":\"Bibliograafiad\",\"item\":\"https:\/\/www.balther.net\/et\/kasulikud-viited\/bibliograafiad\/\"},{\"@type\":\"ListItem\",\"position\":4,\"name\":\"Teater\"}]},{\"@type\":\"WebSite\",\"@id\":\"https:\/\/www.balther.net\/#website\",\"url\":\"https:\/\/www.balther.net\/\",\"name\":\"BaltHerNet\",\"description\":\"\",\"potentialAction\":[{\"@type\":\"SearchAction\",\"target\":{\"@type\":\"EntryPoint\",\"urlTemplate\":\"https:\/\/www.balther.net\/?s={search_term_string}\"},\"query-input\":{\"@type\":\"PropertyValueSpecification\",\"valueRequired\":true,\"valueName\":\"search_term_string\"}}],\"inLanguage\":\"et\"}]}<\/script>\n<!-- \/ Yoast SEO plugin. -->","yoast_head_json":{"title":"Teater - BaltHerNet","robots":{"index":"index","follow":"follow","max-snippet":"max-snippet:-1","max-image-preview":"max-image-preview:large","max-video-preview":"max-video-preview:-1"},"canonical":"https:\/\/www.balther.net\/et\/kasulikud-viited\/bibliograafiad\/teater\/","og_locale":"et_EE","og_type":"article","og_title":"Teater - BaltHerNet","og_description":"Teater Raamatud \u2022 Eesti Rahvusteater [Kanadas] 1945-1970. [Kanada], 1970. 32 lk. \u2022 Els Vaarmann : m\u00e4lestusteos. Stockholm, 1976. 288 lk. \u2022 J\u00e4rv, Ants. V\u00e4liseestlaste teater ja draama. Tartu, 1991. 199 lk. \u2022 J\u00e4rv, Ants. V\u00e4liseesti teater : v\u00e4liseestlaste seltsi- ja teatritegevuse p\u00f5hijooni. Tartu : Vanemuise Seltsi Kirjastus, 2009. 536 lk., ill. \u2022 Mikk, Arne. Katkenud laulukaar. Tallinn, 2000. 155 lk. \u2022 Saarsen, Karin. Eesriie t\u00f5usis siiski : Lensi R\u00f6mmer-Kuus ja Eesti pagulasteater Rootsis 1945\u20131987. Tallinn : Faatum, 2000. 280 lk.","og_url":"https:\/\/www.balther.net\/et\/kasulikud-viited\/bibliograafiad\/teater\/","og_site_name":"BaltHerNet","article_modified_time":"2016-01-14T22:07:22+00:00","twitter_card":"summary_large_image","schema":{"@context":"https:\/\/schema.org","@graph":[{"@type":"WebPage","@id":"https:\/\/www.balther.net\/et\/kasulikud-viited\/bibliograafiad\/teater\/","url":"https:\/\/www.balther.net\/et\/kasulikud-viited\/bibliograafiad\/teater\/","name":"Teater - BaltHerNet","isPartOf":{"@id":"https:\/\/www.balther.net\/#website"},"datePublished":"2016-01-03T14:51:24+00:00","dateModified":"2016-01-14T22:07:22+00:00","breadcrumb":{"@id":"https:\/\/www.balther.net\/et\/kasulikud-viited\/bibliograafiad\/teater\/#breadcrumb"},"inLanguage":"et","potentialAction":[{"@type":"ReadAction","target":["https:\/\/www.balther.net\/et\/kasulikud-viited\/bibliograafiad\/teater\/"]}]},{"@type":"BreadcrumbList","@id":"https:\/\/www.balther.net\/et\/kasulikud-viited\/bibliograafiad\/teater\/#breadcrumb","itemListElement":[{"@type":"ListItem","position":1,"name":"Home","item":"https:\/\/www.balther.net\/et\/"},{"@type":"ListItem","position":2,"name":"Kasulikud viited","item":"https:\/\/www.balther.net\/et\/kasulikud-viited\/"},{"@type":"ListItem","position":3,"name":"Bibliograafiad","item":"https:\/\/www.balther.net\/et\/kasulikud-viited\/bibliograafiad\/"},{"@type":"ListItem","position":4,"name":"Teater"}]},{"@type":"WebSite","@id":"https:\/\/www.balther.net\/#website","url":"https:\/\/www.balther.net\/","name":"BaltHerNet","description":"","potentialAction":[{"@type":"SearchAction","target":{"@type":"EntryPoint","urlTemplate":"https:\/\/www.balther.net\/?s={search_term_string}"},"query-input":{"@type":"PropertyValueSpecification","valueRequired":true,"valueName":"search_term_string"}}],"inLanguage":"et"}]}},"_links":{"self":[{"href":"https:\/\/www.balther.net\/et\/wp-json\/wp\/v2\/pages\/1808","targetHints":{"allow":["GET"]}}],"collection":[{"href":"https:\/\/www.balther.net\/et\/wp-json\/wp\/v2\/pages"}],"about":[{"href":"https:\/\/www.balther.net\/et\/wp-json\/wp\/v2\/types\/page"}],"author":[{"embeddable":true,"href":"https:\/\/www.balther.net\/et\/wp-json\/wp\/v2\/users\/5"}],"replies":[{"embeddable":true,"href":"https:\/\/www.balther.net\/et\/wp-json\/wp\/v2\/comments?post=1808"}],"version-history":[{"count":2,"href":"https:\/\/www.balther.net\/et\/wp-json\/wp\/v2\/pages\/1808\/revisions"}],"predecessor-version":[{"id":2656,"href":"https:\/\/www.balther.net\/et\/wp-json\/wp\/v2\/pages\/1808\/revisions\/2656"}],"up":[{"embeddable":true,"href":"https:\/\/www.balther.net\/et\/wp-json\/wp\/v2\/pages\/1019"}],"wp:attachment":[{"href":"https:\/\/www.balther.net\/et\/wp-json\/wp\/v2\/media?parent=1808"}],"curies":[{"name":"wp","href":"https:\/\/api.w.org\/{rel}","templated":true}]}}