{"id":1792,"date":"2016-01-03T14:44:09","date_gmt":"2016-01-03T14:44:09","guid":{"rendered":"http:\/\/uus.balther.net\/?page_id=1792&#038;lang=et"},"modified":"2025-02-02T23:18:49","modified_gmt":"2025-02-02T21:18:49","slug":"isikubibliograafiad","status":"publish","type":"page","link":"https:\/\/www.balther.net\/et\/kasulikud-viited\/bibliograafiad\/isikubibliograafiad\/","title":{"rendered":"Isikubibliograafiad"},"content":{"rendered":"<h5>Isikubibliograafiad<\/h5>\n<p style=\"text-align: justify;\">\u2022 Aarand Roos : bibliograafia kommentaaridega \/ koost. A. Roos. Tallinn, 2000. 16 lk.<\/p>\n<p>\u2022 Agr. dr. Joosep N\u00f5u, p\u00f5llumajandus\u00f6konoomika dotsent Rootsi P\u00f5llumajandus\u00fclikoolis, Uppsalas Rootsis, endine p\u00f5llut\u00f6\u00f6koolide peainspektor Eestis : biograafia ja teaduslike ja teiste t\u00f6\u00f6de bibliograafia = Agr. dr. Joosep N\u00f5u, docent i lantbruksekonomi vid Lantbruksh\u00f6gskolan, Uppsala, Sverige, f\u00f6re detta lantbruksskolornas generalinspekt\u00f6r i Estland : biografi och bibliografi \u00f6ver vetenskapliga och andra arbeten \/ koost. Enn N\u00f5u. Uppsala, 2004. 66 lk.<\/p>\n<p>\u2022 Ankruketi l\u00f5pp on bibliograafia algus : Ilmar Laabani tegude loend = The end of the anchor chain is the beginning of the bibliography : list of Ilmar Laaban\u2019s works. Koostajad Aino Tamj\u00e4rv, Jaan Malin, toimetaja Anneli Sepp. Tartu : Tartu \u00dclikooli Kirjastus, 2021. 333 lk.<\/p>\n<p>\u2022 August M\u00e4lk : personaalnimestik \/ koost. Anne Valmas. Tallinn, 1991. 194 lk.<\/p>\n<p>\u2022 Eduard Tubin : bibliograafia. 1. osa, 1928\u20131944. Tallinn, 1995. 129 lk.<\/p>\n<p>\u2022 Eduard Tubin : bibliograafia. 2. osa, 1944\u20131982. Tallinn, 1997. 319 lk.<\/p>\n<p>\u2022 Eduard Tubin : bibliograafia. 3. osa, 1983\u20131997. Tallinn, 1998. 215 lk.<\/p>\n<p>\u2022 Eerik Haameri bibliograafia \/ Eesti Kirjandusmuuseumi Arhiivraamatukogu ; koostaja Annemaria Onoper. Tartu : Eesti Kirjandusmuuseum, 2008. 90 lk.<\/p>\n<p>\u2022 Enn N\u00f5u biograafia \/ koost. Enn N\u00f5u. Uppsala, 2004. 107 l.<\/p>\n<p>\u2022 Enn N\u00f5u biograafia \/ koost. Enn N\u00f5u. Uppsala, 2013. 176 l.<\/p>\n<p>\u2022 Enn N\u00f5u biograafia. Koostaja Enn N\u00f5u. Uppsala, 2022. 209 lk. (pdf-fail Eesti Rahvusraamatukogu veebiarhiivis <a href=\"http:\/\/www.digar.ee\/id\/nlib-digar:715740\" target=\"_blank\" rel=\"noopener\">DIGAR<\/a>)<\/p>\n<p>\u2022 Gustav Suits : personaalbibliograafia. Fondinimestik \/ koost. K\u00fclli Tamkivi, Tiina Koiva, Krista Pisuke. Tartu, 1998. 334 lk.<\/p>\n<p>\u2022 Helga N\u00f5u biograafia. \/ koost. Enn N\u00f5u. Uppsala, 2004. 142 l.<\/p>\n<p>\u2022 Helga N\u00f5u biograafia. \/ koost. Enn N\u00f5u. Uppsala, 2013. 209 l.<\/p>\n<p>\u2022 Helga N\u00f5u biograafia. Koostaja Enn N\u00f5u. Uppsala, 2022. 252 lk. (pdf-fail Eesti Rahvusraamatukogu veebiarhiivis <a href=\"http:\/\/www.digar.ee\/id\/nlib-digar:715738\" target=\"_blank\" rel=\"noopener\">DIGAR<\/a>)<\/p>\n<p>\u2022 Hellar Grabbi : bibliograafia \/ koost. Anne Valmas ; toimetaja Aita Kraut ; kujundaja Tiia Eikholm. Tallinn : Teaduste Akadeemia Kirjastus, 2013. 129 lk.<\/p>\n<p>\u2022 Ilmar Talve : bibliografia : 1934\u20131998 : LXXX annorum 17.1.1999. toim. Timo J. Virtanen. Turku, 1999. 67 lk.<\/p>\n<p>\u2022 Ilo K\u00e4bin : [arstiteadlane] : bibliograafia 1940\u20131999 \/ koost. Aive Haljand. Tallinn, 2000. 22 l.<\/p>\n<p>\u2022 Ivar Ivaski personaalbibliograafia \/ koost. Mari Tarvas; toim. Heldur Niit ja Tiina Hallik. Tallinn : Keel ja Kirjandus, 2006. 119 lk., ill.<\/p>\n<p>\u2022 J\u00fcri Kaude. Radioloogia minu elus : m\u00f5tteid ja meenutusi: [teadust\u00f6\u00f6de bibliograafia]. Tartu, 2007. 48 lk.<\/p>\n<p>\u2022 Kaarel Liidak : tema t\u00f6\u00f6st ja ideoloogiast \/ koost. Aksel Mark. Uppsala, 1985. 40 lk.<\/p>\n<p>\u2022 Kalju Lepik : bibliograafia \/ koost. Anne Valmas ja Anne Klaassen. Tallinn, 2000. 224 lk.<\/p>\n<p>\u2022 Karl Ast : [kirjanik ja poliitikategelane : 1886-1971] : kirjanduse valiknimestik \/ koost. Kristiina Jaansen, Mare Kurvet. Tallinn] : Eesti Rahvusraamatukogu, 2006. 85 l.<\/p>\n<p>\u2022 Karl Ristikivi : personaalnimestik \/ koost Anne Valmas ja Vallo Kelder. Tallinn, 1992. 140 lk.<\/p>\n<p>\u2022 Marie Under : personaalnimestik \/ koost. Anne Valmas ja Vallo Kelder. Tallinn, 1994. 240 lk.<\/p>\n<p>\u2022 Peeter Lindsaare bibliograafia = Bibliography \/ koost. Peeter Lindsaar. Sydney, 1987. 68 lk.<\/p>\n<p>\u2022 Pilgup\u00fc\u00fcdja. Vello Muikma elu ja looming \/Eye Catcher. The Life and Work of Vello Muikma. Koostajad: Ellu Maar, Piret Noorhani. T\u00f5lge inglise keelde: Juta Ristsoo. Kujundaja: Liina Siib. V\u00e4ljaandja: Eesti \u00d5ppet\u00f6\u00f6 Keskus \/ Estonian Studies Centre \/ VEMU. Toronto, 2016. 255 lk.<\/p>\n<p>\u2022 Professor Anton N\u00f5mmik : tema elust ja t\u00f6\u00f6st \/ koost. Kaarel Vahtras. Uppsala, 1975. 40 lk.<\/p>\n<p>\u2022 Valev Uibopuu 19.10.1913 &#8211; 18.03.1997 : bibliograafia \/ koost. Maie Elstein. V\u00f5ru : V\u00f5rumaa Keskraamatukogu, 2013. 90 lk.<\/p>\n","protected":false},"excerpt":{"rendered":"<p>Isikubibliograafiad \u2022 Aarand Roos : bibliograafia kommentaaridega \/ koost. A. Roos. Tallinn, 2000. 16 lk. \u2022 Agr. dr. Joosep N\u00f5u, p\u00f5llumajandus\u00f6konoomika dotsent Rootsi P\u00f5llumajandus\u00fclikoolis, Uppsalas Rootsis, endine p\u00f5llut\u00f6\u00f6koolide peainspektor Eestis : biograafia ja teaduslike ja teiste t\u00f6\u00f6de bibliograafia = Agr. dr. Joosep N\u00f5u, docent i lantbruksekonomi vid Lantbruksh\u00f6gskolan, Uppsala, Sverige, f\u00f6re detta lantbruksskolornas generalinspekt\u00f6r i Estland : biografi och bibliografi \u00f6ver vetenskapliga och andra arbeten \/ koost. Enn N\u00f5u. Uppsala, 2004. 66 lk. \u2022 Ankruketi l\u00f5pp on bibliograafia algus : Ilmar Laabani tegude loend = The end of the anchor chain is the beginning of the bibliography : list of Ilmar Laaban\u2019s works. Koostajad Aino Tamj\u00e4rv, Jaan Malin, toimetaja Anneli Sepp. Tartu : Tartu \u00dclikooli Kirjastus, 2021. 333 lk. \u2022 August M\u00e4lk : personaalnimestik \/ koost. Anne Valmas. Tallinn, 1991. 194 lk. \u2022 Eduard Tubin : bibliograafia. 1. osa, 1928\u20131944. Tallinn, 1995. 129 lk. \u2022 Eduard Tubin : bibliograafia. 2. osa, 1944\u20131982. Tallinn, 1997. 319 lk. \u2022 Eduard Tubin : bibliograafia. 3. osa, 1983\u20131997. Tallinn, 1998. 215 lk. \u2022 Eerik Haameri bibliograafia \/ Eesti Kirjandusmuuseumi Arhiivraamatukogu ; koostaja Annemaria Onoper. Tartu : Eesti Kirjandusmuuseum, 2008. 90 lk. \u2022 Enn N\u00f5u biograafia \/ koost. Enn N\u00f5u. Uppsala, 2004. 107 l. \u2022 Enn N\u00f5u biograafia \/ koost. Enn N\u00f5u. Uppsala, 2013. 176 l. \u2022 Enn N\u00f5u biograafia. Koostaja Enn N\u00f5u. Uppsala, 2022. 209 lk. (pdf-fail Eesti Rahvusraamatukogu veebiarhiivis DIGAR) \u2022 Gustav Suits : personaalbibliograafia. Fondinimestik \/ koost. K\u00fclli Tamkivi, Tiina Koiva, Krista Pisuke. Tartu, 1998. 334 lk. \u2022 Helga N\u00f5u biograafia. \/ koost. Enn N\u00f5u. Uppsala, 2004. 142 l. \u2022 Helga N\u00f5u biograafia. \/ koost. Enn N\u00f5u. Uppsala, 2013. 209 l. \u2022 Helga N\u00f5u biograafia. Koostaja Enn N\u00f5u. Uppsala, 2022. 252 lk. (pdf-fail Eesti Rahvusraamatukogu veebiarhiivis DIGAR) \u2022 Hellar Grabbi : bibliograafia \/ koost. Anne Valmas ; toimetaja Aita Kraut ; kujundaja Tiia Eikholm. Tallinn : Teaduste Akadeemia Kirjastus, 2013. 129 lk. \u2022 Ilmar Talve : bibliografia : 1934\u20131998 : LXXX annorum 17.1.1999. toim. Timo J. Virtanen. Turku, 1999. 67 lk. \u2022 Ilo K\u00e4bin : [arstiteadlane] : bibliograafia 1940\u20131999 \/ koost. Aive Haljand. Tallinn, 2000. 22 l. \u2022 Ivar Ivaski personaalbibliograafia \/ koost. Mari Tarvas; toim. Heldur Niit ja Tiina Hallik. Tallinn : Keel ja Kirjandus, 2006. 119 lk., ill. \u2022 J\u00fcri Kaude. Radioloogia minu elus : m\u00f5tteid ja meenutusi: [teadust\u00f6\u00f6de bibliograafia]. Tartu, 2007. 48 lk. \u2022 Kaarel Liidak : tema t\u00f6\u00f6st ja ideoloogiast \/ koost. Aksel Mark. Uppsala, 1985. 40 lk. \u2022 Kalju Lepik : bibliograafia \/ koost. Anne Valmas ja Anne Klaassen. Tallinn, 2000. 224 lk. \u2022 Karl Ast : [kirjanik ja poliitikategelane : 1886-1971] : kirjanduse valiknimestik \/ koost. Kristiina Jaansen, Mare Kurvet. Tallinn] : Eesti Rahvusraamatukogu, 2006. 85 l. \u2022 Karl Ristikivi : personaalnimestik \/ koost Anne Valmas ja Vallo Kelder. Tallinn, 1992. 140 lk. \u2022 Marie Under : personaalnimestik \/ koost. Anne Valmas ja Vallo Kelder. Tallinn, 1994. 240 lk. \u2022 Peeter Lindsaare bibliograafia = Bibliography \/ koost. Peeter Lindsaar. Sydney, 1987. 68 lk. \u2022 Pilgup\u00fc\u00fcdja. Vello Muikma elu ja looming \/Eye Catcher. The Life and Work of Vello Muikma. Koostajad: Ellu Maar, Piret Noorhani. T\u00f5lge inglise keelde: Juta Ristsoo. Kujundaja: Liina Siib. V\u00e4ljaandja: Eesti \u00d5ppet\u00f6\u00f6 Keskus \/ Estonian Studies Centre \/ VEMU. Toronto, 2016. 255 lk. \u2022 Professor Anton N\u00f5mmik : tema elust ja t\u00f6\u00f6st \/ koost. Kaarel Vahtras. Uppsala, 1975. 40 lk. \u2022 Valev Uibopuu 19.10.1913 &#8211; 18.03.1997 : bibliograafia \/ koost. Maie Elstein. V\u00f5ru : V\u00f5rumaa Keskraamatukogu, 2013. 90 lk.<\/p>\n","protected":false},"author":5,"featured_media":0,"parent":1019,"menu_order":3,"comment_status":"closed","ping_status":"closed","template":"","meta":{"_acf_changed":false,"_monsterinsights_skip_tracking":false,"_monsterinsights_sitenote_active":false,"_monsterinsights_sitenote_note":"","_monsterinsights_sitenote_category":0,"ngg_post_thumbnail":0,"footnotes":""},"class_list":["post-1792","page","type-page","status-publish","hentry"],"acf":[],"yoast_head":"<!-- This site is optimized with the Yoast SEO plugin v24.2 - https:\/\/yoast.com\/wordpress\/plugins\/seo\/ -->\n<title>Isikubibliograafiad - BaltHerNet<\/title>\n<meta name=\"robots\" content=\"index, follow, max-snippet:-1, max-image-preview:large, max-video-preview:-1\" \/>\n<link rel=\"canonical\" href=\"https:\/\/www.balther.net\/et\/kasulikud-viited\/bibliograafiad\/isikubibliograafiad\/\" \/>\n<meta property=\"og:locale\" content=\"et_EE\" \/>\n<meta property=\"og:type\" content=\"article\" \/>\n<meta property=\"og:title\" content=\"Isikubibliograafiad - BaltHerNet\" \/>\n<meta property=\"og:description\" content=\"Isikubibliograafiad \u2022 Aarand Roos : bibliograafia kommentaaridega \/ koost. A. Roos. Tallinn, 2000. 16 lk. \u2022 Agr. dr. Joosep N\u00f5u, p\u00f5llumajandus\u00f6konoomika dotsent Rootsi P\u00f5llumajandus\u00fclikoolis, Uppsalas Rootsis, endine p\u00f5llut\u00f6\u00f6koolide peainspektor Eestis : biograafia ja teaduslike ja teiste t\u00f6\u00f6de bibliograafia = Agr. dr. Joosep N\u00f5u, docent i lantbruksekonomi vid Lantbruksh\u00f6gskolan, Uppsala, Sverige, f\u00f6re detta lantbruksskolornas generalinspekt\u00f6r i Estland : biografi och bibliografi \u00f6ver vetenskapliga och andra arbeten \/ koost. Enn N\u00f5u. Uppsala, 2004. 66 lk. \u2022 Ankruketi l\u00f5pp on bibliograafia algus : Ilmar Laabani tegude loend = The end of the anchor chain is the beginning of the bibliography : list of Ilmar Laaban\u2019s works. Koostajad Aino Tamj\u00e4rv, Jaan Malin, toimetaja Anneli Sepp. Tartu : Tartu \u00dclikooli Kirjastus, 2021. 333 lk. \u2022 August M\u00e4lk : personaalnimestik \/ koost. Anne Valmas. Tallinn, 1991. 194 lk. \u2022 Eduard Tubin : bibliograafia. 1. osa, 1928\u20131944. Tallinn, 1995. 129 lk. \u2022 Eduard Tubin : bibliograafia. 2. osa, 1944\u20131982. Tallinn, 1997. 319 lk. \u2022 Eduard Tubin : bibliograafia. 3. osa, 1983\u20131997. Tallinn, 1998. 215 lk. \u2022 Eerik Haameri bibliograafia \/ Eesti Kirjandusmuuseumi Arhiivraamatukogu ; koostaja Annemaria Onoper. Tartu : Eesti Kirjandusmuuseum, 2008. 90 lk. \u2022 Enn N\u00f5u biograafia \/ koost. Enn N\u00f5u. Uppsala, 2004. 107 l. \u2022 Enn N\u00f5u biograafia \/ koost. Enn N\u00f5u. Uppsala, 2013. 176 l. \u2022 Enn N\u00f5u biograafia. Koostaja Enn N\u00f5u. Uppsala, 2022. 209 lk. (pdf-fail Eesti Rahvusraamatukogu veebiarhiivis DIGAR) \u2022 Gustav Suits : personaalbibliograafia. Fondinimestik \/ koost. K\u00fclli Tamkivi, Tiina Koiva, Krista Pisuke. Tartu, 1998. 334 lk. \u2022 Helga N\u00f5u biograafia. \/ koost. Enn N\u00f5u. Uppsala, 2004. 142 l. \u2022 Helga N\u00f5u biograafia. \/ koost. Enn N\u00f5u. Uppsala, 2013. 209 l. \u2022 Helga N\u00f5u biograafia. Koostaja Enn N\u00f5u. Uppsala, 2022. 252 lk. (pdf-fail Eesti Rahvusraamatukogu veebiarhiivis DIGAR) \u2022 Hellar Grabbi : bibliograafia \/ koost. Anne Valmas ; toimetaja Aita Kraut ; kujundaja Tiia Eikholm. Tallinn : Teaduste Akadeemia Kirjastus, 2013. 129 lk. \u2022 Ilmar Talve : bibliografia : 1934\u20131998 : LXXX annorum 17.1.1999. toim. Timo J. Virtanen. Turku, 1999. 67 lk. \u2022 Ilo K\u00e4bin : [arstiteadlane] : bibliograafia 1940\u20131999 \/ koost. Aive Haljand. Tallinn, 2000. 22 l. \u2022 Ivar Ivaski personaalbibliograafia \/ koost. Mari Tarvas; toim. Heldur Niit ja Tiina Hallik. Tallinn : Keel ja Kirjandus, 2006. 119 lk., ill. \u2022 J\u00fcri Kaude. Radioloogia minu elus : m\u00f5tteid ja meenutusi: [teadust\u00f6\u00f6de bibliograafia]. Tartu, 2007. 48 lk. \u2022 Kaarel Liidak : tema t\u00f6\u00f6st ja ideoloogiast \/ koost. Aksel Mark. Uppsala, 1985. 40 lk. \u2022 Kalju Lepik : bibliograafia \/ koost. Anne Valmas ja Anne Klaassen. Tallinn, 2000. 224 lk. \u2022 Karl Ast : [kirjanik ja poliitikategelane : 1886-1971] : kirjanduse valiknimestik \/ koost. Kristiina Jaansen, Mare Kurvet. Tallinn] : Eesti Rahvusraamatukogu, 2006. 85 l. \u2022 Karl Ristikivi : personaalnimestik \/ koost Anne Valmas ja Vallo Kelder. Tallinn, 1992. 140 lk. \u2022 Marie Under : personaalnimestik \/ koost. Anne Valmas ja Vallo Kelder. Tallinn, 1994. 240 lk. \u2022 Peeter Lindsaare bibliograafia = Bibliography \/ koost. Peeter Lindsaar. Sydney, 1987. 68 lk. \u2022 Pilgup\u00fc\u00fcdja. Vello Muikma elu ja looming \/Eye Catcher. The Life and Work of Vello Muikma. Koostajad: Ellu Maar, Piret Noorhani. T\u00f5lge inglise keelde: Juta Ristsoo. Kujundaja: Liina Siib. V\u00e4ljaandja: Eesti \u00d5ppet\u00f6\u00f6 Keskus \/ Estonian Studies Centre \/ VEMU. Toronto, 2016. 255 lk. \u2022 Professor Anton N\u00f5mmik : tema elust ja t\u00f6\u00f6st \/ koost. Kaarel Vahtras. Uppsala, 1975. 40 lk. \u2022 Valev Uibopuu 19.10.1913 &#8211; 18.03.1997 : bibliograafia \/ koost. Maie Elstein. V\u00f5ru : V\u00f5rumaa Keskraamatukogu, 2013. 90 lk.\" \/>\n<meta property=\"og:url\" content=\"https:\/\/www.balther.net\/et\/kasulikud-viited\/bibliograafiad\/isikubibliograafiad\/\" \/>\n<meta property=\"og:site_name\" content=\"BaltHerNet\" \/>\n<meta property=\"article:modified_time\" content=\"2025-02-02T21:18:49+00:00\" \/>\n<meta name=\"twitter:card\" content=\"summary_large_image\" \/>\n<meta name=\"twitter:label1\" content=\"Est. reading time\" \/>\n\t<meta name=\"twitter:data1\" content=\"3 minutit\" \/>\n<script type=\"application\/ld+json\" class=\"yoast-schema-graph\">{\"@context\":\"https:\/\/schema.org\",\"@graph\":[{\"@type\":\"WebPage\",\"@id\":\"https:\/\/www.balther.net\/et\/kasulikud-viited\/bibliograafiad\/isikubibliograafiad\/\",\"url\":\"https:\/\/www.balther.net\/et\/kasulikud-viited\/bibliograafiad\/isikubibliograafiad\/\",\"name\":\"Isikubibliograafiad - BaltHerNet\",\"isPartOf\":{\"@id\":\"https:\/\/www.balther.net\/#website\"},\"datePublished\":\"2016-01-03T14:44:09+00:00\",\"dateModified\":\"2025-02-02T21:18:49+00:00\",\"breadcrumb\":{\"@id\":\"https:\/\/www.balther.net\/et\/kasulikud-viited\/bibliograafiad\/isikubibliograafiad\/#breadcrumb\"},\"inLanguage\":\"et\",\"potentialAction\":[{\"@type\":\"ReadAction\",\"target\":[\"https:\/\/www.balther.net\/et\/kasulikud-viited\/bibliograafiad\/isikubibliograafiad\/\"]}]},{\"@type\":\"BreadcrumbList\",\"@id\":\"https:\/\/www.balther.net\/et\/kasulikud-viited\/bibliograafiad\/isikubibliograafiad\/#breadcrumb\",\"itemListElement\":[{\"@type\":\"ListItem\",\"position\":1,\"name\":\"Home\",\"item\":\"https:\/\/www.balther.net\/et\/\"},{\"@type\":\"ListItem\",\"position\":2,\"name\":\"Kasulikud viited\",\"item\":\"https:\/\/www.balther.net\/et\/kasulikud-viited\/\"},{\"@type\":\"ListItem\",\"position\":3,\"name\":\"Bibliograafiad\",\"item\":\"https:\/\/www.balther.net\/et\/kasulikud-viited\/bibliograafiad\/\"},{\"@type\":\"ListItem\",\"position\":4,\"name\":\"Isikubibliograafiad\"}]},{\"@type\":\"WebSite\",\"@id\":\"https:\/\/www.balther.net\/#website\",\"url\":\"https:\/\/www.balther.net\/\",\"name\":\"BaltHerNet\",\"description\":\"\",\"potentialAction\":[{\"@type\":\"SearchAction\",\"target\":{\"@type\":\"EntryPoint\",\"urlTemplate\":\"https:\/\/www.balther.net\/?s={search_term_string}\"},\"query-input\":{\"@type\":\"PropertyValueSpecification\",\"valueRequired\":true,\"valueName\":\"search_term_string\"}}],\"inLanguage\":\"et\"}]}<\/script>\n<!-- \/ Yoast SEO plugin. -->","yoast_head_json":{"title":"Isikubibliograafiad - BaltHerNet","robots":{"index":"index","follow":"follow","max-snippet":"max-snippet:-1","max-image-preview":"max-image-preview:large","max-video-preview":"max-video-preview:-1"},"canonical":"https:\/\/www.balther.net\/et\/kasulikud-viited\/bibliograafiad\/isikubibliograafiad\/","og_locale":"et_EE","og_type":"article","og_title":"Isikubibliograafiad - BaltHerNet","og_description":"Isikubibliograafiad \u2022 Aarand Roos : bibliograafia kommentaaridega \/ koost. A. Roos. Tallinn, 2000. 16 lk. \u2022 Agr. dr. Joosep N\u00f5u, p\u00f5llumajandus\u00f6konoomika dotsent Rootsi P\u00f5llumajandus\u00fclikoolis, Uppsalas Rootsis, endine p\u00f5llut\u00f6\u00f6koolide peainspektor Eestis : biograafia ja teaduslike ja teiste t\u00f6\u00f6de bibliograafia = Agr. dr. Joosep N\u00f5u, docent i lantbruksekonomi vid Lantbruksh\u00f6gskolan, Uppsala, Sverige, f\u00f6re detta lantbruksskolornas generalinspekt\u00f6r i Estland : biografi och bibliografi \u00f6ver vetenskapliga och andra arbeten \/ koost. Enn N\u00f5u. Uppsala, 2004. 66 lk. \u2022 Ankruketi l\u00f5pp on bibliograafia algus : Ilmar Laabani tegude loend = The end of the anchor chain is the beginning of the bibliography : list of Ilmar Laaban\u2019s works. Koostajad Aino Tamj\u00e4rv, Jaan Malin, toimetaja Anneli Sepp. Tartu : Tartu \u00dclikooli Kirjastus, 2021. 333 lk. \u2022 August M\u00e4lk : personaalnimestik \/ koost. Anne Valmas. Tallinn, 1991. 194 lk. \u2022 Eduard Tubin : bibliograafia. 1. osa, 1928\u20131944. Tallinn, 1995. 129 lk. \u2022 Eduard Tubin : bibliograafia. 2. osa, 1944\u20131982. Tallinn, 1997. 319 lk. \u2022 Eduard Tubin : bibliograafia. 3. osa, 1983\u20131997. Tallinn, 1998. 215 lk. \u2022 Eerik Haameri bibliograafia \/ Eesti Kirjandusmuuseumi Arhiivraamatukogu ; koostaja Annemaria Onoper. Tartu : Eesti Kirjandusmuuseum, 2008. 90 lk. \u2022 Enn N\u00f5u biograafia \/ koost. Enn N\u00f5u. Uppsala, 2004. 107 l. \u2022 Enn N\u00f5u biograafia \/ koost. Enn N\u00f5u. Uppsala, 2013. 176 l. \u2022 Enn N\u00f5u biograafia. Koostaja Enn N\u00f5u. Uppsala, 2022. 209 lk. (pdf-fail Eesti Rahvusraamatukogu veebiarhiivis DIGAR) \u2022 Gustav Suits : personaalbibliograafia. Fondinimestik \/ koost. K\u00fclli Tamkivi, Tiina Koiva, Krista Pisuke. Tartu, 1998. 334 lk. \u2022 Helga N\u00f5u biograafia. \/ koost. Enn N\u00f5u. Uppsala, 2004. 142 l. \u2022 Helga N\u00f5u biograafia. \/ koost. Enn N\u00f5u. Uppsala, 2013. 209 l. \u2022 Helga N\u00f5u biograafia. Koostaja Enn N\u00f5u. Uppsala, 2022. 252 lk. (pdf-fail Eesti Rahvusraamatukogu veebiarhiivis DIGAR) \u2022 Hellar Grabbi : bibliograafia \/ koost. Anne Valmas ; toimetaja Aita Kraut ; kujundaja Tiia Eikholm. Tallinn : Teaduste Akadeemia Kirjastus, 2013. 129 lk. \u2022 Ilmar Talve : bibliografia : 1934\u20131998 : LXXX annorum 17.1.1999. toim. Timo J. Virtanen. Turku, 1999. 67 lk. \u2022 Ilo K\u00e4bin : [arstiteadlane] : bibliograafia 1940\u20131999 \/ koost. Aive Haljand. Tallinn, 2000. 22 l. \u2022 Ivar Ivaski personaalbibliograafia \/ koost. Mari Tarvas; toim. Heldur Niit ja Tiina Hallik. Tallinn : Keel ja Kirjandus, 2006. 119 lk., ill. \u2022 J\u00fcri Kaude. Radioloogia minu elus : m\u00f5tteid ja meenutusi: [teadust\u00f6\u00f6de bibliograafia]. Tartu, 2007. 48 lk. \u2022 Kaarel Liidak : tema t\u00f6\u00f6st ja ideoloogiast \/ koost. Aksel Mark. Uppsala, 1985. 40 lk. \u2022 Kalju Lepik : bibliograafia \/ koost. Anne Valmas ja Anne Klaassen. Tallinn, 2000. 224 lk. \u2022 Karl Ast : [kirjanik ja poliitikategelane : 1886-1971] : kirjanduse valiknimestik \/ koost. Kristiina Jaansen, Mare Kurvet. Tallinn] : Eesti Rahvusraamatukogu, 2006. 85 l. \u2022 Karl Ristikivi : personaalnimestik \/ koost Anne Valmas ja Vallo Kelder. Tallinn, 1992. 140 lk. \u2022 Marie Under : personaalnimestik \/ koost. Anne Valmas ja Vallo Kelder. Tallinn, 1994. 240 lk. \u2022 Peeter Lindsaare bibliograafia = Bibliography \/ koost. Peeter Lindsaar. Sydney, 1987. 68 lk. \u2022 Pilgup\u00fc\u00fcdja. Vello Muikma elu ja looming \/Eye Catcher. The Life and Work of Vello Muikma. Koostajad: Ellu Maar, Piret Noorhani. T\u00f5lge inglise keelde: Juta Ristsoo. Kujundaja: Liina Siib. V\u00e4ljaandja: Eesti \u00d5ppet\u00f6\u00f6 Keskus \/ Estonian Studies Centre \/ VEMU. Toronto, 2016. 255 lk. \u2022 Professor Anton N\u00f5mmik : tema elust ja t\u00f6\u00f6st \/ koost. Kaarel Vahtras. Uppsala, 1975. 40 lk. \u2022 Valev Uibopuu 19.10.1913 &#8211; 18.03.1997 : bibliograafia \/ koost. Maie Elstein. V\u00f5ru : V\u00f5rumaa Keskraamatukogu, 2013. 90 lk.","og_url":"https:\/\/www.balther.net\/et\/kasulikud-viited\/bibliograafiad\/isikubibliograafiad\/","og_site_name":"BaltHerNet","article_modified_time":"2025-02-02T21:18:49+00:00","twitter_card":"summary_large_image","twitter_misc":{"Est. reading time":"3 minutit"},"schema":{"@context":"https:\/\/schema.org","@graph":[{"@type":"WebPage","@id":"https:\/\/www.balther.net\/et\/kasulikud-viited\/bibliograafiad\/isikubibliograafiad\/","url":"https:\/\/www.balther.net\/et\/kasulikud-viited\/bibliograafiad\/isikubibliograafiad\/","name":"Isikubibliograafiad - BaltHerNet","isPartOf":{"@id":"https:\/\/www.balther.net\/#website"},"datePublished":"2016-01-03T14:44:09+00:00","dateModified":"2025-02-02T21:18:49+00:00","breadcrumb":{"@id":"https:\/\/www.balther.net\/et\/kasulikud-viited\/bibliograafiad\/isikubibliograafiad\/#breadcrumb"},"inLanguage":"et","potentialAction":[{"@type":"ReadAction","target":["https:\/\/www.balther.net\/et\/kasulikud-viited\/bibliograafiad\/isikubibliograafiad\/"]}]},{"@type":"BreadcrumbList","@id":"https:\/\/www.balther.net\/et\/kasulikud-viited\/bibliograafiad\/isikubibliograafiad\/#breadcrumb","itemListElement":[{"@type":"ListItem","position":1,"name":"Home","item":"https:\/\/www.balther.net\/et\/"},{"@type":"ListItem","position":2,"name":"Kasulikud viited","item":"https:\/\/www.balther.net\/et\/kasulikud-viited\/"},{"@type":"ListItem","position":3,"name":"Bibliograafiad","item":"https:\/\/www.balther.net\/et\/kasulikud-viited\/bibliograafiad\/"},{"@type":"ListItem","position":4,"name":"Isikubibliograafiad"}]},{"@type":"WebSite","@id":"https:\/\/www.balther.net\/#website","url":"https:\/\/www.balther.net\/","name":"BaltHerNet","description":"","potentialAction":[{"@type":"SearchAction","target":{"@type":"EntryPoint","urlTemplate":"https:\/\/www.balther.net\/?s={search_term_string}"},"query-input":{"@type":"PropertyValueSpecification","valueRequired":true,"valueName":"search_term_string"}}],"inLanguage":"et"}]}},"_links":{"self":[{"href":"https:\/\/www.balther.net\/et\/wp-json\/wp\/v2\/pages\/1792","targetHints":{"allow":["GET"]}}],"collection":[{"href":"https:\/\/www.balther.net\/et\/wp-json\/wp\/v2\/pages"}],"about":[{"href":"https:\/\/www.balther.net\/et\/wp-json\/wp\/v2\/types\/page"}],"author":[{"embeddable":true,"href":"https:\/\/www.balther.net\/et\/wp-json\/wp\/v2\/users\/5"}],"replies":[{"embeddable":true,"href":"https:\/\/www.balther.net\/et\/wp-json\/wp\/v2\/comments?post=1792"}],"version-history":[{"count":7,"href":"https:\/\/www.balther.net\/et\/wp-json\/wp\/v2\/pages\/1792\/revisions"}],"predecessor-version":[{"id":24221,"href":"https:\/\/www.balther.net\/et\/wp-json\/wp\/v2\/pages\/1792\/revisions\/24221"}],"up":[{"embeddable":true,"href":"https:\/\/www.balther.net\/et\/wp-json\/wp\/v2\/pages\/1019"}],"wp:attachment":[{"href":"https:\/\/www.balther.net\/et\/wp-json\/wp\/v2\/media?parent=1792"}],"curies":[{"name":"wp","href":"https:\/\/api.w.org\/{rel}","templated":true}]}}