{"id":1790,"date":"2016-01-03T14:43:33","date_gmt":"2016-01-03T14:43:33","guid":{"rendered":"http:\/\/uus.balther.net\/?page_id=1790&#038;lang=et"},"modified":"2019-01-04T12:51:09","modified_gmt":"2019-01-04T10:51:09","slug":"erialabibliograafiad","status":"publish","type":"page","link":"https:\/\/www.balther.net\/et\/kasulikud-viited\/bibliograafiad\/erialabibliograafiad\/","title":{"rendered":"Erialabibliograafiad"},"content":{"rendered":"<h5>Erialabibliograafiad<\/h5>\n<p>\u2022 A bibliography of Estonian art and artists outside Estonia = V\u00e4lis-Eesti kunstielu bibliograafia \/ koost., toim. ja ill. Endel K\u00f5ks. Stockholm, 1984. 114 lk.<\/p>\n<p>\u2022 A bibliography of sources dealing with the Estonians in America: (working copy of manuscript) \/ preface: T\u00f5nu Parming. New York, 1976. 73 lk.<\/p>\n<p>\u2022 A bibliography of works published by Estonian ethnologists in exile 1945\u20131965 \/ comp. by Helmut Hagar. Stockholm, 1965. 64 lk.<\/p>\n<p>\u2022 A bibliography of works published by Estonian historians in exile 1945\u20131969 : (history, archaeology, history of art, music, the church and law \/ comp. by Aino R\u00e4nk. Stockholm, 1969. 56 lk.<\/p>\n<p>\u2022 A bibliography of works published by Estonian philologists in exile 1944\u20131970 : (linguistics, history of literature, theatre) \/ comp. by Aino R\u00e4nk. Stockholm, 1971. 117 lk.<\/p>\n<p>\u2022 A bibliography of works published by Estonian scholars in exile : (archaeology, history, history of art, music, religion and church) 1945\u20131983 \/ comp. by Meemo M\u00e4elo. Stockholm, 1985. 108 lk.<\/p>\n<p>\u2022 A bibliography of works published by Estonian scholars in exile: ethnology 1945\u20131975 \/ comp. by Aino R\u00e4nk. Stockholm, 1975. 58 lk.<\/p>\n<p>\u2022 A bibliography of works published by Estonian scholars in exile : jurisprudence, political science, sociology, economy 1942\u20131976 \/ comp. by Ilmar Arens. Stockholm, 1977. 112 lk.<\/p>\n<p>\u2022 A bibliography of works published by Estonian scholars in exile : Linguistics, history of literature, theatre 1944\u20131988 \/ comp. by Udo T. K\u00fcnnapas. Stockholm, 1990. 252 lk.<\/p>\n<p>\u2022 A bibliography of works published by Estonian scholars in exile : psychology, pedagogics, and philosophy 1945\u20131973 \/ comp. by Teodor K\u00fcnnapas. Stockholm, 1974. 60 lk.<\/p>\n<p>\u2022 Ernits, Enn. Koguteose &#8220;Fraternitas Tartuensis&#8221; valikbibliograafia. &#8211; Ernits, Enn. Eesti loomaarstiteaduse l\u00e4tetel ja hoovustes : 170 aastat veterinaarharidust Tartus. Tartu : Eesti Maa\u00fclikool, 2018. Lk. 470-489.<\/p>\n<p>\u2022 Ernits, Enn. \u00dcllitise Eesti Vet-Arst (1950-1978) bibliograafia. &#8211; Ernits, Enn. Eesti loomaarstiteaduse l\u00e4tetel ja hoovustes : 170 aastat veterinaarharidust Tartus. Tartu : Eesti Maa\u00fclikool, 2018. Lk. 443-469.<\/p>\n","protected":false},"excerpt":{"rendered":"<p>Erialabibliograafiad \u2022 A bibliography of Estonian art and artists outside Estonia = V\u00e4lis-Eesti kunstielu bibliograafia \/ koost., toim. ja ill. Endel K\u00f5ks. Stockholm, 1984. 114 lk. \u2022 A bibliography of sources dealing with the Estonians in America: (working copy of manuscript) \/ preface: T\u00f5nu Parming. New York, 1976. 73 lk. \u2022 A bibliography of works published by Estonian ethnologists in exile 1945\u20131965 \/ comp. by Helmut Hagar. Stockholm, 1965. 64 lk. \u2022 A bibliography of works published by Estonian historians in exile 1945\u20131969 : (history, archaeology, history of art, music, the church and law \/ comp. by Aino R\u00e4nk. Stockholm, 1969. 56 lk. \u2022 A bibliography of works published by Estonian philologists in exile 1944\u20131970 : (linguistics, history of literature, theatre) \/ comp. by Aino R\u00e4nk. Stockholm, 1971. 117 lk. \u2022 A bibliography of works published by Estonian scholars in exile : (archaeology, history, history of art, music, religion and church) 1945\u20131983 \/ comp. by Meemo M\u00e4elo. Stockholm, 1985. 108 lk. \u2022 A bibliography of works published by Estonian scholars in exile: ethnology 1945\u20131975 \/ comp. by Aino R\u00e4nk. Stockholm, 1975. 58 lk. \u2022 A bibliography of works published by Estonian scholars in exile : jurisprudence, political science, sociology, economy 1942\u20131976 \/ comp. by Ilmar Arens. Stockholm, 1977. 112 lk. \u2022 A bibliography of works published by Estonian scholars in exile : Linguistics, history of literature, theatre 1944\u20131988 \/ comp. by Udo T. K\u00fcnnapas. Stockholm, 1990. 252 lk. \u2022 A bibliography of works published by Estonian scholars in exile : psychology, pedagogics, and philosophy 1945\u20131973 \/ comp. by Teodor K\u00fcnnapas. Stockholm, 1974. 60 lk. \u2022 Ernits, Enn. Koguteose &#8220;Fraternitas Tartuensis&#8221; valikbibliograafia. &#8211; Ernits, Enn. Eesti loomaarstiteaduse l\u00e4tetel ja hoovustes : 170 aastat veterinaarharidust Tartus. Tartu : Eesti Maa\u00fclikool, 2018. Lk. 470-489. \u2022 Ernits, Enn. \u00dcllitise Eesti Vet-Arst (1950-1978) bibliograafia. &#8211; Ernits, Enn. Eesti loomaarstiteaduse l\u00e4tetel ja hoovustes : 170 aastat veterinaarharidust Tartus. Tartu : Eesti Maa\u00fclikool, 2018. Lk. 443-469.<\/p>\n","protected":false},"author":5,"featured_media":0,"parent":1019,"menu_order":2,"comment_status":"closed","ping_status":"closed","template":"","meta":{"_acf_changed":false,"_monsterinsights_skip_tracking":false,"_monsterinsights_sitenote_active":false,"_monsterinsights_sitenote_note":"","_monsterinsights_sitenote_category":0,"ngg_post_thumbnail":0,"footnotes":""},"class_list":["post-1790","page","type-page","status-publish","hentry"],"acf":[],"yoast_head":"<!-- This site is optimized with the Yoast SEO plugin v24.2 - https:\/\/yoast.com\/wordpress\/plugins\/seo\/ -->\n<title>Erialabibliograafiad - BaltHerNet<\/title>\n<meta name=\"robots\" content=\"index, follow, max-snippet:-1, max-image-preview:large, max-video-preview:-1\" \/>\n<link rel=\"canonical\" href=\"https:\/\/www.balther.net\/et\/kasulikud-viited\/bibliograafiad\/erialabibliograafiad\/\" \/>\n<meta property=\"og:locale\" content=\"et_EE\" \/>\n<meta property=\"og:type\" content=\"article\" \/>\n<meta property=\"og:title\" content=\"Erialabibliograafiad - BaltHerNet\" \/>\n<meta property=\"og:description\" content=\"Erialabibliograafiad \u2022 A bibliography of Estonian art and artists outside Estonia = V\u00e4lis-Eesti kunstielu bibliograafia \/ koost., toim. ja ill. Endel K\u00f5ks. Stockholm, 1984. 114 lk. \u2022 A bibliography of sources dealing with the Estonians in America: (working copy of manuscript) \/ preface: T\u00f5nu Parming. New York, 1976. 73 lk. \u2022 A bibliography of works published by Estonian ethnologists in exile 1945\u20131965 \/ comp. by Helmut Hagar. Stockholm, 1965. 64 lk. \u2022 A bibliography of works published by Estonian historians in exile 1945\u20131969 : (history, archaeology, history of art, music, the church and law \/ comp. by Aino R\u00e4nk. Stockholm, 1969. 56 lk. \u2022 A bibliography of works published by Estonian philologists in exile 1944\u20131970 : (linguistics, history of literature, theatre) \/ comp. by Aino R\u00e4nk. Stockholm, 1971. 117 lk. \u2022 A bibliography of works published by Estonian scholars in exile : (archaeology, history, history of art, music, religion and church) 1945\u20131983 \/ comp. by Meemo M\u00e4elo. Stockholm, 1985. 108 lk. \u2022 A bibliography of works published by Estonian scholars in exile: ethnology 1945\u20131975 \/ comp. by Aino R\u00e4nk. Stockholm, 1975. 58 lk. \u2022 A bibliography of works published by Estonian scholars in exile : jurisprudence, political science, sociology, economy 1942\u20131976 \/ comp. by Ilmar Arens. Stockholm, 1977. 112 lk. \u2022 A bibliography of works published by Estonian scholars in exile : Linguistics, history of literature, theatre 1944\u20131988 \/ comp. by Udo T. K\u00fcnnapas. Stockholm, 1990. 252 lk. \u2022 A bibliography of works published by Estonian scholars in exile : psychology, pedagogics, and philosophy 1945\u20131973 \/ comp. by Teodor K\u00fcnnapas. Stockholm, 1974. 60 lk. \u2022 Ernits, Enn. Koguteose &#8220;Fraternitas Tartuensis&#8221; valikbibliograafia. &#8211; Ernits, Enn. Eesti loomaarstiteaduse l\u00e4tetel ja hoovustes : 170 aastat veterinaarharidust Tartus. Tartu : Eesti Maa\u00fclikool, 2018. Lk. 470-489. \u2022 Ernits, Enn. \u00dcllitise Eesti Vet-Arst (1950-1978) bibliograafia. &#8211; Ernits, Enn. Eesti loomaarstiteaduse l\u00e4tetel ja hoovustes : 170 aastat veterinaarharidust Tartus. Tartu : Eesti Maa\u00fclikool, 2018. Lk. 443-469.\" \/>\n<meta property=\"og:url\" content=\"https:\/\/www.balther.net\/et\/kasulikud-viited\/bibliograafiad\/erialabibliograafiad\/\" \/>\n<meta property=\"og:site_name\" content=\"BaltHerNet\" \/>\n<meta property=\"article:modified_time\" content=\"2019-01-04T10:51:09+00:00\" \/>\n<meta name=\"twitter:card\" content=\"summary_large_image\" \/>\n<meta name=\"twitter:label1\" content=\"Est. reading time\" \/>\n\t<meta name=\"twitter:data1\" content=\"1 minut\" \/>\n<script type=\"application\/ld+json\" class=\"yoast-schema-graph\">{\"@context\":\"https:\/\/schema.org\",\"@graph\":[{\"@type\":\"WebPage\",\"@id\":\"https:\/\/www.balther.net\/et\/kasulikud-viited\/bibliograafiad\/erialabibliograafiad\/\",\"url\":\"https:\/\/www.balther.net\/et\/kasulikud-viited\/bibliograafiad\/erialabibliograafiad\/\",\"name\":\"Erialabibliograafiad - BaltHerNet\",\"isPartOf\":{\"@id\":\"https:\/\/www.balther.net\/#website\"},\"datePublished\":\"2016-01-03T14:43:33+00:00\",\"dateModified\":\"2019-01-04T10:51:09+00:00\",\"breadcrumb\":{\"@id\":\"https:\/\/www.balther.net\/et\/kasulikud-viited\/bibliograafiad\/erialabibliograafiad\/#breadcrumb\"},\"inLanguage\":\"et\",\"potentialAction\":[{\"@type\":\"ReadAction\",\"target\":[\"https:\/\/www.balther.net\/et\/kasulikud-viited\/bibliograafiad\/erialabibliograafiad\/\"]}]},{\"@type\":\"BreadcrumbList\",\"@id\":\"https:\/\/www.balther.net\/et\/kasulikud-viited\/bibliograafiad\/erialabibliograafiad\/#breadcrumb\",\"itemListElement\":[{\"@type\":\"ListItem\",\"position\":1,\"name\":\"Home\",\"item\":\"https:\/\/www.balther.net\/et\/\"},{\"@type\":\"ListItem\",\"position\":2,\"name\":\"Kasulikud viited\",\"item\":\"https:\/\/www.balther.net\/et\/kasulikud-viited\/\"},{\"@type\":\"ListItem\",\"position\":3,\"name\":\"Bibliograafiad\",\"item\":\"https:\/\/www.balther.net\/et\/kasulikud-viited\/bibliograafiad\/\"},{\"@type\":\"ListItem\",\"position\":4,\"name\":\"Erialabibliograafiad\"}]},{\"@type\":\"WebSite\",\"@id\":\"https:\/\/www.balther.net\/#website\",\"url\":\"https:\/\/www.balther.net\/\",\"name\":\"BaltHerNet\",\"description\":\"\",\"potentialAction\":[{\"@type\":\"SearchAction\",\"target\":{\"@type\":\"EntryPoint\",\"urlTemplate\":\"https:\/\/www.balther.net\/?s={search_term_string}\"},\"query-input\":{\"@type\":\"PropertyValueSpecification\",\"valueRequired\":true,\"valueName\":\"search_term_string\"}}],\"inLanguage\":\"et\"}]}<\/script>\n<!-- \/ Yoast SEO plugin. -->","yoast_head_json":{"title":"Erialabibliograafiad - BaltHerNet","robots":{"index":"index","follow":"follow","max-snippet":"max-snippet:-1","max-image-preview":"max-image-preview:large","max-video-preview":"max-video-preview:-1"},"canonical":"https:\/\/www.balther.net\/et\/kasulikud-viited\/bibliograafiad\/erialabibliograafiad\/","og_locale":"et_EE","og_type":"article","og_title":"Erialabibliograafiad - BaltHerNet","og_description":"Erialabibliograafiad \u2022 A bibliography of Estonian art and artists outside Estonia = V\u00e4lis-Eesti kunstielu bibliograafia \/ koost., toim. ja ill. Endel K\u00f5ks. Stockholm, 1984. 114 lk. \u2022 A bibliography of sources dealing with the Estonians in America: (working copy of manuscript) \/ preface: T\u00f5nu Parming. New York, 1976. 73 lk. \u2022 A bibliography of works published by Estonian ethnologists in exile 1945\u20131965 \/ comp. by Helmut Hagar. Stockholm, 1965. 64 lk. \u2022 A bibliography of works published by Estonian historians in exile 1945\u20131969 : (history, archaeology, history of art, music, the church and law \/ comp. by Aino R\u00e4nk. Stockholm, 1969. 56 lk. \u2022 A bibliography of works published by Estonian philologists in exile 1944\u20131970 : (linguistics, history of literature, theatre) \/ comp. by Aino R\u00e4nk. Stockholm, 1971. 117 lk. \u2022 A bibliography of works published by Estonian scholars in exile : (archaeology, history, history of art, music, religion and church) 1945\u20131983 \/ comp. by Meemo M\u00e4elo. Stockholm, 1985. 108 lk. \u2022 A bibliography of works published by Estonian scholars in exile: ethnology 1945\u20131975 \/ comp. by Aino R\u00e4nk. Stockholm, 1975. 58 lk. \u2022 A bibliography of works published by Estonian scholars in exile : jurisprudence, political science, sociology, economy 1942\u20131976 \/ comp. by Ilmar Arens. Stockholm, 1977. 112 lk. \u2022 A bibliography of works published by Estonian scholars in exile : Linguistics, history of literature, theatre 1944\u20131988 \/ comp. by Udo T. K\u00fcnnapas. Stockholm, 1990. 252 lk. \u2022 A bibliography of works published by Estonian scholars in exile : psychology, pedagogics, and philosophy 1945\u20131973 \/ comp. by Teodor K\u00fcnnapas. Stockholm, 1974. 60 lk. \u2022 Ernits, Enn. Koguteose &#8220;Fraternitas Tartuensis&#8221; valikbibliograafia. &#8211; Ernits, Enn. Eesti loomaarstiteaduse l\u00e4tetel ja hoovustes : 170 aastat veterinaarharidust Tartus. Tartu : Eesti Maa\u00fclikool, 2018. Lk. 470-489. \u2022 Ernits, Enn. \u00dcllitise Eesti Vet-Arst (1950-1978) bibliograafia. &#8211; Ernits, Enn. Eesti loomaarstiteaduse l\u00e4tetel ja hoovustes : 170 aastat veterinaarharidust Tartus. Tartu : Eesti Maa\u00fclikool, 2018. Lk. 443-469.","og_url":"https:\/\/www.balther.net\/et\/kasulikud-viited\/bibliograafiad\/erialabibliograafiad\/","og_site_name":"BaltHerNet","article_modified_time":"2019-01-04T10:51:09+00:00","twitter_card":"summary_large_image","twitter_misc":{"Est. reading time":"1 minut"},"schema":{"@context":"https:\/\/schema.org","@graph":[{"@type":"WebPage","@id":"https:\/\/www.balther.net\/et\/kasulikud-viited\/bibliograafiad\/erialabibliograafiad\/","url":"https:\/\/www.balther.net\/et\/kasulikud-viited\/bibliograafiad\/erialabibliograafiad\/","name":"Erialabibliograafiad - BaltHerNet","isPartOf":{"@id":"https:\/\/www.balther.net\/#website"},"datePublished":"2016-01-03T14:43:33+00:00","dateModified":"2019-01-04T10:51:09+00:00","breadcrumb":{"@id":"https:\/\/www.balther.net\/et\/kasulikud-viited\/bibliograafiad\/erialabibliograafiad\/#breadcrumb"},"inLanguage":"et","potentialAction":[{"@type":"ReadAction","target":["https:\/\/www.balther.net\/et\/kasulikud-viited\/bibliograafiad\/erialabibliograafiad\/"]}]},{"@type":"BreadcrumbList","@id":"https:\/\/www.balther.net\/et\/kasulikud-viited\/bibliograafiad\/erialabibliograafiad\/#breadcrumb","itemListElement":[{"@type":"ListItem","position":1,"name":"Home","item":"https:\/\/www.balther.net\/et\/"},{"@type":"ListItem","position":2,"name":"Kasulikud viited","item":"https:\/\/www.balther.net\/et\/kasulikud-viited\/"},{"@type":"ListItem","position":3,"name":"Bibliograafiad","item":"https:\/\/www.balther.net\/et\/kasulikud-viited\/bibliograafiad\/"},{"@type":"ListItem","position":4,"name":"Erialabibliograafiad"}]},{"@type":"WebSite","@id":"https:\/\/www.balther.net\/#website","url":"https:\/\/www.balther.net\/","name":"BaltHerNet","description":"","potentialAction":[{"@type":"SearchAction","target":{"@type":"EntryPoint","urlTemplate":"https:\/\/www.balther.net\/?s={search_term_string}"},"query-input":{"@type":"PropertyValueSpecification","valueRequired":true,"valueName":"search_term_string"}}],"inLanguage":"et"}]}},"_links":{"self":[{"href":"https:\/\/www.balther.net\/et\/wp-json\/wp\/v2\/pages\/1790","targetHints":{"allow":["GET"]}}],"collection":[{"href":"https:\/\/www.balther.net\/et\/wp-json\/wp\/v2\/pages"}],"about":[{"href":"https:\/\/www.balther.net\/et\/wp-json\/wp\/v2\/types\/page"}],"author":[{"embeddable":true,"href":"https:\/\/www.balther.net\/et\/wp-json\/wp\/v2\/users\/5"}],"replies":[{"embeddable":true,"href":"https:\/\/www.balther.net\/et\/wp-json\/wp\/v2\/comments?post=1790"}],"version-history":[{"count":4,"href":"https:\/\/www.balther.net\/et\/wp-json\/wp\/v2\/pages\/1790\/revisions"}],"predecessor-version":[{"id":10071,"href":"https:\/\/www.balther.net\/et\/wp-json\/wp\/v2\/pages\/1790\/revisions\/10071"}],"up":[{"embeddable":true,"href":"https:\/\/www.balther.net\/et\/wp-json\/wp\/v2\/pages\/1019"}],"wp:attachment":[{"href":"https:\/\/www.balther.net\/et\/wp-json\/wp\/v2\/media?parent=1790"}],"curies":[{"name":"wp","href":"https:\/\/api.w.org\/{rel}","templated":true}]}}