{"id":1787,"date":"2016-01-03T14:42:51","date_gmt":"2016-01-03T14:42:51","guid":{"rendered":"http:\/\/uus.balther.net\/?page_id=1787&#038;lang=et"},"modified":"2017-11-26T14:24:03","modified_gmt":"2017-11-26T12:24:03","slug":"uldbibliograafiad","status":"publish","type":"page","link":"https:\/\/www.balther.net\/et\/kasulikud-viited\/bibliograafiad\/uldbibliograafiad\/","title":{"rendered":"\u00dcldbibliograafiad"},"content":{"rendered":"<h5>\u00dcldbibliograafiad<\/h5>\n<p>\u2022\u00a0Eesti raamat v\u00e4lismaal 1944-2010 = Estonian books abroad 1944-2010 = Das Estnische Buch im Ausland 1944-2010 : bibliograafia. Koostanud Anne Valmas; registrid: Aita Kraut, Juta Laasma, Eve Siirman; toimetanud Anne Ainz. Tallinn : Teaduste Akadeemia Kirjastus, 2017. 2 kd. (1235 lk.) [Bibliograafia arvustus: Kronberg, Janika. Talendid koju ehk v\u00e4lismaalt eesti tr\u00fckiseid otsimas. \u2013 Akadeemia, 2017, 11, 2070-2081.]<\/p>\n<p>\u2022 Kangro, Bernard. Das estnische Buch in der freien Welt : bibliographischer \u00dcbersicht 1944\u20131956. Stockholm, 1957. 23 lk.<\/p>\n<p>\u2022 Kangro, Bernard. Den estniska boken i den fria v\u00e4rlden : bibliografisk \u00f6versikt 1944\u20131959. Stockholm, 1960. 28 lk.<\/p>\n<p>\u2022 Kangro, Bernard. Den estniska boken i den fria v\u00e4rlden : bibliografisk \u00f6versikt 1944\u20131965. Stockholm, 1966. 32 lk.<\/p>\n<p>\u2022 Kangro, Bernard. Den estniska boken i den fria v\u00e4rlden : bibliografisk \u00f6versikt 1944\u20131970. Lund, 1971. 40 lk.<\/p>\n<p>\u2022 Kangro, Bernard. Eesti kirjakuulutaja eksiilis : biblio- ja biograafiline teatmik aastaist 1944\u20131986 : kirjanduse lugu andmetes, arvudes ja piltides. Lund, 1989. 231 lk.<\/p>\n<p>\u2022 Kangro, Bernard. Eesti kirjandus siin- ja sealpool piiri : bibliograafiline \u00fclevaade eesti algup\u00e4rase kirjanduse esmatr\u00fckkidest 1945\u20131964. Lund, 1965. 23 lk.<\/p>\n<p>\u2022 Kangro, Bernard. Eesti raamat vabas maailmas. : Bibiliograafiline \u00fclevaade 1944\u20131956. Stockholm, 1957. 24 lk.<\/p>\n<p>\u2022 Kangro, Bernard. Eesti raamat vabas maailmas. : Bibiliograafiline \u00fclevaade 1944\u20131965. Stockholm, 1966. 32 lk.<\/p>\n<p>\u2022 Kangro, Bernard. Eesti raamat vabas maailmas : bibliograafiline \u00fclevaade 1944\u20131970. Lund, 1971. 40 lk.<\/p>\n<p>\u2022 Kangro, Bernard. Eestil\u00e4inen kirja vapaassa maailmassa : bibliografinen katsaus v. 1944\u20131956. Stockholm, 1957. 23 lk.<\/p>\n<p>\u2022 Kangro, Bernard. Estonian books published in exile : a bibliographical survey 1944\u20131956. Stockholm, 1957. 23 lk.<\/p>\n<p>\u2022 Kangro, Bernard. In exile estonian books published : a bibliographical survey 1944\u20131959. Stockholm, 1960. 28 lk.<\/p>\n<p>\u2022 M\u00e4lestusteraamatuid v\u00e4liseestlastelt: nimestik \/ koost. Anne Valmas. Tallinn, 1990. 32 lk.<\/p>\n<p>\u2022 Valik v\u00e4liseesti kirjas\u00f5na: annoteeritud nimestik \/ koost. Anne Valmas. Tallinn: Tallinna \u00dclikooli Akadeemiline Raamatukogu , 2010. 128 lk.<\/p>\n<p>\u2022 Valmas, Anne. Eestlaste kirjastustegevus v\u00e4lismaal 1944\u20132000: 2. osa: raamatukataloog. Tallinn, 2003. 398 lk.<\/p>\n<p>\u2022 V\u00e4liseesti kirjanikke : valiknimestik \/ koost. Anne Valmas. Tallinn, 1990. 120 lk.<\/p>\n<p>\u2022 V\u00e4liseestlaste m\u00e4lestusteraamatuid : kirjanduse nimestik \/ koost. Anne Valmas. Tallinn, 2008.<\/p>\n","protected":false},"excerpt":{"rendered":"<p>\u00dcldbibliograafiad \u2022\u00a0Eesti raamat v\u00e4lismaal 1944-2010 = Estonian books abroad 1944-2010 = Das Estnische Buch im Ausland 1944-2010 : bibliograafia. Koostanud Anne Valmas; registrid: Aita Kraut, Juta Laasma, Eve Siirman; toimetanud Anne Ainz. Tallinn : Teaduste Akadeemia Kirjastus, 2017. 2 kd. (1235 lk.) [Bibliograafia arvustus: Kronberg, Janika. Talendid koju ehk v\u00e4lismaalt eesti tr\u00fckiseid otsimas. \u2013 Akadeemia, 2017, 11, 2070-2081.] \u2022 Kangro, Bernard. Das estnische Buch in der freien Welt : bibliographischer \u00dcbersicht 1944\u20131956. Stockholm, 1957. 23 lk. \u2022 Kangro, Bernard. Den estniska boken i den fria v\u00e4rlden : bibliografisk \u00f6versikt 1944\u20131959. Stockholm, 1960. 28 lk. \u2022 Kangro, Bernard. Den estniska boken i den fria v\u00e4rlden : bibliografisk \u00f6versikt 1944\u20131965. Stockholm, 1966. 32 lk. \u2022 Kangro, Bernard. Den estniska boken i den fria v\u00e4rlden : bibliografisk \u00f6versikt 1944\u20131970. Lund, 1971. 40 lk. \u2022 Kangro, Bernard. Eesti kirjakuulutaja eksiilis : biblio- ja biograafiline teatmik aastaist 1944\u20131986 : kirjanduse lugu andmetes, arvudes ja piltides. Lund, 1989. 231 lk. \u2022 Kangro, Bernard. Eesti kirjandus siin- ja sealpool piiri : bibliograafiline \u00fclevaade eesti algup\u00e4rase kirjanduse esmatr\u00fckkidest 1945\u20131964. Lund, 1965. 23 lk. \u2022 Kangro, Bernard. Eesti raamat vabas maailmas. : Bibiliograafiline \u00fclevaade 1944\u20131956. Stockholm, 1957. 24 lk. \u2022 Kangro, Bernard. Eesti raamat vabas maailmas. : Bibiliograafiline \u00fclevaade 1944\u20131965. Stockholm, 1966. 32 lk. \u2022 Kangro, Bernard. Eesti raamat vabas maailmas : bibliograafiline \u00fclevaade 1944\u20131970. Lund, 1971. 40 lk. \u2022 Kangro, Bernard. Eestil\u00e4inen kirja vapaassa maailmassa : bibliografinen katsaus v. 1944\u20131956. Stockholm, 1957. 23 lk. \u2022 Kangro, Bernard. Estonian books published in exile : a bibliographical survey 1944\u20131956. Stockholm, 1957. 23 lk. \u2022 Kangro, Bernard. In exile estonian books published : a bibliographical survey 1944\u20131959. Stockholm, 1960. 28 lk. \u2022 M\u00e4lestusteraamatuid v\u00e4liseestlastelt: nimestik \/ koost. Anne Valmas. Tallinn, 1990. 32 lk. \u2022 Valik v\u00e4liseesti kirjas\u00f5na: annoteeritud nimestik \/ koost. Anne Valmas. Tallinn: Tallinna \u00dclikooli Akadeemiline Raamatukogu , 2010. 128 lk. \u2022 Valmas, Anne. Eestlaste kirjastustegevus v\u00e4lismaal 1944\u20132000: 2. osa: raamatukataloog. Tallinn, 2003. 398 lk. \u2022 V\u00e4liseesti kirjanikke : valiknimestik \/ koost. Anne Valmas. Tallinn, 1990. 120 lk. \u2022 V\u00e4liseestlaste m\u00e4lestusteraamatuid : kirjanduse nimestik \/ koost. Anne Valmas. Tallinn, 2008.<\/p>\n","protected":false},"author":5,"featured_media":0,"parent":1019,"menu_order":1,"comment_status":"closed","ping_status":"closed","template":"","meta":{"_acf_changed":false,"_monsterinsights_skip_tracking":false,"_monsterinsights_sitenote_active":false,"_monsterinsights_sitenote_note":"","_monsterinsights_sitenote_category":0,"ngg_post_thumbnail":0,"footnotes":""},"class_list":["post-1787","page","type-page","status-publish","hentry"],"acf":[],"yoast_head":"<!-- This site is optimized with the Yoast SEO plugin v24.2 - https:\/\/yoast.com\/wordpress\/plugins\/seo\/ -->\n<title>\u00dcldbibliograafiad - BaltHerNet<\/title>\n<meta name=\"robots\" content=\"index, follow, max-snippet:-1, max-image-preview:large, max-video-preview:-1\" \/>\n<link rel=\"canonical\" href=\"https:\/\/www.balther.net\/et\/kasulikud-viited\/bibliograafiad\/uldbibliograafiad\/\" \/>\n<meta property=\"og:locale\" content=\"et_EE\" \/>\n<meta property=\"og:type\" content=\"article\" \/>\n<meta property=\"og:title\" content=\"\u00dcldbibliograafiad - BaltHerNet\" \/>\n<meta property=\"og:description\" content=\"\u00dcldbibliograafiad \u2022\u00a0Eesti raamat v\u00e4lismaal 1944-2010 = Estonian books abroad 1944-2010 = Das Estnische Buch im Ausland 1944-2010 : bibliograafia. Koostanud Anne Valmas; registrid: Aita Kraut, Juta Laasma, Eve Siirman; toimetanud Anne Ainz. Tallinn : Teaduste Akadeemia Kirjastus, 2017. 2 kd. (1235 lk.) [Bibliograafia arvustus: Kronberg, Janika. Talendid koju ehk v\u00e4lismaalt eesti tr\u00fckiseid otsimas. \u2013 Akadeemia, 2017, 11, 2070-2081.] \u2022 Kangro, Bernard. Das estnische Buch in der freien Welt : bibliographischer \u00dcbersicht 1944\u20131956. Stockholm, 1957. 23 lk. \u2022 Kangro, Bernard. Den estniska boken i den fria v\u00e4rlden : bibliografisk \u00f6versikt 1944\u20131959. Stockholm, 1960. 28 lk. \u2022 Kangro, Bernard. Den estniska boken i den fria v\u00e4rlden : bibliografisk \u00f6versikt 1944\u20131965. Stockholm, 1966. 32 lk. \u2022 Kangro, Bernard. Den estniska boken i den fria v\u00e4rlden : bibliografisk \u00f6versikt 1944\u20131970. Lund, 1971. 40 lk. \u2022 Kangro, Bernard. Eesti kirjakuulutaja eksiilis : biblio- ja biograafiline teatmik aastaist 1944\u20131986 : kirjanduse lugu andmetes, arvudes ja piltides. Lund, 1989. 231 lk. \u2022 Kangro, Bernard. Eesti kirjandus siin- ja sealpool piiri : bibliograafiline \u00fclevaade eesti algup\u00e4rase kirjanduse esmatr\u00fckkidest 1945\u20131964. Lund, 1965. 23 lk. \u2022 Kangro, Bernard. Eesti raamat vabas maailmas. : Bibiliograafiline \u00fclevaade 1944\u20131956. Stockholm, 1957. 24 lk. \u2022 Kangro, Bernard. Eesti raamat vabas maailmas. : Bibiliograafiline \u00fclevaade 1944\u20131965. Stockholm, 1966. 32 lk. \u2022 Kangro, Bernard. Eesti raamat vabas maailmas : bibliograafiline \u00fclevaade 1944\u20131970. Lund, 1971. 40 lk. \u2022 Kangro, Bernard. Eestil\u00e4inen kirja vapaassa maailmassa : bibliografinen katsaus v. 1944\u20131956. Stockholm, 1957. 23 lk. \u2022 Kangro, Bernard. Estonian books published in exile : a bibliographical survey 1944\u20131956. Stockholm, 1957. 23 lk. \u2022 Kangro, Bernard. In exile estonian books published : a bibliographical survey 1944\u20131959. Stockholm, 1960. 28 lk. \u2022 M\u00e4lestusteraamatuid v\u00e4liseestlastelt: nimestik \/ koost. Anne Valmas. Tallinn, 1990. 32 lk. \u2022 Valik v\u00e4liseesti kirjas\u00f5na: annoteeritud nimestik \/ koost. Anne Valmas. Tallinn: Tallinna \u00dclikooli Akadeemiline Raamatukogu , 2010. 128 lk. \u2022 Valmas, Anne. Eestlaste kirjastustegevus v\u00e4lismaal 1944\u20132000: 2. osa: raamatukataloog. Tallinn, 2003. 398 lk. \u2022 V\u00e4liseesti kirjanikke : valiknimestik \/ koost. Anne Valmas. Tallinn, 1990. 120 lk. \u2022 V\u00e4liseestlaste m\u00e4lestusteraamatuid : kirjanduse nimestik \/ koost. Anne Valmas. Tallinn, 2008.\" \/>\n<meta property=\"og:url\" content=\"https:\/\/www.balther.net\/et\/kasulikud-viited\/bibliograafiad\/uldbibliograafiad\/\" \/>\n<meta property=\"og:site_name\" content=\"BaltHerNet\" \/>\n<meta property=\"article:modified_time\" content=\"2017-11-26T12:24:03+00:00\" \/>\n<meta name=\"twitter:card\" content=\"summary_large_image\" \/>\n<meta name=\"twitter:label1\" content=\"Est. reading time\" \/>\n\t<meta name=\"twitter:data1\" content=\"1 minut\" \/>\n<script type=\"application\/ld+json\" class=\"yoast-schema-graph\">{\"@context\":\"https:\/\/schema.org\",\"@graph\":[{\"@type\":\"WebPage\",\"@id\":\"https:\/\/www.balther.net\/et\/kasulikud-viited\/bibliograafiad\/uldbibliograafiad\/\",\"url\":\"https:\/\/www.balther.net\/et\/kasulikud-viited\/bibliograafiad\/uldbibliograafiad\/\",\"name\":\"\u00dcldbibliograafiad - BaltHerNet\",\"isPartOf\":{\"@id\":\"https:\/\/www.balther.net\/#website\"},\"datePublished\":\"2016-01-03T14:42:51+00:00\",\"dateModified\":\"2017-11-26T12:24:03+00:00\",\"breadcrumb\":{\"@id\":\"https:\/\/www.balther.net\/et\/kasulikud-viited\/bibliograafiad\/uldbibliograafiad\/#breadcrumb\"},\"inLanguage\":\"et\",\"potentialAction\":[{\"@type\":\"ReadAction\",\"target\":[\"https:\/\/www.balther.net\/et\/kasulikud-viited\/bibliograafiad\/uldbibliograafiad\/\"]}]},{\"@type\":\"BreadcrumbList\",\"@id\":\"https:\/\/www.balther.net\/et\/kasulikud-viited\/bibliograafiad\/uldbibliograafiad\/#breadcrumb\",\"itemListElement\":[{\"@type\":\"ListItem\",\"position\":1,\"name\":\"Home\",\"item\":\"https:\/\/www.balther.net\/et\/\"},{\"@type\":\"ListItem\",\"position\":2,\"name\":\"Kasulikud viited\",\"item\":\"https:\/\/www.balther.net\/et\/kasulikud-viited\/\"},{\"@type\":\"ListItem\",\"position\":3,\"name\":\"Bibliograafiad\",\"item\":\"https:\/\/www.balther.net\/et\/kasulikud-viited\/bibliograafiad\/\"},{\"@type\":\"ListItem\",\"position\":4,\"name\":\"\u00dcldbibliograafiad\"}]},{\"@type\":\"WebSite\",\"@id\":\"https:\/\/www.balther.net\/#website\",\"url\":\"https:\/\/www.balther.net\/\",\"name\":\"BaltHerNet\",\"description\":\"\",\"potentialAction\":[{\"@type\":\"SearchAction\",\"target\":{\"@type\":\"EntryPoint\",\"urlTemplate\":\"https:\/\/www.balther.net\/?s={search_term_string}\"},\"query-input\":{\"@type\":\"PropertyValueSpecification\",\"valueRequired\":true,\"valueName\":\"search_term_string\"}}],\"inLanguage\":\"et\"}]}<\/script>\n<!-- \/ Yoast SEO plugin. -->","yoast_head_json":{"title":"\u00dcldbibliograafiad - BaltHerNet","robots":{"index":"index","follow":"follow","max-snippet":"max-snippet:-1","max-image-preview":"max-image-preview:large","max-video-preview":"max-video-preview:-1"},"canonical":"https:\/\/www.balther.net\/et\/kasulikud-viited\/bibliograafiad\/uldbibliograafiad\/","og_locale":"et_EE","og_type":"article","og_title":"\u00dcldbibliograafiad - BaltHerNet","og_description":"\u00dcldbibliograafiad \u2022\u00a0Eesti raamat v\u00e4lismaal 1944-2010 = Estonian books abroad 1944-2010 = Das Estnische Buch im Ausland 1944-2010 : bibliograafia. Koostanud Anne Valmas; registrid: Aita Kraut, Juta Laasma, Eve Siirman; toimetanud Anne Ainz. Tallinn : Teaduste Akadeemia Kirjastus, 2017. 2 kd. (1235 lk.) [Bibliograafia arvustus: Kronberg, Janika. Talendid koju ehk v\u00e4lismaalt eesti tr\u00fckiseid otsimas. \u2013 Akadeemia, 2017, 11, 2070-2081.] \u2022 Kangro, Bernard. Das estnische Buch in der freien Welt : bibliographischer \u00dcbersicht 1944\u20131956. Stockholm, 1957. 23 lk. \u2022 Kangro, Bernard. Den estniska boken i den fria v\u00e4rlden : bibliografisk \u00f6versikt 1944\u20131959. Stockholm, 1960. 28 lk. \u2022 Kangro, Bernard. Den estniska boken i den fria v\u00e4rlden : bibliografisk \u00f6versikt 1944\u20131965. Stockholm, 1966. 32 lk. \u2022 Kangro, Bernard. Den estniska boken i den fria v\u00e4rlden : bibliografisk \u00f6versikt 1944\u20131970. Lund, 1971. 40 lk. \u2022 Kangro, Bernard. Eesti kirjakuulutaja eksiilis : biblio- ja biograafiline teatmik aastaist 1944\u20131986 : kirjanduse lugu andmetes, arvudes ja piltides. Lund, 1989. 231 lk. \u2022 Kangro, Bernard. Eesti kirjandus siin- ja sealpool piiri : bibliograafiline \u00fclevaade eesti algup\u00e4rase kirjanduse esmatr\u00fckkidest 1945\u20131964. Lund, 1965. 23 lk. \u2022 Kangro, Bernard. Eesti raamat vabas maailmas. : Bibiliograafiline \u00fclevaade 1944\u20131956. Stockholm, 1957. 24 lk. \u2022 Kangro, Bernard. Eesti raamat vabas maailmas. : Bibiliograafiline \u00fclevaade 1944\u20131965. Stockholm, 1966. 32 lk. \u2022 Kangro, Bernard. Eesti raamat vabas maailmas : bibliograafiline \u00fclevaade 1944\u20131970. Lund, 1971. 40 lk. \u2022 Kangro, Bernard. Eestil\u00e4inen kirja vapaassa maailmassa : bibliografinen katsaus v. 1944\u20131956. Stockholm, 1957. 23 lk. \u2022 Kangro, Bernard. Estonian books published in exile : a bibliographical survey 1944\u20131956. Stockholm, 1957. 23 lk. \u2022 Kangro, Bernard. In exile estonian books published : a bibliographical survey 1944\u20131959. Stockholm, 1960. 28 lk. \u2022 M\u00e4lestusteraamatuid v\u00e4liseestlastelt: nimestik \/ koost. Anne Valmas. Tallinn, 1990. 32 lk. \u2022 Valik v\u00e4liseesti kirjas\u00f5na: annoteeritud nimestik \/ koost. Anne Valmas. Tallinn: Tallinna \u00dclikooli Akadeemiline Raamatukogu , 2010. 128 lk. \u2022 Valmas, Anne. Eestlaste kirjastustegevus v\u00e4lismaal 1944\u20132000: 2. osa: raamatukataloog. Tallinn, 2003. 398 lk. \u2022 V\u00e4liseesti kirjanikke : valiknimestik \/ koost. Anne Valmas. Tallinn, 1990. 120 lk. \u2022 V\u00e4liseestlaste m\u00e4lestusteraamatuid : kirjanduse nimestik \/ koost. Anne Valmas. Tallinn, 2008.","og_url":"https:\/\/www.balther.net\/et\/kasulikud-viited\/bibliograafiad\/uldbibliograafiad\/","og_site_name":"BaltHerNet","article_modified_time":"2017-11-26T12:24:03+00:00","twitter_card":"summary_large_image","twitter_misc":{"Est. reading time":"1 minut"},"schema":{"@context":"https:\/\/schema.org","@graph":[{"@type":"WebPage","@id":"https:\/\/www.balther.net\/et\/kasulikud-viited\/bibliograafiad\/uldbibliograafiad\/","url":"https:\/\/www.balther.net\/et\/kasulikud-viited\/bibliograafiad\/uldbibliograafiad\/","name":"\u00dcldbibliograafiad - BaltHerNet","isPartOf":{"@id":"https:\/\/www.balther.net\/#website"},"datePublished":"2016-01-03T14:42:51+00:00","dateModified":"2017-11-26T12:24:03+00:00","breadcrumb":{"@id":"https:\/\/www.balther.net\/et\/kasulikud-viited\/bibliograafiad\/uldbibliograafiad\/#breadcrumb"},"inLanguage":"et","potentialAction":[{"@type":"ReadAction","target":["https:\/\/www.balther.net\/et\/kasulikud-viited\/bibliograafiad\/uldbibliograafiad\/"]}]},{"@type":"BreadcrumbList","@id":"https:\/\/www.balther.net\/et\/kasulikud-viited\/bibliograafiad\/uldbibliograafiad\/#breadcrumb","itemListElement":[{"@type":"ListItem","position":1,"name":"Home","item":"https:\/\/www.balther.net\/et\/"},{"@type":"ListItem","position":2,"name":"Kasulikud viited","item":"https:\/\/www.balther.net\/et\/kasulikud-viited\/"},{"@type":"ListItem","position":3,"name":"Bibliograafiad","item":"https:\/\/www.balther.net\/et\/kasulikud-viited\/bibliograafiad\/"},{"@type":"ListItem","position":4,"name":"\u00dcldbibliograafiad"}]},{"@type":"WebSite","@id":"https:\/\/www.balther.net\/#website","url":"https:\/\/www.balther.net\/","name":"BaltHerNet","description":"","potentialAction":[{"@type":"SearchAction","target":{"@type":"EntryPoint","urlTemplate":"https:\/\/www.balther.net\/?s={search_term_string}"},"query-input":{"@type":"PropertyValueSpecification","valueRequired":true,"valueName":"search_term_string"}}],"inLanguage":"et"}]}},"_links":{"self":[{"href":"https:\/\/www.balther.net\/et\/wp-json\/wp\/v2\/pages\/1787","targetHints":{"allow":["GET"]}}],"collection":[{"href":"https:\/\/www.balther.net\/et\/wp-json\/wp\/v2\/pages"}],"about":[{"href":"https:\/\/www.balther.net\/et\/wp-json\/wp\/v2\/types\/page"}],"author":[{"embeddable":true,"href":"https:\/\/www.balther.net\/et\/wp-json\/wp\/v2\/users\/5"}],"replies":[{"embeddable":true,"href":"https:\/\/www.balther.net\/et\/wp-json\/wp\/v2\/comments?post=1787"}],"version-history":[{"count":5,"href":"https:\/\/www.balther.net\/et\/wp-json\/wp\/v2\/pages\/1787\/revisions"}],"predecessor-version":[{"id":9404,"href":"https:\/\/www.balther.net\/et\/wp-json\/wp\/v2\/pages\/1787\/revisions\/9404"}],"up":[{"embeddable":true,"href":"https:\/\/www.balther.net\/et\/wp-json\/wp\/v2\/pages\/1019"}],"wp:attachment":[{"href":"https:\/\/www.balther.net\/et\/wp-json\/wp\/v2\/media?parent=1787"}],"curies":[{"name":"wp","href":"https:\/\/api.w.org\/{rel}","templated":true}]}}