{"id":1758,"date":"2016-01-03T14:31:03","date_gmt":"2016-01-03T14:31:03","guid":{"rendered":"http:\/\/uus.balther.net\/?page_id=1758&#038;lang=et"},"modified":"2016-01-17T14:43:37","modified_gmt":"2016-01-17T14:43:37","slug":"lati","status":"publish","type":"page","link":"https:\/\/www.balther.net\/et\/kasulikud-viited\/infoportaalid\/lati\/","title":{"rendered":"L\u00e4ti"},"content":{"rendered":"<p><b><a href=\"http:\/\/www.dzivesstasts.lv\/en\/default.htm\" target=\"_blank\">Dz\u012bvesst\u0101sts\/Lifestory<\/a><\/b>\u00a0\u00a0<strong><img decoding=\"async\" src=\"http:\/\/www.balther.net\/public\/buttons\/nupp_latvia.gif\" alt=\"\" align=\"absMiddle\" \/>\u00a0<\/strong><\/p>\n<hr \/>\n<p><b><a href=\"http:\/\/www.dpalbums.lv\/\" target=\"_blank\">Latvians in DP Camps<\/a><\/b>\u00a0\u00a0<strong><img decoding=\"async\" src=\"http:\/\/www.balther.net\/public\/buttons\/nupp_latvia.gif\" alt=\"\" align=\"absMiddle\" \/>\u00a0<\/strong><\/p>\n<hr \/>\n<p>&nbsp;<\/p>\n","protected":false},"excerpt":{"rendered":"<p>Dz\u012bvesst\u0101sts\/Lifestory\u00a0\u00a0\u00a0 Latvians in DP Camps\u00a0\u00a0\u00a0 &nbsp;<\/p>\n","protected":false},"author":5,"featured_media":0,"parent":1013,"menu_order":7,"comment_status":"closed","ping_status":"closed","template":"","meta":{"_acf_changed":false,"_monsterinsights_skip_tracking":false,"_monsterinsights_sitenote_active":false,"_monsterinsights_sitenote_note":"","_monsterinsights_sitenote_category":0,"ngg_post_thumbnail":0,"footnotes":""},"class_list":["post-1758","page","type-page","status-publish","hentry"],"acf":[],"yoast_head":"<!-- This site is optimized with the Yoast SEO plugin v24.2 - https:\/\/yoast.com\/wordpress\/plugins\/seo\/ -->\n<title>L\u00e4ti - BaltHerNet<\/title>\n<meta name=\"robots\" content=\"index, follow, max-snippet:-1, max-image-preview:large, max-video-preview:-1\" \/>\n<link rel=\"canonical\" href=\"https:\/\/www.balther.net\/et\/kasulikud-viited\/infoportaalid\/lati\/\" \/>\n<meta property=\"og:locale\" content=\"et_EE\" \/>\n<meta property=\"og:type\" content=\"article\" \/>\n<meta property=\"og:title\" content=\"L\u00e4ti - BaltHerNet\" \/>\n<meta property=\"og:description\" content=\"Dz\u012bvesst\u0101sts\/Lifestory\u00a0\u00a0\u00a0 Latvians in DP Camps\u00a0\u00a0\u00a0 &nbsp;\" \/>\n<meta property=\"og:url\" content=\"https:\/\/www.balther.net\/et\/kasulikud-viited\/infoportaalid\/lati\/\" \/>\n<meta property=\"og:site_name\" content=\"BaltHerNet\" \/>\n<meta property=\"article:modified_time\" content=\"2016-01-17T14:43:37+00:00\" \/>\n<meta property=\"og:image\" content=\"http:\/\/www.balther.net\/public\/buttons\/nupp_latvia.gif\" \/>\n<meta name=\"twitter:card\" content=\"summary_large_image\" \/>\n<script type=\"application\/ld+json\" class=\"yoast-schema-graph\">{\"@context\":\"https:\/\/schema.org\",\"@graph\":[{\"@type\":\"WebPage\",\"@id\":\"https:\/\/www.balther.net\/et\/kasulikud-viited\/infoportaalid\/lati\/\",\"url\":\"https:\/\/www.balther.net\/et\/kasulikud-viited\/infoportaalid\/lati\/\",\"name\":\"L\u00e4ti - BaltHerNet\",\"isPartOf\":{\"@id\":\"https:\/\/www.balther.net\/#website\"},\"primaryImageOfPage\":{\"@id\":\"https:\/\/www.balther.net\/et\/kasulikud-viited\/infoportaalid\/lati\/#primaryimage\"},\"image\":{\"@id\":\"https:\/\/www.balther.net\/et\/kasulikud-viited\/infoportaalid\/lati\/#primaryimage\"},\"thumbnailUrl\":\"http:\/\/www.balther.net\/public\/buttons\/nupp_latvia.gif\",\"datePublished\":\"2016-01-03T14:31:03+00:00\",\"dateModified\":\"2016-01-17T14:43:37+00:00\",\"breadcrumb\":{\"@id\":\"https:\/\/www.balther.net\/et\/kasulikud-viited\/infoportaalid\/lati\/#breadcrumb\"},\"inLanguage\":\"et\",\"potentialAction\":[{\"@type\":\"ReadAction\",\"target\":[\"https:\/\/www.balther.net\/et\/kasulikud-viited\/infoportaalid\/lati\/\"]}]},{\"@type\":\"ImageObject\",\"inLanguage\":\"et\",\"@id\":\"https:\/\/www.balther.net\/et\/kasulikud-viited\/infoportaalid\/lati\/#primaryimage\",\"url\":\"http:\/\/www.balther.net\/public\/buttons\/nupp_latvia.gif\",\"contentUrl\":\"http:\/\/www.balther.net\/public\/buttons\/nupp_latvia.gif\"},{\"@type\":\"BreadcrumbList\",\"@id\":\"https:\/\/www.balther.net\/et\/kasulikud-viited\/infoportaalid\/lati\/#breadcrumb\",\"itemListElement\":[{\"@type\":\"ListItem\",\"position\":1,\"name\":\"Home\",\"item\":\"https:\/\/www.balther.net\/et\/\"},{\"@type\":\"ListItem\",\"position\":2,\"name\":\"Kasulikud viited\",\"item\":\"https:\/\/www.balther.net\/et\/kasulikud-viited\/\"},{\"@type\":\"ListItem\",\"position\":3,\"name\":\"Infoportaalid\",\"item\":\"https:\/\/www.balther.net\/et\/kasulikud-viited\/infoportaalid\/\"},{\"@type\":\"ListItem\",\"position\":4,\"name\":\"L\u00e4ti\"}]},{\"@type\":\"WebSite\",\"@id\":\"https:\/\/www.balther.net\/#website\",\"url\":\"https:\/\/www.balther.net\/\",\"name\":\"BaltHerNet\",\"description\":\"\",\"potentialAction\":[{\"@type\":\"SearchAction\",\"target\":{\"@type\":\"EntryPoint\",\"urlTemplate\":\"https:\/\/www.balther.net\/?s={search_term_string}\"},\"query-input\":{\"@type\":\"PropertyValueSpecification\",\"valueRequired\":true,\"valueName\":\"search_term_string\"}}],\"inLanguage\":\"et\"}]}<\/script>\n<!-- \/ Yoast SEO plugin. -->","yoast_head_json":{"title":"L\u00e4ti - BaltHerNet","robots":{"index":"index","follow":"follow","max-snippet":"max-snippet:-1","max-image-preview":"max-image-preview:large","max-video-preview":"max-video-preview:-1"},"canonical":"https:\/\/www.balther.net\/et\/kasulikud-viited\/infoportaalid\/lati\/","og_locale":"et_EE","og_type":"article","og_title":"L\u00e4ti - BaltHerNet","og_description":"Dz\u012bvesst\u0101sts\/Lifestory\u00a0\u00a0\u00a0 Latvians in DP Camps\u00a0\u00a0\u00a0 &nbsp;","og_url":"https:\/\/www.balther.net\/et\/kasulikud-viited\/infoportaalid\/lati\/","og_site_name":"BaltHerNet","article_modified_time":"2016-01-17T14:43:37+00:00","og_image":[{"url":"http:\/\/www.balther.net\/public\/buttons\/nupp_latvia.gif","type":"","width":"","height":""}],"twitter_card":"summary_large_image","schema":{"@context":"https:\/\/schema.org","@graph":[{"@type":"WebPage","@id":"https:\/\/www.balther.net\/et\/kasulikud-viited\/infoportaalid\/lati\/","url":"https:\/\/www.balther.net\/et\/kasulikud-viited\/infoportaalid\/lati\/","name":"L\u00e4ti - BaltHerNet","isPartOf":{"@id":"https:\/\/www.balther.net\/#website"},"primaryImageOfPage":{"@id":"https:\/\/www.balther.net\/et\/kasulikud-viited\/infoportaalid\/lati\/#primaryimage"},"image":{"@id":"https:\/\/www.balther.net\/et\/kasulikud-viited\/infoportaalid\/lati\/#primaryimage"},"thumbnailUrl":"http:\/\/www.balther.net\/public\/buttons\/nupp_latvia.gif","datePublished":"2016-01-03T14:31:03+00:00","dateModified":"2016-01-17T14:43:37+00:00","breadcrumb":{"@id":"https:\/\/www.balther.net\/et\/kasulikud-viited\/infoportaalid\/lati\/#breadcrumb"},"inLanguage":"et","potentialAction":[{"@type":"ReadAction","target":["https:\/\/www.balther.net\/et\/kasulikud-viited\/infoportaalid\/lati\/"]}]},{"@type":"ImageObject","inLanguage":"et","@id":"https:\/\/www.balther.net\/et\/kasulikud-viited\/infoportaalid\/lati\/#primaryimage","url":"http:\/\/www.balther.net\/public\/buttons\/nupp_latvia.gif","contentUrl":"http:\/\/www.balther.net\/public\/buttons\/nupp_latvia.gif"},{"@type":"BreadcrumbList","@id":"https:\/\/www.balther.net\/et\/kasulikud-viited\/infoportaalid\/lati\/#breadcrumb","itemListElement":[{"@type":"ListItem","position":1,"name":"Home","item":"https:\/\/www.balther.net\/et\/"},{"@type":"ListItem","position":2,"name":"Kasulikud viited","item":"https:\/\/www.balther.net\/et\/kasulikud-viited\/"},{"@type":"ListItem","position":3,"name":"Infoportaalid","item":"https:\/\/www.balther.net\/et\/kasulikud-viited\/infoportaalid\/"},{"@type":"ListItem","position":4,"name":"L\u00e4ti"}]},{"@type":"WebSite","@id":"https:\/\/www.balther.net\/#website","url":"https:\/\/www.balther.net\/","name":"BaltHerNet","description":"","potentialAction":[{"@type":"SearchAction","target":{"@type":"EntryPoint","urlTemplate":"https:\/\/www.balther.net\/?s={search_term_string}"},"query-input":{"@type":"PropertyValueSpecification","valueRequired":true,"valueName":"search_term_string"}}],"inLanguage":"et"}]}},"_links":{"self":[{"href":"https:\/\/www.balther.net\/et\/wp-json\/wp\/v2\/pages\/1758","targetHints":{"allow":["GET"]}}],"collection":[{"href":"https:\/\/www.balther.net\/et\/wp-json\/wp\/v2\/pages"}],"about":[{"href":"https:\/\/www.balther.net\/et\/wp-json\/wp\/v2\/types\/page"}],"author":[{"embeddable":true,"href":"https:\/\/www.balther.net\/et\/wp-json\/wp\/v2\/users\/5"}],"replies":[{"embeddable":true,"href":"https:\/\/www.balther.net\/et\/wp-json\/wp\/v2\/comments?post=1758"}],"version-history":[{"count":2,"href":"https:\/\/www.balther.net\/et\/wp-json\/wp\/v2\/pages\/1758\/revisions"}],"predecessor-version":[{"id":2770,"href":"https:\/\/www.balther.net\/et\/wp-json\/wp\/v2\/pages\/1758\/revisions\/2770"}],"up":[{"embeddable":true,"href":"https:\/\/www.balther.net\/et\/wp-json\/wp\/v2\/pages\/1013"}],"wp:attachment":[{"href":"https:\/\/www.balther.net\/et\/wp-json\/wp\/v2\/media?parent=1758"}],"curies":[{"name":"wp","href":"https:\/\/api.w.org\/{rel}","templated":true}]}}