{"id":1736,"date":"2016-01-03T14:23:29","date_gmt":"2016-01-03T14:23:29","guid":{"rendered":"http:\/\/uus.balther.net\/?page_id=1736&#038;lang=et"},"modified":"2016-01-17T14:09:57","modified_gmt":"2016-01-17T14:09:57","slug":"mida-teha-onnetuste-korral","status":"publish","type":"page","link":"https:\/\/www.balther.net\/et\/kasulikud-viited\/juhiseid-koguhoidjale\/mida-teha-onnetuste-korral\/","title":{"rendered":"Mida teha \u00f5nnetuste korral"},"content":{"rendered":"<h5>Mida teha \u00f5nnetuste korral?<\/h5>\n<p style=\"text-align: justify;\"><strong>Tule- v\u00f5i veekahjustuste, hallituse, korrosiooni, n\u00e4riliste hammustuste jm<\/strong> korral\u00a0tuleb materjalid v\u00f5imalikult ruttu kasutusest eemaldada ning edasise k\u00e4sitsemise osas konsulteerida spetsialistidega. Soovitav on v\u00f5tta \u00fchendust riiklike arhiivide s\u00e4ilitamise ja konserveerimise valdkonna asjatundjatega v\u00f5i vastavat teenust pakkuvate ettev\u00f5tjatega.<\/p>\n<p style=\"text-align: justify;\">\u00d5nnetust ennetava ja \u00f5nnetuse j\u00e4rgse tegutsemise \u00fclevaatliku juhisena v\u00f5ib n\u00e4iteks tuua\u00a0<strong><a href=\"http:\/\/www.arhiiv.ee\/public\/Juhised\/Veekahjustused_2010.pdf\" target=\"_blank\">Veekahjustustega arhivaalide k\u00e4sitsemine (2011)<\/a>.<\/strong><br \/>\nTeemad:<br \/>\n&#8211; peamised veekahjustused (paber, nahk, p\u00e4rgament, foto- ja filmiaines, masinloetavad andmekandjad);<br \/>\n&#8211; arhivaalide evakueerimine (ettevalmistamine, n\u00f5uded, pakendamine, m\u00e4rgistamine, k\u00fclmutamine);<br \/>\n&#8211; arhivaalide konserveerimine (n\u00f5uded, dokumenteerimine, p\u00e4\u00e4stet\u00f6\u00f6de prioriteedid, kuivatamine, n\u00e4ited t\u00fc\u00fcbiti &#8211; k\u00f6ited, k\u00f6itmata arhivaalid, maal, masinloetavad andmekandjad, foto- ja filmiaines, hallituskahjustustega arhivaalid).<br \/>\nNB! Sisaldab rohkelt pildimaterjali koos n\u00e4itlike lisadega.<\/p>\n","protected":false},"excerpt":{"rendered":"<p>Mida teha \u00f5nnetuste korral? Tule- v\u00f5i veekahjustuste, hallituse, korrosiooni, n\u00e4riliste hammustuste jm korral\u00a0tuleb materjalid v\u00f5imalikult ruttu kasutusest eemaldada ning edasise k\u00e4sitsemise osas konsulteerida spetsialistidega. Soovitav on v\u00f5tta \u00fchendust riiklike arhiivide s\u00e4ilitamise ja konserveerimise valdkonna asjatundjatega v\u00f5i vastavat teenust pakkuvate ettev\u00f5tjatega. \u00d5nnetust ennetava ja \u00f5nnetuse j\u00e4rgse tegutsemise \u00fclevaatliku juhisena v\u00f5ib n\u00e4iteks tuua\u00a0Veekahjustustega arhivaalide k\u00e4sitsemine (2011). Teemad: &#8211; peamised veekahjustused (paber, nahk, p\u00e4rgament, foto- ja filmiaines, masinloetavad andmekandjad); &#8211; arhivaalide evakueerimine (ettevalmistamine, n\u00f5uded, pakendamine, m\u00e4rgistamine, k\u00fclmutamine); &#8211; arhivaalide konserveerimine (n\u00f5uded, dokumenteerimine, p\u00e4\u00e4stet\u00f6\u00f6de prioriteedid, kuivatamine, n\u00e4ited t\u00fc\u00fcbiti &#8211; k\u00f6ited, k\u00f6itmata arhivaalid, maal, masinloetavad andmekandjad, foto- ja filmiaines, hallituskahjustustega arhivaalid). NB! Sisaldab rohkelt pildimaterjali koos n\u00e4itlike lisadega.<\/p>\n","protected":false},"author":5,"featured_media":0,"parent":1009,"menu_order":5,"comment_status":"closed","ping_status":"closed","template":"","meta":{"_acf_changed":false,"_monsterinsights_skip_tracking":false,"_monsterinsights_sitenote_active":false,"_monsterinsights_sitenote_note":"","_monsterinsights_sitenote_category":0,"ngg_post_thumbnail":0,"footnotes":""},"class_list":["post-1736","page","type-page","status-publish","hentry"],"acf":[],"yoast_head":"<!-- This site is optimized with the Yoast SEO plugin v24.2 - https:\/\/yoast.com\/wordpress\/plugins\/seo\/ -->\n<title>Mida teha \u00f5nnetuste korral - BaltHerNet<\/title>\n<meta name=\"robots\" content=\"index, follow, max-snippet:-1, max-image-preview:large, max-video-preview:-1\" \/>\n<link rel=\"canonical\" href=\"https:\/\/www.balther.net\/et\/kasulikud-viited\/juhiseid-koguhoidjale\/mida-teha-onnetuste-korral\/\" \/>\n<meta property=\"og:locale\" content=\"et_EE\" \/>\n<meta property=\"og:type\" content=\"article\" \/>\n<meta property=\"og:title\" content=\"Mida teha \u00f5nnetuste korral - BaltHerNet\" \/>\n<meta property=\"og:description\" content=\"Mida teha \u00f5nnetuste korral? Tule- v\u00f5i veekahjustuste, hallituse, korrosiooni, n\u00e4riliste hammustuste jm korral\u00a0tuleb materjalid v\u00f5imalikult ruttu kasutusest eemaldada ning edasise k\u00e4sitsemise osas konsulteerida spetsialistidega. Soovitav on v\u00f5tta \u00fchendust riiklike arhiivide s\u00e4ilitamise ja konserveerimise valdkonna asjatundjatega v\u00f5i vastavat teenust pakkuvate ettev\u00f5tjatega. \u00d5nnetust ennetava ja \u00f5nnetuse j\u00e4rgse tegutsemise \u00fclevaatliku juhisena v\u00f5ib n\u00e4iteks tuua\u00a0Veekahjustustega arhivaalide k\u00e4sitsemine (2011). Teemad: &#8211; peamised veekahjustused (paber, nahk, p\u00e4rgament, foto- ja filmiaines, masinloetavad andmekandjad); &#8211; arhivaalide evakueerimine (ettevalmistamine, n\u00f5uded, pakendamine, m\u00e4rgistamine, k\u00fclmutamine); &#8211; arhivaalide konserveerimine (n\u00f5uded, dokumenteerimine, p\u00e4\u00e4stet\u00f6\u00f6de prioriteedid, kuivatamine, n\u00e4ited t\u00fc\u00fcbiti &#8211; k\u00f6ited, k\u00f6itmata arhivaalid, maal, masinloetavad andmekandjad, foto- ja filmiaines, hallituskahjustustega arhivaalid). NB! Sisaldab rohkelt pildimaterjali koos n\u00e4itlike lisadega.\" \/>\n<meta property=\"og:url\" content=\"https:\/\/www.balther.net\/et\/kasulikud-viited\/juhiseid-koguhoidjale\/mida-teha-onnetuste-korral\/\" \/>\n<meta property=\"og:site_name\" content=\"BaltHerNet\" \/>\n<meta property=\"article:modified_time\" content=\"2016-01-17T14:09:57+00:00\" \/>\n<meta name=\"twitter:card\" content=\"summary_large_image\" \/>\n<meta name=\"twitter:label1\" content=\"Est. reading time\" \/>\n\t<meta name=\"twitter:data1\" content=\"1 minut\" \/>\n<script type=\"application\/ld+json\" class=\"yoast-schema-graph\">{\"@context\":\"https:\/\/schema.org\",\"@graph\":[{\"@type\":\"WebPage\",\"@id\":\"https:\/\/www.balther.net\/et\/kasulikud-viited\/juhiseid-koguhoidjale\/mida-teha-onnetuste-korral\/\",\"url\":\"https:\/\/www.balther.net\/et\/kasulikud-viited\/juhiseid-koguhoidjale\/mida-teha-onnetuste-korral\/\",\"name\":\"Mida teha \u00f5nnetuste korral - BaltHerNet\",\"isPartOf\":{\"@id\":\"https:\/\/www.balther.net\/#website\"},\"datePublished\":\"2016-01-03T14:23:29+00:00\",\"dateModified\":\"2016-01-17T14:09:57+00:00\",\"breadcrumb\":{\"@id\":\"https:\/\/www.balther.net\/et\/kasulikud-viited\/juhiseid-koguhoidjale\/mida-teha-onnetuste-korral\/#breadcrumb\"},\"inLanguage\":\"et\",\"potentialAction\":[{\"@type\":\"ReadAction\",\"target\":[\"https:\/\/www.balther.net\/et\/kasulikud-viited\/juhiseid-koguhoidjale\/mida-teha-onnetuste-korral\/\"]}]},{\"@type\":\"BreadcrumbList\",\"@id\":\"https:\/\/www.balther.net\/et\/kasulikud-viited\/juhiseid-koguhoidjale\/mida-teha-onnetuste-korral\/#breadcrumb\",\"itemListElement\":[{\"@type\":\"ListItem\",\"position\":1,\"name\":\"Home\",\"item\":\"https:\/\/www.balther.net\/et\/\"},{\"@type\":\"ListItem\",\"position\":2,\"name\":\"Kasulikud viited\",\"item\":\"https:\/\/www.balther.net\/et\/kasulikud-viited\/\"},{\"@type\":\"ListItem\",\"position\":3,\"name\":\"Juhiseid koguhoidjale\",\"item\":\"https:\/\/www.balther.net\/et\/kasulikud-viited\/juhiseid-koguhoidjale\/\"},{\"@type\":\"ListItem\",\"position\":4,\"name\":\"Mida teha \u00f5nnetuste korral\"}]},{\"@type\":\"WebSite\",\"@id\":\"https:\/\/www.balther.net\/#website\",\"url\":\"https:\/\/www.balther.net\/\",\"name\":\"BaltHerNet\",\"description\":\"\",\"potentialAction\":[{\"@type\":\"SearchAction\",\"target\":{\"@type\":\"EntryPoint\",\"urlTemplate\":\"https:\/\/www.balther.net\/?s={search_term_string}\"},\"query-input\":{\"@type\":\"PropertyValueSpecification\",\"valueRequired\":true,\"valueName\":\"search_term_string\"}}],\"inLanguage\":\"et\"}]}<\/script>\n<!-- \/ Yoast SEO plugin. -->","yoast_head_json":{"title":"Mida teha \u00f5nnetuste korral - BaltHerNet","robots":{"index":"index","follow":"follow","max-snippet":"max-snippet:-1","max-image-preview":"max-image-preview:large","max-video-preview":"max-video-preview:-1"},"canonical":"https:\/\/www.balther.net\/et\/kasulikud-viited\/juhiseid-koguhoidjale\/mida-teha-onnetuste-korral\/","og_locale":"et_EE","og_type":"article","og_title":"Mida teha \u00f5nnetuste korral - BaltHerNet","og_description":"Mida teha \u00f5nnetuste korral? Tule- v\u00f5i veekahjustuste, hallituse, korrosiooni, n\u00e4riliste hammustuste jm korral\u00a0tuleb materjalid v\u00f5imalikult ruttu kasutusest eemaldada ning edasise k\u00e4sitsemise osas konsulteerida spetsialistidega. Soovitav on v\u00f5tta \u00fchendust riiklike arhiivide s\u00e4ilitamise ja konserveerimise valdkonna asjatundjatega v\u00f5i vastavat teenust pakkuvate ettev\u00f5tjatega. \u00d5nnetust ennetava ja \u00f5nnetuse j\u00e4rgse tegutsemise \u00fclevaatliku juhisena v\u00f5ib n\u00e4iteks tuua\u00a0Veekahjustustega arhivaalide k\u00e4sitsemine (2011). Teemad: &#8211; peamised veekahjustused (paber, nahk, p\u00e4rgament, foto- ja filmiaines, masinloetavad andmekandjad); &#8211; arhivaalide evakueerimine (ettevalmistamine, n\u00f5uded, pakendamine, m\u00e4rgistamine, k\u00fclmutamine); &#8211; arhivaalide konserveerimine (n\u00f5uded, dokumenteerimine, p\u00e4\u00e4stet\u00f6\u00f6de prioriteedid, kuivatamine, n\u00e4ited t\u00fc\u00fcbiti &#8211; k\u00f6ited, k\u00f6itmata arhivaalid, maal, masinloetavad andmekandjad, foto- ja filmiaines, hallituskahjustustega arhivaalid). NB! Sisaldab rohkelt pildimaterjali koos n\u00e4itlike lisadega.","og_url":"https:\/\/www.balther.net\/et\/kasulikud-viited\/juhiseid-koguhoidjale\/mida-teha-onnetuste-korral\/","og_site_name":"BaltHerNet","article_modified_time":"2016-01-17T14:09:57+00:00","twitter_card":"summary_large_image","twitter_misc":{"Est. reading time":"1 minut"},"schema":{"@context":"https:\/\/schema.org","@graph":[{"@type":"WebPage","@id":"https:\/\/www.balther.net\/et\/kasulikud-viited\/juhiseid-koguhoidjale\/mida-teha-onnetuste-korral\/","url":"https:\/\/www.balther.net\/et\/kasulikud-viited\/juhiseid-koguhoidjale\/mida-teha-onnetuste-korral\/","name":"Mida teha \u00f5nnetuste korral - BaltHerNet","isPartOf":{"@id":"https:\/\/www.balther.net\/#website"},"datePublished":"2016-01-03T14:23:29+00:00","dateModified":"2016-01-17T14:09:57+00:00","breadcrumb":{"@id":"https:\/\/www.balther.net\/et\/kasulikud-viited\/juhiseid-koguhoidjale\/mida-teha-onnetuste-korral\/#breadcrumb"},"inLanguage":"et","potentialAction":[{"@type":"ReadAction","target":["https:\/\/www.balther.net\/et\/kasulikud-viited\/juhiseid-koguhoidjale\/mida-teha-onnetuste-korral\/"]}]},{"@type":"BreadcrumbList","@id":"https:\/\/www.balther.net\/et\/kasulikud-viited\/juhiseid-koguhoidjale\/mida-teha-onnetuste-korral\/#breadcrumb","itemListElement":[{"@type":"ListItem","position":1,"name":"Home","item":"https:\/\/www.balther.net\/et\/"},{"@type":"ListItem","position":2,"name":"Kasulikud viited","item":"https:\/\/www.balther.net\/et\/kasulikud-viited\/"},{"@type":"ListItem","position":3,"name":"Juhiseid koguhoidjale","item":"https:\/\/www.balther.net\/et\/kasulikud-viited\/juhiseid-koguhoidjale\/"},{"@type":"ListItem","position":4,"name":"Mida teha \u00f5nnetuste korral"}]},{"@type":"WebSite","@id":"https:\/\/www.balther.net\/#website","url":"https:\/\/www.balther.net\/","name":"BaltHerNet","description":"","potentialAction":[{"@type":"SearchAction","target":{"@type":"EntryPoint","urlTemplate":"https:\/\/www.balther.net\/?s={search_term_string}"},"query-input":{"@type":"PropertyValueSpecification","valueRequired":true,"valueName":"search_term_string"}}],"inLanguage":"et"}]}},"_links":{"self":[{"href":"https:\/\/www.balther.net\/et\/wp-json\/wp\/v2\/pages\/1736","targetHints":{"allow":["GET"]}}],"collection":[{"href":"https:\/\/www.balther.net\/et\/wp-json\/wp\/v2\/pages"}],"about":[{"href":"https:\/\/www.balther.net\/et\/wp-json\/wp\/v2\/types\/page"}],"author":[{"embeddable":true,"href":"https:\/\/www.balther.net\/et\/wp-json\/wp\/v2\/users\/5"}],"replies":[{"embeddable":true,"href":"https:\/\/www.balther.net\/et\/wp-json\/wp\/v2\/comments?post=1736"}],"version-history":[{"count":4,"href":"https:\/\/www.balther.net\/et\/wp-json\/wp\/v2\/pages\/1736\/revisions"}],"predecessor-version":[{"id":2746,"href":"https:\/\/www.balther.net\/et\/wp-json\/wp\/v2\/pages\/1736\/revisions\/2746"}],"up":[{"embeddable":true,"href":"https:\/\/www.balther.net\/et\/wp-json\/wp\/v2\/pages\/1009"}],"wp:attachment":[{"href":"https:\/\/www.balther.net\/et\/wp-json\/wp\/v2\/media?parent=1736"}],"curies":[{"name":"wp","href":"https:\/\/api.w.org\/{rel}","templated":true}]}}