{"id":1734,"date":"2016-01-03T14:23:03","date_gmt":"2016-01-03T14:23:03","guid":{"rendered":"http:\/\/uus.balther.net\/?page_id=1734&#038;lang=et"},"modified":"2016-01-17T14:06:56","modified_gmt":"2016-01-17T14:06:56","slug":"mida-teha-digitaaldokumentidega","status":"publish","type":"page","link":"https:\/\/www.balther.net\/et\/kasulikud-viited\/juhiseid-koguhoidjale\/mida-teha-digitaaldokumentidega\/","title":{"rendered":"Mida teha digitaaldokumentidega"},"content":{"rendered":"<h5>Mida teha digitaaldokumentidega?<\/h5>\n<p style=\"text-align: justify;\"><strong>Digitaalselt s\u00fcndinud ja digitaalsena saadud dokumendid, digitaalne dokumendihaldus ja digitaalarhiivindus<\/strong> on p\u00e4evakajalised teemad. Et olulised digitaaldokumendid s\u00e4iliksid ning et neid oleks v\u00f5imalik s\u00e4ilitada ja kasutada ka tulevikus, on soovituslik juhinduda arhiivide loodud digitaalarhiivinduse alusdokumentidest.<\/p>\n<p>Eesti keeles on k\u00e4ttesaadavad j\u00e4rgmised \u00fclevaatlikud k\u00e4sitlused:<br \/>\n&#8211; <a href=\"http:\/\/www.ra.ee\/public\/Digiarhiiv\/digistrateegia.pdf\" target=\"_blank\"><strong>Digitaalarhiivinduse strateegia 2005-2010<\/strong><\/a><br \/>\n&#8211; <a href=\"http:\/\/www.ra.ee\/public\/Juhised\/digiinfo_cd.pdf\" target=\"_blank\"><strong>Digitaalse info hoidmine CD-Ril<\/strong><\/a><br \/>\n&#8211; <a href=\"http:\/\/www.ra.ee\/public\/Juhised\/digiinfo_havitamine.pdf\" target=\"_blank\"><strong>Digitaalse info h\u00e4vitamine<\/strong><\/a><\/p>\n<p><strong>Digitaaldokumentide arhiivi \u00fcleandmiseks<\/strong> on soovitav juhinduda \u00fclevaatest <strong><a href=\"https:\/\/www.riigiteataja.ee\/ert\/act.jsp?id=263235\" target=\"_blank\">N\u00f5uded digitaalarhivaalide arhiivi \u00fcleandmiseks<\/a>.<\/strong><\/p>\n<p>Kiireid vastuseid <strong>\u00fcldisematele digitaalarhiivinduslikele k\u00fcsimustele,<\/strong> teemakohastele \u201ev\u00f5tmeveebidele\u201c ning Rahvusarhiivi n\u00e4pun\u00e4iteid leiab pidevalt arenevast <b><a href=\"http:\/\/www.ra.ee\/et\/digitaalarhiivindus\/&amp;i=6\" target=\"_blank\">digitaalarhiivinduse veebist<\/a><\/b>.<\/p>\n","protected":false},"excerpt":{"rendered":"<p>Mida teha digitaaldokumentidega? Digitaalselt s\u00fcndinud ja digitaalsena saadud dokumendid, digitaalne dokumendihaldus ja digitaalarhiivindus on p\u00e4evakajalised teemad. Et olulised digitaaldokumendid s\u00e4iliksid ning et neid oleks v\u00f5imalik s\u00e4ilitada ja kasutada ka tulevikus, on soovituslik juhinduda arhiivide loodud digitaalarhiivinduse alusdokumentidest. Eesti keeles on k\u00e4ttesaadavad j\u00e4rgmised \u00fclevaatlikud k\u00e4sitlused: &#8211; Digitaalarhiivinduse strateegia 2005-2010 &#8211; Digitaalse info hoidmine CD-Ril &#8211; Digitaalse info h\u00e4vitamine Digitaaldokumentide arhiivi \u00fcleandmiseks on soovitav juhinduda \u00fclevaatest N\u00f5uded digitaalarhivaalide arhiivi \u00fcleandmiseks. Kiireid vastuseid \u00fcldisematele digitaalarhiivinduslikele k\u00fcsimustele, teemakohastele \u201ev\u00f5tmeveebidele\u201c ning Rahvusarhiivi n\u00e4pun\u00e4iteid leiab pidevalt arenevast digitaalarhiivinduse veebist.<\/p>\n","protected":false},"author":5,"featured_media":0,"parent":1009,"menu_order":4,"comment_status":"closed","ping_status":"closed","template":"","meta":{"_acf_changed":false,"_monsterinsights_skip_tracking":false,"_monsterinsights_sitenote_active":false,"_monsterinsights_sitenote_note":"","_monsterinsights_sitenote_category":0,"ngg_post_thumbnail":0,"footnotes":""},"class_list":["post-1734","page","type-page","status-publish","hentry"],"acf":[],"yoast_head":"<!-- This site is optimized with the Yoast SEO plugin v24.2 - https:\/\/yoast.com\/wordpress\/plugins\/seo\/ -->\n<title>Mida teha digitaaldokumentidega - BaltHerNet<\/title>\n<meta name=\"robots\" content=\"index, follow, max-snippet:-1, max-image-preview:large, max-video-preview:-1\" \/>\n<link rel=\"canonical\" href=\"https:\/\/www.balther.net\/et\/kasulikud-viited\/juhiseid-koguhoidjale\/mida-teha-digitaaldokumentidega\/\" \/>\n<meta property=\"og:locale\" content=\"et_EE\" \/>\n<meta property=\"og:type\" content=\"article\" \/>\n<meta property=\"og:title\" content=\"Mida teha digitaaldokumentidega - BaltHerNet\" \/>\n<meta property=\"og:description\" content=\"Mida teha digitaaldokumentidega? Digitaalselt s\u00fcndinud ja digitaalsena saadud dokumendid, digitaalne dokumendihaldus ja digitaalarhiivindus on p\u00e4evakajalised teemad. Et olulised digitaaldokumendid s\u00e4iliksid ning et neid oleks v\u00f5imalik s\u00e4ilitada ja kasutada ka tulevikus, on soovituslik juhinduda arhiivide loodud digitaalarhiivinduse alusdokumentidest. Eesti keeles on k\u00e4ttesaadavad j\u00e4rgmised \u00fclevaatlikud k\u00e4sitlused: &#8211; Digitaalarhiivinduse strateegia 2005-2010 &#8211; Digitaalse info hoidmine CD-Ril &#8211; Digitaalse info h\u00e4vitamine Digitaaldokumentide arhiivi \u00fcleandmiseks on soovitav juhinduda \u00fclevaatest N\u00f5uded digitaalarhivaalide arhiivi \u00fcleandmiseks. Kiireid vastuseid \u00fcldisematele digitaalarhiivinduslikele k\u00fcsimustele, teemakohastele \u201ev\u00f5tmeveebidele\u201c ning Rahvusarhiivi n\u00e4pun\u00e4iteid leiab pidevalt arenevast digitaalarhiivinduse veebist.\" \/>\n<meta property=\"og:url\" content=\"https:\/\/www.balther.net\/et\/kasulikud-viited\/juhiseid-koguhoidjale\/mida-teha-digitaaldokumentidega\/\" \/>\n<meta property=\"og:site_name\" content=\"BaltHerNet\" \/>\n<meta property=\"article:modified_time\" content=\"2016-01-17T14:06:56+00:00\" \/>\n<meta name=\"twitter:card\" content=\"summary_large_image\" \/>\n<script type=\"application\/ld+json\" class=\"yoast-schema-graph\">{\"@context\":\"https:\/\/schema.org\",\"@graph\":[{\"@type\":\"WebPage\",\"@id\":\"https:\/\/www.balther.net\/et\/kasulikud-viited\/juhiseid-koguhoidjale\/mida-teha-digitaaldokumentidega\/\",\"url\":\"https:\/\/www.balther.net\/et\/kasulikud-viited\/juhiseid-koguhoidjale\/mida-teha-digitaaldokumentidega\/\",\"name\":\"Mida teha digitaaldokumentidega - BaltHerNet\",\"isPartOf\":{\"@id\":\"https:\/\/www.balther.net\/#website\"},\"datePublished\":\"2016-01-03T14:23:03+00:00\",\"dateModified\":\"2016-01-17T14:06:56+00:00\",\"breadcrumb\":{\"@id\":\"https:\/\/www.balther.net\/et\/kasulikud-viited\/juhiseid-koguhoidjale\/mida-teha-digitaaldokumentidega\/#breadcrumb\"},\"inLanguage\":\"et\",\"potentialAction\":[{\"@type\":\"ReadAction\",\"target\":[\"https:\/\/www.balther.net\/et\/kasulikud-viited\/juhiseid-koguhoidjale\/mida-teha-digitaaldokumentidega\/\"]}]},{\"@type\":\"BreadcrumbList\",\"@id\":\"https:\/\/www.balther.net\/et\/kasulikud-viited\/juhiseid-koguhoidjale\/mida-teha-digitaaldokumentidega\/#breadcrumb\",\"itemListElement\":[{\"@type\":\"ListItem\",\"position\":1,\"name\":\"Home\",\"item\":\"https:\/\/www.balther.net\/et\/\"},{\"@type\":\"ListItem\",\"position\":2,\"name\":\"Kasulikud viited\",\"item\":\"https:\/\/www.balther.net\/et\/kasulikud-viited\/\"},{\"@type\":\"ListItem\",\"position\":3,\"name\":\"Juhiseid koguhoidjale\",\"item\":\"https:\/\/www.balther.net\/et\/kasulikud-viited\/juhiseid-koguhoidjale\/\"},{\"@type\":\"ListItem\",\"position\":4,\"name\":\"Mida teha digitaaldokumentidega\"}]},{\"@type\":\"WebSite\",\"@id\":\"https:\/\/www.balther.net\/#website\",\"url\":\"https:\/\/www.balther.net\/\",\"name\":\"BaltHerNet\",\"description\":\"\",\"potentialAction\":[{\"@type\":\"SearchAction\",\"target\":{\"@type\":\"EntryPoint\",\"urlTemplate\":\"https:\/\/www.balther.net\/?s={search_term_string}\"},\"query-input\":{\"@type\":\"PropertyValueSpecification\",\"valueRequired\":true,\"valueName\":\"search_term_string\"}}],\"inLanguage\":\"et\"}]}<\/script>\n<!-- \/ Yoast SEO plugin. -->","yoast_head_json":{"title":"Mida teha digitaaldokumentidega - BaltHerNet","robots":{"index":"index","follow":"follow","max-snippet":"max-snippet:-1","max-image-preview":"max-image-preview:large","max-video-preview":"max-video-preview:-1"},"canonical":"https:\/\/www.balther.net\/et\/kasulikud-viited\/juhiseid-koguhoidjale\/mida-teha-digitaaldokumentidega\/","og_locale":"et_EE","og_type":"article","og_title":"Mida teha digitaaldokumentidega - BaltHerNet","og_description":"Mida teha digitaaldokumentidega? Digitaalselt s\u00fcndinud ja digitaalsena saadud dokumendid, digitaalne dokumendihaldus ja digitaalarhiivindus on p\u00e4evakajalised teemad. Et olulised digitaaldokumendid s\u00e4iliksid ning et neid oleks v\u00f5imalik s\u00e4ilitada ja kasutada ka tulevikus, on soovituslik juhinduda arhiivide loodud digitaalarhiivinduse alusdokumentidest. Eesti keeles on k\u00e4ttesaadavad j\u00e4rgmised \u00fclevaatlikud k\u00e4sitlused: &#8211; Digitaalarhiivinduse strateegia 2005-2010 &#8211; Digitaalse info hoidmine CD-Ril &#8211; Digitaalse info h\u00e4vitamine Digitaaldokumentide arhiivi \u00fcleandmiseks on soovitav juhinduda \u00fclevaatest N\u00f5uded digitaalarhivaalide arhiivi \u00fcleandmiseks. Kiireid vastuseid \u00fcldisematele digitaalarhiivinduslikele k\u00fcsimustele, teemakohastele \u201ev\u00f5tmeveebidele\u201c ning Rahvusarhiivi n\u00e4pun\u00e4iteid leiab pidevalt arenevast digitaalarhiivinduse veebist.","og_url":"https:\/\/www.balther.net\/et\/kasulikud-viited\/juhiseid-koguhoidjale\/mida-teha-digitaaldokumentidega\/","og_site_name":"BaltHerNet","article_modified_time":"2016-01-17T14:06:56+00:00","twitter_card":"summary_large_image","schema":{"@context":"https:\/\/schema.org","@graph":[{"@type":"WebPage","@id":"https:\/\/www.balther.net\/et\/kasulikud-viited\/juhiseid-koguhoidjale\/mida-teha-digitaaldokumentidega\/","url":"https:\/\/www.balther.net\/et\/kasulikud-viited\/juhiseid-koguhoidjale\/mida-teha-digitaaldokumentidega\/","name":"Mida teha digitaaldokumentidega - BaltHerNet","isPartOf":{"@id":"https:\/\/www.balther.net\/#website"},"datePublished":"2016-01-03T14:23:03+00:00","dateModified":"2016-01-17T14:06:56+00:00","breadcrumb":{"@id":"https:\/\/www.balther.net\/et\/kasulikud-viited\/juhiseid-koguhoidjale\/mida-teha-digitaaldokumentidega\/#breadcrumb"},"inLanguage":"et","potentialAction":[{"@type":"ReadAction","target":["https:\/\/www.balther.net\/et\/kasulikud-viited\/juhiseid-koguhoidjale\/mida-teha-digitaaldokumentidega\/"]}]},{"@type":"BreadcrumbList","@id":"https:\/\/www.balther.net\/et\/kasulikud-viited\/juhiseid-koguhoidjale\/mida-teha-digitaaldokumentidega\/#breadcrumb","itemListElement":[{"@type":"ListItem","position":1,"name":"Home","item":"https:\/\/www.balther.net\/et\/"},{"@type":"ListItem","position":2,"name":"Kasulikud viited","item":"https:\/\/www.balther.net\/et\/kasulikud-viited\/"},{"@type":"ListItem","position":3,"name":"Juhiseid koguhoidjale","item":"https:\/\/www.balther.net\/et\/kasulikud-viited\/juhiseid-koguhoidjale\/"},{"@type":"ListItem","position":4,"name":"Mida teha digitaaldokumentidega"}]},{"@type":"WebSite","@id":"https:\/\/www.balther.net\/#website","url":"https:\/\/www.balther.net\/","name":"BaltHerNet","description":"","potentialAction":[{"@type":"SearchAction","target":{"@type":"EntryPoint","urlTemplate":"https:\/\/www.balther.net\/?s={search_term_string}"},"query-input":{"@type":"PropertyValueSpecification","valueRequired":true,"valueName":"search_term_string"}}],"inLanguage":"et"}]}},"_links":{"self":[{"href":"https:\/\/www.balther.net\/et\/wp-json\/wp\/v2\/pages\/1734","targetHints":{"allow":["GET"]}}],"collection":[{"href":"https:\/\/www.balther.net\/et\/wp-json\/wp\/v2\/pages"}],"about":[{"href":"https:\/\/www.balther.net\/et\/wp-json\/wp\/v2\/types\/page"}],"author":[{"embeddable":true,"href":"https:\/\/www.balther.net\/et\/wp-json\/wp\/v2\/users\/5"}],"replies":[{"embeddable":true,"href":"https:\/\/www.balther.net\/et\/wp-json\/wp\/v2\/comments?post=1734"}],"version-history":[{"count":3,"href":"https:\/\/www.balther.net\/et\/wp-json\/wp\/v2\/pages\/1734\/revisions"}],"predecessor-version":[{"id":2743,"href":"https:\/\/www.balther.net\/et\/wp-json\/wp\/v2\/pages\/1734\/revisions\/2743"}],"up":[{"embeddable":true,"href":"https:\/\/www.balther.net\/et\/wp-json\/wp\/v2\/pages\/1009"}],"wp:attachment":[{"href":"https:\/\/www.balther.net\/et\/wp-json\/wp\/v2\/media?parent=1734"}],"curies":[{"name":"wp","href":"https:\/\/api.w.org\/{rel}","templated":true}]}}