{"id":1731,"date":"2016-01-03T14:22:26","date_gmt":"2016-01-03T14:22:26","guid":{"rendered":"http:\/\/uus.balther.net\/?page_id=1731&#038;lang=et"},"modified":"2016-01-17T14:04:40","modified_gmt":"2016-01-17T14:04:40","slug":"kuidas-arhiive-ule-anda","status":"publish","type":"page","link":"https:\/\/www.balther.net\/et\/kasulikud-viited\/juhiseid-koguhoidjale\/kuidas-arhiive-ule-anda\/","title":{"rendered":"Kuidas arhiive \u00fcle anda"},"content":{"rendered":"<h5 style=\"text-align: justify;\">Kuidas arhiive \u00fcle anda?<\/h5>\n<p style=\"text-align: justify;\">Kui omanikul ei ole soovi ega v\u00f5imalusi arhiivi s\u00e4ilitamiseks, saab arhiivi edaspidiseks hoidmiseks anda arhiiviasutusse.<\/p>\n<p>Selleks on oluline tutvuda m\u00e4luasutustega ning otstarbekas on valida asutus, kes s\u00e4ilitab juba oma kogudes sarnase profiiliga dokumente ning esemeid.<\/p>\n<p style=\"text-align: justify;\">Samuti tuleb veenduda, et asutusel on v\u00f5imalik tagada teie kogule n\u00f5utavad s\u00e4ilitustingimused.<\/p>\n<p style=\"text-align: justify;\">Kogu kasutusse andmisel saate ise m\u00e4\u00e4rata ettekirjutuse juurdep\u00e4\u00e4supiirangute ja autori\u00f5iguste kaitse kohta.<\/p>\n<p style=\"text-align: justify;\">K\u00f5ik \u00fcleandmise tingimused peavad kajastuma lepingus.<\/p>\n<p>Eestis v\u00f5tavad arhiive, tr\u00fckiseid ja esemelisi kollektsioone riiklikule s\u00e4ilitamisele <a href=\"http:\/\/www.balther.net\/et\/maluasutused\/eesti\/muuseumid\/\">muuseumid<\/a>, <a href=\"http:\/\/www.balther.net\/et\/maluasutused\/eesti\/arhiivid\/\">avalikud arhiivid<\/a> ja <a href=\"http:\/\/www.balther.net\/et\/maluasutused\/eesti\/raamatukogud\/\">raamatukogud<\/a>.<\/p>\n","protected":false},"excerpt":{"rendered":"<p>Kuidas arhiive \u00fcle anda? Kui omanikul ei ole soovi ega v\u00f5imalusi arhiivi s\u00e4ilitamiseks, saab arhiivi edaspidiseks hoidmiseks anda arhiiviasutusse. Selleks on oluline tutvuda m\u00e4luasutustega ning otstarbekas on valida asutus, kes s\u00e4ilitab juba oma kogudes sarnase profiiliga dokumente ning esemeid. Samuti tuleb veenduda, et asutusel on v\u00f5imalik tagada teie kogule n\u00f5utavad s\u00e4ilitustingimused. Kogu kasutusse andmisel saate ise m\u00e4\u00e4rata ettekirjutuse juurdep\u00e4\u00e4supiirangute ja autori\u00f5iguste kaitse kohta. K\u00f5ik \u00fcleandmise tingimused peavad kajastuma lepingus. Eestis v\u00f5tavad arhiive, tr\u00fckiseid ja esemelisi kollektsioone riiklikule s\u00e4ilitamisele muuseumid, avalikud arhiivid ja raamatukogud.<\/p>\n","protected":false},"author":5,"featured_media":0,"parent":1009,"menu_order":3,"comment_status":"closed","ping_status":"closed","template":"","meta":{"_acf_changed":false,"_monsterinsights_skip_tracking":false,"_monsterinsights_sitenote_active":false,"_monsterinsights_sitenote_note":"","_monsterinsights_sitenote_category":0,"ngg_post_thumbnail":0,"footnotes":""},"class_list":["post-1731","page","type-page","status-publish","hentry"],"acf":[],"yoast_head":"<!-- This site is optimized with the Yoast SEO plugin v24.2 - https:\/\/yoast.com\/wordpress\/plugins\/seo\/ -->\n<title>Kuidas arhiive \u00fcle anda - BaltHerNet<\/title>\n<meta name=\"robots\" content=\"index, follow, max-snippet:-1, max-image-preview:large, max-video-preview:-1\" \/>\n<link rel=\"canonical\" href=\"https:\/\/www.balther.net\/et\/kasulikud-viited\/juhiseid-koguhoidjale\/kuidas-arhiive-ule-anda\/\" \/>\n<meta property=\"og:locale\" content=\"et_EE\" \/>\n<meta property=\"og:type\" content=\"article\" \/>\n<meta property=\"og:title\" content=\"Kuidas arhiive \u00fcle anda - BaltHerNet\" \/>\n<meta property=\"og:description\" content=\"Kuidas arhiive \u00fcle anda? Kui omanikul ei ole soovi ega v\u00f5imalusi arhiivi s\u00e4ilitamiseks, saab arhiivi edaspidiseks hoidmiseks anda arhiiviasutusse. Selleks on oluline tutvuda m\u00e4luasutustega ning otstarbekas on valida asutus, kes s\u00e4ilitab juba oma kogudes sarnase profiiliga dokumente ning esemeid. Samuti tuleb veenduda, et asutusel on v\u00f5imalik tagada teie kogule n\u00f5utavad s\u00e4ilitustingimused. Kogu kasutusse andmisel saate ise m\u00e4\u00e4rata ettekirjutuse juurdep\u00e4\u00e4supiirangute ja autori\u00f5iguste kaitse kohta. K\u00f5ik \u00fcleandmise tingimused peavad kajastuma lepingus. Eestis v\u00f5tavad arhiive, tr\u00fckiseid ja esemelisi kollektsioone riiklikule s\u00e4ilitamisele muuseumid, avalikud arhiivid ja raamatukogud.\" \/>\n<meta property=\"og:url\" content=\"https:\/\/www.balther.net\/et\/kasulikud-viited\/juhiseid-koguhoidjale\/kuidas-arhiive-ule-anda\/\" \/>\n<meta property=\"og:site_name\" content=\"BaltHerNet\" \/>\n<meta property=\"article:modified_time\" content=\"2016-01-17T14:04:40+00:00\" \/>\n<meta name=\"twitter:card\" content=\"summary_large_image\" \/>\n<script type=\"application\/ld+json\" class=\"yoast-schema-graph\">{\"@context\":\"https:\/\/schema.org\",\"@graph\":[{\"@type\":\"WebPage\",\"@id\":\"https:\/\/www.balther.net\/et\/kasulikud-viited\/juhiseid-koguhoidjale\/kuidas-arhiive-ule-anda\/\",\"url\":\"https:\/\/www.balther.net\/et\/kasulikud-viited\/juhiseid-koguhoidjale\/kuidas-arhiive-ule-anda\/\",\"name\":\"Kuidas arhiive \u00fcle anda - BaltHerNet\",\"isPartOf\":{\"@id\":\"https:\/\/www.balther.net\/#website\"},\"datePublished\":\"2016-01-03T14:22:26+00:00\",\"dateModified\":\"2016-01-17T14:04:40+00:00\",\"breadcrumb\":{\"@id\":\"https:\/\/www.balther.net\/et\/kasulikud-viited\/juhiseid-koguhoidjale\/kuidas-arhiive-ule-anda\/#breadcrumb\"},\"inLanguage\":\"et\",\"potentialAction\":[{\"@type\":\"ReadAction\",\"target\":[\"https:\/\/www.balther.net\/et\/kasulikud-viited\/juhiseid-koguhoidjale\/kuidas-arhiive-ule-anda\/\"]}]},{\"@type\":\"BreadcrumbList\",\"@id\":\"https:\/\/www.balther.net\/et\/kasulikud-viited\/juhiseid-koguhoidjale\/kuidas-arhiive-ule-anda\/#breadcrumb\",\"itemListElement\":[{\"@type\":\"ListItem\",\"position\":1,\"name\":\"Home\",\"item\":\"https:\/\/www.balther.net\/et\/\"},{\"@type\":\"ListItem\",\"position\":2,\"name\":\"Kasulikud viited\",\"item\":\"https:\/\/www.balther.net\/et\/kasulikud-viited\/\"},{\"@type\":\"ListItem\",\"position\":3,\"name\":\"Juhiseid koguhoidjale\",\"item\":\"https:\/\/www.balther.net\/et\/kasulikud-viited\/juhiseid-koguhoidjale\/\"},{\"@type\":\"ListItem\",\"position\":4,\"name\":\"Kuidas arhiive \u00fcle anda\"}]},{\"@type\":\"WebSite\",\"@id\":\"https:\/\/www.balther.net\/#website\",\"url\":\"https:\/\/www.balther.net\/\",\"name\":\"BaltHerNet\",\"description\":\"\",\"potentialAction\":[{\"@type\":\"SearchAction\",\"target\":{\"@type\":\"EntryPoint\",\"urlTemplate\":\"https:\/\/www.balther.net\/?s={search_term_string}\"},\"query-input\":{\"@type\":\"PropertyValueSpecification\",\"valueRequired\":true,\"valueName\":\"search_term_string\"}}],\"inLanguage\":\"et\"}]}<\/script>\n<!-- \/ Yoast SEO plugin. -->","yoast_head_json":{"title":"Kuidas arhiive \u00fcle anda - BaltHerNet","robots":{"index":"index","follow":"follow","max-snippet":"max-snippet:-1","max-image-preview":"max-image-preview:large","max-video-preview":"max-video-preview:-1"},"canonical":"https:\/\/www.balther.net\/et\/kasulikud-viited\/juhiseid-koguhoidjale\/kuidas-arhiive-ule-anda\/","og_locale":"et_EE","og_type":"article","og_title":"Kuidas arhiive \u00fcle anda - BaltHerNet","og_description":"Kuidas arhiive \u00fcle anda? Kui omanikul ei ole soovi ega v\u00f5imalusi arhiivi s\u00e4ilitamiseks, saab arhiivi edaspidiseks hoidmiseks anda arhiiviasutusse. Selleks on oluline tutvuda m\u00e4luasutustega ning otstarbekas on valida asutus, kes s\u00e4ilitab juba oma kogudes sarnase profiiliga dokumente ning esemeid. Samuti tuleb veenduda, et asutusel on v\u00f5imalik tagada teie kogule n\u00f5utavad s\u00e4ilitustingimused. Kogu kasutusse andmisel saate ise m\u00e4\u00e4rata ettekirjutuse juurdep\u00e4\u00e4supiirangute ja autori\u00f5iguste kaitse kohta. K\u00f5ik \u00fcleandmise tingimused peavad kajastuma lepingus. Eestis v\u00f5tavad arhiive, tr\u00fckiseid ja esemelisi kollektsioone riiklikule s\u00e4ilitamisele muuseumid, avalikud arhiivid ja raamatukogud.","og_url":"https:\/\/www.balther.net\/et\/kasulikud-viited\/juhiseid-koguhoidjale\/kuidas-arhiive-ule-anda\/","og_site_name":"BaltHerNet","article_modified_time":"2016-01-17T14:04:40+00:00","twitter_card":"summary_large_image","schema":{"@context":"https:\/\/schema.org","@graph":[{"@type":"WebPage","@id":"https:\/\/www.balther.net\/et\/kasulikud-viited\/juhiseid-koguhoidjale\/kuidas-arhiive-ule-anda\/","url":"https:\/\/www.balther.net\/et\/kasulikud-viited\/juhiseid-koguhoidjale\/kuidas-arhiive-ule-anda\/","name":"Kuidas arhiive \u00fcle anda - BaltHerNet","isPartOf":{"@id":"https:\/\/www.balther.net\/#website"},"datePublished":"2016-01-03T14:22:26+00:00","dateModified":"2016-01-17T14:04:40+00:00","breadcrumb":{"@id":"https:\/\/www.balther.net\/et\/kasulikud-viited\/juhiseid-koguhoidjale\/kuidas-arhiive-ule-anda\/#breadcrumb"},"inLanguage":"et","potentialAction":[{"@type":"ReadAction","target":["https:\/\/www.balther.net\/et\/kasulikud-viited\/juhiseid-koguhoidjale\/kuidas-arhiive-ule-anda\/"]}]},{"@type":"BreadcrumbList","@id":"https:\/\/www.balther.net\/et\/kasulikud-viited\/juhiseid-koguhoidjale\/kuidas-arhiive-ule-anda\/#breadcrumb","itemListElement":[{"@type":"ListItem","position":1,"name":"Home","item":"https:\/\/www.balther.net\/et\/"},{"@type":"ListItem","position":2,"name":"Kasulikud viited","item":"https:\/\/www.balther.net\/et\/kasulikud-viited\/"},{"@type":"ListItem","position":3,"name":"Juhiseid koguhoidjale","item":"https:\/\/www.balther.net\/et\/kasulikud-viited\/juhiseid-koguhoidjale\/"},{"@type":"ListItem","position":4,"name":"Kuidas arhiive \u00fcle anda"}]},{"@type":"WebSite","@id":"https:\/\/www.balther.net\/#website","url":"https:\/\/www.balther.net\/","name":"BaltHerNet","description":"","potentialAction":[{"@type":"SearchAction","target":{"@type":"EntryPoint","urlTemplate":"https:\/\/www.balther.net\/?s={search_term_string}"},"query-input":{"@type":"PropertyValueSpecification","valueRequired":true,"valueName":"search_term_string"}}],"inLanguage":"et"}]}},"_links":{"self":[{"href":"https:\/\/www.balther.net\/et\/wp-json\/wp\/v2\/pages\/1731","targetHints":{"allow":["GET"]}}],"collection":[{"href":"https:\/\/www.balther.net\/et\/wp-json\/wp\/v2\/pages"}],"about":[{"href":"https:\/\/www.balther.net\/et\/wp-json\/wp\/v2\/types\/page"}],"author":[{"embeddable":true,"href":"https:\/\/www.balther.net\/et\/wp-json\/wp\/v2\/users\/5"}],"replies":[{"embeddable":true,"href":"https:\/\/www.balther.net\/et\/wp-json\/wp\/v2\/comments?post=1731"}],"version-history":[{"count":5,"href":"https:\/\/www.balther.net\/et\/wp-json\/wp\/v2\/pages\/1731\/revisions"}],"predecessor-version":[{"id":2740,"href":"https:\/\/www.balther.net\/et\/wp-json\/wp\/v2\/pages\/1731\/revisions\/2740"}],"up":[{"embeddable":true,"href":"https:\/\/www.balther.net\/et\/wp-json\/wp\/v2\/pages\/1009"}],"wp:attachment":[{"href":"https:\/\/www.balther.net\/et\/wp-json\/wp\/v2\/media?parent=1731"}],"curies":[{"name":"wp","href":"https:\/\/api.w.org\/{rel}","templated":true}]}}