{"id":1729,"date":"2016-01-03T14:21:50","date_gmt":"2016-01-03T14:21:50","guid":{"rendered":"http:\/\/uus.balther.net\/?page_id=1729&#038;lang=et"},"modified":"2016-01-17T13:59:47","modified_gmt":"2016-01-17T13:59:47","slug":"kuidas-sailitada-arhiive","status":"publish","type":"page","link":"https:\/\/www.balther.net\/et\/kasulikud-viited\/juhiseid-koguhoidjale\/kuidas-sailitada-arhiive\/","title":{"rendered":"Kuidas s\u00e4ilitada arhiive"},"content":{"rendered":"<h5 style=\"text-align: justify;\">Kuidas s\u00e4ilitada arhiive?<\/h5>\n<p style=\"text-align: justify;\">Arhiivide s\u00e4ilimise tagamisel on oluline roll <strong>ennetaval t\u00f6\u00f6l<\/strong> \u2013 kuidas hoida dokumentide kahjustumise ja h\u00e4vimise risk v\u00f5imalikult madal.<\/p>\n<p style=\"text-align: justify;\"><strong>J\u00e4rgnevalt valik Rahvusarhiivi poolt koostatud juhiseid:<\/strong><\/p>\n<p style=\"text-align: justify;\"><strong><a href=\"http:\/\/www.arhiiv.ee\/public\/Juhised\/fyys_korrast_veb1.pdf\" target=\"_blank\">Arhivaalide hoid, s\u00e4ilitamine ja f\u00fc\u00fcsiline korrastamine<\/a> <\/strong>(2010)<br \/>\nTeemad:<br \/>\n&#8211; arhiivip\u00fcsivad materjalid (n\u00e4iteid erinevatest teabekandjatest, s.h dokumendipaberi ja arhiivipaberi selgitused);<br \/>\n&#8211; arhiiviv\u00e4\u00e4rtusega arhivaalide f\u00fc\u00fcsiline korrastamine &#8211; puhastamine, parandamine, kahjustuste t\u00f6\u00f6tlemine, \u00fcmbristamine ja t\u00e4histamine;<br \/>\n&#8211; l\u00fchi- ja pikaajalise s\u00e4ilitust\u00e4htajaga arhivaalide f\u00fc\u00fcsiline korrastamine;<br \/>\n&#8211; arhivaalide s\u00e4ilitamine asutuse hoidlas &#8211; ruumi sistamine, arhivaalide paigutamine, keskkonnatingimused ja arhivaalide kaitse.<br \/>\nNB! Sisaldab rohkesti \u00f5petlikke jooniseid, skeeme ja fotosid.<\/p>\n<p style=\"text-align: justify;\"><a href=\"http:\/\/www.ra.ee\/public\/Juhised\/ohuplaan.pdf\" target=\"_blank\"><strong>Ohuplaani koostamine<\/strong><\/a>\u00a0(<em>Dokumentide kahjustumist ja h\u00e4vimist ennetavate meetmete kasutuselev\u00f5tmiseks ning plaanide koostamiseks<\/em>).<br \/>\nTeemad:<br \/>\n&#8211; ohuplaneeringu p\u00f5him\u00f5tete ja sisu kirjeldamine (vastava meeskonna moodustamine ja koolitamine, riskide hindamine, koost\u00f6\u00f6 p\u00e4\u00e4steteenistusega, ennetusmeetmed, tegutsemisjuhised, teavitamise kord, tagaj\u00e4rgede likvideerimine, h\u00e4daabivajaduste m\u00e4\u00e4ramine, eelarve, ohuplaani koostamine)<br \/>\n&#8211; m\u00f5isted ja lisadena n\u00e4idisdokumendid (riskianal\u00fc\u00fcs, ohuplaani n\u00e4idisstruktuur, pommi\u00e4hvarduse tunnuste blankett)<br \/>\n&#8211; hulgaliselt kasulikke veebiviiteid<\/p>\n<p><strong>Pikaajaliselt v\u00f5i alatiselt s\u00e4ilitatavate dokumentide<\/strong> puhul on oluline j\u00e4lgida, et dokumentide loomisel v\u00f5i arhiivi korrastamisel kasutatav materjal ja vahendid oleksid oma koostiselt ja kvaliteedilt selleks sobivad. Soovitame tutvuda Rahvusarhiivi poolt koostatud <a href=\"http:\/\/www.ra.ee\/public\/Sailitamine\/apm2010.pdf\" target=\"_blank\"><strong>arhiivip\u00fcsivate materjalide soovitusliku loeteluga<\/strong><\/a>.<\/p>\n<p style=\"text-align: justify;\">Arhiivi j\u00f5udnud v\u00e4\u00e4rtuslikud dokumendid leiavad sageli <strong>eksponeerimist.<\/strong> \u00d5ige ja teadlik dokumentide k\u00e4sitsemine v\u00e4ljapanekute koostamisel aitab \u00fchtlasi tagada nende parema s\u00e4ilimise. <a href=\"http:\/\/www.ra.ee\/public\/Juhised\/eksponeerimine.pdf\" target=\"_blank\"><strong>Arhiivimaterjalide eksponeerimise juhis<\/strong><\/a>\u00a0kajastab objektide transporti ja hoidu, samuti n\u00e4ituste \u00fclespanemise ja mahav\u00f5tmisega kaasnevaid probleeme.<\/p>\n","protected":false},"excerpt":{"rendered":"<p>Kuidas s\u00e4ilitada arhiive? Arhiivide s\u00e4ilimise tagamisel on oluline roll ennetaval t\u00f6\u00f6l \u2013 kuidas hoida dokumentide kahjustumise ja h\u00e4vimise risk v\u00f5imalikult madal. J\u00e4rgnevalt valik Rahvusarhiivi poolt koostatud juhiseid: Arhivaalide hoid, s\u00e4ilitamine ja f\u00fc\u00fcsiline korrastamine (2010) Teemad: &#8211; arhiivip\u00fcsivad materjalid (n\u00e4iteid erinevatest teabekandjatest, s.h dokumendipaberi ja arhiivipaberi selgitused); &#8211; arhiiviv\u00e4\u00e4rtusega arhivaalide f\u00fc\u00fcsiline korrastamine &#8211; puhastamine, parandamine, kahjustuste t\u00f6\u00f6tlemine, \u00fcmbristamine ja t\u00e4histamine; &#8211; l\u00fchi- ja pikaajalise s\u00e4ilitust\u00e4htajaga arhivaalide f\u00fc\u00fcsiline korrastamine; &#8211; arhivaalide s\u00e4ilitamine asutuse hoidlas &#8211; ruumi sistamine, arhivaalide paigutamine, keskkonnatingimused ja arhivaalide kaitse. NB! Sisaldab rohkesti \u00f5petlikke jooniseid, skeeme ja fotosid. Ohuplaani koostamine\u00a0(Dokumentide kahjustumist ja h\u00e4vimist ennetavate meetmete kasutuselev\u00f5tmiseks ning plaanide koostamiseks). Teemad: &#8211; ohuplaneeringu p\u00f5him\u00f5tete ja sisu kirjeldamine (vastava meeskonna moodustamine ja koolitamine, riskide hindamine, koost\u00f6\u00f6 p\u00e4\u00e4steteenistusega, ennetusmeetmed, tegutsemisjuhised, teavitamise kord, tagaj\u00e4rgede likvideerimine, h\u00e4daabivajaduste m\u00e4\u00e4ramine, eelarve, ohuplaani koostamine) &#8211; m\u00f5isted ja lisadena n\u00e4idisdokumendid (riskianal\u00fc\u00fcs, ohuplaani n\u00e4idisstruktuur, pommi\u00e4hvarduse tunnuste blankett) &#8211; hulgaliselt kasulikke veebiviiteid Pikaajaliselt v\u00f5i alatiselt s\u00e4ilitatavate dokumentide puhul on oluline j\u00e4lgida, et dokumentide loomisel v\u00f5i arhiivi korrastamisel kasutatav materjal ja vahendid oleksid oma koostiselt ja kvaliteedilt selleks sobivad. Soovitame tutvuda Rahvusarhiivi poolt koostatud arhiivip\u00fcsivate materjalide soovitusliku loeteluga. Arhiivi j\u00f5udnud v\u00e4\u00e4rtuslikud dokumendid leiavad sageli eksponeerimist. \u00d5ige ja teadlik dokumentide k\u00e4sitsemine v\u00e4ljapanekute koostamisel aitab \u00fchtlasi tagada nende parema s\u00e4ilimise. Arhiivimaterjalide eksponeerimise juhis\u00a0kajastab objektide transporti ja hoidu, samuti n\u00e4ituste \u00fclespanemise ja mahav\u00f5tmisega kaasnevaid probleeme.<\/p>\n","protected":false},"author":5,"featured_media":0,"parent":1009,"menu_order":2,"comment_status":"closed","ping_status":"closed","template":"","meta":{"_acf_changed":false,"_monsterinsights_skip_tracking":false,"_monsterinsights_sitenote_active":false,"_monsterinsights_sitenote_note":"","_monsterinsights_sitenote_category":0,"ngg_post_thumbnail":0,"footnotes":""},"class_list":["post-1729","page","type-page","status-publish","hentry"],"acf":[],"yoast_head":"<!-- This site is optimized with the Yoast SEO plugin v24.2 - https:\/\/yoast.com\/wordpress\/plugins\/seo\/ -->\n<title>Kuidas s\u00e4ilitada arhiive - BaltHerNet<\/title>\n<meta name=\"robots\" content=\"index, follow, max-snippet:-1, max-image-preview:large, max-video-preview:-1\" \/>\n<link rel=\"canonical\" href=\"https:\/\/www.balther.net\/et\/kasulikud-viited\/juhiseid-koguhoidjale\/kuidas-sailitada-arhiive\/\" \/>\n<meta property=\"og:locale\" content=\"et_EE\" \/>\n<meta property=\"og:type\" content=\"article\" \/>\n<meta property=\"og:title\" content=\"Kuidas s\u00e4ilitada arhiive - BaltHerNet\" \/>\n<meta property=\"og:description\" content=\"Kuidas s\u00e4ilitada arhiive? Arhiivide s\u00e4ilimise tagamisel on oluline roll ennetaval t\u00f6\u00f6l \u2013 kuidas hoida dokumentide kahjustumise ja h\u00e4vimise risk v\u00f5imalikult madal. J\u00e4rgnevalt valik Rahvusarhiivi poolt koostatud juhiseid: Arhivaalide hoid, s\u00e4ilitamine ja f\u00fc\u00fcsiline korrastamine (2010) Teemad: &#8211; arhiivip\u00fcsivad materjalid (n\u00e4iteid erinevatest teabekandjatest, s.h dokumendipaberi ja arhiivipaberi selgitused); &#8211; arhiiviv\u00e4\u00e4rtusega arhivaalide f\u00fc\u00fcsiline korrastamine &#8211; puhastamine, parandamine, kahjustuste t\u00f6\u00f6tlemine, \u00fcmbristamine ja t\u00e4histamine; &#8211; l\u00fchi- ja pikaajalise s\u00e4ilitust\u00e4htajaga arhivaalide f\u00fc\u00fcsiline korrastamine; &#8211; arhivaalide s\u00e4ilitamine asutuse hoidlas &#8211; ruumi sistamine, arhivaalide paigutamine, keskkonnatingimused ja arhivaalide kaitse. NB! Sisaldab rohkesti \u00f5petlikke jooniseid, skeeme ja fotosid. Ohuplaani koostamine\u00a0(Dokumentide kahjustumist ja h\u00e4vimist ennetavate meetmete kasutuselev\u00f5tmiseks ning plaanide koostamiseks). Teemad: &#8211; ohuplaneeringu p\u00f5him\u00f5tete ja sisu kirjeldamine (vastava meeskonna moodustamine ja koolitamine, riskide hindamine, koost\u00f6\u00f6 p\u00e4\u00e4steteenistusega, ennetusmeetmed, tegutsemisjuhised, teavitamise kord, tagaj\u00e4rgede likvideerimine, h\u00e4daabivajaduste m\u00e4\u00e4ramine, eelarve, ohuplaani koostamine) &#8211; m\u00f5isted ja lisadena n\u00e4idisdokumendid (riskianal\u00fc\u00fcs, ohuplaani n\u00e4idisstruktuur, pommi\u00e4hvarduse tunnuste blankett) &#8211; hulgaliselt kasulikke veebiviiteid Pikaajaliselt v\u00f5i alatiselt s\u00e4ilitatavate dokumentide puhul on oluline j\u00e4lgida, et dokumentide loomisel v\u00f5i arhiivi korrastamisel kasutatav materjal ja vahendid oleksid oma koostiselt ja kvaliteedilt selleks sobivad. Soovitame tutvuda Rahvusarhiivi poolt koostatud arhiivip\u00fcsivate materjalide soovitusliku loeteluga. Arhiivi j\u00f5udnud v\u00e4\u00e4rtuslikud dokumendid leiavad sageli eksponeerimist. \u00d5ige ja teadlik dokumentide k\u00e4sitsemine v\u00e4ljapanekute koostamisel aitab \u00fchtlasi tagada nende parema s\u00e4ilimise. Arhiivimaterjalide eksponeerimise juhis\u00a0kajastab objektide transporti ja hoidu, samuti n\u00e4ituste \u00fclespanemise ja mahav\u00f5tmisega kaasnevaid probleeme.\" \/>\n<meta property=\"og:url\" content=\"https:\/\/www.balther.net\/et\/kasulikud-viited\/juhiseid-koguhoidjale\/kuidas-sailitada-arhiive\/\" \/>\n<meta property=\"og:site_name\" content=\"BaltHerNet\" \/>\n<meta property=\"article:modified_time\" content=\"2016-01-17T13:59:47+00:00\" \/>\n<meta name=\"twitter:card\" content=\"summary_large_image\" \/>\n<meta name=\"twitter:label1\" content=\"Est. reading time\" \/>\n\t<meta name=\"twitter:data1\" content=\"1 minut\" \/>\n<script type=\"application\/ld+json\" class=\"yoast-schema-graph\">{\"@context\":\"https:\/\/schema.org\",\"@graph\":[{\"@type\":\"WebPage\",\"@id\":\"https:\/\/www.balther.net\/et\/kasulikud-viited\/juhiseid-koguhoidjale\/kuidas-sailitada-arhiive\/\",\"url\":\"https:\/\/www.balther.net\/et\/kasulikud-viited\/juhiseid-koguhoidjale\/kuidas-sailitada-arhiive\/\",\"name\":\"Kuidas s\u00e4ilitada arhiive - BaltHerNet\",\"isPartOf\":{\"@id\":\"https:\/\/www.balther.net\/#website\"},\"datePublished\":\"2016-01-03T14:21:50+00:00\",\"dateModified\":\"2016-01-17T13:59:47+00:00\",\"breadcrumb\":{\"@id\":\"https:\/\/www.balther.net\/et\/kasulikud-viited\/juhiseid-koguhoidjale\/kuidas-sailitada-arhiive\/#breadcrumb\"},\"inLanguage\":\"et\",\"potentialAction\":[{\"@type\":\"ReadAction\",\"target\":[\"https:\/\/www.balther.net\/et\/kasulikud-viited\/juhiseid-koguhoidjale\/kuidas-sailitada-arhiive\/\"]}]},{\"@type\":\"BreadcrumbList\",\"@id\":\"https:\/\/www.balther.net\/et\/kasulikud-viited\/juhiseid-koguhoidjale\/kuidas-sailitada-arhiive\/#breadcrumb\",\"itemListElement\":[{\"@type\":\"ListItem\",\"position\":1,\"name\":\"Home\",\"item\":\"https:\/\/www.balther.net\/et\/\"},{\"@type\":\"ListItem\",\"position\":2,\"name\":\"Kasulikud viited\",\"item\":\"https:\/\/www.balther.net\/et\/kasulikud-viited\/\"},{\"@type\":\"ListItem\",\"position\":3,\"name\":\"Juhiseid koguhoidjale\",\"item\":\"https:\/\/www.balther.net\/et\/kasulikud-viited\/juhiseid-koguhoidjale\/\"},{\"@type\":\"ListItem\",\"position\":4,\"name\":\"Kuidas s\u00e4ilitada arhiive\"}]},{\"@type\":\"WebSite\",\"@id\":\"https:\/\/www.balther.net\/#website\",\"url\":\"https:\/\/www.balther.net\/\",\"name\":\"BaltHerNet\",\"description\":\"\",\"potentialAction\":[{\"@type\":\"SearchAction\",\"target\":{\"@type\":\"EntryPoint\",\"urlTemplate\":\"https:\/\/www.balther.net\/?s={search_term_string}\"},\"query-input\":{\"@type\":\"PropertyValueSpecification\",\"valueRequired\":true,\"valueName\":\"search_term_string\"}}],\"inLanguage\":\"et\"}]}<\/script>\n<!-- \/ Yoast SEO plugin. -->","yoast_head_json":{"title":"Kuidas s\u00e4ilitada arhiive - BaltHerNet","robots":{"index":"index","follow":"follow","max-snippet":"max-snippet:-1","max-image-preview":"max-image-preview:large","max-video-preview":"max-video-preview:-1"},"canonical":"https:\/\/www.balther.net\/et\/kasulikud-viited\/juhiseid-koguhoidjale\/kuidas-sailitada-arhiive\/","og_locale":"et_EE","og_type":"article","og_title":"Kuidas s\u00e4ilitada arhiive - BaltHerNet","og_description":"Kuidas s\u00e4ilitada arhiive? Arhiivide s\u00e4ilimise tagamisel on oluline roll ennetaval t\u00f6\u00f6l \u2013 kuidas hoida dokumentide kahjustumise ja h\u00e4vimise risk v\u00f5imalikult madal. J\u00e4rgnevalt valik Rahvusarhiivi poolt koostatud juhiseid: Arhivaalide hoid, s\u00e4ilitamine ja f\u00fc\u00fcsiline korrastamine (2010) Teemad: &#8211; arhiivip\u00fcsivad materjalid (n\u00e4iteid erinevatest teabekandjatest, s.h dokumendipaberi ja arhiivipaberi selgitused); &#8211; arhiiviv\u00e4\u00e4rtusega arhivaalide f\u00fc\u00fcsiline korrastamine &#8211; puhastamine, parandamine, kahjustuste t\u00f6\u00f6tlemine, \u00fcmbristamine ja t\u00e4histamine; &#8211; l\u00fchi- ja pikaajalise s\u00e4ilitust\u00e4htajaga arhivaalide f\u00fc\u00fcsiline korrastamine; &#8211; arhivaalide s\u00e4ilitamine asutuse hoidlas &#8211; ruumi sistamine, arhivaalide paigutamine, keskkonnatingimused ja arhivaalide kaitse. NB! Sisaldab rohkesti \u00f5petlikke jooniseid, skeeme ja fotosid. Ohuplaani koostamine\u00a0(Dokumentide kahjustumist ja h\u00e4vimist ennetavate meetmete kasutuselev\u00f5tmiseks ning plaanide koostamiseks). Teemad: &#8211; ohuplaneeringu p\u00f5him\u00f5tete ja sisu kirjeldamine (vastava meeskonna moodustamine ja koolitamine, riskide hindamine, koost\u00f6\u00f6 p\u00e4\u00e4steteenistusega, ennetusmeetmed, tegutsemisjuhised, teavitamise kord, tagaj\u00e4rgede likvideerimine, h\u00e4daabivajaduste m\u00e4\u00e4ramine, eelarve, ohuplaani koostamine) &#8211; m\u00f5isted ja lisadena n\u00e4idisdokumendid (riskianal\u00fc\u00fcs, ohuplaani n\u00e4idisstruktuur, pommi\u00e4hvarduse tunnuste blankett) &#8211; hulgaliselt kasulikke veebiviiteid Pikaajaliselt v\u00f5i alatiselt s\u00e4ilitatavate dokumentide puhul on oluline j\u00e4lgida, et dokumentide loomisel v\u00f5i arhiivi korrastamisel kasutatav materjal ja vahendid oleksid oma koostiselt ja kvaliteedilt selleks sobivad. Soovitame tutvuda Rahvusarhiivi poolt koostatud arhiivip\u00fcsivate materjalide soovitusliku loeteluga. Arhiivi j\u00f5udnud v\u00e4\u00e4rtuslikud dokumendid leiavad sageli eksponeerimist. \u00d5ige ja teadlik dokumentide k\u00e4sitsemine v\u00e4ljapanekute koostamisel aitab \u00fchtlasi tagada nende parema s\u00e4ilimise. Arhiivimaterjalide eksponeerimise juhis\u00a0kajastab objektide transporti ja hoidu, samuti n\u00e4ituste \u00fclespanemise ja mahav\u00f5tmisega kaasnevaid probleeme.","og_url":"https:\/\/www.balther.net\/et\/kasulikud-viited\/juhiseid-koguhoidjale\/kuidas-sailitada-arhiive\/","og_site_name":"BaltHerNet","article_modified_time":"2016-01-17T13:59:47+00:00","twitter_card":"summary_large_image","twitter_misc":{"Est. reading time":"1 minut"},"schema":{"@context":"https:\/\/schema.org","@graph":[{"@type":"WebPage","@id":"https:\/\/www.balther.net\/et\/kasulikud-viited\/juhiseid-koguhoidjale\/kuidas-sailitada-arhiive\/","url":"https:\/\/www.balther.net\/et\/kasulikud-viited\/juhiseid-koguhoidjale\/kuidas-sailitada-arhiive\/","name":"Kuidas s\u00e4ilitada arhiive - BaltHerNet","isPartOf":{"@id":"https:\/\/www.balther.net\/#website"},"datePublished":"2016-01-03T14:21:50+00:00","dateModified":"2016-01-17T13:59:47+00:00","breadcrumb":{"@id":"https:\/\/www.balther.net\/et\/kasulikud-viited\/juhiseid-koguhoidjale\/kuidas-sailitada-arhiive\/#breadcrumb"},"inLanguage":"et","potentialAction":[{"@type":"ReadAction","target":["https:\/\/www.balther.net\/et\/kasulikud-viited\/juhiseid-koguhoidjale\/kuidas-sailitada-arhiive\/"]}]},{"@type":"BreadcrumbList","@id":"https:\/\/www.balther.net\/et\/kasulikud-viited\/juhiseid-koguhoidjale\/kuidas-sailitada-arhiive\/#breadcrumb","itemListElement":[{"@type":"ListItem","position":1,"name":"Home","item":"https:\/\/www.balther.net\/et\/"},{"@type":"ListItem","position":2,"name":"Kasulikud viited","item":"https:\/\/www.balther.net\/et\/kasulikud-viited\/"},{"@type":"ListItem","position":3,"name":"Juhiseid koguhoidjale","item":"https:\/\/www.balther.net\/et\/kasulikud-viited\/juhiseid-koguhoidjale\/"},{"@type":"ListItem","position":4,"name":"Kuidas s\u00e4ilitada arhiive"}]},{"@type":"WebSite","@id":"https:\/\/www.balther.net\/#website","url":"https:\/\/www.balther.net\/","name":"BaltHerNet","description":"","potentialAction":[{"@type":"SearchAction","target":{"@type":"EntryPoint","urlTemplate":"https:\/\/www.balther.net\/?s={search_term_string}"},"query-input":{"@type":"PropertyValueSpecification","valueRequired":true,"valueName":"search_term_string"}}],"inLanguage":"et"}]}},"_links":{"self":[{"href":"https:\/\/www.balther.net\/et\/wp-json\/wp\/v2\/pages\/1729","targetHints":{"allow":["GET"]}}],"collection":[{"href":"https:\/\/www.balther.net\/et\/wp-json\/wp\/v2\/pages"}],"about":[{"href":"https:\/\/www.balther.net\/et\/wp-json\/wp\/v2\/types\/page"}],"author":[{"embeddable":true,"href":"https:\/\/www.balther.net\/et\/wp-json\/wp\/v2\/users\/5"}],"replies":[{"embeddable":true,"href":"https:\/\/www.balther.net\/et\/wp-json\/wp\/v2\/comments?post=1729"}],"version-history":[{"count":5,"href":"https:\/\/www.balther.net\/et\/wp-json\/wp\/v2\/pages\/1729\/revisions"}],"predecessor-version":[{"id":2736,"href":"https:\/\/www.balther.net\/et\/wp-json\/wp\/v2\/pages\/1729\/revisions\/2736"}],"up":[{"embeddable":true,"href":"https:\/\/www.balther.net\/et\/wp-json\/wp\/v2\/pages\/1009"}],"wp:attachment":[{"href":"https:\/\/www.balther.net\/et\/wp-json\/wp\/v2\/media?parent=1729"}],"curies":[{"name":"wp","href":"https:\/\/api.w.org\/{rel}","templated":true}]}}